{"id":15252,"date":"2023-11-06T06:42:04","date_gmt":"2023-11-06T06:42:04","guid":{"rendered":"https:\/\/fipmed.co\/wie-bekommen-katzen-fip-was-verursacht-fip-bei-katzen\/"},"modified":"2023-12-11T06:41:26","modified_gmt":"2023-12-11T06:41:26","slug":"wie-bekommen-katzen-fip-was-verursacht-fip-bei-katzen","status":"publish","type":"page","link":"https:\/\/fipmed.co\/de\/wie-bekommen-katzen-fip-was-verursacht-fip-bei-katzen\/","title":{"rendered":"Wie-bekommen-Katzen-FIP-Was-verursacht-FIP-bei-Katzen"},"content":{"rendered":"<h2>Wie bekommen Katzen FIP?<\/h2>\n<p>Das Feline Coronavirus (FCoV) ist die Hauptursache f\u00fcr FIP bei Katzen, obwohl auch andere \u00dcbertragungswege m\u00f6glich sind.<\/p>\n<h3>Felines Coronavirus (FCoV)<\/h3>\n<p>Das Feline Coronavirus (FCoV) ist eine h\u00e4ufige Virusinfektion bei Katzen, die in der Regel keine Symptome verursacht oder nur mit leichtem Durchfall einhergeht. Die Krankheit ist hochgradig ansteckend und kann durch direkten oder indirekten Kontakt oder \u00fcber den f\u00e4kal-oralen Weg zwischen Katzen im selben Haushalt \u00fcbertragen werden.<\/p>\n<p>FCoV ist ein Virus mit einer H\u00fclle und einem einzelstr\u00e4ngigen RNA-Genom. Viele g\u00e4ngige Desinfektionsmittel k\u00f6nnen das Virus schnell inaktivieren, da es recht schwach ist. Katzen, die auf engem Raum oder mit mehreren Katzen zusammenleben, sind anf\u00e4lliger f\u00fcr eine Exposition und \u00dcbertragung.<\/p>\n<p>FCoV ist kein zoonotisches Virus, d. h. es infiziert den Menschen in der Regel nicht. Es gibt jedoch einige wenige Berichte \u00fcber Infektionen beim Menschen. FCoV wird am h\u00e4ufigsten durch Kontakt mit Speichel, Nasensekret, Kot und virusverseuchten Gegenst\u00e4nden kranker Katzen verbreitet.<\/p>\n<p><strong>FECV (Felines Enterisches Coronavirus):<\/strong><\/p>\n<p>Die weniger virulente Version des Virus hei\u00dft FECV. Sie bef\u00e4llt vor allem den Verdauungstrakt von Katzen. Viele infizierte Katzen sind asymptomatisch, d. h. sie weisen keine klinischen Anzeichen einer Erkrankung auf. FECV kann bei bestimmten Patienten m\u00e4\u00dfige gastrointestinale Symptome wie Durchfall hervorrufen, die aber normalerweise ohne Therapie verschwinden. Katzen, die mit FECV infiziert sind, k\u00f6nnen das Virus mit ihrem Kot ausscheiden und so m\u00f6glicherweise andere Katzen anstecken.<\/p>\n<p><strong>FIPV (Felines Infekti\u00f6ses Peritonitis-Virus):<\/strong><\/p>\n<p>FIPV ist der gef\u00e4hrlichste und gef\u00e4hrlichste Virusstamm, der die Feline Infekti\u00f6se Peritonitis (FIP) verursachen kann. FIPV kann aus einer FECV-Mutation bei demselben Tier entstehen. Der FIPV-\u00dcbergang ist kaum erforscht und kann durch eine Vielzahl von Umst\u00e4nden, einschlie\u00dflich der immunologischen Reaktion der Katze, beeinflusst werden. FIPV-infizierte Katzen k\u00f6nnen Fieber, Lethargie, Gewichtsverlust, Magen\u00fcberbl\u00e4hung (bei der feuchten Form) und Funktionsst\u00f6rungen der Organe aufweisen.<\/p>\n<h2>Wie wird FIP \u00fcbertragen?<\/h2>\n<p>FCoV kann durch direkten Kontakt zwischen Katzen, indirekte Kontamination von Gegenst\u00e4nden oder Umgebungen, Aufnahme von virushaltigen F\u00e4kalien und Tr\u00f6pfchen aus der Atemluft einer infizierten Katze verbreitet werden.<\/p>\n<h3>Direkter Kontakt:<\/h3>\n<p>Katzen k\u00f6nnen sich durch engen und direkten Kontakt mit einer infizierten Katze mit dem felinen Coronavirus (FCoV) infizieren und anschlie\u00dfend FIP entwickeln.<\/p>\n<p>Obwohl das Virus in einer Vielzahl von Umgebungen \u00fcberleben kann, wird es nicht \u00fcber die Luft \u00fcbertragen und erfordert direkten Kontakt, um von einer Katze auf eine andere \u00fcbertragen zu werden. Das bedeutet, dass Katzen mit einem infizierten Tier oder einer kontaminierten Oberfl\u00e4che in Kontakt kommen m\u00fcssen, damit sich das Virus ausbreiten kann.<\/p>\n<p>Putzen, gegenseitiges Beschnuppern, Bei\u00dfen, das Teilen von Futtern\u00e4pfen und andere enge Interaktionen sind f\u00fcr die FIP-\u00dcbertragung zwischen Katzen unerl\u00e4sslich, da gro\u00dfe Mengen des Virus im Speichel und anderen K\u00f6rperfl\u00fcssigkeiten vorhanden sein m\u00fcssen, damit eine Infektion erfolgen kann.<\/p>\n<p>Es ist auch wichtig zu wissen, dass dieser \u00dcbertragungsweg keine Garantie f\u00fcr eine Infektion ist; selbst bei direkter Exposition k\u00f6nnen einige Katzen aufgrund ihrer genetischen Ausstattung oder ihres Immunsystems, das eine Resistenz gegen die Krankheit bietet, keine Symptome entwickeln.<\/p>\n<h3>Indirekter Kontakt:<\/h3>\n<p>Das Virus kann auch indirekt durch kontaminierte Gegenst\u00e4nde und Umgebungen \u00fcbertragen werden. Das Virus kann unter den richtigen Bedingungen mehrere Wochen lang in der Umwelt \u00fcberleben.<\/p>\n<p>Das bedeutet, dass sich eine Katze auch dann anstecken kann, wenn sie nicht direkt mit einer infizierten Katze in Kontakt gekommen ist, sondern \u00fcber andere Quellen mit dem Virus in Ber\u00fchrung gekommen ist. Katzen k\u00f6nnen sich zum Beispiel durch Einstreu oder Futtern\u00e4pfe, die mit der Streu einer infizierten Katze verunreinigt sind, durch Kratzen und Bei\u00dfen anderer Katzen in ihr Fell oder durch Spielen in Bereichen, in denen eine andere Katze virushaltigen Kot abgesetzt oder ausgeschieden hat, mit FIP infizieren.<\/p>\n<p>Aus diesem Grund ist es \u00e4u\u00dferst wichtig, dass Toilettenbereiche wie die Katzentoilette regelm\u00e4\u00dfig mit warmem Wasser und Seife gereinigt werden (denken Sie daran, die Handschuhe zwischen den Benutzungen zu wechseln) und dass saugf\u00e4hige Oberfl\u00e4chen wie Einstreumaterialien und Futtern\u00e4pfe h\u00e4ufig gewechselt werden, wenn sie verschmutzt sind.<\/p>\n<p>Dar\u00fcber hinaus sollte eine n\u00e4hrstoffreiche Ern\u00e4hrung voller Antioxidantien angeboten werden, um das allgemeine Immunsystem der Katze zu unterst\u00fctzen und ihre Abwehrkr\u00e4fte gegen Infektionen wie FIP zu st\u00e4rken.<\/p>\n<h3>F\u00e4kal-oraler Weg:<\/h3>\n<p>Katzen k\u00f6nnen sich anstecken, indem sie das Virus aufnehmen, das im Kot einer infizierten Katze ausgeschieden wurde. Dies kann passieren, wenn eine Katze sich selbst pflegt, nachdem sie mit kontaminiertem Kot oder Einstreu in Ber\u00fchrung gekommen ist.<\/p>\n<p>Aus diesem Grund ist in Haushalten mit mehreren Katzen \u00e4u\u00dferste Vorsicht geboten, da gute Hygiene der Schl\u00fcssel zur Verringerung des FIP-Risikos ist. Alle Besitzer sollten in ihrem Katzenhaushalt regelm\u00e4\u00dfig f\u00fcr Hygiene sorgen: regelm\u00e4\u00dfige Reinigung der Futtern\u00e4pfe, Vermeidung der gemeinsamen Nutzung von Betten und Decken durch die Katzen im Haus sowie w\u00f6chentliche Desinfektion aller Oberfl\u00e4chen, zu denen die Katzen Zugang haben k\u00f6nnten, wie z. B. Tischplatten, Betten, die noch nicht wasserdicht sind, Bereiche, in die F\u00e4kalien abflie\u00dfen k\u00f6nnen usw.<\/p>\n<h3>Tr\u00f6pfchen aus der Atemluft:<\/h3>\n<p>FIP kann jedoch auch durch Tr\u00f6pfchen aus der Atemluft von einer Katze auf eine andere \u00fcbertragen werden, wenn eine infizierte Katze niest oder hustet. Die \u00dcbertragung der virulenteren Form der felinen enterischen Coronaviren (FCoV) \u00fcber die Atemwege ist zwar seltener als andere \u00dcbertragungswege, wie z. B. direkter oder indirekter Kontakt, aber es ist dennoch m\u00f6glich, dass eine gesunde Katze das Virus einatmet, wenn sie sich nahe genug an einem infizierten Tier befindet, das diese infekti\u00f6sen Partikel freisetzt.<\/p>\n<p>&nbsp;<\/p>\n<h2>FIP Risikofaktoren:<\/h2>\n<p>Katzen, die j\u00fcnger als zwei Jahre sind, \u00e4lter als zehn Jahre, reinrassig oder aus Zwingern, die in \u00fcberf\u00fcllten Umgebungen leben, und solche mit geschw\u00e4chtem Immunsystem haben ein h\u00f6heres Risiko, an FIP zu erkranken.<\/p>\n<h3>Alter: FIP tritt am h\u00e4ufigsten bei Katzen unter 2 Jahren und \u00fcber 10 Jahren auf. K\u00e4tzchen und \u00e4ltere Katzen scheinen einem h\u00f6heren Risiko ausgesetzt zu sein.<\/h3>\n<p>J\u00fcngere und \u00e4ltere Katzen haben oft ein unreifes oder geschw\u00e4chtes Immunsystem, das sie einem gr\u00f6\u00dferen Risiko aussetzt, an FIP zu erkranken. Diese Altersgruppen sind auch h\u00e4ufiger mit dem felinen Coronavirus konfrontiert, da sie m\u00f6glicherweise mit anderen Katzen im Haus leben, nach drau\u00dfen gehen, um Abenteuer zu erleben, oder in Tierheimen oder Zwingern mit anderen Katzen in Kontakt kommen.<\/p>\n<h3>Rasse: Bestimmte Rassen, z. B. reinrassige Katzen oder Katzen aus Zwingern, k\u00f6nnen ein h\u00f6heres Risiko f\u00fcr FIP haben.<\/h3>\n<p>Katzen aus Zwingern oder reinrassigen Linien k\u00f6nnen besonders anf\u00e4llig f\u00fcr die Entwicklung von FIP sein. Abessinier, Bengalen, Birmas, Himalayas, Ragdolls und Rexe haben im Vergleich zu anderen Katzen ein deutlich h\u00f6heres Risiko f\u00fcr die Krankheit.<\/p>\n<p>Andere Katzenrassen wie Burmesen, Exotische Kurzhaar, Manxen, Perser und Russisch Blau sind aufgrund ihrer Genetik und ihrer erh\u00f6hten Exposition in Zuchtprogrammen ebenfalls anf\u00e4lliger f\u00fcr FIP.<\/p>\n<p>Man geht davon aus, dass bestimmte genetische Faktoren bei Perserkatzen (und den mit ihnen verwandten Rassen) dazu f\u00fchren, dass sie das FIP-Virus nicht so gut kontrollieren k\u00f6nnen wie andere Katzenarten, so dass sie anf\u00e4lliger f\u00fcr Infektionen sind, wenn sie damit in Kontakt kommen.<\/p>\n<p>Es gibt Hinweise darauf, dass Perserkatzen &#8222;pr\u00e4disponierende Allele&#8220; f\u00fcr diese Krankheit tragen, die sie anf\u00e4llig machen, wenn sie dem Virus ausgesetzt sind, das die FIP verursacht, was bedeutet, dass die Besitzer dieser Rassen Ma\u00dfnahmen ergreifen m\u00fcssen, um einen besseren Schutz gegen die Ausbreitung der Krankheit unter den Mitgliedern von Haushalten mit mehreren Katzen zu gew\u00e4hrleisten.<\/p>\n<h3>\u00dcberf\u00fcllte Lebensbedingungen:<\/h3>\n<p>Katzen, die in \u00fcberf\u00fcllten oder stressigen Situationen leben, haben ein gr\u00f6\u00dferes Risiko, mit dem felinen Coronavirus in Kontakt zu kommen, was zu einer Infektion und der anschlie\u00dfenden Entwicklung von FIP f\u00fchren kann.<\/p>\n<p>Zu den Risikofaktoren, die mit dem Leben auf engstem Raum zusammenh\u00e4ngen, geh\u00f6ren die N\u00e4he zu anderen Katzen, die gemeinsame Nutzung von Ressourcen (wie Futtern\u00e4pfe, Katzenklos und Betten) und ein geschw\u00e4chtes Immunsystem aufgrund von Stress.<\/p>\n<p>Vor allem der Kontakt mit anderen Katzen ist ein wichtiger Faktor f\u00fcr die \u00dcbertragung, da infizierte Katzen das Virus mit ihrem Speichel oder Kot ausscheiden. Durch engen Kontakt zwischen Katzen kann sich das Virus leichter verbreiten.<\/p>\n<p>In Haushalten mit mehreren Katzen und in Tierheimen ist es wichtig, das Risiko einer \u00dcbertragung durch gute Hygienepraktiken zu verringern, z. B. durch Desinfektion von Oberfl\u00e4chen mit Haushaltsreiniger und regelm\u00e4\u00dfiges H\u00e4ndewaschen zwischen dem Streicheln verschiedener Katzen.<\/p>\n<h3>Die Genetik:<\/h3>\n<p>Einige Katzen k\u00f6nnen eine genetische Veranlagung haben, die sie anf\u00e4lliger f\u00fcr die Entwicklung von FIP macht. Dies kann mit ihrem Immunsystem oder ihrer F\u00e4higkeit zusammenh\u00e4ngen, das feline Coronavirus zu bek\u00e4mpfen.<\/p>\n<p>Die genetische Veranlagung einer Katze kann sie anf\u00e4lliger f\u00fcr Infektionen machen, indem sie entweder nicht in der Lage ist, eindringende Viruspartikel zu erkennen und abzuwehren, oder indem ihre Zellmembranen weniger resistent gegen das Virus sind.<\/p>\n<p>Au\u00dferdem k\u00f6nnen sie bestimmte Zellen bei Katzen anf\u00e4llig f\u00fcr eine Immunreaktion machen, die eine Entz\u00fcndung ausl\u00f6st und zu weiteren Gewebesch\u00e4den f\u00fchrt. Dar\u00fcber hinaus sind einige Katzen nicht in der Lage, die Replikation des gef\u00e4hrlichen felinen Coronavirus-Stammes, der mit FIP in Verbindung gebracht wird, zu kontrollieren, was ihre Anf\u00e4lligkeit f\u00fcr die Entwicklung dieser Krankheit erh\u00f6ht.<\/p>\n<h3>Stress:<\/h3>\n<p>Stress wirkt sich negativ auf das Immunsystem von Katzen aus und verringert ihre F\u00e4higkeit, Infektionen abzuwehren. Katzen k\u00f6nnen gestresst sein, wenn sich ihre Umgebung oder ihre Routine stark ver\u00e4ndert &#8211; z. B. bei einem Umzug oder wenn sie ein neues Haustier bekommen.<\/p>\n<p>Wenn eine Katze Stressfaktoren ausgesetzt ist, setzt ihr K\u00f6rper Hormone frei, die die Produktion und Funktion bestimmter Immunzellen unterdr\u00fccken. Dadurch sinkt die allgemeine Leistungsf\u00e4higkeit des Immunsystems der Katze, was sie nicht nur anf\u00e4lliger f\u00fcr FIP, sondern auch f\u00fcr andere Krankheiten macht, die z. B. durch Parasiten oder Bakterien verursacht werden.<\/p>\n<p>Es ist wichtig, dass sich Katzenbesitzer bewusst sind, wie Stress die Immunit\u00e4t ihrer Katze beeintr\u00e4chtigen kann, und dass sie Ma\u00dfnahmen ergreifen, um die Auswirkungen zu mildern, wenn dies m\u00f6glich ist. Wenn Sie z. B. ein neues Haustier oder Familienmitglied in Ihr Zuhause aufnehmen, sollten Sie dies schrittweise tun und Ihren vorhandenen Haustieren Zeit lassen, sich langsam anzupassen, ohne sie zu sehr unter Druck zu setzen.<\/p>\n<h3>Zustand des Immunsystems:<\/h3>\n<p>FeLV und FIV sind Virusinfektionen bei Katzen, die beide das Immunsystem der Katze angreifen. Infolgedessen haben Katzen mit einem geschw\u00e4chten Immunsystem aufgrund eines der beiden Viren oft Schwierigkeiten, andere Krankheiten zu bek\u00e4mpfen, einschlie\u00dflich FIP.<\/p>\n<p>Katzen mit Grundkrankheiten wie FeLV oder FIV sind m\u00f6glicherweise weniger in der Lage, sich wirksam gegen eine Infektion mit dem Coronavirus zu wehren, wenn sie diesem ausgesetzt sind, und erkranken daher eher an der Krankheit.<\/p>\n<p>Auch unterern\u00e4hrte Katzen sind anf\u00e4llig f\u00fcr die Entwicklung von FIP.<\/p>\n<h2>M\u00f6glichkeiten zur Vorbeugung von FIP<\/h2>\n<p>Katzenbesitzer k\u00f6nnen das Risiko, dass ihre Katzen an FIP erkranken, verringern, indem sie f\u00fcr regelm\u00e4\u00dfige Impfungen sorgen, ein gesundes Immunsystem f\u00f6rdern und angemessene Hygiene- und Sanit\u00e4rma\u00dfnahmen ergreifen.<\/p>\n<h3>Impfung<\/h3>\n<p>Die Impfung ist eine der wichtigsten Ma\u00dfnahmen, um das Risiko einer FIP-Erkrankung bei einer Katze zu verringern. Es gibt Impfstoffe, die vor dem felinen Coronavirus (FCoV) sch\u00fctzen, das bei Katzen FIP verursachen kann.<\/p>\n<p>Diese Impfstoffe k\u00f6nnen die Infektion zwar nicht vollst\u00e4ndig verhindern, aber sie k\u00f6nnen die Wahrscheinlichkeit verringern, dass eine exponierte Katze klinisch erkrankt und die mit der FIP verbundenen schweren Symptome zeigt.<\/p>\n<p>Es ist wichtig zu beachten, dass einige Katzen bereits Antik\u00f6rper von einer fr\u00fcheren Exposition haben k\u00f6nnen und eher resistent gegen die Impfung sein werden; Katzen, die zum Zeitpunkt der Impfung seronegativ f\u00fcr FCoV sind, scheinen jedoch viel weniger wahrscheinlich zu sein, dass sie signifikante Symptome haben oder zeigen, wenn sie sp\u00e4ter infiziert werden.<\/p>\n<h3>F\u00f6rderung eines gesunden Immunsystems<\/h3>\n<p>Die Gesunderhaltung des Immunsystems einer Katze kann helfen, FIP zu verhindern. Die richtige Ern\u00e4hrung ist f\u00fcr eine gute Gesundheit und ein starkes Immunsystem unerl\u00e4sslich. Katzen sollten mit hochwertigem, artgerechtem Futter gef\u00fcttert werden, das frei von F\u00fcllstoffen und Nebenerzeugnissen ist.<\/p>\n<p>Eine Begrenzung des Trockenfutteranteils kann auch dazu beitragen, durch Kohlenhydrate verursachte Entz\u00fcndungen und andere Krankheiten wie Fettleibigkeit, Diabetes und Harnwegsinfektionen (UTI) zu reduzieren.<\/p>\n<p>Regelm\u00e4\u00dfige Untersuchungen bei Ihrem Tierarzt k\u00f6nnen sicherstellen, dass Ihr Haustier gesund bleibt und gesundheitliche Probleme fr\u00fchzeitig erkannt werden. Regelm\u00e4\u00dfige Impfungen gegen weit verbreitete Katzenkrankheiten wie Staupe und Tollwut minimieren auch das mit diesen Krankheiten verbundene Infektionsrisiko.<\/p>\n<p>Wenn Katzen in einer Umgebung leben, die zu Stress oder \u00dcberbelegung neigt &#8211; z. B. in Haushalten mit mehreren Katzen oder in Tierheimen und Rettungseinrichtungen &#8211; kann es von Vorteil sein, Spielzeug und Kratzb\u00e4ume zur Verf\u00fcgung zu stellen, damit die Tiere sich gegenseitig bereichern k\u00f6nnen, und gen\u00fcgend Platz zwischen ihnen zu haben.<\/p>\n<h3>Hygiene- und Sanit\u00e4rma\u00dfnahmen<\/h3>\n<p>Es ist wichtig, dass Katzenbesitzer besonders auf Hygiene- und Sanit\u00e4rma\u00dfnahmen im Umfeld ihrer Katzen achten, um das FIP-Risiko zu verringern. Die regelm\u00e4\u00dfige Reinigung von Katzentoiletten, Futter- und Wassern\u00e4pfen, Einstreu, Oberfl\u00e4chen, Spielzeug und Transportmitteln tr\u00e4gt dazu bei, den Kontakt mit dem Virus zu minimieren.<\/p>\n<p>Auch gr\u00fcndliches H\u00e4ndewaschen nach dem Umgang mit potenziell kontaminierten Gegenst\u00e4nden verringert das Risiko einer \u00dcbertragung. In Haushalten mit mehreren Haustieren oder in Tierheimen kann es von Vorteil sein, getrennte Bereiche zu haben, die nur von einzelnen Katzen genutzt werden, um eine Kreuzkontamination zu vermeiden.<\/p>\n<p>Wenn Sie sich um eine kranke Katze k\u00fcmmern, sollten Sie bei allen Interaktionen bis zum Abschluss der Behandlung Einmalhandschuhe tragen. Die Sauberhaltung dieser Bereiche von Kot und anderen Verunreinigungen sowie die Bereitstellung von frischem Futter k\u00f6nnen die Ausbreitung von Infektionen von einem Haustier auf ein anderes weiter verringern.<\/p>\n<h2>Schlussfolgerung<\/h2>\n<p>Die Feline Infekti\u00f6se Peritonitis (FIP) ist eine schwere Viruserkrankung bei Katzen, f\u00fcr die es keine Heilung gibt. FIP wird in der Regel durch einen mutierten Stamm des felinen Coronavirus verursacht, verl\u00e4uft h\u00e4ufig t\u00f6dlich und kann Katzen jeden Alters und jeder Rasse betreffen.<\/p>\n<p>Um das Risiko zu verringern, dass Ihre Katze an diesem schw\u00e4chenden Virus erkrankt, wird empfohlen, sie zu impfen und Ma\u00dfnahmen zu ergreifen, die ein gesundes Immunsystem f\u00f6rdern, sowie f\u00fcr angemessene Hygiene und Sauberkeit zu sorgen.<\/p>\n<p>Letztendlich ist es wichtig, sich bewusst zu machen, dass wir die FIP zwar nie ganz ausrotten k\u00f6nnen, dass aber die Einhaltung vern\u00fcnftiger Pr\u00e4ventionsma\u00dfnahmen dazu beitragen kann, Ihre Katze vor einer Infektion zu sch\u00fctzen &#8211; und ihr damit nicht nur Leid zu ersparen, sondern m\u00f6glicherweise auch ihr Leben zu retten.<\/p>\n","protected":false},"excerpt":{"rendered":"<p>Wie bekommen Katzen FIP? Das Feline Coronavirus (FCoV) ist die Hauptursache f\u00fcr FIP bei Katzen, obwohl auch andere \u00dcbertragungswege m\u00f6glich sind. Felines Coronavirus (FCoV) Das Feline Coronavirus (FCoV) ist eine h\u00e4ufige Virusinfektion bei Katzen, die in der Regel keine Symptome verursacht oder nur mit leichtem Durchfall einhergeht. Die Krankheit ist hochgradig ansteckend und kann durch [&hellip;]<\/p>\n","protected":false},"author":1,"featured_media":14057,"parent":0,"menu_order":0,"comment_status":"closed","ping_status":"closed","template":"","meta":{"_glsr_average":0,"_glsr_ranking":0,"_glsr_reviews":0,"footnotes":""},"categories":[649],"tags":[],"_links":{"self":[{"href":"https:\/\/fipmed.co\/de\/wp-json\/wp\/v2\/pages\/15252"}],"collection":[{"href":"https:\/\/fipmed.co\/de\/wp-json\/wp\/v2\/pages"}],"about":[{"href":"https:\/\/fipmed.co\/de\/wp-json\/wp\/v2\/types\/page"}],"author":[{"embeddable":true,"href":"https:\/\/fipmed.co\/de\/wp-json\/wp\/v2\/users\/1"}],"replies":[{"embeddable":true,"href":"https:\/\/fipmed.co\/de\/wp-json\/wp\/v2\/comments?post=15252"}],"version-history":[{"count":0,"href":"https:\/\/fipmed.co\/de\/wp-json\/wp\/v2\/pages\/15252\/revisions"}],"wp:featuredmedia":[{"embeddable":true,"href":"https:\/\/fipmed.co\/de\/wp-json\/wp\/v2\/media\/14057"}],"wp:attachment":[{"href":"https:\/\/fipmed.co\/de\/wp-json\/wp\/v2\/media?parent=15252"}],"wp:term":[{"taxonomy":"category","embeddable":true,"href":"https:\/\/fipmed.co\/de\/wp-json\/wp\/v2\/categories?post=15252"},{"taxonomy":"post_tag","embeddable":true,"href":"https:\/\/fipmed.co\/de\/wp-json\/wp\/v2\/tags?post=15252"}],"curies":[{"name":"wp","href":"https:\/\/api.w.org\/{rel}","templated":true}]}}