{"id":15254,"date":"2023-11-06T06:56:11","date_gmt":"2023-11-06T06:56:11","guid":{"rendered":"https:\/\/fipmed.co\/ist-fip-ansteckend-wie-ist-fip-uebertragen\/"},"modified":"2024-04-24T09:15:24","modified_gmt":"2024-04-24T09:15:24","slug":"ist-fip-ansteckend-wie-ist-fip-uebertragen","status":"publish","type":"page","link":"https:\/\/fipmed.co\/de\/ist-fip-ansteckend-wie-ist-fip-uebertragen\/","title":{"rendered":"Ist FIP ansteckend: Wie wird die FIP \u00fcbertragen?"},"content":{"rendered":"<p>Ist FIP ansteckend? Auch wenn FIP nicht so ansteckend ist wie andere Katzenkrankheiten, handelt es sich dennoch um ein ansteckendes Virus, und jeder Katzenbesitzer sollte sich der m\u00f6glichen Risiken bewusst sein.<\/p>\n<h3>Die Feline Infekti\u00f6se Peritonitis (FIP) gilt im Allgemeinen als weniger ansteckend als einige andere h\u00e4ufige Infektionskrankheiten bei Katzen<\/h3>\n<p>Im Vergleich zu anderen Infektionskrankheiten, f\u00fcr die Katzen anf\u00e4llig sein k\u00f6nnen, ist die Wahrscheinlichkeit einer \u00dcbertragung bei FIP geringer. Feline infekti\u00f6se Peritonitis (FIP) wird durch eine Infektion mit dem felinen Coronavirus (FCoV) verursacht.<\/p>\n<p>Dieses Virus ist zwar ansteckend und kann von Katze zu Katze \u00fcbertragen werden, doch gilt es im Allgemeinen als weniger ansteckend als die Viren, die mit Infektionen der oberen Atemwege oder der besonders t\u00f6dlichen Panleukopenie in Verbindung stehen.<\/p>\n<p>Faktoren wie Alter, Rasse, genetische Veranlagung, Stressbelastung und eine Reihe anderer Faktoren beeinflussen die Wahrscheinlichkeit, dass eine Katze nach einer Exposition an der Krankheit erkrankt.<\/p>\n<h2>Arten von FIP-Viren<\/h2>\n<p>Die Feline Infekti\u00f6se Peritonitis (FIP) wird durch zwei verschiedene Viren verursacht, das Feline Enterische Coronavirus (FECV) und das Feline Coronavirus Typ 2 (FCoV).<\/p>\n<h3>FECV<\/h3>\n<p>Das Feline Coronavirus (FCoV) ist ein hochinfekti\u00f6ses Virus, das mit der infekti\u00f6sen Peritonitis der Katzen (FIP) in Verbindung gebracht wird. Der Erreger kann \u00fcber den Kot infizierter Katzen ausgeschieden werden, und die \u00dcbertragung erfolgt meist durch direkten Kontakt mit diesen Sekreten oder Oberfl\u00e4chen, die sie enthalten.<\/p>\n<p>Das macht sie reif f\u00fcr die Verbreitung durch Fomiten\u00fcbertragung, d. h. die \u00dcbertragung von Mikroben zwischen Oberfl\u00e4chen und Fingern auf den Mund. Um die Anf\u00e4lligkeit Ihrer Katze f\u00fcr eine Infektion mit FCoV zu verringern, sollten Sie stets gute Hygienegewohnheiten an den Tag legen.<\/p>\n<p>Wann immer m\u00f6glich, sollten Sie auch versuchen, den Stresspegel zu minimieren &#8211; halten Sie mehrere Katzen gegebenenfalls in getrennten R\u00e4umen -, da Studien ergeben haben, dass Katzen, die unter einem h\u00f6heren Stresspegel stehen, aufgrund ihres geschw\u00e4chten Immunsystems eher an Krankheiten wie FIP erkranken.<\/p>\n<h3>FCoV<\/h3>\n<p>Das Feline Coronavirus, allgemein als FCoV bezeichnet, ist ein infekti\u00f6ser viraler Erreger, der zur Familie der Coronaviridae geh\u00f6rt. Obwohl FCoV eine relativ h\u00e4ufige Ursache f\u00fcr leichte und selbstlimitierende Magen-Darm-Erkrankungen bei Katzen ist, kann es von infizierten Katzen \u00fcber mehrere Monate oder sogar Jahre intermittierend ausgeschieden werden.<\/p>\n<p>Das Virus weist eine geringe Artenspezifit\u00e4t auf, was bedeutet, dass auch andere Tiere wie Hunde oder Wildtiere f\u00fcr eine Infektion mit diesem Virus empf\u00e4nglich sein k\u00f6nnen.<\/p>\n<p>FCoV wird am h\u00e4ufigsten durch direkten Kontakt zwischen zwei Katzen \u00fcbertragen, wobei der symptomlose Tr\u00e4ger die Krankheit unwissentlich an eine andere Katze weitergibt. Das Virus kann auch indirekt \u00fcber verunreinigte Gegenst\u00e4nde wie Futter- und Wassern\u00e4pfe oder Spielzeug \u00fcbertragen werden, die von mehreren unter einem Dach lebenden Katzen gemeinsam benutzt werden.<\/p>\n<p>Es ist sogar m\u00f6glich, dass Atemraumpartikel wie Hautschuppen und Atemfl\u00fcssigkeiten, die gro\u00dfe Mengen an Viruspartikeln enthalten, ansteckende Erreger verbreiten, wenn sie von umstehenden Katzen eingeatmet werden.<\/p>\n<p>&nbsp;<\/p>\n<h2>Hier ist ein allgemeiner Vergleich der Ansteckungsf\u00e4higkeit von FIP mit einigen anderen Infektionskrankheiten bei Katzen:<\/h2>\n<p>FIP gilt im Allgemeinen als weniger ansteckend als Panleukopenie, Infektionen der oberen Atemwege, FIV und FeLV.<\/p>\n<h3>Feline Panleukopenie (Feline Staupe)<\/h3>\n<p>Feline Panleukopenie, auch bekannt als Katzenstaupe, ist eine ansteckende Virusinfektion bei Katzen, die durch das feline Parvovirus verursacht wird. Sie bef\u00e4llt vor allem K\u00e4tzchen und ungeimpfte Katzen, kann aber alle Altersgruppen und Rassen von Katzen befallen.<\/p>\n<p>Das Virus ist in allen Ausscheidungen, insbesondere im Kot, vorhanden, so dass es durch direkten oder indirekten Kontakt sehr leicht von Katze zu Katze \u00fcbertragen werden kann.<\/p>\n<p>Die klinischen Anzeichen variieren je nach Virusstamm und Alter der betroffenen Katze; zu den Symptomen geh\u00f6ren jedoch: Fieber oder niedrige Temperatur, Lethargie\/Depression, Appetitlosigkeit und Erbrechen mit blutigem Durchfall sind h\u00e4ufige Anzeichen f\u00fcr FPlV-Infektionen.<\/p>\n<p>In einigen F\u00e4llen kann sie sogar t\u00f6dlich sein, wenn sie nicht sofort richtig diagnostiziert und behandelt wird. Diese Erkrankung sollte nicht mit der Felinen Infekti\u00f6sen Peritonitis (FIP) verwechselt werden, denn obwohl die Symptome \u00e4hnlich sind, handelt es sich um zwei verschiedene Viren, die Katzen unterschiedlich befallen.<\/p>\n<h3>Infektionen der oberen Atemwege<\/h3>\n<p>Infektionen der oberen Atemwege (URIs) sind die h\u00e4ufigste Infektionskrankheit bei Katzen. Wie bei anderen Krankheiten auch, k\u00f6nnen URIs durch eine Reihe von Viren und Bakterien verursacht werden, darunter Calicivirus, Herpesvirus, Adenovirus, Bordetella bronchiseptica und Chlamydophila felis.<\/p>\n<p>Zu den Symptomen geh\u00f6ren Niesen oder Husten, verstopfte Nase oder Nasenausfluss, ger\u00f6tete Augen oder Augenausfluss, Appetitlosigkeit, Fieber, Lethargie, Geschw\u00fcre im Mund- und Rachenraum und Austrocknung.<\/p>\n<p>Obwohl seltener als andere Infektionen der oberen Atemwege, wird manchmal auch das Katzenleuk\u00e4mievirus (FeLV) mit dieser Infektion in Verbindung gebracht, obwohl es selbst keine Symptome verursacht.<\/p>\n<p>Am h\u00e4ufigsten infizieren sich Katzen mit einer Infektion der oberen Atemwege durch direkten oder indirekten Kontakt mit einer anderen infizierten Katze &#8211; z. B. durch gegenseitiges Putzen beim Spielen oder durch das gemeinsame Benutzen von Futtern\u00e4pfen oder Bettzeug.<\/p>\n<h3>Felines Immundefizienz-Virus (FIV) und Felines Leuk\u00e4mie-Virus (FeLV)<\/h3>\n<p>Dabei handelt es sich um zwei Retroviren, die an der Immunreaktion beteiligte Zellen der Katze angreifen und sie anf\u00e4lliger f\u00fcr andere Infektionen machen. FIV wird am h\u00e4ufigsten durch tiefe Bisswunden verbreitet, w\u00e4hrend FeLV haupts\u00e4chlich von der Mutter auf das K\u00e4tzchen oder durch Speichel und Nasensekrete \u00fcbertragen wird.<\/p>\n<p>Beide Viren k\u00f6nnen zu einer Verringerung der Immunit\u00e4t f\u00fchren, was ein erh\u00f6htes Risiko f\u00fcr persistierende und wiederkehrende opportunistische Infektionen wie S kinneria turicensis, Bartonella henselae, Stomatitis-Virus (FHV) und Cal\u0438\u0441ilitis mit sich bringt.<\/p>\n<p>Beide sind daf\u00fcr bekannt, dass sie das Immunschw\u00e4chesyndrom (\u00e4hnlich wie HIV\/Aids beim Menschen) hervorrufen, das die nat\u00fcrliche Immunit\u00e4t von Katzen gegen Krankheiten wie Krebs und bakterielle Erkrankungen verringert.<\/p>\n<p>&nbsp;<\/p>\n<h2>Wie wird FIP \u00fcbertragen?<\/h2>\n<p>FIP wird in der Regel durch direkten Kontakt, indirekten Kontakt, f\u00e4kal-orale \u00dcbertragung und Tr\u00f6pfcheninfektion verbreitet. Erfahren Sie mehr, um besser zu verstehen, wie Ihre Katze betroffen sein kann, und treffen Sie Vorsichtsma\u00dfnahmen!<\/p>\n<h3>Direkter Kontakt<\/h3>\n<p>Direkter Kontakt ist der einfachste und h\u00e4ufigste Weg, wie sich Katzen mit FIP infizieren k\u00f6nnen. Durch direkten Kontakt, wie z. B. gegenseitiges Putzen, gemeinsame Benutzung des Futternapfes oder der Katzentoilette, kann eine infizierte Katze das Virus direkt auf eine andere \u00fcbertragen.<\/p>\n<p>Dar\u00fcber hinaus kann eine Ansteckung auch durch engere k\u00f6rperliche Kontakte erfolgen, z. B. durch Kuscheln mit Katzenbesitzern, die in letzter Zeit mit Katzen in Kontakt gekommen sind, die bekannterma\u00dfen FCoV-Tr\u00e4ger sind.<\/p>\n<p>Ein weiterer wichtiger Faktor sind genieste Tr\u00f6pfchen, die FCoV von einer Katze auf eine andere \u00fcbertragen. Obwohl diese Form der \u00dcbertragung im Vergleich zu anderen Infektionen weniger h\u00e4ufig vorkommt, ist sie nach wie vor eine der M\u00f6glichkeiten der Infektions\u00fcbertragung zwischen Tieren.<\/p>\n<p>Deshalb ist es wichtig, dass die Tierhalter ihren Lieblingen die richtige Hygiene beibringen und beim Kuscheln mit ihren K\u00e4tzchen immer gut aufpassen.<\/p>\n<h3>Indirekter Kontakt<\/h3>\n<p>Indirekter Kontakt kann eine wichtige Rolle bei der \u00dcbertragung der Felinen Infekti\u00f6sen Peritonitis (FIP) spielen. Dies bezieht sich auf den Kontakt mit kontaminierten Oberfl\u00e4chen oder Gegenst\u00e4nden, die von einer infizierten Katze ber\u00fchrt wurden, den so genannten Fomiten.<\/p>\n<p>Gegenst\u00e4nde wie Kleidung, Spielzeug und Pflegeutensilien k\u00f6nnen das Fell einer Katze kontaminieren und das Virus f\u00fcr eine kurze Zeit \u00fcbertragen, bevor es von diesen Oberfl\u00e4chen verschwindet. Da Katzen sich h\u00e4ufig selbst und andere Katzen striegeln, besteht die Gefahr einer Ansteckung auf diesem Weg, auch wenn kein direkter Kontakt zwischen den Katzen besteht.<\/p>\n<p>Das Virus kann nicht nur indirekt durch den Kontakt mit feuchtem Material, wie z. B. Wassern\u00e4pfen, \u00fcbertragen werden, auch trockene Materialien wie Einstreu k\u00f6nnen als \u00dcbertr\u00e4ger dienen, wenn Speichel oder kothaltige Partikel mit einer Oberfl\u00e4che in Ber\u00fchrung gekommen sind, die dann von einer anderen Katze ber\u00fchrt wird.<\/p>\n<p>Haushalte mit mehreren Katzen oder \u00fcberf\u00fcllte Umgebungen k\u00f6nnen besonders anf\u00e4llig f\u00fcr eine indirekte \u00dcbertragung des Virus sein, da es viele Oberfl\u00e4chen gibt, die h\u00e4ufig kontaminiert werden k\u00f6nnen.<\/p>\n<h3>F\u00e4kal-oraler Weg<\/h3>\n<p>Der f\u00e4kal-orale Weg ist einer der h\u00e4ufigsten Wege der FIP-\u00dcbertragung bei Katzen. Das Feline Coronavirus (FCoV) kann im Speichel infizierter Katzen gefunden werden, wird aber haupts\u00e4chlich durch Kontakt mit dem Kot einer infizierten Katze verbreitet.<\/p>\n<p>Zu dieser Art der \u00dcbertragung kommt es, wenn eine nicht infizierte Katze Material zu sich nimmt, das mit dem Viruskomplex aus einer Katzentoilette oder einer anderen Oberfl\u00e4che, wie z. B. Futtern\u00e4pfen und Einstreu, in Kontakt gekommen ist.<\/p>\n<p>Da es sich um eine \u00fcbertragbare Krankheit handelt, erh\u00f6ht sich das Risiko einer \u00dcbertragung aufgrund der hohen f\u00e4kalen Kontamination durch beengte Wohnverh\u00e4ltnisse. In Haushalten mit mehreren Katzen sollten die Besitzer ihre Katzen trennen und ihnen, wann immer m\u00f6glich, individuelle Pflege und Aufmerksamkeit zukommen lassen.<\/p>\n<p>Das bedeutet, dass jede Katze ihr eigenes Katzenklo bekommt, das nach der Benutzung leicht zu erreichen und zu reinigen ist.<\/p>\n<p>Es ist auch wichtig, nicht nur an die regelm\u00e4\u00dfige Reinigung, sondern auch an die w\u00f6chentliche Desinfektion der von allen Katzen in Mehrkatzenhaushalten benutzten Oberfl\u00e4chen zu denken, um das Risiko einer \u00dcbertragung weiter zu verringern.<\/p>\n<h3>Respiratorische Tr\u00f6pfchen<\/h3>\n<p>FIP wird nur selten durch genieste oder gehustete Tr\u00f6pfchen aus der Atemluft \u00fcbertragen. Das Virus kann \u00fcber die Luft \u00fcbertragen werden und die Umgebung der Katze kontaminieren, aber f\u00fcr eine \u00dcbertragung von einem Tier auf ein anderes ist ein enger Kontakt erforderlich.<\/p>\n<p>Katzen, die auf engem Raum leben, z. B. in Tierheimen oder Kolonien, haben ein h\u00f6heres Risiko, sich auf diese Weise mit FIP anzustecken, da sich die Tiere sehr nahe kommen.<\/p>\n<p>Wenn Menschen mit ansteckenden Katzen zu tun haben, m\u00fcssen sie gute pers\u00f6nliche Hygiene praktizieren, insbesondere wenn sie in der N\u00e4he anderer Katzen niesen und husten, die ein geringeres Immunit\u00e4tsniveau haben und anf\u00e4lliger f\u00fcr FIP sein k\u00f6nnen.<\/p>\n<p>Alternativ k\u00f6nnen auch wirksame Desinfektionstechniken und die regelm\u00e4\u00dfige Sterilisierung von Bereichen, die mit infiziertem Material in Ber\u00fchrung kommen, wie Bettzeug, Geschirr, Abf\u00e4lle usw., dazu beitragen, die Ausbreitung der Ansteckung zu verringern.<\/p>\n<h2>Faktoren, die beeinflussen, wie anf\u00e4llig Ihre Katze f\u00fcr FIP ist<\/h2>\n<p>Alter, Rasse, Lebensbedingungen, Genetik, Stress und der Zustand des Immunsystems k\u00f6nnen das FIP-Risiko bei Katzen beeinflussen.<\/p>\n<h3>Alter<\/h3>\n<p>Katzen unter zwei Jahren sind am h\u00e4ufigsten von FIP betroffen, etwa 80 % aller F\u00e4lle treten bei Katzen in dieser Altersgruppe auf. K\u00e4tzchen im Alter von 4-12 Monaten haben das h\u00f6chste Risiko, an FIP zu erkranken; fast die H\u00e4lfte aller diagnostizierten Katzen f\u00e4llt in diese Altersgruppe.<\/p>\n<p>Selbst j\u00fcngere K\u00e4tzchen k\u00f6nnen aufgrund ihres unterentwickelten Immunsystems und ihrer Anf\u00e4lligkeit f\u00fcr Umweltstressfaktoren noch anf\u00e4llig f\u00fcr eine Virus\u00fcbertragung sein.<\/p>\n<p>Dar\u00fcber hinaus k\u00f6nnen bestimmte Rassen wie Siam- oder Burma-Katzen aufgrund ihrer genetischen Veranlagung anf\u00e4lliger f\u00fcr FIP sein, auch wenn sie nicht ausschlie\u00dflich durch die Rasse selbst bestimmt wird. Bei Geparden ist die Wahrscheinlichkeit, an Feliner Infekti\u00f6ser Peritonitis zu erkranken, h\u00f6her als bei anderen Katzenrassen, da sie aufgrund einer Schw\u00e4che ihrer zellul\u00e4ren Immunit\u00e4t sehr anf\u00e4llig sind.<\/p>\n<h3>Rasse<\/h3>\n<p>Besitzer von Rassekatzen m\u00fcssen sich ihrer Anf\u00e4lligkeit f\u00fcr FIP besonders bewusst sein. Reinrassige Katzen sind aufgrund einer genetisch bedingten Schw\u00e4che ihrer zellul\u00e4ren Immunit\u00e4t h\u00e4ufiger von FIP betroffen als Katzen gemischter Rassen, und bestimmte Rassen wie Geparden, Perser, Bengalen und Scottish Fold sind besonders anf\u00e4llig.<\/p>\n<p>Dieses h\u00f6here Risiko kann zum Teil darauf zur\u00fcckgef\u00fchrt werden, dass diese speziellen Rassen durch Inzucht mit begrenzter genetischer Vielfalt oder durch beschleunigte Zuchtzyklen entwickelt wurden, was zu einer erh\u00f6hten Anf\u00e4lligkeit f\u00fcr schwere Krankheiten f\u00fchrt, da es zu einer vermehrten Genduplikation kommt, wenn homozygote Genpaare bei einzelnen Tieren gemeinsam auftreten.<\/p>\n<p>Aufgrund dieses erh\u00f6hten Risikos bei reinrassigen Katzen ist es wichtig, dass die Besitzer dieser Katzen &#8211; ebenso wie diejenigen, die sich um Katzen anderer Rassen k\u00fcmmern &#8211; die Anf\u00e4lligkeit ihres Tieres kennen, damit sie geeignete Vorsichtsma\u00dfnahmen ergreifen und ihre Gesundheit besser sch\u00fctzen k\u00f6nnen.<\/p>\n<p>Die Impfung Ihrer Katze gegen weit verbreitete Infektionskrankheiten wie Staupe oder Infektionen der oberen Atemwege verringert das Risiko einer Ansteckung; die Anpassung der Ern\u00e4hrung an den Grad der Belastbarkeit; k\u00f6rperliche Bet\u00e4tigung entsprechend den k\u00f6rperlichen Merkmalen; Begrenzung der Exposition durch Vermeidung von Menschenansammlungen usw.<\/p>\n<h3>\u00dcberf\u00fcllte Lebensbedingungen<\/h3>\n<p>Beengte Lebensbedingungen k\u00f6nnen enorme Auswirkungen auf Katzen und ihre Gesundheit haben. Die Beengtheit bedeutet f\u00fcr Katzen zus\u00e4tzlichen Stress, der sch\u00e4dlich sein kann, da er das Immunsystem mit der Zeit schw\u00e4cht und die Wahrscheinlichkeit erh\u00f6ht, dass sie sich eine Infektion einfangen oder \u00fcbertragen, einschlie\u00dflich der Felinen Infekti\u00f6sen Peritonitis (FIP).<\/p>\n<p>Stress ist besonders gef\u00e4hrlich f\u00fcr junge K\u00e4tzchen, die noch keine optimale Immunit\u00e4t aufgebaut haben. Zus\u00e4tzlich zu den psychologischen Folgen, die durch die \u00dcberbelegung entstehen, kann die physische N\u00e4he zwischen den Katzen eine direkte \u00dcbertragung \u00fcber Speichel durch Belecken oder Aushusten von kontaminierten Atemwegssekreten erleichtern.<\/p>\n<p>Dar\u00fcber hinaus erh\u00f6ht der indirekte Kontakt mit infekti\u00f6sem Material, z. B. dem Kot einer infizierten Katze auf Futtern\u00e4pfen oder Kratzb\u00e4umen, die anschlie\u00dfend von nicht infizierten Katzen benutzt werden, das Risiko einer weiteren Ausbreitung der FIP in einer \u00fcberf\u00fcllten Umgebung wie Tierheimen und Zwingern.<\/p>\n<p>Ausreichend Platz f\u00fcr Ihre Hauskatze(n) ist daher das A und O, wenn es darum geht, ihr allgemeines Wohlbefinden zu verbessern und ihre Widerstandsf\u00e4higkeit gegen h\u00e4ufige Krankheiten wie die FIP-Infektion zu erh\u00f6hen.<\/p>\n<h3>Genetik<\/h3>\n<p>Die Genetik spielt bei der Felinen Infekti\u00f6sen Peritonitis (FIP) eine Rolle und kann ein wichtiger Indikator f\u00fcr die Verbreitung der Krankheit sein. Studien haben gezeigt, dass m\u00e4nnliche Katzen h\u00e4ufiger betroffen sind als weibliche, was den m\u00f6glichen Einfluss des Geschlechts auf die Entwicklung der FIP und das Infektionsrisiko verdeutlicht.<\/p>\n<p>Birmakatzen zum Beispiel werden stark mit bestimmten genetischen Faktoren in Verbindung gebracht, die mit FIP in Zusammenhang stehen. Sowohl reinrassige als auch reinrassige Katzen k\u00f6nnen sich durch das Coronavirus oder durch die \u00dcbertragung von einer anderen erkrankten Katze mit dem Virus anstecken, aber diejenigen, die Gene besitzen, die manchmal bei bestimmten Rassen auftreten, k\u00f6nnen ihr h\u00f6heres Risiko an ihre Nachkommen weitergeben.<\/p>\n<p>Wenn bei der Zucht ein Elternteil mit einem entsprechenden Virustyp wie dem felinen enterischen Coronavirus (FeCV) infiziert ist, k\u00f6nnen die Jungtiere m\u00f6glicherweise einen Strang erhalten, der sp\u00e4ter auch ohne Kontakt zu anderen infizierten Tieren eine FIP ausl\u00f6sen kann.<\/p>\n<p>Da diese \u00dcbertragung bereits bei der Empf\u00e4ngnis stattfindet, gibt es leider kaum eine Chance, die durch ein vererbtes Gen verursachten Sch\u00e4den zu verhindern, so dass die Besitzer alternative M\u00f6glichkeiten in Betracht ziehen m\u00fcssen, um ihr Haustier vor dieser Art von Krankheiten zu sch\u00fctzen.<\/p>\n<h3>Stress<\/h3>\n<p>Als Katzenbesitzer sollten Sie sich dar\u00fcber im Klaren sein, dass Stress zur Entwicklung einer infekti\u00f6sen Katzenperitonitis (FIP) beitragen kann. Wenn Katzen aufgrund von Umz\u00fcgen, k\u00fcrzlichen Operationen oder gleichzeitigen Infektionen gestresst sind, ist ihr Immunsystem geschw\u00e4cht, und sie werden anf\u00e4lliger f\u00fcr FIP.<\/p>\n<p>In einer \u00fcberf\u00fcllten Umgebung mit mehreren Katzen auf engem Raum kann der Stresspegel schnell ansteigen, was das Immunsystem weiter schw\u00e4cht und die Anf\u00e4lligkeit f\u00fcr eine FIP-Infektion erh\u00f6ht.<\/p>\n<p>Als verantwortungsbewusste Katzeneltern k\u00f6nnen Sie Ma\u00dfnahmen ergreifen, um das Risiko einer FIP-Erkrankung Ihres Haustieres zu verringern: Sorgen Sie daf\u00fcr, dass friedliche Familienmitglieder ausreichend Abstand zueinander haben, damit sie nicht um Ressourcen konkurrieren; schaffen Sie einen verl\u00e4sslichen Tagesablauf &#8211; das hilft, Stress in Schach zu halten; bieten Sie viele bereichernde Aktivit\u00e4ten wie Kratzb\u00e4ume und Spielzeug an &#8211; das h\u00e4lt die Katzen nicht nur k\u00f6rperlich, sondern auch geistig aktiv; bieten Sie regelm\u00e4\u00dfig Belohnungen wie Leckerlis oder Knabberzeug an, um die Wertsch\u00e4tzung der einzelnen Tiere zu zeigen.<\/p>\n<p>Schlie\u00dflich sollten Sie darauf achten, dass Sie sich regelm\u00e4\u00dfig mit Ihrem Haustier besch\u00e4ftigen &#8211; Liebe und Aufmerksamkeit f\u00f6rdern die Bindung, wodurch das Gef\u00fchl des Verlassenseins verringert wird und sich weniger Sorgen in Stresssymptomen \u00e4u\u00dfern.<\/p>\n<h3>Status des Immunsystems<\/h3>\n<p>Die Immunit\u00e4t der Katze spielt eine wichtige Rolle bei der Entwicklung der FIP. Bei Katzen mit geschw\u00e4chtem Immunsystem ist die Wahrscheinlichkeit gr\u00f6\u00dfer, dass sie sich mit dem Virus anstecken, w\u00e4hrend Katzen mit einem starken, funktionierenden Immunsystem eine nat\u00fcrliche Resistenz aufweisen k\u00f6nnen.<\/p>\n<p>Das Alter ist ein Faktor, der sich auf die Immunit\u00e4t einer Katze und das Risiko, an FIP zu erkranken, auswirkt, da \u00e4ltere Katzen im Allgemeinen ein schw\u00e4cheres Immunsystem haben als j\u00fcngere Katzen, was ihre Anf\u00e4lligkeit erh\u00f6ht.<\/p>\n<p>Bestimmte Rassen sind auch in unterschiedlichem Ma\u00dfe gegen Krankheitserreger wie FIP immun. Reinrassige Katzen sind oft genetisch f\u00fcr bestimmte Krankheiten, einschlie\u00dflich FIP, pr\u00e4disponiert; einige Hauskatzen k\u00f6nnen jedoch auch genetisch bedingt resistent sein.<\/p>\n<p>Stress kann auch das Immunsystem schw\u00e4chen und es dem K\u00f6rper der Katze erschweren, Infektionen wie die infekti\u00f6se Bauchfellentz\u00fcndung abzuwehren. Auch scheinbar unbedeutende Unannehmlichkeiten oder Ver\u00e4nderungen k\u00f6nnen die Routine im Haushalt erheblich st\u00f6ren und das Immunsystem Ihres Katzenbabys aus dem Gleichgewicht bringen, wodurch es anf\u00e4llig wird.<\/p>\n<p>Sogar bei in Gefangenschaft gehaltenen Geparden wurde festgestellt, dass sie aufgrund eines genetischen Mangels, der bestimmte Komponenten ihrer zellul\u00e4ren Immunit\u00e4t hemmt, sehr anf\u00e4llig f\u00fcr FIP sind.<\/p>\n<h2>Schlussfolgerung<\/h2>\n<p>Die Feline Infekti\u00f6se Peritonitis (FIP) gilt im Allgemeinen nicht als hochgradig ansteckende Krankheit, obwohl sie durch Kontakt mit F\u00e4kalien und durch \u00dcbertragung \u00fcber die Atemwege verbreitet werden kann. Gute Hygienepraktiken sind wichtig, um das FIP-Risiko zu verringern, und Stressreduzierung f\u00fcr Katzen ist ebenfalls entscheidend, um eine Mutation des Virus zu verhindern.<\/p>\n<p>Auch wenn FIP nicht so h\u00e4ufig vorkommt und nicht so leicht zu verbreiten ist wie andere Katzenkrankheiten, sollten alle Tierhalter, die sich \u00fcber die Infektion und ihre potenziellen Risiken informieren wollen, diese Krankheit in Betracht ziehen.<\/p>\n","protected":false},"excerpt":{"rendered":"<p>Ist FIP ansteckend? Auch wenn FIP nicht so ansteckend ist wie andere Katzenkrankheiten, handelt es sich dennoch um ein ansteckendes Virus, und jeder Katzenbesitzer sollte sich der m\u00f6glichen Risiken bewusst sein. Die Feline Infekti\u00f6se Peritonitis (FIP) gilt im Allgemeinen als weniger ansteckend als einige andere h\u00e4ufige Infektionskrankheiten bei Katzen Im Vergleich zu anderen Infektionskrankheiten, f\u00fcr [&hellip;]<\/p>\n","protected":false},"author":1,"featured_media":14045,"parent":0,"menu_order":0,"comment_status":"closed","ping_status":"closed","template":"","meta":{"_glsr_average":0,"_glsr_ranking":0,"_glsr_reviews":0,"footnotes":""},"categories":[649],"tags":[],"_links":{"self":[{"href":"https:\/\/fipmed.co\/de\/wp-json\/wp\/v2\/pages\/15254"}],"collection":[{"href":"https:\/\/fipmed.co\/de\/wp-json\/wp\/v2\/pages"}],"about":[{"href":"https:\/\/fipmed.co\/de\/wp-json\/wp\/v2\/types\/page"}],"author":[{"embeddable":true,"href":"https:\/\/fipmed.co\/de\/wp-json\/wp\/v2\/users\/1"}],"replies":[{"embeddable":true,"href":"https:\/\/fipmed.co\/de\/wp-json\/wp\/v2\/comments?post=15254"}],"version-history":[{"count":0,"href":"https:\/\/fipmed.co\/de\/wp-json\/wp\/v2\/pages\/15254\/revisions"}],"wp:featuredmedia":[{"embeddable":true,"href":"https:\/\/fipmed.co\/de\/wp-json\/wp\/v2\/media\/14045"}],"wp:attachment":[{"href":"https:\/\/fipmed.co\/de\/wp-json\/wp\/v2\/media?parent=15254"}],"wp:term":[{"taxonomy":"category","embeddable":true,"href":"https:\/\/fipmed.co\/de\/wp-json\/wp\/v2\/categories?post=15254"},{"taxonomy":"post_tag","embeddable":true,"href":"https:\/\/fipmed.co\/de\/wp-json\/wp\/v2\/tags?post=15254"}],"curies":[{"name":"wp","href":"https:\/\/api.w.org\/{rel}","templated":true}]}}