{"id":15256,"date":"2022-12-02T07:50:40","date_gmt":"2022-12-02T07:50:40","guid":{"rendered":"https:\/\/fipmed.co\/nahrungsergaenzungsmittel-fuer-katzen-mit-fip\/"},"modified":"2024-01-09T04:07:44","modified_gmt":"2024-01-09T04:07:44","slug":"nahrungsergaenzungsmittel-fuer-katzen-mit-fip","status":"publish","type":"page","link":"https:\/\/fipmed.co\/de\/nahrungsergaenzungsmittel-fuer-katzen-mit-fip\/","title":{"rendered":"Nahrungserg\u00e4nzungsmittel f\u00fcr Katzen mit FIP"},"content":{"rendered":"<p>Es wird empfohlen, Ihrer Katze Vitamine und Nahrungserg\u00e4nzungsmittel zu geben, um ihre Nieren und Leber w\u00e4hrend der FIP-Behandlung gesund und stark zu halten. Gesunde innere Organe erh\u00f6hen die F\u00e4higkeit des K\u00f6rpers, Infektionen zu widerstehen und sich von Krankheiten zu erholen. Derzeit sind keine unerw\u00fcnschten Nebenwirkungen bekannt, wenn w\u00e4hrend der FIP-Behandlung neben GS-441524 auch Vitamine und Nahrungserg\u00e4nzungsmittel verabreicht werden.<\/p>\n<h2><strong>Vitamine<\/strong><\/h2>\n<p>Vitamin B12: Die subkutane Verabreichung von B12-Injektionen ist \u00e4u\u00dferst sicher und kann Katzen w\u00f6chentlich verabreicht werden, um An\u00e4mie zu bek\u00e4mpfen und das Immunsystem zu unterst\u00fctzen.<\/p>\n<p>Mit Pet Tinic oder einem vergleichbaren Produkt kann eine t\u00e4gliche Vitaminhilfe gegeben werden.<\/p>\n<p>B12 ist in der Regel in Lebensmitteln tierischen Ursprungs enthalten, wie Fleisch, Fisch, Eier und Leber.<\/p>\n<p>Bei einer Katze mit FIP sind die Vorr\u00e4te jedoch schnell aufgebraucht, so dass sie wieder aufgef\u00fcllt werden m\u00fcssen.<\/p>\n<p>Die Produktion und Erhaltung roter Blutk\u00f6rperchen wird durch Vitamin B12 unterst\u00fctzt.<\/p>\n<ul>\n<li>B12 bewahrt die Gesundheit des neurologischen Systems (Nervenzellen und normale Myelinisierung &#8211; die Fetth\u00fcllen, die die Nervenenden umh\u00fcllen und sch\u00fctzen). F\u00fcr Nerven- und kognitive Prozesse ist sie entscheidend.<\/li>\n<li>B12 erh\u00e4lt die Gesundheit des Darms, um eine angemessene Verdauung und Aufnahme der Nahrung sowie den Stoffwechsel von Fetten und Kohlenhydraten zu gew\u00e4hrleisten.<\/li>\n<\/ul>\n<h2><strong>Erg\u00e4nzungen<\/strong><\/h2>\n<p><strong>Gabapentin<\/strong>: Ein mildes Analgetikum, das 60 bis 90 Minuten vor der Injektion oral eingenommen werden kann. Bei korrekter Verabreichung lindert dies nur vor\u00fcbergehend die Unannehmlichkeiten der Injektion, ohne dass Ihre Katze sich schl\u00e4frig oder sediert f\u00fchlt.<\/p>\n<p><strong>Lidocain-Creme<\/strong>: Diese kann 30 Minuten vor der Injektion mit GS441 auf die Haut der Katze aufgetragen werden, um den Stich zu lindern. Verwenden Sie nur die Lotion ohne Aloe, da Katzen extrem giftig f\u00fcr Aloe sind.<\/p>\n<p><strong>Schl\u00fcpfrige Ulmenrinde<\/strong>: Sirup aus Ulmenrinde ist ein ganz nat\u00fcrliches Mittel gegen \u00dcbelkeit, Erbrechen und andere Beschwerden.<\/p>\n<p><strong>Denamarin<\/strong>: Das Katzenleberpr\u00e4parat Denamarin Tabletten erh\u00f6ht den Gehalt an Antioxidantien.<\/p>\n<p><strong>Silymarin (Mariendistel):<\/strong> Verwenden Sie dieses nat\u00fcrliche Erg\u00e4nzungsmittel, das f\u00fcr seine F\u00e4higkeit bekannt ist, die Leber zu st\u00e4rken und zu erhalten, um die Lebergesundheit Ihrer Katze zu verbessern.<\/p>\n<p><u>Es wird empfohlen, Ihrer Katze bei der Behandlung von FIP mit GS411 entweder Denamarin oder Silymarin zu geben, um die Leber optimal zu unterst\u00fctzen.<\/u><\/p>\n<h2><strong>Kein L-Lysin f\u00fcr FIP-Katzen verabreichen<\/strong><\/h2>\n<p>Obwohl L-Lysin h\u00e4ufig zur Behandlung des felinen Herpesvirus und zur St\u00e4rkung des Immunsystems eingesetzt wird, haben neue Untersuchungen gezeigt, dass es keine eindeutigen Vorteile hat. Au\u00dferdem sollten FCoV-positive Katzen, Katzen mit dem Risiko, FIP zu entwickeln, und Katzen mit FIP kein L-Lysin erhalten.<\/p>\n<h2><strong>Moducare und das Immunsystem<\/strong><\/h2>\n<p>Immunit\u00e4t ist der Schl\u00fcssel. Der beste Schutz gegen jede Krankheit ist ein starkes Immunsystem. Es ist wichtig, ein starkes Immunsystem aufzubauen und aufrechtzuerhalten. Moducare hilft bei Bedarf, die Reaktion des Immunsystems zu regulieren.<\/p>\n<h2><strong>Ern\u00e4hrung f\u00fcr Katzen mit FIP<\/strong><\/h2>\n<p>F\u00fcttern Sie Katzen mit FIP einige Sardinen, Lachs, Sardinen oder andere Omega-3-reiche Fische. Erh\u00f6hen Sie die Zufuhr der entz\u00fcndungshemmenden Omega-3-Fetts\u00e4uren in der Nahrung Ihrer Katze. Echten Fisch gibt es in Dosengerichten von Applaws und Almo Nature. Achten Sie jedoch auf die Gefahr einer Hypervitaminose A (\u00fcberm\u00e4\u00dfiger Knochenabbau an den Gelenken) und \u00fcberpr\u00fcfen Sie die Situation nach 6 Wochen erneut, wenn Sie zu viel echten Fisch f\u00fcttern.<\/p>\n<p>Denken Sie daran, dem Betreuer der Katze Anweisungen zu geben, wie er das Futter \u00fcber einen Zeitraum von mehreren Wochen allm\u00e4hlich umstellen kann. Andernfalls wird die Katze das neue Futter ein paar Tage lang verschlingen, bevor sie es satt hat und nie wieder anr\u00fchrt! Geben Sie eine Mahlzeit lang ein neues Futter, kehren Sie f\u00fcr die folgenden Mahlzeiten zum gewohnten Futter der Katze zur\u00fcck, bieten Sie dann noch einmal eine kleine Menge des neuen Futters an und so weiter, wobei Sie die H\u00e4ufigkeit des neuen Futters schrittweise erh\u00f6hen, bis es f\u00fcr die Katze zur Routine wird, bei jeder Mahlzeit ein anderes Futter zu bekommen. Es dauert mindestens einen Monat, um neue Mahlzeiten effektiv einzuf\u00fchren.<\/p>\n<p>Rohes Futter wie rohes Rindfleisch ist ebenfalls reich an N\u00e4hrstoffen, die eine Katze braucht. Geben Sie zu jeder Mahlzeit rohes Fleisch (am besten Rindfleisch). Es enth\u00e4lt viele entz\u00fcndungshemmende Eigenschaften und st\u00e4rkt das Immunsystem Ihrer Katze<\/p>\n<h2><strong>Zus\u00e4tzliche VITAMINE, die einer Katze mit FIP gegeben werden k\u00f6nnen<\/strong><\/h2>\n<p><strong>Vitamin A (fakultativ)  <\/strong><\/p>\n<p>Vitamin A ist ein Antioxidans. Eine Erg\u00e4nzung mit Vitamin A ist bei Katzen, die h\u00e4ufig Fischmahlzeiten erhalten, nicht erforderlich. Da Beta-Carotin von Katzen nicht verstoffwechselt werden kann, m\u00fcssen sie Vitamin A in Form von Fisch oder Fisch\u00f6l, z. B. Heilbuttleber\u00f6l, erhalten. Die Aufnahme von echtem Fisch in die Ern\u00e4hrung ist den Nahrungserg\u00e4nzungsmitteln vorzuziehen. Eine Hypervitaminose A f\u00fchrt jedoch zu einer \u00fcberm\u00e4\u00dfigen Ablagerung von Knochen an den Gelenken, daher sollte sie nicht l\u00e4nger als 4-6 Wochen eingenommen werden.<\/p>\n<p><strong>Vitamin-B-Komplex (fakultativ)  <\/strong><\/p>\n<p>Multivitamin B ist ein guter Appetitanreger, der in der Apotheke oder im Reformhaus erh\u00e4ltlich ist. Thiamin, ein Vitamin B1 (fakultativ &#8211; wenn kein B-Komplex verabreicht wird), das oral verabreicht wird (d. h. durch den Mund oder \u00fcber die Nahrung).<\/p>\n<p><strong>Vitamin C (Ascorbins\u00e4ure) (fakultativ)  <\/strong><\/p>\n<p>Vitamin C ist ein Antioxidans. Vitamin C sollte nur einige Wochen lang eingenommen werden, da es bei l\u00e4ngerer Einnahme zu Oxalatkristallen im Urin f\u00fchren kann. Dosis: 125 Milligramm, zweimal t\u00e4glich oral oder \u00fcber die Nahrung verabreicht.<\/p>\n<p>In Anbetracht dessen sollten Katzenbesitzer der Idee gegen\u00fcber aufgeschlossener sein, ihren Katzen Nahrungserg\u00e4nzungsmittel zu verabreichen, um sie bei der FIP-Behandlung zu unterst\u00fctzen, da diese verschiedenen Nahrungserg\u00e4nzungsmittel die Gesundheit ihrer Katzen f\u00f6rdern k\u00f6nnen. Beachten Sie jedoch, dass nicht alle Nahrungserg\u00e4nzungsmittel v\u00f6llig risikofrei sind, da sie je nach Dosierung und K\u00f6rperbau der einzelnen Katze unterschiedliche Ergebnisse erzielen k\u00f6nnen.<\/p>\n","protected":false},"excerpt":{"rendered":"<p>Es wird empfohlen, Ihrer Katze Vitamine und Nahrungserg\u00e4nzungsmittel zu geben, um ihre Nieren und Leber w\u00e4hrend der FIP-Behandlung gesund und stark zu halten. Gesunde innere Organe erh\u00f6hen die F\u00e4higkeit des K\u00f6rpers, Infektionen zu widerstehen und sich von Krankheiten zu erholen. Derzeit sind keine unerw\u00fcnschten Nebenwirkungen bekannt, wenn w\u00e4hrend der FIP-Behandlung neben GS-441524 auch Vitamine und [&hellip;]<\/p>\n","protected":false},"author":11,"featured_media":2296,"parent":0,"menu_order":0,"comment_status":"closed","ping_status":"closed","template":"","meta":{"_glsr_average":0,"_glsr_ranking":0,"_glsr_reviews":0,"footnotes":""},"categories":[649],"tags":[445,471],"_links":{"self":[{"href":"https:\/\/fipmed.co\/de\/wp-json\/wp\/v2\/pages\/15256"}],"collection":[{"href":"https:\/\/fipmed.co\/de\/wp-json\/wp\/v2\/pages"}],"about":[{"href":"https:\/\/fipmed.co\/de\/wp-json\/wp\/v2\/types\/page"}],"author":[{"embeddable":true,"href":"https:\/\/fipmed.co\/de\/wp-json\/wp\/v2\/users\/11"}],"replies":[{"embeddable":true,"href":"https:\/\/fipmed.co\/de\/wp-json\/wp\/v2\/comments?post=15256"}],"version-history":[{"count":0,"href":"https:\/\/fipmed.co\/de\/wp-json\/wp\/v2\/pages\/15256\/revisions"}],"wp:featuredmedia":[{"embeddable":true,"href":"https:\/\/fipmed.co\/de\/wp-json\/wp\/v2\/media\/2296"}],"wp:attachment":[{"href":"https:\/\/fipmed.co\/de\/wp-json\/wp\/v2\/media?parent=15256"}],"wp:term":[{"taxonomy":"category","embeddable":true,"href":"https:\/\/fipmed.co\/de\/wp-json\/wp\/v2\/categories?post=15256"},{"taxonomy":"post_tag","embeddable":true,"href":"https:\/\/fipmed.co\/de\/wp-json\/wp\/v2\/tags?post=15256"}],"curies":[{"name":"wp","href":"https:\/\/api.w.org\/{rel}","templated":true}]}}