{"id":15258,"date":"2022-12-02T08:10:56","date_gmt":"2022-12-02T08:10:56","guid":{"rendered":"https:\/\/fipmed.co\/arten-von-katzen-fip\/"},"modified":"2023-12-11T06:43:51","modified_gmt":"2023-12-11T06:43:51","slug":"arten-von-katzen-fip","status":"publish","type":"page","link":"https:\/\/fipmed.co\/de\/arten-von-katzen-fip\/","title":{"rendered":"Nass-FIP oder Trocken-FIP? Arten von Katzen-FIP"},"content":{"rendered":"<p>Die Feline Infekti\u00f6se Peritonitis (FIP) ist eine h\u00e4ufige und t\u00f6dliche Krankheit f\u00fcr Katzen. Und nicht nur das, es gibt auch mehr als eine Variante und sie kann eine Katze auf unterschiedliche Weise beeintr\u00e4chtigen. In diesem Artikel werden wir \u00fcber die verschiedenen Arten von FIP sprechen, die sich manifestieren k\u00f6nnen.<\/p>\n<h1><\/h1>\n<h2><strong>Arten von Katzen-FIP<\/strong><\/h2>\n<p>Die FIP kann sich auf drei verschiedene Arten manifestieren: eine feuchte, ergiebige, exsudative Form, eine trockene, granulomat\u00f6se, parenchymat\u00f6se, nicht ergiebige Form und eine Mischform. Eine fibrin\u00f6se Peritonitis, Pleuritis oder Perikarditis mit Erg\u00fcssen im Abdomen, Thorax und\/oder Perikard sind Merkmale der ersten Art. Das ZNS und andere Organe, einschlie\u00dflich der Augen, weisen bei der zweiten Variante, die keine offensichtlichen Erg\u00fcsse aufweist, granulomat\u00f6se Ver\u00e4nderungen auf. Da jede Katze mit FIP einen unterschiedlich starken Erguss zusammen mit mehr oder weniger granulomat\u00f6sen Organver\u00e4nderungen aufweist, hat sich gezeigt, dass eine Unterscheidung zwischen diesen Arten nicht hilfreich ist (und nur f\u00fcr die Diagnosemethode von Vorteil ist). Die Formen k\u00f6nnen auch ineinander \u00fcbergehen. So kann die FIP bei einer bestimmten Katze zu einem bestimmten Zeitpunkt einfach mehr oder weniger produktiv oder exsudativ sein.<\/p>\n<h2><strong>Unterschiede zwischen trockener und feuchter FIP<\/strong><\/h2>\n<p><strong>Nicht-effektive &#8222;trockene&#8220; FIP<\/strong><\/p>\n<p>Bei der &#8222;trockenen&#8220; oder nicht schleichenden FIP kommt es bei einigen Katzen zu wenig bis gar keiner Fl\u00fcssigkeitsansammlung. Bei der trockenen Form sind die Augen, das Gehirn, die Leber, der Darm oder andere K\u00f6rperorgane h\u00e4ufig stark entz\u00fcndet, was eine Reihe von klinischen Symptomen verursachen kann. Bei vielen Katzen mit nicht offensichtlicher FIP sind die Augenprobleme das einzige klinische Symptom.<\/p>\n<p>Wenn eine Krankheit ausbricht, verschlechtert sich der Zustand der meisten Betroffenen rasch, aber einige Katzen k\u00f6nnen noch einige Wochen lang normal funktionieren. Traurigerweise f\u00fchrt fast jeder Fall dieser Krankheit zum Tod.<\/p>\n<p>Nur ein kleiner Teil der Katzen, die dem felinen Coronavirus ausgesetzt sind, selbst wenn sie das Potenzial haben, FIP zu verursachen, sind in der Lage, sich dagegen zu wehren, was bei den meisten infizierten Katzen zu klinischen Erkrankungen f\u00fchrt. Wie bereits erw\u00e4hnt, versterben die Erkrankten jedoch fast ausnahmslos.<\/p>\n<p><strong>Ergiebige &#8222;nasse&#8220; FIP<\/strong><\/p>\n<p>Die Ansammlung von Fl\u00fcssigkeit in der Brust oder im Bauch, die das Atmen erschweren kann, ist das entscheidende klinische Symptom der FIP mit Erguss. Appetitlosigkeit, Fieber, Gewichtsverlust, Gelbsucht und Durchfall sind weitere Symptome.<\/p>\n<h2><strong>DIAGNOSE DER FEUCHTEN UND TROCKENEN FIP  <\/strong><\/h2>\n<p><strong>Diagnose der effusiven FIP<\/strong><\/p>\n<p>Der Erguss-Typ der Krankheit ist heute leichter zu diagnostizieren als fr\u00fcher. Effusive FIP kann diagnostiziert werden, wenn in einer Probe des Ergusses (Fl\u00fcssigkeit, die aus dem K\u00f6rper abgelassen wird) virale RNA nachgewiesen wird, z. B. mit Hilfe einer reversen Transkriptions-Polymerase-Kettenreaktion (RT-PCR). Dazu ist es jedoch erforderlich, eine Probe an ein externes Veterin\u00e4rlabor zu schicken. Mehrere in der Tierklinik verf\u00fcgbare Diagnosen k\u00f6nnen eine \u00fcberschie\u00dfende FIP-Diagnose schnell ausschlie\u00dfen, darunter<\/p>\n<ol>\n<li>\u00dcberpr\u00fcfen Sie den Gesamtproteingehalt des Ergusses. Liegt er unter 35 g\/l, ist eine FIP sehr unwahrscheinlich.<\/li>\n<li>Bestimmen Sie das Albumin-Globulin-Verh\u00e4ltnis im Erguss; liegt es \u00fcber 0,8, ist FIP ausgeschlossen; liegt es unter 0,4, ist FIP eine potenziell diagnostizierbare, aber unsichere Erkrankung.<\/li>\n<li>Untersuchen Sie die Zellen im Erguss; handelt es sich dabei mehrheitlich um Lymphozyten (eine Art wei\u00dfer Blutk\u00f6rperchen), ist eine FIP als Diagnose ausgeschlossen.<\/li>\n<\/ol>\n<p><strong>Diagnose der nicht-effektiven FIP<\/strong><\/p>\n<p>Da die klinischen Anzeichen der nicht effusiven FIP in der Regel mehrdeutiger und variabler sind als die der effusiven FIP, ist die Liste der Differentialdiagnosen wesentlich l\u00e4nger. Wenn die folgenden Bedingungen erf\u00fcllt sind, sollte eine nicht-effektive FIP-Diagnose in Betracht gezogen werden:<\/p>\n<ol>\n<li>Hintergrund: Die Katze ist jung (unter 2 Jahre alt) und reinrassig; Rassekatzen machen fast 70 % der FIP-F\u00e4lle aus.<\/li>\n<li>Fr\u00fchere Ereignisse: Die Katze stand unter Stress, weil sie k\u00fcrzlich kastriert oder geimpft wurde<\/li>\n<li>Vergangenheit: Die Katze hatte m\u00f6glicherweise die M\u00f6glichkeit, sich mit FCoV anzustecken, z. B. weil sie aus einem Zucht- oder Rettungszwinger stammt oder k\u00fcrzlich mit einem reinrassigen K\u00e4tzchen oder einer reinrassigen Katze zusammengebracht wurde.<\/li>\n<li>Zu den klinischen Indikatoren geh\u00f6ren intraokulare Zeichen, Anorexie, weniger essen als gew\u00f6hnlich, keine Gewichtszunahme, keine Gewichtszunahme, Magersucht und Gelbsucht.<\/li>\n<li>Hypergammaglobulin\u00e4mie; erh\u00f6htes Bilirubin ohne erh\u00f6hte Leberenzyme.<\/li>\n<li>Lymphopenie mit nicht-regenerativer, typischerweise m\u00e4\u00dfiger An\u00e4mie.<\/li>\n<li>Serologie: Aufgrund der hohen Inzidenz von FCoV in Zucht- und Rettungszwingern ist dieser Parameter mit Vorsicht zu genie\u00dfen. Die Katze weist einen hohen Antik\u00f6rper-Titer gegen FCoV auf.<\/li>\n<\/ol>\n<p>Wenn die Katze seronegativ ist, kann eine nicht-effektive FIP als Diagnose ausgeschlossen werden, wenn der Antik\u00f6rpertest eine hohe Empfindlichkeit aufweist. Der FCoV-Immunocomb (Biogal), der immunchromatografische Schnelltest (RIM) Speed F-Corona (Virbac) und der schnellste RIM-Test f\u00fcr infekti\u00f6se Katzenperitonitis (MegaCor Diagnostic) erwiesen sich in einer Studie, in der mehrere im Handel erh\u00e4ltliche FCoV-Antik\u00f6rpertests untersucht wurden, als 100 % empfindlich.<\/p>\n<h1><\/h1>\n<p>Da es zwei verschiedene Haupttypen von FIP gibt, sollten Katzenbesitzer mehr \u00fcber dieses Thema wissen, damit sie ihre Katzen im schlimmsten Fall besser behandeln k\u00f6nnen. Wenn sie sich nicht richtig \u00fcber die verschiedenen Arten von FIP informieren, k\u00f6nnen sie sich an ihren Tierarzt wenden, um eine geeignete Methode zur Behandlung der FIP ihrer Katze zu finden.<\/p>\n","protected":false},"excerpt":{"rendered":"<p>Die Feline Infekti\u00f6se Peritonitis (FIP) ist eine h\u00e4ufige und t\u00f6dliche Krankheit f\u00fcr Katzen. Und nicht nur das, es gibt auch mehr als eine Variante und sie kann eine Katze auf unterschiedliche Weise beeintr\u00e4chtigen. In diesem Artikel werden wir \u00fcber die verschiedenen Arten von FIP sprechen, die sich manifestieren k\u00f6nnen. Arten von Katzen-FIP Die FIP kann [&hellip;]<\/p>\n","protected":false},"author":11,"featured_media":2410,"parent":0,"menu_order":0,"comment_status":"closed","ping_status":"closed","template":"","meta":{"_glsr_average":0,"_glsr_ranking":0,"_glsr_reviews":0,"footnotes":""},"categories":[649],"tags":[445,590],"_links":{"self":[{"href":"https:\/\/fipmed.co\/de\/wp-json\/wp\/v2\/pages\/15258"}],"collection":[{"href":"https:\/\/fipmed.co\/de\/wp-json\/wp\/v2\/pages"}],"about":[{"href":"https:\/\/fipmed.co\/de\/wp-json\/wp\/v2\/types\/page"}],"author":[{"embeddable":true,"href":"https:\/\/fipmed.co\/de\/wp-json\/wp\/v2\/users\/11"}],"replies":[{"embeddable":true,"href":"https:\/\/fipmed.co\/de\/wp-json\/wp\/v2\/comments?post=15258"}],"version-history":[{"count":0,"href":"https:\/\/fipmed.co\/de\/wp-json\/wp\/v2\/pages\/15258\/revisions"}],"wp:featuredmedia":[{"embeddable":true,"href":"https:\/\/fipmed.co\/de\/wp-json\/wp\/v2\/media\/2410"}],"wp:attachment":[{"href":"https:\/\/fipmed.co\/de\/wp-json\/wp\/v2\/media?parent=15258"}],"wp:term":[{"taxonomy":"category","embeddable":true,"href":"https:\/\/fipmed.co\/de\/wp-json\/wp\/v2\/categories?post=15258"},{"taxonomy":"post_tag","embeddable":true,"href":"https:\/\/fipmed.co\/de\/wp-json\/wp\/v2\/tags?post=15258"}],"curies":[{"name":"wp","href":"https:\/\/api.w.org\/{rel}","templated":true}]}}