{"id":15264,"date":"2022-12-02T01:55:02","date_gmt":"2022-12-02T01:55:02","guid":{"rendered":"https:\/\/fipmed.co\/was-tun-bei-bauchfluessigkeit-von-katzen-die-durch-feuchte-oder-ergiebige-fip-verursacht-wird\/"},"modified":"2023-12-11T06:46:09","modified_gmt":"2023-12-11T06:46:09","slug":"was-tun-bei-bauchfluessigkeit-von-katzen-die-durch-feuchte-oder-ergiebige-fip-verursacht-wird","status":"publish","type":"page","link":"https:\/\/fipmed.co\/de\/was-tun-bei-bauchfluessigkeit-von-katzen-die-durch-feuchte-oder-ergiebige-fip-verursacht-wird\/","title":{"rendered":"Was tun bei Bauchfl\u00fcssigkeit von Katzen, die durch feuchte oder ergiebige FIP verursacht wird?"},"content":{"rendered":"<h2>Der Zusammenhang zwischen FIP und Bauchwasser<\/h2>\n<p>FIP f\u00fchrt zu Fl\u00fcssigkeitsansammlungen im Bauchraum. Deshalb ist es wichtig, sowohl die Anzeichen als auch die Folgen zu kennen.<\/p>\n<h3>Wie sich bei FIP Fl\u00fcssigkeit ansammelt<\/h3>\n<p>Feline infekti\u00f6se Peritonitis (FIP) ist ein schweres und in der Regel t\u00f6dliches Virus bei Katzen. Sie tritt auf, wenn das Coronavirus, das sich bereits im Darm einer Katze befindet, beginnt, sich aggressiver zu vermehren und auf andere Bereiche des K\u00f6rpers \u00fcberzugreifen.<\/p>\n<p>In diesem Fall kommt es zu einer Entz\u00fcndungsreaktion des Immunsystems, die zu einer Fl\u00fcssigkeitsansammlung in verschiedenen Organen wie dem Bauch oder der Brust f\u00fchrt. Die Fl\u00fcssigkeitsansammlung ist auf eine erh\u00f6hte Durchl\u00e4ssigkeit der Blutgef\u00e4\u00dfe und einen verminderten Lymphabfluss zur\u00fcckzuf\u00fchren.<\/p>\n<p>Dieser Prozess wirkt sich auch auf Gewebesch\u00e4den aus, die zu weiteren Zellsch\u00e4den durch Fibrose und Kollagenbildung infolge chronischer Entz\u00fcndungen f\u00fchren.<\/p>\n<p>Die durch die FIP verursachte Bauchschwellung kann sich deutlich als Vergr\u00f6\u00dferung der Magengegend bemerkbar machen, die sich aufgrund ihrer z\u00e4hfl\u00fcssigen Beschaffenheit weich, aber auch fest anf\u00fchlt &#8211; \u00e4hnlich wie Gummizement, wenn man sie ber\u00fchrt; je nachdem, wie lange sie schon besteht, k\u00f6nnen auch Flecken, Str\u00e4nge oder Kl\u00fcmpchen von Fibrin zu sehen sein.<\/p>\n<p>Abgesehen davon, dass es sich optisch von anderen Arten von Fl\u00fcssigkeiten in Tieren unterscheidet, konnten die Wissenschaftler Alpha-1-S\u00e4ure-Glykoprotein (AGP) identifizieren, das in Serumproben, die sowohl bei pr\u00e4mortalen Untersuchungen als auch bei Erg\u00fcssen entnommen wurden, h\u00e4ufig erh\u00f6ht ist, und zwar h\u00f6her als erwartet im Vergleich zu nicht betroffenen Katzen unter normalen Umst\u00e4nden.<\/p>\n<h3>Sichtbare Anzeichen einer FIP Effusion<\/h3>\n<p>Katzen, die an FIP erkrankt sind, k\u00f6nnen einen aufgebl\u00e4hten Bauch haben, sind unempfindlich bei der Temperaturmessung und f\u00fchlen sich unwohl, wenn sie an der Seite ber\u00fchrt werden. Der Hydratationsstatus sollte ebenfalls bewertet werden, da es bei schweren Bauchschwellungen im Zusammenhang mit FIP-Effusionen zu Dehydrierung kommen kann.<\/p>\n<p>Bei der k\u00f6rperlichen Untersuchung erscheint die mit FIP assoziierte Fl\u00fcssigkeit oft z\u00e4hfl\u00fcssig, z\u00e4h, klebrig, schaumig und von hellgelber Farbe. In einigen F\u00e4llen k\u00f6nnen in der Fl\u00fcssigkeit sogar Flecken oder F\u00e4den sichtbar sein, die mit den f\u00fcr diesen Krankheitsprozess spezifischen Fibrinablagerungen zusammenh\u00e4ngen; eine genaue Diagnose mit Hilfe von Labortestverfahren wie Zytologie und Serologie ist jedoch erforderlich, um diese Erkrankung vor Beginn der Behandlung zu best\u00e4tigen.<\/p>\n<h3>Rolle bei Diagnose und Behandlung<\/h3>\n<p>Wenn bei Katzen der Verdacht auf FIP besteht, spielt die Bauchfl\u00fcssigkeit eine wichtige Rolle bei der Diagnose. Eine M\u00f6glichkeit, eine positive Diagnose zu stellen, ist die Durchf\u00fchrung eines Verfahrens namens &#8222;Zentese&#8220; oder die Entnahme eines Teils dieser Fl\u00fcssigkeit und ihre Analyse auf Anzeichen f\u00fcr FIP-spezifische Infektionserreger.<\/p>\n<p>Dadurch wird die Diagnose genauer, als wenn man sich nur auf Scans wie CT oder Ultraschall verl\u00e4sst, die \u00fcblicherweise f\u00fcr die Diagnose dieser Erkrankung verwendet werden. Durch die Analyse der Fl\u00fcssigkeit k\u00f6nnen Tier\u00e4rzte die Anh\u00e4ufung eines Antik\u00f6rpers nachweisen, der als felines Coronavirus-Antigen (FCoV) bekannt ist und sich in F\u00e4llen, in denen sich FIP entwickelt, zusammen mit Aszites anreichert.<\/p>\n<h2>Wann sollte man bei FIP-Katzen mit Erguss Bauchwasser entfernen?<\/h2>\n<p>Sollten Sie diese Fl\u00fcssigkeit entfernen, jetzt wo Sie die Ursache kennen? Kommt darauf an. Im Folgenden finden Sie zwei fiktive Situationen und unsere Vorschl\u00e4ge f\u00fcr die jeweilige Vorgehensweise.<\/p>\n<p><strong>Szenario I  <\/strong><\/p>\n<p><u>Die Vergr\u00f6\u00dferung des Bauches ist deutlich sichtbar. Ihre Katze frisst, trinkt und atmet jedoch problemlos.<\/u><\/p>\n<p>In diesem Fall raten wir davon ab, die Fl\u00fcssigkeit zu entnehmen. Beginnen Sie schnell mit der Therapie mit GS-441524 und Sie werden einen R\u00fcckgang der Schwellungen im Bauchraum feststellen. Die FIP-Viren werden nach und nach aus dem K\u00f6rper ausgeschieden, wenn die Bauchfl\u00fcssigkeit allm\u00e4hlich von ihm resorbiert wird.<\/p>\n<p>Da in dieser Situation mehr Schaden als Nutzen droht, raten wir davon ab, Bauchwasser abzulassen. Die verlorene Fl\u00fcssigkeit wird schnell wieder zugef\u00fchrt, h\u00e4ufig auf Kosten der Proteinzufuhr und der Dehydrierung. Vermeiden Sie es, das ohnehin schon empfindliche System Ihrer Katze noch mehr zu belasten, wenn sie regelm\u00e4\u00dfig frisst und trinkt und nicht unter Atemnot leidet.<\/p>\n<p><strong>Szenario II  <\/strong><\/p>\n<p><u>Die Vergr\u00f6\u00dferung verursacht Schwierigkeiten beim Atmen oder Essen.  <\/u><\/p>\n<p>In diesem Fall muss ein Teil, aber nicht die gesamte Fl\u00fcssigkeit entfernt werden. Atembeschwerden f\u00fchren zu kardialem Stress, der sich in einer erh\u00f6hten Herzfrequenz und einem beschleunigten Herzschlag \u00e4u\u00dfert. Im Extremfall kann dieser Stress zu Herzversagen f\u00fchren. Dehydrierung und Eiwei\u00dfmangel sind die Folge des Fl\u00fcssigkeitsentzugs im Bauchraum. In diesem Fall \u00fcberwiegen die Vorteile der Fl\u00fcssigkeitsabsaugung die Nachteile.<\/p>\n<p>Es ist zu beachten, dass ein \u00fcberm\u00e4\u00dfiger Fl\u00fcssigkeitsentzug zu einem gef\u00e4hrlichen Schock f\u00fcr den Organismus Ihrer Katze f\u00fchren und den Tod zur Folge haben kann. Im Allgemeinen wird empfohlen, nicht mehr als 30 % der gesamten Bauchfl\u00fcssigkeit zu entfernen. Bei der Behandlung von K\u00e4tzchen und \u00e4lteren Katzen mit feuchter FIP sollte man vorsichtiger sein als bei erwachsenen Katzen im besten Alter und weniger Fl\u00fcssigkeit ablassen.<\/p>\n<p>Denken Sie daran, dass die Fl\u00fcssigkeit zur\u00fcckkehren wird, wenn Ihre Katze kein antivirales Medikament GS-441524 erh\u00e4lt.<\/p>\n<p><strong>Hinweise zum Entfernen:<\/strong><\/p>\n<p>Die Entfernung von Bauchwasser bei Katzen, bei denen eine FIP mit Erguss diagnostiziert wurde, ist angezeigt, um die Schwellung des Bauches zu verringern und der Katze Erleichterung zu verschaffen. In der Regel ist nach ein- bis zweiw\u00f6chiger Behandlung ein R\u00fcckgang der Bauchschwellung zu beobachten, vorausgesetzt, die Fl\u00fcssigkeit wurde entfernt.<\/p>\n<p>Wenn ein Erguss gro\u00df genug ist, sollte er durch Verj\u00fcngungstechniken wie Abdomen-\/Thorakozentese oder Interkostaldrainage entfernt werden, wonach Dexamethason in die Brust- oder Bauchh\u00f6hle injiziert werden kann.<\/p>\n<p>Dies tr\u00e4gt dazu bei, die mit der FIP verbundenen Entz\u00fcndungen zu reduzieren, was zu einem besseren Wohlbefinden und einer besseren Prognose f\u00fcr die Katze f\u00fchrt. Die mit der Entfernung von Erg\u00fcssen verbundenen Remissionsphasen sind jedoch in der Regel zeitlich begrenzt, und Katzen erleiden in der Regel schnell einen R\u00fcckfall, wenn keine umfassende Betreuung erfolgt, sobald ihre Symptome nach dem Eingriff erheblich zur\u00fcckgegangen sind.<\/p>\n<h2>Methoden zur Reduzierung von Fl\u00fcssigkeitsansammlungen<\/h2>\n<p>Die Drainage von Aszitesfl\u00fcssigkeit bei infekti\u00f6ser Peritonitis bei Katzen umfasst h\u00e4ufig die folgenden Verfahren:<\/p>\n<p>Tier\u00e4rztliche Beurteilung: Ein Tierarzt oder eine Person, die unter seiner Aufsicht arbeitet, sollte die Operation stets durchf\u00fchren. Der Tierarzt wird die Katze k\u00f6rperlich untersuchen, eine Ultraschalluntersuchung durchf\u00fchren oder andere Diagnoseverfahren anwenden, um das Vorhandensein von Aszitesfl\u00fcssigkeit zu best\u00e4tigen, bevor er mit der Behandlung fortf\u00e4hrt.<\/p>\n<p>Vorbereitung vor dem Eingriff: Zu den Vorbereitungen vor der Operation geh\u00f6rt die Sedierung oder An\u00e4sthesie der Katze, damit sie sich wohler f\u00fchlt und weniger \u00e4ngstlich ist. Die Rasur und Sterilisation des Bauchraums ist eine g\u00e4ngige Praxis zur Vermeidung von Infektionen.<\/p>\n<p>Platzierung der Nadel oder des Katheters: Der Tierarzt f\u00fchrt eine d\u00fcnne Nadel oder einen Katheter durch die Bauchdecke in die Bauchh\u00f6hle ein. Es ist g\u00e4ngige Praxis, die Platzierung per Ultraschall zu unterst\u00fctzen und unbeabsichtigte Verletzungen innerer Organe zu vermeiden.<\/p>\n<p>Fl\u00fcssigkeitsabsaugung: Die Aszitesfl\u00fcssigkeit wird vorsichtig und langsam aus dem Bauchraum in einen sterilen Beh\u00e4lter abgelassen. Der Schweregrad der Erkrankung der Katze und die Menge des Aszites bestimmen, wie viel Fl\u00fcssigkeit abgelassen werden muss. Um die Bl\u00e4hungen und Schmerzen im Bauchraum zu lindern, wird die Behandlung oft so lange fortgesetzt, bis eine ausreichende Menge an Fl\u00fcssigkeit abgesaugt wurde.<\/p>\n<p>\u00dcberwachung: Die Herz- und Atemfrequenz von Katzen wird w\u00e4hrend des gesamten Aufenthalts im Operationssaal \u00fcberwacht.<\/p>\n<p>Pflege nach dem Eingriff: Pflege nach der Drainage Der Tierarzt wird die Katze genau beobachten, w\u00e4hrend sie sich von dem Eingriff erholt. Nach einer Operation ben\u00f6tigen manche Katzen Schmerzmittel, Fl\u00fcssigkeit und Antibiotika, um Infektionen zu vermeiden. Ein Verband oder eine Naht im Bauchraum zum Verschlie\u00dfen des Einstichlochs ist m\u00f6glich.<\/p>\n<p>&nbsp;<\/p>\n<h2>Unterst\u00fctzende Pflege, um das Wohlbefinden der Katze zu steigern<\/h2>\n<p>Die unterst\u00fctzende Pflege von Katzen, bei denen FIP diagnostiziert wurde, ist wichtig, um das Wohlbefinden der Katze zu steigern und ihre Lebensqualit\u00e4t zu verbessern. Breitspektrum-Antibiotika werden h\u00e4ufig zur Behandlung von FIP-Katzen empfohlen, da sie dazu beitragen k\u00f6nnen, die Entz\u00fcndung zu verringern und Sekund\u00e4rinfektionen zu behandeln.<\/p>\n<p>Subkutane Fl\u00fcssigkeiten sind ebenfalls wichtig, um sicherzustellen, dass die Katze hydriert bleibt und eine optimale K\u00f6rperkondition beibeh\u00e4lt. Hausmittel wie K\u00fcrbisp\u00fcree oder Probiotika k\u00f6nnen verwendet werden, um einige der Symptome wie Durchfall im Zusammenhang mit FIP-F\u00e4llen zu lindern.<\/p>\n<p>Eine unterst\u00fctzende Behandlung ist auch dann wichtig, wenn bei einem diagnostischen Verfahren kein Erguss festgestellt wird, was bei einigen F\u00e4llen von infekti\u00f6ser Peritonitis bei Katzen h\u00e4ufig der Fall ist.<\/p>\n<p>Dies k\u00f6nnte die Verwendung intraven\u00f6ser Fl\u00fcssigkeiten zur Aufrechterhaltung des Fl\u00fcssigkeitsgehalts umfassen, wenn die orale Rehydrierung fehlschl\u00e4gt, sowie Appetitanreger oder Nahrungserg\u00e4nzungsmittel, die von einem tier\u00e4rztlichen Ern\u00e4hrungsberater je nach den individuellen Bed\u00fcrfnissen der Katze verschrieben werden k\u00f6nnen. Dar\u00fcber hinaus wird ein erfahrener Tierarzt etwaige Schwellungen im Bauchraum Ihrer Katze \u00fcberwachen, da dies auf Fl\u00fcssigkeitsansammlungen aufgrund von Grunderkrankungen im Zusammenhang mit FIP hinweisen kann.<\/p>\n<p>&nbsp;<\/p>\n","protected":false},"excerpt":{"rendered":"<p>Der Zusammenhang zwischen FIP und Bauchwasser FIP f\u00fchrt zu Fl\u00fcssigkeitsansammlungen im Bauchraum. Deshalb ist es wichtig, sowohl die Anzeichen als auch die Folgen zu kennen. Wie sich bei FIP Fl\u00fcssigkeit ansammelt Feline infekti\u00f6se Peritonitis (FIP) ist ein schweres und in der Regel t\u00f6dliches Virus bei Katzen. Sie tritt auf, wenn das Coronavirus, das sich bereits [&hellip;]<\/p>\n","protected":false},"author":11,"featured_media":2106,"parent":0,"menu_order":0,"comment_status":"closed","ping_status":"closed","template":"","meta":{"_glsr_average":0,"_glsr_ranking":0,"_glsr_reviews":0,"footnotes":""},"categories":[649],"tags":[601,445],"_links":{"self":[{"href":"https:\/\/fipmed.co\/de\/wp-json\/wp\/v2\/pages\/15264"}],"collection":[{"href":"https:\/\/fipmed.co\/de\/wp-json\/wp\/v2\/pages"}],"about":[{"href":"https:\/\/fipmed.co\/de\/wp-json\/wp\/v2\/types\/page"}],"author":[{"embeddable":true,"href":"https:\/\/fipmed.co\/de\/wp-json\/wp\/v2\/users\/11"}],"replies":[{"embeddable":true,"href":"https:\/\/fipmed.co\/de\/wp-json\/wp\/v2\/comments?post=15264"}],"version-history":[{"count":0,"href":"https:\/\/fipmed.co\/de\/wp-json\/wp\/v2\/pages\/15264\/revisions"}],"wp:featuredmedia":[{"embeddable":true,"href":"https:\/\/fipmed.co\/de\/wp-json\/wp\/v2\/media\/2106"}],"wp:attachment":[{"href":"https:\/\/fipmed.co\/de\/wp-json\/wp\/v2\/media?parent=15264"}],"wp:term":[{"taxonomy":"category","embeddable":true,"href":"https:\/\/fipmed.co\/de\/wp-json\/wp\/v2\/categories?post=15264"},{"taxonomy":"post_tag","embeddable":true,"href":"https:\/\/fipmed.co\/de\/wp-json\/wp\/v2\/tags?post=15264"}],"curies":[{"name":"wp","href":"https:\/\/api.w.org\/{rel}","templated":true}]}}