{"id":17110,"date":"2024-03-25T07:19:57","date_gmt":"2024-03-25T07:19:57","guid":{"rendered":"https:\/\/fipmed.co\/fip-bei-katzen-symptome-auf-den-typen-der-fip\/"},"modified":"2024-03-25T07:19:57","modified_gmt":"2024-03-25T07:19:57","slug":"fip-bei-katzen-symptome-auf-den-typen-der-fip","status":"publish","type":"page","link":"https:\/\/fipmed.co\/de\/fip-bei-katzen-symptome-auf-den-typen-der-fip\/","title":{"rendered":"FIP bei Katzen Symptome auf der Grundlage der FIP-Typen"},"content":{"rendered":"<p>Es ist ratsam, die Symptome der FIP bei Katzen anhand der FIP-Typen zu betrachten. Sie sind f\u00fcr eine genauere Diagnose enthalten. Die Kenntnis des FIP-Typs kann Ihnen helfen, den Schweregrad und die verschiedenen Formen der FIP vorherzusagen, damit Sie keine Symptome \u00fcbersehen.<\/p>\n<p>&nbsp;<\/p>\n<h1><strong>Klinische Anzeichen einer nicht-effektiven trockenen FIP<\/strong><\/h1>\n<p>Typische Symptome dieser Form der FIP sind Lethargie, Fieber, Appetitlosigkeit, Gewichtsverlust und Gelbsucht.<\/p>\n<p>&nbsp;<\/p>\n<h2><strong>Lethargie<\/strong><strong> <\/strong><\/h2>\n<p>Lethargie wird h\u00e4ufig als eines der klinischen Anzeichen im Zusammenhang mit infekti\u00f6ser Peritonitis bei Katzen genannt. Sie kann bei Katzen entweder nicht-effusiv, effusiv oder okul\u00e4r auftreten und kann ein Anzeichen daf\u00fcr sein, dass etwas Ernsteres im Gange ist.<\/p>\n<p>Viele Katzen zeigen dieses Symptom der Apathie, bevor andere Symptome auftreten. Deshalb ist es wichtig, Lethargie so fr\u00fch wie m\u00f6glich zu beobachten, bevor sich andere fortgeschrittene Stadien entwickeln.<\/p>\n<p>Ein Symptom, das in den meisten F\u00e4llen auftritt, ist \u00fcberm\u00e4\u00dfige M\u00fcdigkeit oder Lustlosigkeit, die mit langem Stehenbleiben oder l\u00e4ngerem Schlafverhalten au\u00dferhalb der \u00fcblichen Gewohnheiten einhergehen kann.<\/p>\n<p>Dieser Energiemangel bei den Aktivit\u00e4ten der Katze kann schlie\u00dflich zu einem Gewichtsverlust f\u00fchren, obwohl sie aufgrund ihres geschw\u00e4chten Zustands einen gesteigerten Appetit hat &#8211; dies schr\u00e4nkt ihr Aktivit\u00e4tsniveau weiter ein und f\u00fchrt mit der Zeit zu gr\u00f6\u00dferer M\u00fcdigkeit.<\/p>\n<p>Ein weiteres h\u00e4ufiges Anzeichen f\u00fcr FIP sind Verhaltens\u00e4nderungen, wie z. B. das Meiden von Menschen (auch wenn diese zuvor freundlich waren).<\/p>\n<p>&nbsp;<\/p>\n<h2><strong>Fieber<\/strong><\/h2>\n<p>Fieber ist ein h\u00e4ufiges klinisches Zeichen im Zusammenhang mit FIP, es ist jedoch unspezifisch und kann bei Katzen mit verschiedenen Krankheiten auftreten. Es ist wichtig, daran zu denken, dass Fieber das einzige klinische Anzeichen sein kann, das Katzen mit nicht offensichtlicher trockener FIP zeigen, was es zu einem wichtigen Symptom f\u00fcr Tier\u00e4rzte macht, das sie bei der Untersuchung von Katzen auf diese Krankheit ber\u00fccksichtigen m\u00fcssen.<\/p>\n<p>Sobald eine Katze Fieber entwickelt, das durch FIP verursacht wird, schreitet die Krankheit schnell voran und verl\u00e4uft fast immer t\u00f6dlich. Die Diagnose von FIP kann auch aufgrund der vagen Symptome schwierig sein, da viele andere Krankheiten \u00e4hnliche Symptome aufweisen, darunter Atemwegsinfektionen und entz\u00fcndliche Erkrankungen.<\/p>\n<p>&nbsp;<\/p>\n<h2><strong>Anorexie<\/strong><\/h2>\n<p>Anorexie wird gemeinhin als eines der unspezifischen und nicht lokalisierbaren Anzeichen von FIP bei Katzen erkannt. Unter Magersucht versteht man eine Appetitlosigkeit oder einen Appetitverlust, der durch einen verminderten Appetit aufgrund von Schmerzen, Krankheiten oder Verletzungen entstehen kann.<\/p>\n<p>Katzen mit FIP leiden an Appetitlosigkeit und entwickeln aufgrund des daraus resultierenden N\u00e4hrstoffmangels eine An\u00e4mie, die ihren allgemeinen Gesundheitszustand beeintr\u00e4chtigt und ihre normalen Funktionen behindert. Symptome wie Antriebslosigkeit, Lethargie, Gewichtsverlust und Fieber werden bei Katzen, die an einem lebensbedrohlichen Virus wie FIP erkrankt sind, h\u00e4ufig von Anorexie begleitet.<\/p>\n<p>&nbsp;<\/p>\n<h2><strong>Gewichtsverlust<\/strong><\/h2>\n<p>Gewichtsverlust ist ein h\u00e4ufiges klinisches Zeichen f\u00fcr FIP, insbesondere bei trockener FIP. Die mit dem Gewichtsverlust verbundenen Symptome k\u00f6nnen je nach Schweregrad der Erkrankung variieren. Fr\u00fche Anzeichen k\u00f6nnen eine verringerte Nahrungsaufnahme und ein langsameres Wachstum als normal sein, w\u00e4hrend fortgeschrittenere Stadien eine erhebliche Abnahme der K\u00f6rpermasse in kurzer Zeit sowie ein vermindertes Energieniveau und Muskelschwund umfassen k\u00f6nnen.<\/p>\n<p>Ein unerkl\u00e4rlicher oder schneller Gewichtsverlust sollte nicht ignoriert werden, wenn es sich um Katzen handelt, die Anzeichen von FIP zeigen. Wenn Ihre Katze ohne Erkl\u00e4rung d\u00fcnner als sonst erscheint oder ohne erkennbaren Grund \u00fcberm\u00e4\u00dfig viel Fell verliert, sollten Sie unbedingt sofort einen professionellen Tierarzt aufsuchen.<\/p>\n<p>&nbsp;<\/p>\n<h2><strong>Gelbsucht<\/strong><\/h2>\n<p>Gelbsucht ist ein Zeichen, das bei Katzen mit FIP beobachtet wird, typischerweise zusammen mit anderen Anzeichen von Leberversagen oder Hepatomegalie (vergr\u00f6\u00dferte Leber) wie Lethargie und Gewichtsverlust. Bei der k\u00f6rperlichen Untersuchung kann die Haut der Katze gelblich gef\u00e4rbt sein, was besonders am Bauch und an den Augen sichtbar sein kann.<\/p>\n<p>In einigen F\u00e4llen kann die Gelbsucht den gesamten K\u00f6rper der Katze bedecken. Die Gelbsucht entsteht durch einen Anstieg des Bilirubinspiegels (Pigmentmolek\u00fcle, die von zerst\u00f6rten roten Blutk\u00f6rperchen in den Blutkreislauf abgegeben werden), was zu einer Akkumulation f\u00fchrt.<\/p>\n<p>Es deutet auf eine St\u00f6rung irgendwo im Gallenbaum hin, zu dem die Gallenblase und die f\u00fcr die Verdauung notwendigen Verbindungsstrukturen zwischen Leber und D\u00fcnndarm geh\u00f6ren.<\/p>\n<p>&nbsp;<\/p>\n<h1><strong>Klinische Anzeichen einer effusiven feuchten FIP<\/strong><\/h1>\n<p>Thorax-, Bauch- und Skrotalschwellungen sind einige der Anzeichen, die mit einer feuchten FIP in Verbindung gebracht werden.<\/p>\n<p>&nbsp;<\/p>\n<h2><strong>Thoraxschwellung<\/strong><\/h2>\n<p>Die Schwellung des Brustkorbs ist ein klinisches Zeichen der feuchten FIP, bei der es zu einer Fl\u00fcssigkeitsansammlung im Brustkorb kommt. Dies kann zu Atembeschwerden f\u00fchren und die normale Funktion von Organen wie Herzfrequenz, Temperaturregelung und Gasaustausch beeintr\u00e4chtigen.<\/p>\n<p>Daher ist dies einer der Erg\u00fcsse, zu deren Ableitung wir raten, wenn m\u00f6glich.<\/p>\n<p>Thoraxschwellungen weisen auf ein fortgeschrittenes Stadium der FIP hin und \u00e4u\u00dfern sich in der Regel durch eine erh\u00f6hte Atemfrequenz oder gurgelnde Ger\u00e4usche beim Atmen der Katze. Wenn die Thoraxschwellung \u00fcber einen l\u00e4ngeren Zeitraum besteht, kann sie zu einem erh\u00f6hten Druck auf die inneren Organe f\u00fchren, was aufgrund der verminderten Durchblutung und Sauerstoffversorgung zu einer Unterern\u00e4hrung f\u00fchrt.<\/p>\n<p>Dar\u00fcber hinaus k\u00f6nnen anhaltende Thoraxschwellungen unbehandelt zu dauerhaften Sch\u00e4den an lebenswichtigen Organen f\u00fchren, die bei l\u00e4ngerem Stillstand zum Tod f\u00fchren k\u00f6nnen.<\/p>\n<p>&nbsp;<\/p>\n<h2><strong>Schwellung des Unterleibs<\/strong><\/h2>\n<p>Eine Schwellung des Abdomens ist ebenfalls ein klinisches Zeichen, das mit Effusiver FIP in Verbindung gebracht wird. Diese Form der FIP ist durch die Entwicklung von Fl\u00fcssigkeit im Bauchraum gekennzeichnet, die auch als abdominaler Erguss bezeichnet wird.<\/p>\n<p>Das Magen-Darm-System und seine Organe werden von dieser zus\u00e4tzlichen, abnormalen Fl\u00fcssigkeit umgeben. R\u00f6ntgen, Ultraschall und Abdomenpunktion sind diagnostische Verfahren, mit denen festgestellt werden kann, ob bei Katzen mit Verdacht auf FIP ein abdominaler Erguss aufgetreten ist.<\/p>\n<p>Dar\u00fcber hinaus kann eine Fl\u00fcssigkeitsanalyse sehr aussagekr\u00e4ftige Ergebnisse liefern, um einen durch FIP verursachten abdominalen Erguss genau zu diagnostizieren.<\/p>\n<p>Eine Schwellung des Bauches ist f\u00fcr eine Katze weniger bedrohlich, kann aber unangenehm sein. Wenn Sie sich f\u00fcr eine Drainage des Ergusses entscheiden, sollten Sie nicht mehr als 30 % der Fl\u00fcssigkeit ablassen.<\/p>\n<p>&nbsp;<\/p>\n<h2><strong>Schwellung des Hodensacks<\/strong><\/h2>\n<p>Eine Hodenschwellung bei Katern kann von Tierhaltern erkannt werden, wenn sich die Gr\u00f6\u00dfe des Hodensacks auf unerkl\u00e4rliche Weise ver\u00e4ndert, insbesondere wenn sie schnell auftritt oder mit anderen Anzeichen wie Lethargie und Fieber einhergeht.<\/p>\n<p>Diese Form der FIP betrifft meist junge Katzen und beginnt schnell mit Symptomen wie Fl\u00fcssigkeitsansammlung im Bauchraum, Vergr\u00f6\u00dferung des Brustkorbs, Gewichtsverlust, Gelbsucht und anhaltend hohem Fieber.<\/p>\n<p>Die Schwellung des Hodensacks geh\u00f6rt zu den wichtigsten klinischen Symptomen, die Tier\u00e4rzte zur fr\u00fchzeitigen Erkennung dieser Erkrankung heranziehen, in der Regel bevor andere Anzeichen auftreten.<\/p>\n<p>&nbsp;<\/p>\n<h1><strong>Klinische Anzeichen einer okul\u00e4ren FIP<\/strong><\/h1>\n<p>Achten Sie auf Anzeichen von FIP wie Verf\u00e4rbung der Iris, Verlust des Sehverm\u00f6gens, Hornhautverdickung und Hypopyon.<\/p>\n<p>&nbsp;<\/p>\n<h2><strong>Verf\u00e4rbung der Iris<\/strong><\/h2>\n<p>Die Verf\u00e4rbung der Iris ist ein klinisches Zeichen, das auf die okulare Form der FIP hinweisen kann. Sie \u00e4u\u00dfert sich typischerweise in einer Farbver\u00e4nderung der Iris, einer abnormen Tr\u00fcbung des Auges oder einem flockigen Aussehen (wei\u00dfe Flecken) im Pupillenbereich aufgrund einer Entz\u00fcndung, die durch eine Infektion mit dem FIP-Virus verursacht wird.<\/p>\n<p>Eine Hornhautverdickung und ein Hypopyon k\u00f6nnen ebenfalls mit diesem Zeichen einhergehen, das in der Regel unbehandelt zu einem dauerhaften Sehverlust f\u00fchren kann. Eine fr\u00fchzeitige Erkennung und Diagnose dieser Erkrankung ist wichtig, um eine sofortige Behandlung mit antiprotozoischen Mitteln wie Chloramphenicol und Thiamphenicol einzuleiten und so weitere Risiken zu verringern.<\/p>\n<p>&nbsp;<\/p>\n<h2><strong>Verlust der Sehkraft<\/strong><\/h2>\n<p>Der Verlust des Sehverm\u00f6gens ist eines der auff\u00e4lligsten Anzeichen daf\u00fcr, dass Ihre Katze an okul\u00e4rer FIP erkrankt sein k\u00f6nnte. Es ist ein fortgeschrittenes Symptom und kann darauf hinweisen, dass eine ernstere Form des Virus bei Ihrem Haustier bereits aktiv war.<\/p>\n<p>Die pyogranulomat\u00f6se anteriore Uveitis (Entz\u00fcndung) ist eine solche Manifestation, die Anzeichen wie das Handlicht-Zeichen (gelbliche Streuung, wenn die Augen einem fokussierten Lichtstrahl wie einer Taschenlampe ausgesetzt sind) hervorruft.<\/p>\n<p>Dieses Syndrom ist mit einer erheblichen Beeintr\u00e4chtigung des Sehverm\u00f6gens verbunden und geht mit unzureichenden zystischen Strukturen und L\u00e4sionen in der Iris einher, die auch die Orbitalh\u00f6hle zerst\u00f6ren k\u00f6nnen, wenn sie \u00fcber l\u00e4ngere Zeit unbehandelt bleiben.<\/p>\n<p>&nbsp;<\/p>\n<h2><strong>Hornhautverdickung<\/strong><\/h2>\n<p>Diese Erkrankung tritt auf, wenn der \u00e4u\u00dfere Teil des Auges, die so genannte Hornhaut, aufgrund einer Entz\u00fcndung dicker wird als normal.<\/p>\n<p>Bei Katzen kann dies entweder durch einen Virus oder ein Bakterium verursacht werden, und es kann Wochen dauern, bis sich die Auswirkungen bemerkbar machen. In der Regel ist dieses Symptom leichter zu erkennen, wenn gleichzeitig andere Anzeichen wie Tr\u00fcbungen der Sicht oder Schmerzen auftreten.<\/p>\n<p>Eine Katze mit Hornhautverdickung kann Schwierigkeiten haben, klar zu sehen, und m\u00f6glicherweise Unbehagen oder Schmerzen empfinden, weil ihre Sehqualit\u00e4t abnimmt.<\/p>\n<p>&nbsp;<\/p>\n<h2><strong>Hypopyon<\/strong><\/h2>\n<p>Hypopyon ist ein medizinischer Begriff, der eine Ansammlung wei\u00dfer Blutk\u00f6rperchen an der Basis der Hornhaut beschreibt, die h\u00e4ufig bei Entz\u00fcndungen oder Infektionen des Auges auftritt. Am h\u00e4ufigsten wird sie mit Uveitis in Verbindung gebracht, einer Entz\u00fcndung im Inneren des Auges, die als Folge der FIP bei Katzen auftritt.<\/p>\n<p>Das Hypopyon wird durch Leukozyten (wei\u00dfe Blutk\u00f6rperchen) verursacht, die durch die Iris eindringen und sich in der inneren Augenkammer ansammeln. Dies f\u00fchrt dann zu direkten Beobachtungen bei der k\u00f6rperlichen Untersuchung, wie z. B. sichtbare Tr\u00fcbungen in einem oder mehreren Teilen des Augapfels oder Pupillenver\u00e4nderungen bei Lichtexpositionstests, die von Tier\u00e4rzten durchgef\u00fchrt werden.<\/p>\n<p>&nbsp;<\/p>\n<h2><strong>Netzhautabl\u00f6sung<\/strong><\/h2>\n<p>Dies ist ein Zustand, der auftritt, wenn sich die Netzhaut von dem darunter liegenden St\u00fctzgewebe und der Blutversorgung l\u00f6st. Sie kann durch eine Reihe von Krankheiten wie Bluthochdruck, eine Schilddr\u00fcsen\u00fcberfunktion oder Nierenerkrankungen verursacht werden.<\/p>\n<p>Bei Katzen mit FIP k\u00f6nnen neben Netzhautblutungen und -abl\u00f6sungen auch granulomat\u00f6se Ver\u00e4nderungen auftreten.<\/p>\n<p>Das Hauptsymptom einer Netzhautabl\u00f6sung ist der Verlust des Sehverm\u00f6gens, der je nach Ausma\u00df der Sch\u00e4digung und Schwere der Infektion pl\u00f6tzlich oder allm\u00e4hlich auftreten kann.<\/p>\n<p>Weitere Anzeichen sind eine Verschleierung oder Tr\u00fcbung der Augen, eine St\u00f6rung oder Verzerrung des bestehenden Gesichtsfeldes und Schwierigkeiten bei der Anpassung an helle Lichtverh\u00e4ltnisse einschlie\u00dflich Nachtblindheit.<\/p>\n<p>Bei einigen Katzen k\u00f6nnen auch Floater auftreten, die aus dem Austritt von Glask\u00f6rperfl\u00fcssigkeit in einen beliebigen Teil der Augenstruktur resultieren und aufgrund der Beeintr\u00e4chtigung der normalen Sehleistung verzerrte Bilder verursachen.<\/p>\n<p>&nbsp;<\/p>\n<h1><strong>Klinische Anzeichen einer neurologischen FIP<\/strong><\/h1>\n<p>Achten Sie auf Anzeichen wie Unausgeglichenheit, Kopfneigung, Krampfanf\u00e4lle und Verhaltens\u00e4nderungen.<\/p>\n<p>&nbsp;<\/p>\n<h2><strong>Ungleichgewicht<\/strong><\/h2>\n<p>Ein Ungleichgewicht ist ein h\u00e4ufiges Symptom der FIP und oft der erste Hinweis darauf, dass etwas nicht stimmt. Bei Katzen mit FIP kann sich das Ungleichgewicht als Schwierigkeiten beim Gehen oder als Verlust der Koordination \u00e4u\u00dfern &#8211; je nach Schweregrad der Erkrankung.<\/p>\n<p>Beim Wechsel vom Liegen zum Stehen k\u00f6nnen manche Katzen hin- und herschwanken, weil sie nicht in der Lage sind, ihr Gleichgewicht schnell wiederzufinden. Die Ursache f\u00fcr dieses Symptom kann unterschiedlich sein, je nachdem, welche Art von FIP Ihre Katze entwickelt hat. Dies k\u00f6nnte auf neurologische Sch\u00e4den oder Fl\u00fcssigkeitsansammlungen im Bauch- oder Brustraum zur\u00fcckzuf\u00fchren sein.<\/p>\n<p>Ein Ungleichgewicht bei Katzen sollte nicht auf die leichte Schulter genommen und mit dem Tierarzt besprochen werden, da eine fr\u00fchzeitige Diagnose die Prognose bei der Behandlung dieses Zustands erheblich verbessert. Ihr Tierarzt wird zun\u00e4chst eine k\u00f6rperliche Untersuchung durchf\u00fchren, bei der er die Motorik und die Reflexe \u00fcberpr\u00fcft, um festzustellen, ob der Gang der Katze koordiniert erscheint.<\/p>\n<p>&nbsp;<\/p>\n<h2><strong>Kopfneigung<\/strong><\/h2>\n<p>Die Kopfneigung ist ein wichtiges klinisches Zeichen der neurologischen FIP, da sie h\u00e4ufig auf ein vestibul\u00e4res Syndrom hinweist. Das Vestibularsyndrom tritt auf, wenn der Teil des Gehirns, der f\u00fcr das Gleichgewicht zust\u00e4ndig ist, nicht richtig funktioniert, was zu Gleichgewichtsst\u00f6rungen und Koordinationsproblemen f\u00fchrt.<\/p>\n<p>Bei Katzen \u00e4u\u00dfert sich dies durch eine ausgepr\u00e4gte Kopfneigung zur einen oder anderen Seite. Dies kann mit Augen einhergehen, die sich nicht normal zu bewegen scheinen. Es kann sein, dass die eine Katze schnell hin und her springt, w\u00e4hrend die andere stillsteht, und dass die Schwerkraft Rollbewegungen verursacht, die es der Katze schwer machen, aufrecht zu bleiben.<\/p>\n<p>&nbsp;<\/p>\n<h2><strong>Krampfanf\u00e4lle<\/strong><\/h2>\n<p>Krampfanf\u00e4lle k\u00f6nnen ein klinisches Zeichen f\u00fcr FIP sein, wenn eine neurologische Beteiligung vorliegt. Einige verr\u00e4terische Anzeichen daf\u00fcr, dass Ihre Katze aufgrund von FIP einen Anfall erleidet, sind unangemessene Ausscheidungen, demenz\u00e4hnliche Verhaltensweisen wie Kreisen oder Aggressivit\u00e4t, verminderte Koordination und Gleichgewicht, seltsame Laut\u00e4u\u00dferungen oder Bewusstseinsverluste.<\/p>\n<p>Jedes Mal, wenn Ihre Katze einen Anfall erleidet, sollten Sie sie umgehend zur weiteren Untersuchung und Diagnose zum Tierarzt bringen.<\/p>\n<p>&nbsp;<\/p>\n<h2><strong>Verhaltens\u00e4nderung<\/strong><\/h2>\n<p>Verhaltens\u00e4nderungen k\u00f6nnen ein fr\u00fcher Hinweis auf FIP sein. Ein h\u00e4ufiges Symptom, das die Besitzer beunruhigt, sind pl\u00f6tzliche Ver\u00e4nderungen im Verhaltensmuster ihrer Katze. Katzen k\u00f6nnen sich h\u00e4ufiger als sonst verstecken oder Aggressionen zeigen, wenn sie es normalerweise nicht tun w\u00fcrden.<\/p>\n","protected":false},"excerpt":{"rendered":"<p>Es ist ratsam, die Symptome der FIP bei Katzen anhand der FIP-Typen zu betrachten. Sie sind f\u00fcr eine genauere Diagnose enthalten. Die Kenntnis des FIP-Typs kann Ihnen helfen, den Schweregrad und die verschiedenen Formen der FIP vorherzusagen, damit Sie keine Symptome \u00fcbersehen. &nbsp; Klinische Anzeichen einer nicht-effektiven trockenen FIP Typische Symptome dieser Form der FIP [&hellip;]<\/p>\n","protected":false},"author":1,"featured_media":16847,"parent":0,"menu_order":0,"comment_status":"closed","ping_status":"closed","template":"","meta":{"_glsr_average":0,"_glsr_ranking":0,"_glsr_reviews":0,"footnotes":""},"categories":[677],"tags":[],"_links":{"self":[{"href":"https:\/\/fipmed.co\/de\/wp-json\/wp\/v2\/pages\/17110"}],"collection":[{"href":"https:\/\/fipmed.co\/de\/wp-json\/wp\/v2\/pages"}],"about":[{"href":"https:\/\/fipmed.co\/de\/wp-json\/wp\/v2\/types\/page"}],"author":[{"embeddable":true,"href":"https:\/\/fipmed.co\/de\/wp-json\/wp\/v2\/users\/1"}],"replies":[{"embeddable":true,"href":"https:\/\/fipmed.co\/de\/wp-json\/wp\/v2\/comments?post=17110"}],"version-history":[{"count":0,"href":"https:\/\/fipmed.co\/de\/wp-json\/wp\/v2\/pages\/17110\/revisions"}],"wp:featuredmedia":[{"embeddable":true,"href":"https:\/\/fipmed.co\/de\/wp-json\/wp\/v2\/media\/16847"}],"wp:attachment":[{"href":"https:\/\/fipmed.co\/de\/wp-json\/wp\/v2\/media?parent=17110"}],"wp:term":[{"taxonomy":"category","embeddable":true,"href":"https:\/\/fipmed.co\/de\/wp-json\/wp\/v2\/categories?post=17110"},{"taxonomy":"post_tag","embeddable":true,"href":"https:\/\/fipmed.co\/de\/wp-json\/wp\/v2\/tags?post=17110"}],"curies":[{"name":"wp","href":"https:\/\/api.w.org\/{rel}","templated":true}]}}