{"id":17122,"date":"2024-03-25T07:02:30","date_gmt":"2024-03-25T07:02:30","guid":{"rendered":"https:\/\/fipmed.co\/fip-stadien-und-symptome-auf-der-grundlage-von-fip-stadien\/"},"modified":"2024-03-25T07:02:30","modified_gmt":"2024-03-25T07:02:30","slug":"fip-stadien-und-symptome-auf-der-grundlage-von-fip-stadien","status":"publish","type":"page","link":"https:\/\/fipmed.co\/de\/fip-stadien-und-symptome-auf-der-grundlage-von-fip-stadien\/","title":{"rendered":"Stadien der FIP und Symptome basierend auf den Stadien der FIP"},"content":{"rendered":"<p>Bei einer Infektion mit diesem Virus gibt es vier verschiedene Stadien der FIP: erste Exposition und Inkubation, prim\u00e4re Vir\u00e4mie, sekund\u00e4re Vir\u00e4mie und klinische FIP.<\/p>\n<p>&nbsp;<\/p>\n<h1><strong>Stadium der FIP: Erste Exposition und Inkubation<\/strong><\/h1>\n<p>Das Feline Coronavirus (FCoV) kommt in vielen Umgebungen vor, so dass es sehr wahrscheinlich ist, dass Katzen irgendwann in ihrem Leben damit in Kontakt kommen.<br \/>\nDiese Erstinfektion ist in der Regel gutartig, aber leider besteht das Risiko, dass das Virus mutiert und bei einigen Katzen FIP verursacht.<br \/>\nDie Inkubationszeit f\u00fcr diese Mutation kann von einigen Wochen bis zu mehreren Jahren reichen, aber Katzen sind innerhalb der ersten 6 Wochen nach der Erstinfektion mit dem Virus am meisten gef\u00e4hrdet, eine klinische FIP zu entwickeln.<br \/>\nExperimente haben ergeben, dass bereits sechs Wochen f\u00fcr eine infizierte Katze ausreichen k\u00f6nnen, um eine ausgewachsene Krankheit zu entwickeln.<br \/>\nW\u00e4hrend der anf\u00e4nglichen Exposition und der Inkubationszeit ist es wichtig zu wissen, dass infizierte Katzen ungew\u00f6hnlich viele Viruspartikel ausscheiden, was schnell dazu f\u00fchren kann, dass auch andere Haustiere an der Infektion erkranken. <\/p>\n<p>&nbsp;<\/p>\n<h1><strong>Stadium der FIP: <\/strong>Prim\u00e4re Vir\u00e4mie<\/h1>\n<p>Prim\u00e4re Vir\u00e4mie ist das Stadium w\u00e4hrend einer Infektion mit dem Virus der Felinen Infekti\u00f6sen Peritonitis (FIP), in dem das Immunsystem der Katze beginnt, auf den fremden Eindringling zu reagieren.<br \/>\nIn diesem Stadium k\u00f6nnen hohe Konzentrationen des FCoV im Blut der Katze gefunden werden.<br \/>\nDies markiert den Beginn eines Kampfes zwischen dem K\u00f6rper der Katze und dem Virus und ist auch der Zeitpunkt, an dem Mutationen aufgrund einer verminderten Resistenz wahrscheinlicher werden.<br \/>\nKatzen mit prim\u00e4rer Vir\u00e4mie zeigen eine verst\u00e4rkte Reaktion ihres Immunsystems, das versucht, sie vor jeglichem Schaden zu sch\u00fctzen, der durch das Eindringen des Erregers in ihren K\u00f6rper entsteht.<br \/>\nEinige Katzen sind in der Lage, ihren K\u00f6rper mit einer starken Immunreaktion von dem Virus zu befreien. <\/p>\n<p>&nbsp;<\/p>\n<h1><strong>Stadium der FIP: <\/strong><strong>Sekund\u00e4re Vir\u00e4mie<\/strong><\/h1>\n<p>Die sekund\u00e4re Vir\u00e4mie bezieht sich auf ein nachfolgendes Stadium, das die Katzen betrifft, die das Virus w\u00e4hrend des prim\u00e4ren Stadiums nicht abwehren konnten.<br \/>\nIn diesem Stadium sind das Knochenmark und andere Gewebe von dem Virus befallen worden.<br \/>\nDas Virus kann dann f\u00fcr einige Zeit in einem passiven Zustand im Knochenmark verbleiben.<br \/>\nDar\u00fcber hinaus beginnt der FIPV-Spiegel im Blut zu steigen und erreicht schlie\u00dflich einen Punkt, an dem die Katzen nicht mehr in der Lage sind, das Virus unter Kontrolle zu halten.<br \/>\nLeider haben zu diesem Zeitpunkt bereits viele systemische Entz\u00fcndungsprozesse eingesetzt, da die FIPV lebenswichtige Organe und Gewebe befallen hat.<br \/>\nWie der Name schon sagt, beginnt das Virus w\u00e4hrend der sekund\u00e4ren Vir\u00e4mie, sich in anderen Organen auszubreiten, was zu schwerwiegenderen Symptomen f\u00fchrt, die schnell lebensbedrohlich werden k\u00f6nnen, wenn nicht sofort gehandelt wird.<br \/>\nDer Schweregrad der prim\u00e4ren Immunreaktion oder wie gut der K\u00f6rper einer Katze in der Lage ist, die Infektion zu kontrollieren, spielt eine wichtige Rolle bei der Bestimmung des Grades, ab dem sich das Virus \u00fcber ein einziges Organsystem hinaus ausbreitet.<br \/>\nW\u00e4hrend dieser entscheidenden Phase k\u00f6nnen Katzen anhaltendes Fieber (\u00fcber 103\u00b0F), verminderten Appetit und eine allgemeine Verschlechterung ihres Zustands erleben, da ihr Immunsystem, das sich sehr bem\u00fcht, die mutierten Viren unter Kontrolle zu bringen, dies nicht schafft und daher auf Behandlungspl\u00e4ne mit antiviralen Medikamenten und anderen Medikamenten angewiesen ist.<\/p>\n<p>&nbsp;<\/p>\n<h1><strong>Stadium der FIP: <\/strong><strong>Klinische FIP<\/strong><\/h1>\n<p>Im klinischen Stadium der FIP sind die Katzen nicht mehr in der Lage, das Virus einzud\u00e4mmen.<br \/>\nDies ist zum Teil auf eine Ver\u00e4nderung in einem der Proteine zur\u00fcckzuf\u00fchren, die in einigen Arten von FCoV, genannt FIPV, vorkommen.<br \/>\nFIPV verursacht eine Vaskulitis, d.h. eine Entz\u00fcndung und Schwellung um eine Gruppe von Zellen oder Organen.<br \/>\nIn diesem Stadium kann es auch zu einer Fl\u00fcssigkeitsansammlung in den K\u00f6rperh\u00f6hlen kommen, die zu einem Fl\u00fcssigkeitsstau und \u00fcberm\u00e4\u00dfigem Druck auf lebenswichtige Organe f\u00fchrt.<br \/>\nKatzen mit FIP k\u00f6nnen Symptome wie Gewichtsverlust, Fieber, Dehydrierung, geschwollener Bauch oder Kopfbereich und Atembeschwerden aufgrund von Bruststauungen aufweisen.<br \/>\nDie Zerst\u00f6rung der lebenswichtigen Organe durch Infektionen beginnt zu diesem Zeitpunkt und kann zu einem Organversagen f\u00fchren.<br \/>\nDies \u00e4u\u00dfert sich in der Regel sp\u00e4ter in Form von Nierenerkrankungen oder neurologischen Sch\u00e4den, die durch Entz\u00fcndungen im Gehirngewebe verursacht werden.  <\/p>\n<p>&nbsp;<\/p>\n<h1><strong>Stadium der FIP: <\/strong><strong>Organsch\u00e4digung <\/strong> <\/h1>\n<p>Dies ist das letzte Stadium der FIP, in dem die Entz\u00fcndung bereits Sch\u00e4den an den Organen verursacht und die Katze weitere Folgeprobleme aufweist.<br \/>\nZu den h\u00e4ufig betroffenen Organen geh\u00f6ren:<br \/>\n<strong>Abdominalorgane:<\/strong> FIP f\u00fchrt h\u00e4ufig zur Bildung von Granulomen (kleine Kn\u00f6tchen aus entz\u00fcndlichem Gewebe) in den Bauchorganen, wie Leber, Milz und Nieren.<br \/>\nDies kann zu Funktionsst\u00f6rungen und Versagen dieser Organe f\u00fchren.<br \/>\n<strong>Nieren:<\/strong> Die Nieren k\u00f6nnen von granulomat\u00f6sen L\u00e4sionen betroffen sein, was zu Nierenversagen f\u00fchren kann.<br \/>\n<strong>Zentrales Nervensystem (ZNS):<\/strong> Die FIP kann neurologische Symptome verursachen, wenn sie das ZNS bef\u00e4llt.<br \/>\nKatzen mit neurologischer FIP k\u00f6nnen Verhaltens\u00e4nderungen, Krampfanf\u00e4lle und Schwierigkeiten beim Laufen aufweisen.<br \/>\n<strong>Augen<\/strong>: Die Augen sind bei FIP h\u00e4ufig betroffen, was zu Entz\u00fcndungen, Tr\u00fcbungen und manchmal zur Erblindung f\u00fchrt.<br \/>\nDies wird als okulare oder trockene FIP bezeichnet.<br \/>\n<strong>Herz-Kreislauf-System:<\/strong> In einigen F\u00e4llen kann die FIP das Herz und die Blutgef\u00e4\u00dfe befallen, was zu kardiovaskul\u00e4ren Problemen f\u00fchrt.<br \/>\nDiese kontinuierliche Verschlechterung des Zustands der Katze f\u00fchrt schlie\u00dflich zu L\u00e4hmungen und schlie\u00dflich zum Tod.<\/p>\n<p>&nbsp;<\/p>\n<p>&nbsp;<\/p>\n<h1><strong>Symptome basierend auf den Stadien der FIP<\/strong><\/h1>\n<h2><strong>Zeichen im Fr\u00fchstadium der FIP<\/strong><strong> <\/strong><\/h2>\n<p>Katzen k\u00f6nnen zu Beginn unspezifische Symptome wie Verhaltens\u00e4nderungen, Gewichtsverlust und Appetitlosigkeit sowie schwankendes Fieber aufweisen.<\/p>\n<p><strong> <\/strong><\/p>\n<p><strong>Unspezifische Symptome<\/strong><\/p>\n<p>FIP hat eine Vielzahl von unspezifischen Symptomen, die leicht mit anderen Krankheiten verwechselt werden k\u00f6nnen.<br \/>\nDiese ersten Anzeichen sind in der Regel vage und umfassen Lustlosigkeit, Lethargie, verminderten Appetit, Gewichtsverlust und schwankendes Fieber.<br \/>\nIn einigen F\u00e4llen zeigen Katzen neben diesen k\u00f6rperlichen Symptomen auch Verhaltens\u00e4nderungen.<br \/>\nAchten Sie unbedingt auf winzige Ver\u00e4nderungen im Gesundheitszustand Ihrer Katze, wie z.B. ein erh\u00f6htes oder verringertes Energieniveau, da dies das erste Anzeichen f\u00fcr FIP sein kann.<br \/>\nObwohl die Krankheit bei Katzen so h\u00e4ufig vorkommt, ist sie aufgrund ihrer subtilen Ursache im Anfangsstadium nur schwer zu erkennen, es sei denn, Sie achten genau auf zus\u00e4tzliche Anzeichen wie Anorexie oder Pica (ein Zustand, bei dem die Katze Dinge frisst, die sie nicht fressen sollte), die w\u00e4hrend einer FIP-Infektion h\u00e4ufig auftreten.<br \/>\nFieberschwankungen k\u00f6nnen auch bedeuten, dass mit Ihrer Katze etwas nicht stimmt. Achten Sie also auf gr\u00f6\u00dfere Temperaturschwankungen, wenn Sie sie im Laufe des Tages regelm\u00e4\u00dfig kontrollieren, z. B. wenn das Fieber trotz tier\u00e4rztlicher Behandlung l\u00e4nger als 24 Stunden anh\u00e4lt. <\/p>\n<p>&nbsp;<\/p>\n<p><strong>Diarrh\u00f6e<\/strong><\/p>\n<p>Wenn das Feline Coronavirus (FCoV) erstmals in eine Katze eindringt, infiziert es den D\u00fcnndarm und verursacht manchmal Durchfall.<br \/>\nDas Virus wird bereits zwei Tage nach der Infektion mit dem Kot ausgeschieden und bleibt dann einige Wochen bis Monate lang erhalten.<br \/>\nVom Darm aus gelangt das Virus in den Blutkreislauf und f\u00fchrt bei einigen ungl\u00fccklichen Katzen zu FIP. Die meisten Katzen entwickeln jedoch eine erfolgreiche Immunreaktion und werden das Virus wieder los und f\u00fchren ein v\u00f6llig gesundes und normales Leben.<br \/>\nEine Erstinfektion mit FCoV kann in jedem Alter, nicht nur bei K\u00e4tzchen, zu Durchfall f\u00fchren. Der Schweregrad kann von leicht \u00fcber chronisch bis hin zu schwer und lebensbedrohlich reichen.<br \/>\nDas Virus sch\u00e4digt zun\u00e4chst die Auskleidung des D\u00fcnndarms.<br \/>\nLeider kann FCoV bei einigen Katzen den D\u00fcnndarm sehr stark sch\u00e4digen, was zu einer dauerhaften Neigung zu Erbrechen oder Durchfall und zum so genannten &#8222;Malabsorptionssyndrom&#8220; f\u00fchrt, bei dem die betroffene Katze nicht in der Lage ist, die von ihr gefressenen N\u00e4hrstoffe zu verwerten, so dass sie nicht ausreichend an Gewicht zunimmt und nicht gedeiht.  <\/p>\n<p>&nbsp;<\/p>\n<p><strong>Verhaltens\u00e4nderungen<\/strong><\/p>\n<p>Bei Katzen, die mit FIP infiziert sind, k\u00f6nnen die Besitzer zun\u00e4chst weniger offensichtliche Symptome wie verminderte Aktivit\u00e4t, Lustlosigkeit und Appetitlosigkeit feststellen.<br \/>\nEs kann sein, dass Ihre Katze weit weniger interaktiv ist als zuvor, dass sie es vorzieht, sich an einsamen Orten aufzuhalten oder den ganzen Tag zu schlafen.<br \/>\nEs kann auch sein, dass sie Interaktionen mit anderen Haustieren oder Menschen meidet.<br \/>\nPica ist eine weitere Verhaltens\u00e4nderung, die mit dem Virus in Verbindung gebracht wird &#8211; wenn Ihr Haustier anf\u00e4ngt, andere Dinge als Nahrung zu fressen, k\u00f6nnte dies ein Anzeichen f\u00fcr eine FIP sein.<br \/>\nZus\u00e4tzlich zur Anorexie (v\u00f6llige Appetitlosigkeit) k\u00f6nnen Sie beobachten, dass Ihre Katze Schwierigkeiten hat, sich selbst zu ern\u00e4hren, oder dass sie kein Interesse am Futter zeigt, wenn es ihr angeboten wird &#8211; beides kann ein Hinweis darauf sein, dass etwas nicht stimmt. <\/p>\n<p>&nbsp;<\/p>\n<p><strong>Gewichtsverlust und Appetitlosigkeit<\/strong><\/p>\n<p>Gewichtsverlust und Appetitlosigkeit sind zwei der fr\u00fchesten Anzeichen f\u00fcr FIP.<br \/>\nWenn sich Katzen zum ersten Mal infizieren, zeigen sie m\u00f6glicherweise erst Wochen oder Monate sp\u00e4ter Symptome.<br \/>\nEin langsamer Gewichtsverlust und verminderter Appetit k\u00f6nnen jedoch ein Hinweis darauf sein, dass etwas nicht stimmt.<br \/>\nEin pl\u00f6tzlicher Gewichtsverlust von 15-20% innerhalb weniger Tage kann ein Anzeichen f\u00fcr FIP sein.<br \/>\nEbenso k\u00f6nnte ein verminderter Appetit, selbst wenn man ihm g\u00fcnstiges Futter anbietet, auf den Ausbruch der Krankheit hinweisen.<br \/>\nDiese Art von Symptomkomplex kann auf ein durch FIP verursachtes Organversagen oder andere ernsthafte Erkrankungen wie eine chronische Nierenerkrankung hinweisen, die unbehandelt schnell fortschreiten und f\u00fcr Katzen lebensbedrohlich werden kann, wenn sie nicht fr\u00fchzeitig erkannt wird.<br \/>\nViele Katzenbesitzer haben berichtet, dass sie im Zusammenhang mit diesen Symptomen dramatische Ver\u00e4nderungen im Energielevel und in der Aktivit\u00e4t beobachtet haben, was ihre Bedeutung f\u00fcr die Diagnose und die Behandlungsentscheidungen von Tier\u00e4rzten und Tierbesitzern gleicherma\u00dfen unterstreicht.  <\/p>\n<p>&nbsp;<\/p>\n<p><strong>Schwankendes Fieber<\/strong><\/p>\n<p>Fieberschwankungen bei Katzen sind typischerweise definiert als abwechselnde Episoden hoher und niedriger Temperaturen.<br \/>\nEs ist eines der ersten klinischen Anzeichen, die mit FIP in Verbindung gebracht werden.<br \/>\nDiese Art von Fieber kann t\u00e4glich variieren und zwischen normaler K\u00f6rpertemperatur und gef\u00e4hrlich hohen Temperaturen schwanken.<br \/>\nDa dies pl\u00f6tzlich passieren kann, ist es f\u00fcr Katzenbesitzer wichtig, die Temperatur ihres Tieres regelm\u00e4\u00dfig zu \u00fcberwachen, da jede pl\u00f6tzliche Ver\u00e4nderung ein Anzeichen f\u00fcr FIP oder ein anderes ernsthaftes Gesundheitsproblem sein k\u00f6nnte.<br \/>\nEs ist leicht, schwankendes Fieber mit anhaltend hohem Fieber zu verwechseln, das Katzen haben k\u00f6nnen, wenn sie krank sind, aber es handelt sich um zwei v\u00f6llig unterschiedliche Krankheiten, die unterschiedliche Behandlungsformen erfordern. <\/p>\n<p>&nbsp;<\/p>\n<h2><strong>Anzeichen im fortgeschrittenen Stadium der FIP<\/strong><\/h2>\n<p>&nbsp;<\/p>\n<p>Die Symptome k\u00f6nnen zu schwereren Auswirkungen wie Organversagen und Fl\u00fcssigkeitsansammlungen f\u00fchren.<br \/>\nLesen Sie weiter und erfahren Sie mehr! <\/p>\n<p><strong>Organversagen<\/strong><\/p>\n<p>Organversagen ist eine der schwerwiegendsten Folgen, die mit FIP verbunden sind.<br \/>\nDies kann verschiedene Organe betreffen, wie die Nieren, die Leber und viele andere.<br \/>\nWenn die Krankheit ihr fortgeschrittenstes Stadium erreicht, kann es zu Organfehlfunktionen oder -versagen kommen.<br \/>\nDiese Organsch\u00e4den k\u00f6nnen eine Vielzahl von Symptomen verursachen, die je nach den betroffenen Stellen im K\u00f6rper variieren.<br \/>\nBleibt die Krankheit zu lange unbehandelt, belastet sie den allgemeinen Gesundheitszustand des betroffenen Tieres immens, bis sie schlie\u00dflich zu einer katastrophalen Krankheit oder zum Tod f\u00fchrt, wenn sie nicht fr\u00fch genug erkannt und entsprechend behandelt wird. <\/p>\n<p>&nbsp;<\/p>\n<p><strong>Anhaltend hohes Fieber<\/strong><\/p>\n<p>Anhaltendes Fieber ist ein h\u00e4ufiges klinisches Zeichen im Zusammenhang mit fortgeschrittenen Stadien der Felinen Infekti\u00f6sen Peritonitis (FIP).<br \/>\nDieses Fieber kann Temperaturen zwischen 102 \u00b0F und 105 \u00b0F erreichen und \u00fcber Wochen oder Monate anhalten.<br \/>\nEine fr\u00fchzeitige Diagnose ist wichtig, da sie hilft, andere Krankheiten auszuschlie\u00dfen und eine Behandlung einzuleiten.<br \/>\nDas Fieber wird durch eine Entz\u00fcndung infolge einer weit verbreiteten Infektion verursacht, die von Anzeichen wie Lethargie, Bauchschwellungen, Appetitlosigkeit, Gewichtsverlust und Gelbsucht begleitet sein kann.<br \/>\nWenn das Fieber trotz einer Antibiotikatherapie oder entz\u00fcndungshemmender Medikamente anh\u00e4lt, k\u00f6nnte dies ein Hinweis auf FIP sein.<br \/>\nDas hohe Fieber normalisiert sich oft, wenn die richtige Behandlung beginnt. <\/p>\n<p>&nbsp;<\/p>\n<p><strong>Fl\u00fcssigkeitsansammlung<\/strong><\/p>\n<p>Fl\u00fcssigkeitsansammlungen sind ein wichtiges Anzeichen f\u00fcr FIP bei Katzen und k\u00f6nnen in verschiedenen Bereichen des K\u00f6rpers auftreten.<br \/>\nIm Brustkorb sammelt sich Fl\u00fcssigkeit um das Herz und die Lunge herum an, was zu Bewegungseinschr\u00e4nkungen und Atembeschwerden f\u00fchrt.<br \/>\nAu\u00dferdem k\u00f6nnen die Lymphknoten anschwellen, weil sie durch die \u00fcberm\u00e4\u00dfige Bildung von proteinreichen Fl\u00fcssigkeitszellen, den so genannten Pleuraerg\u00fcssen, blockiert werden.<br \/>\nFl\u00fcssigkeit kann sich auch in anderen Organen wie dem Bauchraum oder dem Hodensack ansammeln, wodurch diese Bereiche anschwellen und f\u00fcr Ihre Katze schmerzhaft werden.<br \/>\nDar\u00fcber hinaus k\u00f6nnen die Augen Ihrer Katze Anzeichen dieser Fl\u00fcssigkeitsansammlung aufweisen, wie z.B. eine ver\u00e4nderte F\u00e4rbung oder Tr\u00fcbung, eine Verdickung der Hornhaut (Hornhaut\u00f6dem), ein Hypopyon (ein wei\u00dfer Schaum im hinteren Teil des Auges) oder eine Netzhautabl\u00f6sung aufgrund der Erh\u00f6hung des Augeninnendrucks durch die FIP-Infektion. <\/p>\n<p>&nbsp;<\/p>\n<p><strong>Augenprobleme<\/strong><\/p>\n<p>Augenprobleme sind ein h\u00e4ufiger Indikator f\u00fcr FIP.<br \/>\nAugenl\u00e4sionen, die durch eine pyogranulomat\u00f6se anteriore Uveitis gekennzeichnet sind, k\u00f6nnen bei Katzen mit FIP auftreten.<br \/>\nZu den Symptomen geh\u00f6ren Entz\u00fcndungen des Augapfels, Schielen, geschwollene dritte Augenlider und vergr\u00f6\u00dferte Augen, die das Sehverm\u00f6gen beeintr\u00e4chtigen oder sogar zur Erblindung f\u00fchren k\u00f6nnen, wenn sie unbehandelt bleiben.<br \/>\nTiere mit dieser Art von Augenmanifestation k\u00f6nnen eine erh\u00f6hte Tr\u00e4nenproduktion sowie Blutungen aus dem Auge aufgrund von durch die Infektion verursachten Geschw\u00fcren aufweisen.<br \/>\nDar\u00fcber hinaus k\u00f6nnen neurologische Symptome im Zusammenhang mit der FIP das Nervensystem beeintr\u00e4chtigen &#8211; einschlie\u00dflich Seh- und Augenproblemen wie verengte Pupillen, die nicht angemessen auf Lichtver\u00e4nderungen reagieren.<br \/>\nSchlie\u00dflich wurde in einigen F\u00e4llen von feuchter FIP eine Erh\u00f6hung des Augeninnendrucks in Verbindung mit einer Hornhautverdickung beobachtet, die im Laufe der Zeit zu einem m\u00f6glichen Verlust des Sehverm\u00f6gens f\u00fchrt, wenn sie nicht richtig oder rechtzeitig behandelt wird.<\/p>\n","protected":false},"excerpt":{"rendered":"<p>Bei einer Infektion mit diesem Virus gibt es vier verschiedene Stadien der FIP: erste Exposition und Inkubation, prim\u00e4re Vir\u00e4mie, sekund\u00e4re Vir\u00e4mie und klinische FIP. &nbsp; Stadium der FIP: Erste Exposition und Inkubation Das Feline Coronavirus (FCoV) kommt in vielen Umgebungen vor, so dass es sehr wahrscheinlich ist, dass Katzen irgendwann in ihrem Leben damit in [&hellip;]<\/p>\n","protected":false},"author":1,"featured_media":16832,"parent":0,"menu_order":0,"comment_status":"closed","ping_status":"closed","template":"","meta":{"_glsr_average":0,"_glsr_ranking":0,"_glsr_reviews":0,"footnotes":""},"categories":[677],"tags":[],"_links":{"self":[{"href":"https:\/\/fipmed.co\/de\/wp-json\/wp\/v2\/pages\/17122"}],"collection":[{"href":"https:\/\/fipmed.co\/de\/wp-json\/wp\/v2\/pages"}],"about":[{"href":"https:\/\/fipmed.co\/de\/wp-json\/wp\/v2\/types\/page"}],"author":[{"embeddable":true,"href":"https:\/\/fipmed.co\/de\/wp-json\/wp\/v2\/users\/1"}],"replies":[{"embeddable":true,"href":"https:\/\/fipmed.co\/de\/wp-json\/wp\/v2\/comments?post=17122"}],"version-history":[{"count":0,"href":"https:\/\/fipmed.co\/de\/wp-json\/wp\/v2\/pages\/17122\/revisions"}],"wp:featuredmedia":[{"embeddable":true,"href":"https:\/\/fipmed.co\/de\/wp-json\/wp\/v2\/media\/16832"}],"wp:attachment":[{"href":"https:\/\/fipmed.co\/de\/wp-json\/wp\/v2\/media?parent=17122"}],"wp:term":[{"taxonomy":"category","embeddable":true,"href":"https:\/\/fipmed.co\/de\/wp-json\/wp\/v2\/categories?post=17122"},{"taxonomy":"post_tag","embeddable":true,"href":"https:\/\/fipmed.co\/de\/wp-json\/wp\/v2\/tags?post=17122"}],"curies":[{"name":"wp","href":"https:\/\/api.w.org\/{rel}","templated":true}]}}