{"id":17142,"date":"2024-03-25T07:31:47","date_gmt":"2024-03-25T07:31:47","guid":{"rendered":"https:\/\/fipmed.co\/allgemeine-fip-komorbiditaten\/"},"modified":"2024-04-24T11:23:37","modified_gmt":"2024-04-24T11:23:37","slug":"aehnlich-bauchfellentzuendung-symptome-9-haeufige-fip-komorbiditaeten","status":"publish","type":"page","link":"https:\/\/fipmed.co\/de\/aehnlich-bauchfellentzuendung-symptome-9-haeufige-fip-komorbiditaeten\/","title":{"rendered":"\u00e4hnlich Bauchfellentz\u00fcndung Symptome: 9 H\u00e4ufige FIP-Komorbidit\u00e4ten"},"content":{"rendered":"<h2>Warum tritt die FIP h\u00e4ufig zusammen mit anderen Krankheiten auf und hat \u00e4hnliche bauchfellentz\u00fcndung Symptome?<\/h2>\n<p>Katzen mit anderen Erkrankungen als FIP sind oft zuf\u00e4llig positiv f\u00fcr FCoV-Antik\u00f6rper oder das Virus. Hier sind 9 h\u00e4ufige FIP-Komorbidit\u00e4ten.<\/p>\n<p>FIP kann die Folge einer Schw\u00e4chung des Immunsystems durch Vorerkrankungen, einer Virusmutation oder einer ersten Erkrankung sein, die weitere Komplikationen verursacht.<\/p>\n<h3>Vorbestehende Erkrankung<\/h3>\n<p>Eine Vorerkrankung kann Katzen anf\u00e4lliger f\u00fcr FIP machen &#8211; mit Auswirkungen auf ihre allgemeine Gesundheit und Lebensqualit\u00e4t. Das liegt daran, dass andere Krankheiten oder ein geschw\u00e4chtes Immunsystem eine Ursache f\u00fcr die Mutation im Virus sein k\u00f6nnen, die FIP verursacht.<\/p>\n<p>Vorerkrankungen sind nicht immer offensichtlich, aber einige h\u00e4ufige Anzeichen sind Fieber, Gewichtsverlust, Lethargie, Anorexie und Dehydrierung &#8211; alles Anzeichen f\u00fcr bakterielle Infektionen.<\/p>\n<p>Wenn dies fr\u00fchzeitig bemerkt wird, k\u00f6nnen Antibiotika oder Zusatznahrung helfen, weitere Sch\u00e4den durch den bereits geschw\u00e4chten Zustand der Katze zu lindern. Dar\u00fcber hinaus ist es wichtig, die Impfungen auf dem neuesten Stand zu halten, da dies auch als Schutz vor m\u00f6glichen sekund\u00e4ren Entwicklungen dienen kann, die durch vorbestehende Krankheiten wie FIP verursacht werden.<\/p>\n<h3>Mutation des Virus<\/h3>\n<p>Mutationen des Virus-Spike-Proteins, das ein Hauptbestandteil des felinen Coronavirus ist, k\u00f6nnen zu Ver\u00e4nderungen bei der Verbreitung und Replikation des Virus f\u00fchren. Wenn Mutationen in diesem speziellen Protein vorhanden sind, erh\u00f6ht sich die F\u00e4higkeit der FIP, Katzen zu infizieren, und der Schweregrad der Erkrankung nimmt zu.<\/p>\n<p>Au\u00dferdem k\u00f6nnen diese Spitzen andere Prozesse st\u00f6ren, die \u00fcblicherweise mit der Funktion der Zellen des Immunsystems in Verbindung gebracht werden, was zu abnormalen Ergebnissen bei regul\u00e4ren Krankheitsentwicklungen f\u00fchrt.<\/p>\n<p>Infolgedessen k\u00f6nnen sich verschiedene Komorbidit\u00e4ten im Zusammenhang mit FIP wie Lungenentz\u00fcndung, chronische Nierenerkrankung (CKD), Katzenleuk\u00e4mievirus (FeLV), Krebs oder Autoimmunerkrankungen aufgrund der geschw\u00e4chten Immunreaktionen, die durch die bereits in den Zellen vorhandenen viralen Mutationen verursacht werden, schneller als erwartet entwickeln.<\/p>\n<h3>Anf\u00e4ngliche Krankheit verursacht schwaches Immunsystem<\/h3>\n<p>Wenn eine Katze eine zugrunde liegende Infektion hat, kann das Immunsystem geschw\u00e4cht sein. Diese geschw\u00e4chte Immunit\u00e4t f\u00fchrt dann zu einem h\u00f6heren Risiko, FIP zu entwickeln. Auch Umweltbelastungen k\u00f6nnen das Immunsystem schw\u00e4chen und die Anf\u00e4lligkeit f\u00fcr FIPV-Infektionen erh\u00f6hen.<\/p>\n<p>Insbesondere Katzen mit FeLV-Infektionen (Feline Leuk\u00e4mie-Virus) sind anf\u00e4lliger f\u00fcr das FIP-Virus als andere gesunde Katzen, da ihr geschw\u00e4chtes Immunsystem neue Viren nicht wirksam abwehren kann.<\/p>\n<p>Junge Katzen und solche, deren Immunsystem bereits geschw\u00e4cht ist, haben m\u00f6glicherweise Schwierigkeiten, katastrophale Virusinfektionen wie FIPV abzuwehren.<\/p>\n<p>&nbsp;<\/p>\n<h2>Mit Lungenentz\u00fcndung und FIP<\/h2>\n<p>Lungenentz\u00fcndung ist eine h\u00e4ufige Komorbidit\u00e4t im Zusammenhang mit FIP bei Katzen. Das bedeutet, dass Ihre Katze, wenn sie FIP hat, wahrscheinlich auch eine Lungenentz\u00fcndung als Teil der Infektion hat. Eine Lungenentz\u00fcndung tritt auf, wenn eine Entz\u00fcndung die zur Lunge f\u00fchrenden Atemwege blockiert und kann jedes Alter und jede Katzenrasse betreffen.<\/p>\n<p>Katzen mit FIP k\u00f6nnen eine Lungenentz\u00fcndung entwickeln, da die Viruspartikel von FCoV eine Entz\u00fcndungsreaktion hervorrufen, die aufgrund von Fl\u00fcssigkeitsansammlungen in den Lungen und Pleura- bzw. Peritonealh\u00f6hlen zu Atemnot und Husten f\u00fchren kann.<\/p>\n<p>Die Symptome einer Lungenentz\u00fcndung treten in der Regel innerhalb von zwei Wochen nach der Exposition gegen\u00fcber dem felinen Coronavirus auf. Dazu geh\u00f6ren Appetitlosigkeit, Lethargie, Fieber, schnelle Atmung, erh\u00f6hte Herzfrequenz, erschwerte Atmung (bekannt als Dyspnoe), Gewichtsverlust und Abhusten von blutigem Schleim.<\/p>\n<h2><strong>CKD und FIP haben<\/strong><\/h2>\n<p>Katzen mit chronischer Nierenerkrankung (CKD) haben ein erh\u00f6htes Risiko, an FIP zu erkranken, einer potenziell t\u00f6dlichen Virusinfektion. Studien haben gezeigt, dass Katzen, die an einer nicht diagnostizierten oder schlecht behandelten CKD leiden, aufgrund ihres durch die fr\u00fchere Krankheit geschw\u00e4chten Immunsystems eher an FIP erkranken k\u00f6nnen.<\/p>\n<p>Tats\u00e4chlich wird CKD in der Regel enttarnt, wenn FIP bei einem betroffenen Tier auftritt &#8211; was darauf hindeutet, dass sie bereits vor dem Auftreten der FIP vorhanden war. Dies deutet auf einen Zusammenhang zwischen den beiden Krankheiten hin und wie sie sich gegenseitig negativ beeinflussen k\u00f6nnen.<\/p>\n<p>Gl\u00fccklicherweise kann die fr\u00fchzeitige Diagnose von CKS und FIP die Chancen der Katzen verbessern, da eine sofortige Behandlung beider Erkrankungen das Fortschreiten beider Krankheiten verlangsamen und die damit verbundenen Symptome, wie Nierenversagen oder Fieber, verbessern kann.<\/p>\n<h2>Mit FELV und FIP<\/h2>\n<p>Die Infektion mit dem Felinen Leuk\u00e4mie-Virus (FeLV) ist eine h\u00e4ufige Komorbidit\u00e4t mit FIP. Die meisten Katzen, die an FIP erkranken, haben eine Vorerkrankung oder Infektion wie FeLV, die sie anf\u00e4lliger f\u00fcr Viren und andere Infektionserreger macht.<\/p>\n<p>Die Mutation des Virus kann bei einem geschw\u00e4chten Immunsystem zu opportunistischen Infektionen und damit zur Entwicklung von Krankheiten f\u00fchren. Wenn eine FeLV-Infektion mit FIP vorliegt, kommt es bei vielen infizierten Katzen zu einer tiefgreifenden Panleukopenie &#8211; einer Abnahme der wei\u00dfen Blutk\u00f6rperchen, die die Immunit\u00e4t der Katze beeintr\u00e4chtigt.<\/p>\n<p>Diese Art von An\u00e4mie verursacht einen drastischen R\u00fcckgang der Blutpl\u00e4ttchen und erh\u00f6ht die Br\u00fcchigkeit der Venen und Arterien, was zu Blutungsproblemen im gesamten K\u00f6rper f\u00fchrt. Zu den weiteren mit FeLV assoziierten Erkrankungen geh\u00f6ren b\u00f6sartige Erkrankungen, Immunsuppression und eine erh\u00f6hte Viruslast bei den betroffenen Katzen, die alle zu einer deutlichen Verschlechterung ihres Gesundheitszustands bei der Diagnose von FIP beitragen.<\/p>\n<h2>Krebs und FIP haben<\/h2>\n<p>Katzen, die an Krebs oder feliner Neoplasie erkranken, k\u00f6nnen ebenso anf\u00e4llig f\u00fcr andere Krankheiten sein, die gleichzeitig auftreten, wie z.B. FIP. Es gibt zwar keine Beweise f\u00fcr einen direkten Zusammenhang zwischen Krebs und FIP bei Katzen, aber Experten erkennen eine erh\u00f6hte Anf\u00e4lligkeit f\u00fcr einige Katzen mit Krebs, die auch an FIP erkranken.<\/p>\n<p>Das schw\u00e4chere Immunsystem der Infizierten tr\u00e4gt wahrscheinlich dazu bei, dass beide Krankheiten gleichzeitig auftreten.<\/p>\n<p>Die Symptome k\u00f6nnen sich je nach den spezifischen Krebsarten und dem Virusstamm, der bei FIP involviert ist, etwas \u00fcberschneiden. Chronischer Gewichtsverlust\/Gewichtszunahme, Lethargie, ein insgesamt schlechter Gesundheitszustand, wiederkehrende Fiebersch\u00fcbe oder Atemwegsprobleme werden bei betroffenen Katzen bei beiden Erkrankungen gleichzeitig beobachtet.<\/p>\n<p>Da diese beiden Krankheiten einige gemeinsame Indikatoren aufweisen, erfordert eine eindeutige Diagnose in der Regel ein vollst\u00e4ndiges Bluttestscreening, das Tier\u00e4rzten eine bessere Analyse von Art und Ausma\u00df der Infektionen erm\u00f6glicht.<\/p>\n<h2>Autoimmunkrankheiten und FIP<\/h2>\n<p>Katzenbesitzer m\u00fcssen sich der potenziellen Risikofaktoren f\u00fcr FIP bewusst sein, zu denen auch Autoimmunkrankheiten geh\u00f6ren k\u00f6nnen. Autoimmunerkrankungen treten bei Katzen auf, wenn die k\u00f6rpereigenen Antik\u00f6rper k\u00f6rpereigenes Gewebe und Organe anstelle von Fremdstoffen wie Bakterien und Viren angreifen.<\/p>\n<p>Dieser geschw\u00e4chte Zustand des Immunsystems macht es anf\u00e4lliger f\u00fcr Infektionen wie die FIP. Dar\u00fcber hinaus k\u00f6nnen Vorerkrankungen aufgrund von Autoimmunkrankheiten ein Umfeld f\u00fcr Mutationen in Coronaviren schaffen, die urspr\u00fcnglich harmlos sind, sich aber zu FIP entwickeln und Zellen in lebenswichtigen Organen sch\u00e4digen k\u00f6nnen.<\/p>\n<p>Da die Krankheit \u00fcber die Luft \u00fcbertragen wird, k\u00f6nnen auch gesunde Katzen ohne Vorerkrankungen gef\u00e4hrdet sein, wenn sie mit einer infizierten Katze in Kontakt gekommen sind, die sich die Nase betatscht oder in ihrer N\u00e4he geniest hat.<\/p>\n<h2>Eine bakterielle Infektion und FIP<\/h2>\n<p>Katzenbesitzer sollten sich dar\u00fcber im Klaren sein, dass bakterielle Infektionen bei der Entstehung und dem Fortschreiten von FIP eine Rolle spielen k\u00f6nnen.<\/p>\n<p>Dar\u00fcber hinaus kann eine unbehandelte bakterielle Infektion das Immunsystem einer Katze weiter schw\u00e4chen, so dass sie schneller an FIP erkrankt, wenn sie damit infiziert ist.<\/p>\n<h2>Mit FHV und FIP<\/h2>\n<p>Wenn eine Katze sowohl mit dem Felinen Herpesvirus (FHV) als auch mit FIP infiziert ist, kann dies ein besonders schwerer Fall sein. FHV schw\u00e4cht die F\u00e4higkeit des K\u00f6rpers, andere Krankheiten abzuwehren, so dass Katzen anf\u00e4lliger f\u00fcr andere Infektionen wie FIP werden.<\/p>\n<p>Au\u00dferdem k\u00f6nnen die Krankheitsanzeichen aufgrund des geschw\u00e4chten Immunsystems schneller fortschreiten. Denn je nach dem durch die Genmutation ausgew\u00e4hlten Stamm tragen zwei Erreger, wie in diesem Fall FHV und FIP, gleichzeitig zur Entz\u00fcndung bei und verursachen zus\u00e4tzliche sch\u00e4dliche direkte Auswirkungen ihrer eigenen Replikationszyklen in den Zellen.<\/p>\n<h2>Mit FIV und FIP<\/h2>\n<p>Sowohl FIV (Felines Immundefizienz-Virus) als auch FIP k\u00f6nnen die Gesundheitsrisiken f\u00fcr Katzen erheblich erh\u00f6hen, da die Gefahr einer Doppelinfektion besteht.<\/p>\n<p>Dies erh\u00f6ht leider das Risiko ernsthafter Komplikationen wie Organversagen, Gewichtsverlust und sogar den Tod. Aus diesem Grund ist es f\u00fcr Katzenbesitzer wichtig, ihr Haustier bei Verdacht auf eine der beiden Krankheiten testen zu lassen.<\/p>\n<p>Das Hauptproblem, das auftritt, wenn Katzen sowohl FIV als auch FPV haben, ist, dass das Immunsystem des Tieres erheblich geschw\u00e4cht wird, was sie anf\u00e4lliger f\u00fcr Krankheiten oder Infektionen durch Bakterien oder Viren macht.<\/p>\n<p>Wenn Katzen von zwei Krankheiten gleichzeitig befallen sind, kann dies die Symptome verschlimmern und auch die Behandlungsm\u00f6glichkeiten erschweren. In einigen F\u00e4llen kann eine Katze zun\u00e4chst nur Anzeichen einer Krankheit zeigen &#8211; sp\u00e4ter aber aufgrund einer geschw\u00e4chten Immunit\u00e4t beide zusammen entwickeln. Achten Sie daher auf fr\u00fche Warnzeichen wie Fieber, M\u00fcdigkeit und erh\u00f6hte Atemfrequenz.<\/p>\n<h2>FIP w\u00e4hrend der Schwangerschaft<\/h2>\n<p>FIP w\u00e4hrend der Schwangerschaft ist f\u00fcr eine Katze und ihre K\u00e4tzchen besonders gef\u00e4hrlich. FIP kann bei einer kleinen Anzahl von tr\u00e4chtigen Katzen auftreten, was zu einer hohen Sterblichkeitsrate sowohl bei der Mutter als auch beim Wurf der ungeborenen K\u00e4tzchen f\u00fchrt.<\/p>\n<p>Diese Krankheit schreitet schnell voran und bietet kaum eine Chance auf Heilung, da Katzen, die mit diesem Virus infiziert sind, unter Fl\u00fcssigkeitsansammlungen in ihren K\u00f6rperh\u00f6hlen, Unbeweglichkeit des Darms, Nierenversagen, Lebersch\u00e4den oder anderen Organentz\u00fcndungen leiden.<\/p>\n<p>Erschwerend kommt hinzu, dass ein F\u00f6tus, selbst wenn er in den sp\u00e4teren Stadien der Schwangerschaft noch lebt, wenn seine Mutter an FIP erkrankt, aufgrund des geschw\u00e4chten Zustands der Mutter an einer unzureichenden Ern\u00e4hrung sterben kann.<\/p>\n<p>Da eine FIP-Infektion w\u00e4hrend der Tr\u00e4chtigkeit sowohl f\u00fcr die Mutter als auch f\u00fcr die betroffenen Babys kritisch sein kann, sollten Besitzer schnell einen Arzt aufsuchen, wenn sie w\u00e4hrend der Tr\u00e4chtigkeit ihrer Katze Symptome dieser Krankheit feststellen.<\/p>\n","protected":false},"excerpt":{"rendered":"<p>Warum tritt die FIP h\u00e4ufig zusammen mit anderen Krankheiten auf und hat \u00e4hnliche bauchfellentz\u00fcndung Symptome? Katzen mit anderen Erkrankungen als FIP sind oft zuf\u00e4llig positiv f\u00fcr FCoV-Antik\u00f6rper oder das Virus. Hier sind 9 h\u00e4ufige FIP-Komorbidit\u00e4ten. FIP kann die Folge einer Schw\u00e4chung des Immunsystems durch Vorerkrankungen, einer Virusmutation oder einer ersten Erkrankung sein, die weitere Komplikationen [&hellip;]<\/p>\n","protected":false},"author":1,"featured_media":16876,"parent":0,"menu_order":0,"comment_status":"closed","ping_status":"closed","template":"","meta":{"_glsr_average":0,"_glsr_ranking":0,"_glsr_reviews":0,"footnotes":""},"categories":[677],"tags":[],"_links":{"self":[{"href":"https:\/\/fipmed.co\/de\/wp-json\/wp\/v2\/pages\/17142"}],"collection":[{"href":"https:\/\/fipmed.co\/de\/wp-json\/wp\/v2\/pages"}],"about":[{"href":"https:\/\/fipmed.co\/de\/wp-json\/wp\/v2\/types\/page"}],"author":[{"embeddable":true,"href":"https:\/\/fipmed.co\/de\/wp-json\/wp\/v2\/users\/1"}],"replies":[{"embeddable":true,"href":"https:\/\/fipmed.co\/de\/wp-json\/wp\/v2\/comments?post=17142"}],"version-history":[{"count":0,"href":"https:\/\/fipmed.co\/de\/wp-json\/wp\/v2\/pages\/17142\/revisions"}],"wp:featuredmedia":[{"embeddable":true,"href":"https:\/\/fipmed.co\/de\/wp-json\/wp\/v2\/media\/16876"}],"wp:attachment":[{"href":"https:\/\/fipmed.co\/de\/wp-json\/wp\/v2\/media?parent=17142"}],"wp:term":[{"taxonomy":"category","embeddable":true,"href":"https:\/\/fipmed.co\/de\/wp-json\/wp\/v2\/categories?post=17142"},{"taxonomy":"post_tag","embeddable":true,"href":"https:\/\/fipmed.co\/de\/wp-json\/wp\/v2\/tags?post=17142"}],"curies":[{"name":"wp","href":"https:\/\/api.w.org\/{rel}","templated":true}]}}