{"id":17153,"date":"2024-03-25T07:24:09","date_gmt":"2024-03-25T07:24:09","guid":{"rendered":"https:\/\/fipmed.co\/alles-uber-fip-ruckfall-verhutung-ursachen-und-behandlung\/"},"modified":"2024-04-24T11:41:11","modified_gmt":"2024-04-24T11:41:11","slug":"alles-uber-fip-ruckfall-verhutung-ursachen-und-behandlung","status":"publish","type":"page","link":"https:\/\/fipmed.co\/de\/alles-uber-fip-ruckfall-verhutung-ursachen-und-behandlung\/","title":{"rendered":"Alles \u00fcber FIP-R\u00fcckf\u00e4ll: Pr\u00e4vention, Ursachen und Behandlung"},"content":{"rendered":"<h2>Warum tritt ein FIP-R\u00fcckfall auf?<\/h2>\n<p>FIP wird durch ein Virus verursacht, so dass die Krankheit nach der ersten Behandlung noch einige Zeit latent (inaktiv) im System einer infizierten Katze verbleiben kann. Ein FIP-R\u00fcckfall kann auch noch Monate oder Wochen nach Abschluss der Behandlung auftreten, wenn sich das Virus reaktiviert.<\/p>\n<p>Au\u00dferdem hat man festgestellt, dass R\u00fcckf\u00e4lle bei Katzen mit neurologischen FIP-Symptomen h\u00e4ufiger auftreten als bei anderen Formen der Krankheit, was sie besonders anf\u00e4llig f\u00fcr dieses Problem macht.<\/p>\n<p>Bei gut etablierten F\u00e4llen mit Infektionen der Augen, des Gehirns und der Wirbels\u00e4ule kann eine Mindestbehandlung von 12 Wochen erforderlich sein, um eine vollst\u00e4ndige Heilung und Genesung von der FIP zu erreichen.<\/p>\n<h2>Wie kann man bei der Behandlung mit GS441524 einen FIP-R\u00fcckfall verhindern?<\/h2>\n<h3>Verwenden Sie keine Immunsuppressiva<\/h3>\n<p>Immunsuppressiva sind Medikamente, die bei der Behandlung der infekti\u00f6sen Peritonitis bei Katzen (FIP) in der Anfangsphase normalerweise verschrieben werden, um die Sch\u00e4den durch die Entz\u00fcndung zu verringern.<\/p>\n<p>Immunsuppressive Medikamente k\u00f6nnen die F\u00e4higkeit des K\u00f6rpers, sich von FIP zu erholen, beeintr\u00e4chtigen, da sie die nat\u00fcrlichen Abwehrsysteme schw\u00e4chen, indem sie die Entz\u00fcndung verringern und die Immunit\u00e4t unterdr\u00fccken. Dies kann zu einem erh\u00f6hten Risiko eines R\u00fcckfalls oder weiterer Komplikationen wie einer Infektion f\u00fchren.<\/p>\n<h3>Setzen Sie die Behandlung f\u00fcr mindestens 84 Tage fort<\/h3>\n<p>Die Empfehlung, Katzen mit einem FIP-R\u00fcckfallGS441524 84 Tage lang zu behandeln, wird durch Forschungsergebnisse gest\u00fctzt, die zeigen, dass dies die Wirksamkeit der Behandlung erh\u00f6ht. Von 393 Patienten erzielten 90% einen erfolgreichen Verlauf, wenn sie GS441524 \u00fcber 12 Wochen verabreichten, und 11,4% verl\u00e4ngerten ihre Behandlung \u00fcber 84 Tage hinaus, um noch bessere Ergebnisse zu erzielen.<\/p>\n<p>Dies unterstreicht noch einmal, wie wichtig es ist, die volle empfohlene Dosis einzunehmen, um die Erfolgsraten zu optimieren.<\/p>\n<p>Eine Unterdosierung von GS441524 erh\u00f6ht das Risiko eines R\u00fcckfalls sowie einer Arzneimittelresistenz, was letztendlich zu einer erfolglosen Behandlung f\u00fcr Ihren Katzengef\u00e4hrten f\u00fchren kann.<\/p>\n<h3>Ausreichende Fl\u00fcssigkeitszufuhr und N\u00e4hrstoffversorgung<\/h3>\n<p>W\u00e4hrend der Behandlung des FIP-R\u00fcckfalls ist es wichtig, f\u00fcr eine angemessene Fl\u00fcssigkeitszufuhr und Ern\u00e4hrung zu sorgen. Die Fl\u00fcssigkeitszufuhr ist bei der Behandlung von Katzen mit FIP enorm wichtig, da sie zur Aufrechterhaltung der normalen Organfunktion beitr\u00e4gt und die Reaktion des Immunsystems auf das Virus unterst\u00fctzt.<\/p>\n<p>Dar\u00fcber hinaus kann es helfen, einige der mit dieser Krankheit verbundenen Blutgerinnungsprobleme zu verringern. Gleichzeitig spielt die richtige Ern\u00e4hrung eine wesentliche Rolle bei der Unterst\u00fctzung von Heilung und Genesung.<\/p>\n<p>Eine ausreichende Proteinzufuhr ist erforderlich, um die von der Infektion betroffenen Muskeln aufzubauen und die aufgrund eines geschw\u00e4chten Zustands oder der Nebenwirkungen von Medikamenten verlorene Energie wiederherzustellen, w\u00e4hrend bestimmte Nahrungserg\u00e4nzungsmittel dazu beitragen k\u00f6nnen, die Immunit\u00e4t der Katze weiter zu st\u00e4rken, um das Virus zu bek\u00e4mpfen.<\/p>\n<h2>Wie behandelt man einen R\u00fcckfall, wenn er auftritt?<\/h2>\n<h3>Erh\u00f6hen Sie die Dosierung von GS441524<\/h3>\n<p>Wenn nach der Behandlung von FIP bei Katzen ein R\u00fcckfall auftritt, ist eine Erh\u00f6hung der Dosis von GS441524 um 50% erforderlich. Eine h\u00f6here Dosis kann eine bessere Wirksamkeit bei der Behandlung von FIP-Sch\u00fcben haben.<\/p>\n<p>Wenn Ihre Katze eine hohe Resistenz gegen GS441524 entwickelt hat, k\u00f6nnen Sie die Behandlung mit GC376 kombinieren. Wenn es jedoch zu R\u00fcckf\u00e4llen kommt, sind die \u00dcberlebenschancen der Katze in der Regel gering.<\/p>\n","protected":false},"excerpt":{"rendered":"<p>Warum tritt ein FIP-R\u00fcckfall auf? FIP wird durch ein Virus verursacht, so dass die Krankheit nach der ersten Behandlung noch einige Zeit latent (inaktiv) im System einer infizierten Katze verbleiben kann. Ein FIP-R\u00fcckfall kann auch noch Monate oder Wochen nach Abschluss der Behandlung auftreten, wenn sich das Virus reaktiviert. Au\u00dferdem hat man festgestellt, dass R\u00fcckf\u00e4lle [&hellip;]<\/p>\n","protected":false},"author":1,"featured_media":16862,"parent":0,"menu_order":0,"comment_status":"closed","ping_status":"closed","template":"","meta":{"_glsr_average":0,"_glsr_ranking":0,"_glsr_reviews":0,"footnotes":""},"categories":[677],"tags":[],"_links":{"self":[{"href":"https:\/\/fipmed.co\/de\/wp-json\/wp\/v2\/pages\/17153"}],"collection":[{"href":"https:\/\/fipmed.co\/de\/wp-json\/wp\/v2\/pages"}],"about":[{"href":"https:\/\/fipmed.co\/de\/wp-json\/wp\/v2\/types\/page"}],"author":[{"embeddable":true,"href":"https:\/\/fipmed.co\/de\/wp-json\/wp\/v2\/users\/1"}],"replies":[{"embeddable":true,"href":"https:\/\/fipmed.co\/de\/wp-json\/wp\/v2\/comments?post=17153"}],"version-history":[{"count":0,"href":"https:\/\/fipmed.co\/de\/wp-json\/wp\/v2\/pages\/17153\/revisions"}],"wp:featuredmedia":[{"embeddable":true,"href":"https:\/\/fipmed.co\/de\/wp-json\/wp\/v2\/media\/16862"}],"wp:attachment":[{"href":"https:\/\/fipmed.co\/de\/wp-json\/wp\/v2\/media?parent=17153"}],"wp:term":[{"taxonomy":"category","embeddable":true,"href":"https:\/\/fipmed.co\/de\/wp-json\/wp\/v2\/categories?post=17153"},{"taxonomy":"post_tag","embeddable":true,"href":"https:\/\/fipmed.co\/de\/wp-json\/wp\/v2\/tags?post=17153"}],"curies":[{"name":"wp","href":"https:\/\/api.w.org\/{rel}","templated":true}]}}