{"id":17164,"date":"2024-03-25T05:50:49","date_gmt":"2024-03-25T05:50:49","guid":{"rendered":"https:\/\/fipmed.co\/feline-infektiose-peritonitis-fip-risikofaktoren\/"},"modified":"2024-04-24T11:07:02","modified_gmt":"2024-04-24T11:07:02","slug":"katzen-coronavirus-feline-infektiose-peritonitis-fip-risikofaktoren","status":"publish","type":"page","link":"https:\/\/fipmed.co\/de\/katzen-coronavirus-feline-infektiose-peritonitis-fip-risikofaktoren\/","title":{"rendered":"Katzen Coronavirus: Feline Infekti\u00f6se Peritonitis FIP-Risikofaktoren"},"content":{"rendered":"<p><strong>Was sind einige der Risikofaktoren f\u00fcr das FIP-Katzen coronavirus? <\/strong><\/p>\n<p>Manche Katzen sind anf\u00e4lliger f\u00fcr FIP als andere, auch wenn das daf\u00fcr verantwortliche Coronavirus \u00fcberall vorkommt. Im Folgenden finden Sie einige der Risikofaktoren, die das Risiko einer Katze, an FIP zu erkranken, erh\u00f6hen.<\/p>\n<p>&nbsp;<\/p>\n<p><strong>Alter<\/strong><\/p>\n<p>50% der Katzen, die an FIP erkranken, sind weniger als 2 Jahre alt. Sie wurden wahrscheinlich als K\u00e4tzchen infiziert, als ihr Immunsystem noch zu jung war, um mit der FCoV-Infektion fertig zu werden.<\/p>\n<p>J\u00fcngere und \u00e4ltere Katzen haben oft ein unreifes oder geschw\u00e4chtes Immunsystem, das sie einem gr\u00f6\u00dferen Risiko aussetzt, an FIP zu erkranken. Auch junge K\u00e4tzchen k\u00f6nnen dem Virus ausgesetzt sein, wenn sie in Zwingern oder Tierheimen leben.<\/p>\n<p>&nbsp;<\/p>\n<p><strong>Rasse als FIP-Risikofaktor<\/strong><\/p>\n<p>Bestimmte Rassen, wie reinrassige Katzen oder Katzen aus Zwingern, k\u00f6nnen ein h\u00f6heres Risiko f\u00fcr FIP haben. Perserkatzen und verwandte Rassen scheinen anf\u00e4lliger zu sein. Es gibt Hinweise darauf, dass Perserkatzen &#8218;pr\u00e4disponierende Allele&#8216; f\u00fcr diese Krankheit tragen, die sie anf\u00e4llig f\u00fcr das Virus machen, das FIP verursacht.<\/p>\n<p>Katzen aus Zwingern oder reinrassigen Linien k\u00f6nnen besonders anf\u00e4llig f\u00fcr die Entwicklung von FIP sein. Abessinier, Bengalen, Birmas, Himalayas, Ragdolls und Rexe haben im Vergleich zu anderen Katzen ein deutlich h\u00f6heres Risiko f\u00fcr die Krankheit.<\/p>\n<p>Andere Katzenrassen wie Burmesen, Exotische Kurzhaar, Manxen, Perser und Russisch Blau sind aufgrund ihrer Genetik und ihrer erh\u00f6hten Exposition in Zuchtprogrammen ebenfalls anf\u00e4lliger f\u00fcr FIP.<\/p>\n<p>Man geht davon aus, dass bestimmte genetische Faktoren bei Perserkatzen (und den mit ihnen verwandten Rassen) dazu f\u00fchren, dass sie das FIP-Virus nicht so gut kontrollieren k\u00f6nnen wie andere Katzenarten, so dass sie anf\u00e4lliger f\u00fcr Infektionen sind, wenn sie damit in Kontakt kommen.<\/p>\n<p>&nbsp;<\/p>\n<p><strong>\u00dcberf\u00fcllte Lebensbedingungen<\/strong><\/p>\n<p>Katzen, die in \u00fcberf\u00fcllten oder stressigen Umgebungen leben, wie z. B. in Haushalten mit mehreren Katzen oder in Tierheimen, haben ein h\u00f6heres Risiko, dem Katzen-Coronavirus ausgesetzt zu sein, was die Wahrscheinlichkeit der Entwicklung von FIP erh\u00f6hen kann.<\/p>\n<p>Zu den FIP-Risikofaktoren, die mit dem Leben auf engstem Raum zusammenh\u00e4ngen, geh\u00f6ren die N\u00e4he zu anderen Katzen, die gemeinsame Nutzung von Ressourcen (wie Futtern\u00e4pfe, Katzenklos und Betten) und ein geschw\u00e4chtes Immunsystem aufgrund von Stress.<\/p>\n<p>Der Kontakt mit anderen Katzen ist ein wichtiger Faktor f\u00fcr die \u00dcbertragung, da infizierte Katzen das Virus mit ihrem Speichel oder Kot ausscheiden. Durch engen Kontakt zwischen Katzen kann sich das Virus leichter verbreiten.<\/p>\n<p>In Haushalten mit mehreren Katzen und in Tierheimen ist es wichtig, das Risiko einer \u00dcbertragung durch gute Hygienepraktiken zu verringern, z. B. durch Desinfektion von Oberfl\u00e4chen mit Haushaltsreiniger und regelm\u00e4\u00dfiges H\u00e4ndewaschen zwischen dem Streicheln verschiedener Katzen.<\/p>\n<p>Es ist auch wichtig, ein gesundes Verhalten der Katzen untereinander zu f\u00f6rdern. Dazu geh\u00f6rt auch die Bereitstellung von ausreichend Platz f\u00fcr jede Katze, damit sie nicht um ihr Revier streiten. Wenden Sie bei Bedarf Ma\u00dfnahmen zur Sch\u00e4dlingsbek\u00e4mpfung an, wie z. B. Flohschutzbehandlungen, und bieten Sie Aktivit\u00e4ten zur Bereicherung an, wie z. B. Spielzeug\/Speisen\/Klettert\u00fcrme usw.<\/p>\n<p>Sorgen Sie daf\u00fcr, dass die Katzen gleichm\u00e4\u00dfig gef\u00fcttert werden, ohne dass sie um das Futter &#8222;k\u00e4mpfen&#8220; m\u00fcssen, und stellen Sie bequeme Ruhepl\u00e4tze zur Verf\u00fcgung.<\/p>\n<p>&nbsp;<\/p>\n<p><strong>Genetik<\/strong><\/p>\n<p>Einige Katzen k\u00f6nnen eine genetische Veranlagung haben, die sie anf\u00e4lliger f\u00fcr die Entwicklung von FIP macht. Dies kann mit ihrem Immunsystem oder ihrer F\u00e4higkeit zusammenh\u00e4ngen, das feline Coronavirus zu bek\u00e4mpfen.<\/p>\n<p>Die genetische Veranlagung einer Katze kann sie anf\u00e4lliger f\u00fcr Infektionen machen, indem sie entweder nicht in der Lage ist, eindringende Viruspartikel zu erkennen und abzuwehren, oder indem ihre Zellmembranen weniger resistent gegen das Virus sind.<\/p>\n<p>Au\u00dferdem k\u00f6nnen sie bestimmte Zellen bei Katzen anf\u00e4llig f\u00fcr eine Immunreaktion machen, die eine Entz\u00fcndung ausl\u00f6st und zu weiteren Gewebesch\u00e4den f\u00fchrt. Dar\u00fcber hinaus sind einige Katzen nicht in der Lage, die Replikation des gef\u00e4hrlichen katzen Coronavirus-Stammes, der mit FIP in Verbindung gebracht wird, zu kontrollieren, was ihre Anf\u00e4lligkeit f\u00fcr die Entwicklung dieser Krankheit erh\u00f6ht.<\/p>\n<p>&nbsp;<\/p>\n<p><strong>Stress<\/strong><\/p>\n<p>Stress wirkt sich negativ auf das Immunsystem von Katzen aus und verringert ihre F\u00e4higkeit, Infektionen abzuwehren. Katzen k\u00f6nnen gestresst sein, wenn sich ihre Umgebung oder ihre Routine stark ver\u00e4ndert, z. B. bei einem Umzug oder wenn sie ein neues Haustier bekommen.<\/p>\n<p>Wenn eine Katze Stressfaktoren ausgesetzt ist, setzt ihr K\u00f6rper Hormone frei, die die Produktion und Funktion bestimmter Immunzellen unterdr\u00fccken. Dadurch sinkt die allgemeine Leistungsf\u00e4higkeit des Immunsystems der Katze, was sie nicht nur anf\u00e4lliger f\u00fcr FIP, sondern auch f\u00fcr andere Krankheiten macht, die z. B. durch Parasiten oder Bakterien verursacht werden.<\/p>\n<p>Die meisten Katzen, die an FIP erkranken, haben einige Wochen bis Monate vor der Entwicklung der FIP Stress gehabt.<\/p>\n<p>Daher kann es helfen, die Anf\u00e4lligkeit Ihrer Haustiere f\u00fcr diese Krankheit zu verringern, wenn Sie ihnen Aktivit\u00e4ten bieten, die ihre Umgebung bereichern, und wenn Sie m\u00f6gliche Stressquellen minimieren.<\/p>\n<p>&nbsp;<\/p>\n<p><strong>Status des Immunsystems<\/strong><\/p>\n<p>Katzen mit einem geschw\u00e4chten Immunsystem, wie z.B. Katzen mit dem Felinen Leuk\u00e4mievirus (FeLV) oder dem Felinen Immunschw\u00e4chevirus (FIV), haben ein h\u00f6heres Risiko, an FIP zu erkranken.<\/p>\n<p>FeLV und FIV sind Virusinfektionen bei Katzen, die beide das Immunsystem der Katze angreifen. Infolgedessen haben Katzen mit einem geschw\u00e4chten Immunsystem aufgrund eines der beiden Viren oft Schwierigkeiten, andere Krankheiten zu bek\u00e4mpfen, einschlie\u00dflich FIP.<\/p>\n<p>Katzen mit Grundkrankheiten wie FeLV oder FIV sind m\u00f6glicherweise weniger in der Lage, sich wirksam gegen eine Infektion mit dem Coronavirus zu wehren, wenn sie diesem ausgesetzt sind, und erkranken daher eher an der Krankheit.<\/p>\n<p>Der beste Weg f\u00fcr Tierhalter, das Risiko einer FIP-Erkrankung bei ihrer Katze zu minimieren, ist die Kenntnis der gesundheitlichen Vorgeschichte der Katze. Regelm\u00e4\u00dfige Besuche beim Tierarzt sollten gr\u00fcndliche Untersuchungen des allgemeinen Gesundheitszustands Ihres Tieres umfassen, einschlie\u00dflich Tests auf diese Viren, damit Sie eventuelle Anzeichen fr\u00fchzeitig erkennen und Ihre Katze bei Bedarf angemessen pflegen und behandeln k\u00f6nnen.<\/p>\n","protected":false},"excerpt":{"rendered":"<p>Was sind einige der Risikofaktoren f\u00fcr das FIP-Katzen coronavirus? Manche Katzen sind anf\u00e4lliger f\u00fcr FIP als andere, auch wenn das daf\u00fcr verantwortliche Coronavirus \u00fcberall vorkommt. Im Folgenden finden Sie einige der Risikofaktoren, die das Risiko einer Katze, an FIP zu erkranken, erh\u00f6hen. &nbsp; Alter 50% der Katzen, die an FIP erkranken, sind weniger als 2 [&hellip;]<\/p>\n","protected":false},"author":1,"featured_media":16819,"parent":0,"menu_order":0,"comment_status":"closed","ping_status":"closed","template":"","meta":{"_glsr_average":0,"_glsr_ranking":0,"_glsr_reviews":0,"footnotes":""},"categories":[677],"tags":[],"_links":{"self":[{"href":"https:\/\/fipmed.co\/de\/wp-json\/wp\/v2\/pages\/17164"}],"collection":[{"href":"https:\/\/fipmed.co\/de\/wp-json\/wp\/v2\/pages"}],"about":[{"href":"https:\/\/fipmed.co\/de\/wp-json\/wp\/v2\/types\/page"}],"author":[{"embeddable":true,"href":"https:\/\/fipmed.co\/de\/wp-json\/wp\/v2\/users\/1"}],"replies":[{"embeddable":true,"href":"https:\/\/fipmed.co\/de\/wp-json\/wp\/v2\/comments?post=17164"}],"version-history":[{"count":0,"href":"https:\/\/fipmed.co\/de\/wp-json\/wp\/v2\/pages\/17164\/revisions"}],"wp:featuredmedia":[{"embeddable":true,"href":"https:\/\/fipmed.co\/de\/wp-json\/wp\/v2\/media\/16819"}],"wp:attachment":[{"href":"https:\/\/fipmed.co\/de\/wp-json\/wp\/v2\/media?parent=17164"}],"wp:term":[{"taxonomy":"category","embeddable":true,"href":"https:\/\/fipmed.co\/de\/wp-json\/wp\/v2\/categories?post=17164"},{"taxonomy":"post_tag","embeddable":true,"href":"https:\/\/fipmed.co\/de\/wp-json\/wp\/v2\/tags?post=17164"}],"curies":[{"name":"wp","href":"https:\/\/api.w.org\/{rel}","templated":true}]}}