{"id":17202,"date":"2024-03-25T06:20:25","date_gmt":"2024-03-25T06:20:25","guid":{"rendered":"https:\/\/fipmed.co\/sollte-ich-mit-der-katzen-behandlung-ohne-bestatigte-diagnose-beginnen\/"},"modified":"2024-04-24T09:45:11","modified_gmt":"2024-04-24T09:45:11","slug":"sollte-ich-mit-der-katze-fip-behandlung-von-fip-katzen-beginnen-ohne-dass-eine-eindeutige-diagnose-vorliegt","status":"publish","type":"page","link":"https:\/\/fipmed.co\/de\/sollte-ich-mit-der-katze-fip-behandlung-von-fip-katzen-beginnen-ohne-dass-eine-eindeutige-diagnose-vorliegt\/","title":{"rendered":"Sollte ich mit der katze FIP Behandlung von FIP-Katzen beginnen, ohne dass eine eindeutige Diagnose vorliegt?"},"content":{"rendered":"<p>Sollte ich mit der katze FIP Behandlung von FIP-Katzen beginnen, ohne dass eine eindeutige Diagnose vorliegt? Die kurze Antwort lautet: Ja. Aber Sie m\u00fcssen immer weiter nach einer best\u00e4tigten Diagnose suchen, auch wenn Sie eine Behandlung begonnen haben. Denn wir wollen keine Zeit verlieren, sondern so schnell wie m\u00f6glich wissen, was die tats\u00e4chliche Krankheit ist.<\/p>\n<p>FIP oder Feline Infekti\u00f6se Peritonitis ist eine unglaublich schwer zu diagnostizierende Krankheit. Da es keinen spezifischen Test daf\u00fcr gibt, m\u00fcssen sich Tier\u00e4rzte auf mehrere Indikatoren verlassen, um zu beurteilen, ob eine Katze auf einen FCov-Angriff im K\u00f6rper reagiert.<\/p>\n<p>Keine FIP-Diagnose ist 100%ig schl\u00fcssig. Das liegt daran, dass FIP zu viele Symptome mit anderen Krankheiten teilt, und 1 Indikator bedeutet nicht, dass die Katze FIP hat. Je mehr Indikatoren in Bluttests, Ergussuntersuchungen, Antik\u00f6rpertests usw. enthalten sind, desto sicherer k\u00f6nnen die Tier\u00e4rzte feststellen, ob es sich um FIP handelt.<\/p>\n<p>Daher ist es gut, wenn der Tierarzt FIP behandelt, wenn er zu 50% sicher ist, dass es sich um FIP handelt, und w\u00e4hrend der Behandlung weiterhin andere Tests durchf\u00fchrt, um andere Krankheiten auszuschlie\u00dfen. Das liegt daran, dass GS441524 keine schweren Nebenwirkungen verursacht.<\/p>\n<h1><\/h1>\n<h1><strong>Diagnostische Herausforderungen und Beschr\u00e4nkungen<\/strong><\/h1>\n<p>&nbsp;<\/p>\n<p><strong>Falsche Positiv- und Negativmeldungen<\/strong><\/p>\n<p>Bei FIP-Tests kann es zu falsch-positiven und falsch-negativen Ergebnissen kommen. Ein falsches Positiv liegt vor, wenn ein Test anzeigt, dass eine Katze das Virus hat, obwohl sie es in Wirklichkeit nicht hat. Dies kann zu Fehldiagnosen oder unangemessenen Behandlungsprotokollen f\u00fcr Katzen f\u00fchren, die eigentlich nicht mit dem Virus infiziert sind.<\/p>\n<p>Ein falsches Negativ liegt vor, wenn der Test f\u00e4lschlicherweise feststellt, dass in der Probe kein Virus nachweisbar ist, was auch zu einer verz\u00f6gerten oder unzureichenden Behandlung von Katzen f\u00fchren kann, die tats\u00e4chlich mit FIP infiziert sind.<\/p>\n<p>In einigen F\u00e4llen k\u00f6nnen falsche Ergebnisse durch eine schlechte Qualit\u00e4t der Proben verursacht werden. Es n\u00fctzt beispielsweise nichts, wenn das f\u00fcr die Tests verwendete Gewebe oder Blut w\u00e4hrend der Entnahme und des Transports unsachgem\u00e4\u00df behandelt wurde. Daher ist es unglaublich wichtig, Proben sorgf\u00e4ltig zu entnehmen und aufzubewahren, sobald sie einem Tier entnommen wurden, das auf FIP getestet wird.<\/p>\n<p>&nbsp;<\/p>\n<h1><strong>Was, wenn Sie keine Diagnose stellen k\u00f6nnen? Beginnen Sie mit der Behandlung von FIP-Katzen, um eine Diagnose zu stellen.<\/strong><\/h1>\n<p>Die Methode &#8222;Behandeln, um zu diagnostizieren&#8220; wird in der Tiermedizin manchmal unter bestimmten Umst\u00e4nden auch bei Katzen angewandt. Bei diesem Ansatz wird eine therapeutische Probebehandlung durchgef\u00fchrt, um zu sehen, ob der Patient positiv reagiert, bevor eine endg\u00fcltige Diagnose gestellt wird. Auch wenn sie ihre Grenzen hat, kann sie in bestimmten Situationen von Vorteil sein:<\/p>\n<p>&nbsp;<\/p>\n<p><strong>Rasch fortschreitende Erkrankungen<\/strong><\/p>\n<p>In F\u00e4llen, in denen eine Katze schwere oder schnell fortschreitende Symptome zeigt, ist es m\u00f6glicherweise nicht sinnvoll, auf umfangreiche diagnostische Tests zu warten, um eine bestimmte Krankheit zu best\u00e4tigen. Die sofortige Einleitung der Behandlung kann entscheidend sein, insbesondere wenn eine Verz\u00f6gerung der Behandlung zu einer Verschlimmerung der Erkrankung f\u00fchren k\u00f6nnte.<\/p>\n<p>&nbsp;<\/p>\n<p><strong>Begrenzte Ressourcen oder Zugang zu Diagnosetools<\/strong><\/p>\n<p>In manchen Situationen k\u00f6nnen tier\u00e4rztliche Einrichtungen in Bezug auf die verf\u00fcgbaren Diagnoseinstrumente, wie z. B. spezielle Bildgebungs- oder Labortests, eingeschr\u00e4nkt sein. Es kann ein pragmatischer Ansatz sein, mit der Behandlung zu beginnen, w\u00e4hrend man auf die Ergebnisse umfangreicherer diagnostischer Einrichtungen wartet.<\/p>\n<p>&nbsp;<\/p>\n<p><strong>Diagnostische Ambiguit\u00e4t<\/strong><\/p>\n<p>Wenn die Symptome einer Katze nicht eindeutig sind und die zugrunde liegende Ursache unklar ist, kann ein Therapieversuch gestartet werden, um die Reaktion zu beobachten. Wenn sich die Katze unter der Behandlung bessert, kann dies wertvolle Informationen \u00fcber die m\u00f6gliche Ursache der Symptome liefern.<\/p>\n<p>&nbsp;<\/p>\n<p><strong>Client-Einschr\u00e4nkungen<\/strong><\/p>\n<p>Einige Katzenbesitzer haben vielleicht finanzielle Einschr\u00e4nkungen, die ihre M\u00f6glichkeiten f\u00fcr eine umfassende Diagnose einschr\u00e4nken. Der Beginn einer Behandlung kann in solchen Situationen eine praktikablere Option sein, insbesondere wenn die Behandlung relativ risikoarm ist und eine vern\u00fcnftige Aussicht auf Erfolg hat.<\/p>\n<p>&nbsp;<\/p>\n<h1><strong>Faktoren und Parameter, die bestimmen, was zu behandeln ist<\/strong><\/h1>\n<p>Wenn ein Tierarzt mit einer Katze konfrontiert wird, die vage Symptome oder mehrere m\u00f6gliche Krankheiten aufweist, wendet er einen systematischen Ansatz an, um m\u00f6gliche Diagnosen einzugrenzen und eine geeignete Vorgehensweise zu bestimmen. Bei der Entscheidungsfindung m\u00fcssen verschiedene Faktoren und Parameter wie die folgenden ber\u00fccksichtigt werden.<\/p>\n<p>&nbsp;<\/p>\n<p><strong>Alter und Rasse:<\/strong> Bestimmte Krankheiten sind in bestimmten Altersgruppen oder Rassen h\u00e4ufiger anzutreffen. Die Kenntnis des Alters und der Rasse der Katze kann dem Tierarzt helfen, bestimmte Krankheiten zu priorisieren oder auszuschlie\u00dfen.<\/p>\n<p><strong>Impfungen in der Vergangenheit<\/strong>: Die Impfgeschichte einer Katze kann Aufschluss \u00fcber die Wahrscheinlichkeit bestimmter Infektionskrankheiten geben.<\/p>\n<p><strong>Muster und Dauer von Symptomen:<\/strong> Das Verst\u00e4ndnis des Musters und der Dauer der Symptome hilft bei der Einstufung von Krankheiten als akut oder chronisch und kann den Diagnoseprozess leiten.<\/p>\n<p><strong>Schwere der Symptome:<\/strong> Der Schweregrad der klinischen Anzeichen kann Aufschluss \u00fcber die Dringlichkeit einer Intervention und die m\u00f6glichen Auswirkungen auf das allgemeine Wohlbefinden der Katze geben.<\/p>\n<p><strong>Diagnostische Tests:<\/strong> Die Ergebnisse der durchgef\u00fchrten FIP-Voruntersuchungen.<\/p>\n<p><strong>Erste Screening-Tests:<\/strong> Grundlegende FIP-Tests, wie ein komplettes Blutbild (CBC) und die Serumbiochemie, k\u00f6nnen wertvolle Informationen \u00fcber den allgemeinen Gesundheitszustand der Katze liefern und Anomalien aufdecken, die auf bestimmte Krankheiten hinweisen.<\/p>\n<p><strong>Spezialisierte Tests:<\/strong> Abh\u00e4ngig von den vermuteten Krankheiten werden m\u00f6glicherweise speziellere Tests wie bildgebende Untersuchungen (R\u00f6ntgen, Ultraschall), PCR-Tests und Antik\u00f6rpertiter empfohlen.<\/p>\n<p><strong>\u00dcberwachung der Reaktion:<\/strong> Eine genaue \u00dcberwachung der Reaktion der Katze auf die Behandlung ist unerl\u00e4sslich. Wenn eine Verbesserung eintritt, kann der Tierarzt die Behandlung fortsetzen oder sie entsprechend der beobachteten Reaktion modifizieren.<\/p>\n<p><strong>Sicherheit der Behandlung:<\/strong> Das Sicherheitsprofil der gew\u00e4hlten Behandlung wird ber\u00fccksichtigt. Behandlungen mit geringem Risiko oder Eingriffe mit einer hohen Nutzenwahrscheinlichkeit k\u00f6nnen bevorzugt werden, insbesondere wenn eine endg\u00fcltige Diagnose nicht sofort gestellt werden kann.<\/p>\n<p><strong>Finanzielle Erw\u00e4gungen:<\/strong> Die finanziellen Beschr\u00e4nkungen des Katzenbesitzers k\u00f6nnen den diagnostischen Ansatz beeinflussen. Tier\u00e4rzte und Besitzer k\u00f6nnen gemeinsam einen stufenweisen Diagnoseplan auf der Grundlage von Priorit\u00e4ten festlegen.<\/p>\n<p>&nbsp;<\/p>\n<p>Es ist wichtig zu wissen, dass der Ansatz &#8222;behandeln, um zu diagnostizieren&#8220; und die Behandlung von FIP-Katzen mit Nachteilen verbunden ist. Ohne eine gesicherte Diagnose besteht das Risiko einer unangemessenen oder unwirksamen Behandlung.<\/p>\n<p>Au\u00dferdem kann es die Identifizierung von Grunderkrankungen verz\u00f6gern, die spezifische Ma\u00dfnahmen erfordern. Tier\u00e4rzte w\u00e4gen die potenziellen Vorteile und Risiken sorgf\u00e4ltig ab, bevor sie sich f\u00fcr diesen Ansatz entscheiden. Eine genaue \u00dcberwachung der Reaktion der Katze auf die Behandlung ist unerl\u00e4sslich, um die weiteren diagnostischen Bem\u00fchungen zu steuern.<\/p>\n<p>Es ist wichtig, dass Tier\u00e4rzte mit Tierbesitzern transparent \u00fcber die Gr\u00fcnde f\u00fcr diese Methode und die Notwendigkeit einer kontinuierlichen Diagnostik kommunizieren, um die bestm\u00f6gliche Versorgung der Katze zu gew\u00e4hrleisten.<\/p>\n","protected":false},"excerpt":{"rendered":"<p>Sollte ich mit der katze FIP Behandlung von FIP-Katzen beginnen, ohne dass eine eindeutige Diagnose vorliegt? Die kurze Antwort lautet: Ja. Aber Sie m\u00fcssen immer weiter nach einer best\u00e4tigten Diagnose suchen, auch wenn Sie eine Behandlung begonnen haben. Denn wir wollen keine Zeit verlieren, sondern so schnell wie m\u00f6glich wissen, was die tats\u00e4chliche Krankheit ist. [&hellip;]<\/p>\n","protected":false},"author":1,"featured_media":16795,"parent":0,"menu_order":0,"comment_status":"closed","ping_status":"closed","template":"","meta":{"_glsr_average":0,"_glsr_ranking":0,"_glsr_reviews":0,"footnotes":""},"categories":[677],"tags":[],"_links":{"self":[{"href":"https:\/\/fipmed.co\/de\/wp-json\/wp\/v2\/pages\/17202"}],"collection":[{"href":"https:\/\/fipmed.co\/de\/wp-json\/wp\/v2\/pages"}],"about":[{"href":"https:\/\/fipmed.co\/de\/wp-json\/wp\/v2\/types\/page"}],"author":[{"embeddable":true,"href":"https:\/\/fipmed.co\/de\/wp-json\/wp\/v2\/users\/1"}],"replies":[{"embeddable":true,"href":"https:\/\/fipmed.co\/de\/wp-json\/wp\/v2\/comments?post=17202"}],"version-history":[{"count":0,"href":"https:\/\/fipmed.co\/de\/wp-json\/wp\/v2\/pages\/17202\/revisions"}],"wp:featuredmedia":[{"embeddable":true,"href":"https:\/\/fipmed.co\/de\/wp-json\/wp\/v2\/media\/16795"}],"wp:attachment":[{"href":"https:\/\/fipmed.co\/de\/wp-json\/wp\/v2\/media?parent=17202"}],"wp:term":[{"taxonomy":"category","embeddable":true,"href":"https:\/\/fipmed.co\/de\/wp-json\/wp\/v2\/categories?post=17202"},{"taxonomy":"post_tag","embeddable":true,"href":"https:\/\/fipmed.co\/de\/wp-json\/wp\/v2\/tags?post=17202"}],"curies":[{"name":"wp","href":"https:\/\/api.w.org\/{rel}","templated":true}]}}