{"id":21057,"date":"2023-04-28T06:30:13","date_gmt":"2023-04-28T06:30:13","guid":{"rendered":"https:\/\/fipmed.co\/tierarztliche-partner-programm-anmeldung\/"},"modified":"2024-06-12T12:09:03","modified_gmt":"2024-06-12T12:09:03","slug":"tierarztliche-partner-programm-anmeldung","status":"publish","type":"page","link":"https:\/\/fipmed.co\/de\/tierarztliche-partner-programm-anmeldung\/","title":{"rendered":"FIPMed-Programm: Registrierung als tier\u00e4rztlicher Partner"},"content":{"rendered":"<p>Hallo Doktor,<\/p>\n<p>Sind Sie ein Tierarzt, der Katzen vor der FIP-Krankheit rettet? Nehmen Sie an unserem Partnerprogramm f\u00fcr Tier\u00e4rzte teil und gew\u00e4hren Sie Ihren Patienten exklusive Rabatte, indem Sie Ihren Coupon an sie weitergeben. Ihre Patienten erhalten 10% Rabatt auf alle FIP-Behandlungsprodukte, die sie \u00fcber unsere Website kaufen.<\/p>\n<p>Als Dankesch\u00f6n erhalten Sie von uns die gleiche Provision von 10% f\u00fcr Ihre Empfehlung. Wenn Sie es vorziehen, die Provision nicht zu nehmen, k\u00f6nnen Sie sie abheben, um sie an Ihre bevorzugte Wohlt\u00e4tigkeitsorganisation zu spenden. Sie k\u00f6nnen Ihre Provisionen auch als Ladenguthaben verwenden, um FIP-Behandlungen f\u00fcr Ihre Klinik oder Patienten zu kaufen.<\/p>\n<p>Vielen Dank f\u00fcr die Lekt\u00fcre und ich hoffe, Sie als Partner zu gewinnen!<\/p>\n<p>Nachdem Sie sich registriert haben, k\u00f6nnen Sie Ihren Code sofort freigeben. Sie k\u00f6nnen sich auch bei Ihrem Partner-Dashboard anmelden, indem Sie https:\/\/fipmed.co\/my-account\/ aufrufen.<\/p>\n<p>[couponaffiliates-register template=&#8220;10off&#8220;]<\/p>\n<p>&nbsp;<\/p>\n","protected":false},"excerpt":{"rendered":"<p>Hallo Doktor, Sind Sie ein Tierarzt, der Katzen vor der FIP-Krankheit rettet? Nehmen Sie an unserem Partnerprogramm f\u00fcr Tier\u00e4rzte teil und gew\u00e4hren Sie Ihren Patienten exklusive Rabatte, indem Sie Ihren Coupon an sie weitergeben. Ihre Patienten erhalten 10% Rabatt auf alle FIP-Behandlungsprodukte, die sie \u00fcber unsere Website kaufen. Als Dankesch\u00f6n erhalten Sie von uns die [&hellip;]<\/p>\n","protected":false},"author":1,"featured_media":0,"parent":0,"menu_order":0,"comment_status":"closed","ping_status":"closed","template":"","meta":{"_glsr_average":0,"_glsr_ranking":0,"_glsr_reviews":0,"footnotes":""},"categories":[],"tags":[],"_links":{"self":[{"href":"https:\/\/fipmed.co\/de\/wp-json\/wp\/v2\/pages\/21057"}],"collection":[{"href":"https:\/\/fipmed.co\/de\/wp-json\/wp\/v2\/pages"}],"about":[{"href":"https:\/\/fipmed.co\/de\/wp-json\/wp\/v2\/types\/page"}],"author":[{"embeddable":true,"href":"https:\/\/fipmed.co\/de\/wp-json\/wp\/v2\/users\/1"}],"replies":[{"embeddable":true,"href":"https:\/\/fipmed.co\/de\/wp-json\/wp\/v2\/comments?post=21057"}],"version-history":[{"count":1,"href":"https:\/\/fipmed.co\/de\/wp-json\/wp\/v2\/pages\/21057\/revisions"}],"predecessor-version":[{"id":21060,"href":"https:\/\/fipmed.co\/de\/wp-json\/wp\/v2\/pages\/21057\/revisions\/21060"}],"wp:attachment":[{"href":"https:\/\/fipmed.co\/de\/wp-json\/wp\/v2\/media?parent=21057"}],"wp:term":[{"taxonomy":"category","embeddable":true,"href":"https:\/\/fipmed.co\/de\/wp-json\/wp\/v2\/categories?post=21057"},{"taxonomy":"post_tag","embeddable":true,"href":"https:\/\/fipmed.co\/de\/wp-json\/wp\/v2\/tags?post=21057"}],"curies":[{"name":"wp","href":"https:\/\/api.w.org\/{rel}","templated":true}]}}