{"id":22125,"date":"2022-11-25T09:19:05","date_gmt":"2022-11-25T09:19:05","guid":{"rendered":"https:\/\/fipmed.co\/datenschutzbestimmungen\/"},"modified":"2024-07-24T09:30:10","modified_gmt":"2024-07-24T09:30:10","slug":"datenschutzbestimmungen","status":"publish","type":"page","link":"https:\/\/fipmed.co\/de\/datenschutzbestimmungen\/","title":{"rendered":"Datenschutzbestimmungen"},"content":{"rendered":"\t\t<div data-elementor-type=\"wp-page\" data-elementor-id=\"22125\" class=\"elementor elementor-22125 elementor-3\">\n\t\t\t\t\t\t<section class=\"elementor-section elementor-top-section elementor-element elementor-element-8b2513f elementor-section-boxed elementor-section-height-default elementor-section-height-default\" data-id=\"8b2513f\" data-element_type=\"section\">\n\t\t\t\t\t\t<div class=\"elementor-container elementor-column-gap-default\">\n\t\t\t\t\t<div class=\"elementor-column elementor-col-100 elementor-top-column elementor-element elementor-element-cb4fbe6\" data-id=\"cb4fbe6\" data-element_type=\"column\">\n\t\t\t<div class=\"elementor-widget-wrap elementor-element-populated\">\n\t\t\t\t\t\t<div class=\"elementor-element elementor-element-4603e09 elementor-widget elementor-widget-text-editor\" data-id=\"4603e09\" data-element_type=\"widget\" data-widget_type=\"text-editor.default\">\n\t\t\t\t<div class=\"elementor-widget-container\">\n\t\t\t\t\t\t\t\t\t<p class=\"p1\"><span class=\"s1\">Der Datenschutz ist f\u00fcr FipMed.co von gro\u00dfer Bedeutung und wir m\u00f6chten offen und transparent mit der Art und Weise umgehen, wie wir Ihre pers\u00f6nlichen Daten verarbeiten.<br \/>\nWir verpflichten uns, die Privatsph\u00e4re und Sicherheit unserer Kunden und Website-Besucher zu sch\u00fctzen. <span class=\"Apple-converted-space\">  <\/span>Wir haben daher eine Richtlinie, in der der Zweck, f\u00fcr den Ihre pers\u00f6nlichen Daten gesammelt werden, sowie die Art und Weise, wie sie verarbeitet und gesch\u00fctzt werden, festgelegt ist.<span class=\"Apple-converted-space\">  <\/span>Sie werden auch die M\u00f6glichkeit haben, den Prozess der Datenerfassung zu \u00fcberwachen und den Grad der Kommunikation mit uns zu steuern, den Sie w\u00fcnschen.<\/span><\/p>\n<p class=\"p1\">\n<p class=\"p1\"><span class=\"s1\">&#8211; Ihre Daten werden nur verwendet, um unseren Service f\u00fcr Sie und Ihre Erfahrungen mit uns zu verbessern<\/span><\/p>\n<p class=\"p1\"><span class=\"s1\">&#8211; Der Schutz Ihrer Daten vor unbefugtem Zugriff hat f\u00fcr uns oberste Priorit\u00e4t. Dazu geh\u00f6rt auch die Verhinderung von unbefugtem Zugriff, Bearbeitung oder Weitergabe von Daten.<\/span><\/p>\n<p class=\"p1\"><span class=\"s1\">&#8211; Wir verpflichten uns, alle notwendigen Informationen so klar und pr\u00e4zise wie m\u00f6glich zu \u00fcbermitteln.<\/span><\/p>\n<p class=\"p1\"><span class=\"s1\">&#8211; Sie haben die M\u00f6glichkeit zu entscheiden, was und wie Sie von uns h\u00f6ren<\/span><\/p>\n<p class=\"p1\"><span class=\"s1\">&#8211; Alle pers\u00f6nlichen Daten, die f\u00fcr unsere Analysen nicht erforderlich sind, werden gel\u00f6scht, um zu verhindern, dass \u00fcberfl\u00fcssige Informationen in unserem System gespeichert werden.<\/span><\/p>\n<\/p>\n<h3 class=\"p1\"><span class=\"s1\">Rechtsgrundlage f\u00fcr die Verarbeitung<\/span><\/h3>\n<p class=\"p1\"><span class=\"s1\">Wir verarbeiten Ihre pers\u00f6nlichen Daten aus den folgenden Gr\u00fcnden:<\/span><\/p>\n<p class=\"p1\"><span class=\"s1\">&#8211; Die Ausf\u00fchrung von Vertr\u00e4gen, an denen Sie beteiligt sind<\/span><\/p>\n<p class=\"p1\"><span class=\"s1\">&#8211; Einhaltung unserer gesetzlichen Verpflichtungen<\/span><\/p>\n<p class=\"p1\"><span class=\"s1\">&#8211; Verfolgung von Marketing- und anderen legitimen Interessen<\/span><\/p>\n<p class=\"p2\">\n<h3 class=\"p1\"><span class=\"s1\">Legitimierte Interessen<\/span><\/h3>\n<p class=\"p1\"><span class=\"s1\">Dazu geh\u00f6ren die folgenden:  <\/span><\/p>\n<p class=\"p1\"><span class=\"s1\">&#8211; Erhebung von pers\u00f6nlichen Daten, um Ihnen das bestm\u00f6gliche Kundenerlebnis zu bieten<\/span><\/p>\n<p class=\"p1\"><span class=\"s1\">&#8211; Operative Anforderungen, die f\u00fcr interne Prozesse erforderlich sind<\/span><\/p>\n<p class=\"p1\"><span class=\"s1\">&#8211; Erf\u00fcllung Ihrer Anforderungen an unsere Dienstleistungen und Produkte<\/span><\/p>\n<p class=\"p1\"><span class=\"s1\">&#8211; Betrugspr\u00e4vention<\/span><\/p>\n<p class=\"p1\"><span class=\"s1\">&#8211; Ausschlie\u00dflich f\u00fcr unser eigenes internes Marketing, Forschung und Produktentwicklung<\/span><\/p>\n<p class=\"p2\">\n<h3 class=\"p1\"><span class=\"s1\">  Wie wir Informationen \u00fcber Sie sammeln  <\/span><\/h3>\n<p class=\"p1\"><span class=\"s1\">&#8211; Durch Online-K\u00e4ufe (wenn Sie eine Bestellung aufgeben)  <\/span><\/p>\n<p class=\"p1\"><span class=\"s1\">&#8211; \u00dcber Direktmarketing (wenn Sie sich f\u00fcr unseren Newsletter anmelden)<\/span><\/p>\n<p class=\"p1\"><span class=\"s1\">&#8211; Wenn Sie sich f\u00fcr ein FipMed.co-Konto registrieren<\/span><\/p>\n<p class=\"p1\"><span class=\"s1\">&#8211; Durch Kommunikation \u00fcber unseren Kundendienst<\/span><\/p>\n<p class=\"p1\"><span class=\"s1\">&#8211; Ihre Daten k\u00f6nnen auch automatisch w\u00e4hrend des Besuchs unserer Website erfasst werden, einschlie\u00dflich Informationen \u00fcber Ihre Ger\u00e4te und Ihr Browsing.<br \/>\nDiese Informationen werden durch die Verwendung von Cookies und \u00e4hnlichen Technologien erfasst.   <\/span><\/p>\n<p class=\"p2\">\n<h3 class=\"p1\"><span class=\"s1\">Warum wir Ihre pers\u00f6nlichen Daten verwenden:<\/span><\/h3>\n<p class=\"p1\"><span class=\"s1\">&#8211; Bearbeitung und Auslieferung Ihrer Eink\u00e4ufe<\/span><\/p>\n<p class=\"p1\"><span class=\"s1\">&#8211; Zahlungen entgegennehmen und Erstattungen vornehmen<\/span><\/p>\n<p class=\"p1\"><span class=\"s1\">&#8211; Ihnen Servicenachrichten per SMS, E-Mail oder auf andere Weise zukommen zu lassen<\/span><\/p>\n<p class=\"p1\"><span class=\"s1\">&#8211; Kundenbetreuung und -unterst\u00fctzung, Bearbeitung von R\u00fccksendungen und Garantieanspr\u00fcchen<\/span><\/p>\n<p class=\"p1\"><span class=\"s1\">&#8211; Alle Formen der Betrugsaufdeckung und -pr\u00e4vention<\/span><\/p>\n<p class=\"p1\"><span class=\"s1\">&#8211; Sicherheit und Schutz unserer Website<\/span><\/p>\n<p class=\"p1\"><span class=\"s1\">&#8211; Einblenden unserer Werbung, w\u00e4hrend Sie im Internet surfen<\/span><\/p>\n<p class=\"p1\"><span class=\"s1\">&#8211; Sie mit Informationen \u00fcber unsere Produkte und Dienstleistungen, Werbeaktionen, Rabatte und Neuigkeiten zu versorgen, die Ihren Vorlieben und W\u00fcnschen entsprechen<\/span><\/p>\n<p class=\"p1\"><span class=\"s1\">&#8211; Verbesserung unserer Website<\/span><\/p>\n<p class=\"p2\">\n<h3 class=\"p1\"><span class=\"s1\">Welche Arten von Daten wir sammeln<\/span><\/h3>\n<p class=\"p1\"><span class=\"s1\">&#8211; Identit\u00e4ts- und Kontaktinformationen (E-Mail-Adresse, Vorname, Nachname, Adresse, Telefon)<\/span><\/p>\n<p class=\"p1\"><span class=\"s1\">&#8211; Finanz- und Transaktionsdaten (Kreditkartendaten, Details zu Zahlungen, die von Drittanbietern bereitgestellt werden)<\/span><\/p>\n<p class=\"p1\"><span class=\"s1\">&#8211; Profilinformationen (Vorname, Nachname, E-Mail-Adresse, Passwort und als zus\u00e4tzliche, nicht obligatorische Benutzerinformationen: Geschlecht, Zeitzone, Geburtsdatum)<\/span><\/p>\n<p class=\"p1\"><span class=\"s1\">&#8211; Technische Informationen (Internetprotokoll (IP)-Adresse, Ihre Anmeldedaten, Browserinformationen, Zeitzone, Sprache, Browser-Plug-in-Typen und -Versionen, Betriebssystem und andere Technologien auf den Ger\u00e4ten, die Sie f\u00fcr den Zugriff auf die FipMed.co-Website oder die mobile Anwendung verwenden)<\/span><\/p>\n<p class=\"p1\"><span class=\"s1\">&#8211; Marketing- und Kommunikationsdaten (E-Mail-Adresse, Vorname, Nachname, Geschlecht, Zeitzone, Region, Land, Kaufdatum, IP-Adresse, Bestelldatum, gekauftes Produkt, Abonnementquelle, Sprache, Bestell-ID, Benutzer-ID, Abonnementdatum, letztes \u00c4nderungsdatum)<\/span><\/p>\n<p class=\"p2\">\n<h3 class=\"p1\"><span class=\"s1\">Wie lange wir Ihre pers\u00f6nlichen Daten aufbewahren<\/span><\/h3>\n<p class=\"p1\"><span class=\"s1\">Wir bewahren Ihre Daten so lange auf, wie Sie Ihr Konto haben, oder so lange, wie es notwendig ist, um Ihnen Dienstleistungen zu erbringen, einschlie\u00dflich einer Produktgarantie von bis zu 10 Jahren, oder (im Falle eines Kontakts mit unserem Customer Care Team) so lange, wie es notwendig ist, um supportbezogene Berichte und Trendanalysen zu erstellen.<\/span><\/p>\n<p class=\"p1\"><span class=\"s1\">Wir k\u00f6nnen einige Ihrer Daten aufbewahren, wenn dies gesetzlich vorgeschrieben ist, auch nachdem Ihr Konto geschlossen wurde und wir keine Dienstleistungen mehr f\u00fcr Sie erbringen m\u00fcssen.<\/span><\/p>\n<p class=\"p1\"><span class=\"s1\">Die f\u00fcr das Direktmarketing verwendeten Daten werden so lange gespeichert, bis sich der Benutzer abmeldet oder l\u00e4nger als ein Jahr inaktiv ist.<\/span><\/p>\n<p class=\"p2\">\n<p class=\"p1\"><span class=\"s1\">Wir verkaufen keine Ihrer pers\u00f6nlichen Daten an Dritte und werden dies auch nicht tun &#8211; einschlie\u00dflich Ihres Namens, Ihrer Adresse, Ihrer E-Mail-Adresse oder Ihrer Kreditkarteninformationen.<span class=\"Apple-converted-space\">  <\/span>Wir m\u00f6chten Ihr Vertrauen gewinnen und erhalten, und wir glauben, dass dies absolut notwendig ist, um dies zu erreichen.<\/span><\/p>\n<p class=\"p1\"><span class=\"s1\">Wir geben Ihre Daten jedoch an die folgenden Kategorien von Unternehmen weiter, da dies f\u00fcr die Erbringung unserer Dienstleistungen f\u00fcr Sie unerl\u00e4sslich ist, wie in dieser Erkl\u00e4rung dargelegt:<\/span><\/p>\n<p class=\"p1\"><span class=\"s1\">&#8211; Verbundene Unternehmen und Auftragsverarbeiter aufgrund der Erf\u00fcllung des Kaufvertrags oder zur Durchf\u00fchrung interner Prozesse und Verfahren<\/span><\/p>\n<p class=\"p1\"><span class=\"s1\">&#8211; Unternehmen, die Kreditkarten ausgeben, Anbieter von Zahlungsdiensten zur Abwicklung von Zahlungen und Banken, auf der Grundlage Ihrer Bestellung, um einen Kaufvertrag zu erf\u00fcllen<\/span><\/p>\n<p class=\"p1\"><span class=\"s1\">&#8211; Spediteure f\u00fcr die Lieferung Ihrer Bestellung oder Dienstleistungen  <\/span><\/p>\n<p class=\"p1\"><span class=\"s1\">&#8211; Andere Dienstleister und Dritte, die an der Datenverarbeitung beteiligt sind<\/span><\/p>\n<p class=\"p1\"><span class=\"s1\">&#8211; Dritte, wie z. B. Strafverfolgungsbeh\u00f6rden, andere Regierungsbeh\u00f6rden und verbundene Parteien, wenn wir gesetzlich dazu verpflichtet sind<\/span><\/p>\n<\/p>\n<p class=\"p1\"><span class=\"s1\">Wir k\u00f6nnen Dritten aggregierte, aber anonymisierte Informationen und Analysen \u00fcber unsere Kunden zur Verf\u00fcgung stellen. Bevor wir dies tun, stellen wir sicher, dass Sie nicht identifiziert werden k\u00f6nnen.<\/span><\/p>\n<p class=\"p2\">\n<p class=\"p2\">\n<h3 class=\"p1\"><span class=\"s1\">Was sind Ihre Rechte?<\/span><\/h3>\n<p class=\"p1\"><span class=\"s1\">&#8211; Das Recht auf Zugang zu den pers\u00f6nlichen Informationen, die wir \u00fcber Sie gespeichert haben.<span class=\"Apple-converted-space\">  <\/span>Sie haben das Recht, jederzeit Auskunft \u00fcber die personenbezogenen Daten zu verlangen, die wir \u00fcber Sie gespeichert haben.<br \/>\nWenn Sie sich mit uns in Verbindung setzen, werden wir Ihnen Ihre pers\u00f6nlichen Daten per E-Mail zur Verf\u00fcgung stellen. <\/span><\/p>\n<p class=\"p1\"><span class=\"s1\">&#8211; Das Recht auf \u00dcbertragbarkeit.<span class=\"Apple-converted-space\">  <\/span>Sie haben das Recht, eine Kopie Ihrer Daten in einem strukturierten, allgemein gebr\u00e4uchlichen und maschinenlesbaren Format zu erhalten, die Ihnen oder einer anderen Partei \u00fcbermittelt wird.<span class=\"Apple-converted-space\">  <\/span>Dazu geh\u00f6ren nur die pers\u00f6nlichen Daten, die Sie uns \u00fcbermittelt haben.<span class=\"Apple-converted-space\">  <\/span>Sie haben auch das Recht zu verlangen, dass wir Elemente Ihrer Daten entweder an Sie oder an einen anderen Dienstanbieter \u00fcbertragen oder portieren.<\/span><\/p>\n<p class=\"p1\"><span class=\"s1\">&#8211; Das Recht auf Berichtigung.<span class=\"Apple-converted-space\">  <\/span>Sie haben das Recht, die Berichtigung Ihrer personenbezogenen Daten zu verlangen, wenn diese unrichtig sind, einschlie\u00dflich des Rechts, unvollst\u00e4ndige personenbezogene Daten vervollst\u00e4ndigen zu lassen.<\/span><\/p>\n<p class=\"p1\"><span class=\"s1\">&#8211; Das Recht auf L\u00f6schung.<span class=\"Apple-converted-space\">  <\/span>Sie haben das Recht, jederzeit zu verlangen, dass wir personenbezogene Daten l\u00f6schen, nicht mehr verarbeiten oder sammeln.<\/span><\/p>\n<p class=\"p1\"><span class=\"s1\">&#8211; Das Recht auf Widerspruch gegen die Verarbeitung personenbezogener Daten, die auf einem berechtigten Interesse beruht.<span class=\"Apple-converted-space\">  <\/span>Auf Ihr Verlangen hin wird FipMed.co Ihre personenbezogenen Daten nicht weiterverarbeiten, es sei denn, wir k\u00f6nnen einen berechtigten Grund f\u00fcr die Verarbeitung nachweisen, der Ihre Interessen und Rechte \u00fcberwiegt, oder es bestehen gesetzliche Verpflichtungen oder Anspr\u00fcche.<\/span><\/p>\n<p class=\"p1\"><span class=\"s1\">&#8211; Das Recht auf Widerspruch gegen Direktmarketing.<span class=\"Apple-converted-space\">  <\/span>Sie haben das Recht, der Direktvermarktung zu widersprechen, einschlie\u00dflich der Profiling-Analyse zu Zwecken der Direktvermarktung.<\/span><\/p>\n<p class=\"p1\"><span class=\"s1\">Insgesamt haben Sie als Kunde oder Besucher unserer Website das Recht auf vollst\u00e4ndige Informationen \u00fcber die Erhebung und Verarbeitung Ihrer pers\u00f6nlichen Daten.<span class=\"Apple-converted-space\">  <\/span>Wenn Sie Ihre Rechte wahrnehmen m\u00f6chten, Hilfe ben\u00f6tigen, eine Beschwerde haben oder einfach nur Fragen stellen m\u00f6chten, z\u00f6gern Sie bitte nicht, uns zu kontaktieren.<\/span><\/p>\n<p class=\"p2\">\n<h3 class=\"p1\"><span class=\"s1\">\u00dcber Cookies<\/span><\/h3>\n<p class=\"p1\"><span class=\"s1\">Cookies sind kleine Textdateien, die von einer Website gesendet und im Webbrowser eines Benutzers gespeichert werden, w\u00e4hrend dieser auf einer Website surft.<span class=\"Apple-converted-space\">  <\/span>Wenn der Benutzer in Zukunft dieselbe Website besucht, k\u00f6nnen die im Cookie gespeicherten Daten von der Website abgerufen werden, um die Website \u00fcber die fr\u00fcheren Aktivit\u00e4ten des Benutzers zu informieren und den Benutzer so von anderen Benutzern der Website zu unterscheiden.<\/span><\/p>\n<p class=\"p2\">\n<p class=\"p1\"><span class=\"s1\">Wir verwenden Cookies, um Ihnen die Navigation auf unserer Website zu erleichtern und um bestimmte Funktionen auszuf\u00fchren, einschlie\u00dflich der Analyse des Websiteverkehrs.<br \/>\nCookies k\u00f6nnen Sie auch bei Ihrer n\u00e4chsten Anmeldung erkennen und Ihnen Inhalte anbieten, die auf Ihre Vorlieben und Interessen zugeschnitten sind. <\/span><\/p>\n<p class=\"p1\"><span class=\"s1\">Wir k\u00f6nnen Cookies auf Ihrem Ger\u00e4t speichern, wenn sie f\u00fcr den Betrieb dieser Website unbedingt erforderlich sind.<br \/>\nF\u00fcr alle anderen Arten von Cookies ben\u00f6tigen wir Ihre Zustimmung.<br \/>\nDiese Website verwendet verschiedene Arten von Cookies.<br \/>\nEinige Cookies werden von Diensten Dritter gesetzt, die auf unseren Seiten erscheinen.<br \/>\nSie k\u00f6nnen Ihre Zustimmung jederzeit \u00fcber den *Cookie Manager auf unserer Website \u00e4ndern oder zur\u00fcckziehen.    <\/span><\/p>\n<p class=\"p2\">\n<p class=\"p1\"><span class=\"s1\">Arten von Cookies, die wir verwenden:<\/span><\/p>\n<p class=\"p1\"><span class=\"s1\">&#8211; Notwendige Cookies helfen dabei, eine Website nutzbar zu machen, indem sie grundlegende Funktionen wie die Seitennavigation und den Zugang zu sicheren Bereichen der Website erm\u00f6glichen.<br \/>\nOhne diese Cookies kann die Website nicht richtig funktionieren. <\/span><\/p>\n<p class=\"p1\"><span class=\"s1\">&#8211; Pr\u00e4ferenz-Cookies erm\u00f6glichen es einer Website, Informationen zu speichern, die das Verhalten oder das Aussehen der Website ver\u00e4ndern, z. B. Ihre bevorzugte Sprache oder die Region, in der Sie sich befinden.<\/span><\/p>\n<p class=\"p1\"><span class=\"s1\">&#8211; Statistik-Cookies helfen Website-Betreibern zu verstehen, wie Besucher mit Websites interagieren, indem sie Informationen anonym sammeln und melden.<\/span><\/p>\n<p class=\"p1\"><span class=\"s1\">&#8211; Marketing-Cookies werden verwendet, um Besucher auf verschiedenen Websites zu verfolgen.<br \/>\nZiel ist es, Anzeigen zu schalten, die f\u00fcr den einzelnen Nutzer relevant und ansprechend sind und damit f\u00fcr Publisher und Drittanbieter wertvoller sind. <\/span><\/p>\n\t\t\t\t\t\t\t\t<\/div>\n\t\t\t\t<\/div>\n\t\t\t\t\t<\/div>\n\t\t<\/div>\n\t\t\t\t\t<\/div>\n\t\t<\/section>\n\t\t\t\t<\/div>\n\t\t","protected":false},"excerpt":{"rendered":"<p>Der Datenschutz ist f\u00fcr FipMed.co von gro\u00dfer Bedeutung und wir m\u00f6chten offen und transparent mit der Art und Weise umgehen, wie wir Ihre pers\u00f6nlichen Daten verarbeiten. Wir verpflichten uns, die Privatsph\u00e4re und Sicherheit unserer Kunden und Website-Besucher zu sch\u00fctzen. Wir haben daher eine Richtlinie, in der der Zweck, f\u00fcr den Ihre pers\u00f6nlichen Daten gesammelt werden, [&hellip;]<\/p>\n","protected":false},"author":1,"featured_media":0,"parent":0,"menu_order":0,"comment_status":"closed","ping_status":"open","template":"","meta":{"_glsr_average":0,"_glsr_ranking":0,"_glsr_reviews":0,"footnotes":""},"categories":[],"tags":[],"_links":{"self":[{"href":"https:\/\/fipmed.co\/de\/wp-json\/wp\/v2\/pages\/22125"}],"collection":[{"href":"https:\/\/fipmed.co\/de\/wp-json\/wp\/v2\/pages"}],"about":[{"href":"https:\/\/fipmed.co\/de\/wp-json\/wp\/v2\/types\/page"}],"author":[{"embeddable":true,"href":"https:\/\/fipmed.co\/de\/wp-json\/wp\/v2\/users\/1"}],"replies":[{"embeddable":true,"href":"https:\/\/fipmed.co\/de\/wp-json\/wp\/v2\/comments?post=22125"}],"version-history":[{"count":1,"href":"https:\/\/fipmed.co\/de\/wp-json\/wp\/v2\/pages\/22125\/revisions"}],"predecessor-version":[{"id":22127,"href":"https:\/\/fipmed.co\/de\/wp-json\/wp\/v2\/pages\/22125\/revisions\/22127"}],"wp:attachment":[{"href":"https:\/\/fipmed.co\/de\/wp-json\/wp\/v2\/media?parent=22125"}],"wp:term":[{"taxonomy":"category","embeddable":true,"href":"https:\/\/fipmed.co\/de\/wp-json\/wp\/v2\/categories?post=22125"},{"taxonomy":"post_tag","embeddable":true,"href":"https:\/\/fipmed.co\/de\/wp-json\/wp\/v2\/tags?post=22125"}],"curies":[{"name":"wp","href":"https:\/\/api.w.org\/{rel}","templated":true}]}}