{"id":3830,"date":"2022-11-25T15:15:07","date_gmt":"2022-11-25T15:15:07","guid":{"rendered":"https:\/\/fipmed.co\/fip-krieger-erfolgsgeschichten\/"},"modified":"2023-05-10T08:07:23","modified_gmt":"2023-05-10T08:07:23","slug":"fip-bei-katzen-krieger-erfolgsgeschichten","status":"publish","type":"page","link":"https:\/\/fipmed.co\/de\/fip-bei-katzen-krieger-erfolgsgeschichten\/","title":{"rendered":"FIP bei katzen &#8211; Erfolgsgeschichten"},"content":{"rendered":"\t\t<div data-elementor-type=\"wp-page\" data-elementor-id=\"3830\" class=\"elementor elementor-3830 elementor-25\">\n\t\t\t\t\t\t<section class=\"elementor-section elementor-top-section elementor-element elementor-element-e3d451c elementor-section-full_width elementor-section-stretched elementor-section-height-default elementor-section-height-default\" data-id=\"e3d451c\" data-element_type=\"section\" data-settings=\"{&quot;stretch_section&quot;:&quot;section-stretched&quot;,&quot;background_background&quot;:&quot;classic&quot;}\">\n\t\t\t\t\t\t<div class=\"elementor-container elementor-column-gap-default\">\n\t\t\t\t\t<div class=\"elementor-column elementor-col-100 elementor-top-column elementor-element elementor-element-a5c9e2c\" data-id=\"a5c9e2c\" data-element_type=\"column\">\n\t\t\t<div class=\"elementor-widget-wrap elementor-element-populated\">\n\t\t\t\t\t\t<div class=\"elementor-element elementor-element-39743ef elementor-widget elementor-widget-heading\" data-id=\"39743ef\" data-element_type=\"widget\" data-widget_type=\"heading.default\">\n\t\t\t\t<div class=\"elementor-widget-container\">\n\t\t\t\t\t<h2 class=\"elementor-heading-title elementor-size-default\">FIP bei Katzen: Erfolgsgeschichten\n<\/h2>\t\t\t\t<\/div>\n\t\t\t\t<\/div>\n\t\t\t\t<div class=\"elementor-element elementor-element-85dd8c0 elementor-widget elementor-widget-text-editor\" data-id=\"85dd8c0\" data-element_type=\"widget\" data-widget_type=\"text-editor.default\">\n\t\t\t\t<div class=\"elementor-widget-container\">\n\t\t\t\t\t\t\t\t\t<p>Lesen Sie die Erfolgsgeschichten dieser FIP-Krieger. Mit der FipMed-Behandlung gelingt es diesen Katzen, die schlimmste Katzenkrankheit zu \u00fcberleben.<\/p>\n\t\t\t\t\t\t\t\t<\/div>\n\t\t\t\t<\/div>\n\t\t\t\t<section class=\"elementor-section elementor-inner-section elementor-element elementor-element-f2ab2ed elementor-section-boxed elementor-section-height-default elementor-section-height-default\" data-id=\"f2ab2ed\" data-element_type=\"section\">\n\t\t\t\t\t\t<div class=\"elementor-container elementor-column-gap-default\">\n\t\t\t\t\t<div class=\"elementor-column elementor-col-50 elementor-inner-column elementor-element elementor-element-d1ef3e3\" data-id=\"d1ef3e3\" data-element_type=\"column\" id=\"was\">\n\t\t\t<div class=\"elementor-widget-wrap elementor-element-populated\">\n\t\t\t\t\t\t<div class=\"elementor-element elementor-element-01ba8e4 elementor-widget elementor-widget-image\" data-id=\"01ba8e4\" data-element_type=\"widget\" data-widget_type=\"image.default\">\n\t\t\t\t<div class=\"elementor-widget-container\">\n\t\t\t\t\t\t\t\t\t\t\t\t\t\t\t<img data-opt-id=1688254356  fetchpriority=\"high\" decoding=\"async\" width=\"600\" height=\"600\" src=\"https:\/\/ml9txs9ouv9q.i.optimole.com\/w:auto\/h:auto\/q:mauto\/f:best\/https:\/\/fipmed.co\/wp-content\/uploads\/2022\/11\/FIP-warrior-6.jpg\" class=\"attachment-large size-large wp-image-1992\" alt=\"\" srcset=\"https:\/\/ml9txs9ouv9q.i.optimole.com\/w:600\/h:600\/q:mauto\/f:best\/https:\/\/fipmed.co\/wp-content\/uploads\/2022\/11\/FIP-warrior-6.jpg 600w, https:\/\/ml9txs9ouv9q.i.optimole.com\/w:300\/h:300\/q:mauto\/f:best\/https:\/\/fipmed.co\/wp-content\/uploads\/2022\/11\/FIP-warrior-6.jpg 300w, https:\/\/ml9txs9ouv9q.i.optimole.com\/w:150\/h:150\/q:mauto\/f:best\/https:\/\/fipmed.co\/wp-content\/uploads\/2022\/11\/FIP-warrior-6.jpg 150w, https:\/\/ml9txs9ouv9q.i.optimole.com\/w:100\/h:100\/q:mauto\/f:best\/dpr:2\/https:\/\/fipmed.co\/wp-content\/uploads\/2022\/11\/FIP-warrior-6.jpg 100w\" sizes=\"(max-width: 600px) 100vw, 600px\" \/>\t\t\t\t\t\t\t\t\t\t\t\t\t\t\t<\/div>\n\t\t\t\t<\/div>\n\t\t\t\t<div class=\"elementor-element elementor-element-0d46735 elementor-widget elementor-widget-text-editor\" data-id=\"0d46735\" data-element_type=\"widget\" data-widget_type=\"text-editor.default\">\n\t\t\t\t<div class=\"elementor-widget-container\">\n\t\t\t\t\t\t\t\t\tMartian war erst 2 Monate alt, als er mit FIP infiziert wurde, daher war es ziemlich alarmierend zu sehen, wie er sich von einem lebhaften Jungen in einen lethargischen verwandelte.\n\n\n Es war, als w\u00e4re\ner von einer dunklen Wolke besessen. Ich\nbin so froh, dass die FipMed-Behandlung funktioniert hat,\ndenn er hatte ein ganzes Leben vor sich! \n\t\t\t\t\t\t\t\t<\/div>\n\t\t\t\t<\/div>\n\t\t\t\t\t<\/div>\n\t\t<\/div>\n\t\t\t\t<div class=\"elementor-column elementor-col-50 elementor-inner-column elementor-element elementor-element-7acde6d\" data-id=\"7acde6d\" data-element_type=\"column\" id=\"very\">\n\t\t\t<div class=\"elementor-widget-wrap elementor-element-populated\">\n\t\t\t\t\t\t<div class=\"elementor-element elementor-element-f5d4ec4 elementor-widget elementor-widget-image\" data-id=\"f5d4ec4\" data-element_type=\"widget\" data-widget_type=\"image.default\">\n\t\t\t\t<div class=\"elementor-widget-container\">\n\t\t\t\t\t\t\t\t\t\t\t\t\t\t\t<img data-opt-id=838099782  data-opt-src=\"https:\/\/ml9txs9ouv9q.i.optimole.com\/w:auto\/h:auto\/q:mauto\/f:best\/https:\/\/fipmed.co\/wp-content\/uploads\/2022\/12\/WhatsApp-Image-2022-12-02-at-21.59.18.jpeg\"  decoding=\"async\" width=\"600\" height=\"600\" src=\"data:image/svg+xml,%3Csvg%20viewBox%3D%220%200%20100%%20100%%22%20width%3D%22100%%22%20height%3D%22100%%22%20xmlns%3D%22http%3A%2F%2Fwww.w3.org%2F2000%2Fsvg%22%3E%3Crect%20width%3D%22100%%22%20height%3D%22100%%22%20fill%3D%22transparent%22%2F%3E%3C%2Fsvg%3E\" class=\"attachment-large size-large wp-image-2657\" alt=\"\" old-srcset=\"https:\/\/ml9txs9ouv9q.i.optimole.com\/w:600\/h:600\/q:mauto\/f:best\/https:\/\/fipmed.co\/wp-content\/uploads\/2022\/12\/WhatsApp-Image-2022-12-02-at-21.59.18.jpeg 600w, https:\/\/ml9txs9ouv9q.i.optimole.com\/w:300\/h:300\/q:mauto\/f:best\/https:\/\/fipmed.co\/wp-content\/uploads\/2022\/12\/WhatsApp-Image-2022-12-02-at-21.59.18.jpeg 300w, https:\/\/ml9txs9ouv9q.i.optimole.com\/w:150\/h:150\/q:mauto\/f:best\/https:\/\/fipmed.co\/wp-content\/uploads\/2022\/12\/WhatsApp-Image-2022-12-02-at-21.59.18.jpeg 150w, https:\/\/ml9txs9ouv9q.i.optimole.com\/w:100\/h:100\/q:mauto\/f:best\/dpr:2\/https:\/\/fipmed.co\/wp-content\/uploads\/2022\/12\/WhatsApp-Image-2022-12-02-at-21.59.18.jpeg 100w\" \/><noscript><img data-opt-id=838099782  decoding=\"async\" width=\"600\" height=\"600\" src=\"https:\/\/ml9txs9ouv9q.i.optimole.com\/w:auto\/h:auto\/q:mauto\/f:best\/https:\/\/fipmed.co\/wp-content\/uploads\/2022\/12\/WhatsApp-Image-2022-12-02-at-21.59.18.jpeg\" class=\"attachment-large size-large wp-image-2657\" alt=\"\" srcset=\"https:\/\/ml9txs9ouv9q.i.optimole.com\/w:600\/h:600\/q:mauto\/f:best\/https:\/\/ml9txs9ouv9q.i.optimole.com\/w:auto\/h:auto\/q:mauto\/f:best\/https:\/\/fipmed.co\/wp-content\/uploads\/2022\/12\/WhatsApp-Image-2022-12-02-at-21.59.18.jpeg 600w, https:\/\/ml9txs9ouv9q.i.optimole.com\/w:300\/h:300\/q:mauto\/f:best\/https:\/\/ml9txs9ouv9q.i.optimole.com\/w:auto\/h:auto\/q:mauto\/f:best\/https:\/\/fipmed.co\/wp-content\/uploads\/2022\/12\/WhatsApp-Image-2022-12-02-at-21.59.18.jpeg 300w, https:\/\/ml9txs9ouv9q.i.optimole.com\/w:150\/h:150\/q:mauto\/f:best\/https:\/\/ml9txs9ouv9q.i.optimole.com\/w:auto\/h:auto\/q:mauto\/f:best\/https:\/\/fipmed.co\/wp-content\/uploads\/2022\/12\/WhatsApp-Image-2022-12-02-at-21.59.18.jpeg 150w, https:\/\/ml9txs9ouv9q.i.optimole.com\/w:100\/h:100\/q:mauto\/f:best\/dpr:2\/https:\/\/ml9txs9ouv9q.i.optimole.com\/w:auto\/h:auto\/q:mauto\/f:best\/https:\/\/fipmed.co\/wp-content\/uploads\/2022\/12\/WhatsApp-Image-2022-12-02-at-21.59.18.jpeg 100w\" sizes=\"(max-width: 600px) 100vw, 600px\" \/></noscript>\t\t\t\t\t\t\t\t\t\t\t\t\t\t\t<\/div>\n\t\t\t\t<\/div>\n\t\t\t\t<div class=\"elementor-element elementor-element-b4be713 elementor-widget elementor-widget-text-editor\" data-id=\"b4be713\" data-element_type=\"widget\" data-widget_type=\"text-editor.default\">\n\t\t\t\t<div class=\"elementor-widget-container\">\n\t\t\t\t\t\t\t\t\tIch bin sehr zufrieden mit MJs Fortschritt. Er \nist jetzt zu seiner alten, aktiven\nund verspielten Art zur\u00fcckgekehrt. Vor einiger Zeit bemerkte ich, dass\nsein Bauch von Tag zu Tag gr\u00f6\u00dfer\nwurde. Zuerst dachte ich, er h\u00e4tte\nzugenommen. Aber er wurde auch allm\u00e4hlich\nschw\u00e4cher. Er wollte nicht mehr mit mir spielen\nund hatte keinen Appetit. Schlie\u00dflich\nwurde bei ihm eine feuchte Peritonitis diagnostiziert. Ich\nwar so untr\u00f6stlich, als der Tierarzt\nmir erkl\u00e4rte, was FIP ist. Er hat meinem\nBaby im Grunde ein Todesurteil gegeben! Ich sagte\ndem damaligen Tierarzt, dass ich\nmein Baby retten w\u00fcrde, egal wie schwierig es auch sein mag. Das\nMedikament war wirklich wirksam. Der Tierarzt\nkonnte nicht glauben, wie schnell es\nihm besser ging. Ich danke Ihnen allen. Ich\nhoffe, Sie k\u00f6nnen weiterhin gute Dinge tun.\t\t\t\t\t\t\t\t<\/div>\n\t\t\t\t<\/div>\n\t\t\t\t\t<\/div>\n\t\t<\/div>\n\t\t\t\t\t<\/div>\n\t\t<\/section>\n\t\t\t\t<section class=\"elementor-section elementor-inner-section elementor-element elementor-element-139bf58 elementor-section-boxed elementor-section-height-default elementor-section-height-default\" data-id=\"139bf58\" data-element_type=\"section\">\n\t\t\t\t\t\t<div class=\"elementor-container elementor-column-gap-default\">\n\t\t\t\t\t<div class=\"elementor-column elementor-col-50 elementor-inner-column elementor-element elementor-element-a4af59a\" data-id=\"a4af59a\" data-element_type=\"column\" id=\"badly\">\n\t\t\t<div class=\"elementor-widget-wrap elementor-element-populated\">\n\t\t\t\t\t\t<div class=\"elementor-element elementor-element-1524d74 elementor-widget elementor-widget-image\" data-id=\"1524d74\" data-element_type=\"widget\" id=\"badly\" data-widget_type=\"image.default\">\n\t\t\t\t<div class=\"elementor-widget-container\">\n\t\t\t\t\t\t\t\t\t\t\t\t\t\t\t<img data-opt-id=892877686  data-opt-src=\"https:\/\/ml9txs9ouv9q.i.optimole.com\/w:auto\/h:auto\/q:mauto\/f:best\/https:\/\/fipmed.co\/wp-content\/uploads\/2022\/11\/FIP-Warrior-4-1.jpg\"  decoding=\"async\" width=\"600\" height=\"600\" src=\"data:image/svg+xml,%3Csvg%20viewBox%3D%220%200%20100%%20100%%22%20width%3D%22100%%22%20height%3D%22100%%22%20xmlns%3D%22http%3A%2F%2Fwww.w3.org%2F2000%2Fsvg%22%3E%3Crect%20width%3D%22100%%22%20height%3D%22100%%22%20fill%3D%22transparent%22%2F%3E%3C%2Fsvg%3E\" class=\"attachment-large size-large wp-image-2011\" alt=\"\" old-srcset=\"https:\/\/ml9txs9ouv9q.i.optimole.com\/w:600\/h:600\/q:mauto\/f:best\/https:\/\/fipmed.co\/wp-content\/uploads\/2022\/11\/FIP-Warrior-4-1.jpg 600w, https:\/\/ml9txs9ouv9q.i.optimole.com\/w:300\/h:300\/q:mauto\/f:best\/https:\/\/fipmed.co\/wp-content\/uploads\/2022\/11\/FIP-Warrior-4-1.jpg 300w, https:\/\/ml9txs9ouv9q.i.optimole.com\/w:150\/h:150\/q:mauto\/f:best\/https:\/\/fipmed.co\/wp-content\/uploads\/2022\/11\/FIP-Warrior-4-1.jpg 150w, https:\/\/ml9txs9ouv9q.i.optimole.com\/w:100\/h:100\/q:mauto\/f:best\/dpr:2\/https:\/\/fipmed.co\/wp-content\/uploads\/2022\/11\/FIP-Warrior-4-1.jpg 100w\" \/><noscript><img data-opt-id=892877686  decoding=\"async\" width=\"600\" height=\"600\" src=\"https:\/\/ml9txs9ouv9q.i.optimole.com\/w:auto\/h:auto\/q:mauto\/f:best\/https:\/\/fipmed.co\/wp-content\/uploads\/2022\/11\/FIP-Warrior-4-1.jpg\" class=\"attachment-large size-large wp-image-2011\" alt=\"\" srcset=\"https:\/\/ml9txs9ouv9q.i.optimole.com\/w:600\/h:600\/q:mauto\/f:best\/https:\/\/ml9txs9ouv9q.i.optimole.com\/w:auto\/h:auto\/q:mauto\/f:best\/https:\/\/fipmed.co\/wp-content\/uploads\/2022\/11\/FIP-Warrior-4-1.jpg 600w, https:\/\/ml9txs9ouv9q.i.optimole.com\/w:300\/h:300\/q:mauto\/f:best\/https:\/\/ml9txs9ouv9q.i.optimole.com\/w:auto\/h:auto\/q:mauto\/f:best\/https:\/\/fipmed.co\/wp-content\/uploads\/2022\/11\/FIP-Warrior-4-1.jpg 300w, https:\/\/ml9txs9ouv9q.i.optimole.com\/w:150\/h:150\/q:mauto\/f:best\/https:\/\/ml9txs9ouv9q.i.optimole.com\/w:auto\/h:auto\/q:mauto\/f:best\/https:\/\/fipmed.co\/wp-content\/uploads\/2022\/11\/FIP-Warrior-4-1.jpg 150w, https:\/\/ml9txs9ouv9q.i.optimole.com\/w:100\/h:100\/q:mauto\/f:best\/dpr:2\/https:\/\/ml9txs9ouv9q.i.optimole.com\/w:auto\/h:auto\/q:mauto\/f:best\/https:\/\/fipmed.co\/wp-content\/uploads\/2022\/11\/FIP-Warrior-4-1.jpg 100w\" sizes=\"(max-width: 600px) 100vw, 600px\" \/></noscript>\t\t\t\t\t\t\t\t\t\t\t\t\t\t\t<\/div>\n\t\t\t\t<\/div>\n\t\t\t\t<div class=\"elementor-element elementor-element-09f4b37 elementor-widget elementor-widget-text-editor\" data-id=\"09f4b37\" data-element_type=\"widget\" data-widget_type=\"text-editor.default\">\n\t\t\t\t<div class=\"elementor-widget-container\">\n\t\t\t\t\t\t\t\t\tIch habe gesehen, wie es Doudou durch trockenes\nFIP immer schlechter ging\u2026 Zum Gl\u00fcck hat uns unser Tierarzt dieses FipMed vorgestellt. Er sagte uns, wir sollten nicht\naufgeben und wir sind froh, dass wir das nicht getan haben.\nNach ein paar Tagen der Behandlung begann er\nzu essen und wirkte dann wieder mehr wie er selbst. Wir sind \u00fcberaus dankbar, dass\nDoudou gerettet wurde \u2026\t\t\t\t\t\t\t\t<\/div>\n\t\t\t\t<\/div>\n\t\t\t\t\t<\/div>\n\t\t<\/div>\n\t\t\t\t<div class=\"elementor-column elementor-col-50 elementor-inner-column elementor-element elementor-element-12b36e1\" data-id=\"12b36e1\" data-element_type=\"column\">\n\t\t\t<div class=\"elementor-widget-wrap elementor-element-populated\">\n\t\t\t\t\t\t<div class=\"elementor-element elementor-element-7afbeec elementor-widget elementor-widget-image\" data-id=\"7afbeec\" data-element_type=\"widget\" data-widget_type=\"image.default\">\n\t\t\t\t<div class=\"elementor-widget-container\">\n\t\t\t\t\t\t\t\t\t\t\t\t\t\t\t<img data-opt-id=581899886  data-opt-src=\"https:\/\/ml9txs9ouv9q.i.optimole.com\/w:auto\/h:auto\/q:mauto\/f:best\/https:\/\/fipmed.co\/wp-content\/uploads\/2022\/11\/FIP-Warrior-5.jpg\"  loading=\"lazy\" decoding=\"async\" width=\"600\" height=\"600\" src=\"data:image/svg+xml,%3Csvg%20viewBox%3D%220%200%20100%%20100%%22%20width%3D%22100%%22%20height%3D%22100%%22%20xmlns%3D%22http%3A%2F%2Fwww.w3.org%2F2000%2Fsvg%22%3E%3Crect%20width%3D%22100%%22%20height%3D%22100%%22%20fill%3D%22transparent%22%2F%3E%3C%2Fsvg%3E\" class=\"attachment-large size-large wp-image-1973\" alt=\"\" old-srcset=\"https:\/\/ml9txs9ouv9q.i.optimole.com\/w:600\/h:600\/q:mauto\/f:best\/https:\/\/fipmed.co\/wp-content\/uploads\/2022\/11\/FIP-Warrior-5.jpg 600w, https:\/\/ml9txs9ouv9q.i.optimole.com\/w:300\/h:300\/q:mauto\/f:best\/https:\/\/fipmed.co\/wp-content\/uploads\/2022\/11\/FIP-Warrior-5.jpg 300w, https:\/\/ml9txs9ouv9q.i.optimole.com\/w:150\/h:150\/q:mauto\/f:best\/https:\/\/fipmed.co\/wp-content\/uploads\/2022\/11\/FIP-Warrior-5.jpg 150w, https:\/\/ml9txs9ouv9q.i.optimole.com\/w:100\/h:100\/q:mauto\/f:best\/dpr:2\/https:\/\/fipmed.co\/wp-content\/uploads\/2022\/11\/FIP-Warrior-5.jpg 100w\" \/><noscript><img data-opt-id=581899886  loading=\"lazy\" decoding=\"async\" width=\"600\" height=\"600\" src=\"https:\/\/ml9txs9ouv9q.i.optimole.com\/w:auto\/h:auto\/q:mauto\/f:best\/https:\/\/fipmed.co\/wp-content\/uploads\/2022\/11\/FIP-Warrior-5.jpg\" class=\"attachment-large size-large wp-image-1973\" alt=\"\" srcset=\"https:\/\/ml9txs9ouv9q.i.optimole.com\/w:600\/h:600\/q:mauto\/f:best\/https:\/\/ml9txs9ouv9q.i.optimole.com\/w:auto\/h:auto\/q:mauto\/f:best\/https:\/\/fipmed.co\/wp-content\/uploads\/2022\/11\/FIP-Warrior-5.jpg 600w, https:\/\/ml9txs9ouv9q.i.optimole.com\/w:300\/h:300\/q:mauto\/f:best\/https:\/\/ml9txs9ouv9q.i.optimole.com\/w:auto\/h:auto\/q:mauto\/f:best\/https:\/\/fipmed.co\/wp-content\/uploads\/2022\/11\/FIP-Warrior-5.jpg 300w, https:\/\/ml9txs9ouv9q.i.optimole.com\/w:150\/h:150\/q:mauto\/f:best\/https:\/\/ml9txs9ouv9q.i.optimole.com\/w:auto\/h:auto\/q:mauto\/f:best\/https:\/\/fipmed.co\/wp-content\/uploads\/2022\/11\/FIP-Warrior-5.jpg 150w, https:\/\/ml9txs9ouv9q.i.optimole.com\/w:100\/h:100\/q:mauto\/f:best\/dpr:2\/https:\/\/ml9txs9ouv9q.i.optimole.com\/w:auto\/h:auto\/q:mauto\/f:best\/https:\/\/fipmed.co\/wp-content\/uploads\/2022\/11\/FIP-Warrior-5.jpg 100w\" sizes=\"(max-width: 600px) 100vw, 600px\" \/></noscript>\t\t\t\t\t\t\t\t\t\t\t\t\t\t\t<\/div>\n\t\t\t\t<\/div>\n\t\t\t\t<div class=\"elementor-element elementor-element-78a78a2 elementor-widget elementor-widget-text-editor\" data-id=\"78a78a2\" data-element_type=\"widget\" data-widget_type=\"text-editor.default\">\n\t\t\t\t<div class=\"elementor-widget-container\">\n\t\t\t\t\t\t\t\t\t<p>Vor 2 Monaten wurde bei Pancake FIP (Feline Infekti\u00f6se Peritonitis) diagnostiziert, der feuchte effusive Typ. Ich war schockiert \u00fcber die Existenz dieser Krankheit, die genauso t\u00f6dlich ist wie Parvo!<\/p>\n<p>GS-441524 funktioniert wirklich. Diese Zahlenfolge klang f\u00fcr mich so fremd, als ich zum ersten Mal dar\u00fcber las, aber jetzt erz\u00e4hle ich jedem von diesem Wunder und teile Pancakes Geschichte.<\/p>\n<p>Etwa eine Woche nach Beginn der FipMed-Injektion bekam sie etwas Appetit, war aber immer noch d\u00fcnn. Nach der 5. Behandlungswoche konnte sie gehen und laufen, wenn auch mit einem leichten Hinken.<\/p>\n<p>Schneller Vorlauf zur 11. Woche, die Krankheit ist vollst\u00e4ndig verschwunden! Es ist einfach unglaublich.<\/p>\n\t\t\t\t\t\t\t\t<\/div>\n\t\t\t\t<\/div>\n\t\t\t\t\t<\/div>\n\t\t<\/div>\n\t\t\t\t\t<\/div>\n\t\t<\/section>\n\t\t\t\t<section class=\"elementor-section elementor-inner-section elementor-element elementor-element-0173f0e elementor-section-boxed elementor-section-height-default elementor-section-height-default\" data-id=\"0173f0e\" data-element_type=\"section\">\n\t\t\t\t\t\t<div class=\"elementor-container elementor-column-gap-default\">\n\t\t\t\t\t<div class=\"elementor-column elementor-col-50 elementor-inner-column elementor-element elementor-element-4681b59\" data-id=\"4681b59\" data-element_type=\"column\">\n\t\t\t<div class=\"elementor-widget-wrap elementor-element-populated\">\n\t\t\t\t\t\t<div class=\"elementor-element elementor-element-f1bef36 elementor-widget elementor-widget-image\" data-id=\"f1bef36\" data-element_type=\"widget\" data-widget_type=\"image.default\">\n\t\t\t\t<div class=\"elementor-widget-container\">\n\t\t\t\t\t\t\t\t\t\t\t\t\t\t\t<img data-opt-id=337470876  data-opt-src=\"https:\/\/ml9txs9ouv9q.i.optimole.com\/w:auto\/h:auto\/q:mauto\/f:best\/https:\/\/fipmed.co\/wp-content\/uploads\/2022\/11\/FIP-Warrior-1-1.jpg\"  loading=\"lazy\" decoding=\"async\" width=\"600\" height=\"600\" src=\"data:image/svg+xml,%3Csvg%20viewBox%3D%220%200%20100%%20100%%22%20width%3D%22100%%22%20height%3D%22100%%22%20xmlns%3D%22http%3A%2F%2Fwww.w3.org%2F2000%2Fsvg%22%3E%3Crect%20width%3D%22100%%22%20height%3D%22100%%22%20fill%3D%22transparent%22%2F%3E%3C%2Fsvg%3E\" class=\"attachment-large size-large wp-image-1897\" alt=\"\" old-srcset=\"https:\/\/ml9txs9ouv9q.i.optimole.com\/w:600\/h:600\/q:mauto\/f:best\/https:\/\/fipmed.co\/wp-content\/uploads\/2022\/11\/FIP-Warrior-1-1.jpg 600w, https:\/\/ml9txs9ouv9q.i.optimole.com\/w:300\/h:300\/q:mauto\/f:best\/https:\/\/fipmed.co\/wp-content\/uploads\/2022\/11\/FIP-Warrior-1-1.jpg 300w, https:\/\/ml9txs9ouv9q.i.optimole.com\/w:150\/h:150\/q:mauto\/f:best\/https:\/\/fipmed.co\/wp-content\/uploads\/2022\/11\/FIP-Warrior-1-1.jpg 150w, https:\/\/ml9txs9ouv9q.i.optimole.com\/w:100\/h:100\/q:mauto\/f:best\/dpr:2\/https:\/\/fipmed.co\/wp-content\/uploads\/2022\/11\/FIP-Warrior-1-1.jpg 100w\" \/><noscript><img data-opt-id=337470876  loading=\"lazy\" decoding=\"async\" width=\"600\" height=\"600\" src=\"https:\/\/ml9txs9ouv9q.i.optimole.com\/w:auto\/h:auto\/q:mauto\/f:best\/https:\/\/fipmed.co\/wp-content\/uploads\/2022\/11\/FIP-Warrior-1-1.jpg\" class=\"attachment-large size-large wp-image-1897\" alt=\"\" srcset=\"https:\/\/ml9txs9ouv9q.i.optimole.com\/w:600\/h:600\/q:mauto\/f:best\/https:\/\/ml9txs9ouv9q.i.optimole.com\/w:auto\/h:auto\/q:mauto\/f:best\/https:\/\/fipmed.co\/wp-content\/uploads\/2022\/11\/FIP-Warrior-1-1.jpg 600w, https:\/\/ml9txs9ouv9q.i.optimole.com\/w:300\/h:300\/q:mauto\/f:best\/https:\/\/ml9txs9ouv9q.i.optimole.com\/w:auto\/h:auto\/q:mauto\/f:best\/https:\/\/fipmed.co\/wp-content\/uploads\/2022\/11\/FIP-Warrior-1-1.jpg 300w, https:\/\/ml9txs9ouv9q.i.optimole.com\/w:150\/h:150\/q:mauto\/f:best\/https:\/\/ml9txs9ouv9q.i.optimole.com\/w:auto\/h:auto\/q:mauto\/f:best\/https:\/\/fipmed.co\/wp-content\/uploads\/2022\/11\/FIP-Warrior-1-1.jpg 150w, https:\/\/ml9txs9ouv9q.i.optimole.com\/w:100\/h:100\/q:mauto\/f:best\/dpr:2\/https:\/\/ml9txs9ouv9q.i.optimole.com\/w:auto\/h:auto\/q:mauto\/f:best\/https:\/\/fipmed.co\/wp-content\/uploads\/2022\/11\/FIP-Warrior-1-1.jpg 100w\" sizes=\"(max-width: 600px) 100vw, 600px\" \/></noscript>\t\t\t\t\t\t\t\t\t\t\t\t\t\t\t<\/div>\n\t\t\t\t<\/div>\n\t\t\t\t<div class=\"elementor-element elementor-element-ca6fc2f elementor-widget elementor-widget-text-editor\" data-id=\"ca6fc2f\" data-element_type=\"widget\" data-widget_type=\"text-editor.default\">\n\t\t\t\t<div class=\"elementor-widget-container\">\n\t\t\t\t\t\t\t\t\t<p>Unsere Katze Missy w\u00e4re ohne diese Behandlung nicht hier. Sie verlor ihren Appetit und hatte Schwierigkeiten beim Atmen.<br \/>Ihre Atmung war superschnell und m\u00fchsam.<\/p>\n<p>Es war unser zweites Mal, dass wir mit FIP zu tun hatten. Vor vielen Jahren hatte ich eine andere Katze daran verloren. Deshalb bin ich so froh, dass dieses<br \/>Medikament heute \u00fcber FipMed erh\u00e4ltlich ist.<\/p>\n<p>Dank Ihres Teams habe ich es nicht nur geschafft, an die Behandlung zu kommen, sondern Ihre Anleitung und Beratung waren auf dem Weg der Genesung so hilfreich. Sch\u00e4tzen Sie es wirklich aus tiefstem Herzen.<\/p>\n\t\t\t\t\t\t\t\t<\/div>\n\t\t\t\t<\/div>\n\t\t\t\t\t<\/div>\n\t\t<\/div>\n\t\t\t\t<div class=\"elementor-column elementor-col-50 elementor-inner-column elementor-element elementor-element-9a014d4\" data-id=\"9a014d4\" data-element_type=\"column\">\n\t\t\t<div class=\"elementor-widget-wrap elementor-element-populated\">\n\t\t\t\t\t\t<div class=\"elementor-element elementor-element-1c009a9 elementor-widget elementor-widget-image\" data-id=\"1c009a9\" data-element_type=\"widget\" data-widget_type=\"image.default\">\n\t\t\t\t<div class=\"elementor-widget-container\">\n\t\t\t\t\t\t\t\t\t\t\t\t\t\t\t<img data-opt-id=1876613203  data-opt-src=\"https:\/\/ml9txs9ouv9q.i.optimole.com\/w:auto\/h:auto\/q:mauto\/f:best\/https:\/\/fipmed.co\/wp-content\/uploads\/2022\/11\/FIP-Warrior-3.jpg\"  loading=\"lazy\" decoding=\"async\" width=\"600\" height=\"600\" src=\"data:image/svg+xml,%3Csvg%20viewBox%3D%220%200%20100%%20100%%22%20width%3D%22100%%22%20height%3D%22100%%22%20xmlns%3D%22http%3A%2F%2Fwww.w3.org%2F2000%2Fsvg%22%3E%3Crect%20width%3D%22100%%22%20height%3D%22100%%22%20fill%3D%22transparent%22%2F%3E%3C%2Fsvg%3E\" class=\"attachment-large size-large wp-image-1935\" alt=\"\" old-srcset=\"https:\/\/ml9txs9ouv9q.i.optimole.com\/w:600\/h:600\/q:mauto\/f:best\/https:\/\/fipmed.co\/wp-content\/uploads\/2022\/11\/FIP-Warrior-3.jpg 600w, https:\/\/ml9txs9ouv9q.i.optimole.com\/w:300\/h:300\/q:mauto\/f:best\/https:\/\/fipmed.co\/wp-content\/uploads\/2022\/11\/FIP-Warrior-3.jpg 300w, https:\/\/ml9txs9ouv9q.i.optimole.com\/w:150\/h:150\/q:mauto\/f:best\/https:\/\/fipmed.co\/wp-content\/uploads\/2022\/11\/FIP-Warrior-3.jpg 150w, https:\/\/ml9txs9ouv9q.i.optimole.com\/w:100\/h:100\/q:mauto\/f:best\/dpr:2\/https:\/\/fipmed.co\/wp-content\/uploads\/2022\/11\/FIP-Warrior-3.jpg 100w\" \/><noscript><img data-opt-id=1876613203  loading=\"lazy\" decoding=\"async\" width=\"600\" height=\"600\" src=\"https:\/\/ml9txs9ouv9q.i.optimole.com\/w:auto\/h:auto\/q:mauto\/f:best\/https:\/\/fipmed.co\/wp-content\/uploads\/2022\/11\/FIP-Warrior-3.jpg\" class=\"attachment-large size-large wp-image-1935\" alt=\"\" srcset=\"https:\/\/ml9txs9ouv9q.i.optimole.com\/w:600\/h:600\/q:mauto\/f:best\/https:\/\/ml9txs9ouv9q.i.optimole.com\/w:auto\/h:auto\/q:mauto\/f:best\/https:\/\/fipmed.co\/wp-content\/uploads\/2022\/11\/FIP-Warrior-3.jpg 600w, https:\/\/ml9txs9ouv9q.i.optimole.com\/w:300\/h:300\/q:mauto\/f:best\/https:\/\/ml9txs9ouv9q.i.optimole.com\/w:auto\/h:auto\/q:mauto\/f:best\/https:\/\/fipmed.co\/wp-content\/uploads\/2022\/11\/FIP-Warrior-3.jpg 300w, https:\/\/ml9txs9ouv9q.i.optimole.com\/w:150\/h:150\/q:mauto\/f:best\/https:\/\/ml9txs9ouv9q.i.optimole.com\/w:auto\/h:auto\/q:mauto\/f:best\/https:\/\/fipmed.co\/wp-content\/uploads\/2022\/11\/FIP-Warrior-3.jpg 150w, https:\/\/ml9txs9ouv9q.i.optimole.com\/w:100\/h:100\/q:mauto\/f:best\/dpr:2\/https:\/\/ml9txs9ouv9q.i.optimole.com\/w:auto\/h:auto\/q:mauto\/f:best\/https:\/\/fipmed.co\/wp-content\/uploads\/2022\/11\/FIP-Warrior-3.jpg 100w\" sizes=\"(max-width: 600px) 100vw, 600px\" \/></noscript>\t\t\t\t\t\t\t\t\t\t\t\t\t\t\t<\/div>\n\t\t\t\t<\/div>\n\t\t\t\t<div class=\"elementor-element elementor-element-c8c4ac9 elementor-widget elementor-widget-text-editor\" data-id=\"c8c4ac9\" data-element_type=\"widget\" data-widget_type=\"text-editor.default\">\n\t\t\t\t<div class=\"elementor-widget-container\">\n\t\t\t\t\t\t\t\t\t<p>Ich habe Harry aus dem Tierheim geholt und er war zu dem Zeitpunkt wahrscheinlich schon krank. Kurz nachdem wir ihn nach Hause gebracht hatten, verschlechterte sich sein Zustand immer mehr. Wir dachten wirklich nicht, dass er es schaffen k\u00f6nnte.<\/p>\n<p>Obwohl er neu in unserem Haushalt ist, ist er dennoch ein Familienmitglied. Wir mussten unser Bestes geben, um ihn zu retten.<\/p>\n<p>Unser Tierarzt in der Nachbarschaft hat uns FipMed empfohlen und ja, obwohl die Medizin teuer ist, sind wir einfach froh, dass Harry es durchgezogen hat. Jetzt ist er wirklich bereit, seine Reise mit uns zu beginnen \ud83d\ude42<\/p>\n\t\t\t\t\t\t\t\t<\/div>\n\t\t\t\t<\/div>\n\t\t\t\t\t<\/div>\n\t\t<\/div>\n\t\t\t\t\t<\/div>\n\t\t<\/section>\n\t\t\t\t\t<\/div>\n\t\t<\/div>\n\t\t\t\t\t<\/div>\n\t\t<\/section>\n\t\t\t\t<\/div>\n\t\t","protected":false},"excerpt":{"rendered":"<p>FIP bei Katzen: Erfolgsgeschichten Lesen Sie die Erfolgsgeschichten dieser FIP-Krieger. Mit der FipMed-Behandlung gelingt es diesen Katzen, die schlimmste Katzenkrankheit zu \u00fcberleben. Martian war erst 2 Monate alt, als er mit FIP infiziert wurde, daher war es ziemlich alarmierend zu sehen, wie er sich von einem lebhaften Jungen in einen lethargischen verwandelte. Es war, als [&hellip;]<\/p>\n","protected":false},"author":1,"featured_media":0,"parent":0,"menu_order":0,"comment_status":"closed","ping_status":"closed","template":"elementor_header_footer","meta":{"_glsr_average":0,"_glsr_ranking":0,"_glsr_reviews":0,"footnotes":""},"categories":[],"tags":[],"_links":{"self":[{"href":"https:\/\/fipmed.co\/de\/wp-json\/wp\/v2\/pages\/3830"}],"collection":[{"href":"https:\/\/fipmed.co\/de\/wp-json\/wp\/v2\/pages"}],"about":[{"href":"https:\/\/fipmed.co\/de\/wp-json\/wp\/v2\/types\/page"}],"author":[{"embeddable":true,"href":"https:\/\/fipmed.co\/de\/wp-json\/wp\/v2\/users\/1"}],"replies":[{"embeddable":true,"href":"https:\/\/fipmed.co\/de\/wp-json\/wp\/v2\/comments?post=3830"}],"version-history":[{"count":0,"href":"https:\/\/fipmed.co\/de\/wp-json\/wp\/v2\/pages\/3830\/revisions"}],"wp:attachment":[{"href":"https:\/\/fipmed.co\/de\/wp-json\/wp\/v2\/media?parent=3830"}],"wp:term":[{"taxonomy":"category","embeddable":true,"href":"https:\/\/fipmed.co\/de\/wp-json\/wp\/v2\/categories?post=3830"},{"taxonomy":"post_tag","embeddable":true,"href":"https:\/\/fipmed.co\/de\/wp-json\/wp\/v2\/tags?post=3830"}],"curies":[{"name":"wp","href":"https:\/\/api.w.org\/{rel}","templated":true}]}}