{"id":3986,"date":"2022-11-25T15:16:05","date_gmt":"2022-11-25T15:16:05","guid":{"rendered":"https:\/\/fipmed.co\/fip-rueckfall-politik\/"},"modified":"2023-05-10T09:17:48","modified_gmt":"2023-05-10T09:17:48","slug":"fip-ruckfall-politik","status":"publish","type":"page","link":"https:\/\/fipmed.co\/de\/fip-ruckfall-politik\/","title":{"rendered":"FIP-R\u00fcckfall-Politik"},"content":{"rendered":"\t\t<div data-elementor-type=\"wp-page\" data-elementor-id=\"3986\" class=\"elementor elementor-3986 elementor-32\">\n\t\t\t\t\t\t<section class=\"elementor-section elementor-top-section elementor-element elementor-element-672f648 elementor-section-boxed elementor-section-height-default elementor-section-height-default\" data-id=\"672f648\" data-element_type=\"section\">\n\t\t\t\t\t\t<div class=\"elementor-container elementor-column-gap-default\">\n\t\t\t\t\t<div class=\"elementor-column elementor-col-100 elementor-top-column elementor-element elementor-element-6547255\" data-id=\"6547255\" data-element_type=\"column\">\n\t\t\t<div class=\"elementor-widget-wrap elementor-element-populated\">\n\t\t\t\t\t\t<div class=\"elementor-element elementor-element-e63edf4 elementor-widget elementor-widget-text-editor\" data-id=\"e63edf4\" data-element_type=\"widget\" data-widget_type=\"text-editor.default\">\n\t\t\t\t<div class=\"elementor-widget-container\">\n\t\t\t\t\t\t\t\t\t<p class=\"p1\"><span class=\"s1\">Ein FIP-R\u00fcckfall tritt bei etwa 3 % der Katzen auf, die das FipMed FIP-Behandlungsprogramm durchlaufen haben. Daher kann das FipMed-R\u00fcckfall-Rabattprogramm Ihre Bedenken bez\u00fcglich eines R\u00fcckfalls abdecken.<\/span><\/p>\n<p class=\"p1\"><span style=\"color: #000080;\"><strong><span class=\"s1\">F\u00fcr Katzen, die eine 84-t\u00e4gige Behandlung nur mit FipMed FIP-Injektionen oder oralen Kapseln abgeschlossen haben, gibt es einen Rabatt von 50 % auf die R\u00fcckfallbehandlung, wenn ein FIP-R\u00fcckfall auftritt.<\/span><\/strong><\/span><\/p>\n<p class=\"p1\"><span class=\"s1\">Zu den Voraussetzungen f\u00fcr die Teilnahme an diesem Programm geh\u00f6ren:<\/span><\/p>\n<p class=\"p1\"><span class=\"s1\">1. Der R\u00fcckfall tritt innerhalb von 12 Monaten nach Beendigung der ersten vollst\u00e4ndigen Behandlung auf<\/span><\/p>\n<p class=\"p1\"><span class=\"s1\">2. Datum des Beginns und des Endes der Behandlung Ihrer Katze<\/span><\/p>\n<p class=\"p1\"><span class=\"s1\">3.  <span class=\"Apple-converted-space\">  <\/span>Abschlie\u00dfende Bluttestergebnisse nach Abschluss des FipMed-Behandlungsprogramms<\/span><\/p>\n<p class=\"p1\"><span class=\"s1\">4.  <span class=\"Apple-converted-space\">  <\/span>Die f\u00fcr die Erstbehandlung gekaufte Menge an Behandlungsfl\u00e4schchen und Tabletten reichte f\u00fcr 84 Tage<\/span><\/p>\n<p class=\"p1\"><span class=\"s1\" style=\"color: #000080;\"><b>F\u00fcr Katzen, die nicht 84 Tage lang behandelt wurden, aber ausschlie\u00dflich FipMed-Medikamente eingenommen haben, gibt es einen Rabatt von 50 % auf die R\u00fcckfallbehandlung, wenn ein FIP-R\u00fcckfall auftritt.<\/b><\/span><\/p>\n<p class=\"p1\"><span class=\"s1\">Viele Katzen erholen sich innerhalb von 84 Tagen vollst\u00e4ndig von einer FIP-Infektion. Wir begr\u00fc\u00dfen Ihre Entscheidung und die Ihres Tierarztes, das Behandlungsprogramm unter diesen Umst\u00e4nden fr\u00fchzeitig abzubrechen. Wir gew\u00e4hren einen Rabatt von 50 % auf die R\u00fcckfalltherapie f\u00fcr Katzen, die innerhalb von 6 Monaten nach Verlassen des Behandlungsprogramms einen R\u00fcckfall erleiden und ausschlie\u00dflich FipMed-Produkte verwendet haben.<\/span><\/p>\n<p class=\"p1\"><span class=\"s1\">Zu den Voraussetzungen f\u00fcr die Teilnahme an diesem Programm geh\u00f6ren:<\/span><\/p>\n<p class=\"p1\"><span class=\"s1\">1. Der FIP-R\u00fcckfall tritt innerhalb von 6 Monaten nach Abschluss der ersten vollst\u00e4ndigen Behandlung auf<\/span><\/p>\n<p class=\"p1\"><span class=\"s1\">2. Datum des Beginns und des Endes der Behandlung Ihrer Katze<\/span><\/p>\n<p class=\"p1\"><span class=\"s1\">3.  <span class=\"Apple-converted-space\">  <\/span>Abschlie\u00dfende Bluttestergebnisse nach Beendigung des FipMed-Behandlungsprogramms.<\/span><\/p>\n<p class=\"p1\"><span class=\"s1\">4.  <span class=\"Apple-converted-space\">  <\/span>Keine invasiven Eingriffe wie Kastrationen oder Impfungen innerhalb von 84 Tagen nach der FipMed-Behandlung  <\/span><\/p>\n<p class=\"p1\"><span class=\"s1\">5.  <span class=\"Apple-converted-space\">  <\/span>Die f\u00fcr die Erstbehandlung gekaufte Menge an Behandlungsfl\u00e4schchen und Tabletten reichte f\u00fcr 45 Tage<\/span><\/p>\n<p class=\"p1\"><span class=\"s1\">HINWEIS: Wir gew\u00e4hren keine Zugest\u00e4ndnisse f\u00fcr Katzen, die unser Behandlungsprogramm abgeschlossen haben, ohne sich zuvor einer gr\u00fcndlichen Blutuntersuchung zu unterziehen, um festzustellen, ob die kritischen Parameter in den Normalbereich zur\u00fcckgekehrt sind.<\/span><\/p>\n\t\t\t\t\t\t\t\t<\/div>\n\t\t\t\t<\/div>\n\t\t\t\t\t<\/div>\n\t\t<\/div>\n\t\t\t\t\t<\/div>\n\t\t<\/section>\n\t\t\t\t<\/div>\n\t\t","protected":false},"excerpt":{"rendered":"<p>Ein FIP-R\u00fcckfall tritt bei etwa 3 % der Katzen auf, die das FipMed FIP-Behandlungsprogramm durchlaufen haben. Daher kann das FipMed-R\u00fcckfall-Rabattprogramm Ihre Bedenken bez\u00fcglich eines R\u00fcckfalls abdecken. F\u00fcr Katzen, die eine 84-t\u00e4gige Behandlung nur mit FipMed FIP-Injektionen oder oralen Kapseln abgeschlossen haben, gibt es einen Rabatt von 50 % auf die R\u00fcckfallbehandlung, wenn ein FIP-R\u00fcckfall auftritt. [&hellip;]<\/p>\n","protected":false},"author":1,"featured_media":0,"parent":0,"menu_order":0,"comment_status":"closed","ping_status":"closed","template":"","meta":{"_glsr_average":0,"_glsr_ranking":0,"_glsr_reviews":0,"footnotes":""},"categories":[],"tags":[],"_links":{"self":[{"href":"https:\/\/fipmed.co\/de\/wp-json\/wp\/v2\/pages\/3986"}],"collection":[{"href":"https:\/\/fipmed.co\/de\/wp-json\/wp\/v2\/pages"}],"about":[{"href":"https:\/\/fipmed.co\/de\/wp-json\/wp\/v2\/types\/page"}],"author":[{"embeddable":true,"href":"https:\/\/fipmed.co\/de\/wp-json\/wp\/v2\/users\/1"}],"replies":[{"embeddable":true,"href":"https:\/\/fipmed.co\/de\/wp-json\/wp\/v2\/comments?post=3986"}],"version-history":[{"count":0,"href":"https:\/\/fipmed.co\/de\/wp-json\/wp\/v2\/pages\/3986\/revisions"}],"wp:attachment":[{"href":"https:\/\/fipmed.co\/de\/wp-json\/wp\/v2\/media?parent=3986"}],"wp:term":[{"taxonomy":"category","embeddable":true,"href":"https:\/\/fipmed.co\/de\/wp-json\/wp\/v2\/categories?post=3986"},{"taxonomy":"post_tag","embeddable":true,"href":"https:\/\/fipmed.co\/de\/wp-json\/wp\/v2\/tags?post=3986"}],"curies":[{"name":"wp","href":"https:\/\/api.w.org\/{rel}","templated":true}]}}