{"id":4020,"date":"2022-11-25T15:16:30","date_gmt":"2022-11-25T15:16:30","guid":{"rendered":"https:\/\/fipmed.co\/rueckgaberichtlinien\/"},"modified":"2024-03-07T04:04:47","modified_gmt":"2024-03-07T04:04:47","slug":"fip-rueckgabepolitik","status":"publish","type":"page","link":"https:\/\/fipmed.co\/de\/fip-rueckgabepolitik\/","title":{"rendered":"FIP-R\u00fcckgabepolitik"},"content":{"rendered":"\t\t<div data-elementor-type=\"wp-page\" data-elementor-id=\"4020\" class=\"elementor elementor-4020 elementor-34\">\n\t\t\t\t\t\t<section class=\"elementor-section elementor-top-section elementor-element elementor-element-c3897a7 elementor-section-boxed elementor-section-height-default elementor-section-height-default\" data-id=\"c3897a7\" data-element_type=\"section\">\n\t\t\t\t\t\t<div class=\"elementor-container elementor-column-gap-default\">\n\t\t\t\t\t<div class=\"elementor-column elementor-col-100 elementor-top-column elementor-element elementor-element-32e3bf0\" data-id=\"32e3bf0\" data-element_type=\"column\">\n\t\t\t<div class=\"elementor-widget-wrap elementor-element-populated\">\n\t\t\t\t\t\t<div class=\"elementor-element elementor-element-c7b81b6 elementor-widget elementor-widget-text-editor\" data-id=\"c7b81b6\" data-element_type=\"widget\" data-widget_type=\"text-editor.default\">\n\t\t\t\t<div class=\"elementor-widget-container\">\n\t\t\t\t\t\t\t\t\t<p><span style=\"font-kerning: none;\">Dies ist unsere FIP-R\u00fcckgabepolitik. Wir sind von der Wirksamkeit unserer GS-441524-Therapie \u00fcberzeugt. Wenn unsere GS-441524-Therapie Ihre Katze nicht vor FIP retten kann, erstatten wir Ihnen 50 % der Kosten f\u00fcr alle unbenutzten Fl\u00e4schchen und unge\u00f6ffneten Tablettenstreifen. Wir k\u00f6nnen die Produkte nicht weiterverkaufen, aber sie werden an Katzenheime gespendet. <\/span><\/p>\n<p><span style=\"font-kerning: none;\">Bitte beachten Sie, dass diese R\u00fcckerstattung nur f\u00fcr Besitzer gilt, deren Katze gestorben ist und nicht gerettet werden konnte, obwohl sie mindestens 14 Tage lang mit den Produkten von Fipmed behandelt wurde. <\/span><\/p>\n<p><span style=\"font-kerning: none;\">Der gekaufte Artikel muss unbenutzt sein und sich in demselben Zustand befinden, in dem Sie ihn erhalten haben. Au\u00dferdem muss es in der Originalverpackung sein.<\/span><\/p>\n<p><span style=\"font-kerning: none;\">Diese Garantie gilt f\u00fcr Fl\u00e4schchen oder Pillen, die innerhalb von 21 Tagen nach der Reklamation gekauft werden. Zur Deckung der Versandkosten, des Versandmaterials, des Arbeitsaufwands und der Transaktionskosten, wie z. B. der Geb\u00fchren f\u00fcr das Zahlungsgateway, erheben wir eine Geb\u00fchr von 80 USD.<\/span><\/p>\n<p><span style=\"font-kerning: none;\">Unge\u00f6ffnete Flaschen sollten bei 3-8\u00b0 Celsius bzw. bei Kapseln bei Raumtemperatur und vor direkter Sonneneinstrahlung gesch\u00fctzt gelagert werden, bis sie an uns zur\u00fcckgeschickt werden.<\/span><\/p>\n<p><span style=\"color: var( --e-global-color-text ); font-weight: var( --e-global-typography-text-font-weight );\">Um Missbrauch vorzubeugen, ben\u00f6tigen wir zur Bearbeitung Ihres Antrags mindestens die folgenden Dokumente:<\/span><\/p>\n<ol>\n<li>F\u00fcgen Sie den FIP-Diagnosebericht Ihres Haustieres und Bluttests zur Best\u00e4tigung der FIP bei.<\/li>\n<\/ol>\n<ol start=\"2\">\n<li>Die Krankengeschichte Ihres Tierarztes, der Ihr Haustier behandelt hat, sowie die Bescheinigung des Arztes, dass Ihre Katze an FIP gestorben ist.<\/li>\n<\/ol>\n<ol start=\"3\">\n<li>Datierte Quittungen von demselben Tierarzt.<\/li>\n<\/ol>\n<ol start=\"4\">\n<li>Ausgef\u00fclltes R\u00fccksendeformular (bitte <a href=\"http:\/\/fipmed.co\/wp-content\/uploads\/2023\/11\/FIPMed_Returns-Form.pdf\">hier<\/a> herunterladen)<\/li>\n<li>Bankverbindung &#8211; Zahlungen k\u00f6nnen nur an Sie oder den behandelnden Tierarzt geleistet werden.<\/li>\n<\/ol>\n<p>Wenn Sie uns die oben genannten Unterlagen zum Nachweis Ihres Anspruchs vorlegen, k\u00f6nnen wir Ihre Erstattung unverz\u00fcglich bearbeiten und ausstellen. Wir k\u00f6nnen uns an Ihren Tierarzt oder an Sie wenden, wenn wir weitere Informationen zur Begr\u00fcndung Ihres Anspruchs ben\u00f6tigen.<\/p>\n<p><span style=\"font-kerning: none;\"> Andernfalls wird Ihre Forderung nicht gezahlt, es sei denn, es liegen au\u00dfergew\u00f6hnliche Umst\u00e4nde vor.<\/span><\/p>\n<p><span style=\"font-kerning: none;\"><b>HINWEIS:<\/b><\/span><\/p>\n<p><span style=\"font-kerning: none;\">&#8211; Diese Garantie gilt nicht f\u00fcr K\u00e4ufe, die \u00fcber ein Spendenprogramm get\u00e4tigt wurden.<\/span><\/p>\n<p><span style=\"color: var( --e-global-color-text ); font-weight: var( --e-global-typography-text-font-weight );\">&#8211; Der Kunde tr\u00e4gt die Kosten f\u00fcr die R\u00fccksendung sowie die Kosten f\u00fcr den urspr\u00fcnglichen Versand.<\/span><\/p>\n<p><span style=\"font-kerning: none;\">&#8211; Wir werden Ihren Artikel nach Erhalt pr\u00fcfen und Ihnen mitteilen, dass wir Ihren zur\u00fcckgesandten Artikel erhalten haben. Nach der \u00dcberpr\u00fcfung des Artikels werden wir Sie schnellstm\u00f6glich \u00fcber den Status Ihrer R\u00fcckerstattung informieren.<\/span><\/p>\n<p>&#8211; Bitte rechnen Sie mit einer Frist von bis zu 14 Werktagen ab Eingang der Artikel in unserem Lager f\u00fcr die R\u00fcckerstattung auf Ihr Konto.<\/p>\n<p>&#8211; Wir werden Ihnen eine E-Mail schicken, sobald wir den Erstattungsprozess abgeschlossen haben.<\/p>\n<p><span style=\"font-kerning: none;\">&#8211; Wenn Ihre R\u00fccksendung akzeptiert wird, veranlassen wir eine R\u00fcckerstattung auf Ihre Kreditkarte oder Ihr Bankkonto. <\/span><\/p>\n<p><span style=\"font-kerning: none;\">&#8211; Je nach den Einschr\u00e4nkungen Ihres Kartenausstellers erhalten Sie Ihre R\u00fcckerstattung innerhalb einer bestimmten Anzahl von Tagen.<\/span><\/p>\n<p><span style=\"font-kerning: none;\">&#8211; Sie zahlen die Versandkosten, wenn Sie den Artikel an uns zur\u00fcckschicken. Die Kosten f\u00fcr den Versand werden nicht erstattet.<\/span><\/p>\n<p>&#8211; Wir k\u00f6nnen die Auszahlung Ihres Anspruchs erst dann genehmigen oder garantieren, wenn uns ein vollst\u00e4ndig ausgef\u00fclltes Antragsformular vorliegt und wir die Pr\u00fcfung abgeschlossen haben.<\/p>\n<p>&#8211; Artikel, die unseren Richtlinien f\u00fcr eine R\u00fccksendung nicht entsprechen oder ohne R\u00fccksendeschein zur\u00fcckgeschickt werden, werden nicht erstattet.<\/p>\n<p><span style=\"font-kerning: none;\">Bitte setzen Sie sich mit uns in Verbindung, wenn Sie Fragen dazu haben, wie Sie Ihre Eink\u00e4ufe an uns zur\u00fccksenden k\u00f6nnen.<\/span><\/p>\n\t\t\t\t\t\t\t\t<\/div>\n\t\t\t\t<\/div>\n\t\t\t\t\t<\/div>\n\t\t<\/div>\n\t\t\t\t\t<\/div>\n\t\t<\/section>\n\t\t\t\t<\/div>\n\t\t","protected":false},"excerpt":{"rendered":"<p>Dies ist unsere FIP-R\u00fcckgabepolitik. Wir sind von der Wirksamkeit unserer GS-441524-Therapie \u00fcberzeugt. Wenn unsere GS-441524-Therapie Ihre Katze nicht vor FIP retten kann, erstatten wir Ihnen 50 % der Kosten f\u00fcr alle unbenutzten Fl\u00e4schchen und unge\u00f6ffneten Tablettenstreifen. Wir k\u00f6nnen die Produkte nicht weiterverkaufen, aber sie werden an Katzenheime gespendet. Bitte beachten Sie, dass diese R\u00fcckerstattung nur [&hellip;]<\/p>\n","protected":false},"author":1,"featured_media":0,"parent":0,"menu_order":0,"comment_status":"closed","ping_status":"closed","template":"","meta":{"_glsr_average":0,"_glsr_ranking":0,"_glsr_reviews":0,"footnotes":""},"categories":[],"tags":[],"_links":{"self":[{"href":"https:\/\/fipmed.co\/de\/wp-json\/wp\/v2\/pages\/4020"}],"collection":[{"href":"https:\/\/fipmed.co\/de\/wp-json\/wp\/v2\/pages"}],"about":[{"href":"https:\/\/fipmed.co\/de\/wp-json\/wp\/v2\/types\/page"}],"author":[{"embeddable":true,"href":"https:\/\/fipmed.co\/de\/wp-json\/wp\/v2\/users\/1"}],"replies":[{"embeddable":true,"href":"https:\/\/fipmed.co\/de\/wp-json\/wp\/v2\/comments?post=4020"}],"version-history":[{"count":0,"href":"https:\/\/fipmed.co\/de\/wp-json\/wp\/v2\/pages\/4020\/revisions"}],"wp:attachment":[{"href":"https:\/\/fipmed.co\/de\/wp-json\/wp\/v2\/media?parent=4020"}],"wp:term":[{"taxonomy":"category","embeddable":true,"href":"https:\/\/fipmed.co\/de\/wp-json\/wp\/v2\/categories?post=4020"},{"taxonomy":"post_tag","embeddable":true,"href":"https:\/\/fipmed.co\/de\/wp-json\/wp\/v2\/tags?post=4020"}],"curies":[{"name":"wp","href":"https:\/\/api.w.org\/{rel}","templated":true}]}}