{"id":7482,"date":"2023-05-08T07:39:24","date_gmt":"2023-05-08T07:39:24","guid":{"rendered":"https:\/\/fipmed.co\/kontakt-uns\/"},"modified":"2024-02-17T07:02:42","modified_gmt":"2024-02-17T07:02:42","slug":"kontakt-uns","status":"publish","type":"page","link":"https:\/\/fipmed.co\/de\/kontakt-uns\/","title":{"rendered":"Kontakt"},"content":{"rendered":"\t\t<div data-elementor-type=\"wp-page\" data-elementor-id=\"7482\" class=\"elementor elementor-7482 elementor-7274\">\n\t\t\t\t\t\t<section class=\"elementor-section elementor-top-section elementor-element elementor-element-a0c711f elementor-section-boxed elementor-section-height-default elementor-section-height-default\" data-id=\"a0c711f\" data-element_type=\"section\">\n\t\t\t\t\t\t<div class=\"elementor-container elementor-column-gap-default\">\n\t\t\t\t\t<div class=\"elementor-column elementor-col-100 elementor-top-column elementor-element elementor-element-935b070\" data-id=\"935b070\" data-element_type=\"column\">\n\t\t\t<div class=\"elementor-widget-wrap elementor-element-populated\">\n\t\t\t\t\t\t<div class=\"elementor-element elementor-element-213ae02 elementor-widget elementor-widget-text-editor\" data-id=\"213ae02\" data-element_type=\"widget\" data-widget_type=\"text-editor.default\">\n\t\t\t\t<div class=\"elementor-widget-container\">\n\t\t\t\t\t\t\t\t\t<p class=\"p1\">\n<p class=\"p1\"><span class=\"s1\">Wir sind hier, um zu helfen! Sie k\u00f6nnen uns gerne kontaktieren. Wenn Sie Fragen, Bedenken oder Anregungen haben, z\u00f6gern Sie nicht, mit uns Kontakt aufzunehmen. Unser engagiertes Kundenserviceteam ist bereit, Sie in jeder Hinsicht zu unterst\u00fctzen.<\/span><\/p>\n<p class=\"p1\"><strong><span class=\"s1\">So erreichen Sie uns<\/span><\/strong><\/p>\n<p class=\"p1\"><strong><span class=\"s1\">E-Mail:<\/span><\/strong><\/p>\n<p class=\"p1\"><span class=\"s1\">Schicken Sie uns einfach eine E-Mail an support@fipmed.co. Wir bem\u00fchen uns, alle Anfragen innerhalb von 2 Stunden zu beantworten, auch an Wochenenden und Feiertagen. Ganz gleich, ob Sie eine Frage zu unseren Produkten haben, ein Problem mit Ihrer Bestellung haben oder Hilfe bei der R\u00fccksendung ben\u00f6tigen, unser Team steht Ihnen mit einer schnellen und hilfreichen Antwort zur Seite.<\/span><\/p>\n<p class=\"p1\"><strong><span class=\"s1\">Live Chatbot:<\/span><\/strong><\/p>\n<p class=\"p1\"><span class=\"s1\">F\u00fcr Hilfe in Echtzeit bieten wir eine bequeme Live-Chat-Funktion auf unserer Website an. Achten Sie auf das Chat-Symbol in der unteren rechten Ecke Ihres Bildschirms und klicken Sie darauf, um ein Gespr\u00e4ch mit unserem Chatbot Clawdia zu beginnen. Ganz gleich, ob Sie Hilfe bei der Navigation auf unserer Website ben\u00f6tigen, Fragen zu unseren Angeboten haben oder Unterst\u00fctzung bei der Kaufabwicklung ben\u00f6tigen, sie steht Ihnen umgehend zur Verf\u00fcgung. Sie beantwortet gerne Ihre Fragen, gibt Produktempfehlungen und hilft Ihnen bei Ihren Anliegen.<\/span><\/p>\n<p class=\"p1\"><strong><span class=\"s1\">Soziale Medien:<\/span><\/strong><\/p>\n<p class=\"p1\"><span class=\"s1\">Verbinden Sie sich mit uns in den sozialen Medien. Wir sind auf Facebook aktiv. Folgen Sie uns, um \u00fcber die neuesten Produkteinf\u00fchrungen, exklusive Werbeaktionen und vieles mehr informiert zu werden. Sie k\u00f6nnen uns gerne \u00fcber Direktnachrichten erreichen oder uns in Ihren Beitr\u00e4gen markieren. Wir lieben es, von unseren Kunden zu h\u00f6ren und uns mit unserer Community auszutauschen.<\/span><\/p>\n<p class=\"p1\"><span class=\"s1\">Ihre Zufriedenheit hat f\u00fcr uns oberste Priorit\u00e4t, und wir sind bestrebt, Ihnen einen au\u00dfergew\u00f6hnlichen Kundendienst zu bieten. Wir sch\u00e4tzen Ihr Feedback und freuen uns, dass Sie sich die Zeit genommen haben, uns zu kontaktieren. Wir bem\u00fchen uns, Ihre Erfahrungen st\u00e4ndig zu verbessern, und Ihr Beitrag spielt dabei eine entscheidende Rolle.<\/span><\/p>\n<p class=\"p1\"><span class=\"s1\">Vielen Dank, dass Sie sich f\u00fcr FipMed entschieden haben. Wir freuen uns darauf, Sie zu unterst\u00fctzen!<\/span><\/p>\n\t\t\t\t\t\t\t\t<\/div>\n\t\t\t\t<\/div>\n\t\t\t\t\t<\/div>\n\t\t<\/div>\n\t\t\t\t\t<\/div>\n\t\t<\/section>\n\t\t\t\t<\/div>\n\t\t","protected":false},"excerpt":{"rendered":"<p>Wir sind hier, um zu helfen! Sie k\u00f6nnen uns gerne kontaktieren. Wenn Sie Fragen, Bedenken oder Anregungen haben, z\u00f6gern Sie nicht, mit uns Kontakt aufzunehmen. Unser engagiertes Kundenserviceteam ist bereit, Sie in jeder Hinsicht zu unterst\u00fctzen. So erreichen Sie uns E-Mail: Schicken Sie uns einfach eine E-Mail an support@fipmed.co. Wir bem\u00fchen uns, alle Anfragen innerhalb [&hellip;]<\/p>\n","protected":false},"author":1,"featured_media":0,"parent":0,"menu_order":0,"comment_status":"closed","ping_status":"closed","template":"","meta":{"_glsr_average":0,"_glsr_ranking":0,"_glsr_reviews":0,"footnotes":""},"categories":[],"tags":[],"_links":{"self":[{"href":"https:\/\/fipmed.co\/de\/wp-json\/wp\/v2\/pages\/7482"}],"collection":[{"href":"https:\/\/fipmed.co\/de\/wp-json\/wp\/v2\/pages"}],"about":[{"href":"https:\/\/fipmed.co\/de\/wp-json\/wp\/v2\/types\/page"}],"author":[{"embeddable":true,"href":"https:\/\/fipmed.co\/de\/wp-json\/wp\/v2\/users\/1"}],"replies":[{"embeddable":true,"href":"https:\/\/fipmed.co\/de\/wp-json\/wp\/v2\/comments?post=7482"}],"version-history":[{"count":0,"href":"https:\/\/fipmed.co\/de\/wp-json\/wp\/v2\/pages\/7482\/revisions"}],"wp:attachment":[{"href":"https:\/\/fipmed.co\/de\/wp-json\/wp\/v2\/media?parent=7482"}],"wp:term":[{"taxonomy":"category","embeddable":true,"href":"https:\/\/fipmed.co\/de\/wp-json\/wp\/v2\/categories?post=7482"},{"taxonomy":"post_tag","embeddable":true,"href":"https:\/\/fipmed.co\/de\/wp-json\/wp\/v2\/tags?post=7482"}],"curies":[{"name":"wp","href":"https:\/\/api.w.org\/{rel}","templated":true}]}}