{"id":7621,"date":"2023-05-08T07:21:11","date_gmt":"2023-05-08T07:21:11","guid":{"rendered":"https:\/\/fipmed.co\/versand-und-auslieferung\/"},"modified":"2023-05-10T07:55:24","modified_gmt":"2023-05-10T07:55:24","slug":"versand-und-auslieferung","status":"publish","type":"page","link":"https:\/\/fipmed.co\/de\/versand-und-auslieferung\/","title":{"rendered":"Versand- und Lieferbedingungen"},"content":{"rendered":"\t\t<div data-elementor-type=\"wp-page\" data-elementor-id=\"7621\" class=\"elementor elementor-7621 elementor-7260\">\n\t\t\t\t\t\t<section class=\"elementor-section elementor-top-section elementor-element elementor-element-8b2513f elementor-section-boxed elementor-section-height-default elementor-section-height-default\" data-id=\"8b2513f\" data-element_type=\"section\">\n\t\t\t\t\t\t<div class=\"elementor-container elementor-column-gap-default\">\n\t\t\t\t\t<div class=\"elementor-column elementor-col-100 elementor-top-column elementor-element elementor-element-cb4fbe6\" data-id=\"cb4fbe6\" data-element_type=\"column\">\n\t\t\t<div class=\"elementor-widget-wrap elementor-element-populated\">\n\t\t\t\t\t\t<div class=\"elementor-element elementor-element-4603e09 elementor-widget elementor-widget-text-editor\" data-id=\"4603e09\" data-element_type=\"widget\" data-widget_type=\"text-editor.default\">\n\t\t\t\t<div class=\"elementor-widget-container\">\n\t\t\t\t\t\t\t\t\t<p class=\"p1\"><span class=\"s1\">FipMed ist ein Unternehmen, das Patienten auf der ganzen Welt bedient und in \u00fcber 150 verschiedene L\u00e4nder liefert. Alle Bestellungen werden direkt von unseren Lagern aus versandt.<\/span><\/p>\n<p class=\"p1\"><span class=\"s1\">Vielen Dank, dass Sie FipMed vertrauen, um das Leben Ihrer Katze zu retten. Diese Versandrichtlinien enthalten wichtige Informationen \u00fcber den Versand von Produkten von unserer internationalen E-Commerce-Website an Ihren Standort. Bitte lesen Sie diese Richtlinie sorgf\u00e4ltig durch, um sich \u00fcber unsere Versandverfahren, Geb\u00fchren, Lieferzeiten und etwaige zus\u00e4tzliche Bestimmungen und Bedingungen zu informieren. Wenn Sie Fragen haben oder weitere Informationen ben\u00f6tigen, z\u00f6gern Sie bitte nicht, sich an unseren Kundendienst zu wenden.<\/span><\/p>\n<p class=\"p1\"><strong><span class=\"s1\">Versanddestinationen<\/span><\/strong><\/p>\n<p class=\"p1\"><span class=\"s1\">Wir bieten internationalen Versand in die meisten L\u00e4nder der Welt. Bitte beachten Sie jedoch, dass es bestimmte Einschr\u00e4nkungen und Begrenzungen geben kann, die von den \u00f6rtlichen Zollbeh\u00f6rden oder Transportunternehmen auferlegt werden. Sollten wir nicht in der Lage sein, an Ihren Standort zu liefern, werden wir Sie w\u00e4hrend des Bestellvorgangs dar\u00fcber informieren.<\/span><\/p>\n<p class=\"p1\"><span class=\"s1\"><b>Versandmethoden und Spediteure<\/b><\/span><\/p>\n<p class=\"p1\"><span class=\"s1\">Um eine zuverl\u00e4ssige und effiziente Lieferung zu gew\u00e4hrleisten, arbeiten wir mit renommierten Versandunternehmen zusammen. Die verf\u00fcgbaren Versandarten werden w\u00e4hrend des Bestellvorgangs je nach Ihrem Standort angezeigt. Die Optionen k\u00f6nnen Standardversand, Expressversand oder andere Dienstleistungen umfassen. Die voraussichtliche Lieferzeit und die damit verbundenen Kosten werden ebenfalls angegeben.<span class=\"Apple-converted-space\"> <\/span><\/span><\/p>\n<p class=\"p1\"><span class=\"s1\"><b>Bearbeitungszeit der Bestellung<\/b><\/span><\/p>\n<p class=\"p1\"><span class=\"s1\">Nach Eingang Ihrer Bestellung und erfolgreicher Zahlungspr\u00fcfung wird Ihre Bestellung zum Versand gebracht. Die Bearbeitungszeit umfasst in der Regel die \u00dcberpr\u00fcfung der Bestellung, die Qualit\u00e4tskontrolle, die Verpackung und die \u00dcbergabe an den Spediteur. Die Bestellung wird innerhalb eines halben Tages bearbeitet, sofern f\u00fcr bestimmte Produkte nichts anderes angegeben ist.<\/span><\/p>\n<p class=\"p1\"><span class=\"s1\"><b>Versandzeit<\/b><\/span><\/p>\n<p class=\"p1\"><span class=\"s1\">Die Versandzeit bezieht sich auf die Dauer, die Ihre Bestellung ben\u00f6tigt, um den von Ihnen angegebenen Bestimmungsort zu erreichen, nachdem sie von unserem Erf\u00fcllungszentrum versandt worden ist. Der Versand erfolgt innerhalb von 48 Stunden, unabh\u00e4ngig vom Standort. Sie kann jedoch je nach Zollabfertigungsverfahren und anderen Faktoren, auf die wir keinen Einfluss haben, variieren. Bitte beachten Sie, dass die gesch\u00e4tzten Versandzeiten, die w\u00e4hrend des Bestellvorgangs angegeben werden, ungef\u00e4hre Angaben sind und nicht garantiert werden k\u00f6nnen.<\/span><\/p>\n<p class=\"p1\"><span class=\"s1\"><b>Kosten f\u00fcr den Versand<\/b><\/span><\/p>\n<p class=\"p1\"><span class=\"s1\">Die H\u00f6he der Versandkosten h\u00e4ngt von verschiedenen Faktoren ab, darunter das Zielland, die gew\u00e4hlte Versandart, das Gewicht und die Abmessungen des Pakets. Die anfallenden Versandkosten werden w\u00e4hrend des Bestellvorgangs berechnet und angezeigt. Bitte beachten Sie, dass zus\u00e4tzliche Z\u00f6lle, Steuern oder Einfuhrgeb\u00fchren, die von den Zollbeh\u00f6rden Ihres Landes erhoben werden, in der Verantwortung des Empf\u00e4ngers liegen.<\/span><\/p>\n<p class=\"p1\"><span class=\"s1\"><b>Kostenloser Versand<\/b><\/span><\/p>\n<p class=\"p1\"><span class=\"s1\">Wir bieten kostenlosen Versand f\u00fcr B\u00fcndelk\u00e4ufe. Achten Sie bei den entsprechenden Produkten in den Details auf &#8222;Kostenloser Versand&#8220;.<span class=\"Apple-converted-space\"> <\/span><\/span><\/p>\n<p class=\"p1\"><span class=\"s1\"><b>Auftragsverfolgung<\/b><\/span><\/p>\n<p class=\"p1\"><span class=\"s1\">F\u00fcr die meisten Sendungen bieten wir einen Auftragsverfolgungsdienst an. Sobald Ihre Bestellung versandt wurde, erhalten Sie eine Versandbest\u00e4tigung per E-Mail mit einer Sendungsverfolgungsnummer oder einem direkten Link, um Ihr Paket online zu verfolgen. Sie k\u00f6nnen diese Informationen zur Sendungsverfolgung nutzen, um den Verlauf Ihrer Sendung zu verfolgen, bis sie bei Ihnen eintrifft.<\/span><\/p>\n<p class=\"p1\"><span class=\"s1\"><b>Z\u00f6lle und Einfuhrz\u00f6lle<\/b><\/span><\/p>\n<p class=\"p1\"><span class=\"s1\">Bei internationalen Bestellungen k\u00f6nnen Z\u00f6lle, Steuern und andere Importgeb\u00fchren von den Zollbeh\u00f6rden des Ziellandes erhoben werden. Diese Kosten sind, falls zutreffend, vom Empf\u00e4nger zu tragen und sind nicht im Kaufpreis oder in den Versandkosten enthalten. Bitte machen Sie sich mit den Zollbestimmungen Ihres Landes vertraut und wenden Sie sich f\u00fcr weitere Informationen an das \u00f6rtliche Zollamt.<\/span><\/p>\n<p class=\"p1\"><span class=\"s1\"><b>Lieferung und Annahme des Auftrags<\/b><\/span><\/p>\n<p class=\"p1\"><span class=\"s1\">Bitte stellen Sie bei der Lieferung Ihrer Bestellung sicher, dass eine Person zur Verf\u00fcgung steht, die das Paket an der angegebenen Lieferadresse entgegennimmt. Wenn niemand erreichbar ist, kann der Spediteur eine Zustellungsbenachrichtigung hinterlassen oder eine erneute Zustellung zu einem sp\u00e4teren Zeitpunkt versuchen. Bitte befolgen Sie die Anweisungen des Transportunternehmens und wenden Sie sich bei Bedarf direkt an dieses. Sobald das Paket an der angegebenen Adresse zugestellt und angenommen wurde, endet unsere Verantwortung f\u00fcr die Sendung.<\/span><\/p>\n<p class=\"p1\"><span class=\"s1\"><b>Versandprobleme und R\u00fccksendungen<\/b><\/span><\/p>\n<p class=\"p1\"><span class=\"s1\">Im seltenen Fall von Versandproblemen, wie z. B. verlorenen Paketen, besch\u00e4digten Artikeln oder Falschlieferungen, wenden Sie sich bitte umgehend an unser Kundendienstteam. Wir werden uns bem\u00fchen, das Problem zu l\u00f6sen und Sie bei der R\u00fcckgabe oder dem Umtausch gem\u00e4\u00df unserer R\u00fcckgabe- und Erstattungsrichtlinie unterst\u00fctzen.<\/span><\/p>\n<p class=\"p1\"><span class=\"s1\"><b>\u00c4nderungen der Versandpolitik<\/b><\/span><\/p>\n<p class=\"p1\"><span class=\"s1\">Wir behalten uns das Recht vor, diese Versandbedingungen jederzeit und ohne vorherige Ank\u00fcndigung zu \u00e4ndern oder zu aktualisieren. Alle \u00c4nderungen werden sofort nach Ver\u00f6ffentlichung auf unserer Website wirksam. Es liegt in Ihrer Verantwortung, die Versandbedingungen regelm\u00e4\u00dfig auf Aktualisierungen oder \u00c4nderungen zu \u00fcberpr\u00fcfen.<\/span><\/p>\n<p class=\"p1\"><span class=\"s1\">Wenn Sie eine Bestellung auf unserer internationalen E-Commerce-Website aufgeben, erkennen Sie unsere Versandpolitik an und stimmen ihr zu.<\/span><\/p>\n<p class=\"p1\"><span class=\"s1\">Dies sind die L\u00e4nder, in die wir derzeit versenden:<\/span><\/p>\n<p class=\"p2\"><span class=\"s1\"><span class=\"Apple-converted-space\"> <\/span><\/span><\/p>\n<p class=\"p1\"><span class=\"s1\"><b>Asien<\/b><\/span><\/p>\n<p class=\"p1\"><span class=\"s1\">Bangladesch<\/span><\/p>\n<p class=\"p1\"><span class=\"s1\">Bhutan<\/span><\/p>\n<p class=\"p1\"><span class=\"s1\">Brunei<\/span><\/p>\n<p class=\"p1\"><span class=\"s1\">Kambodscha<\/span><\/p>\n<p class=\"p1\"><span class=\"s1\">China<\/span><\/p>\n<p class=\"p1\"><span class=\"s1\">Guam<\/span><\/p>\n<p class=\"p1\"><span class=\"s1\">Hongkong<\/span><\/p>\n<p class=\"p1\"><span class=\"s1\">Indien<\/span><\/p>\n<p class=\"p1\"><span class=\"s1\">Indonesien<\/span><\/p>\n<p class=\"p1\"><span class=\"s1\">Japan<\/span><\/p>\n<p class=\"p1\"><span class=\"s1\">Macau<\/span><\/p>\n<p class=\"p1\"><span class=\"s1\">Malaysia<\/span><\/p>\n<p class=\"p1\"><span class=\"s1\">Malediven<\/span><\/p>\n<p class=\"p1\"><span class=\"s1\">Mongolei<\/span><\/p>\n<p class=\"p1\"><span class=\"s1\">Nepal<\/span><\/p>\n<p class=\"p1\"><span class=\"s1\">Philippinen<\/span><\/p>\n<p class=\"p1\"><span class=\"s1\">Singapur<\/span><\/p>\n<p class=\"p1\"><span class=\"s1\">Korea, Republik<\/span><\/p>\n<p class=\"p1\"><span class=\"s1\">Sri Lanka<\/span><\/p>\n<p class=\"p1\"><span class=\"s1\">Taiwan<\/span><\/p>\n<p class=\"p1\"><span class=\"s1\">Thailand<\/span><\/p>\n<p class=\"p1\"><span class=\"s1\">Vietnam<\/span><\/p>\n<p class=\"p1\"><span class=\"s1\"><b>Karibik<\/b><\/span><\/p>\n<p class=\"p1\"><span class=\"s1\">Anguilla<\/span><\/p>\n<p class=\"p1\"><span class=\"s1\">Antigua und Barbuda<\/span><\/p>\n<p class=\"p1\"><span class=\"s1\">Aruba<\/span><\/p>\n<p class=\"p1\"><span class=\"s1\">Bahamas<\/span><\/p>\n<p class=\"p1\"><span class=\"s1\">Barbados<\/span><\/p>\n<p class=\"p1\"><span class=\"s1\">Bermuda<\/span><\/p>\n<p class=\"p1\"><span class=\"s1\">Bonaire<\/span><\/p>\n<p class=\"p1\"><span class=\"s1\">Kaimaninseln<\/span><\/p>\n<p class=\"p1\"><span class=\"s1\">Dominica<\/span><\/p>\n<p class=\"p1\"><span class=\"s1\">Dominikanische Republik<\/span><\/p>\n<p class=\"p1\"><span class=\"s1\">Grenada<\/span><\/p>\n<p class=\"p1\"><span class=\"s1\">Guadeloupe<\/span><\/p>\n<p class=\"p1\"><span class=\"s1\">Haiti<\/span><\/p>\n<p class=\"p1\"><span class=\"s1\">Jamaika<\/span><\/p>\n<p class=\"p1\"><span class=\"s1\">Martinique<\/span><\/p>\n<p class=\"p1\"><span class=\"s1\">St. Kitts und Nevis<\/span><\/p>\n<p class=\"p1\"><span class=\"s1\">St. Lucia<\/span><\/p>\n<p class=\"p1\"><span class=\"s1\">St. Vincent und die Grenadinen<\/span><\/p>\n<p class=\"p1\"><span class=\"s1\">Sint Maarten<\/span><\/p>\n<p class=\"p1\"><span class=\"s1\">Trinidad und Tobago<\/span><\/p>\n<p class=\"p1\"><span class=\"s1\">Turks- und Caicosinseln<\/span><\/p>\n<\/p>\n<p class=\"p1\"><span class=\"s1\"><b>Mittelamerika<\/b><\/span><\/p>\n<p class=\"p1\"><span class=\"s1\">Belize<\/span><\/p>\n<p class=\"p1\"><span class=\"s1\">Costa Rica<\/span><\/p>\n<p class=\"p1\"><span class=\"s1\">El Salvador<\/span><\/p>\n<p class=\"p1\"><span class=\"s1\">Guatemala<\/span><\/p>\n<p class=\"p1\"><span class=\"s1\">Honduras<\/span><\/p>\n<p class=\"p1\"><span class=\"s1\">Nicaragua<\/span><\/p>\n<p class=\"p1\"><span class=\"s1\">Panama<\/span><\/p>\n<p class=\"p2\"><span class=\"s1\"><span class=\"Apple-converted-space\"> <\/span><\/span><\/p>\n<p class=\"p1\"><span class=\"s1\"><b>Zentralasien<\/b><\/span><\/p>\n<p class=\"p1\"><span class=\"s1\">Kasachstan<\/span><\/p>\n<p class=\"p1\"><span class=\"s1\">Kirgisistan<\/span><\/p>\n<p class=\"p1\"><span class=\"s1\">Mongolei<\/span><\/p>\n<p class=\"p1\"><span class=\"s1\">Tadschikistan<\/span><\/p>\n<p class=\"p1\"><span class=\"s1\">Usbekistan<\/span><\/p>\n<\/p>\n<p class=\"p1\"><span class=\"s1\"><b>Europa<\/b><\/span><\/p>\n<p class=\"p1\"><span class=\"s1\">Albanien<\/span><\/p>\n<p class=\"p1\"><span class=\"s1\">Andorra<\/span><\/p>\n<p class=\"p1\"><span class=\"s1\">Armenien<\/span><\/p>\n<p class=\"p1\"><span class=\"s1\">\u00d6sterreich<\/span><\/p>\n<p class=\"p1\"><span class=\"s1\">Aserbaidschan<\/span><\/p>\n<p class=\"p1\"><span class=\"s1\">Wei\u00dfrussland<\/span><\/p>\n<p class=\"p1\"><span class=\"s1\">Belgien<\/span><\/p>\n<p class=\"p1\"><span class=\"s1\">Bosnien und Herzegowina<\/span><\/p>\n<p class=\"p1\"><span class=\"s1\">Bulgarien<\/span><\/p>\n<p class=\"p1\"><span class=\"s1\">Kroatien<\/span><\/p>\n<p class=\"p1\"><span class=\"s1\">Tschechische Republik<\/span><\/p>\n<p class=\"p1\"><span class=\"s1\">D\u00e4nemark<\/span><\/p>\n<p class=\"p1\"><span class=\"s1\">Estland<\/span><\/p>\n<p class=\"p1\"><span class=\"s1\">F\u00e4r\u00f6er Inseln<\/span><\/p>\n<p class=\"p1\"><span class=\"s1\">Finnland<\/span><\/p>\n<p class=\"p1\"><span class=\"s1\">Frankreich<\/span><\/p>\n<p class=\"p1\"><span class=\"s1\">Georgien<\/span><\/p>\n<p class=\"p1\"><span class=\"s1\">Deutschland<\/span><\/p>\n<p class=\"p1\"><span class=\"s1\">Gibraltar<\/span><\/p>\n<p class=\"p1\"><span class=\"s1\">Gro\u00dfbritannien<\/span><\/p>\n<p class=\"p1\"><span class=\"s1\">Griechenland<\/span><\/p>\n<p class=\"p1\"><span class=\"s1\">Gr\u00f6nland<\/span><\/p>\n<p class=\"p1\"><span class=\"s1\">Guernsey, Kanalinseln<\/span><\/p>\n<p class=\"p1\"><span class=\"s1\">Ungarn<\/span><\/p>\n<p class=\"p1\"><span class=\"s1\">Island<\/span><\/p>\n<p class=\"p1\"><span class=\"s1\">Irland<\/span><\/p>\n<p class=\"p1\"><span class=\"s1\">Isle of Man<\/span><\/p>\n<p class=\"p1\"><span class=\"s1\">Italien<\/span><\/p>\n<p class=\"p1\"><span class=\"s1\">Jersey, Kanalinseln<\/span><\/p>\n<p class=\"p1\"><span class=\"s1\">Lettland<\/span><\/p>\n<p class=\"p1\"><span class=\"s1\">Liechtenstein<\/span><\/p>\n<p class=\"p1\"><span class=\"s1\">Litauen<\/span><\/p>\n<p class=\"p1\"><span class=\"s1\">Luxemburg<\/span><\/p>\n<p class=\"p1\"><span class=\"s1\">Mazedonien<\/span><\/p>\n<p class=\"p1\"><span class=\"s1\">Malta<\/span><\/p>\n<p class=\"p1\"><span class=\"s1\">Moldawien, Republik<\/span><\/p>\n<p class=\"p1\"><span class=\"s1\">Monaco<\/span><\/p>\n<p class=\"p1\"><span class=\"s1\">Montenegro<\/span><\/p>\n<p class=\"p1\"><span class=\"s1\">Niederlande<\/span><\/p>\n<p class=\"p1\"><span class=\"s1\">Norwegen<\/span><\/p>\n<p class=\"p1\"><span class=\"s1\">Polen<\/span><\/p>\n<p class=\"p1\"><span class=\"s1\">Portugal<\/span><\/p>\n<p class=\"p1\"><span class=\"s1\">Rum\u00e4nien<\/span><\/p>\n<p class=\"p1\"><span class=\"s1\">Russland<\/span><\/p>\n<p class=\"p1\"><span class=\"s1\">Sankt Helena<\/span><\/p>\n<p class=\"p1\"><span class=\"s1\">San Marino<\/span><\/p>\n<p class=\"p1\"><span class=\"s1\">Serbien<\/span><\/p>\n<p class=\"p1\"><span class=\"s1\">Slowakei<\/span><\/p>\n<p class=\"p1\"><span class=\"s1\">Slowenien<\/span><\/p>\n<p class=\"p1\"><span class=\"s1\">Spanien<\/span><\/p>\n<p class=\"p1\"><span class=\"s1\">Schweden<\/span><\/p>\n<p class=\"p1\"><span class=\"s1\">Schweiz<\/span><\/p>\n<p class=\"p1\"><span class=\"s1\">Ukraine<\/span><\/p>\n<p class=\"p1\"><span class=\"s1\">Jungferninseln, Britisch<\/span><\/p>\n<p class=\"p2\"><span class=\"s1\"><span class=\"Apple-converted-space\"> <\/span><\/span><\/p>\n<p class=\"p1\"><span class=\"s1\"><b>Naher Osten<\/b><\/span><\/p>\n<p class=\"p1\"><span class=\"s1\">Bahrain<\/span><\/p>\n<p class=\"p1\"><span class=\"s1\">Zypern<\/span><\/p>\n<p class=\"p1\"><span class=\"s1\">\u00c4gypten<\/span><\/p>\n<p class=\"p1\"><span class=\"s1\">Israel<\/span><\/p>\n<p class=\"p1\"><span class=\"s1\">Jordanien<\/span><\/p>\n<p class=\"p1\"><span class=\"s1\">Kuwait<\/span><\/p>\n<p class=\"p1\"><span class=\"s1\">Libanon<\/span><\/p>\n<p class=\"p1\"><span class=\"s1\">Oman<\/span><\/p>\n<p class=\"p1\"><span class=\"s1\">Pakistan<\/span><\/p>\n<p class=\"p1\"><span class=\"s1\">Katar<\/span><\/p>\n<p class=\"p1\"><span class=\"s1\">Saudi-Arabien<\/span><\/p>\n<p class=\"p1\"><span class=\"s1\">T\u00fcrkei (T\u00fcrkiye)<\/span><\/p>\n<p class=\"p1\"><span class=\"s1\">Vereinigte Arabische Emirate<\/span><\/p>\n<p class=\"p1\"><span class=\"s1\">Jemen<\/span><\/p>\n<p class=\"p2\"><span class=\"s1\"><span class=\"Apple-converted-space\"> <\/span><\/span><\/p>\n<p class=\"p1\"><span class=\"s1\"><b>Nord-Amerika<\/b><\/span><\/p>\n<p class=\"p1\"><span class=\"s1\">Kanada<\/span><\/p>\n<p class=\"p1\"><span class=\"s1\">Mexiko<\/span><\/p>\n<p class=\"p1\"><span class=\"s1\">Vereinigte Staaten<\/span><\/p>\n<p class=\"p2\"><span class=\"s1\"><span class=\"Apple-converted-space\"> <\/span><\/span><\/p>\n<p class=\"p1\"><span class=\"s1\"><b>Nordafrika<\/b><\/span><\/p>\n<p class=\"p1\"><span class=\"s1\">Algerien<\/span><\/p>\n<p class=\"p1\"><span class=\"s1\">Benin<\/span><\/p>\n<p class=\"p1\"><span class=\"s1\">Burkina Faso<\/span><\/p>\n<p class=\"p1\"><span class=\"s1\">Kap Verde<\/span><\/p>\n<p class=\"p1\"><span class=\"s1\">C\u00f4te d&#8217;Ivoire<\/span><\/p>\n<p class=\"p1\"><span class=\"s1\">Dschibuti<\/span><\/p>\n<p class=\"p1\"><span class=\"s1\">Gambia<\/span><\/p>\n<p class=\"p1\"><span class=\"s1\">Ghana<\/span><\/p>\n<p class=\"p1\"><span class=\"s1\">Guinea, Republik<\/span><\/p>\n<p class=\"p1\"><span class=\"s1\">Mali<\/span><\/p>\n<p class=\"p1\"><span class=\"s1\">Marokko<\/span><\/p>\n<p class=\"p1\"><span class=\"s1\">Mosambik<\/span><\/p>\n<p class=\"p1\"><span class=\"s1\">Nigeria<\/span><\/p>\n<p class=\"p1\"><span class=\"s1\">Sao Tome und Principe<\/span><\/p>\n<p class=\"p1\"><span class=\"s1\">Senegal<\/span><\/p>\n<p class=\"p1\"><span class=\"s1\">Eswatini (Swasiland)<\/span><\/p>\n<p class=\"p1\"><span class=\"s1\">Togo<\/span><\/p>\n<p class=\"p1\"><span class=\"s1\">Tunesien<\/span><\/p>\n<p class=\"p1\"><span class=\"s1\">Uganda<\/span><\/p>\n<p class=\"p2\"><span class=\"s1\"><span class=\"Apple-converted-space\"> <\/span><\/span><\/p>\n<p class=\"p1\"><span class=\"s1\"><b>Ozeanien<\/b><\/span><\/p>\n<p class=\"p1\"><span class=\"s1\">Australien<\/span><\/p>\n<p class=\"p1\"><span class=\"s1\">Cookinseln<\/span><\/p>\n<p class=\"p1\"><span class=\"s1\">Fidschi<\/span><\/p>\n<p class=\"p1\"><span class=\"s1\">Franz\u00f6sisch-Polynesien<\/span><\/p>\n<p class=\"p1\"><span class=\"s1\">Kiribati<\/span><\/p>\n<p class=\"p1\"><span class=\"s1\">Neukaledonien<\/span><\/p>\n<p class=\"p1\"><span class=\"s1\">Neuseeland<\/span><\/p>\n<p class=\"p1\"><span class=\"s1\">N\u00f6rdliche Marianen<\/span><\/p>\n<p class=\"p1\"><span class=\"s1\">Papua-Neuguinea<\/span><\/p>\n<p class=\"p1\"><span class=\"s1\">Samoa<\/span><\/p>\n<p class=\"p1\"><span class=\"s1\">Salomoninseln<\/span><\/p>\n<p class=\"p1\"><span class=\"s1\">Tonga<\/span><\/p>\n<p class=\"p1\"><span class=\"s1\">Vanuatu<\/span><\/p>\n<p class=\"p2\"><span class=\"s1\"><span class=\"Apple-converted-space\"> <\/span><\/span><\/p>\n<p class=\"p1\"><span class=\"s1\"><b>S\u00fcdamerika<\/b><\/span><\/p>\n<p class=\"p1\"><span class=\"s1\">Argentinien<\/span><\/p>\n<p class=\"p1\"><span class=\"s1\">Bolivien<\/span><\/p>\n<p class=\"p1\"><span class=\"s1\">Brasilien<\/span><\/p>\n<p class=\"p1\"><span class=\"s1\">Chile<\/span><\/p>\n<p class=\"p1\"><span class=\"s1\">Kolumbien<\/span><\/p>\n<p class=\"p1\"><span class=\"s1\">Ecuador<\/span><\/p>\n<p class=\"p1\"><span class=\"s1\">Falklandinseln<\/span><\/p>\n<p class=\"p1\"><span class=\"s1\">Franz\u00f6sisch-Guayana<\/span><\/p>\n<p class=\"p1\"><span class=\"s1\">Guyana<\/span><\/p>\n<p class=\"p1\"><span class=\"s1\">Paraguay<\/span><\/p>\n<p class=\"p1\"><span class=\"s1\">Peru<\/span><\/p>\n<p class=\"p1\"><span class=\"s1\">Surinam<\/span><\/p>\n<p class=\"p1\"><span class=\"s1\">Uruguay<\/span><\/p>\n<p class=\"p1\"><span class=\"s1\">Venezuela<\/span><\/p>\n<p class=\"p2\"><span class=\"s1\"><span class=\"Apple-converted-space\"> <\/span><\/span><\/p>\n<p class=\"p1\"><span class=\"s1\"><b>S\u00fcdliches Afrika<\/b><\/span><\/p>\n<p class=\"p1\"><span class=\"s1\">Angola<\/span><\/p>\n<p class=\"p1\"><span class=\"s1\">Botswana<\/span><\/p>\n<p class=\"p1\"><span class=\"s1\">Burundi<\/span><\/p>\n<p class=\"p1\"><span class=\"s1\">Kamerun<\/span><\/p>\n<p class=\"p1\"><span class=\"s1\">Kongo<\/span><\/p>\n<p class=\"p1\"><span class=\"s1\">Gabun<\/span><\/p>\n<p class=\"p1\"><span class=\"s1\">Kenia<\/span><\/p>\n<p class=\"p1\"><span class=\"s1\">Madagaskar<\/span><\/p>\n<p class=\"p1\"><span class=\"s1\">Malawi<\/span><\/p>\n<p class=\"p1\"><span class=\"s1\">Mauritius<\/span><\/p>\n<p class=\"p1\"><span class=\"s1\">Namibia<\/span><\/p>\n<p class=\"p1\"><span class=\"s1\">Ruanda<\/span><\/p>\n<p class=\"p1\"><span class=\"s1\">Seychellen<\/span><\/p>\n<p class=\"p1\"><span class=\"s1\">S\u00fcdafrika<\/span><\/p>\n<p class=\"p1\"><span class=\"s1\">Tansania, Vereinigte Republik<\/span><\/p>\n<p class=\"p1\"><span class=\"s1\">Sambia<\/span><\/p>\n<p class=\"p1\"><span class=\"s1\">Simbabwe<\/span><\/p>\n<p class=\"p1\">\n\t\t\t\t\t\t\t\t<\/div>\n\t\t\t\t<\/div>\n\t\t\t\t\t<\/div>\n\t\t<\/div>\n\t\t\t\t\t<\/div>\n\t\t<\/section>\n\t\t\t\t<\/div>\n\t\t","protected":false},"excerpt":{"rendered":"<p>FipMed ist ein Unternehmen, das Patienten auf der ganzen Welt bedient und in \u00fcber 150 verschiedene L\u00e4nder liefert. Alle Bestellungen werden direkt von unseren Lagern aus versandt. Vielen Dank, dass Sie FipMed vertrauen, um das Leben Ihrer Katze zu retten. Diese Versandrichtlinien enthalten wichtige Informationen \u00fcber den Versand von Produkten von unserer internationalen E-Commerce-Website an [&hellip;]<\/p>\n","protected":false},"author":1,"featured_media":0,"parent":0,"menu_order":0,"comment_status":"closed","ping_status":"open","template":"","meta":{"_glsr_average":0,"_glsr_ranking":0,"_glsr_reviews":0,"footnotes":""},"categories":[],"tags":[],"_links":{"self":[{"href":"https:\/\/fipmed.co\/de\/wp-json\/wp\/v2\/pages\/7621"}],"collection":[{"href":"https:\/\/fipmed.co\/de\/wp-json\/wp\/v2\/pages"}],"about":[{"href":"https:\/\/fipmed.co\/de\/wp-json\/wp\/v2\/types\/page"}],"author":[{"embeddable":true,"href":"https:\/\/fipmed.co\/de\/wp-json\/wp\/v2\/users\/1"}],"replies":[{"embeddable":true,"href":"https:\/\/fipmed.co\/de\/wp-json\/wp\/v2\/comments?post=7621"}],"version-history":[{"count":0,"href":"https:\/\/fipmed.co\/de\/wp-json\/wp\/v2\/pages\/7621\/revisions"}],"wp:attachment":[{"href":"https:\/\/fipmed.co\/de\/wp-json\/wp\/v2\/media?parent=7621"}],"wp:term":[{"taxonomy":"category","embeddable":true,"href":"https:\/\/fipmed.co\/de\/wp-json\/wp\/v2\/categories?post=7621"},{"taxonomy":"post_tag","embeddable":true,"href":"https:\/\/fipmed.co\/de\/wp-json\/wp\/v2\/tags?post=7621"}],"curies":[{"name":"wp","href":"https:\/\/api.w.org\/{rel}","templated":true}]}}