{"id":15740,"date":"2023-11-27T06:45:29","date_gmt":"2023-11-27T06:45:29","guid":{"rendered":"https:\/\/fipmed.co\/?post_type=product&#038;p=15740"},"modified":"2025-04-13T10:37:19","modified_gmt":"2025-04-13T10:37:19","slug":"der-komplette-wegweiser-zur-uberwindung-von-der-diagnose-zur-heilung-ebook","status":"publish","type":"product","link":"https:\/\/fipmed.co\/de\/produkt\/der-komplette-wegweiser-zur-uberwindung-von-der-diagnose-zur-heilung-ebook\/","title":{"rendered":"Der vollst\u00e4ndige Fahrplan zur \u00dcberwindung von FIP: Von der Diagnose bis zur Genesung EBOOK"},"content":{"rendered":"<p><span class=\"s1\">Ein 154-seitiger umfassender Leitfaden f\u00fcr FIP, von der Diagnose bis zur Genesung. Hier finden Sie alles, was Sie \u00fcber FIP wissen m\u00fcssen. <\/span><\/p>\n<p>&nbsp;<\/p>\n<p><strong>Das Inhaltsverzeichnis:<\/strong><\/p>\n<p>&nbsp;<\/p>\n<p><strong>WAS IST FIP?<\/strong><\/p>\n<p>Wie entwickelt sich FIP?<\/p>\n<p>&nbsp;<\/p>\n<p><strong>DIE FELINEN CORONAVIREN<\/strong><\/p>\n<p>Der FCov-Virus<\/p>\n<p>FECV<\/p>\n<p>FIPV<\/p>\n<p>&nbsp;<\/p>\n<p><strong>WIE WERDEN DIE VIREN \u00dcBERTRAGEN?<\/strong><\/p>\n<p>Direkter Kontakt<\/p>\n<p>Indirekter Kontakt<\/p>\n<p>F\u00e4kal-oraler Weg<\/p>\n<p>Respiratorische Tr\u00f6pfchen<\/p>\n<p>Infektion durch tr\u00e4chtige weibliche Katze<\/p>\n<p>&nbsp;<\/p>\n<p><strong>FIP<\/strong> <strong>RISIKO<\/strong> <strong>FAKTOREN<\/strong><\/p>\n<p>Alter<\/p>\n<p>Rasse<\/p>\n<p>\u00dcberf\u00fcllte Lebensbedingungen<\/p>\n<p>Genetik<\/p>\n<p>Stress<\/p>\n<p>Status des Immunsystems<\/p>\n<p>&nbsp;<\/p>\n<p><strong>WELCHE TESTS GIBT ES F\u00dcR KATZENSCHNUPFEN?<\/strong><\/p>\n<p>Antik\u00f6rpertest Bluttest Bluttest Messwerte, die auf FIP hinweisen Rivalta Effusionstest R\u00f6ntgenstrahlen Ultraschall Biopsie und Zytologie Stuhltest<\/p>\n<p>&nbsp;<\/p>\n<p><strong>13 KRANKHEITEN, DIE F\u00c4LSCHLICHERWEISE F\u00dcR FIP GEHALTEN WERDEN K\u00d6NNTEN<\/strong><\/p>\n<p>Toxoplasmose<\/p>\n<p>FELV<\/p>\n<p>FIV<\/p>\n<p>FPV<\/p>\n<p>Entz\u00fcndliche Darmerkrankung<\/p>\n<p>Krebs<\/p>\n<p>H\u00e4motrophe Mykoplasmose der Katze<\/p>\n<p>Lymphom<\/p>\n<p>Herzprobleme<\/p>\n<p>Entz\u00fcndete Leber<\/p>\n<p>Bakterielle Peritonitis<\/p>\n<p>Bakterielle Pleuritis<\/p>\n<p>Kryptokokkose<\/p>\n<p>&nbsp;<\/p>\n<p><strong>HERAUSFORDERUNGEN UND GRENZEN DER DIAGNOSE<\/strong><\/p>\n<p>Was, wenn Sie keine Diagnose stellen k\u00f6nnen?<\/p>\n<p>10 Faktoren &amp; Parameter f\u00fcr die Behandlung<\/p>\n<p>&nbsp;<\/p>\n<p><strong>H\u00c4UFIGE KOMORBIDIT\u00c4TEN<\/strong><\/p>\n<p>Warum tritt FIP h\u00e4ufig zusammen mit anderen Krankheiten auf?<\/p>\n<p>Lungenentz\u00fcndung CKD<\/p>\n<p>FELV<\/p>\n<p>Krebs<\/p>\n<p>Autoimmunkrankheiten und FIP<\/p>\n<p>Eine bakterielle Infektion und FIP<\/p>\n<p>FHV<\/p>\n<p>FIV<\/p>\n<p>FIP w\u00e4hrend der Schwangerschaft<\/p>\n<p>&nbsp;<\/p>\n<p><strong>ARTEN VON FIP<\/strong><\/p>\n<p>Effusive oder feuchte FIP Nicht-effusive oder trockene FIP<\/p>\n<p>Okul\u00e4re FIP<\/p>\n<p>Neurologische FIP<\/p>\n<p>&nbsp;<\/p>\n<p><strong>STUFEN DER FIP<\/strong><\/p>\n<p>Erste Exposition und Inkubation Prim\u00e4re Vir\u00e4mie Sekund\u00e4re Vir\u00e4mie Klinische FIP Organsch\u00e4den<\/p>\n<p>&nbsp;<\/p>\n<p><strong>SYMPTOME BASIEREND AUF DEN STADIEN DER FIP<\/strong><\/p>\n<p>Fr\u00fche Anzeichen von FIP<\/p>\n<p>Symptome einer fortgeschrittenen FIP<\/p>\n<p>&nbsp;<\/p>\n<p><strong>SYMPTOME JE NACH ART DER FIP<\/strong><\/p>\n<p>Klinische Anzeichen einer nicht-effusiven trockenen FIP Klinische Anzeichen einer effusiven feuchten FIP Klinische Anzeichen einer okul\u00e4ren FIP Klinische Anzeichen einer neurologischen FIP<\/p>\n<p>&nbsp;<\/p>\n<p><strong>10 WICHTIGE DINGE, DIE SIE TUN SOLLTEN, WENN BEI IHRER KATZE FIP DIAGNOSTIZIERT WURDE<\/strong><\/p>\n<p>Bereiten Sie sich vor und r\u00fcsten Sie sich mit diesen Dingen aus Suchen Sie den Rat eines Tierarztes ein Beginnen Sie die Behandlung mit GS441524 Behandeln Sie die Symptome und lindern Sie die Schmerzen Hydratation und Fl\u00fcssigkeitsmanagement Unterst\u00fctzen Sie die Ern\u00e4hrung &#8211; Di\u00e4t und Nahrungserg\u00e4nzungsmittel Schaffen Sie eine komfortable und saubere Umgebung F\u00fchren Sie strenge Hygienema\u00dfnahmen durch Setzen Sie Isolationsprotokolle f\u00fcr Haushalte mit mehreren Katzen durch \u00dcberwachen Sie den Zustand Ihrer Katze Begrenzen Sie die Exposition gegen\u00fcber anderen Katzen<\/p>\n<p>&nbsp;<\/p>\n<p><strong>FIPMED BEHANDLUNGSPROTOKOLL<\/strong><\/p>\n<p>Wie Sie die Dosierung f\u00fcr Ihre Katze bestimmen Ber\u00fccksichtigung von Anpassungen Dauer der Behandlung Unterschied zwischen Injektionen und Tabletten GS-441524 FIP Injektionen FIP Tabletten Zum Einnehmen GS-441524 Kombinationsbehandlung<\/p>\n<p>&nbsp;<\/p>\n<p><strong>WIE MAN GS441524 VERABREICHT<\/strong><\/p>\n<p>Subkutane GS441524 Injektionen Richtige Aufbewahrung von Injektionsfl\u00e4schchen Spritzen und Nadeln Nadelma\u00dftabelle Vorbereitung der Spritze Schritt-f\u00fcr-Schritt-Anleitung zur Verabreichung von Injektionen Injektionsverletzungen Verabreichung von Tabletten oder Pillen<\/p>\n<p>&nbsp;<\/p>\n<p><strong>\u00dcBERWACHUNG DES BEHANDLUNGSFORTSCHRITTS<\/strong><\/p>\n<p>FIP-Behandlung &amp; Beobachtungszeitraum Was sollten Sie \u00fcberwachen? Was tun, wenn es Ihrer Katze nicht besser geht M\u00f6gliche Ursachen<\/p>\n<p>&nbsp;<\/p>\n<p><strong>WAS SIE W\u00c4HREND DER BEHANDLUNG VERMEIDEN SOLLTEN<\/strong><\/p>\n<p>Immunsuppressiva Antibiotika Medikamente, die das ZNS beeinflussen k\u00f6nnen Schmerzmittel Lysin<\/p>\n<p>&nbsp;<\/p>\n<p><strong>HILFREICHE DINGE W\u00c4HREND DER BEHANDLUNG<\/strong><\/p>\n<p>Management von Erg\u00fcssen<\/p>\n<p>Unterst\u00fctzende Pflege, um das Wohlbefinden der Katze zu steigern<\/p>\n<p>Umgang mit Sekund\u00e4rinfektionen<\/p>\n<p>&nbsp;<\/p>\n<p><strong>ANDERE MEDIKAMENTE ODER VERFAHREN W\u00c4HREND DER FIP-BEHANDLUNG<\/strong><\/p>\n<p>Entwurmung Floh- und Zeckenbehandlungen Kastration Impfungen Fieberbek\u00e4mpfung<\/p>\n<p>&nbsp;<\/p>\n<p><strong>FIP RELAPSE<\/strong><\/p>\n<p>Warum kommt es zu einem FIP-R\u00fcckfall? Wie kann ein FIP-R\u00fcckfall verhindert werden? Wie behandelt man einen R\u00fcckfall, wenn er auftritt?<\/p>\n","protected":false},"excerpt":{"rendered":"<p class=\"p1\"><span class=\"s1\">Ein 154-seitiger umfassender Leitfaden f\u00fcr FIP, von der Diagnose bis zur Genesung. Hier finden Sie alles, was Sie \u00fcber FIP wissen m\u00fcssen. <\/span><\/p>\n","protected":false},"featured_media":19810,"template":"","meta":{"_glsr_average":0,"_glsr_ranking":0,"_glsr_reviews":0},"product_cat":[1124],"product_tag":[1126,1125],"_links":{"self":[{"href":"https:\/\/fipmed.co\/de\/wp-json\/wp\/v2\/product\/15740"}],"collection":[{"href":"https:\/\/fipmed.co\/de\/wp-json\/wp\/v2\/product"}],"about":[{"href":"https:\/\/fipmed.co\/de\/wp-json\/wp\/v2\/types\/product"}],"wp:featuredmedia":[{"embeddable":true,"href":"https:\/\/fipmed.co\/de\/wp-json\/wp\/v2\/media\/19810"}],"wp:attachment":[{"href":"https:\/\/fipmed.co\/de\/wp-json\/wp\/v2\/media?parent=15740"}],"wp:term":[{"taxonomy":"product_cat","embeddable":true,"href":"https:\/\/fipmed.co\/de\/wp-json\/wp\/v2\/product_cat?post=15740"},{"taxonomy":"product_tag","embeddable":true,"href":"https:\/\/fipmed.co\/de\/wp-json\/wp\/v2\/product_tag?post=15740"}],"curies":[{"name":"wp","href":"https:\/\/api.w.org\/{rel}","templated":true}]}}