{"id":27282,"date":"2024-12-19T13:16:01","date_gmt":"2024-12-19T13:16:01","guid":{"rendered":"https:\/\/fipmed.co\/product\/1x-bottle-fipmed-eidd2801-30x-capsules-for-4kg-cats\/"},"modified":"2025-03-06T21:13:37","modified_gmt":"2025-03-06T21:13:37","slug":"1x-bottle-fipmed-eidd2801-30x-capsules-for-4kg-cats","status":"publish","type":"product","link":"https:\/\/fipmed.co\/de\/produkt\/1x-bottle-fipmed-eidd2801-30x-capsules-for-4kg-cats\/","title":{"rendered":"FIPMed EIDD2801 30x Kapseln (4kg Katzen) Hohe Toxizit\u00e4t. Nur f\u00fcr GS441525-resistente Katzen."},"content":{"rendered":"<p>Wir bieten FIPMed EIDD2801 Kapseln f\u00fcr Katzen an, die eine Resistenz gegen GS441524 entwickelt haben und bei denen es nicht mehr wirkt. In diesem Fall kann EIDD2801 ein letzter Ausweg sein. Molnupiravir (EIDD-2801) weist eine hohe Toxizit\u00e4t auf, so dass es f\u00fcr die Langzeitbehandlung von FIP nicht geeignet ist. Eine l\u00e4ngere Anwendung kann zu RNA-Mutationen f\u00fchren, die das Krebsrisiko erh\u00f6hen. <\/p>\n<p>Molnupiravir ist nur f\u00fcr Kurzzeitbehandlungen wie COVID-19 geeignet, bei denen eine 5-t\u00e4gige Behandlung nicht lang genug ist, um sch\u00e4dliche mutagene Wirkungen zu verursachen.<\/p>\n<p><strong>FIP-Katzen, die mit Molnupiravir oder EIDD2801 behandelt werden, haben m\u00f6glicherweise ein erh\u00f6htes Risiko, innerhalb von 3 Jahren an Krebs zu erkranken. Es wird nicht empfohlen, FIP mit EIDD2801 zu behandeln, insbesondere bei jungen Katzen. <\/strong><\/p>\n<p>Es ist nur eine Alternative, wenn Ihre Katze nicht mehr auf GS441524 anspricht.<\/p>\n<p>Warum muss die FIP-Behandlung 84 Tage dauern? Das FIPV-Virus bleibt bis zu 90 Tage lang im K\u00f6rper der Katze. Virostatika wie GS-441524, Molnupiravir und GC376 hemmen die Virusreplikation, anstatt das Virus direkt abzut\u00f6ten, so dass wir warten m\u00fcssen, bis das Virus auf nat\u00fcrliche Weise stirbt. Es gibt derzeit kein Medikament auf dem Markt, das das Virus erfolgreich abt\u00f6tet und die Behandlungszeit verk\u00fcrzt. &#8211; Anwendung: 1 Kapsel pro Tag &#8211; Jede Kapsel enth\u00e4lt 100mg Molnupiravir (EIDD2801) f\u00fcr 5 kg schwere Katzen &#8211; Jede Flasche enth\u00e4lt 30 Kapseln   <\/p>\n<p><strong>Wie erkennt man EIDD2801, das als GS441524 verkauft wird?<\/strong><\/p>\n<p><span style=\"font-size: 12pt;\">&#8211; Wenn der Preis im Vergleich zum Industriestandard f\u00fcr GS441524 viel niedriger ist<\/span><\/p>\n<p><span style=\"font-size: 12pt;\">&#8211; Wenn es in Kapselform verkauft wird. Kein Hersteller produziert GS-441524 in Kapselform. Aber die gesamte EIDD2801-Behandlung wird in Kapselform hergestellt.  <\/span><\/p>\n<p><span style=\"font-size: 12pt;\">&#8211; Wenn die Dosierung oder Behandlungsdauer von der Empfehlung von Dr. Niels Pedersen abweicht<\/span><\/p>\n","protected":false},"excerpt":{"rendered":"<p>Wir bieten FIPMed EIDD2801 Kapseln f\u00fcr Katzen an, die eine Resistenz gegen GS441524 entwickelt haben und bei denen es nicht mehr wirkt. In diesem Fall kann EIDD2801 ein letzter Ausweg sein. Molnupiravir (EIDD-2801) weist eine hohe Toxizit\u00e4t auf, so dass es f\u00fcr die Langzeitbehandlung von FIP nicht geeignet ist. Eine l\u00e4ngere Anwendung kann zu RNA-Mutationen f\u00fchren, die das Krebsrisiko erh\u00f6hen. <\/p>\n<p>Molnupiravir ist nur f\u00fcr Kurzzeitbehandlungen wie COVID-19 geeignet, bei denen eine 5-t\u00e4gige Behandlung nicht lang genug ist, um sch\u00e4dliche mutagene Wirkungen zu verursachen.<\/p>\n<p>FIP-Katzen, die mit Molnupiravir oder EIDD2801 behandelt werden, haben m\u00f6glicherweise ein erh\u00f6htes Risiko, innerhalb von 3 Jahren an Krebs zu erkranken. Es wird nicht empfohlen, FIP mit EIDD2801 zu behandeln, insbesondere bei jungen Katzen. <\/p>\n<p>Es ist nur eine Alternative, wenn Ihre Katze nicht mehr auf GS441524 anspricht.<\/p>\n<p>Warum muss die FIP-Behandlung 84 Tage dauern? Das FIPV-Virus bleibt bis zu 90 Tage lang im K\u00f6rper der Katze. Virostatika wie GS-441524, Molnupiravir und GC376 hemmen die Virusreplikation, anstatt das Virus direkt abzut\u00f6ten, so dass wir warten m\u00fcssen, bis das Virus auf nat\u00fcrliche Weise stirbt. Es gibt derzeit kein Medikament auf dem Markt, das das Virus erfolgreich abt\u00f6tet und so die Behandlungszeit verk\u00fcrzt. &#8211; Anwendung: 1 Kapsel pro Tag &#8211; Jede Kapsel enth\u00e4lt 60mg Molnupiravir (EIDD2801) f\u00fcr 3 kg schwere Katzen &#8211; Jede Flasche enth\u00e4lt 30 Kapseln   <\/p>\n","protected":false},"featured_media":26980,"template":"","meta":{"_glsr_average":0,"_glsr_ranking":0,"_glsr_reviews":0},"product_cat":[1140],"product_tag":[],"_links":{"self":[{"href":"https:\/\/fipmed.co\/de\/wp-json\/wp\/v2\/product\/27282"}],"collection":[{"href":"https:\/\/fipmed.co\/de\/wp-json\/wp\/v2\/product"}],"about":[{"href":"https:\/\/fipmed.co\/de\/wp-json\/wp\/v2\/types\/product"}],"wp:featuredmedia":[{"embeddable":true,"href":"https:\/\/fipmed.co\/de\/wp-json\/wp\/v2\/media\/26980"}],"wp:attachment":[{"href":"https:\/\/fipmed.co\/de\/wp-json\/wp\/v2\/media?parent=27282"}],"wp:term":[{"taxonomy":"product_cat","embeddable":true,"href":"https:\/\/fipmed.co\/de\/wp-json\/wp\/v2\/product_cat?post=27282"},{"taxonomy":"product_tag","embeddable":true,"href":"https:\/\/fipmed.co\/de\/wp-json\/wp\/v2\/product_tag?post=27282"}],"curies":[{"name":"wp","href":"https:\/\/api.w.org\/{rel}","templated":true}]}}