{"id":5677,"date":"2022-11-30T16:38:07","date_gmt":"2022-11-30T16:38:07","guid":{"rendered":"https:\/\/fipmed.co\/product\/fipmed-tabletten-30mg-10s\/"},"modified":"2025-05-11T08:56:42","modified_gmt":"2025-05-11T08:56:42","slug":"3x-streifen-fipmed-tabletten-30mg-10-tage","status":"publish","type":"product","link":"https:\/\/fipmed.co\/de\/produkt\/3x-streifen-fipmed-tabletten-30mg-10-tage\/","title":{"rendered":"3x Strips FipMed Tabletten x 10 Tage (f\u00fcr 3kg Katzen)"},"content":{"rendered":"<p class=\"p1\"><span class=\"s1\">FipMed GS-441524 Tabletten sind eine wirksame Behandlung der infekti\u00f6sen Peritonitis der Katze (FIP).<\/span><\/p>\n<p class=\"p1\"><span class=\"s1\">Jede FipMed-Tablette f\u00fcr 3 kg Katze enth\u00e4lt 45 mg GS-441524.<\/span><\/p>\n<p class=\"p1\"><span class=\"s1\">Es ist f\u00fcr Katzen mit einem Gewicht von h\u00f6chstens 3 kg bestimmt.<\/span><\/p>\n<p class=\"p1\"><span class=\"s1\">GS-441524 ist metabolisch stabil. Allerdings wird die aufgenommene Menge nach der Verdauung nicht vollst\u00e4ndig verstoffwechselt. Die gesch\u00e4tzte verstoffwechselte Menge ist sowohl f\u00fcr feuchte als auch f\u00fcr trockene FIP ausreichend. Bitte verdoppeln Sie die Dosierung bei okul\u00e4rer FIP und neurologischer FIP. Nehmen Sie zwei Tabletten anstelle von einer.    <\/span><\/p>\n<p>&nbsp;<\/p>\n<p class=\"p1\"><span class=\"s1\">Die Tabletten und die Dosierung von FIPMed wurden auf der Grundlage der Empfehlungen von Dr. Niels Pedersen formuliert:<\/span><\/p>\n<p><strong>Nass \/ Trocken FIP Dosierung f\u00fcr Tabletten:<\/strong><\/p>\n<p>Tablette Tats\u00e4chlicher Inhalt GS441524: 15mg\/kg<\/p>\n<p>Nach 60% Verlust durch Verdauung und Metabolisierung*: 6mg\/kg<\/p>\n<p><strong>Ocular \/ Neurological FIP Dosierung f\u00fcr Tabletten:<\/strong><\/p>\n<p>Tablette Tats\u00e4chlicher GS441524 Inhalt: 30mg\/kg<\/p>\n<p>Nach 60% Verlust durch Verdauung und Metabolisierung*: 12mg\/kg<\/p>\n<p>&nbsp;<\/p>\n<p>* Bei oraler Verabreichung wurden ebenfalls Blutspiegel erreicht, allerdings etwas verz\u00f6gert und nur zu etwa 40% der Spitzenwerte der subkutanen und intraven\u00f6sen Verabreichung. GS-441424 wird aus dem Darm mit einer Effizienz von etwa 50% bei subkutaner oder intraven\u00f6ser Verabreichung absorbiert. Given the absorption limitations of oral GS-441524, one would expect the oral dosage to be around twice that of injections. (Niels Pedersen NC, 2018).<\/p>\n<p>https:\/\/www.vetmed.ucdavis.edu\/sites\/g\/files\/dgvnsk4586\/files\/inline-files\/Use%20of%20oral%20GS-441524%20for%20FIP%20treatmemt_0.pdf<\/p>\n<p>&nbsp;<\/p>\n<p class=\"p1\"><span class=\"s1\">Jeder Streifen enth\u00e4lt 10 Tabletten zum Einnehmen (10 Behandlungstage)<\/span><\/p>\n","protected":false},"excerpt":{"rendered":"<p class=\"p1\"><span class=\"s1\">FipMed GS-441524 Tabletten sind eine wirksame Behandlung der infekti\u00f6sen Peritonitis der Katze (FIP).<\/span><\/p>\n<p class=\"p1\"><span class=\"s1\">Jede FipMed-Tablette f\u00fcr 3 kg Katze enth\u00e4lt 45 mg GS-441524. Es ist f\u00fcr Katzen mit einem Gewicht von h\u00f6chstens 3 kg bestimmt.<\/span><\/p>\n<p class=\"p1\"><span class=\"s1\">GS-441524 ist metabolisch stabil. Allerdings wird die aufgenommene Menge nach der Verdauung nicht vollst\u00e4ndig verstoffwechselt. Die gesch\u00e4tzte verstoffwechselte Menge ist sowohl f\u00fcr feuchte als auch f\u00fcr trockene FIP ausreichend. Bitte verdoppeln Sie die Dosierung bei okul\u00e4rer FIP und neurologischer FIP. Nehmen Sie zwei Tabletten anstelle von einer.    <\/span><\/p>\n<p class=\"p1\"><span class=\"s1\">Jeder Streifen enth\u00e4lt 10 Tabletten zum Einnehmen (10 Behandlungstage)<\/span><\/p>\n","protected":false},"featured_media":25097,"template":"","meta":{"_glsr_average":4.9,"_glsr_ranking":4.6666666666667,"_glsr_reviews":50},"product_cat":[384],"product_tag":[],"_links":{"self":[{"href":"https:\/\/fipmed.co\/de\/wp-json\/wp\/v2\/product\/5677"}],"collection":[{"href":"https:\/\/fipmed.co\/de\/wp-json\/wp\/v2\/product"}],"about":[{"href":"https:\/\/fipmed.co\/de\/wp-json\/wp\/v2\/types\/product"}],"wp:featuredmedia":[{"embeddable":true,"href":"https:\/\/fipmed.co\/de\/wp-json\/wp\/v2\/media\/25097"}],"wp:attachment":[{"href":"https:\/\/fipmed.co\/de\/wp-json\/wp\/v2\/media?parent=5677"}],"wp:term":[{"taxonomy":"product_cat","embeddable":true,"href":"https:\/\/fipmed.co\/de\/wp-json\/wp\/v2\/product_cat?post=5677"},{"taxonomy":"product_tag","embeddable":true,"href":"https:\/\/fipmed.co\/de\/wp-json\/wp\/v2\/product_tag?post=5677"}],"curies":[{"name":"wp","href":"https:\/\/api.w.org\/{rel}","templated":true}]}}