{"id":8517,"date":"2023-08-07T13:16:45","date_gmt":"2023-08-07T13:16:45","guid":{"rendered":"https:\/\/fipmed.co\/?post_type=product&#038;p=8517"},"modified":"2025-11-15T12:26:47","modified_gmt":"2025-11-15T12:26:47","slug":"vet-use-50x-strips-fipmed-tabletten-30mg-x-10-tage-fuer-katzen-mit-3kg-gewicht","status":"publish","type":"product","link":"https:\/\/fipmed.co\/de\/produkt\/vet-use-50x-strips-fipmed-tabletten-30mg-x-10-tage-fuer-katzen-mit-3kg-gewicht\/","title":{"rendered":"VET USE: 50x Strips FipMed Tabletten x 10 Tage (f\u00fcr Katzen mit einem Gewicht von 3 kg)"},"content":{"rendered":"<p class=\"p1\"><span class=\"s1\">FipMed GS-441524 Tabletten sind eine wirksame Behandlung der infekti\u00f6sen Peritonitis der Katze (FIP).<\/span><\/p>\n<p class=\"p1\"><span class=\"s1\">Jede FipMed-Tablette f\u00fcr 3 kg Katze enth\u00e4lt 45 mg GS-441524. Es ist f\u00fcr Katzen mit einem Gewicht von h\u00f6chstens 3 kg bestimmt.<\/span><\/p>\n<p class=\"p1\"><span class=\"s1\">GS-441524 ist metabolisch stabil. Allerdings wird die aufgenommene Menge nach der Verdauung nicht vollst\u00e4ndig verstoffwechselt. Die gesch\u00e4tzte verstoffwechselte Menge ist sowohl f\u00fcr Wet als auch Dry FIP ausreichend. Bitte verdoppeln Sie die Dosis f\u00fcr okulare FIP und neurologische FIP. Nehmen Sie zwei Tabletten anstelle von einer.<\/span><\/p>\n<p class=\"p1\"><span class=\"s1\">Jeder Streifen enth\u00e4lt 10 Tabletten zum Einnehmen (10 Behandlungstage)<\/span><\/p>\n<p>Quantity: 50x strips<\/p>\n","protected":false},"excerpt":{"rendered":"<p class=\"p1\"><span class=\"s1\">FipMed GS-441524 Tabletten sind eine wirksame Behandlung der infekti\u00f6sen Peritonitis der Katze (FIP).<\/span><\/p>\n<p class=\"p1\"><span class=\"s1\">Jede FipMed-Tablette f\u00fcr 3 kg Katze enth\u00e4lt 45 mg GS-441524. Es ist f\u00fcr Katzen mit einem Gewicht von h\u00f6chstens 3 kg bestimmt.<\/span><\/p>\n<p class=\"p1\"><span class=\"s1\">GS-441524 ist metabolisch stabil. Allerdings wird die aufgenommene Menge nach der Verdauung nicht vollst\u00e4ndig verstoffwechselt. Die gesch\u00e4tzte verstoffwechselte Menge ist sowohl f\u00fcr Wet als auch Dry FIP ausreichend. Bitte verdoppeln Sie die Dosis f\u00fcr okulare FIP und neurologische FIP. Nehmen Sie zwei Tabletten anstelle von einer.<\/span><\/p>\n<p class=\"p1\"><span class=\"s1\">Jeder Streifen enth\u00e4lt 10 Tabletten zum Einnehmen (10 Behandlungstage)<\/span><\/p>\n<p>Quantity: 50x strips<\/p>\n","protected":false},"featured_media":20117,"template":"","meta":{"_glsr_average":0,"_glsr_ranking":0,"_glsr_reviews":0},"product_cat":[687],"product_tag":[],"_links":{"self":[{"href":"https:\/\/fipmed.co\/de\/wp-json\/wp\/v2\/product\/8517"}],"collection":[{"href":"https:\/\/fipmed.co\/de\/wp-json\/wp\/v2\/product"}],"about":[{"href":"https:\/\/fipmed.co\/de\/wp-json\/wp\/v2\/types\/product"}],"wp:featuredmedia":[{"embeddable":true,"href":"https:\/\/fipmed.co\/de\/wp-json\/wp\/v2\/media\/20117"}],"wp:attachment":[{"href":"https:\/\/fipmed.co\/de\/wp-json\/wp\/v2\/media?parent=8517"}],"wp:term":[{"taxonomy":"product_cat","embeddable":true,"href":"https:\/\/fipmed.co\/de\/wp-json\/wp\/v2\/product_cat?post=8517"},{"taxonomy":"product_tag","embeddable":true,"href":"https:\/\/fipmed.co\/de\/wp-json\/wp\/v2\/product_tag?post=8517"}],"curies":[{"name":"wp","href":"https:\/\/api.w.org\/{rel}","templated":true}]}}