{"id":8566,"date":"2023-08-15T04:31:37","date_gmt":"2023-08-15T04:31:37","guid":{"rendered":"https:\/\/fipmed.co\/?post_type=product&#038;p=8566"},"modified":"2025-11-15T12:26:27","modified_gmt":"2025-11-15T12:26:27","slug":"6x-streifen-fipmed-tabletten-40mg-x-10-tage-fuer-katzen-mit-4kg-gewicht","status":"publish","type":"product","link":"https:\/\/fipmed.co\/de\/produkt\/6x-streifen-fipmed-tabletten-40mg-x-10-tage-fuer-katzen-mit-4kg-gewicht\/","title":{"rendered":"6x Streifen FipMed Tabletten x 10 Tage (f\u00fcr 4kg Katzen)"},"content":{"rendered":"<p class=\"p1\"><span class=\"s1\">FipMed GS-441524 Tabletten sind eine wirksame Behandlung der infekti\u00f6sen Peritonitis der Katze (FIP).<\/span><\/p>\n<p class=\"p1\"><span class=\"s1\">Jede FipMed-Tablette f\u00fcr 4kg Katze enth\u00e4lt 60mg GS-441524. Es ist f\u00fcr Katzen mit einem Gewicht von h\u00f6chstens 4 kg bestimmt.<\/span><\/p>\n<p class=\"p1\"><span class=\"s1\">GS-441524 ist metabolisch stabil. Allerdings wird die aufgenommene Menge nach der Verdauung nicht vollst\u00e4ndig verstoffwechselt. Die gesch\u00e4tzte verstoffwechselte Menge ist sowohl f\u00fcr Wet als auch Dry FIP ausreichend. Bitte verdoppeln Sie die Dosis f\u00fcr okulare FIP und neurologische FIP. Nehmen Sie zwei Tabletten anstelle von einer.<\/span><\/p>\n<p>&nbsp;<\/p>\n<p class=\"p1\"><span class=\"s1\">Die Tabletten und die Dosierung von FIPMed wurden auf der Grundlage der Empfehlungen von Dr. Niels Pedersen formuliert:<\/span><\/p>\n<p><strong>Nass \/ Trocken FIP Dosierung f\u00fcr Tabletten:<\/strong><\/p>\n<p>Tablette Tats\u00e4chlicher Inhalt GS441524: 15mg\/kg<\/p>\n<p>Nach 60% Verlust durch Verdauung und Metabolisierung*: 6mg\/kg<\/p>\n<p><strong>Ocular \/ Neurological FIP Dosierung f\u00fcr Tabletten:<\/strong><\/p>\n<p>Tablette Tats\u00e4chlicher GS441524 Inhalt: 30mg\/kg<\/p>\n<p>Nach 60% Verlust durch Verdauung und Metabolisierung*: 12mg\/kg<\/p>\n<p>&nbsp;<\/p>\n<p>* Bei oraler Verabreichung wurden ebenfalls Blutspiegel erreicht, allerdings etwas verz\u00f6gert und nur zu etwa 40% der Spitzenwerte der subkutanen und intraven\u00f6sen Verabreichung. GS-441424 wird aus dem Darm mit einer Effizienz von etwa 50% bei subkutaner oder intraven\u00f6ser Verabreichung absorbiert. Given the absorption limitations of oral GS-441524, one would expect the oral dosage to be around twice that of injections. (Niels Pedersen NC, 2018).<\/p>\n<p><a href=\"https:\/\/www.vetmed.ucdavis.edu\/sites\/g\/files\/dgvnsk4586\/files\/inline-files\/Use%20of%20oral%20GS-441524%20for%20FIP%20treatmemt_0.pdf\" rel=\"nofollow noopener\" target=\"_blank\">https:\/\/www.vetmed.ucdavis.edu\/sites\/g\/files\/dgvnsk4586\/files\/inline-files\/Use%20of%20oral%20GS-441524%20for%20FIP%20treatmemt_0.pdf<\/a><\/p>\n<p>&nbsp;<\/p>\n<p class=\"p1\"><span class=\"s1\">Jeder Streifen enth\u00e4lt 10 Tabletten zum Einnehmen (10 Behandlungstage)<\/span><\/p>\n","protected":false},"excerpt":{"rendered":"<p class=\"p1\"><span class=\"s1\">FipMed GS-441524 Tabletten sind eine wirksame Behandlung der infekti\u00f6sen Peritonitis der Katze (FIP).<\/span><\/p>\n<p class=\"p1\"><span class=\"s1\">Jede FipMed-Tablette f\u00fcr 4kg Katze enth\u00e4lt 60mg GS-441524. Es ist f\u00fcr Katzen mit einem Gewicht von h\u00f6chstens 4 kg bestimmt.<\/span><\/p>\n<p class=\"p1\"><span class=\"s1\">GS-441524 ist metabolisch stabil. Allerdings wird die aufgenommene Menge nach der Verdauung nicht vollst\u00e4ndig verstoffwechselt. Die gesch\u00e4tzte verstoffwechselte Menge ist sowohl f\u00fcr Wet als auch Dry FIP ausreichend. Bitte verdoppeln Sie die Dosis f\u00fcr okulare FIP und neurologische FIP. Nehmen Sie zwei Tabletten anstelle von einer.<\/span><\/p>\n<p class=\"p1\"><span class=\"s1\">Jeder Streifen enth\u00e4lt 10 Tabletten zum Einnehmen (10 Behandlungstage)<\/span><\/p>\n","protected":false},"featured_media":25235,"template":"","meta":{"_glsr_average":4.9,"_glsr_ranking":4.8130434782609,"_glsr_reviews":151},"product_cat":[384],"product_tag":[],"_links":{"self":[{"href":"https:\/\/fipmed.co\/de\/wp-json\/wp\/v2\/product\/8566"}],"collection":[{"href":"https:\/\/fipmed.co\/de\/wp-json\/wp\/v2\/product"}],"about":[{"href":"https:\/\/fipmed.co\/de\/wp-json\/wp\/v2\/types\/product"}],"wp:featuredmedia":[{"embeddable":true,"href":"https:\/\/fipmed.co\/de\/wp-json\/wp\/v2\/media\/25235"}],"wp:attachment":[{"href":"https:\/\/fipmed.co\/de\/wp-json\/wp\/v2\/media?parent=8566"}],"wp:term":[{"taxonomy":"product_cat","embeddable":true,"href":"https:\/\/fipmed.co\/de\/wp-json\/wp\/v2\/product_cat?post=8566"},{"taxonomy":"product_tag","embeddable":true,"href":"https:\/\/fipmed.co\/de\/wp-json\/wp\/v2\/product_tag?post=8566"}],"curies":[{"name":"wp","href":"https:\/\/api.w.org\/{rel}","templated":true}]}}