{"id":14456,"date":"2023-11-20T03:02:35","date_gmt":"2023-11-20T03:02:35","guid":{"rendered":"https:\/\/fipmed.co\/fipmed-cancellation-policy\/"},"modified":"2026-04-29T08:35:03","modified_gmt":"2026-04-29T08:35:03","slug":"fipmed-cancellation-policy","status":"publish","type":"page","link":"https:\/\/fipmed.co\/es\/fipmed-cancellation-policy\/","title":{"rendered":"Pol\u00edtica de cancelaci\u00f3n de FIPMed"},"content":{"rendered":"\t\t<div data-elementor-type=\"wp-page\" data-elementor-id=\"14456\" class=\"elementor elementor-14456 elementor-14413\">\n\t\t\t\t\t\t<section class=\"elementor-section elementor-top-section elementor-element elementor-element-c3897a7 elementor-section-boxed elementor-section-height-default elementor-section-height-default\" data-id=\"c3897a7\" data-element_type=\"section\">\n\t\t\t\t\t\t<div class=\"elementor-container elementor-column-gap-default\">\n\t\t\t\t\t<div class=\"elementor-column elementor-col-100 elementor-top-column elementor-element elementor-element-32e3bf0\" data-id=\"32e3bf0\" data-element_type=\"column\">\n\t\t\t<div class=\"elementor-widget-wrap elementor-element-populated\">\n\t\t\t\t\t\t<div class=\"elementor-element elementor-element-c7b81b6 elementor-widget elementor-widget-text-editor\" data-id=\"c7b81b6\" data-element_type=\"widget\" data-widget_type=\"text-editor.default\">\n\t\t\t\t<div class=\"elementor-widget-container\">\n\t\t\t\t\t\t\t\t\t<p>Nuestro equipo se esfuerza al m\u00e1ximo para garantizar que su pedido se env\u00ede lo antes posible. Esto se debe al car\u00e1cter urgente de todos nuestros productos y nos esforzamos para que todos nuestros clientes reciban la entrega lo antes posible. <\/p><p>Por lo tanto, cualquier cancelaci\u00f3n posterior al pedido perturba gravemente nuestro proceso.<\/p><p><b>Por lo tanto, los clientes<\/b>no podr\u00e1n solicitar una cancelaci\u00f3n despu\u00e9s de realizar el pedido. Los clientes no tendr\u00e1n derecho a ning\u00fan tipo de proceso de cancelaci\u00f3n del pedido, y nosotros entregaremos los productos y cumpliremos el pedido. Tampoco habr\u00e1 reembolso si se facilita una direcci\u00f3n incompleta o si nuestra entrega se ve obstaculizada debido a cualquier informaci\u00f3n incompleta necesaria.    <\/p><p>Al hacernos un pedido, reconoces que has le\u00eddo, entendido y aceptado nuestra pol\u00edtica de cancelaci\u00f3n.<\/p><p>Si tiene alguna pregunta o duda sobre nuestra pol\u00edtica de gastos de cancelaci\u00f3n, no dude en ponerse en contacto con nuestro equipo de atenci\u00f3n al cliente.<\/p><p>Gracias por elegir Fipmed.co. Agradecemos su comprensi\u00f3n y cooperaci\u00f3n. Le deseo lo mejor en su lucha contra la PIF.   <\/p>\t\t\t\t\t\t\t\t<\/div>\n\t\t\t\t<\/div>\n\t\t\t\t\t<\/div>\n\t\t<\/div>\n\t\t\t\t\t<\/div>\n\t\t<\/section>\n\t\t\t\t<\/div>\n\t\t","protected":false},"excerpt":{"rendered":"<p>Nuestro equipo se esfuerza al m\u00e1ximo para garantizar que su pedido se env\u00ede lo antes posible. Esto se debe al car\u00e1cter urgente de todos nuestros productos y nos esforzamos para que todos nuestros clientes reciban la entrega lo antes posible. Por lo tanto, cualquier cancelaci\u00f3n posterior al pedido perturba gravemente nuestro proceso. Por lo tanto, [&hellip;]<\/p>\n","protected":false},"author":1,"featured_media":0,"parent":0,"menu_order":0,"comment_status":"closed","ping_status":"closed","template":"","meta":{"_glsr_average":0,"_glsr_ranking":0,"_glsr_reviews":0,"footnotes":""},"categories":[],"tags":[],"_links":{"self":[{"href":"https:\/\/fipmed.co\/es\/wp-json\/wp\/v2\/pages\/14456"}],"collection":[{"href":"https:\/\/fipmed.co\/es\/wp-json\/wp\/v2\/pages"}],"about":[{"href":"https:\/\/fipmed.co\/es\/wp-json\/wp\/v2\/types\/page"}],"author":[{"embeddable":true,"href":"https:\/\/fipmed.co\/es\/wp-json\/wp\/v2\/users\/1"}],"replies":[{"embeddable":true,"href":"https:\/\/fipmed.co\/es\/wp-json\/wp\/v2\/comments?post=14456"}],"version-history":[{"count":2,"href":"https:\/\/fipmed.co\/es\/wp-json\/wp\/v2\/pages\/14456\/revisions"}],"predecessor-version":[{"id":31764,"href":"https:\/\/fipmed.co\/es\/wp-json\/wp\/v2\/pages\/14456\/revisions\/31764"}],"wp:attachment":[{"href":"https:\/\/fipmed.co\/es\/wp-json\/wp\/v2\/media?parent=14456"}],"wp:term":[{"taxonomy":"category","embeddable":true,"href":"https:\/\/fipmed.co\/es\/wp-json\/wp\/v2\/categories?post=14456"},{"taxonomy":"post_tag","embeddable":true,"href":"https:\/\/fipmed.co\/es\/wp-json\/wp\/v2\/tags?post=14456"}],"curies":[{"name":"wp","href":"https:\/\/api.w.org\/{rel}","templated":true}]}}