{"id":15319,"date":"2022-12-02T08:05:01","date_gmt":"2022-12-02T08:05:01","guid":{"rendered":"https:\/\/fipmed.co\/cat-fip-treatment-medical-advancement-for-fip-saves-cats\/"},"modified":"2024-05-02T03:40:26","modified_gmt":"2024-05-02T03:40:26","slug":"tratamiento-de-la-pif-en-gatos-el-avance-medico-para-la-pif-salva-a-los-gatos","status":"publish","type":"page","link":"https:\/\/fipmed.co\/es\/tratamiento-de-la-pif-en-gatos-el-avance-medico-para-la-pif-salva-a-los-gatos\/","title":{"rendered":"Tratamiento de la PIF en gatos: El avance m\u00e9dico para la PIF salva a los gatos"},"content":{"rendered":"<p>Ya existe un tratamiento contra la PIF en gatos de eficacia probada. Sin embargo, debido a la falta de motivaci\u00f3n econ\u00f3mica, actualmente no existe ning\u00fan medicamento listado para la PIF en gatos que haya sido aprobado oficialmente. La terapia de apoyo puede aliviar las molestias pero no aumentar\u00e1 las tasas de supervivencia, como los antiinflamatorios y el drenaje de l\u00edquido del t\u00f3rax y el abdomen. La eutanasia ha sido la mejor opci\u00f3n en el pasado dada la r\u00e1pida y elevada tasa de mortalidad de la enfermedad, pero hoy en d\u00eda se puede proporcionar tratamiento con un alto \u00edndice de \u00e9xito.<\/p>\n<p>En estos momentos se est\u00e1n investigando algunos medicamentos, como GS441524, GC376, CL-Pro y Remdesivir. En la actualidad, estos medicamentos no son legalmente accesibles para su uso cl\u00ednico en gatos.<\/p>\n<h2><\/h2>\n<p><strong>ANTIVIRALES (Inhibidores de Proteasas, Inhibidores de Polimerasas, An\u00e1logos de Nucle\u00f3sidos)<\/strong><\/p>\n<p>Los \u00fanicos tratamientos que ahora dan esperanzas a los gatos con PIF son el GS441524, que es un an\u00e1logo de nucle\u00f3sido, y el GC376, un inhibidor de la proteasa.<\/p>\n<p>GS441524 sigue siendo la mejor opci\u00f3n para tratar la PIF debido a sus menores tasas de reca\u00edda en comparaci\u00f3n con GC376. Tambi\u00e9n es de acci\u00f3n m\u00e1s r\u00e1pida en comparaci\u00f3n con Remdesivir. De hecho, Remdesivir es un precursor de GS441524, por lo que es necesario un paso adicional para que Remdesivir se convierta en GS441524 para que funcione.<\/p>\n<p>&nbsp;<\/p>\n<p><strong>GS-441524<\/strong><\/p>\n<p>Se han aportado pruebas de que este medicamento funciona bien en numerosas situaciones. Conseguirlo ha sido dif\u00edcil. Remdesivir, como ya se ha dicho, es el pr\u00f3tido o prof\u00e1rmaco que el organismo transforma posteriormente en GS-441524. Administrar el medicamento en su forma de pr\u00f3tido o prof\u00e1rmaco ayuda a introducirlo en las c\u00e9lulas del sistema inmunitario que contienen coronavirus inmunosupresores. En algunas pruebas del f\u00e1rmaco en gatos, se administr\u00f3 GS-441524 en su formulaci\u00f3n original sin que se observaran tasas de curaci\u00f3n satisfactorias de la PIF.<\/p>\n<p>&nbsp;<\/p>\n<p>GS441524 sigue siendo actualmente nuestra mejor opci\u00f3n de tratamiento. Sin embargo, debido al elevado coste y a la falta de acceso a esta medicaci\u00f3n, los propietarios de gatos deber\u00edan esforzarse m\u00e1s por evitar que su gato contraiga la enfermedad en primer lugar.<\/p>\n<p>&nbsp;<\/p>\n<p><strong>GC376<\/strong><\/p>\n<p>El GC376 puede considerarse un f\u00e1rmaco antiv\u00edrico de amplio espectro que inhibe la <sup>Mpro<\/sup> de varios virus, entre ellos los coronavirus como el FCoV, el virus de la diarrea epid\u00e9mica porcina (PEDV), el SARS-CoV, el MERS-CoV, el SARS-CoV-2, el coronavirus del hur\u00f3n y el del vis\u00f3n. GC376 es el prof\u00e1rmaco de GC373, otro inhibidor de la proteasa basado en dip\u00e9ptidos.<\/p>\n<p>El tratamiento de la PIF en gatos con GC376 se asoci\u00f3 a efectos secundarios como escozor transitorio en los puntos de inyecci\u00f3n, fibrosis subcut\u00e1nea, p\u00e9rdida de pelo y erupci\u00f3n anormal de los dientes permanentes en gatos j\u00f3venes<span class=\"anchor-text\">[4<\/span>]. Por lo tanto, se necesitan m\u00e1s estudios para evaluar los posibles efectos secundarios asociados al uso de GC376 en modelos animales, antes de su uso en ensayos cl\u00ednicos.<\/p>\n<p>GC376 impide la replicaci\u00f3n del virus FCoV con un mecanismo diferente. Sin embargo, la tasa de reca\u00edda en gatos tratados con GC376 es significativamente superior a la de GS441524. Donde el GC376 brilla es cuando los gatos desarrollan una resistencia al GS441524, especialmente en los casos de reca\u00edda. Entonces es aconsejable utilizar GC376 en su lugar.<\/p>\n<p>Tambi\u00e9n hay estudios de investigaci\u00f3n que demuestran que una combinaci\u00f3n de GS441524 y GC376 produce mejores resultados y tambi\u00e9n permiti\u00f3 una duraci\u00f3n m\u00e1s corta de 6 semanas de tratamiento en lugar de las 12 semanas habituales.<\/p>\n<p>&nbsp;<\/p>\n<p class=\"p1\"><b>Interfer\u00f3n felino<\/b><\/p>\n<p>El interfer\u00f3n es lo que el cuerpo produce de forma natural en respuesta a una infecci\u00f3n v\u00edrica. Los cirujanos veterinarios disponen de dos tipos de interferones: el interfer\u00f3n omega felino (Virbagen Omega,\u00ae fabricado por Virbac en Francia) y el interfer\u00f3n alfa humano, que tiene varias marcas comerciales. Es preferible utilizar interfer\u00f3n felino, porque los interferones son espec\u00edficos de cada especie: funcionan mejor en la especie de origen.<\/p>\n<p>El interfer\u00f3n-omega es una inyecci\u00f3n comercializada para gatos con PIF. Un peque\u00f1o estudio inicial mostr\u00f3 resultados prometedores, por lo que durante un breve periodo pas\u00f3 a formar parte del tratamiento est\u00e1ndar. Fue uno de los primeros tratamientos disponibles para la PIF, pero la tasa de \u00e9xito era baja.<\/p>\n<p>Un estudio m\u00e1s amplio, doble ciego y controlado con placebo, no hall\u00f3 ning\u00fan beneficio del interfer\u00f3n. Eso deber\u00eda haber sido el final del asunto, pero el medicamento sigue estando disponible, y la gente sigue promoviendo el documento anterior sin hacer referencia al posterior.<\/p>\n<p>&nbsp;<\/p>\n<p><strong>CORTICOSTEROIDES (S\u00d3LO PARA PALIATIVOS)<\/strong><\/p>\n<p class=\"p1\"><span class=\"s1\">Durante la fase inicial de la enfermedad, puede ser necesaria medicaci\u00f3n de apoyo (sintom\u00e1tica) para mantener a los gatos con vida el tiempo suficiente para que los antivirales act\u00faen. Los antiinflamatorios suelen estar incluidos en la medicaci\u00f3n (corticosteroides, AINE). Es preferible evitar el uso excesivo de estos medicamentos, a menos que sea de forma breve y s\u00f3lo si existe una justificaci\u00f3n de peso para hacerlo, especialmente en gatos extremadamente enfermos durante los primeros d\u00edas.<\/span><\/p>\n<p class=\"p1\"><span class=\"s1\">El objetivo principal del tratamiento de la PIF es impedir la replicaci\u00f3n v\u00edrica en los macr\u00f3fagos, lo que detendr\u00e1 instant\u00e1neamente la generaci\u00f3n de las diversas citocinas inflamatorias e inmunosupresoras que producen los s\u00edntomas de la PIF. Mientras que ciertos medicamentos, como los corticosteroides (prednisolona) y los AINE (meloxicam), pueden reducir las citocinas inflamatorias, GS-441524 bloquea totalmente estas citocinas perjudiciales. En 24-48 horas, FipMed inducir\u00e1 mejoras significativas de la temperatura, la actividad, el hambre y otros s\u00edntomas. Esta mejora ser\u00e1 significativamente mayor que la que pueda proporcionar cualquier otro f\u00e1rmaco. En consecuencia, a menos que exista una raz\u00f3n de peso para seguir utilizando otros medicamentos, \u00e9stos deben suspenderse en cuanto se produzca una mejor\u00eda notable y constante de los s\u00edntomas de la PIF.<\/span><\/p>\n<p class=\"p1\"><span class=\"s1\">Adem\u00e1s de enmascarar los s\u00edntomas relacionados con la PIF, los esteroides pueden interferir en la distribuci\u00f3n de GS-441524 a trav\u00e9s de la barrera hematoencef\u00e1lica. Varias investigaciones han demostrado que los esteroides pueden reducir la permeabilidad a trav\u00e9s de la barrera hematoencef\u00e1lica. En los gatos, la disminuci\u00f3n de la permeabilidad puede reducir la eficacia de GS-441524 y aumentar la probabilidad de reca\u00edda.<\/span><\/p>\n<p>&nbsp;<\/p>\n<p class=\"p1\"><span class=\"s1\"><b>GS 441524 Seguridad como tratamiento FIP<\/b><\/span><\/p>\n<p class=\"p1\"><span class=\"s1\">GS-441524 ha demostrado ser una opci\u00f3n de tratamiento segura y eficaz. El f\u00e1rmaco se desarroll\u00f3 originalmente como tratamiento antiv\u00edrico para humanos, pero desde entonces se ha reutilizado para uso felino.<span class=\"Apple-converted-space\"> <\/span><\/span><\/p>\n<p class=\"p1\"><span class=\"s1\">M\u00faltiples estudios han demostrado que el f\u00e1rmaco no causa efectos adversos significativos ni toxicidad cuando se administra seg\u00fan las indicaciones.<\/span><\/p>\n<p class=\"p1\"><span class=\"s1\">Algunos gatos pueden experimentar efectos secundarios leves como n\u00e1useas o letargo durante el tratamiento. Estos s\u00edntomas suelen resolverse r\u00e1pidamente y no requieren la intervenci\u00f3n de un veterinario.<span class=\"Apple-converted-space\"> <\/span><\/span><\/p>\n<p>&nbsp;<\/p>\n","protected":false},"excerpt":{"rendered":"<p>Ya existe un tratamiento contra la PIF en gatos de eficacia probada. Sin embargo, debido a la falta de motivaci\u00f3n econ\u00f3mica, actualmente no existe ning\u00fan medicamento listado para la PIF en gatos que haya sido aprobado oficialmente. La terapia de apoyo puede aliviar las molestias pero no aumentar\u00e1 las tasas de supervivencia, como los antiinflamatorios [&hellip;]<\/p>\n","protected":false},"author":11,"featured_media":2400,"parent":0,"menu_order":0,"comment_status":"closed","ping_status":"closed","template":"","meta":{"_glsr_average":0,"_glsr_ranking":0,"_glsr_reviews":0,"footnotes":""},"categories":[642],"tags":[502,451],"_links":{"self":[{"href":"https:\/\/fipmed.co\/es\/wp-json\/wp\/v2\/pages\/15319"}],"collection":[{"href":"https:\/\/fipmed.co\/es\/wp-json\/wp\/v2\/pages"}],"about":[{"href":"https:\/\/fipmed.co\/es\/wp-json\/wp\/v2\/types\/page"}],"author":[{"embeddable":true,"href":"https:\/\/fipmed.co\/es\/wp-json\/wp\/v2\/users\/11"}],"replies":[{"embeddable":true,"href":"https:\/\/fipmed.co\/es\/wp-json\/wp\/v2\/comments?post=15319"}],"version-history":[{"count":0,"href":"https:\/\/fipmed.co\/es\/wp-json\/wp\/v2\/pages\/15319\/revisions"}],"wp:featuredmedia":[{"embeddable":true,"href":"https:\/\/fipmed.co\/es\/wp-json\/wp\/v2\/media\/2400"}],"wp:attachment":[{"href":"https:\/\/fipmed.co\/es\/wp-json\/wp\/v2\/media?parent=15319"}],"wp:term":[{"taxonomy":"category","embeddable":true,"href":"https:\/\/fipmed.co\/es\/wp-json\/wp\/v2\/categories?post=15319"},{"taxonomy":"post_tag","embeddable":true,"href":"https:\/\/fipmed.co\/es\/wp-json\/wp\/v2\/tags?post=15319"}],"curies":[{"name":"wp","href":"https:\/\/api.w.org\/{rel}","templated":true}]}}