{"id":15361,"date":"2022-12-02T07:30:30","date_gmt":"2022-12-02T07:30:30","guid":{"rendered":"https:\/\/fipmed.co\/fip-treatments-injections-vs-pills\/"},"modified":"2024-05-09T11:03:54","modified_gmt":"2024-05-09T11:03:54","slug":"pif-gatos-tratamientos-inyecciones-contra-la-pif-y-comprimidos-contra-la-pif","status":"publish","type":"page","link":"https:\/\/fipmed.co\/es\/pif-gatos-tratamientos-inyecciones-contra-la-pif-y-comprimidos-contra-la-pif\/","title":{"rendered":"PIF Gatos Tratamientos: Inyecciones contra la PIF y comprimidos contra la PIF"},"content":{"rendered":"<p>Puede tener dos alternativas a la hora de seleccionar la medicaci\u00f3n antiv\u00edrica GS-441524 para los PIF Gatos tratamientos: inyecciones subcut\u00e1neas o c\u00e1psulas o p\u00edldoras orales. \u00bfC\u00f3mo elegir entonces el adecuado para su gato? En este post hablaremos de las ventajas e inconvenientes de cada m\u00e9todo de tratamiento, as\u00ed como de cu\u00e1ndo y c\u00f3mo tomar la mejor decisi\u00f3n para la terapia de la PIF de su gato.<\/p>\n<p>Normalmente, los medicamentos orales se presentan en forma de pastillas. Este tipo de GS se toma por v\u00eda oral. Los propietarios de <a href=\"\/?page_id=895\" target=\"_blank\" rel=\"noopener\">gatos pueden elegir ahora la mejor forma de tratamiento<\/a> para su gato con facilidad, porque hay m\u00e1s opciones accesibles. Las diferencias entre estas 2 formulaciones GS-441524 se tratar\u00e1n en este post, junto con consejos sobre c\u00f3mo elegir la mejor para el tratamiento de la PIF de su gato.<\/p>\n<h2><strong>Tratamientos de la PIF por inyecci\u00f3n<\/strong><\/h2>\n<p>Empecemos hablando de la versi\u00f3n de inyecci\u00f3n l\u00edquida de GS-441524. Esta forma particular de GS es tratable. Los distintos fluidos GS-441524 tienen propiedades diferentes. La t\u00e9cnica de fabricaci\u00f3n y la calidad qu\u00edmica utilizada por el productor influyen considerablemente en la calidad. El hecho de que los precios difieran considerablemente de una marca a otra no hace sino agravar a\u00fan m\u00e1s la incertidumbre.<\/p>\n<p>La forma inyectable de GS441524 se presenta en varias concentraciones. Las concentraciones m\u00e1s populares disponibles en la actualidad son 20 mg y 30 mg. La mejor forma de administrar GS-441524 es mediante tratamiento inyectable. Las inyecciones subcut\u00e1neas de GS441524 tratan inmediatamente el torrente sangu\u00edneo de su gato con un medicamento antiv\u00edrico. Los m\u00e9dicos pueden administrar una dosis espec\u00edfica mediante inyecciones en funci\u00f3n de los s\u00edntomas y el <a href=\"\/?page_id=885\" target=\"_blank\" rel=\"noopener\">peso corporal de su gato<\/a>.<\/p>\n<p>Los gatos tratados con inyecciones suelen mostrar cambios evidentes en tan s\u00f3lo uno a cuatro d\u00edas. Por lo tanto, <a href=\"\/?page_id=899\" target=\"_blank\" rel=\"noopener\">para los gatos que presenten s\u00edntomas<\/a> graves de PIF, las inyecciones son el medio de tratamiento adecuado y el \u00fanico eficaz. Todo tratamiento de la PIF debe comenzar con una inyecci\u00f3n. Siga administrando inyecciones hasta que el estado de su gato se haya estabilizado y, s\u00f3lo cuando coma y elimine correctamente, piense en pasar a la medicaci\u00f3n oral.<\/p>\n<h2><strong>Tratamientos orales para la PIF (comprimidos o p\u00edldoras)<\/strong><\/h2>\n<p>En comparaci\u00f3n con las agujas, el tratamiento oral es una t\u00e9cnica m\u00e1s r\u00e1pida y sencilla para tratar la PIF. Los propietarios de gatos pueden administrar la medicaci\u00f3n oral en casa, evitando las visitas diarias a la cl\u00ednica y el gasto que suponen las inyecciones. Para la medicaci\u00f3n oral se dispone de comprimidos y c\u00e1psulas. Debido a la textura suave y al sabor ins\u00edpido de la c\u00e1psula, los gatos suelen tragar las c\u00e1psulas con m\u00e1s facilidad que las pastillas. En general, aconsejamos utilizar c\u00e1psulas o p\u00edldoras orales en las \u00faltimas fases del tratamiento, cuando su gato ya no est\u00e9 en peligro, es decir, cuando coma y vaya al ba\u00f1o con regularidad y ya no tenga fiebres intermitentes.<\/p>\n<p>Hablemos ahora de los inconvenientes de la terapia oral. La principal diferencia entre los tratamientos orales y los inyectables es su velocidad de acci\u00f3n. El medicamento antiv\u00edrico utilizado en la terapia oral, GS-441524, debe atravesar todo el tracto digestivo antes de entrar en el torrente sangu\u00edneo.<\/p>\n<p>La imposibilidad de controlar la dosis es el segundo inconveniente clave del tratamiento oral. No podemos predecir qu\u00e9 cantidad de GS-441524 ser\u00e1 absorbida por el tracto digestivo de su gato, por lo que. Es posible que su gato s\u00f3lo absorba un porcentaje de la medicaci\u00f3n antiv\u00edrica suministrada por las c\u00e1psulas orales, dependiendo del estado de su sistema digestivo y de su salud general. El ritmo de absorci\u00f3n de GS se ver\u00e1 afectado por el debilitamiento del est\u00f3mago, los ri\u00f1ones y el h\u00edgado que se produce en los gatos con peritonitis infecciosa felina (PIF).<\/p>\n<p>En comparaci\u00f3n con las agujas, las p\u00edldoras y comprimidos orales son una forma de tratamiento m\u00e1s arriesgada. S\u00f3lo despu\u00e9s de 30 d\u00edas de terapia inyectable o cuando el estado de su gato se haya estabilizado, le sugeriremos un tratamiento oral.<\/p>\n<h2><strong>Una precauci\u00f3n para las c\u00e1psulas<\/strong><\/h2>\n<p>En la industria de los medicamentos FIP, hay ciertos formatos que se utilizan predominantemente. Por ejemplo, los GS441524 est\u00e1n disponibles predominantemente en forma de comprimido, y los EIDD2801, en forma de c\u00e1psula. As\u00ed que ten cuidado con los vendedores que vendan GS441524 en formato c\u00e1psula. Tambi\u00e9n la dosis de GS441524 para la medicaci\u00f3n oral est\u00e1 estandarizada a 15 mg por kg y al doble para los tipos Ocular y Neurol\u00f3gico. Por favor, no superes esta dosis, ya que una dosis m\u00e1s alta en la medicaci\u00f3n oral comprometer\u00e1 la capacidad de absorci\u00f3n.<\/p>\n<h2><strong>Comparaci\u00f3n entre la inyecci\u00f3n y el tratamiento oral <\/strong><\/h2>\n<p>He aqu\u00ed una tabla que muestra las diferencias entre las <a href=\"\/?page_id=887\" target=\"_blank\" rel=\"noopener\">inyecciones y la toma oral del tratamiento para la PIF<\/a>.<\/p>\n<p><img data-opt-id=1214015753  fetchpriority=\"high\" decoding=\"async\" class=\"alignnone size-full wp-image-888\" src=\"https:\/\/ml9txs9ouv9q.i.optimole.com\/w:auto\/h:auto\/q:mauto\/f:best\/https:\/\/fipmed.co\/wp-content\/uploads\/2022\/12\/233.png\" alt=\"\" width=\"811\" height=\"719\" srcset=\"https:\/\/ml9txs9ouv9q.i.optimole.com\/w:811\/h:719\/q:mauto\/f:best\/https:\/\/fipmed.co\/wp-content\/uploads\/2022\/12\/233.png 811w, https:\/\/ml9txs9ouv9q.i.optimole.com\/w:300\/h:266\/q:mauto\/f:best\/https:\/\/fipmed.co\/wp-content\/uploads\/2022\/12\/233.png 300w, https:\/\/ml9txs9ouv9q.i.optimole.com\/w:768\/h:681\/q:mauto\/f:best\/https:\/\/fipmed.co\/wp-content\/uploads\/2022\/12\/233.png 768w, https:\/\/ml9txs9ouv9q.i.optimole.com\/w:600\/h:532\/q:mauto\/f:best\/https:\/\/fipmed.co\/wp-content\/uploads\/2022\/12\/233.png 600w\" sizes=\"(max-width: 640px) 100vw, 640px\" \/><\/p>\n<h2><strong>\u00bfQu\u00e9 m\u00e9todo debo elegir para mi gato?<\/strong><\/h2>\n<p>Se recomienda que los tratamientos de la PIF comiencen con inyecciones, seg\u00fan nuestra recomendaci\u00f3n. Puedes pasar a comprimidos orales en cuanto se estabilice el estado de tu gato si las inyecciones recurrentes le causan dolor agudo o irritaciones cut\u00e1neas graves. Tras 30 d\u00edas de tratamiento inyectable, el cambio a la medicaci\u00f3n oral suele ser seguro. Esta es la t\u00e9cnica m\u00e1s fiable para garantizar que se administra suficiente GS-441524 durante el tratamiento de la PIF y reducir el riesgo de reinfecci\u00f3n en el futuro.<\/p>\n<h2><strong>Factores que influyen en la administraci\u00f3n oral frente a la inyectable<\/strong><\/h2>\n<p>Los gatos que actualmente vomitan\/regurgitan y tienen diarrea se consideran generalmente malos candidatos para GS-441524 oral. Por ello, los gatos que padecen enfermedades gastrointestinales graves suelen empezar a recibir inyecciones, al menos hasta que se resuelven los problemas. La mayor\u00eda de las personas, sobre todo en el pasado, empezaron con GS-441524 inyectable. La forma inyectable es menos costosa y la dosis se controla con mayor precisi\u00f3n. La absorci\u00f3n subcut\u00e1nea de GS-441524 tambi\u00e9n es m\u00e1s fiable que la absorci\u00f3n oral, que a menudo es un factor cr\u00edtico en el tratamiento inicial de gatos que est\u00e1n gravemente enfermos e inestables al principio.<\/p>\n<p>El hecho de que un gato contin\u00fae inyect\u00e1ndose GS-441524 depende de la capacidad del propietario para administrar las inyecciones de forma eficaz, de la disposici\u00f3n del gato a acostumbrarse al dolor de la inyecci\u00f3n y de la aparici\u00f3n de \u00falceras en el lugar de la inyecci\u00f3n. En estos casos, la medicaci\u00f3n oral suele ser un alivio tanto para el propietario como para el paciente felino.<\/p>\n<h2><strong>Comparaci\u00f3n del \u00e9xito del tratamiento con GS-441524 inyectable frente a GS-441524 oral <\/strong><\/h2>\n<p>La tasa de \u00e9xito con GS-441524 oral se asemeja ahora a la de las versiones inyectables, suponiendo que las dosis se <a href=\"\/?page_id=23\" target=\"_blank\" rel=\"noopener\">calculen cuidadosamente y la dosificaci\u00f3n<\/a> se realice de forma eficaz. Sin embargo, se han notificado variaciones en las reacciones entre las formas oral e inyectable de GS-441524. S\u00f3lo unos pocos gatos han experimentado reca\u00eddas despu\u00e9s de cambiar de inyecciones a GS-441524 oral o no han respondido bien a \u00e9ste como tratamiento inicial. Alternativamente, la enfermedad que no respond\u00eda bien a las inyecciones se ha tratado transfiriendo los gatos a GS-441524 oral a una dosis equivalente.<\/p>\n<p>Es dif\u00edcil atribuir estas marcadas disparidades en la respuesta a la forma farmac\u00e9utica porque GS-441524, ya sea por v\u00eda oral o subcut\u00e1nea, entra en el torrente sangu\u00edneo antes de llegar a los tejidos. Es m\u00e1s probable que las marcas GS-441524 inyectables u orales utilizadas antes de este cambio fueran deficientes. En muchos casos, el cambio a otra marca oral o inyectable produjo una mejora instant\u00e1nea de la reacci\u00f3n.<\/p>\n<p>Dado que el virus ha desarrollado diversos grados de resistencia a la medicaci\u00f3n, se pens\u00f3 que s\u00f3lo la forma inyectable de GS-441524 podr\u00eda alcanzar los niveles extraordinariamente altos de sangre y l\u00edquido cefalorraqu\u00eddeo necesarios para tratar eficazmente la enfermedad neurol\u00f3gica. Sin embargo, los gatos con PIF neurol\u00f3gica han respondido bien a <a href=\"https:\/\/fipmed.co\/\" target=\"_blank\" rel=\"noopener\">Fipmed<\/a>. Adem\u00e1s, tambi\u00e9n se incluyeron algunos gatos que no respond\u00edan a una dosis excepcionalmente alta del <a href=\"\/?page_id=6163\" target=\"_blank\" rel=\"noopener\">GS- 441524<\/a> inyectable. Un r\u00e9gimen exclusivamente oral est\u00e1 curando a un n\u00famero cada vez mayor de animales con PIF neurol\u00f3gica. Esto es el resultado de una mayor experiencia en el uso del <a href=\"https:\/\/fipmed.co\/fip-treatment\/\" target=\"_blank\" rel=\"noopener\">tratamiento oral para la PIF<\/a> en casos dif\u00edciles o, lo que es m\u00e1s probable, de la mejora de la calidad de la formulaci\u00f3n oral.<\/p>\n<h2><strong>\u00bfC\u00f3mo se administran las inyecciones de GS?<\/strong><\/h2>\n<p>Subcut\u00e1nea, a veces conocida como \u00absub-cu\u00bb, es un t\u00e9rmino para administrar inyecciones directamente bajo la piel. Todos los d\u00edas durante al menos 12 semanas, las inyecciones deben administrarse casi a la misma hora cada 24 horas. NO se debe perforar el m\u00fasculo del gato con la aguja. Cuando se inyecta la GS, escuece, pero en cuanto termina la inyecci\u00f3n, cesan las molestias. Nuestros usuarios han producido una serie de pel\u00edculas \u00fatiles que demuestran c\u00f3mo se inyectan, y hay muchas m\u00e1s en YouTube. Es mejor que su veterinario le administre la primera o las dos primeras vacunas y le muestre c\u00f3mo administrarlas. Puede ser necesaria una visita diaria al veterinario para los gatos que son m\u00e1s dif\u00edciles de sujetar para las inyecciones.<\/p>\n<h2>Conclusi\u00f3n<\/h2>\n<p>Por ello, los propietarios de gatos deber\u00edan empezar siempre utilizando el m\u00e9todo de inyecci\u00f3n como tratamiento de la PIF para sus gatos y pasar a tomar pastillas al cabo de unos 30 d\u00edas, dependiendo del estado de sus gatos. Tomar la medicaci\u00f3n mediante inyecciones o por v\u00eda oral tiene sus pros y sus contras y corresponde a los veterinarios y a los propietarios de los gatos elegir la mejor soluci\u00f3n de las dos para proporcionar a los gatos afectados por la PIF.<\/p>\n","protected":false},"excerpt":{"rendered":"<p>Puede tener dos alternativas a la hora de seleccionar la medicaci\u00f3n antiv\u00edrica GS-441524 para los PIF Gatos tratamientos: inyecciones subcut\u00e1neas o c\u00e1psulas o p\u00edldoras orales. \u00bfC\u00f3mo elegir entonces el adecuado para su gato? En este post hablaremos de las ventajas e inconvenientes de cada m\u00e9todo de tratamiento, as\u00ed como de cu\u00e1ndo y c\u00f3mo tomar la [&hellip;]<\/p>\n","protected":false},"author":11,"featured_media":2267,"parent":0,"menu_order":0,"comment_status":"closed","ping_status":"closed","template":"","meta":{"_glsr_average":0,"_glsr_ranking":0,"_glsr_reviews":0,"footnotes":""},"categories":[642],"tags":[502,451],"_links":{"self":[{"href":"https:\/\/fipmed.co\/es\/wp-json\/wp\/v2\/pages\/15361"}],"collection":[{"href":"https:\/\/fipmed.co\/es\/wp-json\/wp\/v2\/pages"}],"about":[{"href":"https:\/\/fipmed.co\/es\/wp-json\/wp\/v2\/types\/page"}],"author":[{"embeddable":true,"href":"https:\/\/fipmed.co\/es\/wp-json\/wp\/v2\/users\/11"}],"replies":[{"embeddable":true,"href":"https:\/\/fipmed.co\/es\/wp-json\/wp\/v2\/comments?post=15361"}],"version-history":[{"count":0,"href":"https:\/\/fipmed.co\/es\/wp-json\/wp\/v2\/pages\/15361\/revisions"}],"wp:featuredmedia":[{"embeddable":true,"href":"https:\/\/fipmed.co\/es\/wp-json\/wp\/v2\/media\/2267"}],"wp:attachment":[{"href":"https:\/\/fipmed.co\/es\/wp-json\/wp\/v2\/media?parent=15361"}],"wp:term":[{"taxonomy":"category","embeddable":true,"href":"https:\/\/fipmed.co\/es\/wp-json\/wp\/v2\/categories?post=15361"},{"taxonomy":"post_tag","embeddable":true,"href":"https:\/\/fipmed.co\/es\/wp-json\/wp\/v2\/tags?post=15361"}],"curies":[{"name":"wp","href":"https:\/\/api.w.org\/{rel}","templated":true}]}}