{"id":15377,"date":"2023-11-06T06:42:04","date_gmt":"2023-11-06T06:42:04","guid":{"rendered":"https:\/\/fipmed.co\/how-do-cats-get-fip-what-causes-fip-in-cats\/"},"modified":"2024-05-09T09:04:41","modified_gmt":"2024-05-09T09:04:41","slug":"como-contraen-los-gatos-la-pif-que-causa-la-pif-felina","status":"publish","type":"page","link":"https:\/\/fipmed.co\/es\/como-contraen-los-gatos-la-pif-que-causa-la-pif-felina\/","title":{"rendered":"C\u00f3mo contraen los gatos la PIF: \u00bfQu\u00e9 causa la PIF felina?"},"content":{"rendered":"<h2>\u00bfC\u00f3mo contraen los gatos la PIF felina?<\/h2>\n<p>El coronavirus felino (FCoV) es la principal causa de PIF en los gatos, aunque son posibles otros modos de transmisi\u00f3n.<\/p>\n<h3>Coronavirus felino (FCoV)<\/h3>\n<p>El coronavirus felino (FCoV) es una infecci\u00f3n v\u00edrica com\u00fan entre los gatos que no suele causar ning\u00fan s\u00edntoma o que s\u00f3lo puede asociarse a una diarrea leve. Es muy contagiosa y puede propagarse por contacto directo, indirecto o v\u00eda fecal-oral entre gatos de un mismo hogar.<\/p>\n<p>El FCoV es un virus con una envoltura y un genoma de ARN monocatenario. Muchos desinfectantes populares pueden inactivar r\u00e1pidamente el virus, ya que es bastante d\u00e9bil. Los gatos que viven en espacios reducidos o en situaciones en las que hay varios gatos son m\u00e1s vulnerables a la exposici\u00f3n y la transmisi\u00f3n.<\/p>\n<p>El FCoV no es un virus zoon\u00f3tico, lo que significa que no suele infectar a las personas. Sin embargo, se han registrado algunos casos de infecci\u00f3n humana. El FCoV se transmite con mayor frecuencia por contacto con la saliva, las secreciones nasales, las heces y los objetos contaminados por el virus de los gatos enfermos.<\/p>\n<p><strong>FECV (Coronavirus ent\u00e9rico felino):<\/strong><\/p>\n<p>La versi\u00f3n menos virulenta del virus es el FECV. Afecta principalmente al tubo digestivo de los gatos. Muchos gatos infectados son asintom\u00e1ticos, lo que significa que no muestran indicios cl\u00ednicos de enfermedad. El FECV puede producir s\u00edntomas gastrointestinales moderados, como diarrea, en ciertos pacientes, pero normalmente desaparece sin tratamiento. Los gatos infectados con FECV pueden eliminar el virus en sus heces, infectando potencialmente a otros gatos.<\/p>\n<p><strong>FIPV (Virus de la Peritonitis Infecciosa Felina):<\/strong><\/p>\n<p>El virus de la peritonitis infecciosa felina (FIPV) es la cepa m\u00e1s peligrosa del virus que puede causar esta enfermedad. El FIPV puede surgir de una mutaci\u00f3n del FECV en el mismo animal. La transici\u00f3n de la FIPV es poco conocida y puede verse afectada por diversas circunstancias, incluida la respuesta inmunol\u00f3gica del gato. Los gatos infectados por FIPV pueden presentar fiebre, letargo, p\u00e9rdida de peso, distensi\u00f3n estomacal (en la forma h\u00fameda) y disfunci\u00f3n org\u00e1nica.<\/p>\n<h2>\u00bfC\u00f3mo se transmite la PIF?<\/h2>\n<p>El FCoV puede propagarse a trav\u00e9s del contacto directo entre gatos, la contaminaci\u00f3n indirecta de objetos o entornos, la ingesti\u00f3n de heces que contengan el virus y las gotitas respiratorias de un gato infectado.<\/p>\n<h3>Contacto directo:<\/h3>\n<p>Los gatos pueden infectarse con el coronavirus felino (FCoV) y desarrollar posteriormente la PIF a trav\u00e9s del contacto estrecho y directo con un gato infectado.<\/p>\n<p>Aunque el virus puede sobrevivir en diversos entornos, no se transmite por el aire y requiere contacto directo para transmitirse de un gato a otro. Esto significa que los gatos deben entrar en contacto con un animal infectado o una superficie contaminada para que el virus se propague.<\/p>\n<p>El acicalamiento, el olfateo mutuo, los mordiscos, el compartir cuencos de comida y otras interacciones estrechas son esenciales para la transmisi\u00f3n de la PIF entre gatos, ya que para que se produzca la infecci\u00f3n es necesaria la presencia de grandes cantidades del virus en la saliva y otros fluidos corporales.<\/p>\n<p>Tambi\u00e9n es importante tener en cuenta que este modo de transmisi\u00f3n no garantiza la infecci\u00f3n; incluso cuando se exponen directamente, algunos gatos pueden no desarrollar ning\u00fan s\u00edntoma debido a que su composici\u00f3n gen\u00e9tica o el estado de su sistema inmunitario les proporcionan resistencia frente a ella.<\/p>\n<h3>Contacto indirecto:<\/h3>\n<p>El virus tambi\u00e9n puede transmitirse indirectamente a trav\u00e9s de objetos y entornos contaminados. El virus puede sobrevivir en el medio ambiente durante varias semanas si se dan las condiciones adecuadas.<\/p>\n<p>Esto significa que, aunque un gato no haya tenido contacto directo con un felino infectado, puede infectarse si entra en contacto con el virus de otras fuentes. Por ejemplo, los gatos pueden verse expuestos a la PIF a trav\u00e9s de la ropa de cama o los platos de comida contaminados por las heces de un gato infectado, de otros gatos que se rascan y muerden el pelo o de jugar en zonas donde otro gato ha depositado o arrojado heces que contienen el virus.<\/p>\n<p>Por este motivo, es muy importante limpiar peri\u00f3dicamente las zonas de aseo, como las cajas de arena, con agua caliente y jab\u00f3n (no olvide cambiarse los guantes entre cada uso), as\u00ed como cambiar con frecuencia las superficies absorbentes, como los lechos y los comederos, cuando se ensucien.<\/p>\n<p>Adem\u00e1s, deben proporcionarse dietas ricas en nutrientes y llenas de antioxidantes para ayudar a reforzar el sistema inmunitario general de los gatos y maximizar sus defensas frente a infecciones como la PIF.<\/p>\n<h3>V\u00eda fecal-oral:<\/h3>\n<p>Los gatos pueden infectarse al ingerir el virus que se ha eliminado en las heces de un gato infectado. Esto puede ocurrir cuando un gato se acicala despu\u00e9s de entrar en contacto con heces o arena contaminadas.<\/p>\n<p>Por este motivo, se deben extremar las precauciones en los hogares con varios gatos, ya que una buena higiene es clave para reducir el riesgo de exposici\u00f3n a la PIF. Todos los propietarios deben aplicar medidas de higiene adecuadas con regularidad en su hogar felino: garantizar la limpieza peri\u00f3dica de los cuencos de comida, evitar que los gatos compartan camas y mantas en la casa, as\u00ed como desinfectar una vez a la semana todas las superficies a las que podr\u00edan tener acceso; como las encimeras de las mesas, las camas que a\u00fan no son impermeables, no llegar a las zonas por las que bajan las aguas residuales, etc.<\/p>\n<h3>Gotas respiratorias:<\/h3>\n<p>Sin embargo, la PIF tambi\u00e9n puede transmitirse de un gato a otro a trav\u00e9s de las gotitas respiratorias cuando un gato infectado estornuda o tose. Aunque la transmisi\u00f3n respiratoria de la forma m\u00e1s virulenta de los coronavirus ent\u00e9ricos felinos (FCoV) es menos frecuente que otros modos de transmisi\u00f3n como el contacto directo o indirecto, sigue siendo posible que un gato sano inhale el virus si est\u00e1 lo suficientemente cerca de un animal infectado cuando libera estas part\u00edculas infecciosas.<\/p>\n<p>&nbsp;<\/p>\n<h2>PIF Factores de riesgo:<\/h2>\n<p>Los gatos menores de dos a\u00f1os, los mayores de diez, los de raza pura o procedentes de criaderos, los que viven en entornos superpoblados y los que tienen el sistema inmunitario comprometido pueden tener m\u00e1s riesgo de desarrollar PIF.<\/p>\n<h3>Edad: La PIF es m\u00e1s frecuente en gatos menores de 2 a\u00f1os y mayores de 10. Los gatitos y los gatos mayores parecen correr un riesgo mayor.<\/h3>\n<p>Los gatos m\u00e1s j\u00f3venes y los gatos mayores suelen tener un sistema inmunitario inmaduro o debilitado que puede exponerlos a un mayor riesgo de desarrollar PIF. Estos grupos de edad tambi\u00e9n tienden a estar expuestos con mayor frecuencia al coronavirus felino, ya que pueden vivir en el interior con otros gatos, salir al exterior para vivir aventuras o entrar en contacto con otros gatos en refugios o criaderos.<\/p>\n<h3>Raza: Determinadas razas, como los gatos de raza pura o los que proceden de criaderos, pueden tener un mayor riesgo de contraer la PIF.<\/h3>\n<p>Los gatos procedentes de criaderos o de l\u00edneas de pura raza pueden ser especialmente propensos a desarrollar la PIF. Los abisinios, bengal\u00edes, birmanos, himalayos, ragdolls y rex tienen un riesgo significativamente mayor de padecer la enfermedad en comparaci\u00f3n con otros gatos.<\/p>\n<p>Otras razas de gatos, como los birmanos, los ex\u00f3ticos de pelo corto, los mansos, los persas y los azules rusos, tambi\u00e9n son m\u00e1s susceptibles a la PIF debido a la gen\u00e9tica y a su mayor exposici\u00f3n en los programas de cr\u00eda.<\/p>\n<p>Se cree que ciertos factores gen\u00e9ticos asociados a los gatos persas (y sus razas asociadas) los hacen ligeramente menos capaces que otras especies felinas de controlar el virus que causa la PIF, lo que los hace m\u00e1s propensos a la infecci\u00f3n si entran en contacto con \u00e9l.<\/p>\n<p>Existen pruebas que sugieren que los gatos persas son portadores de \u00abalelos predisponentes\u00bb para esta enfermedad, lo que les hace vulnerables cuando se exponen al virus que causa la PIF, lo que significa que los propietarios de estas razas orientadas deben tomar medidas para proporcionar una mejor defensa contra su propagaci\u00f3n entre los miembros de hogares con varios gatos.<\/p>\n<h3>Condiciones de vida hacinadas:<\/h3>\n<p>Los gatos que viven en situaciones de hacinamiento o estr\u00e9s tienen un mayor riesgo de entrar en contacto con el coronavirus felino, que puede provocar la infecci\u00f3n y el posterior desarrollo de la PIF.<\/p>\n<p>Algunos factores de riesgo relacionados con la vida en condiciones de hacinamiento son la proximidad con otros gatos, los recursos compartidos (como platos de comida, cajas de arena y camas) y el debilitamiento del sistema inmunitario debido al estr\u00e9s.<\/p>\n<p>En particular, la exposici\u00f3n a otros gatos es un factor importante para la transmisi\u00f3n, ya que los gatos infectados eliminan el virus en su saliva o heces. El contacto estrecho entre gatos permite que el virus se propague m\u00e1s f\u00e1cilmente.<\/p>\n<p>En los hogares con varios gatos y en los refugios es importante reducir las posibilidades de transmisi\u00f3n fomentando buenas pr\u00e1cticas de higiene, como desinfectar las superficies con limpiador dom\u00e9stico y lavarse las manos con regularidad entre caricias a distintos felinos.<\/p>\n<h3>Gen\u00e9tica:<\/h3>\n<p>Algunos gatos pueden tener una predisposici\u00f3n gen\u00e9tica que los hace m\u00e1s susceptibles de desarrollar PIF. Esto puede estar relacionado con su sistema inmunitario o su capacidad para controlar el coronavirus felino.<\/p>\n<p>La composici\u00f3n gen\u00e9tica de un gato puede hacerlo m\u00e1s vulnerable a la infecci\u00f3n, ya sea porque es incapaz de reconocer y combatir las part\u00edculas del virus invasor o porque sus membranas celulares son menos resistentes al virus.<\/p>\n<p>Tambi\u00e9n pueden hacer que determinadas c\u00e9lulas de los gatos sean susceptibles a una respuesta inmunitaria que desencadenar\u00e1 una inflamaci\u00f3n que provocar\u00e1 m\u00e1s da\u00f1os en los tejidos. Adem\u00e1s, algunos gatos pueden carecer de la capacidad de controlar la replicaci\u00f3n de la peligrosa cepa del coronavirus felino asociada a la PIF, lo que aumenta su susceptibilidad a desarrollar esta enfermedad.<\/p>\n<h3>Estr\u00e9s:<\/h3>\n<p>El estr\u00e9s afecta negativamente al sistema inmunitario de los gatos, reduciendo su capacidad para combatir las infecciones. Los gatos pueden estresarse cuando experimentan alg\u00fan cambio significativo en su entorno o rutina, como una mudanza o la llegada de una nueva mascota.<\/p>\n<p>Cuando un gato se expone a factores estresantes, su organismo libera hormonas que suprimen la producci\u00f3n y la funci\u00f3n de determinadas c\u00e9lulas inmunitarias. Esto hace que disminuya el rendimiento general del sistema inmunitario del gato, haci\u00e9ndolo m\u00e1s susceptible no s\u00f3lo a la PIF, sino tambi\u00e9n a otras enfermedades o dolencias, como las causadas por par\u00e1sitos y bacterias.<\/p>\n<p>Es importante que los propietarios de gatos sean conscientes de c\u00f3mo el estr\u00e9s puede comprometer la inmunidad de un gato y tomen medidas para mitigar sus efectos cuando sea posible. Por ejemplo, si va a introducir una nueva mascota o un nuevo miembro de la familia en su hogar, lo mejor es que lo haga gradualmente, dando tiempo a sus mascotas para que se adapten poco a poco sin someterse a demasiada presi\u00f3n.<\/p>\n<h3>Estado del sistema inmunitario:<\/h3>\n<p>El FeLV y el FIV son infecciones v\u00edricas que afectan a los gatos, y ambas atacan a su sistema inmunitario. Como resultado, los gatos con un sistema inmunitario debilitado debido a cualquiera de los dos virus suelen tener dificultades para combatir otras enfermedades o dolencias, incluida la PIF.<\/p>\n<p>Los gatos con enfermedades subyacentes como FeLV o FIV pueden ser menos capaces de montar una respuesta eficaz contra la infecci\u00f3n por coronavirus cuando se exponen a ella y es m\u00e1s probable que sucumban a desarrollar la enfermedad.<\/p>\n<p>Los gatos desnutridos tambi\u00e9n son susceptibles de desarrollar PIF.<\/p>\n<h2>Formas de prevenir la PIF<\/h2>\n<p>Los propietarios de gatos pueden ayudar a reducir el riesgo de que sus gatos contraigan la PIF vacun\u00e1ndolos regularmente, fomentando un sistema inmunitario sano y adoptando medidas higi\u00e9nicas y sanitarias adecuadas.<\/p>\n<h3>Vacunaci\u00f3n<\/h3>\n<p>La vacunaci\u00f3n es una de las principales formas de ayudar a reducir el riesgo de que un gato desarrolle PIF. Existen vacunas que ayudan a proteger contra el coronavirus felino (FCoV), que puede causar la PIF en los gatos.<\/p>\n<p>Estas vacunas pueden no ser completamente eficaces para prevenir la infecci\u00f3n, pero pueden disminuir las posibilidades de que un gato expuesto desarrolle la enfermedad cl\u00ednica y presente s\u00edntomas graves asociados a la PIF.<\/p>\n<p>Es importante tener en cuenta que algunos gatos ya pueden tener anticuerpos de una exposici\u00f3n previa y es m\u00e1s probable que sean resistentes a la vacunaci\u00f3n; sin embargo, los gatos seronegativos para el FCoV en el momento de la vacunaci\u00f3n parecen mucho menos propensos a experimentar o mostrar s\u00edntomas significativos si se infectan m\u00e1s adelante.<\/p>\n<h3>Promover un sistema inmunitario sano<\/h3>\n<p>Mantener sano el sistema inmunitario del gato puede ayudar a prevenir la PIF. Una nutrici\u00f3n adecuada es esencial para promover una buena salud y un sistema inmunitario fuerte. Los gatos deben alimentarse con dietas de alta calidad, apropiadas para su especie, sin rellenos ni subproductos.<\/p>\n<p>Limitar la cantidad de alimento seco en su dieta tambi\u00e9n puede ayudar a reducir la inflamaci\u00f3n causada por los carbohidratos de la dieta, as\u00ed como otras enfermedades relacionadas con una mala nutrici\u00f3n, como la obesidad, la diabetes y las infecciones del tracto urinario (ITU).<\/p>\n<p>Los ex\u00e1menes f\u00edsicos peri\u00f3dicos con su veterinario pueden garantizar que su mascota se mantenga sana y que se detecte precozmente cualquier problema de salud. Las vacunaciones peri\u00f3dicas contra enfermedades felinas comunes como el moquillo y la rabia tambi\u00e9n minimizar\u00e1n el riesgo de infecci\u00f3n asociado a esas enfermedades.<\/p>\n<p>Si los gatos viven en un entorno propenso al estr\u00e9s o al hacinamiento (por ejemplo, en hogares con varios gatos o en refugios y centros de rescate), puede resultar beneficioso proporcionarles juguetes y rascadores para enriquecer su actividad, as\u00ed como espacio suficiente entre cada animal.<\/p>\n<h3>Medidas de higiene y saneamiento<\/h3>\n<p>Es importante que los propietarios de gatos presten especial atenci\u00f3n a la aplicaci\u00f3n de medidas higi\u00e9nicas y sanitarias en torno a sus gatos para reducir el riesgo de PIF. Limpiar regularmente las cajas de arena, los cuencos de comida y agua, la ropa de cama, las superficies, los juguetes y los transportines ayudar\u00e1 a minimizar el contacto con el virus.<\/p>\n<p>Lavarse bien las manos despu\u00e9s de manipular objetos potencialmente contaminados tambi\u00e9n reducir\u00e1 las posibilidades de transmisi\u00f3n. En los hogares con varios animales o en los refugios puede ser beneficioso disponer de zonas diferenciadas utilizadas s\u00f3lo por gatos individuales para evitar la contaminaci\u00f3n cruzada.<\/p>\n<p>Cuando atienda a un gato enfermo prefiera guantes desechables durante todas las interacciones hasta que finalice el tratamiento. Mantener estas zonas limpias de excrementos y otros residuos, as\u00ed como proporcionar alimentos frescos, puede reducir a\u00fan m\u00e1s la propagaci\u00f3n de la infecci\u00f3n de una mascota a otra.<\/p>\n<h2>Conclusi\u00f3n<\/h2>\n<p>La peritonitis infecciosa felina (PIF) es una enfermedad v\u00edrica grave que no tiene cura conocida en los gatos. Causada normalmente por una cepa mutada del coronavirus felino, la PIF suele ser mortal y puede afectar a gatos de cualquier edad o raza.<\/p>\n<p>Para reducir el riesgo de que su gato desarrolle este virus debilitante, se recomienda la vacunaci\u00f3n, as\u00ed como tomar medidas para fomentar un sistema inmunitario sano y mantener una higiene y un saneamiento adecuados.<\/p>\n<p>En \u00faltima instancia, es importante ser consciente de que, si bien es posible que nunca erradiquemos la PIF por completo, seguir unas medidas preventivas adecuadas puede ayudar a proteger a tu felino de la infecci\u00f3n, tanto para evitarle el sufrimiento como para salvarle la vida.<\/p>\n","protected":false},"excerpt":{"rendered":"<p>\u00bfC\u00f3mo contraen los gatos la PIF felina? El coronavirus felino (FCoV) es la principal causa de PIF en los gatos, aunque son posibles otros modos de transmisi\u00f3n. Coronavirus felino (FCoV) El coronavirus felino (FCoV) es una infecci\u00f3n v\u00edrica com\u00fan entre los gatos que no suele causar ning\u00fan s\u00edntoma o que s\u00f3lo puede asociarse a una [&hellip;]<\/p>\n","protected":false},"author":1,"featured_media":14064,"parent":0,"menu_order":0,"comment_status":"closed","ping_status":"closed","template":"","meta":{"_glsr_average":0,"_glsr_ranking":0,"_glsr_reviews":0,"footnotes":""},"categories":[642],"tags":[],"_links":{"self":[{"href":"https:\/\/fipmed.co\/es\/wp-json\/wp\/v2\/pages\/15377"}],"collection":[{"href":"https:\/\/fipmed.co\/es\/wp-json\/wp\/v2\/pages"}],"about":[{"href":"https:\/\/fipmed.co\/es\/wp-json\/wp\/v2\/types\/page"}],"author":[{"embeddable":true,"href":"https:\/\/fipmed.co\/es\/wp-json\/wp\/v2\/users\/1"}],"replies":[{"embeddable":true,"href":"https:\/\/fipmed.co\/es\/wp-json\/wp\/v2\/comments?post=15377"}],"version-history":[{"count":0,"href":"https:\/\/fipmed.co\/es\/wp-json\/wp\/v2\/pages\/15377\/revisions"}],"wp:featuredmedia":[{"embeddable":true,"href":"https:\/\/fipmed.co\/es\/wp-json\/wp\/v2\/media\/14064"}],"wp:attachment":[{"href":"https:\/\/fipmed.co\/es\/wp-json\/wp\/v2\/media?parent=15377"}],"wp:term":[{"taxonomy":"category","embeddable":true,"href":"https:\/\/fipmed.co\/es\/wp-json\/wp\/v2\/categories?post=15377"},{"taxonomy":"post_tag","embeddable":true,"href":"https:\/\/fipmed.co\/es\/wp-json\/wp\/v2\/tags?post=15377"}],"curies":[{"name":"wp","href":"https:\/\/api.w.org\/{rel}","templated":true}]}}