{"id":15401,"date":"2023-11-06T06:56:11","date_gmt":"2023-11-06T06:56:11","guid":{"rendered":"https:\/\/fipmed.co\/is-fip-contagious-how-is-fip-transmitted\/"},"modified":"2024-05-08T11:32:59","modified_gmt":"2024-05-08T11:32:59","slug":"que-es-el-pif-en-gatos-es-contagiosa-la-pif-y-como-se-transmite","status":"publish","type":"page","link":"https:\/\/fipmed.co\/es\/que-es-el-pif-en-gatos-es-contagiosa-la-pif-y-como-se-transmite\/","title":{"rendered":"\u00bfQue es el PIF en gatos, es contagiosa la PIF y c\u00f3mo se transmite?"},"content":{"rendered":"<p>\u00bfQue es el PIF en gatos, es contagiosa la PIF y c\u00f3mo se transmite? Aunque no es tan contagiosa como otras enfermedades felinas, la PIF sigue siendo un virus infeccioso y todos los propietarios de gatos deben ser conscientes de los riesgos potenciales.<\/p>\n<h3>La peritonitis infecciosa felina (PIF) suele considerarse menos contagiosa que otras enfermedades infecciosas felinas comunes.<\/h3>\n<p>En comparaci\u00f3n con otras enfermedades infecciosas a las que pueden ser vulnerables los gatos, la PIF tiene una menor probabilidad de transmisi\u00f3n. La peritonitis infecciosa felina (PIF) est\u00e1 causada por la infecci\u00f3n por el coronavirus felino (FCoV).<\/p>\n<p>Aunque este virus es contagioso y puede propagarse de gato a gato, en general se considera menos contagioso que los relacionados con las infecciones de las v\u00edas respiratorias superiores o la panleucopenia, especialmente mortal.<\/p>\n<p>Tambi\u00e9n hay que tener en cuenta que la PIF no afecta a todos los gatos aunque est\u00e9n expuestos; factores como la edad, la raza, la gen\u00e9tica, los niveles de estr\u00e9s y otros muchos influyen en la probabilidad de que sean propensos a desarrollar la enfermedad tras la exposici\u00f3n.<\/p>\n<h2>Tipos de virus de la PIF<\/h2>\n<p>La peritonitis infecciosa felina (PIF) est\u00e1 causada por dos virus distintos, el coronavirus ent\u00e9rico felino (FECV) y el coronavirus felino de tipo 2 (FCoV).<\/p>\n<h3>FECV<\/h3>\n<p>El coronavirus felino (FCoV) es un virus altamente infeccioso asociado a la peritonitis infecciosa felina (PIF). Puede eliminarse en las heces de los gatos infectados, y la transmisi\u00f3n se produce sobre todo por contacto directo con estas secreciones o con superficies que las contengan.<\/p>\n<p>Esto hace que se propague a trav\u00e9s de la transmisi\u00f3n por f\u00f3mites, o la transferencia de microbios entre superficies y de los dedos a la boca. Para reducir la vulnerabilidad de su gato a la infecci\u00f3n por FCoV, practique buenos h\u00e1bitos de higiene en todo momento.<\/p>\n<p>Siempre que sea posible, trate tambi\u00e9n de minimizar los niveles de estr\u00e9s -mantenga a varios gatos en habitaciones separadas si es necesario-, ya que los estudios han descubierto que los gatos sometidos a niveles de estr\u00e9s m\u00e1s elevados son m\u00e1s propensos a contraer enfermedades como la PIF debido a que su sistema inmunitario est\u00e1 comprometido.<\/p>\n<h3>FCoV<\/h3>\n<p>El coronavirus felino, com\u00fanmente conocido como FCoV, es un pat\u00f3geno v\u00edrico infeccioso perteneciente a la familia de los Coronaviridae. Aunque el FCoV es una causa relativamente com\u00fan de enfermedad gastrointestinal leve y autolimitada en gatos, puede ser eliminado de forma intermitente por gatos infectados durante varios meses o incluso a\u00f1os.<\/p>\n<p>El virus tiene una baja especificidad de especie, lo que significa que otros animales, como los perros o los animales salvajes, tambi\u00e9n pueden ser susceptibles a la infecci\u00f3n por este virus.<\/p>\n<p>En la mayor\u00eda de los casos, el FCoV se transmite por contacto directo entre dos gatos, y el portador asintom\u00e1tico transmite la enfermedad a otro gato sin saberlo. El virus tambi\u00e9n puede entrar indirectamente a trav\u00e9s de objetos contaminados, como platos de comida y agua o juguetes compartidos entre varios gatos que viven bajo un mismo techo.<\/p>\n<p>Incluso es posible que las part\u00edculas del espacio respiratorio, como la caspa del pelo y los fluidos respiratorios que contienen elevadas cantidades de part\u00edculas v\u00edricas, propaguen agentes contagiosos si son inhaladas por los felinos circundantes.<\/p>\n<p>&nbsp;<\/p>\n<h2>He aqu\u00ed una comparaci\u00f3n general de la contagiosidad de la PIF con algunas otras enfermedades infecciosas de los gatos:<\/h2>\n<p>En general, se considera que la PIF es menos contagiosa que la panleucopenia, las infecciones de las v\u00edas respiratorias superiores, el VIF y el FeLV.<\/p>\n<h3>Panleucopenia felina (moquillo felino)<\/h3>\n<p>La panleucopenia felina, tambi\u00e9n conocida como moquillo felino, es una infecci\u00f3n v\u00edrica contagiosa de los gatos causada por el Parvovirus felino. Afecta principalmente a gatitos y gatos no vacunados, pero es capaz de infectar a felinos de todas las edades y razas.<\/p>\n<p>El virus est\u00e1 presente en todas las excreciones, sobre todo en las heces, lo que significa que puede transmitirse de gato a gato por contacto directo o indirecto muy f\u00e1cilmente.<\/p>\n<p>Los signos cl\u00ednicos var\u00edan en funci\u00f3n de la cepa del virus y la edad del gato afectado; sin embargo, los s\u00edntomas pueden incluir: fiebre o baja temperatura, letargo\/depresi\u00f3n, p\u00e9rdida de apetito y v\u00f3mitos con diarrea que contenga sangre, que son indicadores comunes de las infecciones por FPlV.<\/p>\n<p>En algunos casos puede incluso ser mortal si no se diagnostica y trata adecuadamente de inmediato. Esta enfermedad no debe confundirse con la Peritonitis Infecciosa Felina (PIF), aunque comparten s\u00edntomas similares son dos virus distintos que afectan a los gatos de forma diferente.<\/p>\n<h3>Infecciones respiratorias altas<\/h3>\n<p>Las infecciones del tracto respiratorio superior (ITU) son la enfermedad infecciosa m\u00e1s com\u00fan en los gatos. Al igual que otras enfermedades, las infecciones urinarias pueden estar causadas por diversos virus y bacterias, como calicivirus, herpesvirus, adenovirus, Bordetella bronchiseptica y Chlamydophila felis.<\/p>\n<p>Los s\u00edntomas pueden incluir estornudos o tos; congesti\u00f3n o secreci\u00f3n nasal; enrojecimiento o secreci\u00f3n ocular; falta de apetito; fiebre; letargo; ulceraci\u00f3n en las zonas de la boca y la garganta y deshidrataci\u00f3n.<\/p>\n<p>Aunque es m\u00e1s raro que otras infecciones de las v\u00edas respiratorias altas, el virus de la leucemia felina (FeLV) tambi\u00e9n se asocia a veces con esta infecci\u00f3n, aunque no causa ning\u00fan s\u00edntoma por s\u00ed mismo.<\/p>\n<p>La forma m\u00e1s habitual en que los gatos contraen una infecci\u00f3n de las v\u00edas respiratorias superiores es a trav\u00e9s del contacto directo o indirecto con otro gato infectado (por ejemplo, acical\u00e1ndose mutuamente mientras juegan o compartiendo el plato de comida o la cama), aunque tambi\u00e9n puede producirse la transmisi\u00f3n a\u00e9rea a trav\u00e9s de objetos contaminados, como part\u00edculas de polvo transportadas por el viento y portadoras del agente infeccioso.<\/p>\n<h3>Virus de la inmunodeficiencia felina (VIF) y virus de la leucemia felina (VLF)<\/h3>\n<p>Se trata de dos retrovirus que atacan a las c\u00e9lulas del gato implicadas en la respuesta inmunitaria, haciendo que los gatos sean m\u00e1s susceptibles a otras infecciones. El VIF se transmite con mayor frecuencia a trav\u00e9s de heridas profundas por mordedura, mientras que el VLF se transmite principalmente de madre a gatito o a trav\u00e9s de la saliva y las secreciones nasales.<\/p>\n<p>Ambos virus pueden causar una disminuci\u00f3n de la inmunidad que conlleva un mayor riesgo de infecciones oportunistas persistentes y recurrentes comoS kinneria turicensis, Bartonella henselae, virus de la estomatitis (FHV) ycal\u0438\u0441ilitis.<\/p>\n<p>Ambos son conocidos por causar el s\u00edndrome de inmunodeficiencia (similar al VIH\/sida en humanos), que disminuye la inmunidad natural de los gatos contra enfermedades como el c\u00e1ncer y las enfermedades bacterianas.<\/p>\n<p>&nbsp;<\/p>\n<h2>\u00bfC\u00f3mo se transmite la PIF?<\/h2>\n<p>La PIF suele propagarse por contacto directo, contacto indirecto, v\u00eda fecal-oral y gotitas respiratorias. Obtenga m\u00e1s informaci\u00f3n para comprender mejor c\u00f3mo puede verse afectado su gato y tomar precauciones.<\/p>\n<h3>Contacto directo<\/h3>\n<p>El contacto directo es la forma m\u00e1s sencilla y com\u00fan de que los gatos contraigan la PIF. A trav\u00e9s del contacto directo, como el acicalamiento mutuo y el uso compartido del cuenco de comida o la caja de arena, un gato infectado puede transmitir el virus directamente a otro.<\/p>\n<p>Adem\u00e1s, tambi\u00e9n podr\u00eda contactarse a trav\u00e9s de interacciones f\u00edsicas m\u00e1s estrechas, como acurrucarse con propietarios que han estado recientemente en contacto con gatos que se sabe que son portadores del FCoV.<\/p>\n<p>Otro factor importante son las gotitas estornudadas que propagan el FCoV de un gato a otro. Aunque esta forma de transmisi\u00f3n es menos com\u00fan en comparaci\u00f3n con otras infecciones, sigue siendo una de las v\u00edas de propagaci\u00f3n de la infecci\u00f3n entre animales.<\/p>\n<p>Por ello, es esencial que los due\u00f1os formen a sus mascotas en h\u00e1bitos de higiene adecuados y presten siempre mucha atenci\u00f3n cuando se acurruquen con sus gatitos.<\/p>\n<h3>Contacto indirecto<\/h3>\n<p>El contacto indirecto puede desempe\u00f1ar un papel importante en la transmisi\u00f3n de la peritonitis infecciosa felina (PIF). Se refiere al contacto con superficies u objetos contaminados que han sido tocados por un gato infectado, conocidos como f\u00f3mites.<\/p>\n<p>Los f\u00f3mites como la ropa, los juguetes y los utensilios de aseo pueden contaminar el pelo del gato y portar el virus durante un breve periodo de tiempo antes de que se pierda de estas superficies. Como los gatos suelen acicalarse a s\u00ed mismos y a otros gatos, corren el riesgo de infectarse por esta v\u00eda aunque no haya habido contacto directo entre ellos.<\/p>\n<p>El virus no s\u00f3lo puede transmitirse indirectamente a trav\u00e9s del contacto con materiales h\u00famedos, como los cuencos de agua, sino que los materiales secos, como la ropa de cama, tambi\u00e9n pueden actuar como portadores si la saliva o las heces que contienen part\u00edculas han entrado en contacto con cualquier superficie que luego toque otro gato.<\/p>\n<p>Los hogares con varios gatos o los entornos abarrotados pueden ser especialmente propensos a la transmisi\u00f3n indirecta del virus cuando hay muchas superficies a trav\u00e9s de las cuales la contaminaci\u00f3n podr\u00eda producirse con frecuencia.<\/p>\n<h3>V\u00eda fecal-oral<\/h3>\n<p>La v\u00eda fecal-oral es uno de los modos m\u00e1s comunes de transmisi\u00f3n de la PIF en gatos. El coronavirus felino (FCoV) puede encontrarse en la saliva de gatos infectados, pero se propaga principalmente a trav\u00e9s del contacto con heces contaminadas por un gato infectado.<\/p>\n<p>Este tipo de transmisi\u00f3n se produce cuando un gato no infectado consume material que ha estado en contacto con el complejo v\u00edrico de una caja de arena u otra superficie, como cuencos de comida y camas.<\/p>\n<p>Debido a su naturaleza transmisible, las condiciones de hacinamiento aumentan el riesgo de transmisi\u00f3n debido a los altos niveles de contaminaci\u00f3n fecal. En los hogares con varios gatos, los propietarios deben separarlos y proporcionarles cuidados y atenci\u00f3n individualizados siempre que sea posible.<\/p>\n<p>Esto significa dar a cada gato su propia caja de arena, de f\u00e1cil acceso para limpiarla despu\u00e9s de usarla.<\/p>\n<p>Tambi\u00e9n es importante recordar no s\u00f3lo la limpieza regular, sino tambi\u00e9n la desinfecci\u00f3n semanal de las superficies utilizadas por todos los gatos en los hogares con varios gatos para reducir a\u00fan m\u00e1s la posibilidad de transmisi\u00f3n.<\/p>\n<h3>Gotas respiratorias<\/h3>\n<p>La PIF rara vez se transmite a trav\u00e9s de las gotitas respiratorias de los estornudos o la tos. El virus puede transmitirse por el aire y contaminar el entorno del gato, pero requiere un contacto estrecho para transmitirse de un animal a otro.<\/p>\n<p>Los gatos que viven en condiciones de hacinamiento, como refugios o colonias, corren m\u00e1s riesgo de contraer la PIF de esta forma debido a la proximidad entre animales.<\/p>\n<p>Cuando los humanos manipulan gatos infecciosos deben practicar una buena higiene personal, especialmente cuando estornudan y tosen cerca de otros gatos que tienen niveles de inmunidad m\u00e1s bajos y pueden ser m\u00e1s propensos a contraer la PIF.<\/p>\n<p>Alternativamente, el uso de t\u00e9cnicas de desinfecci\u00f3n eficaces y la esterilizaci\u00f3n peri\u00f3dica de las zonas expuestas al material infectado, como la ropa de cama, la vajilla, los materiales de desecho, etc., tambi\u00e9n pueden ayudar a reducir la propagaci\u00f3n del contagio.<\/p>\n<h2>Factores que influyen en la propensi\u00f3n de su gato a contraer la PIF<\/h2>\n<p>La edad, la raza, las condiciones de vida, la gen\u00e9tica, el estr\u00e9s y el estado del sistema inmunitario pueden influir en el riesgo de PIF en los gatos.<\/p>\n<h3>Edad<\/h3>\n<p>Los gatos menores de dos a\u00f1os son los m\u00e1s afectados por la PIF, ya que alrededor del 80% de todos los casos aparecen en gatos de esta edad. Los gatitos de entre 4 y 12 meses tienen el mayor riesgo de contraer la PIF; casi la mitad de los gatos diagnosticados pertenecen a este grupo de edad.<\/p>\n<p>Incluso los gatitos m\u00e1s j\u00f3venes pueden ser vulnerables a la transmisi\u00f3n del virus debido a que su sistema inmunitario no est\u00e1 desarrollado y a su susceptibilidad a los factores de estr\u00e9s ambiental.<\/p>\n<p>Adem\u00e1s, ciertas razas, como los gatos siameses o birmanos, pueden ser m\u00e1s propensas a la PIF debido a su disposici\u00f3n gen\u00e9tica, aunque no est\u00e9 determinada \u00fanicamente por la raza en s\u00ed. Los guepardos tambi\u00e9n tienen m\u00e1s probabilidades de desarrollar peritonitis infecciosa felina que otras razas de gatos debido a una deficiencia en su inmunidad celular que los hace muy susceptibles.<\/p>\n<h3>Raza<\/h3>\n<p>Los propietarios de gatos de raza deben ser especialmente conscientes de su susceptibilidad a la PIF. Los gatos de raza pura tienen m\u00e1s probabilidades que los mestizos de desarrollar PIF debido a una deficiencia gen\u00e9tica en su inmunidad celular, y algunas razas como los guepardos, los persas, los bengal\u00edes y los Scottish Fold son especialmente propensas.<\/p>\n<p>Este mayor riesgo puede atribuirse en parte a la forma en que estas razas concretas se han desarrollado mediante pr\u00e1cticas de endogamia con una diversidad gen\u00e9tica limitada o ciclos de cr\u00eda acelerados, lo que provoca una mayor vulnerabilidad a las enfermedades graves debido al aumento de la duplicaci\u00f3n de genes presente cuando los pares homocig\u00f3ticos de genes se dan juntos en animales individuales.<\/p>\n<p>Debido en gran medida a este mayor riesgo asociado a las razas puras, es importante que los propietarios de estos gatos -as\u00ed como los que cuidan de gatos de otras razas- conozcan la susceptibilidad de su mascota para poder tomar las precauciones adecuadas y gestionar su salud de forma m\u00e1s eficaz.<\/p>\n<p>Vacunar a su gato contra enfermedades infecciosas comunes como el moquillo felino o las infecciones respiratorias superiores reducir\u00e1 la posibilidad de que se infecten; adaptar las necesidades diet\u00e9ticas en funci\u00f3n de los niveles de resistencia, hacer ejercicio en funci\u00f3n de las caracter\u00edsticas f\u00edsicas; limitar la exposici\u00f3n controlando las situaciones de hacinamiento, etc.<\/p>\n<h3>Condiciones de vida hacinadas<\/h3>\n<p>Las condiciones de hacinamiento pueden tener un enorme impacto en los gatos y en su salud. El hacinamiento supone un estr\u00e9s adicional para los gatos, que puede ser perjudicial, ya que debilita el sistema inmunitario con el tiempo y aumenta la probabilidad de contraer o transmitir infecciones, incluida la peritonitis infecciosa felina (PIF).<\/p>\n<p>El estr\u00e9s es especialmente peligroso en los gatitos j\u00f3venes que a\u00fan no han establecido una inmunidad \u00f3ptima. Adem\u00e1s de las consecuencias psicol\u00f3gicas provocadas por el hacinamiento, la proximidad f\u00edsica entre individuos puede facilitar la transmisi\u00f3n directa entre gatos a trav\u00e9s de la saliva por lamido o tos de secreciones respiratorias contaminadas.<\/p>\n<p>Adem\u00e1s, el contacto indirecto con material infeccioso, como las heces de un gato infectado en platos de comida o rascadores que posteriormente son utilizados por gatos no infectados, aumenta el riesgo de propagaci\u00f3n de la PIF en un entorno de hacinamiento como los refugios y las gateras.<\/p>\n<p>Por lo tanto, disponer de un espacio amplio para su(s) gato(s) dom\u00e9stico(s) es primordial para mejorar su bienestar general y aumentar su resistencia a las enfermedades comunes, incluida la infecci\u00f3n por PIF.<\/p>\n<h3>Gen\u00e9tica<\/h3>\n<p>La gen\u00e9tica desempe\u00f1a un papel en la peritonitis infecciosa felina (PIF) y puede convertirse en un indicador importante para determinar su propagaci\u00f3n. Los estudios han indicado que los gatos machos se ven afectados con m\u00e1s frecuencia que las hembras, lo que pone de relieve la posible influencia del sexo en el desarrollo de la PIF y el riesgo de infecci\u00f3n.<\/p>\n<p>Los gatos Birmanos, por ejemplo, han sido fuertemente asociados a ciertos factores gen\u00e9ticos relacionados con la PIF. Tanto los gatos de raza pura como los de raza aleatoria pueden ser susceptibles de contraer el virus a trav\u00e9s del coronavirus o de la transmisi\u00f3n de otro gato afectado, pero los que poseen genes que a veces se manifiestan en razas espec\u00edficas pueden transmitir su mayor riesgo a la descendencia.<\/p>\n<p>En lo que respecta a la cr\u00eda, si uno de los progenitores est\u00e1 infectado por un tipo adecuado de virus v\u00edrico, como el coronavirus ent\u00e9rico felino (FeCV), los gatitos podr\u00edan recibir una hebra que, posteriormente, puede provocarles la PIF, incluso sin contacto con otros animales infectados.<\/p>\n<p>Desgraciadamente, como esta transferencia se produce en el momento de la concepci\u00f3n, hay pocas posibilidades de inhibir los da\u00f1os causados por un gen hereditario, lo que lleva a los propietarios a considerar medios alternativos para mantener a su mascota a salvo de este tipo de enfermedades.<\/p>\n<h3>Estr\u00e9s<\/h3>\n<p>Como propietarios de gatos, es importante ser conscientes de que el estr\u00e9s puede contribuir al desarrollo de la peritonitis infecciosa felina (PIF). Cuando los gatos est\u00e1n estresados debido a un realojamiento, a una cirug\u00eda reciente o a infecciones concurrentes, su respuesta inmunitaria se ve comprometida y se vuelven m\u00e1s propensos a contraer la PIF.<\/p>\n<p>En un entorno de hacinamiento con varios gatos en estrecha proximidad, los niveles de estr\u00e9s pueden aumentar r\u00e1pidamente, lo que debilita a\u00fan m\u00e1s la inmunidad y aumenta la susceptibilidad a la infecci\u00f3n por PIF.<\/p>\n<p>Los padres responsables de gatos pueden tomar medidas para reducir el riesgo de que su mascota desarrolle PIF: asegurarse de que los miembros pac\u00edficos de la familia dispongan de suficiente espacio entre ellos para que no compitan por los recursos; crear una rutina diaria fiable para mantener a raya el estr\u00e9s; proporcionar muchas actividades enriquecedoras, como rascadores y juguetes, que no s\u00f3lo mantienen a los gatos activos f\u00edsicamente, sino tambi\u00e9n mentalmente; ofrecer recompensas peri\u00f3dicas, como golosinas o croquetas, para mostrar aprecio entre las personas.<\/p>\n<p>Por \u00faltimo, aseg\u00farese de que se relaciona con su mascota con regularidad: proporcionarle cari\u00f1o y atenci\u00f3n fomenta el v\u00ednculo afectivo, lo que reduce la sensaci\u00f3n de abandono y hace que menos preocupaciones se manifiesten en s\u00edntomas de estr\u00e9s.<\/p>\n<h3>Estado del sistema inmunitario<\/h3>\n<p>La inmunidad de los gatos desempe\u00f1a un papel importante en el desarrollo de la PIF. Los gatos con sistemas inmunitarios debilitados son m\u00e1s propensos a contraer este virus, mientras que los que tienen sistemas inmunitarios fuertes y funcionales pueden tener una resistencia natural.<\/p>\n<p>La edad es un factor que afecta a la inmunidad del gato y al riesgo de desarrollar PIF, ya que los gatos mayores suelen tener una inmunidad m\u00e1s d\u00e9bil que los m\u00e1s j\u00f3venes, lo que aumenta su susceptibilidad.<\/p>\n<p>Ciertas razas tambi\u00e9n vienen con cantidades variables de fuerza inherente contra los agentes causantes de enfermedades como la PIF. Los gatos de raza pura suelen estar gen\u00e9ticamente predispuestos a ciertas enfermedades, incluida la PIF; sin embargo, algunos gatos dom\u00e9sticos tambi\u00e9n pueden ser resistentes debido a la gen\u00e9tica.<\/p>\n<p>El estr\u00e9s tambi\u00e9n puede reducir la inmunidad, lo que dificulta que el organismo del gatito combata infecciones como la peritonitis infecciosa felina; lo que pueden parecer peque\u00f1os inconvenientes o cambios pueden alterar enormemente las rutinas dom\u00e9sticas y desencadenar fallos en el sistema inmunitario de defensa de tu peludo, lo que puede dejarlo vulnerable.<\/p>\n<p>Se ha descubierto que incluso los guepardos mantenidos en cautividad padecen PIF debido a una deficiencia gen\u00e9tica que inhibe componentes espec\u00edficos de su inmunidad celular y los hace muy susceptibles.<\/p>\n<h2>Conclusi\u00f3n<\/h2>\n<p>La peritonitis infecciosa felina (PIF) no suele considerarse una enfermedad muy contagiosa, aunque puede propagarse por contacto con las heces y por transmisi\u00f3n respiratoria. Las buenas pr\u00e1cticas de higiene son importantes para reducir el riesgo de PIF, mientras que la reducci\u00f3n del estr\u00e9s de los gatos tambi\u00e9n es clave para evitar que el virus mute.<\/p>\n<p>Aunque la PIF no es tan com\u00fan ni tan f\u00e1cil de contagiar como otras enfermedades felinas, sigue siendo algo que merece la pena que tengan en cuenta todos los propietarios de mascotas que deseen conocer la infecci\u00f3n y sus posibles riesgos.<\/p>\n","protected":false},"excerpt":{"rendered":"<p>\u00bfQue es el PIF en gatos, es contagiosa la PIF y c\u00f3mo se transmite? Aunque no es tan contagiosa como otras enfermedades felinas, la PIF sigue siendo un virus infeccioso y todos los propietarios de gatos deben ser conscientes de los riesgos potenciales. La peritonitis infecciosa felina (PIF) suele considerarse menos contagiosa que otras enfermedades [&hellip;]<\/p>\n","protected":false},"author":1,"featured_media":14052,"parent":0,"menu_order":0,"comment_status":"closed","ping_status":"closed","template":"","meta":{"_glsr_average":0,"_glsr_ranking":0,"_glsr_reviews":0,"footnotes":""},"categories":[642],"tags":[],"_links":{"self":[{"href":"https:\/\/fipmed.co\/es\/wp-json\/wp\/v2\/pages\/15401"}],"collection":[{"href":"https:\/\/fipmed.co\/es\/wp-json\/wp\/v2\/pages"}],"about":[{"href":"https:\/\/fipmed.co\/es\/wp-json\/wp\/v2\/types\/page"}],"author":[{"embeddable":true,"href":"https:\/\/fipmed.co\/es\/wp-json\/wp\/v2\/users\/1"}],"replies":[{"embeddable":true,"href":"https:\/\/fipmed.co\/es\/wp-json\/wp\/v2\/comments?post=15401"}],"version-history":[{"count":0,"href":"https:\/\/fipmed.co\/es\/wp-json\/wp\/v2\/pages\/15401\/revisions"}],"wp:featuredmedia":[{"embeddable":true,"href":"https:\/\/fipmed.co\/es\/wp-json\/wp\/v2\/media\/14052"}],"wp:attachment":[{"href":"https:\/\/fipmed.co\/es\/wp-json\/wp\/v2\/media?parent=15401"}],"wp:term":[{"taxonomy":"category","embeddable":true,"href":"https:\/\/fipmed.co\/es\/wp-json\/wp\/v2\/categories?post=15401"},{"taxonomy":"post_tag","embeddable":true,"href":"https:\/\/fipmed.co\/es\/wp-json\/wp\/v2\/tags?post=15401"}],"curies":[{"name":"wp","href":"https:\/\/api.w.org\/{rel}","templated":true}]}}