{"id":15449,"date":"2022-12-02T01:55:02","date_gmt":"2022-12-02T01:55:02","guid":{"rendered":"https:\/\/fipmed.co\/what-to-do-about-cat-abdominal-fluid-caused-by-wet-or-effusive-fip\/"},"modified":"2024-05-02T12:50:56","modified_gmt":"2024-05-02T12:50:56","slug":"que-hacer-con-el-liquido-abdominal-del-gato-causado-por-la-pif-humeda-o-efusiva","status":"publish","type":"page","link":"https:\/\/fipmed.co\/es\/que-hacer-con-el-liquido-abdominal-del-gato-causado-por-la-pif-humeda-o-efusiva\/","title":{"rendered":"Qu\u00e9 hacer con el l\u00edquido abdominal del gato causado por la PIF h\u00fameda o efusiva"},"content":{"rendered":"<h2>La conexi\u00f3n entre la PIF y el l\u00edquido abdominal<\/h2>\n<p>La PIF hace que el l\u00edquido abdominal del gato se acumule en el abdomen, por lo que es importante comprender tanto los signos como las implicaciones.<\/p>\n<h3>C\u00f3mo se acumula l\u00edquido con la PIF<\/h3>\n<p>La peritonitis infecciosa felina (PIF) es un virus grave y generalmente mortal en los gatos. Se produce cuando el coronavirus, que ya habita en el intestino del gato, empieza a replicarse de forma m\u00e1s agresiva y se extiende a otras zonas del cuerpo.<\/p>\n<p>Cuando esto ocurre, se produce una respuesta inflamatoria del sistema inmunitario que conduce a la acumulaci\u00f3n de l\u00edquido en diversos \u00f3rganos, como el abdomen o el t\u00f3rax. La retenci\u00f3n de l\u00edquidos se produce debido al aumento de la permeabilidad de los vasos sangu\u00edneos y a la disminuci\u00f3n del drenaje linf\u00e1tico.<\/p>\n<p>Este proceso tambi\u00e9n afecta al da\u00f1o tisular que conduce a un mayor da\u00f1o celular debido a la fibrosis y a la formaci\u00f3n de col\u00e1geno resultante de la inflamaci\u00f3n cr\u00f3nica.<\/p>\n<p>La hinchaz\u00f3n abdominal causada por la PIF puede ser bastante visible como un agrandamiento alrededor del \u00e1rea del est\u00f3mago que se siente suave pero firme a veces debido a su textura viscosa &#8211; algo parecido al cemento de goma cuando se toca; tambi\u00e9n puede haber motas, hebras o co\u00e1gulos de fibrina vistos dependiendo de cu\u00e1nto tiempo ha estado presente.<\/p>\n<p>Aparte de que su aspecto visual es distinto al de otros tipos de fluidos que se encuentran en el interior de los animales, los cient\u00edficos han podido identificar la glicoprote\u00edna \u00e1cida alfa-1 (AGP), que suele estar elevada en las muestras de suero tomadas tanto en los ex\u00e1menes pre-mortem de los derrames que son m\u00e1s altas de lo esperado en comparaci\u00f3n con los gatos no afectados en circunstancias normales.<\/p>\n<h3>Signos visibles de PIF Efusi\u00f3n<\/h3>\n<p>Los gatos que padecen PIF pueden tener el vientre hinchado, resistirse a la toma de temperatura y parecer inc\u00f3modos cuando se les toca el costado. Tambi\u00e9n debe evaluarse el estado de hidrataci\u00f3n, ya que puede producirse deshidrataci\u00f3n por la hinchaz\u00f3n abdominal grave asociada a las efusiones de la PIF.<\/p>\n<p>Cuando se palpa durante una exploraci\u00f3n f\u00edsica, el l\u00edquido asociado a la PIF suele parecer viscoso, tenaz, pegajoso, espumoso y de color amarillo claro. En algunos casos puede haber incluso motas o filamentos visibles en el l\u00edquido que est\u00e1n relacionados con dep\u00f3sitos de fibrina espec\u00edficos de este proceso patol\u00f3gico; no obstante, es necesario un diagn\u00f3stico preciso mediante m\u00e9todos de an\u00e1lisis de laboratorio como la citolog\u00eda y la serolog\u00eda para confirmar adecuadamente esta enfermedad antes de iniciar el tratamiento.<\/p>\n<h3>Papel en el diagn\u00f3stico y el tratamiento<\/h3>\n<p>Cuando se <a href=\"\/de?page_id=870\" target=\"_blank\" rel=\"noopener\">sospecha de PIF en gatos<\/a>, el l\u00edquido abdominal desempe\u00f1a un papel importante en el diagn\u00f3stico. Una de las formas en que puede ayudar a hacer un diagn\u00f3stico positivo es mediante la realizaci\u00f3n de un procedimiento llamado \u00abcentesis\u00bb o recogida de parte de este l\u00edquido y su an\u00e1lisis en busca de indicios de agentes causantes de infecciones espec\u00edficas de la PIF.<\/p>\n<p>Esto hace que los diagn\u00f3sticos sean m\u00e1s precisos en comparaci\u00f3n con las exploraciones como la tomograf\u00eda computarizada o la ecograf\u00eda que se suelen utilizar para diagnosticar esta enfermedad. El an\u00e1lisis de fluidos permite a los veterinarios detectar la acumulaci\u00f3n de un anticuerpo conocido como ant\u00edgeno del coronavirus felino (FCoV) que tiende a acumularse junto con la ascitis en los casos en que se desarrolla PIF.<\/p>\n<h2>\u00bfCu\u00e1ndo se debe extraer el l\u00edquido abdominal de los gatos con PIF efusiva?<\/h2>\n<p>\u00bfDebe eliminar este l\u00edquido ahora que conoce la causa? Depende. A continuaci\u00f3n incluimos dos situaciones ficticias, junto con las medidas que sugerimos para cada una de ellas.<\/p>\n<p><strong>Escenario I  <\/strong><\/p>\n<p><u>El agrandamiento del abdomen es claramente visible. Su gato, sin embargo, est\u00e1 c\u00f3modamente comiendo, bebiendo y respirando.<\/u><\/p>\n<p>En este caso, no aconsejamos extraer el l\u00edquido. Inicie r\u00e1pidamente el tratamiento con GS-441524 y observar\u00e1 una disminuci\u00f3n del tama\u00f1o de la hinchaz\u00f3n abdominal. Los virus de la PIF son expulsados constantemente del organismo cuando \u00e9ste reabsorbe gradualmente el l\u00edquido del abdomen.<\/p>\n<p>Dado que en esta situaci\u00f3n existe un mayor riesgo de da\u00f1o que de beneficio, no aconsejamos drenar el l\u00edquido del abdomen. El l\u00edquido perdido se recuperar\u00e1 r\u00e1pidamente, a menudo a expensas de la ingesta de prote\u00ednas y la deshidrataci\u00f3n. Evite causar m\u00e1s da\u00f1o al ya delicado sistema de su gato si est\u00e1 comiendo y bebiendo regularmente y no tiene respiraci\u00f3n dificultosa.<\/p>\n<p><strong>Escenario II  <\/strong><\/p>\n<p><u>El agrandamiento causa dificultad para respirar o comer.  <\/u><\/p>\n<p>En este caso, debe extraerse parte del l\u00edquido, pero no todo. Las dificultades respiratorias provocan estr\u00e9s cardiaco, que se manifiesta con una frecuencia cardiaca elevada y latidos del coraz\u00f3n dificultosos. En circunstancias extremas, este estr\u00e9s podr\u00eda provocar un fallo card\u00edaco. La deshidrataci\u00f3n y la depleci\u00f3n proteica ser\u00e1n el resultado de la eliminaci\u00f3n del l\u00edquido abdominal. En este caso, las ventajas de la evacuaci\u00f3n de fluidos superan a los inconvenientes.<\/p>\n<p>Debe tenerse en cuenta que una eliminaci\u00f3n excesiva de l\u00edquido puede provocar un choque peligroso en el sistema de su gato y puede causarle la muerte. En general, se aconseja no extraer m\u00e1s del 30% del l\u00edquido de todo el abdomen. En comparaci\u00f3n con el tratamiento de gatos adultos en su mejor momento, hay que ser m\u00e1s circunspecto al tratar gatitos y gatos mayores con PIF h\u00fameda, drenando menos l\u00edquido.<\/p>\n<p>Tenga en cuenta que, a menos que su gato reciba medicaci\u00f3n antiv\u00edrica GS-441524, el l\u00edquido volver\u00e1 a aparecer.<\/p>\n<p><strong>Notas para la eliminaci\u00f3n:<\/strong><\/p>\n<p>La extracci\u00f3n de l\u00edquido abdominal de los gatos diagnosticados de PIF efusiva est\u00e1 indicada para reducir la hinchaz\u00f3n abdominal y proporcionar alivio al gato. Normalmente, al cabo de una o dos semanas de tratamiento, puede observarse una reducci\u00f3n de la hinchaz\u00f3n abdominal, siempre que se haya eliminado el l\u00edquido.<\/p>\n<p>Si un derrame es lo suficientemente grande, se debe considerar su eliminaci\u00f3n mediante t\u00e9cnicas como la abdominocentesis\/toracocentesis o el drenaje intercostal, tras lo cual se puede inyectar dexametasona en la cavidad tor\u00e1cica o abdominal.<\/p>\n<p>Esto ayudar\u00e1 a reducir la inflamaci\u00f3n asociada a la PIF, lo que mejorar\u00e1 el confort y el pron\u00f3stico del gato. Sin embargo, los periodos de remisi\u00f3n asociados a la extirpaci\u00f3n de derrames suelen ser temporales y los gatos suelen recaer r\u00e1pidamente si no se realiza un seguimiento exhaustivo una vez que han reducido considerablemente sus s\u00edntomas tras el procedimiento.<\/p>\n<h2>M\u00e9todos para reducir la acumulaci\u00f3n de l\u00edquidos<\/h2>\n<p>El drenaje del l\u00edquido asc\u00edtico en la peritonitis infecciosa felina suele conllevar los siguientes procedimientos:<\/p>\n<p>Evaluaci\u00f3n veterinaria: Un veterinario o alguien que trabaje bajo su supervisi\u00f3n debe llevar a cabo la operaci\u00f3n en todo momento. El veterinario examinar\u00e1 f\u00edsicamente al gato, utilizar\u00e1 ultrasonidos o realizar\u00e1 otros procedimientos diagn\u00f3sticos para confirmar la presencia de l\u00edquido asc\u00edtico antes de proceder al tratamiento.<\/p>\n<p>Preparaci\u00f3n previa al procedimiento: Los preparativos preoperatorios incluyen sedar o anestesiar al gato para que est\u00e9 m\u00e1s c\u00f3modo y reducir sus niveles de ansiedad. Afeitar y esterilizar la zona abdominal es una pr\u00e1ctica habitual para prevenir infecciones.<\/p>\n<p>Colocaci\u00f3n de la aguja o el cat\u00e9ter: El veterinario introducir\u00e1 una aguja fina o un cat\u00e9ter a trav\u00e9s de la pared abdominal hasta la cavidad abdominal. Es pr\u00e1ctica com\u00fan emplear la ecograf\u00eda como gu\u00eda para facilitar la colocaci\u00f3n y evitar lesiones involuntarias en los \u00f3rganos internos.<\/p>\n<p>Drenaje del l\u00edquido: El l\u00edquido asc\u00edtico se drena suave y lentamente del abdomen a un recipiente est\u00e9ril. La gravedad de la enfermedad del gato y la cantidad de ascitis determinar\u00e1n la cantidad de l\u00edquido que debe drenarse. Para aliviar la distensi\u00f3n y el dolor en el abdomen, a menudo se contin\u00faa el tratamiento hasta que se ha evacuado un volumen suficiente de l\u00edquido.<\/p>\n<p>Monitorizaci\u00f3n: A los gatos se les monitoriza la frecuencia cardiaca y respiratoria durante todo el tiempo que est\u00e1n en el quir\u00f3fano.<\/p>\n<p>Cuidados posprocedimiento: Cuidados tras el drenaje El veterinario observar\u00e1 atentamente al gato mientras se recupera de la intervenci\u00f3n. Tras una operaci\u00f3n, algunos gatos necesitar\u00e1n analg\u00e9sicos, l\u00edquidos y antibi\u00f3ticos para prevenir infecciones. Es posible vendar o suturar el abdomen para sellar el orificio de punci\u00f3n.<\/p>\n<p>&nbsp;<\/p>\n<h2>Cuidados de apoyo para que el gato est\u00e9 m\u00e1s c\u00f3modo<\/h2>\n<p>Proporcionar cuidados de apoyo a los gatos diagnosticados de PIF es esencial para que el gato est\u00e9 m\u00e1s c\u00f3modo y mejore su calidad de vida. Antibi\u00f3ticos de amplio espectro com\u00fanmente recomendados <a href=\"\/de?page_id=895\" target=\"_blank\" rel=\"noopener\">tratamientos para apoyar a los gatos PIF<\/a>, ya que puede ayudar a reducir la inflamaci\u00f3n y controlar las infecciones secundarias.<\/p>\n<p>Los l\u00edquidos subcut\u00e1neos tambi\u00e9n son importantes para garantizar que el gato se mantiene hidratado y contribuye a mantener una condici\u00f3n corporal \u00f3ptima. Se pueden utilizar remedios caseros como el pur\u00e9 de calabaza o los probi\u00f3ticos para aliviar algunos de los <a href=\"\/de?page_id=899\" target=\"_blank\" rel=\"noopener\">s\u00edntomas<\/a> como la diarrea asociada a los casos de PIF.<\/p>\n<p>Tambi\u00e9n es importante proporcionar cuidados de apoyo incluso si no se encuentra derrame durante un procedimiento diagn\u00f3stico, lo que suele ocurrir en algunos casos de peritonitis infecciosa felina efusiva.<\/p>\n<p>Esto podr\u00eda incluir el uso de fluidos intravenosos para mantener los niveles de hidrataci\u00f3n cuando falla la rehidrataci\u00f3n oral, as\u00ed como estimulantes del apetito o suplementos nutricionales que pueden ser prescritos por un veterinario nutricionista en funci\u00f3n de sus necesidades individuales Adem\u00e1s, un profesional veterinario experimentado controlar\u00e1 cualquier hinchaz\u00f3n presente en el abdomen de su gato, ya que esto puede indicar una acumulaci\u00f3n de l\u00edquido debido a condiciones de salud subyacentes asociadas a la PIF.<\/p>\n<p>&nbsp;<\/p>\n","protected":false},"excerpt":{"rendered":"<p>La conexi\u00f3n entre la PIF y el l\u00edquido abdominal La PIF hace que el l\u00edquido abdominal del gato se acumule en el abdomen, por lo que es importante comprender tanto los signos como las implicaciones. C\u00f3mo se acumula l\u00edquido con la PIF La peritonitis infecciosa felina (PIF) es un virus grave y generalmente mortal en [&hellip;]<\/p>\n","protected":false},"author":11,"featured_media":2115,"parent":0,"menu_order":0,"comment_status":"closed","ping_status":"closed","template":"","meta":{"_glsr_average":0,"_glsr_ranking":0,"_glsr_reviews":0,"footnotes":""},"categories":[642],"tags":[608,451],"_links":{"self":[{"href":"https:\/\/fipmed.co\/es\/wp-json\/wp\/v2\/pages\/15449"}],"collection":[{"href":"https:\/\/fipmed.co\/es\/wp-json\/wp\/v2\/pages"}],"about":[{"href":"https:\/\/fipmed.co\/es\/wp-json\/wp\/v2\/types\/page"}],"author":[{"embeddable":true,"href":"https:\/\/fipmed.co\/es\/wp-json\/wp\/v2\/users\/11"}],"replies":[{"embeddable":true,"href":"https:\/\/fipmed.co\/es\/wp-json\/wp\/v2\/comments?post=15449"}],"version-history":[{"count":0,"href":"https:\/\/fipmed.co\/es\/wp-json\/wp\/v2\/pages\/15449\/revisions"}],"wp:featuredmedia":[{"embeddable":true,"href":"https:\/\/fipmed.co\/es\/wp-json\/wp\/v2\/media\/2115"}],"wp:attachment":[{"href":"https:\/\/fipmed.co\/es\/wp-json\/wp\/v2\/media?parent=15449"}],"wp:term":[{"taxonomy":"category","embeddable":true,"href":"https:\/\/fipmed.co\/es\/wp-json\/wp\/v2\/categories?post=15449"},{"taxonomy":"post_tag","embeddable":true,"href":"https:\/\/fipmed.co\/es\/wp-json\/wp\/v2\/tags?post=15449"}],"curies":[{"name":"wp","href":"https:\/\/api.w.org\/{rel}","templated":true}]}}