{"id":15465,"date":"2022-12-02T07:50:40","date_gmt":"2022-12-02T07:50:40","guid":{"rendered":"https:\/\/fipmed.co\/nutritional-supplements-for-cats-with-fip\/"},"modified":"2024-05-02T12:37:22","modified_gmt":"2024-05-02T12:37:22","slug":"suplementos-nutricionales-para-gatos-con-pif","status":"publish","type":"page","link":"https:\/\/fipmed.co\/es\/suplementos-nutricionales-para-gatos-con-pif\/","title":{"rendered":"Suplementos nutricionales para gatos con PIF"},"content":{"rendered":"<p>Se recomienda dar a su gato vitaminas y suplementos para mantener sanos y fuertes el ri\u00f1\u00f3n y el h\u00edgado durante el proceso de <a href=\"https:\/\/fipmed.co\/fip-treatment\/\" target=\"_blank\" rel=\"noopener\">tratamiento de la PIF<\/a>. Unos \u00f3rganos internos sanos aumentan la capacidad del cuerpo para resistir las infecciones y recuperarse de las enfermedades. Actualmente no se conocen efectos secundarios adversos cuando se administran vitaminas y suplementos nutricionales para gatos junto con GS-441524 durante los tratamientos de la PIF.<\/p>\n<h2><strong>Vitaminas para gatos<\/strong><\/h2>\n<p><a href=\"\/?page_id=907\" target=\"_blank\" rel=\"noopener\">Vitamina B12<\/a>: Las inyecciones subcut\u00e1neas de vitamina B12 son muy seguras y pueden administrarse semanalmente a los gatos para ayudarles a combatir la anemia y reforzar su sistema inmunitario.<\/p>\n<p>Con Pet Tinic o un producto comparable, puede administrarse una ayuda vitam\u00ednica diaria.<\/p>\n<p>La vitamina B12 suele encontrarse en alimentos de origen animal, como la carne, el pescado, los huevos y el h\u00edgado.<\/p>\n<p>Sin embargo, un gato con <a href=\"\/?page_id=14932\" target=\"_blank\" rel=\"noopener\">PIF<\/a> agotar\u00e1 r\u00e1pidamente sus reservas, por lo que necesitar\u00e1 reponerlas.<\/p>\n<p>La vitamina B12 contribuye a la producci\u00f3n y el mantenimiento de los gl\u00f3bulos rojos.<\/p>\n<ul>\n<li>La vitamina B12 preserva la salud del sistema neurol\u00f3gico (c\u00e9lulas nerviosas y mielinizaci\u00f3n normal, las vainas grasas que recubren y protegen las terminaciones nerviosas). Para los procesos nerviosos y cognitivos, es crucial.<\/li>\n<li>La vitamina B12 mantiene la salud de los intestinos para garantizar una adecuada digesti\u00f3n y absorci\u00f3n de los alimentos, as\u00ed como el metabolismo de las grasas y los hidratos de carbono.<\/li>\n<\/ul>\n<h2><strong>Suplementos nutricionales para gatos con PIF<\/strong><\/h2>\n<p><strong>Gabapentina<\/strong>: Analg\u00e9sico suave que puede tomarse por v\u00eda oral entre 60 y 90 minutos antes de las inyecciones. Cuando se administra correctamente, esto s\u00f3lo disminuir\u00e1 temporalmente la molestia de la inyecci\u00f3n sin hacer que su gato se sienta somnoliento o sedado.<\/p>\n<p><strong>Crema de lidoca\u00edna<\/strong>: Puede frotarse sobre la piel del gato 30 minutos antes de inyectarle GS441 para atenuar el escozor. Utilice s\u00f3lo la loci\u00f3n sin aloe, ya que los gatos son extremadamente t\u00f3xicos para el aloe.<\/p>\n<p><strong>Corteza<\/strong> de olmo resbaladizo: El jarabe hecho de corteza de olmo resbaladizo es una cura totalmente natural para las n\u00e1useas, los v\u00f3mitos y otras afecciones.<\/p>\n<p><strong>Denamarin<\/strong>: El suplemento de h\u00edgado para gatos Denamarin Comprimidos aumenta los niveles de antioxidantes.<\/p>\n<p><strong>Silimarina (cardo mariano):<\/strong> Utilice este suplemento natural, muy conocido por su capacidad para fortalecer y preservar el h\u00edgado, para mejorar la salud hep\u00e1tica de su gato.<\/p>\n<p><u>Se recomienda que, cuando se trate la PIF con GS411, se administre a su gato Denamarin o Silymarin para proporcionarle el m\u00e1ximo apoyo hep\u00e1tico.<\/u><\/p>\n<h2><strong>No administrar L-lisina a los gatos con FIP<\/strong><\/h2>\n<p>Aunque la L-lisina se utiliza con frecuencia para el herpesvirus felino y como refuerzo del sistema inmunitario, nuevas investigaciones han demostrado que no tiene ventajas claras. Adem\u00e1s, los gatos FCoV+, los gatos con riesgo de desarrollar PIF y los gatos con PIF no deben tomar L-lisina.<\/p>\n<h2><strong>Moducare y el sistema inmunitario<\/strong><\/h2>\n<p>La inmunidad es clave. La mejor l\u00ednea de protecci\u00f3n contra cualquier enfermedad es un sistema inmunitario fuerte. Es crucial crear y mantener un sistema inmunitario fuerte. Cuando es necesario, Moducare ayuda a ajustar la respuesta del sistema inmunitario.<\/p>\n<h2><strong>Nutrici\u00f3n del gato con PIF<\/strong><\/h2>\n<p>Alimente a los gatos con FIP unas cuantas sardinas, salm\u00f3n, sardinas u otro pescado rico en omega 3 Aumente la ingesta de \u00e1cidos grasos omega 3 antiinflamatorios de la dieta del gato. El aut\u00e9ntico pescado est\u00e1 disponible en las comidas enlatadas de Applaws y Almo Nature. No obstante, hay que tener en cuenta el riesgo de hipervitaminosis A (formaci\u00f3n excesiva de hueso en las articulaciones) y volver a examinar la situaci\u00f3n al cabo de 6 semanas si se alimenta demasiado pescado aut\u00e9ntico.<\/p>\n<p>No olvide proporcionar al tutor del gato instrucciones sobre c\u00f3mo cambiar gradualmente el alimento a lo largo de varias semanas; de lo contrario, el gato engullir\u00e1 el nuevo alimento durante unos d\u00edas antes de hartarse de \u00e9l y no volver a tocarlo. Dar un alimento nuevo en una comida, volver a la dieta habitual del gato en las siguientes comidas, volver a ofrecer una peque\u00f1a cantidad del alimento nuevo, y as\u00ed sucesivamente, aumentando gradualmente la frecuencia de los alimentos nuevos, hasta que servir un alimento diferente en cada comida se convierta en una rutina para el gato. Se necesitar\u00e1 al menos un mes para introducir eficazmente nuevas comidas.<\/p>\n<p>La dieta cruda, como la carne de vacuno cruda, tambi\u00e9n est\u00e1 llena de nutrientes que el gato necesita. Proporcionar carne cruda (la mejor es la de vacuno) en cada comida. Contiene muchas propiedades antiinflamatorias y refuerza el sistema inmunitario de su gato<\/p>\n<h2><strong>VITAMINAS adicionales que pueden administrarse a los gatos con PIF<\/strong><\/h2>\n<p><strong>Vitamina A (opcional)  <\/strong><\/p>\n<p>La vitamina A es un antioxidante. No es necesario administrar suplementos de vitamina A a los gatos que comen pescado con frecuencia. Los gatos no pueden metabolizar el betacaroteno, por lo que deben recibir vitamina A en forma de pescado o aceite de pescado, como el aceite de h\u00edgado de flet\u00e1n. Es preferible incluir pescado real en la dieta en lugar de meros suplementos. La hipervitaminosis A, sin embargo, provocar\u00e1 una excesiva sedimentaci\u00f3n \u00f3sea en las articulaciones, por lo que debe evitarse su uso constante durante m\u00e1s de 4-6 semanas.<\/p>\n<p><strong>Complejo vitam\u00ednico B (opcional)  <\/strong><\/p>\n<p>La multivitamina B es un buen estimulante del apetito, que puede adquirirse en farmacias o tiendas de diet\u00e9tica. Tiamina, una vitamina B1 (opcional &#8211; si no se da complejo B) administrada por v\u00eda oral (es decir, por boca o en la comida).<\/p>\n<p><strong>Vitamina C (\u00e1cido asc\u00f3rbico) (opcional)  <\/strong><\/p>\n<p>La vitamina C es un antioxidante. La vitamina C s\u00f3lo debe utilizarse durante unas pocas semanas, ya que puede producir cristales de oxalato en la orina si se toma durante un periodo prolongado. Dosis: 125 miligramos administrados por v\u00eda oral o a trav\u00e9s de los alimentos dos veces al d\u00eda.<\/p>\n<p>Teniendo todo esto en cuenta, los propietarios de gatos deber\u00edan estar m\u00e1s abiertos a la idea de dar suplementos a sus gatos para ayudarles durante el proceso de tratamiento de la PIF, ya que estos diferentes suplementos pueden ayudar a la salud de sus gatos. Sin embargo, hay que tener en cuenta que no todos los suplementos est\u00e1n totalmente exentos de riesgos, ya que pueden tener resultados diferentes en funci\u00f3n de la dosis del suplemento y del f\u00edsico de cada gato.<\/p>\n","protected":false},"excerpt":{"rendered":"<p>Se recomienda dar a su gato vitaminas y suplementos para mantener sanos y fuertes el ri\u00f1\u00f3n y el h\u00edgado durante el proceso de tratamiento de la PIF. Unos \u00f3rganos internos sanos aumentan la capacidad del cuerpo para resistir las infecciones y recuperarse de las enfermedades. Actualmente no se conocen efectos secundarios adversos cuando se administran [&hellip;]<\/p>\n","protected":false},"author":11,"featured_media":2305,"parent":0,"menu_order":0,"comment_status":"closed","ping_status":"closed","template":"","meta":{"_glsr_average":0,"_glsr_ranking":0,"_glsr_reviews":0,"footnotes":""},"categories":[642],"tags":[477,451],"_links":{"self":[{"href":"https:\/\/fipmed.co\/es\/wp-json\/wp\/v2\/pages\/15465"}],"collection":[{"href":"https:\/\/fipmed.co\/es\/wp-json\/wp\/v2\/pages"}],"about":[{"href":"https:\/\/fipmed.co\/es\/wp-json\/wp\/v2\/types\/page"}],"author":[{"embeddable":true,"href":"https:\/\/fipmed.co\/es\/wp-json\/wp\/v2\/users\/11"}],"replies":[{"embeddable":true,"href":"https:\/\/fipmed.co\/es\/wp-json\/wp\/v2\/comments?post=15465"}],"version-history":[{"count":0,"href":"https:\/\/fipmed.co\/es\/wp-json\/wp\/v2\/pages\/15465\/revisions"}],"wp:featuredmedia":[{"embeddable":true,"href":"https:\/\/fipmed.co\/es\/wp-json\/wp\/v2\/media\/2305"}],"wp:attachment":[{"href":"https:\/\/fipmed.co\/es\/wp-json\/wp\/v2\/media?parent=15465"}],"wp:term":[{"taxonomy":"category","embeddable":true,"href":"https:\/\/fipmed.co\/es\/wp-json\/wp\/v2\/categories?post=15465"},{"taxonomy":"post_tag","embeddable":true,"href":"https:\/\/fipmed.co\/es\/wp-json\/wp\/v2\/tags?post=15465"}],"curies":[{"name":"wp","href":"https:\/\/api.w.org\/{rel}","templated":true}]}}