{"id":15481,"date":"2022-12-02T08:18:10","date_gmt":"2022-12-02T08:18:10","guid":{"rendered":"https:\/\/fipmed.co\/b12-vitamins-for-cats-with-fip-are-important-for-recovery\/"},"modified":"2024-05-02T07:13:05","modified_gmt":"2024-05-02T07:13:05","slug":"las-vitaminas-b12-para-gatos-con-pif-son-importantes-para-la-recuperacion-2","status":"publish","type":"page","link":"https:\/\/fipmed.co\/es\/las-vitaminas-b12-para-gatos-con-pif-son-importantes-para-la-recuperacion-2\/","title":{"rendered":"Las vitaminas B12 para gatos con PIF son importantes para la recuperaci\u00f3n"},"content":{"rendered":"<p>Cuando se cuida de un gato afectado de peritonitis infecciosa felina (PIF), mantener un cuidado adecuado de su salud es un factor muy importante. Esto se ampl\u00eda a las vitaminas para gatos, y una importante que tambi\u00e9n tienen los gatos es la vitamina B12. En este art\u00edculo explicaremos la importancia de la vitamina B12 para los gatos.<\/p>\n<h2><strong>\u00bfQu\u00e9 es la vitamina B12?<\/strong><\/h2>\n<p>Cobalamina es otro t\u00e9rmino para la vitamina B12, que es el nombre colectivo de una clase de sustancias con acci\u00f3n vitam\u00ednica B12. Estas sustancias destacan por su concentraci\u00f3n de 4,5% de cobalto, lo que les da el nombre de \u00abcobalamina\u00bb (cobalto + vitamina).<\/p>\n<h2><strong>\u00bfDe d\u00f3nde procede?<\/strong><\/h2>\n<p>Los alimentos de origen animal, como la carne, el pescado, los huevos y el h\u00edgado, son fuentes de B12. Sin embargo, un <a href=\"\/?page_id=893\">gato con PIF probablemente necesite suplementos<\/a>.<\/p>\n<h2><strong>\u00bfQu\u00e9 hace la B12?<\/strong><\/h2>\n<p>La vitamina B12 cumple una serie de funciones, todas ellas cruciales para un sistema inmunitario fuerte:<\/p>\n<ul>\n<li>La vitamina B12 favorece la producci\u00f3n de gl\u00f3bulos rojos (el desarrollo y mantenimiento de los gl\u00f3bulos rojos). Para detener la anemia, los niveles de B12 deben ser adecuados.<\/li>\n<li>La vitamina B12 preserva la salud del sistema nervioso (c\u00e9lulas nerviosas y mielinizaci\u00f3n normal, las vainas grasas que recubren y protegen las terminaciones nerviosas). Para los procesos nerviosos y cognitivos, es crucial.<\/li>\n<li>La vitamina B12 mantiene la salud de los intestinos para garantizar una adecuada digesti\u00f3n y absorci\u00f3n de los alimentos, as\u00ed como el metabolismo de las grasas y los hidratos de carbono. Los intestinos necesitan B12 para funcionar a pleno rendimiento, pero no pueden absorberla (de los alimentos) si est\u00e1n da\u00f1ados o enfermos, por lo que se crea un peque\u00f1o dilema.<\/li>\n<\/ul>\n<h2><strong>\u00bfCu\u00e1les son los s\u00edntomas de la carencia de vitamina B12?<\/strong><\/h2>\n<p>Los s\u00edntomas cl\u00ednicos de una carencia de vitamina B12 incluyen diarrea, molestias abdominales, n\u00e1useas, v\u00f3mitos, p\u00e9rdida de apetito, s\u00edndrome de mala absorci\u00f3n, estre\u00f1imiento, gases, p\u00e9rdida de peso, agotamiento y letargo. Algunos de los s\u00edntomas enumerados aqu\u00ed son efectos secundarios bastante comunes de la PIF y son muy conocidos. La salud de su gato puede mejorar si consume suficiente B12.<\/p>\n<p>Adem\u00e1s, el deterioro cognitivo y la debilidad de las extremidades est\u00e1n relacionados con la insuficiencia de B12. De nuevo, cuando la PIF afecta al sistema neurol\u00f3gico, suelen observarse s\u00edntomas similares.<\/p>\n<ol>\n<li><strong>El ciclo del agotamiento.<\/strong><\/li>\n<\/ol>\n<p>El tracto gastrointestinal es uno de los muchos procesos del organismo que se ven afectados por la enfermedad inflamatoria PIF. Con frecuencia se ven afectados el p\u00e1ncreas, el bazo y el h\u00edgado. Las reservas de B12 del h\u00edgado se agotar\u00e1n r\u00e1pidamente si su sistema inmunitario est\u00e1 comprometido. Un ciclo de deterioro de la deficiencia de B12 es el resultado de la escasez de B12 en el h\u00edgado, que tambi\u00e9n provoca la contracci\u00f3n de las c\u00e9lulas intestinales y la p\u00e9rdida de nutrientes (incluida la propia B12). Este es el dilema que abordamos anteriormente en este art\u00edculo.<\/p>\n<ol start=\"2\">\n<li><strong>El riesgo inminente de anemia.<\/strong><\/li>\n<\/ol>\n<p>La producci\u00f3n de gl\u00f3bulos rojos de su gato se ve obstaculizada, lo que provoca anemia. La falta de B12 inhibe y reduce la capacidad del organismo para producir sangre y aumenta la apoptosis de las c\u00e9lulas sangu\u00edneas. En otras palabras, su gato se vuelve an\u00e9mico cuando los niveles de B12 caen en picado. La capacidad de su gato para resistir la enfermedad (o cualquier otra cosa) disminuye significativamente una vez que se pone an\u00e9mico.<\/p>\n<ol start=\"3\">\n<li><strong>Mayor debilitamiento de la resistencia inmunitaria contra la PIF.<\/strong><\/li>\n<\/ol>\n<p>Es crucial subrayar que unos niveles bajos de vitamina B12 hacen a las personas m\u00e1s susceptibles a infecciones y enfermedades y son muy perjudiciales para el sistema nervioso, lo que puede provocar problemas neurol\u00f3gicos y da\u00f1os nerviosos graves y quiz\u00e1 irreversibles. En realidad, la carencia de cobalamina es una causa frecuente de encefalopat\u00eda metab\u00f3lica, uno de los diversos tipos de encefalopat\u00eda ligados a una enfermedad primaria (como la PIF) que deteriora los procesos de la barrera hematoencef\u00e1lica y el funcionamiento normal del cerebro. Letargo, tristeza, ataxia, anorexia y v\u00f3mitos ocasionales son algunos de los vagos indicios cl\u00ednicos que, en situaciones graves, pueden causar enfermedades neurol\u00f3gicas y ceguera en los gatos.<\/p>\n<p>Se sabe que los gatos con PIF suelen tener anemia o estar a punto de tenerla, y algunos muestran s\u00edntomas neurol\u00f3gicos de la enfermedad. Otro componente de la trampa es que su gato puede ser menos capaz de almacenar cantidades suficientes de B12 como resultado de la PIF, lo que podr\u00eda empeorar los s\u00edntomas de la enfermedad. A menos que detengas este ciclo y a\u00f1adas las vitaminas cr\u00edticas, no hay forma de ganar.<\/p>\n<h2><strong>Formas de que el gato obtenga B12 artificialmente<\/strong><\/h2>\n<p><strong>Inyecciones de B12.<\/strong><\/p>\n<p>En la mayor\u00eda de los pa\u00edses, la cobalamina es f\u00e1cilmente accesible sin receta m\u00e9dica. Para gatos de hasta 5 kg de peso corporal, se aconseja una inyecci\u00f3n subcut\u00e1nea de 250 g de cobalamina. Aconsejamos inyecciones semanales para los gatos con PIF hasta que la anemia desaparezca y los valores de gl\u00f3bulos rojos se estabilicen. Adem\u00e1s, la B12 puede administrarse mediante tratamiento con l\u00edquido subcut\u00e1neo. Es posible que a su gato le resulte m\u00e1s c\u00f3modo este procedimiento, ya que las inyecciones de B12 duelen.<\/p>\n<p><strong>Suplementos orales de vitamina B12.<\/strong><\/p>\n<p>Debe tomarse metilcobalamina, ya que mejora notablemente el rendimiento hep\u00e1tico. Los gatos pueden tomar suplementos de B12 que se comercializan para personas. 500mcg (0,5mg) al d\u00eda ser\u00eda una excelente dosis inicial, sin embargo se puede dar hasta el doble de esa cantidad. Aunque pueda parecer elevado, en realidad s\u00f3lo se absorbe una peque\u00f1a parte. Piense en tomar un suplemento multivitam\u00ednico dise\u00f1ado para gatos que tambi\u00e9n contenga hierro (para la anemia).<\/p>\n<p><strong>Nutrici\u00f3n.<\/strong><\/p>\n<p>No infravalore las fuentes naturales de B12; si puede, d\u00e9 a su gato aproximadamente una cucharada de carne fresca, h\u00edgado o pescado al d\u00eda. Los snacks pueden incluso gustarle a tu gato, y un poco rinde mucho.<\/p>\n<h2><strong>Beneficios de la vitamina B12: vitaminas para gatos<\/strong><\/h2>\n<p>La vitamina B12 contribuye a la formaci\u00f3n de gl\u00f3bulos rojos (desarrollo y mantenimiento de los gl\u00f3bulos rojos).<\/p>\n<p>Para detener la anemia, los niveles de B12 deben ser adecuados.<\/p>\n<p>La vitamina B12 preserva la salud del sistema neurol\u00f3gico (c\u00e9lulas nerviosas y mielinizaci\u00f3n normal, las vainas grasas que recubren y protegen las terminaciones nerviosas).<\/p>\n<p>Para los procesos nerviosos y cognitivos, es crucial.<\/p>\n<p>La vitamina B12 favorece la salud intestinal para una mejor digesti\u00f3n y absorci\u00f3n de los alimentos, as\u00ed como el metabolismo de las grasas y los carbohidratos.<\/p>\n<h2><strong>10 signos de carencia de vitamina B12<\/strong><\/h2>\n<ol>\n<li>N\u00e1useas<\/li>\n<li>V\u00f3mitos<\/li>\n<li>Falta de apetito<\/li>\n<li>Problemas de absorci\u00f3n de los alimentos<\/li>\n<li>Estre\u00f1imiento<\/li>\n<li>Gas<\/li>\n<li>P\u00e9rdida de peso<\/li>\n<li>Fatiga\/ Letargo<\/li>\n<li>Dolor de est\u00f3mago<\/li>\n<li>Diarrea<\/li>\n<\/ol>\n<h2><strong>Dosis de vitaminas para gatos B12 durante el tratamiento de la PIF<\/strong><\/h2>\n<p>Cada semana, hasta 250-500 microgramos (mcg) para gatos maduros que no est\u00e9n an\u00e9micos.<\/p>\n<p>Para conocer la dosis adecuada para gatitos, consulte a su veterinario.<\/p>\n<p>Puede ser necesario administrar a los gatos con anemia grave hasta 1000 mcg cada semana. GS-441524 con vitamina B12 sola podr\u00eda no ser adecuada en casos de anemia grave. Podr\u00eda ser esencial administrar inyecciones semanales adicionales de B12. Hable con su veterinario.<\/p>\n<h2><strong>C\u00e1lculo de la dosis cuando se utiliza GS-441524 + B12<\/strong><\/h2>\n<p>Con o sin vitamina B12, la dosis de GS-441524 es la misma.<\/p>\n<p><strong>Ejemplo: Un gato de 3 kg al que se le ha diagnosticado la <a href=\"\/?page_id=897\">forma H\u00daMEDA<\/a> de la PIF.  <\/strong><\/p>\n<p>La dosis para la PIF en su forma h\u00fameda es de 6 mg\/kg. La inyecci\u00f3n diaria de 0,9 ml de GS-441524 equivale a 3 kg x 6 mg\/kg 20 mg\/ml. La dosis diaria recomendada de vitamina B12 es de 45mcg (0,9ml x 50mcg\/ml). Este gato recibir\u00e1 315 mcg de vitamina B12 cada semana.<\/p>\n<h2><strong>Por qu\u00e9 los gatos con PIF necesitan vitamina B12  <\/strong><\/h2>\n<p><strong>Alto riesgo de anemia.<\/strong><\/p>\n<p>Durante una enfermedad de PIF, los gatos suelen desarrollar anemia. Una carencia de vitamina B12 acelera el deterioro de las c\u00e9lulas sangu\u00edneas y limita la capacidad natural del organismo para crear sangre nueva. Los gatos con niveles bajos de vitamina B12 se vuelven an\u00e9micos. La capacidad de los gatos para resistir el virus de la PIF y otras infecciones se reduce significativamente una vez que se vuelven an\u00e9micos.<\/p>\n<p><strong>Sistema inmunitario debilitado.<\/strong><\/p>\n<p>Unos niveles inadecuados de vitamina B12 aumentan la vulnerabilidad del organismo a infecciones y enfermedades y son especialmente perjudiciales para el sistema nervioso de los gatos. Esto hace que los s\u00edntomas neurol\u00f3gicos se manifiesten m\u00e1s r\u00e1pidamente y pueden provocar da\u00f1os nerviosos graves o irreparables. Una enfermedad primaria (como la PIF) que interfiere con el funcionamiento normal del cerebro y los sistemas de barrera hematoencef\u00e1lica es una causa com\u00fan de encefalopat\u00eda, que incluye la encefalopat\u00eda metab\u00f3lica, uno de los varios tipos de encefalopat\u00eda. La deficiencia de vitamina B12 es una de las principales causas de esta encefalopat\u00eda. Letargo, tristeza, ataxia, anorexia y v\u00f3mitos ocasionales son algunos de los vagos indicios cl\u00ednicos que, en situaciones graves, pueden causar enfermedades neurol\u00f3gicas y ceguera en los gatos.<\/p>\n<p>Est\u00e1 bien documentado que los gatos infectados por el FIPV presentan con frecuencia anemia o s\u00edntomas similares a la anemia. Muchas personas presentan signos neurol\u00f3gicos. Este es un ejemplo del cl\u00e1sico bucle de retroalimentaci\u00f3n negativa: La infecci\u00f3n por PIF se desarrolla m\u00e1s r\u00e1pidamente cuando los niveles de B12 son inadecuados. La PIF dificulta que los gatos mantengan suficiente B12 en su organismo.<\/p>\n<p><strong>R\u00e1pido agotamiento de los nutrientes<\/strong><\/p>\n<p>Dado que la PIF es una enfermedad inflamatoria, puede da\u00f1ar el h\u00edgado, el tracto gastrointestinal, el p\u00e1ncreas y el bazo cuando se diagnostica a un gato. El h\u00edgado agota r\u00e1pidamente su B12 almacenada cuando el sistema inmunitario se ve comprometido. Cuando los niveles de B12 en el h\u00edgado son bajos, las c\u00e9lulas intestinales se encogen y el organismo tiene problemas para absorber los nutrientes. Esto desencadenar\u00e1 un bucle que empeorar\u00e1 la escasez de B12.<\/p>\n<h2><strong>PREGUNTAS M\u00c1S FRECUENTES<\/strong><\/h2>\n<p><strong>\u00bfC\u00f3mo puede la vitamina B12 mejorar el bienestar general de mi gato?<\/strong><\/p>\n<p>Pueden utilizarse an\u00e1lisis hematol\u00f3gicos, qu\u00edmicos y\/o sangu\u00edneos para evaluar la evoluci\u00f3n de la salud de su gato. Sin embargo, deber\u00eda observar ajustes en el comportamiento rutinario de su gato, como m\u00e1s vigor, menos tendencias let\u00e1rgicas y m\u00e1s hambre. Es crucial tener en cuenta que los gatos no pueden comprender su enfermedad ni las razones que la provocan. Lo \u00fanico de lo que son conscientes es de una sensaci\u00f3n generalizada de estar enfermos. Su r\u00e9gimen de tratamiento puede beneficiarse del uso de B12 para reducir su sufrimiento y mejorar su calidad de vida.<\/p>\n<p><strong>\u00bfPuede la vitamina B12 ayudar a curar la PIF?<\/strong><\/p>\n<p>No. No la hay. La B12 NO es un <a href=\"https:\/\/fipmed.co\/\">tratamiento para la PIF<\/a>. Pero ayuda al sistema inmunitario de su gato a realizar tareas vitales. Necesitas toda la ayuda posible si quieres dar a tu gato la oportunidad de luchar contra el virus. Si no toma todas las precauciones para aumentar sus probabilidades de \u00e9xito, no puede esperar alcanzar sus objetivos con el tratamiento primario.<\/p>\n<p>En conclusi\u00f3n, la gesti\u00f3n de la PIF implica algo m\u00e1s que proporcionar un tratamiento primario, como PI, FOI, etc. Como guardi\u00e1n del gato, es su responsabilidad mantener y mejorar el sistema inmunitario para ofrecerle las mejores posibilidades de sobrevivir. No es una tarea f\u00e1cil, dada la magnitud y gravedad de la PIF. Lo \u00fanico que podemos hacer los propietarios es utilizar todas las armas a nuestro alcance para luchar todo lo que podamos. En este conflicto, cada ventaja cuenta, y la B12 es un arma crucial. Nunca se sabe qu\u00e9 acci\u00f3n aparentemente insignificante, pero importante en \u00faltima instancia, puede marcar finalmente una diferencia sustancial. D\u00e9 a su gato la oportunidad de triunfar.<\/p>\n<p><strong>\u00bfPor qu\u00e9 puede necesitar un gatito una inyecci\u00f3n de B12?<\/strong><\/p>\n<p>Los gatos ingieren la vitamina B12 de forma natural a trav\u00e9s de la comida. Por desgracia, muchos gatitos tienen problemas en el intestino para absorber correctamente los nutrientes y pueden sufrir r\u00e1pidamente una carencia de B12. Por ello, es posible que los gatitos no se beneficien de los suplementos orales; en su lugar, una vitamina inyectable ser\u00e1 una forma m\u00e1s fiable de garantizarlo.<\/p>\n<p>Una inyecci\u00f3n de vitamina B12 puede ser beneficiosa para los gatitos con las afecciones enumeradas a continuaci\u00f3n como componente de su r\u00e9gimen de cuidados de apoyo:<\/p>\n<ul>\n<li>Molestias abdominales<\/li>\n<li>Malabsorci\u00f3n<\/li>\n<li>Inappetance<\/li>\n<li>Diarrea<\/li>\n<li>Estre\u00f1imiento<\/li>\n<li>Estado let\u00e1rgico<\/li>\n<li>P\u00e9rdida de peso<\/li>\n<li>V\u00f3mitos<\/li>\n<li>Anemia<\/li>\n<li>PIF<\/li>\n<li>Panleucopenia<\/li>\n<\/ul>\n<p>Aunque la vitamina B12 no puede resolver estos problemas por s\u00ed sola, puede ayudar a mantener los sistemas inmunol\u00f3gico y digestivo del gatito durante el tratamiento y la recuperaci\u00f3n.<\/p>\n<p><strong>Suministros necesarios<\/strong><\/p>\n<ul>\n<li>B12 inyectable suministrada por el veterinario<\/li>\n<li>Jeringa Sterilez 1cc<\/li>\n<li>Agujas de 25 g<\/li>\n<li>Dispensador de objetos punzantes<\/li>\n<\/ul>\n<p>Aunque la vitamina B12 no ayuda directamente a que un gato mejore de su enfermedad PIF, puede ayudar reforzando el sistema inmunitario de su gato, y puede ayudar indirectamente a que un gato se recupere de la enfermedad. Por ello, cada vez m\u00e1s propietarios de gatos deber\u00edan saberlo y darles B12 con frecuencia para mejorar su estado, tanto si est\u00e1n sanos como enfermos.<\/p>\n","protected":false},"excerpt":{"rendered":"<p>Cuando se cuida de un gato afectado de peritonitis infecciosa felina (PIF), mantener un cuidado adecuado de su salud es un factor muy importante. Esto se ampl\u00eda a las vitaminas para gatos, y una importante que tambi\u00e9n tienen los gatos es la vitamina B12. En este art\u00edculo explicaremos la importancia de la vitamina B12 para [&hellip;]<\/p>\n","protected":false},"author":11,"featured_media":2457,"parent":0,"menu_order":0,"comment_status":"closed","ping_status":"closed","template":"","meta":{"_glsr_average":0,"_glsr_ranking":0,"_glsr_reviews":0,"footnotes":""},"categories":[642],"tags":[451,583,581,582,580],"_links":{"self":[{"href":"https:\/\/fipmed.co\/es\/wp-json\/wp\/v2\/pages\/15481"}],"collection":[{"href":"https:\/\/fipmed.co\/es\/wp-json\/wp\/v2\/pages"}],"about":[{"href":"https:\/\/fipmed.co\/es\/wp-json\/wp\/v2\/types\/page"}],"author":[{"embeddable":true,"href":"https:\/\/fipmed.co\/es\/wp-json\/wp\/v2\/users\/11"}],"replies":[{"embeddable":true,"href":"https:\/\/fipmed.co\/es\/wp-json\/wp\/v2\/comments?post=15481"}],"version-history":[{"count":0,"href":"https:\/\/fipmed.co\/es\/wp-json\/wp\/v2\/pages\/15481\/revisions"}],"wp:featuredmedia":[{"embeddable":true,"href":"https:\/\/fipmed.co\/es\/wp-json\/wp\/v2\/media\/2457"}],"wp:attachment":[{"href":"https:\/\/fipmed.co\/es\/wp-json\/wp\/v2\/media?parent=15481"}],"wp:term":[{"taxonomy":"category","embeddable":true,"href":"https:\/\/fipmed.co\/es\/wp-json\/wp\/v2\/categories?post=15481"},{"taxonomy":"post_tag","embeddable":true,"href":"https:\/\/fipmed.co\/es\/wp-json\/wp\/v2\/tags?post=15481"}],"curies":[{"name":"wp","href":"https:\/\/api.w.org\/{rel}","templated":true}]}}