{"id":15497,"date":"2022-12-02T07:39:47","date_gmt":"2022-12-02T07:39:47","guid":{"rendered":"https:\/\/fipmed.co\/when-fip-vaccine-doesnt-work-preventions-for-cats-getting-fip\/"},"modified":"2024-05-09T11:11:54","modified_gmt":"2024-05-09T11:11:54","slug":"vacuna-pif-gatos-y-otras-formas-de-evitar-que-los-gatos-la-contraigan","status":"publish","type":"page","link":"https:\/\/fipmed.co\/es\/vacuna-pif-gatos-y-otras-formas-de-evitar-que-los-gatos-la-contraigan\/","title":{"rendered":"Vacuna PIF gatos y otras formas de evitar que los gatos la contraigan"},"content":{"rendered":"<p>La peritonitis infecciosa felina (PIF) es un virus incurable y a menudo mortal que afecta a menos del uno por ciento de los gatos. Actualmente no se conoce ninguna vacuna PIF gatos que funcione sistem\u00e1ticamente.<\/p>\n<p>Por ello, evitar que los gatos contraigan la enfermedad es muy importante, dada la falta de medicaci\u00f3n sistem\u00e1tica. Los propietarios de gatos deben estar atentos, ya que son responsables de la salud de sus gatos, especialmente si poseen muchos de ellos a la vez.<\/p>\n<p>Una de las enfermedades m\u00e1s dif\u00edciles de comprender es la PIF. El diagn\u00f3stico, la gesti\u00f3n y la prevenci\u00f3n de esta enfermedad seguir\u00e1n siendo objeto de debate.<\/p>\n<p>Es dudoso que podamos evitar la PIF porque todav\u00eda hay mucho que desconocemos sobre ella y porque el coronavirus se transfiere f\u00e1cilmente a muchos gatos en todo el mundo. Aunque existe una vacuna contra la PIF, no hay pruebas de que pueda prevenir la enfermedad, por lo que actualmente no se aconseja.<\/p>\n<h1>Comprender la PIF y la necesidad de vacunaci\u00f3n<\/h1>\n<p>La PIF es un virus peligroso que puede causar enfermedades graves en los gatos y que requiere vacunaciones para evitar su propagaci\u00f3n.<\/p>\n<h2>\u00bfQu\u00e9 es la PIF?<\/h2>\n<p>La PIF, o peritonitis infecciosa felina, es una infecci\u00f3n v\u00edrica que afecta a los gatos y est\u00e1 causada por determinadas cepas del coronavirus felino. Es una enfermedad extremadamente contagiosa entre los gatos y se propaga r\u00e1pidamente a trav\u00e9s del contacto directo con la saliva, la orina, las heces y la ropa de cama de los gatos infectados.<\/p>\n<p>Como a menudo es dif\u00edcil de diagnosticar debido a su complejidad, la PIF puede afectar sin previo aviso tanto a gatos de raza pura como a gatos de raza aleatoria, sobre todo a gatitos j\u00f3venes. Dependiendo de la gravedad de los s\u00edntomas, el tratamiento de la PIF puede incluir cuidados de apoyo como antibi\u00f3ticos y analg\u00e9sicos, as\u00ed como medidas m\u00e1s intensivas como la administraci\u00f3n de l\u00edquidos por v\u00eda intravenosa o directamente en el abdomen si es necesario.<\/p>\n<p>Aunque todav\u00eda no existe una cura garantizada para la PIF, la vacunaci\u00f3n contra la enfermedad puede reducir su riesgo en gatos susceptibles.<\/p>\n<h2>\u00bfPor qu\u00e9 es importante vacunarse contra la PIF?<\/h2>\n<p>La PIF es una enfermedad v\u00edrica potencialmente mortal de los gatos causada por el coronavirus FCoV. Una vez que un gato desarrolla la PIF, la tasa de mortalidad es casi segura. La vacunaci\u00f3n contra este virus puede ayudar a proteger a los gatos de la infecci\u00f3n y, en \u00faltima instancia, de la muerte por PIF.<\/p>\n<p>A pesar de la eficacia limitada de las vacunas actuales disponibles para el tratamiento, vacunar a los gatos contra este virus letal podr\u00eda reducir su incidencia de forma significativa si se hace correctamente con una administraci\u00f3n eficaz de la vacuna, as\u00ed como con vacunaciones de seguimiento seg\u00fan el protocolo est\u00e1ndar.<\/p>\n<p>Los gatos deben ser vacunados regularmente y vigilados de cerca para garantizar que la inmunizaci\u00f3n se tiene en cuenta a la hora de evaluar los factores de riesgo asociados a las infecciones o a la exposici\u00f3n debida a las diferentes condiciones ambientales que pueden encontrar en su d\u00eda a d\u00eda, al tiempo que se reducen las inyecciones de antivirales que ser\u00edan necesarias si el gato no hubiera sido vacunado en absoluto.<\/p>\n<h1>Tipos de vacuna PIF gatos<\/h1>\n<p>Actualmente, la \u00fanica vacuna contra la PIF disponible en el mercado es Vanguard\u00ae Feline FIP Intranasal.<\/p>\n<h2>Vanguard\u00ae Feline FIP Intranasal<\/h2>\n<p>es una vacuna intranasal no adyuvada desarrollada para ayudar a proteger a los gatos de 16 semanas o m\u00e1s frente a la peritonitis infecciosa felina (PIF). La PIF est\u00e1 causada por el virus de la peritonitis infecciosa felina (VPIF) y puede causar complicaciones graves, incluso la muerte.<\/p>\n<p>Esta vacuna se administra por v\u00eda intranasal con dos dosis separadas por 3-4 semanas para una protecci\u00f3n \u00f3ptima contra la PIF. Los estudios han revelado que los gatos vacunados con la forma sensible a la temperatura del FIPV presentaban una protecci\u00f3n mensurable frente a la enfermedad que los no vacunados.<\/p>\n<p>Adem\u00e1s, Vanguard\u00ae tambi\u00e9n ofrece una forma inyectable de esta vacuna para la prevenci\u00f3n tanto en gatos de camada como en gatos adultos a partir de las 16 semanas de edad. Vacunar a su gato contra la PIF le proporciona una protecci\u00f3n esencial contra un virus potencialmente mortal; sin embargo, es s\u00f3lo un componente de la protecci\u00f3n de la salud de su gato, por lo que deben tomarse tambi\u00e9n otras precauciones para salvaguardar su bienestar, como reducir los niveles de estr\u00e9s, proporcionarle una alimentaci\u00f3n adecuada y extremar las precauciones cuando lo aloje en criaderos o refugios donde pueda entrar en contacto con otros animales portadores de enfermedades transmisibles.<\/p>\n<h1>Beneficios y riesgos de la vacunaci\u00f3n contra la PIF<\/h1>\n<p>Vacunar a su gato contra la PIF puede ser una forma eficaz de protegerlo de este peligroso virus, pero es importante conocer tanto los posibles beneficios como los riesgos asociados a la vacuna.<\/p>\n<h2>Beneficios de la vacunaci\u00f3n contra la PIF<\/h2>\n<ul>\n<li>Protecci\u00f3n frente a las enfermedades causadas por los coronavirus felinos, como las infecciones por PIF y FCoV.<\/li>\n<li>Reducci\u00f3n del riesgo de transmisi\u00f3n de enfermedades de gato a gato.<\/li>\n<li>Mejora de la calidad de vida de los gatos afectados por infecciones por PIF y FCoV mediante la prevenci\u00f3n.<\/li>\n<li>Aumenta la longevidad gracias a la reducci\u00f3n de la gravedad o incluso la curaci\u00f3n potencial de los casos de PIF cuando se vacuna.<\/li>\n<\/ul>\n<h2>Riesgos de la vacunaci\u00f3n contra la PIF (potenciaci\u00f3n dependiente de anticuerpos)<\/h2>\n<p>La vacunaci\u00f3n contra la PIF puede conllevar riesgos asociados a la potenciaci\u00f3n dependiente de anticuerpos (ADE), un proceso por el cual los complejos anticuerpo-virus potencian la infecci\u00f3n. Se ha demostrado que la propia FIPV presenta un efecto ADE en presencia de anticuerpos anti-FIPV, lo que ha suscitado preocupaci\u00f3n durante el desarrollo de vacunas relacionadas.<\/p>\n<ol>\n<li>Reacciones viscerotr\u00f3picas anormales que condujeron a la muerte<\/li>\n<li>Infecciones persistentes que no se eliminaron eficazmente con la revacunaci\u00f3n<\/li>\n<li>Aumento de la tasa de mortalidad postvacunal en comparaci\u00f3n con las tasas prevacunales<\/li>\n<li>Alteraci\u00f3n de la distribuci\u00f3n de pat\u00f3genos al comparar animales no infectados y vacunados<\/li>\n<\/ol>\n<h1>Otras formas de proteger a su gato de la PIF<\/h1>\n<p>Hay medidas sencillas que puede tomar a diario para mantener a su gato seguro y sano, como reducir los niveles de estr\u00e9s, mantener una nutrici\u00f3n adecuada y tomar precauciones adicionales cuando se aloja.<\/p>\n<p>La Asociaci\u00f3n Americana de Veterinarios Felinos no aconseja la vacuna contra la PIF, a pesar de su existencia. Cuando tienen edad suficiente (16 semanas de edad) para recibir la vacuna, la mayor\u00eda de los gatos ya habr\u00e1n estado expuestos al coronavirus felino, lo que hace que la vacuna sea menos eficaz.<\/p>\n<p>A continuaci\u00f3n se ofrecen algunos ejemplos de t\u00e1cticas de prevenci\u00f3n para reducir el riesgo de exposici\u00f3n al coronavirus felino, pero tenga en cuenta que no detendr\u00e1n la PIF.<\/p>\n<ul>\n<li>Mant\u00e9n los cuencos del agua y la comida bien alejados del arenero.<\/li>\n<li>Utilice cajas de arena \u00fanicas para cada gato, m\u00e1s una adicional.<\/li>\n<li>Utilice lej\u00eda diluida para limpiar los espacios vitales y los comederos y bebederos (1 parte de lej\u00eda por 32 de agua).<\/li>\n<li>Para disminuir la tensi\u00f3n, ofrezca enriquecimiento ambiental (como juguetes rompecabezas y perchas para gatos).<\/li>\n<li>No tenga m\u00e1s de tres gatos en cada habitaci\u00f3n si tiene muchos gatos para evitar el hacinamiento<\/li>\n<\/ul>\n<p>Los gatos con PIF padecen una enfermedad rara, complicada y gravemente letal. Lleve a su gato al veterinario lo antes posible si empieza a mostrar s\u00edntomas de la enfermedad.<\/p>\n<p>Cuando se aleja a los gatitos de las fuentes de infecci\u00f3n, los anticuerpos producidos por la madre les protegen contra la infecci\u00f3n hasta el destete, que suele producirse en torno a las 5-7 semanas de edad. El FCoV es un virus muy contagioso, por lo que su protecci\u00f3n exige una limpieza estricta.<\/p>\n<h2>Reducir el estr\u00e9s<\/h2>\n<p>Reducir el estr\u00e9s de los gatos es una de las formas m\u00e1s eficaces de protegerlos frente al desarrollo de la peritonitis infecciosa felina (PIF). El estr\u00e9s puede debilitar su sistema inmunitario y aumentar el riesgo de contraer enfermedades como la PIF.<\/p>\n<p>Vivir en un entorno abarrotado o ca\u00f3tico, un cambio extremo de rutina, estar rodeado de personas o animales desconocidos, el dolor f\u00edsico y el malestar son fuentes habituales de estr\u00e9s felino.<\/p>\n<p>Los gatos que viven en hogares con varios gatos o en refugios son m\u00e1s propensos a tener mayores niveles de estr\u00e9s debido al hacinamiento. Por lo tanto, es importante que el propietario le proporcione un entorno enriquecedor, con muchos escondites y momentos de paz y tranquilidad, lejos de los ni\u00f1os y otros animales dom\u00e9sticos.<\/p>\n<p>Adem\u00e1s, hacer que su gato participe en juegos interactivos con juguetes como pelotas o varitas le ayuda a mantenerse activo sin causar un esfuerzo innecesario a su cuerpo o mente. Instalar difusores de feromonas por la casa tambi\u00e9n puede ayudar a crear una atm\u00f3sfera tranquilizadora dise\u00f1ada espec\u00edficamente para reducir la ansiedad de los gatos, record\u00e1ndoles que est\u00e1n seguros en casa.<\/p>\n<h2>Proporcionar una nutrici\u00f3n adecuada<\/h2>\n<p>La clave para mantener sano a su gato y reducir el riesgo de PIF es proporcionarle una dieta equilibrada y rica en nutrientes. La nutrici\u00f3n de los gatos debe incluir \u00e1cidos grasos esenciales, prote\u00ednas, fibra, agua y vitaminas, entre otros minerales y micronutrientes.<\/p>\n<p>Algunos de estos nutrientes vitales pueden obtenerse a trav\u00e9s de alimentos como verduras como el br\u00f3coli o las zanahorias, que contienen vitamina A para la salud ocular, o las lentejas y el aceite de pescado, que contienen omega-3 que ayudan al sistema inmunitario, evitando al mismo tiempo los alimentos procesados para gatos llenos de aditivos.<\/p>\n<p>Comer productos ecol\u00f3gicos siempre que sea posible contribuir\u00e1 en gran medida a cubrir todas las necesidades diet\u00e9ticas diarias y a evitar la adici\u00f3n de compuestos t\u00f3xicos que podr\u00edan afectar al bienestar general del felino.<\/p>\n<p>Tambi\u00e9n pueden ser necesarios otros suplementos si los gatos no cubren sus necesidades nutricionales diarias s\u00f3lo con las comidas habituales. Por ejemplo, si los gatos son propensos a tener niveles bajos de energ\u00eda, puede ser necesario administrarles un suplemento de hierro para evitar la fatiga y darles m\u00e1s energ\u00eda para mantenerse activos durante todo el d\u00eda.<\/p>\n<p>&nbsp;<\/p>\n<h2>Precauciones de embarque<\/h2>\n<p>Una higiene adecuada y evitar el hacinamiento son estrategias clave para ayudar a minimizar la transmisi\u00f3n de la PIF en situaciones de internamiento. Para proteger a su gato, aseg\u00farese de que la residencia est\u00e9 limpia y bien mantenida.<\/p>\n<p>El saneamiento debe formar parte habitual de su protocolo de limpieza, incluida la desinfecci\u00f3n peri\u00f3dica de todas las superficies y el cumplimiento estricto de los protocolos de lavado de manos por parte de los empleados. Adem\u00e1s, es importante evitar el hacinamiento; los gatos deben alojarse individualmente o en peque\u00f1os grupos durante su estancia para reducir las posibilidades de transmisi\u00f3n del virus de un animal a otro.<\/p>\n<p>Cuando piense en un centro de acogida, pregunte c\u00f3mo se gestionan estas precauciones in situ: podr\u00eda suponer la diferencia entre mantener a salvo a su mascota sana o exponerla a una enfermedad muy contagiosa.<\/p>\n<h2><strong>Precauci\u00f3n adicional para los hogares con varios gatos<\/strong><\/h2>\n<p>Dado que los gatos con PIF suelen proceder de familias con varios gatos (m\u00e1s de 5), refugios de animales o criaderos, el estr\u00e9s puede ser un factor contribuyente.<\/p>\n<p>Separe a los gatos con PIF de otros gatos y l\u00e1vese las manos con frecuencia, sobre todo despu\u00e9s de barrer o limpiar la caja de arena del gato enfermo. Los veterinarios aconsejan a los propietarios que esperen aproximadamente un mes tras el fallecimiento de un gato con PIF antes de traer un nuevo gato a casa para reducir el riesgo de exposici\u00f3n al FCoV.<\/p>\n<p>Los veterinarios aconsejan esperar al menos tres meses tras la muerte de un gato con PIF en un hogar con varios gatos para ver si alg\u00fan otro gato del hogar presenta s\u00edntomas de PIF. Estos gatos han estado expuestos al FCoV y pueden ser portadores del virus, lo que les convierte en un riesgo para cualquier nuevo gato que entre en casa.<\/p>\n<p>El FCoV puede eliminarse limpiando con lej\u00eda diluida (1 parte de lej\u00eda por 32 de agua). Tenga siempre en casa una caja de arena adicional para cada gato. Si tienes tres gatos, por ejemplo, necesitas disponer de al menos cuatro cajas de arena.<\/p>\n<p>Se ha demostrado que mejorar el h\u00e1bitat de su gato puede reducir el estr\u00e9s. Catios, \u00e1rboles y perchas para gatos de interior, perchas para ventanas, el uso de una feromona como Feliway, fuentes de agua, juguetes para gatos, rompecabezas de comida y mucho m\u00e1s est\u00e1n incluidos en esto.<\/p>\n<h2><\/h2>\n<h2>Conclusi\u00f3n<\/h2>\n<p>No todos los gatos expuestos al coronavirus de la PIF contraer\u00e1n la enfermedad. Seg\u00fan las estimaciones, entre el 8 y el 20% de los gatos expuestos al virus y en colonias de gatos donde se sabe que existe esta enfermedad manifestar\u00edan s\u00edntomas cl\u00ednicos de PIF. Los gatos restantes podr\u00edan desarrollar una inmunidad a la enfermedad o simplemente no responder a ella. Se desconoce por qu\u00e9 s\u00f3lo un peque\u00f1o porcentaje de los gatos expuestos al virus contraen la enfermedad.<\/p>\n<p>Es bien sabido que la principal defensa del organismo del gato contra la PIF es la respuesta inmunitaria mediada por c\u00e9lulas. Los gatos con una inmunidad celular deficiente pueden ser m\u00e1s propensos a padecer esta enfermedad. El mecanismo de defensa humoral (anticuerpos) parece desempe\u00f1ar un papel en algunas muertes de felinos, ya que amplifica los da\u00f1os causados por el virus de la PIF.<\/p>\n<p>Se ha descubierto que la \u00fanica vacuna disponible contra la PIF tiene una eficacia inferior al 100% y, en general, no se recomienda para los gatos como medida preventiva. Por lo tanto, la prevenci\u00f3n de la PIF deber\u00eda implicar minimizar el estr\u00e9s y unas pr\u00e1cticas higi\u00e9nicas adecuadas tanto en casa como durante el alojamiento\/viaje con gatos.<\/p>\n<p>Aunque los avances m\u00e9dicos han creado nuevas opciones que permiten albergar esperanzas en la lucha contra la PIF, los propietarios responsables de animales de compa\u00f1\u00eda deben permanecer vigilantes para limitar la exposici\u00f3n de sus mascotas a los riesgos asociados a este virus.<\/p>\n<p>&nbsp;<\/p>\n","protected":false},"excerpt":{"rendered":"<p>La peritonitis infecciosa felina (PIF) es un virus incurable y a menudo mortal que afecta a menos del uno por ciento de los gatos. Actualmente no se conoce ninguna vacuna PIF gatos que funcione sistem\u00e1ticamente. Por ello, evitar que los gatos contraigan la enfermedad es muy importante, dada la falta de medicaci\u00f3n sistem\u00e1tica. Los propietarios [&hellip;]<\/p>\n","protected":false},"author":11,"featured_media":2286,"parent":0,"menu_order":0,"comment_status":"closed","ping_status":"closed","template":"","meta":{"_glsr_average":0,"_glsr_ranking":0,"_glsr_reviews":0,"footnotes":""},"categories":[642],"tags":[491,451,452,492],"_links":{"self":[{"href":"https:\/\/fipmed.co\/es\/wp-json\/wp\/v2\/pages\/15497"}],"collection":[{"href":"https:\/\/fipmed.co\/es\/wp-json\/wp\/v2\/pages"}],"about":[{"href":"https:\/\/fipmed.co\/es\/wp-json\/wp\/v2\/types\/page"}],"author":[{"embeddable":true,"href":"https:\/\/fipmed.co\/es\/wp-json\/wp\/v2\/users\/11"}],"replies":[{"embeddable":true,"href":"https:\/\/fipmed.co\/es\/wp-json\/wp\/v2\/comments?post=15497"}],"version-history":[{"count":0,"href":"https:\/\/fipmed.co\/es\/wp-json\/wp\/v2\/pages\/15497\/revisions"}],"wp:featuredmedia":[{"embeddable":true,"href":"https:\/\/fipmed.co\/es\/wp-json\/wp\/v2\/media\/2286"}],"wp:attachment":[{"href":"https:\/\/fipmed.co\/es\/wp-json\/wp\/v2\/media?parent=15497"}],"wp:term":[{"taxonomy":"category","embeddable":true,"href":"https:\/\/fipmed.co\/es\/wp-json\/wp\/v2\/categories?post=15497"},{"taxonomy":"post_tag","embeddable":true,"href":"https:\/\/fipmed.co\/es\/wp-json\/wp\/v2\/tags?post=15497"}],"curies":[{"name":"wp","href":"https:\/\/api.w.org\/{rel}","templated":true}]}}