{"id":17094,"date":"2024-03-25T06:01:34","date_gmt":"2024-03-25T06:01:34","guid":{"rendered":"https:\/\/fipmed.co\/8-enfermedades-similares-al-fip-que-podrian-ser-confundidas-como-felina-peritonitis-infecciosa-fip\/"},"modified":"2024-05-08T11:49:05","modified_gmt":"2024-05-08T11:49:05","slug":"8-enfermedades-similares-a-la-pif-enfermedad-gatos","status":"publish","type":"page","link":"https:\/\/fipmed.co\/es\/8-enfermedades-similares-a-la-pif-enfermedad-gatos\/","title":{"rendered":"8 Enfermedades Similares a la PIF Enfermedad Gatos que podr\u00edan confundirse con la Peritonitis Infecciosa Felina (PIF)"},"content":{"rendered":"<p><strong>La PIF Enfermedad Gatos presenta s\u00edntomas muy similares a los de muchas enfermedades<\/strong><\/p>\n<p>El diagn\u00f3stico de la peritonitis infecciosa felina (PIF) puede ser muy dif\u00edcil, ya que muchos de sus s\u00edntomas son compartidos con enfermedades similares a la PIF que podr\u00edan confundirse con la PIF enfermedad gatos. Esto incluye p\u00e9rdida de peso, debilidad, letargo, fiebre, anorexia y lesiones oculares.<\/p>\n<p>Dado que estas afecciones son de naturaleza tan similar, es importante consultar a un veterinario para obtener un diagn\u00f3stico correcto. Adem\u00e1s, el coronavirus felino (FCoV), que se ha relacionado con la PIF, suele encontrarse en gatos, incluso en los que est\u00e1n sanos.<\/p>\n<p>Otro reto del diagn\u00f3stico son los efectos sist\u00e9micos del virus. Puede provocar inflamaci\u00f3n en todo el cuerpo y afectar a m\u00faltiples \u00f3rganos. El virus se dirige a varias partes del sistema inmunitario del gato, como el tejido linf\u00e1tico, los vasos sangu\u00edneos y las c\u00e9lulas de varios \u00f3rganos. Esto provoca una inflamaci\u00f3n sist\u00e9mica que afecta a numerosas zonas del cuerpo.<\/p>\n<p>Esta afectaci\u00f3n multiorg\u00e1nica puede causar muchos signos y s\u00edntomas, como aumento del tama\u00f1o de los ganglios linf\u00e1ticos o del abdomen, p\u00e9rdida de apetito, reducci\u00f3n del nivel de actividad o fiebre, lo que dificulta enormemente el diagn\u00f3stico preciso.<\/p>\n<p>Un diagn\u00f3stico err\u00f3neo puede dar lugar a un tratamiento incorrecto que cause m\u00e1s complicaciones de salud. En algunos casos, los gatos pueden incluso no mostrar signos cl\u00ednicos antes de entrar en fases m\u00e1s avanzadas de la PIF, por lo que un examen f\u00edsico rutinario no ser\u00e1 suficiente para su identificaci\u00f3n durante las fases iniciales.<\/p>\n<p>&nbsp;<\/p>\n<p><strong>El virus FCoV est\u00e1 presente en casi todos los gatos<\/strong><\/p>\n<p>El coronavirus felino (FCoV) es un virus com\u00fan que se encuentra en gatos de todo el mundo, aunque puede aparecer en diferentes proporciones seg\u00fan el entorno. Se estima que hasta el 80% de los gatos han estado expuestos al FCoV y pueden ser portadores del virus sin mostrar signos o s\u00edntomas cl\u00ednicos.<\/p>\n<p>Sin embargo, cuando est\u00e1 presente en grandes cantidades, puede causar infecciones como la PIF. Por este motivo, los expertos coinciden en que es importante que los propietarios de gatos con varios gatos -especialmente los que viven en criaderos o refugios, donde la tasa de transmisi\u00f3n de la enfermedad puede ser elevada- vigilen y rastreen cuidadosamente este virus.<\/p>\n<p>Adem\u00e1s, cabe destacar que los gatos salvajes tambi\u00e9n son portadores del FCoV, lo que sugiere su propagaci\u00f3n global, ya sea por contacto directo entre especies o por contagio ambiental a trav\u00e9s de heces o part\u00edculas de polvo infectadas rastreadas por aves y peque\u00f1os mam\u00edferos que habitan territorios similares.<\/p>\n<p>&nbsp;<\/p>\n<p><strong>Las comorbilidades con PIF tambi\u00e9n son muy frecuentes<\/strong><\/p>\n<p>Entre las comorbilidades comunes de la PIF se incluyen la toxoplasmosis, FELV, FIV, FPV, enfermedad inflamatoria intestinal, c\u00e1ncer, infecci\u00f3n por micoplasma hemotr\u00f3fico felino, linfoma, problemas card\u00edacos e inflamaci\u00f3n hep\u00e1tica.<\/p>\n<p>Dado que la PIF puede coexistir con otras enfermedades infecciosas, esto complica a\u00fan m\u00e1s las cosas a la hora de llegar a una conclusi\u00f3n diagn\u00f3stica precisa.<\/p>\n<p>\u00c9stas son las enfermedades que presentan s\u00edntomas similares a los de la PIF y que a menudo se confunden con \u00e9sta.<\/p>\n<h3><\/h3>\n<h3>Toxoplasmosis<\/h3>\n<p>La toxoplasmosis est\u00e1 causada por el par\u00e1sito Toxoplasma gondii, que puede infectar tanto a humanos como a gatos. Este virus es tan com\u00fan como el FCoV en los gatos. Esta enfermedad puede causar s\u00edntomas generales como fiebre, p\u00e9rdida de apetito y letargo, que tambi\u00e9n aparecen en la PIF. Los gatos tambi\u00e9n pueden presentar manifestaciones neurol\u00f3gicas similares a la PIF.<\/p>\n<p>La toxoplasmosis suele diagnosticarse err\u00f3neamente como PIF debido a la similitud de los s\u00edntomas. La reactivaci\u00f3n latente de toxoplasma en gatos puede complicar a\u00fan m\u00e1s el diagn\u00f3stico.<\/p>\n<h3><\/h3>\n<h3>FELV<\/h3>\n<p>El virus de la leucemia felina es un retrovirus que puede provocar inmunosupresi\u00f3n en los gatos, mientras que la PIF es una enfermedad inmunomediada causada por una forma mutante del coronavirus felino. El FeLV puede predisponer a los gatos a muchas otras enfermedades, incluida la PIF.<\/p>\n<p>En ambas enfermedades, los virus se eliminan en la saliva, las secreciones nasales, la orina, las heces y la leche de los gatos infectados. La transmisi\u00f3n del virus de gato a gato puede producirse por una herida de mordedura, durante el acicalamiento mutuo y a trav\u00e9s del uso compartido de cajas de arena y platos de comida.<\/p>\n<p>Los gatos con FeLV pueden llevar una vida normal durante periodos prolongados. El tiempo medio de supervivencia de los gatos tras el diagn\u00f3stico de FeLV es de 2,5 a\u00f1os, mientras que la PIF progresa mucho m\u00e1s r\u00e1pidamente sin tratamiento.<\/p>\n<h3><\/h3>\n<h3>FIV<\/h3>\n<p>El VIF est\u00e1 causado por el virus de la inmunodeficiencia felina, que afecta al sistema inmunitario del gato. Es similar al VIH humano en muchos aspectos.<\/p>\n<p>El VIF los hace m\u00e1s susceptibles a otras infecciones, y se transmite principalmente a trav\u00e9s de mordeduras y contacto estrecho con gatos infectados. Ambas enfermedades afectan al gato de forma sist\u00e9mica. El VIF compromete el sistema inmunitario de los gatos, mientras que la PIF ataca al organismo a trav\u00e9s de la inflamaci\u00f3n.<\/p>\n<p>Ambas enfermedades tambi\u00e9n son contagiosas. Mientras que el VIF no es curable, el PIF puede curarse con GS441524.<\/p>\n<h3><\/h3>\n<h3>FPV<\/h3>\n<p>El virus de la panleucopenia felina (VPF) y la peritonitis infecciosa felina (PIF) son enfermedades v\u00edricas que pueden afectar a los gatos. Como tales, sus presentaciones cl\u00ednicas tambi\u00e9n pueden ser similares.<\/p>\n<p>Los s\u00edntomas asociados a una infecci\u00f3n por FPV pueden incluir fiebre, letargo, v\u00f3mitos o diarrea, como ocurre con la PIF. Sin embargo, el modo de transmisi\u00f3n de cada virus difiere.<\/p>\n<p>El FPV s\u00f3lo puede transmitirse a trav\u00e9s del contacto con heces contaminadas, mientras que las infecciones relacionadas con la PIF parecen requerir el contacto directo entre gatos o la transferencia indirecta a trav\u00e9s de la cama o los platos de comida.<\/p>\n<h3><\/h3>\n<h3>Enfermedad inflamatoria intestinal<\/h3>\n<p>La enfermedad inflamatoria intestinal (EII) y la PIF son enfermedades felinas graves que pueden presentar s\u00edntomas similares, pero difieren en cuanto a su causa, diagn\u00f3stico y tratamiento.<\/p>\n<p>La EII es un trastorno cr\u00f3nico con inflamaci\u00f3n del tubo digestivo causada por un proceso inmunomediado. Provoca malabsorci\u00f3n, v\u00f3mitos, diarrea y p\u00e9rdida de peso debido al da\u00f1o o irritaci\u00f3n del revestimiento del intestino delgado.<\/p>\n<p>Por otro lado, la PIF est\u00e1 causada por la infecci\u00f3n con determinadas cepas de coronavirus felino como el FeCV. La PIF tambi\u00e9n causa problemas digestivos en la zona intestinal, por lo que produce s\u00edntomas similares a los de la EII.<\/p>\n<h3><\/h3>\n<h3>C\u00e1ncer<\/h3>\n<p>El c\u00e1ncer en los gatos est\u00e1 causado por el crecimiento incontrolado de c\u00e9lulas anormales, a diferencia de la PIF, que est\u00e1 causada por una mutaci\u00f3n del coronavirus felino. Los s\u00edntomas del c\u00e1ncer pueden variar de un tipo a otro y pueden causar bultos, lesiones o secreciones visibles; mientras que la PIF afecta a m\u00faltiples partes debido a la inflamaci\u00f3n en todo el cuerpo, provocando anorexia, fiebre, problemas respiratorios y acumulaci\u00f3n de l\u00edquido en algunos casos.<\/p>\n<h3><\/h3>\n<h3>Micoplasmosis hemotr\u00f3fica felina<\/h3>\n<p>La Micoplasmosis Hemotr\u00f3fica Felina (FHM) y la PIF son dos enfermedades que afectan a los gatos en condiciones similares. Ambos pueden causar inflamaci\u00f3n en el organismo, lo que provoca debilidad, p\u00e9rdida de peso, fiebre, ictericia, deshidrataci\u00f3n y malestar general.<\/p>\n<p>Sin embargo, la PIF est\u00e1 causada por una infecci\u00f3n con un coronavirus felino conocido como FCoV, mientras que la HFM es el resultado de una bacteria infecciosa conocida como micoplasma que reside de forma natural en la garganta de muchos gatos.<\/p>\n<h3><\/h3>\n<h3>Linfoma<\/h3>\n<p>El linfoma y la PIF son dos enfermedades frecuentes en los gatos, que pueden parecer muy similares en cuanto a los s\u00edntomas, ya que ambas provocan la inflamaci\u00f3n de m\u00faltiples partes del cuerpo.<\/p>\n<p>El linfoma es un tipo de c\u00e1ncer que surge del sistema linf\u00e1tico causado por una mutaci\u00f3n maligna, mientras que la PIF es una enfermedad inmunol\u00f3gica asociada al virus Corona que provoca una membrana peritoneal permeable.<\/p>\n<p>Los tratamientos var\u00edan enormemente en funci\u00f3n de si se trata de un linfoma o de una PIF.<\/p>\n<h3><\/h3>\n<h3>Problemas cardiacos<\/h3>\n<p>En lo que respecta a los gatos, la salud cardiaca no debe pasarse por alto, ya que estos animales pueden sufrir varios problemas cardiovasculares. Dado que la PIF suele provocar una inflamaci\u00f3n sist\u00e9mica en el organismo, puede afectar indirectamente al coraz\u00f3n como lo hacen otras afecciones cardiacas, como la miocardiopat\u00eda hipertr\u00f3fica o la insuficiencia cardiaca congestiva.<\/p>\n<p>Es importante reconocer que, aunque ambas enfermedades comparten algunos s\u00edntomas comunes -incluida la p\u00e9rdida de apetito, la p\u00e9rdida de peso y la fiebre-, su funcionamiento es lo suficientemente diferente como para requerir pruebas diagn\u00f3sticas distintas a fin de garantizar un diagn\u00f3stico definitivo de cualquiera de ellas.<\/p>\n<p>Ante un posible problema card\u00edaco, tambi\u00e9n puede ser necesario realizar una serie de pruebas adicionales, como radiograf\u00edas y electrocardiogramas.<\/p>\n<h3><\/h3>\n<h3>Inflamaci\u00f3n hep\u00e1tica<\/h3>\n<p>La inflamaci\u00f3n del h\u00edgado es el mecanismo de defensa natural del organismo contra enfermedades y virus que pueden provocar complicaciones a largo plazo.<\/p>\n<p>Es importante que los propietarios de gatos sepan distinguir la inflamaci\u00f3n hep\u00e1tica de la PIF, ya que suelen presentar s\u00edntomas similares, como inapetencia, letargo, ictericia y disminuci\u00f3n de los niveles de energ\u00eda.<\/p>\n<p>La PIF tambi\u00e9n provoca la inflamaci\u00f3n del h\u00edgado, adem\u00e1s de causar problemas hep\u00e1ticos. Es demasiado f\u00e1cil pensar que se trata s\u00f3lo de un problema hep\u00e1tico, cuando no es as\u00ed.<\/p>\n<h3><\/h3>\n<h3>Peritonitis bacteriana<\/h3>\n<p>Al igual que la PIF, la peritonitis bacteriana es una enfermedad grave y potencialmente mortal para los gatos. Se trata de una inflamaci\u00f3n del revestimiento del abdomen causada por bacterias, con s\u00edntomas que pueden ser muy similares a los de la PIF en funci\u00f3n de lo avanzada que est\u00e9 la enfermedad.<\/p>\n<p>La peritonitis bacteriana suele estar causada por bacterias intestinales, como E. coli o Salmonella, que penetran en los intestinos o en el torrente sangu\u00edneo debido a c\u00e1ncer, enfermedades hep\u00e1ticas, da\u00f1os en las capas protectoras del organismo como los causados por traumatismos (por ejemplo, accidentes de coche), par\u00e1sitos, problemas diet\u00e9ticos como alergias o intolerancias alimentarias y otras infecciones por virus (incluido el virus de la inmunodeficiencia felina) que pueden haber debilitado previamente el sistema inmunitario de los gatos.<\/p>\n<h3><\/h3>\n<h3>Pleuritis bacteriana<\/h3>\n<p>La pleuritis bacteriana es una infecci\u00f3n de la pleura, que es una fina capa de tejido que forma un saco alrededor de cada pulm\u00f3n. Puede producir s\u00edntomas similares a los de la PIF. Ambas enfermedades provocan tos, dificultad para respirar o incluso colapso cuando no se tratan.<\/p>\n<p>Sin embargo, mientras que la PIF suele provocar la inflamaci\u00f3n de m\u00faltiples \u00f3rganos simult\u00e1neamente, la pleuritis bacteriana afecta espec\u00edficamente al tracto respiratorio inferior y puede estar muy localizada en general, aunque requiere un tratamiento r\u00e1pido debido a su naturaleza agresiva.<\/p>\n<p>El diagn\u00f3stico de esta infecci\u00f3n suele implicar la recogida de una muestra de l\u00edquido de la zona de uni\u00f3n de los pulmones con las cavidades corporales o el examen de muestras de tejido tomadas durante una intervenci\u00f3n quir\u00fargica.<\/p>\n<p>El tratamiento de la pleuritis bacteriana suele consistir en antibi\u00f3ticos administrados por v\u00eda intravenosa si es posible, as\u00ed como oxigenoterapia suplementaria y otros tratamientos de apoyo en funci\u00f3n de la gravedad del paciente.<\/p>\n<h3><\/h3>\n<h3>Criptococosis<\/h3>\n<p>La criptococosis, o enfermedad criptoc\u00f3cica, es una infecci\u00f3n f\u00fangica causada por la especie de hongo Cryptococcus neoformans, que puede encontrarse en el suelo y en los excrementos de las aves. Los s\u00edntomas de ambas enfermedades son bastante similares: p\u00e9rdida de peso, fiebre, anorexia y letargo.<\/p>\n<p>Los signos de problemas neurol\u00f3gicos, como la inclinaci\u00f3n de la cabeza y la ataxia, tambi\u00e9n pueden aparecer con la criptococosis.<\/p>\n","protected":false},"excerpt":{"rendered":"<p>La PIF Enfermedad Gatos presenta s\u00edntomas muy similares a los de muchas enfermedades El diagn\u00f3stico de la peritonitis infecciosa felina (PIF) puede ser muy dif\u00edcil, ya que muchos de sus s\u00edntomas son compartidos con enfermedades similares a la PIF que podr\u00edan confundirse con la PIF enfermedad gatos. Esto incluye p\u00e9rdida de peso, debilidad, letargo, fiebre, [&hellip;]<\/p>\n","protected":false},"author":1,"featured_media":16814,"parent":0,"menu_order":0,"comment_status":"closed","ping_status":"closed","template":"","meta":{"_glsr_average":0,"_glsr_ranking":0,"_glsr_reviews":0,"footnotes":""},"categories":[684],"tags":[],"_links":{"self":[{"href":"https:\/\/fipmed.co\/es\/wp-json\/wp\/v2\/pages\/17094"}],"collection":[{"href":"https:\/\/fipmed.co\/es\/wp-json\/wp\/v2\/pages"}],"about":[{"href":"https:\/\/fipmed.co\/es\/wp-json\/wp\/v2\/types\/page"}],"author":[{"embeddable":true,"href":"https:\/\/fipmed.co\/es\/wp-json\/wp\/v2\/users\/1"}],"replies":[{"embeddable":true,"href":"https:\/\/fipmed.co\/es\/wp-json\/wp\/v2\/comments?post=17094"}],"version-history":[{"count":0,"href":"https:\/\/fipmed.co\/es\/wp-json\/wp\/v2\/pages\/17094\/revisions"}],"wp:featuredmedia":[{"embeddable":true,"href":"https:\/\/fipmed.co\/es\/wp-json\/wp\/v2\/media\/16814"}],"wp:attachment":[{"href":"https:\/\/fipmed.co\/es\/wp-json\/wp\/v2\/media?parent=17094"}],"wp:term":[{"taxonomy":"category","embeddable":true,"href":"https:\/\/fipmed.co\/es\/wp-json\/wp\/v2\/categories?post=17094"},{"taxonomy":"post_tag","embeddable":true,"href":"https:\/\/fipmed.co\/es\/wp-json\/wp\/v2\/tags?post=17094"}],"curies":[{"name":"wp","href":"https:\/\/api.w.org\/{rel}","templated":true}]}}