{"id":17117,"date":"2024-03-25T07:19:57","date_gmt":"2024-03-25T07:19:57","guid":{"rendered":"https:\/\/fipmed.co\/fip-en-gatos-sintomas-segun-tipos-de-fip\/"},"modified":"2024-05-09T09:49:51","modified_gmt":"2024-05-09T09:49:51","slug":"pif-en-gatos-sintomas-segun-tipos-de-fip","status":"publish","type":"page","link":"https:\/\/fipmed.co\/es\/pif-en-gatos-sintomas-segun-tipos-de-fip\/","title":{"rendered":"PIF en gatos: S\u00edntomas seg\u00fan los tipos de PIF"},"content":{"rendered":"<p>Es prudente cuando nos fijamos en PIF en gatos sobre la base de los tipos de PIF. Se incluyen para un diagn\u00f3stico m\u00e1s preciso. Conocer el tipo de PIF puede ayudarte a predecir la gravedad, as\u00ed como las distintas formas de PIF que pueden aparecer, para que no se te escape ning\u00fan s\u00edntoma.<\/p>\n<h1><strong>Signos cl\u00ednicos de PIF seca no efusiva<\/strong><\/h1>\n<p>Los s\u00edntomas t\u00edpicos de esta forma de PIF incluyen letargo, fiebre, anorexia, p\u00e9rdida de peso e ictericia.<\/p>\n<p>&nbsp;<\/p>\n<h2><strong>Letargo<\/strong><\/h2>\n<p>El letargo suele ser uno de los signos cl\u00ednicos asociados a la peritonitis infecciosa felina. Puede aparecer en gatos de forma no efusiva, efusiva u ocular y puede ser un signo de que est\u00e1 ocurriendo algo m\u00e1s grave.<\/p>\n<p>Muchos gatos presentan este s\u00edntoma de apat\u00eda antes de que aparezcan otros s\u00edntomas, lo que indica por qu\u00e9 es importante observar el letargo lo antes posible, antes de que se desarrollen otras fases avanzadas.<\/p>\n<p>Un s\u00edntoma que se presenta en la mayor\u00eda de los casos ser\u00eda el cansancio excesivo o la desgana, que puede implicar permanecer inm\u00f3vil durante largos periodos o un comportamiento prolongado de sue\u00f1o fuera de los h\u00e1bitos habituales.<\/p>\n<p>Esta falta de energ\u00eda en las actividades del gato puede conducir finalmente a la p\u00e9rdida de peso a pesar de tener un mayor apetito debido a su estado debilitado &#8211; esto limitar\u00e1 a\u00fan m\u00e1s sus niveles de actividad que conduce a una mayor fatiga con el tiempo.<\/p>\n<p>Otro indicador com\u00fan de la PIF son los cambios de comportamiento, como volverse antisocial y evitar a la gente por completo (aunque antes hayan sido amistosos).<\/p>\n<p>&nbsp;<\/p>\n<h2><strong>Fiebre<\/strong><\/h2>\n<p>La fiebre es un signo cl\u00ednico com\u00fan asociado a la PIF, sin embargo no es espec\u00edfico y puede estar presente en gatos que padecen diversas enfermedades. Es importante recordar que la fiebre puede ser el \u00fanico signo cl\u00ednico que presenten los gatos con PIF seca no evanescente, por lo que es un s\u00edntoma importante que los veterinarios deben tener en cuenta al evaluar a los gatos para detectar esta enfermedad.<\/p>\n<p>Una vez que el gato desarrolla la fiebre causada por la PIF, la enfermedad progresa r\u00e1pidamente y casi siempre es mortal. El diagn\u00f3stico de la PIF tambi\u00e9n puede ser dif\u00edcil debido a la vaguedad de sus s\u00edntomas, ya que muchas otras enfermedades tienen manifestaciones similares, como las infecciones respiratorias y los trastornos inflamatorios.<\/p>\n<p>&nbsp;<\/p>\n<h2><strong>Anorexia<\/strong><\/h2>\n<p>La anorexia se reconoce com\u00fanmente como uno de los signos inespec\u00edficos y no localizadores de la PIF observados en gatos. La anorexia se refiere a la falta o p\u00e9rdida de apetito, que puede deberse a una disminuci\u00f3n del deseo de comer como consecuencia de un dolor, una enfermedad o una lesi\u00f3n.<\/p>\n<p>Los gatos con PIF sufren inapetencia y desarrollan anemia debido a las deficiencias de nutrientes resultantes, que afectan a su salud general y dificultan su funcionamiento normal. S\u00edntomas como la apat\u00eda, el letargo, la p\u00e9rdida de peso y la fiebre suelen ir acompa\u00f1ados de anorexia en gatos que padecen virus potencialmente mortales como la PIF.<\/p>\n<p>&nbsp;<\/p>\n<h2><strong>P\u00e9rdida de peso<\/strong><\/h2>\n<p>La p\u00e9rdida de peso es un signo cl\u00ednico frecuente de la PIF, especialmente en los casos de PIF seca. Los s\u00edntomas asociados a la p\u00e9rdida de peso pueden variar en funci\u00f3n de la gravedad de la enfermedad. Los primeros signos pueden consistir en una disminuci\u00f3n de la ingesta de alimentos y un ritmo de crecimiento m\u00e1s lento de lo normal, mientras que las fases m\u00e1s avanzadas pueden incluir una disminuci\u00f3n significativa de la masa corporal en poco tiempo, as\u00ed como una reducci\u00f3n de los niveles de energ\u00eda y desgaste muscular.<\/p>\n<p>La presencia de una p\u00e9rdida de peso r\u00e1pida o inexplicable no debe ignorarse cuando se trata de gatos que muestran signos compatibles con la PIF. Si su gato parece m\u00e1s delgado de lo habitual sin explicaci\u00f3n o parece estar perdiendo una cantidad excesiva de pelo sin motivo aparente, es importante que busque ayuda veterinaria profesional de inmediato.<\/p>\n<p>&nbsp;<\/p>\n<h2><strong>Ictericia<\/strong><\/h2>\n<p>La ictericia es un signo observado en gatos con PIF, normalmente junto con otros signos de insuficiencia hep\u00e1tica o hepatomegalia (h\u00edgado agrandado) como letargia y p\u00e9rdida de peso. En el examen f\u00edsico, la piel del gato puede ser de color amarillento, especialmente visible en el vientre y los ojos.<\/p>\n<p>En algunos casos, la ictericia puede cubrir todo el cuerpo del gato. La ictericia es el resultado de un aumento de los niveles de bilirrubina (mol\u00e9culas pigmentadas liberadas a la circulaci\u00f3n por los gl\u00f3bulos rojos que se han descompuesto), lo que provoca su posterior acumulaci\u00f3n.<\/p>\n<p>Indica una alteraci\u00f3n en alg\u00fan punto del \u00e1rbol biliar, que incluye la ves\u00edcula biliar y las estructuras conectadas entre el h\u00edgado y el intestino delgado necesarias para la digesti\u00f3n.<\/p>\n<p>&nbsp;<\/p>\n<h1><strong>Signos cl\u00ednicos de la PIF efusiva h\u00fameda<\/strong><\/h1>\n<p>La hinchaz\u00f3n tor\u00e1cica, abdominal y escrotal son algunos de los signos asociados a la PIF h\u00fameda efusiva.<\/p>\n<p>&nbsp;<\/p>\n<h2><strong>Hinchaz\u00f3n tor\u00e1cica<\/strong><\/h2>\n<p>La hinchaz\u00f3n tor\u00e1cica es un signo cl\u00ednico asociado a la PIF h\u00fameda efusiva, en la que se produce una acumulaci\u00f3n de l\u00edquido en el t\u00f3rax. Esto puede provocar dificultades respiratorias y afectar al funcionamiento normal de \u00f3rganos como el ritmo card\u00edaco, la regulaci\u00f3n de la temperatura y el intercambio gaseoso.<\/p>\n<p>Por lo tanto, este es uno de los derrames que aconsejamos drenar, si es posible.<\/p>\n<p>La inflamaci\u00f3n tor\u00e1cica indica fases avanzadas de la PIF y suele presentarse mediante un aumento de la frecuencia respiratoria o ruidos de gorgoteo cuando el gato respira. Si la hinchaz\u00f3n tor\u00e1cica se mantiene durante largos periodos de tiempo, puede aumentar la presi\u00f3n sobre los \u00f3rganos internos y provocar su desnutrici\u00f3n debido a la disminuci\u00f3n del flujo sangu\u00edneo y del suministro de ox\u00edgeno.<\/p>\n<p>Adem\u00e1s, si no se trata, la inflamaci\u00f3n tor\u00e1cica persistente puede causar da\u00f1os permanentes en \u00f3rganos vitales y, en \u00faltima instancia, provocar la muerte si no se controla durante un periodo prolongado.<\/p>\n<p>&nbsp;<\/p>\n<h2><strong>Hinchaz\u00f3n abdominal<\/strong><\/h2>\n<p>La hinchaz\u00f3n abdominal tambi\u00e9n es un signo cl\u00ednico asociado a la PIF efusiva. Esta forma de PIF se caracteriza por la aparici\u00f3n de l\u00edquido en el abdomen, tambi\u00e9n conocido como derrame abdominal.<\/p>\n<p>El sistema gastrointestinal y sus \u00f3rganos se ven rodeados por este l\u00edquido extra anormal. La radiograf\u00eda, la ecograf\u00eda y la abdominocentesis son procedimientos diagn\u00f3sticos utilizados para determinar si se ha producido un derrame abdominal en gatos con sospecha de PIF.<\/p>\n<p>Adem\u00e1s, el an\u00e1lisis de fluidos puede proporcionar resultados muy indicativos para diagnosticar con precisi\u00f3n el derrame abdominal causado por la PIF.<\/p>\n<p>La hinchaz\u00f3n abdominal es menos amenazadora para un gato, aunque puede incomodarle. Si decide drenar este derrame, opte por no drenar m\u00e1s del 30% del l\u00edquido.<\/p>\n<p>&nbsp;<\/p>\n<h2><strong>Hinchaz\u00f3n escrotal<\/strong><\/h2>\n<p>Los propietarios de gatos machos pueden identificar la inflamaci\u00f3n escrotal cuando se produce un cambio inexplicable en el tama\u00f1o del escroto, sobre todo si se produce r\u00e1pidamente o viene acompa\u00f1ada de otros signos como letargo y fiebre.<\/p>\n<p>Esta forma de PIF afecta m\u00e1s com\u00fanmente a gatos j\u00f3venes y tiene un inicio r\u00e1pido con s\u00edntomas como acumulaci\u00f3n de l\u00edquido abdominal, agrandamiento tor\u00e1cico, p\u00e9rdida de peso, ictericia y fiebre alta persistente.<\/p>\n<p>La inflamaci\u00f3n del escroto es uno de los principales s\u00edntomas cl\u00ednicos que los veterinarios utilizan para identificar esta enfermedad de forma precoz, normalmente antes de que aparezcan otros signos.<\/p>\n<p>&nbsp;<\/p>\n<h1><strong>Signos cl\u00ednicos de la PIF ocular<\/strong><\/h1>\n<p>Est\u00e9 atento a los signos de PIF, como decoloraci\u00f3n del iris, p\u00e9rdida de visi\u00f3n, engrosamiento de la c\u00f3rnea e hipopi\u00f3n.<\/p>\n<p>&nbsp;<\/p>\n<h2><strong>Decoloraci\u00f3n del iris<\/strong><\/h2>\n<p>La decoloraci\u00f3n del iris es un signo cl\u00ednico indicativo de la forma ocular de la PIF. Suele manifestarse como un cambio en el color del iris, opacidad ocular anormal o aspecto floculento (manchas blancas) dentro de la zona de la pupila debido a la inflamaci\u00f3n por una infecci\u00f3n causada por el virus de la PIF.<\/p>\n<p>El engrosamiento de la c\u00f3rnea y la hipopion\u00eda tambi\u00e9n pueden acompa\u00f1ar a este signo que, por lo general, si no se trata, puede conducir a la p\u00e9rdida permanente de la visi\u00f3n con el tiempo. La detecci\u00f3n y el diagn\u00f3stico precoces de esta afecci\u00f3n son importantes para iniciar r\u00e1pidamente un tratamiento con agentes antiprotozoarios como el cloranfenicol y el tianfenicol, a fin de reducir los riesgos asociados a ella.<\/p>\n<p>&nbsp;<\/p>\n<h2><strong>P\u00e9rdida de visi\u00f3n<\/strong><\/h2>\n<p>La p\u00e9rdida de visi\u00f3n es uno de los signos m\u00e1s evidentes de que su gato puede tener PIF ocular. Es un s\u00edntoma avanzado y puede indicar que una forma m\u00e1s grave del virus ya ha estado activa en tu mascota.<\/p>\n<p>La uve\u00edtis anterior piogranulomatosa (inflamaci\u00f3n) es una de estas manifestaciones que presenta signos como el signo de la linterna (dispersi\u00f3n amarillenta cuando los ojos se exponen a un haz de luz focalizado como el de una linterna).<\/p>\n<p>Este s\u00edndrome est\u00e1 relacionado con una reducci\u00f3n significativa de la visi\u00f3n junto con estructuras qu\u00edsticas de flujo de entrada\/salida insuficiente y lesiones en el iris que causan destrucci\u00f3n tambi\u00e9n en el interior de la cavidad orbitaria si no se trata a lo largo del tiempo.<\/p>\n<p>&nbsp;<\/p>\n<h2><strong>Engrosamiento de la c\u00f3rnea<\/strong><\/h2>\n<p>Esta afecci\u00f3n se produce cuando la parte externa del ojo, conocida como c\u00f3rnea, se vuelve m\u00e1s gruesa de lo normal debido a una inflamaci\u00f3n.<\/p>\n<p>En los gatos, puede estar causada por un virus o una bacteria y pueden pasar semanas antes de que sus efectos sean perceptibles. Por lo general, lo que hace que este s\u00edntoma sea m\u00e1s f\u00e1cil de identificar es si se presentan al mismo tiempo otros signos como nubosidad en la visi\u00f3n o dolor.<\/p>\n<p>Un gato que experimente un engrosamiento corneal puede mostrar dificultades para ver con claridad y, posiblemente, experimentar alguna molestia o dolor debido a la disminuci\u00f3n de la calidad de su visi\u00f3n.<\/p>\n<p>&nbsp;<\/p>\n<h2><strong>Hypopyon<\/strong><\/h2>\n<p>Hipopi\u00f3n es un t\u00e9rmino m\u00e9dico utilizado para describir una acumulaci\u00f3n de gl\u00f3bulos blancos en la base de la c\u00f3rnea, que suele aparecer cuando una inflamaci\u00f3n o infecci\u00f3n afecta al ojo. Se asocia con mayor frecuencia a la uve\u00edtis, una inflamaci\u00f3n del interior del ojo que se produce como consecuencia de la PIF en los gatos.<\/p>\n<p>El hipopi\u00f3n est\u00e1 causado por la entrada de leucocitos (gl\u00f3bulos blancos) a trav\u00e9s del iris y su acumulaci\u00f3n en la c\u00e1mara interior del ojo. Esto, a su vez, conduce a observaciones directas a partir del examen f\u00edsico, como la nubosidad visible en una o m\u00e1s partes de su globo ocular o los cambios pupilares durante las pruebas de exposici\u00f3n a la luz realizadas por los veterinarios.<\/p>\n<p>&nbsp;<\/p>\n<h2><strong>Desprendimiento de retina<\/strong><\/h2>\n<p>Esta afecci\u00f3n se produce cuando la retina se desprende del tejido de sost\u00e9n subyacente y del riego sangu\u00edneo. Puede deberse a diversas afecciones m\u00e9dicas, como hipertensi\u00f3n, hiperactividad de la gl\u00e1ndula tiroides o enfermedad renal.<\/p>\n<p>En gatos con PIF, pueden producirse cambios granulomatosos adem\u00e1s de hemorragia y desprendimiento de retina.<\/p>\n<p>El principal s\u00edntoma asociado al desprendimiento de retina es la p\u00e9rdida de visi\u00f3n, que puede producirse de forma repentina o gradual en funci\u00f3n de la extensi\u00f3n del da\u00f1o y la gravedad de la infecci\u00f3n.<\/p>\n<p>Otros signos son el velo o nubosidad de los ojos, la alteraci\u00f3n o distorsi\u00f3n del campo visual existente y la dificultad para adaptarse a entornos con luz brillante, incluida la ceguera nocturna.<\/p>\n<p>Algunos gatos tambi\u00e9n pueden tener moscas volantes como resultado de fugas de l\u00edquido v\u00edtreo en cualquier parte de la estructura ocular, lo que provoca im\u00e1genes distorsionadas debido a la interferencia con el funcionamiento normal de la l\u00ednea de visi\u00f3n.<\/p>\n<p>&nbsp;<\/p>\n<h1><strong>Signos cl\u00ednicos de la PIF neurol\u00f3gica<\/strong><\/h1>\n<p>Est\u00e9 atento a signos como desequilibrio, inclinaci\u00f3n de la cabeza, convulsiones y cambios de comportamiento.<\/p>\n<p>&nbsp;<\/p>\n<h2><strong>Desequilibrio<\/strong><\/h2>\n<p>El desequilibrio es un s\u00edntoma com\u00fan de la PIF y suele ser el primer indicio de que algo va mal. En los gatos con PIF, el desequilibrio puede manifestarse como dificultad para caminar o p\u00e9rdida de coordinaci\u00f3n, dependiendo de la gravedad de la enfermedad.<\/p>\n<p>Al pasar de la posici\u00f3n tumbada a la de pie, algunos gatos pueden balancearse hacia delante y hacia atr\u00e1s debido a su incapacidad para recuperar r\u00e1pidamente el equilibrio. La causa de este s\u00edntoma puede variar en funci\u00f3n del tipo de PIF que haya desarrollado su gato. Puede deberse a da\u00f1os neurol\u00f3gicos o a la acumulaci\u00f3n de l\u00edquido en el abdomen o la cavidad tor\u00e1cica.<\/p>\n<p>El desequilibrio en los gatos no debe tomarse a la ligera y debe plantearse a su veterinario, ya que un diagn\u00f3stico precoz mejora significativamente el pron\u00f3stico a la hora de tratar esta afecci\u00f3n. Su veterinario empezar\u00e1 por realizar exploraciones f\u00edsicas, como observar la funci\u00f3n motora y los reflejos para que eval\u00faen si la marcha del gato parece coordinada.<\/p>\n<p>&nbsp;<\/p>\n<h2><strong>Inclinaci\u00f3n de la cabeza<\/strong><\/h2>\n<p>La inclinaci\u00f3n de la cabeza es un signo cl\u00ednico importante de la PIF neurol\u00f3gica, ya que suele ser indicativo de un s\u00edndrome vestibular. El s\u00edndrome vestibular se produce cuando la parte del cerebro responsable del equilibrio no funciona correctamente, provocando desequilibrios y dificultades de coordinaci\u00f3n.<\/p>\n<p>En los gatos, esto se manifiesta como una inclinaci\u00f3n pronunciada de la cabeza hacia un lado u otro. Esto puede ir acompa\u00f1ado de ojos que no parecen moverse juntos con normalidad. Uno puede lanzarse r\u00e1pidamente de un lado a otro mientras el otro permanece quieto, as\u00ed como movimientos de balanceo causados por la gravedad que dificultan que el gato se mantenga erguido.<\/p>\n<p>&nbsp;<\/p>\n<h2><strong>Convulsiones<\/strong><\/h2>\n<p>Las convulsiones pueden ser un signo cl\u00ednico de PIF cuando hay afectaci\u00f3n neurol\u00f3gica. Algunos signos reveladores de que su gato puede estar sufriendo un ataque debido a la PIF son la eliminaci\u00f3n inapropiada, comportamientos similares a la demencia como dar vueltas en c\u00edrculos o agresividad, disminuci\u00f3n de la coordinaci\u00f3n y el equilibrio, y vocalizaciones extra\u00f1as o p\u00e9rdida de consciencia.<\/p>\n<p>Cada vez que su gato experimente una convulsi\u00f3n, debe llevarlo r\u00e1pidamente al veterinario para que lo eval\u00fae y diagnostique.<\/p>\n<p>&nbsp;<\/p>\n<h2><strong>Cambio de comportamiento<\/strong><\/h2>\n<p>Los cambios de comportamiento pueden ser un indicador precoz de PIF. Un s\u00edntoma com\u00fan que preocupa a los propietarios son los cambios repentinos en el patr\u00f3n de comportamiento de su gato. Los gatos pueden esconderse m\u00e1s a menudo de lo habitual o mostrar agresividad cuando normalmente no lo har\u00edan.<\/p>\n","protected":false},"excerpt":{"rendered":"<p>Es prudente cuando nos fijamos en PIF en gatos sobre la base de los tipos de PIF. Se incluyen para un diagn\u00f3stico m\u00e1s preciso. Conocer el tipo de PIF puede ayudarte a predecir la gravedad, as\u00ed como las distintas formas de PIF que pueden aparecer, para que no se te escape ning\u00fan s\u00edntoma. Signos cl\u00ednicos [&hellip;]<\/p>\n","protected":false},"author":1,"featured_media":16854,"parent":0,"menu_order":0,"comment_status":"closed","ping_status":"closed","template":"","meta":{"_glsr_average":0,"_glsr_ranking":0,"_glsr_reviews":0,"footnotes":""},"categories":[684],"tags":[],"_links":{"self":[{"href":"https:\/\/fipmed.co\/es\/wp-json\/wp\/v2\/pages\/17117"}],"collection":[{"href":"https:\/\/fipmed.co\/es\/wp-json\/wp\/v2\/pages"}],"about":[{"href":"https:\/\/fipmed.co\/es\/wp-json\/wp\/v2\/types\/page"}],"author":[{"embeddable":true,"href":"https:\/\/fipmed.co\/es\/wp-json\/wp\/v2\/users\/1"}],"replies":[{"embeddable":true,"href":"https:\/\/fipmed.co\/es\/wp-json\/wp\/v2\/comments?post=17117"}],"version-history":[{"count":0,"href":"https:\/\/fipmed.co\/es\/wp-json\/wp\/v2\/pages\/17117\/revisions"}],"wp:featuredmedia":[{"embeddable":true,"href":"https:\/\/fipmed.co\/es\/wp-json\/wp\/v2\/media\/16854"}],"wp:attachment":[{"href":"https:\/\/fipmed.co\/es\/wp-json\/wp\/v2\/media?parent=17117"}],"wp:term":[{"taxonomy":"category","embeddable":true,"href":"https:\/\/fipmed.co\/es\/wp-json\/wp\/v2\/categories?post=17117"},{"taxonomy":"post_tag","embeddable":true,"href":"https:\/\/fipmed.co\/es\/wp-json\/wp\/v2\/tags?post=17117"}],"curies":[{"name":"wp","href":"https:\/\/api.w.org\/{rel}","templated":true}]}}