{"id":17128,"date":"2024-03-25T07:02:30","date_gmt":"2024-03-25T07:02:30","guid":{"rendered":"https:\/\/fipmed.co\/estadios-del-fip-y-sintomas-basados-en-los-estadios-del-fip\/"},"modified":"2024-05-09T09:15:23","modified_gmt":"2024-05-09T09:15:23","slug":"etapas-de-la-pif-y-sintomas-basados-en-los-estadios-de-la-pif","status":"publish","type":"page","link":"https:\/\/fipmed.co\/es\/etapas-de-la-pif-y-sintomas-basados-en-los-estadios-de-la-pif\/","title":{"rendered":"Etapas de la PIF y s\u00edntomas basados en las etapas de la PIF"},"content":{"rendered":"<p>Etapas de la PIF y s\u00edntomas basados en las etapas de la PIF. En una infecci\u00f3n por este virus hay cuatro fases distintas de PIF: exposici\u00f3n inicial e incubaci\u00f3n, viremia primaria, viremia secundaria y PIF cl\u00ednica.<\/p>\n<p>&nbsp;<\/p>\n<h1><strong>Etapas de la PIF: exposici\u00f3n inicial e incubaci\u00f3n<\/strong><\/h1>\n<p>El coronavirus felino (FCoV) est\u00e1 presente en muchos entornos, por lo que es muy probable que los gatos est\u00e9n expuestos en alg\u00fan momento de su vida. Esta infecci\u00f3n inicial suele ser benigna, pero desgraciadamente existe el riesgo de que el virus mute y cause PIF en algunos gatos.<\/p>\n<p>El periodo de incubaci\u00f3n de esta mutaci\u00f3n puede variar desde unas pocas semanas hasta varios a\u00f1os, pero los gatos tienen m\u00e1s riesgo de desarrollar PIF cl\u00ednica en las primeras 6 semanas tras haber sido infectados inicialmente por el virus.<\/p>\n<p>Los experimentos han llegado a la conclusi\u00f3n de que tan s\u00f3lo seis semanas pueden ser suficientes para que un gato infectado desarrolle una enfermedad completa.<\/p>\n<p>Durante la exposici\u00f3n inicial y los periodos de incubaci\u00f3n, es importante tener en cuenta que los gatos infectados desprenden un volumen inusualmente grande de part\u00edculas v\u00edricas, lo que puede hacer que otros animales dom\u00e9sticos tambi\u00e9n contraigan la infecci\u00f3n.<\/p>\n<p>&nbsp;<\/p>\n<h1><strong>Etapas de la PIF: <\/strong>Viremia primaria<\/h1>\n<p>La viremia primaria es la fase de la infecci\u00f3n por el virus de la peritonitis infecciosa felina (PIF) en la que el sistema inmunitario del gato empieza a responder al invasor extra\u00f1o.<\/p>\n<p>Durante esta etapa, pueden encontrarse niveles elevados de FCoV en su sangre. Esto marca el inicio de una batalla entre el organismo del gato y el virus, y tambi\u00e9n marca el momento en que es m\u00e1s probable que se produzcan mutaciones debido a la disminuci\u00f3n de la resistencia.<\/p>\n<p>Los gatos con viremia primaria muestran una respuesta exacerbada de su sistema inmunitario, que se esfuerza por protegerles de cualquier da\u00f1o causado por la entrada del pat\u00f3geno en su organismo. Algunos gatos ser\u00e1n capaces de librar a su organismo del virus con una fuerte respuesta inmunitaria.<\/p>\n<p>&nbsp;<\/p>\n<h1><strong>Etapas de la PIF: <\/strong><strong>Viremia secundaria<\/strong><\/h1>\n<p>La viremia secundaria se refiere a una etapa posterior que afecta a los gatos que no pudieron combatir el virus durante la etapa primaria. En esta fase, la m\u00e9dula \u00f3sea y otros tejidos han sido invadidos por el virus. El virus puede permanecer en estado pasivo en la m\u00e9dula \u00f3sea durante bastante tiempo.<\/p>\n<p>Pero adem\u00e1s de eso, los niveles de FIPV en la sangre empiezan a aumentar y acaban alcanzando un punto en el que los gatos ya no son capaces de mantenerlo bajo control. Desgraciadamente, para entonces ya se han iniciado muchos procesos inflamatorios sist\u00e9micos, pues el FIPV se ha apoderado de \u00f3rganos y tejidos vitales.<\/p>\n<p>Como su nombre indica, durante la viremia secundaria el virus empieza a propagarse por otros \u00f3rganos, lo que provoca signos m\u00e1s graves que pueden convertirse r\u00e1pidamente en potencialmente mortales si no se tratan con prontitud.<\/p>\n<p>La gravedad de la respuesta inmunitaria primaria o lo bien que el organismo del gato sea capaz de controlar la infecci\u00f3n desempe\u00f1a un papel importante a la hora de determinar a qu\u00e9 nivel empezar\u00e1 a propagarse el virus m\u00e1s all\u00e1 de un solo sistema org\u00e1nico.<\/p>\n<p>Durante este periodo crucial, los gatos pueden experimentar fiebre persistente (superior a 103 \u00b0F), disminuci\u00f3n del apetito y empeoramiento general de su estado debido al fallo de su sistema inmunitario, que se esfuerza al m\u00e1ximo por controlar los virus mutados, pero no puede, por lo que deben recurrir a planes de tratamiento con antivirales, entre otros medicamentos.<\/p>\n<p>&nbsp;<\/p>\n<h1><strong>Etapas de la PIF: <\/strong><strong>PIF cl\u00ednica<\/strong><\/h1>\n<p>En la fase cl\u00ednica de la PIF, los gatos ya no son capaces de contener el virus. Esto se debe en parte a una alteraci\u00f3n en una de las prote\u00ednas que se encuentran en algunos tipos de FCoV, llamada FIPV. El FIPV causa vasculitis, que es una inflamaci\u00f3n e hinchaz\u00f3n alrededor de un grupo de c\u00e9lulas u \u00f3rganos.<\/p>\n<p>En esta fase tambi\u00e9n puede producirse una acumulaci\u00f3n de l\u00edquido dentro de las cavidades corporales, lo que lleva a la acumulaci\u00f3n de l\u00edquido y a un exceso de presi\u00f3n sobre los \u00f3rganos vitales.<\/p>\n<p>Los gatos con PIF pueden presentar s\u00edntomas como p\u00e9rdida de peso, fiebre, deshidrataci\u00f3n, hinchaz\u00f3n del abdomen o de la zona craneal y dificultades respiratorias debidas a la congesti\u00f3n tor\u00e1cica.<\/p>\n<p>La destrucci\u00f3n de las infecciones dentro de los \u00f3rganos vitales comenzar\u00e1 en este momento, pudiendo conducir a un fallo de los \u00f3rganos del sistema. Esto suele manifestarse m\u00e1s tarde como enfermedad renal o da\u00f1o neurol\u00f3gico causado por la inflamaci\u00f3n de su tejido cerebral.<\/p>\n<p>&nbsp;<\/p>\n<h1><strong>Etapas de la PIF: <\/strong><strong>Da\u00f1o org\u00e1nico <\/strong><\/h1>\n<p>Se trata de la \u00faltima fase de la PIF, en la que la inflamaci\u00f3n ya est\u00e1 causando da\u00f1os en los \u00f3rganos y el gato presenta otros problemas posteriores. Algunos de los \u00f3rganos que suelen verse afectados son<\/p>\n<p><strong>\u00d3rganos abdominales:<\/strong> La PIF suele provocar la formaci\u00f3n de granulomas (peque\u00f1os n\u00f3dulos de tejido inflamatorio) en los \u00f3rganos abdominales, como el h\u00edgado, el bazo y los ri\u00f1ones. Esto puede provocar la disfunci\u00f3n e insuficiencia de estos \u00f3rganos.<\/p>\n<p><strong>Ri\u00f1ones:<\/strong> Los ri\u00f1ones pueden verse afectados por lesiones granulomatosas, que provocan insuficiencia renal.<\/p>\n<p><strong>Sistema Nervioso Central (SNC):<\/strong> La PIF puede causar s\u00edntomas neurol\u00f3gicos cuando afecta al SNC. Los gatos con PIF neurol\u00f3gica pueden presentar cambios de comportamiento, convulsiones y dificultad para caminar.<\/p>\n<p><strong>Ojos<\/strong>: La afectaci\u00f3n ocular (de los ojos) es frecuente en la PIF, y provoca inflamaci\u00f3n, opacidad y, a veces, ceguera. Esto se conoce como PIF ocular o seca.<\/p>\n<p><strong>Sistema cardiovascular:<\/strong> En algunos casos, la PIF puede afectar al coraz\u00f3n y los vasos sangu\u00edneos, provocando problemas cardiovasculares.<br \/>\nEstos continuos deterioros en el gato acaban provocando par\u00e1lisis y, finalmente, la muerte.<\/p>\n<p>&nbsp;<\/p>\n<p>&nbsp;<\/p>\n<h1><strong>S\u00edntomas basados en las fases de la PIF<\/strong><\/h1>\n<h2><strong>Signo durante las primeras fases de la PIF<\/strong><\/h2>\n<p>Los gatos pueden presentar s\u00edntomas iniciales inespec\u00edficos, como cambios de comportamiento, p\u00e9rdida de peso y de apetito, as\u00ed como fiebre fluctuante.<\/p>\n<p>&nbsp;<\/p>\n<p><strong>S\u00edntomas inespec\u00edficos<\/strong><\/p>\n<p>La PIF presenta una amplia gama de s\u00edntomas inespec\u00edficos que pueden confundirse f\u00e1cilmente con otras enfermedades. Estos signos iniciales suelen ser vagos e incluyen apat\u00eda, letargo, disminuci\u00f3n del apetito, p\u00e9rdida de peso y fiebre fluctuante.<\/p>\n<p>En algunos casos, los gatos mostrar\u00e1n cambios de comportamiento que acompa\u00f1an a estos s\u00edntomas f\u00edsicos. Es esencial prestar atenci\u00f3n a los peque\u00f1os cambios en el r\u00e9gimen de salud de tu gato, como el aumento o la disminuci\u00f3n de los niveles de energ\u00eda, ya que puede ser el primer signo de PIF.<\/p>\n<p>A pesar de ser tan frecuente en los gatos, su causa sutil hace que sea dif\u00edcil de detectar en las fases iniciales, a menos que prestes atenci\u00f3n a signos adicionales como la anorexia o la pica (trastorno por el que comen cosas que no deber\u00edan), que se observan con frecuencia durante la infecci\u00f3n por PIF.<\/p>\n<p>Las fiebres fluctuantes tambi\u00e9n pueden significar que a tu gato le pasa algo, as\u00ed que presta atenci\u00f3n a cualquier cambio importante de temperatura cuando lo controles peri\u00f3dicamente a lo largo del d\u00eda, como una fiebre documentada que dure m\u00e1s de 24 horas a pesar de los tratamientos administrados por un veterinario.<\/p>\n<p>&nbsp;<\/p>\n<p><strong>Diarrea<\/strong><\/p>\n<p>Cuando el Coronavirus felino (FCoV) entra por primera vez en un gato, infecta el intestino delgado, provocando a veces diarrea. El virus se elimina en las heces a partir de dos d\u00edas despu\u00e9s de la infecci\u00f3n y despu\u00e9s durante unas semanas o meses.<\/p>\n<p>Desde el intestino, el virus pasa al torrente sangu\u00edneo, provocando PIF en algunos gatos desafortunados, pero la mayor\u00eda de los gatos montan una respuesta inmunitaria exitosa y se deshacen del virus, llevando una vida perfectamente sana y normal. La infecci\u00f3n inicial por FCoV a cualquier edad, no s\u00f3lo en gatitos, puede causar diarrea y la gravedad puede variar desde leve, pasando por cr\u00f3nica, hasta grave y potencialmente mortal. El virus da\u00f1a inicialmente el revestimiento del intestino delgado.<\/p>\n<p>Desgraciadamente, en algunos gatos, el FCoV puede da\u00f1ar gravemente el intestino delgado, provocando una tendencia permanente al v\u00f3mito o la diarrea y lo que se conoce como \u00abs\u00edndrome de malabsorci\u00f3n\u00bb, en el que el gato afectado es incapaz de beneficiarse de los nutrientes que ha comido, por lo que no aumenta de peso adecuadamente ni prospera.<\/p>\n<p>&nbsp;<\/p>\n<p><strong>Cambios de comportamiento<\/strong><\/p>\n<p>En los gatos infectados por PIF, los propietarios pueden notar primero s\u00edntomas menos evidentes, como disminuci\u00f3n de la actividad, apat\u00eda y falta de apetito. Tu gato puede volverse mucho menos interactivo que antes, y preferir quedarse en lugares solitarios o dormir todo el d\u00eda.<\/p>\n<p>Tambi\u00e9n puede empezar a evitar las interacciones con otros animales dom\u00e9sticos o humanos. La pica es otro cambio de comportamiento asociado al virus: cuando tu mascota empieza a comer cosas que no son comida, puede ser un signo de que tiene PIF.<\/p>\n<p>Adem\u00e1s de la anorexia (p\u00e9rdida total del apetito), puedes observar que tu gato se esfuerza por autoalimentarse o muestra desinter\u00e9s hacia la comida por completo al ofrec\u00e9rsela &#8211; ambos pueden ser indicadores de que algo no va bien.<\/p>\n<p>&nbsp;<\/p>\n<p><strong>P\u00e9rdida de peso y de apetito<\/strong><\/p>\n<p>La p\u00e9rdida de peso y de apetito son dos de los primeros signos de la PIF. Cuando los gatos se infectan por primera vez, pueden no mostrar s\u00edntomas hasta semanas o meses despu\u00e9s.<\/p>\n<p>Sin embargo, la p\u00e9rdida lenta de peso y la disminuci\u00f3n del apetito pueden ser un indicio de que algo va mal. La p\u00e9rdida de peso en los gatos suele ser sutil, pero no debe pasar desapercibida a sus propietarios: una disminuci\u00f3n repentina del 15-20% del peso en s\u00f3lo unos d\u00edas podr\u00eda significar la presencia de PIF.<\/p>\n<p>Del mismo modo, una disminuci\u00f3n del apetito incluso cuando se les presenta comida favorable podr\u00eda indicar el inicio de la enfermedad. Este tipo de complejo sintom\u00e1tico puede apuntar a un fallo org\u00e1nico causado por la PIF u otras afecciones graves, como la enfermedad renal cr\u00f3nica, que si no se trata puede progresar r\u00e1pidamente y convertirse en una amenaza para la vida de los gatos si no se detecta a tiempo.<\/p>\n<p>Muchos propietarios de gatos han declarado haber observado cambios dr\u00e1sticos en los niveles de energ\u00eda y actividad asociados a estos s\u00edntomas, lo que subraya a\u00fan m\u00e1s su importancia en las decisiones de diagn\u00f3stico y tratamiento que toman tanto los veterinarios como los propietarios de mascotas.<\/p>\n<p>&nbsp;<\/p>\n<p><strong>Fiebre fluctuante<\/strong><\/p>\n<p>La fiebre fluctuante en los gatos suele definirse como episodios alternantes de temperaturas altas y bajas. Es uno de los primeros signos cl\u00ednicos asociados a la PIF.<\/p>\n<p>Este tipo de fiebre puede variar diariamente, oscilando entre la temperatura corporal normal y temperaturas peligrosamente altas. Como esto puede ocurrir de repente, es importante que los propietarios de gatos controlen regularmente la temperatura de su mascota, pues cualquier cambio repentino podr\u00eda ser un signo de PIF u otro problema grave de salud.<\/p>\n<p>Es f\u00e1cil confundir una fiebre fluctuante con las fiebres altas persistentes que pueden tener los gatos cuando est\u00e1n enfermos, pero ambas son enfermedades muy diferentes que requieren formas de tratamiento distintas.<\/p>\n<p>&nbsp;<\/p>\n<h2><strong>Signos durante las fases avanzadas de la PIF<\/strong><\/h2>\n<p>&nbsp;<\/p>\n<p>Los s\u00edntomas pueden evolucionar a efectos m\u00e1s graves, como insuficiencia org\u00e1nica y acumulaci\u00f3n de l\u00edquido. \u00a1Sigue leyendo para saber m\u00e1s!<\/p>\n<p><strong>Insuficiencia org\u00e1nica<\/strong><\/p>\n<p>La insuficiencia org\u00e1nica es una de las consecuencias m\u00e1s graves asociadas a la PIF. Puede afectar a varios \u00f3rganos, como los ri\u00f1ones, el h\u00edgado y muchos otros.<\/p>\n<p>Cuando alcanza su fase m\u00e1s avanzada, puede producirse una disfunci\u00f3n o insuficiencia org\u00e1nica. Este da\u00f1o org\u00e1nico puede causar una amplia variedad de s\u00edntomas que var\u00edan en funci\u00f3n de los lugares concretos del cuerpo afectados.<\/p>\n<p>Si no se trata durante demasiado tiempo, supone una carga inmensa para la salud f\u00edsica general del animal afectado, hasta que acaba convirti\u00e9ndose en una enfermedad catastr\u00f3fica o provoca la muerte si no se detecta a tiempo y se trata adecuadamente.<\/p>\n<p>&nbsp;<\/p>\n<p><strong>Fiebre alta persistente<\/strong><\/p>\n<p>La fiebre incesante es un signo cl\u00ednico frecuente asociado a las fases avanzadas de la peritonitis infecciosa felina (PIF). Esta fiebre puede alcanzar temperaturas de entre 102 \u00b0F y 105 \u00b0F y durar semanas o meses.<\/p>\n<p>Es importante hacer un diagn\u00f3stico precoz, pues ayuda a descartar otras enfermedades e iniciar el tratamiento. La fiebre est\u00e1 causada por la inflamaci\u00f3n resultante de una infecci\u00f3n generalizada, que puede ir acompa\u00f1ada de signos como letargo, hinchaz\u00f3n abdominal, p\u00e9rdida de apetito, p\u00e9rdida de peso e ictericia.<\/p>\n<p>Si la fiebre persiste a pesar de la terapia antibi\u00f3tica o la medicaci\u00f3n antiinflamatoria, podr\u00eda ser indicativo de PIF. La temperatura elevada suele normalizarse una vez iniciado el tratamiento adecuado.<\/p>\n<p>&nbsp;<\/p>\n<p><strong>Acumulaci\u00f3n de l\u00edquidos<\/strong><\/p>\n<p>La acumulaci\u00f3n de l\u00edquido es un signo clave de la PIF en gatos y puede producirse en varias zonas del cuerpo. En el t\u00f3rax, el l\u00edquido se acumula alrededor del coraz\u00f3n y los pulmones, lo que provoca restricci\u00f3n de movimientos y dificultad para respirar. Adem\u00e1s, los ganglios linf\u00e1ticos pueden inflamarse debido a la obstrucci\u00f3n causada por una formaci\u00f3n excesiva de c\u00e9lulas de l\u00edquido ricas en prote\u00ednas, denominadas derrames pleurales.<\/p>\n<p>Tambi\u00e9n puede acumularse l\u00edquido en otros \u00f3rganos, como el abdomen o el escroto, haciendo que estas zonas se hinchen y resulten dolorosas para tu gato.<\/p>\n<p>Adem\u00e1s, los ojos de tu gato pueden mostrar signos de esta acumulaci\u00f3n en su interior, como cambios de coloraci\u00f3n u opacidad, engrosamiento de la c\u00f3rnea (edema corneal) hipopi\u00f3n (una espuma blanca en la parte posterior del ojo) o desprendimiento de retina debido al aumento de la presi\u00f3n intraocular causado por la infecci\u00f3n por PIF.<\/p>\n<p>&nbsp;<\/p>\n<p><strong>Problemas oculares<\/strong><\/p>\n<p>Los problemas oculares son un indicador frecuente de PIF. En los gatos con PIF pueden producirse lesiones oculares caracterizadas por Uve\u00edtis Anterior Piogranulomatosa.<\/p>\n<p>Los s\u00edntomas pueden incluir inflamaci\u00f3n del globo ocular, estrabismo, hinchaz\u00f3n del tercer p\u00e1rpado y agrandamiento de los ojos que puede afectar a la visi\u00f3n o incluso provocar ceguera si no se trata. Los animales que experimentan este tipo de manifestaci\u00f3n ocular pueden manifestar un aumento de la producci\u00f3n de l\u00e1grimas, as\u00ed como hemorragias oculares debidas a la ulceraci\u00f3n causada por la infecci\u00f3n.<\/p>\n<p>Adem\u00e1s, los s\u00edntomas neurol\u00f3gicos relacionados con la PIF pueden afectar al sistema nervioso, incluidos problemas de visi\u00f3n y oculares como pupilas contra\u00eddas que no responden adecuadamente a los cambios de luz.<\/p>\n<p>Por \u00faltimo, en algunos casos de PIF efusiva de forma h\u00fameda se ha observado una elevaci\u00f3n de la presi\u00f3n intraocular acompa\u00f1ada de un engrosamiento de la c\u00f3rnea, lo que conduce a una posible p\u00e9rdida de visi\u00f3n con el tiempo si no se trata adecuadamente o con la suficiente prontitud.<\/p>\n","protected":false},"excerpt":{"rendered":"<p>Etapas de la PIF y s\u00edntomas basados en las etapas de la PIF. En una infecci\u00f3n por este virus hay cuatro fases distintas de PIF: exposici\u00f3n inicial e incubaci\u00f3n, viremia primaria, viremia secundaria y PIF cl\u00ednica. &nbsp; Etapas de la PIF: exposici\u00f3n inicial e incubaci\u00f3n El coronavirus felino (FCoV) est\u00e1 presente en muchos entornos, por [&hellip;]<\/p>\n","protected":false},"author":1,"featured_media":16839,"parent":0,"menu_order":0,"comment_status":"closed","ping_status":"closed","template":"","meta":{"_glsr_average":0,"_glsr_ranking":0,"_glsr_reviews":0,"footnotes":""},"categories":[684],"tags":[],"_links":{"self":[{"href":"https:\/\/fipmed.co\/es\/wp-json\/wp\/v2\/pages\/17128"}],"collection":[{"href":"https:\/\/fipmed.co\/es\/wp-json\/wp\/v2\/pages"}],"about":[{"href":"https:\/\/fipmed.co\/es\/wp-json\/wp\/v2\/types\/page"}],"author":[{"embeddable":true,"href":"https:\/\/fipmed.co\/es\/wp-json\/wp\/v2\/users\/1"}],"replies":[{"embeddable":true,"href":"https:\/\/fipmed.co\/es\/wp-json\/wp\/v2\/comments?post=17128"}],"version-history":[{"count":0,"href":"https:\/\/fipmed.co\/es\/wp-json\/wp\/v2\/pages\/17128\/revisions"}],"wp:featuredmedia":[{"embeddable":true,"href":"https:\/\/fipmed.co\/es\/wp-json\/wp\/v2\/media\/16839"}],"wp:attachment":[{"href":"https:\/\/fipmed.co\/es\/wp-json\/wp\/v2\/media?parent=17128"}],"wp:term":[{"taxonomy":"category","embeddable":true,"href":"https:\/\/fipmed.co\/es\/wp-json\/wp\/v2\/categories?post=17128"},{"taxonomy":"post_tag","embeddable":true,"href":"https:\/\/fipmed.co\/es\/wp-json\/wp\/v2\/tags?post=17128"}],"curies":[{"name":"wp","href":"https:\/\/api.w.org\/{rel}","templated":true}]}}