{"id":17149,"date":"2024-03-25T07:31:47","date_gmt":"2024-03-25T07:31:47","guid":{"rendered":"https:\/\/fipmed.co\/comorbilidades-fip-comunes\/"},"modified":"2024-05-09T08:53:17","modified_gmt":"2024-05-09T08:53:17","slug":"9-comorbilidades-de-la-pif","status":"publish","type":"page","link":"https:\/\/fipmed.co\/es\/9-comorbilidades-de-la-pif\/","title":{"rendered":"9 Comorbilidades de la PIF"},"content":{"rendered":"<p>Los gatos con afecciones distintas de la PIF suelen dar casualmente positivo a los anticuerpos del FCoV o al virus. Aqu\u00ed tienes 9 comorbilidades de la PIF.<\/p>\n<p>La PIF puede ser el resultado de un sistema inmunitario debilitado por afecciones preexistentes, una mutaci\u00f3n del virus o una enfermedad inicial que cause complicaciones posteriores.<\/p>\n<h3>Enfermedad preexistente<\/h3>\n<p>Tener una enfermedad preexistente puede hacer que los gatos sean m\u00e1s propensos a la PIF, lo que afecta a su salud general y a su calidad de vida. Esto se debe a que otras enfermedades o sistemas inmunitarios debilitados pueden ser causa de la mutaci\u00f3n del virus que provoca la PIF.<\/p>\n<p>Las afecciones preexistentes no siempre son evidentes, aunque algunos signos comunes pueden ser fiebre, p\u00e9rdida de peso, letargo, anorexia y deshidrataci\u00f3n, todos ellos indicadores de infecciones bacterianas.<\/p>\n<p>Si se detectan precozmente, los antibi\u00f3ticos o la nutrici\u00f3n suplementaria podr\u00edan ayudar a mitigar cualquier da\u00f1o adicional del estado ya debilitado del gato. Adem\u00e1s, es importante mantener la vacunaci\u00f3n al d\u00eda, ya que esto tambi\u00e9n podr\u00eda actuar como protecci\u00f3n contra posibles desarrollos secundarios causados por enfermedades preexistentes, como la PIF.<\/p>\n<h3>Mutaci\u00f3n del virus<\/h3>\n<p>Las mutaciones de la prote\u00edna pico del virus, que es una parte importante del coronavirus felino, pueden causar cambios en la forma en que el virus se propaga y replica. Cuando existen mutaciones en esta prote\u00edna concreta, aumenta la capacidad de la PIF para infectar a los gatos, as\u00ed como su gravedad cuando se contrae.<\/p>\n<p>Adem\u00e1s, estos picos pueden interferir con otros procesos m\u00e1s com\u00fanmente asociados con la funci\u00f3n de las c\u00e9lulas del sistema inmunitario, lo que conduce a resultados anormales de la evoluci\u00f3n regular de la enfermedad.<\/p>\n<p>Como resultado, diversas comorbilidades relacionadas con la PIF, como la neumon\u00eda, la enfermedad renal cr\u00f3nica (ERC), el virus de la leucemia felina (VLF), el c\u00e1ncer o las enfermedades autoinmunes, pueden desarrollarse a tasas superiores a las esperadas, debido al debilitamiento de las respuestas inmunitarias causado por dichas mutaciones v\u00edricas ya existentes en las c\u00e9lulas.<\/p>\n<h3>La enfermedad inicial provoc\u00f3 un sistema inmunitario d\u00e9bil<\/h3>\n<p>Cuando un gato tiene una infecci\u00f3n subyacente, el sistema inmunitario puede debilitarse. Esta inmunidad debilitada conlleva un mayor riesgo de desarrollar PIF. Las tensiones ambientales tambi\u00e9n pueden debilitar el sistema inmunitario y aumentar la susceptibilidad a las infecciones por FIPV.<\/p>\n<p>En particular, los gatos con infecciones por FeLV (virus de la leucemia felina) son m\u00e1s susceptibles al virus PIF que otros gatos sanos, ya que su sistema inmunitario debilitado no puede combatir eficazmente los nuevos virus.<\/p>\n<p>Los gatos j\u00f3venes y los que ya est\u00e1n inmunodeprimidos pueden tener problemas para luchar contra infecciones v\u00edricas catastr\u00f3ficas como la FIPV.<\/p>\n<p>&nbsp;<\/p>\n<h2>Tener neumon\u00eda y PIF<\/h2>\n<p>La neumon\u00eda es una comorbilidad frecuente asociada a la PIF en gatos. Esto significa que si tu gato tiene PIF, es probable que tambi\u00e9n tenga Neumon\u00eda como parte de la infecci\u00f3n. La neumon\u00eda se produce cuando la inflamaci\u00f3n bloquea las v\u00edas respiratorias que conducen a los pulmones y puede afectar a cualquier edad o raza de gato.<\/p>\n<p>Los gatos con PIF pueden desarrollar neumon\u00eda porque las part\u00edculas v\u00edricas del FCoV causan una respuesta inflamatoria que puede provocar dificultad para respirar y tos debido a la acumulaci\u00f3n de l\u00edquido en los pulmones y en las cavidades pleural o peritoneal, respectivamente.<\/p>\n<p>Los s\u00edntomas de la neumon\u00eda suelen aparecer a las dos semanas de la exposici\u00f3n al coronavirus felino, e incluyen p\u00e9rdida de apetito, letargo, fiebre, respiraci\u00f3n r\u00e1pida, aumento de la frecuencia cardiaca, respiraci\u00f3n dificultosa (conocida como disnea), p\u00e9rdida de peso y tos con mucosidad sanguinolenta.<\/p>\n<h2><strong>Tener ERC y PIF<\/strong><\/h2>\n<p>Los gatos con enfermedad renal cr\u00f3nica (ERC) tienen un mayor riesgo de desarrollar PIF, una infecci\u00f3n v\u00edrica potencialmente mortal. Los estudios han demostrado que los gatos que padecen una ERC no diagnosticada o mal tratada pueden ser m\u00e1s propensos a contraer la PIF, debido al debilitamiento de su sistema inmunitario causado por la enfermedad anterior.<\/p>\n<p>De hecho, la ERC suele desenmascararse cuando aparece la PIF en un animal afectado, lo que indica que ya estaba presente antes de mostrar signos de PIF. Esto sugiere una relaci\u00f3n entre ambas enfermedades y c\u00f3mo pueden influirse mutuamente de forma negativa.<\/p>\n<p>Afortunadamente, diagnosticar precozmente el SHK y la PIF puede proporcionar a los gatos mejores resultados, ya que un tratamiento r\u00e1pido de ambas enfermedades podr\u00eda ralentizar su progresi\u00f3n y mejorar los s\u00edntomas asociados a ellas, como la insuficiencia renal o la fiebre.<\/p>\n<h2>Tener FELV y FIP<\/h2>\n<p>La infecci\u00f3n por el virus de la leucemia felina (FeLV) es una comorbilidad frecuente de la PIF. La mayor\u00eda de los gatos que desarrollan PIF tienen una enfermedad o infecci\u00f3n preexistente, como el FeLV, que les hace m\u00e1s propensos a los virus y otros agentes infecciosos.<\/p>\n<p>La mutaci\u00f3n del virus puede provocar infecciones oportunistas en sistemas inmunitarios debilitados, lo que da lugar al desarrollo de la enfermedad. Cuando la infecci\u00f3n por FeLV cursa con PIF, muchos gatos infectados experimentan una panleucopenia profunda, es decir, una disminuci\u00f3n de los gl\u00f3bulos blancos que dificulta la inmunidad del gato.<\/p>\n<p>Este tipo de anemia provoca una disminuci\u00f3n dr\u00e1stica de los niveles de plaquetas y aumenta la fragilidad de las venas y arterias, lo que provoca problemas de hemorragia en todo el cuerpo. Otras afecciones asociadas al FeLV son las neoplasias malignas, la inmunosupresi\u00f3n y el aumento de la carga v\u00edrica en los gatos afectados, que son factores que contribuyen a un deterioro significativo de su estado de salud tras el diagn\u00f3stico de PIF.<\/p>\n<h2>Tener c\u00e1ncer y PIF<\/h2>\n<p>Los gatos que desarrollan c\u00e1ncer, o neoplasia felina, pueden ser igual de susceptibles de contraer otras enfermedades concurrentes, como la PIF. Aunque no hay pruebas que sugieran una relaci\u00f3n directa entre tener c\u00e1ncer y la PIF en los gatos, los expertos reconocen una mayor vulnerabilidad de algunos gatos con c\u00e1ncer que tambi\u00e9n contraen la PIF.<\/p>\n<p>Es probable que el sistema inmunitario m\u00e1s d\u00e9bil de los infectados por cualquiera de las dos enfermedades contribuya a que ambas se presenten a la vez.<\/p>\n<p>Los s\u00edntomas pueden solaparse en cierta medida en funci\u00f3n de los tipos espec\u00edficos de c\u00e1ncer y de la cepa del virus implicado en la PIF, como la p\u00e9rdida cr\u00f3nica de peso o el aumento de peso, el letargo, la mala salud general, los episodios recurrentes de fiebre o los problemas respiratorios se observan entre los gatos afectados simult\u00e1neamente por ambas afecciones.<\/p>\n<p>Debido al hecho de que estas dos enfermedades comparten algunos indicadores comunes, un diagn\u00f3stico definitivo suele requerir un an\u00e1lisis completo del panel sangu\u00edneo, que permite a los veterinarios analizar mejor la naturaleza y el alcance de las infecciones.<\/p>\n<h2>Tener enfermedades autoinmunes y PIF<\/h2>\n<p>Los propietarios de gatos deben ser conscientes de los posibles factores de riesgo asociados a la PIF, uno de los cuales pueden ser las enfermedades autoinmunes. Las enfermedades autoinmunes se producen en los gatos cuando los anticuerpos del organismo atacan a sus propios tejidos y \u00f3rganos en lugar de a sustancias extra\u00f1as como bacterias y virus.<\/p>\n<p>Este estado debilitado del sistema inmunitario lo hace m\u00e1s vulnerable a infecciones como la PIF. Adem\u00e1s, las afecciones preexistentes debidas a trastornos autoinmunitarios pueden crear un entorno propicio para la mutaci\u00f3n de coronavirus que, aunque en un principio son inofensivos, pueden convertirse en PIF, causando da\u00f1os en las c\u00e9lulas de \u00f3rganos vitales.<\/p>\n<p>Debido a su naturaleza de enfermedad transmitida por el aire, incluso los gatos sanos sin ninguna afecci\u00f3n preexistente pueden estar en riesgo si han estado expuestos a que un gato infectado se toque la nariz o estornude cerca de ellos.<\/p>\n<h2>Tener una infecci\u00f3n bacteriana y PIF<\/h2>\n<p>Los propietarios de gatos deben ser conscientes de que las infecciones bacterianas pueden desempe\u00f1ar un papel en el desarrollo y la progresi\u00f3n de la PIF.<\/p>\n<p>Adem\u00e1s, tener una infecci\u00f3n bacteriana no tratada puede debilitar a\u00fan m\u00e1s el sistema inmunitario del gato, lo que le lleva a sucumbir m\u00e1s r\u00e1pidamente a la PIF si est\u00e1 infectado por ella<\/p>\n<h2>Tener FHV y FIP<\/h2>\n<p>Cuando un gato est\u00e1 infectado tanto por el Herpesvirus Felino (HVF) como por el PIF, puede tratarse de un caso especialmente grave. El VHF debilita la capacidad del organismo para combatir otras enfermedades, lo que hace que los gatos sean m\u00e1s susceptibles de enfermar por otras infecciones, como la PIF.<\/p>\n<p>Adem\u00e1s, los signos de la enfermedad pueden progresar m\u00e1s r\u00e1pidamente debido al debilitamiento del sistema inmunitario. Esto se debe a que, dependiendo de la cepa seleccionada por mutaci\u00f3n gen\u00e9tica, si dos agentes, como el FHV y el FIP en este caso, est\u00e1n presentes a la vez, contribuyen simult\u00e1neamente a la inflamaci\u00f3n y causan efectos directos perjudiciales adicionales de sus propios ciclos de replicaci\u00f3n dentro de las c\u00e9lulas.<\/p>\n<h2>Tener VIF y PIF<\/h2>\n<p>Tener tanto el VIF (Virus de la Inmunodeficiencia Felina) como el PIF puede aumentar significativamente los riesgos para la salud de los gatos, ya que existe la posibilidad de una doble infecci\u00f3n.<\/p>\n<p>Por desgracia, esto aumenta el riesgo de complicaciones graves, como insuficiencia org\u00e1nica, p\u00e9rdida de peso e incluso la muerte. Por esta raz\u00f3n, es importante que los propietarios de gatos sometan a su mascota a pruebas si sospechan alguna de las dos enfermedades.<\/p>\n<p>El principal problema que se produce al tener tanto VIF como FPV en los gatos es que debilita sustancialmente el sistema inmunitario del animal, lo que le hace m\u00e1s susceptible a enfermedades o infecciones por bacterias o virus.<\/p>\n<p>Cuando los gatos est\u00e1n infectados por dos enfermedades a la vez, pueden agravarse los s\u00edntomas y tambi\u00e9n complicarse las opciones de tratamiento. En algunos casos, un gato puede mostrar s\u00f3lo signos de una enfermedad al principio, pero m\u00e1s tarde desarrollar las dos juntas debido a una inmunidad debilitada con el tiempo, por lo que es clave estar atento a los primeros signos de advertencia, como la fatiga febril y el aumento de la frecuencia respiratoria.<\/p>\n<h2>Tener PIF durante el embarazo<\/h2>\n<p>La PIF durante el embarazo es especialmente preocupante para la gata y sus gatitos. La PIF puede darse en un peque\u00f1o n\u00famero de gatas pre\u00f1adas, lo que provoca una grave mortalidad tanto en la madre como en la camada de gatitos no nacidos.<\/p>\n<p>Esta enfermedad progresa r\u00e1pidamente, con pocas posibilidades de recuperaci\u00f3n, ya que los gatos infectados por este virus sufren acumulaci\u00f3n de l\u00edquido en las cavidades corporales, inmovilidad intestinal, insuficiencia renal, lesiones hep\u00e1ticas o inflamaci\u00f3n de otros \u00f3rganos.<\/p>\n<p>Para empeorar las cosas, incluso si un feto sigue vivo hacia las \u00faltimas fases de su embarazo cuando su madre contrae la PIF, puede sucumbir debido a la falta de nutrici\u00f3n adecuada causada por el estado debilitado de su madre.<\/p>\n<p>Dado lo cr\u00edtica que puede ser la infecci\u00f3n por PIF durante el embarazo, tanto para la madre como para los beb\u00e9s afectados, los propietarios deben buscar atenci\u00f3n m\u00e9dica r\u00e1pidamente si detectan alg\u00fan s\u00edntoma relacionado con esta enfermedad mientras su gata est\u00e1 embarazada.<\/p>\n","protected":false},"excerpt":{"rendered":"<p>Los gatos con afecciones distintas de la PIF suelen dar casualmente positivo a los anticuerpos del FCoV o al virus. Aqu\u00ed tienes 9 comorbilidades de la PIF. La PIF puede ser el resultado de un sistema inmunitario debilitado por afecciones preexistentes, una mutaci\u00f3n del virus o una enfermedad inicial que cause complicaciones posteriores. Enfermedad preexistente [&hellip;]<\/p>\n","protected":false},"author":1,"featured_media":16883,"parent":0,"menu_order":0,"comment_status":"closed","ping_status":"closed","template":"","meta":{"_glsr_average":0,"_glsr_ranking":0,"_glsr_reviews":0,"footnotes":""},"categories":[684],"tags":[],"_links":{"self":[{"href":"https:\/\/fipmed.co\/es\/wp-json\/wp\/v2\/pages\/17149"}],"collection":[{"href":"https:\/\/fipmed.co\/es\/wp-json\/wp\/v2\/pages"}],"about":[{"href":"https:\/\/fipmed.co\/es\/wp-json\/wp\/v2\/types\/page"}],"author":[{"embeddable":true,"href":"https:\/\/fipmed.co\/es\/wp-json\/wp\/v2\/users\/1"}],"replies":[{"embeddable":true,"href":"https:\/\/fipmed.co\/es\/wp-json\/wp\/v2\/comments?post=17149"}],"version-history":[{"count":0,"href":"https:\/\/fipmed.co\/es\/wp-json\/wp\/v2\/pages\/17149\/revisions"}],"wp:featuredmedia":[{"embeddable":true,"href":"https:\/\/fipmed.co\/es\/wp-json\/wp\/v2\/media\/16883"}],"wp:attachment":[{"href":"https:\/\/fipmed.co\/es\/wp-json\/wp\/v2\/media?parent=17149"}],"wp:term":[{"taxonomy":"category","embeddable":true,"href":"https:\/\/fipmed.co\/es\/wp-json\/wp\/v2\/categories?post=17149"},{"taxonomy":"post_tag","embeddable":true,"href":"https:\/\/fipmed.co\/es\/wp-json\/wp\/v2\/tags?post=17149"}],"curies":[{"name":"wp","href":"https:\/\/api.w.org\/{rel}","templated":true}]}}