{"id":17160,"date":"2024-03-25T07:24:09","date_gmt":"2024-03-25T07:24:09","guid":{"rendered":"https:\/\/fipmed.co\/todo-sobre-las-causas-y-el-tratamiento-de-la-prevencion-de-recaidas-de-fip\/"},"modified":"2024-05-09T10:55:34","modified_gmt":"2024-05-09T10:55:34","slug":"todo-sobre-las-causas-y-el-tratamiento-de-la-prevencion-de-recaida-pif","status":"publish","type":"page","link":"https:\/\/fipmed.co\/es\/todo-sobre-las-causas-y-el-tratamiento-de-la-prevencion-de-recaida-pif\/","title":{"rendered":"Todo sobre la reca\u00edda PIF: Prevenci\u00f3n, causas y tratamiento"},"content":{"rendered":"<p>&nbsp;<\/p>\n<h2>\u00bfPor qu\u00e9 se produce una reca\u00edda PIF?<\/h2>\n<p>La PIF est\u00e1 causada por un virus, por lo que la enfermedad puede permanecer latente (inactiva) en el organismo de un gato infectado durante alg\u00fan tiempo despu\u00e9s del tratamiento inicial. Puede producirse una reca\u00edda PIF incluso meses o semanas despu\u00e9s de terminar el tratamiento si el virus se reactiva.<\/p>\n<p>Adem\u00e1s, se ha descubierto que las reca\u00eddas son m\u00e1s frecuentes en los gatos con s\u00edntomas neurol\u00f3gicos de PIF en comparaci\u00f3n con otras formas de la enfermedad, lo que los hace especialmente vulnerables a este problema.<\/p>\n<p>En los casos bien establecidos de infecciones oculares, cerebrales y vertebrales, puede ser necesario un tratamiento m\u00ednimo de 12 semanas para la resoluci\u00f3n y recuperaci\u00f3n completas de la PIF.<\/p>\n<h2>\u00bfC\u00f3mo prevenir una reca\u00edda de la PIF cuando se trata con GS441524?<\/h2>\n<h3>No utilices inmunosupresores<\/h3>\n<p>Los inmunosupresores son f\u00e1rmacos que se prescriben normalmente para reducir el da\u00f1o de la inflamaci\u00f3n cuando se trata la peritonitis infecciosa felina (PIF) en el periodo inicial.<\/p>\n<p>Los f\u00e1rmacos inmunosupresores pueden interferir en la capacidad del organismo para recuperarse de la PIF, ya que debilitan los sistemas de defensa naturales al disminuir la inflamaci\u00f3n y suprimir la inmunidad. Esto puede aumentar el riesgo de reca\u00edda o de otras complicaciones, como una infecci\u00f3n.<\/p>\n<h3>Contin\u00faa el tratamiento durante un m\u00ednimo de 84 d\u00edas<\/h3>\n<p>La recomendaci\u00f3n de tratar a los gatos con PIF recidivanteGS441524 durante 84 d\u00edas est\u00e1 respaldada por la investigaci\u00f3n, que demuestra que aumenta la eficacia del tratamiento. De 393 pacientes, el 90% consigui\u00f3 un curso satisfactorio al administrar GS441524 durante 12 semanas y el 11,4% prolong\u00f3 su tratamiento m\u00e1s all\u00e1 de 84 d\u00edas para obtener resultados a\u00fan mejores.<\/p>\n<p>Esto refuerza a\u00fan m\u00e1s la importancia de completar toda la dosis recomendada para optimizar las tasas de \u00e9xito.<\/p>\n<p>Una dosis insuficiente de GS441524 aumenta el riesgo de reca\u00edda, as\u00ed como la resistencia al f\u00e1rmaco, lo que en \u00faltima instancia puede dar lugar a un tratamiento infructuoso para tu compa\u00f1ero felino.<\/p>\n<h3>Proporcionar suficiente hidrataci\u00f3n y apoyo nutricional<\/h3>\n<p>Es esencial proporcionar una hidrataci\u00f3n y un apoyo nutricional adecuados durante el tratamiento de la reca\u00edda de la PIF. La hidrataci\u00f3n es enormemente importante en el tratamiento de los gatos con PIF, ya que ayuda a mantener el funcionamiento normal de los \u00f3rganos y favorece la respuesta del sistema inmunitario contra el virus.<\/p>\n<p>Adem\u00e1s, puede ayudar a reducir algunos de los problemas de coagulaci\u00f3n de la sangre asociados a esta enfermedad. Mientras tanto, una nutrici\u00f3n adecuada desempe\u00f1a un papel esencial en el apoyo a la curaci\u00f3n y la recuperaci\u00f3n.<\/p>\n<p>Se necesita una ingesta adecuada de prote\u00ednas para fortalecer los m\u00fasculos afectados por la infecci\u00f3n y restablecer los niveles de energ\u00eda perdidos debido a un estado debilitado o a los efectos secundarios de la medicaci\u00f3n, mientras que ciertos suplementos diet\u00e9ticos podr\u00edan ayudar a reforzar a\u00fan m\u00e1s la inmunidad del gato para contrarrestar el virus.<\/p>\n<h2>\u00bfC\u00f3mo tratar una reca\u00edda si se produce?<\/h2>\n<h3>Aumenta la dosis de GS441524<\/h3>\n<p>Si se produce una reca\u00edda tras el curso del tratamiento de la PIF en gatos, es necesario aumentar la dosis de GS441524 en un 50%. Una dosis m\u00e1s alta puede mejorar la eficacia en el tratamiento de las reca\u00eddas de la PIF.<\/p>\n<p>Si tu gato ha desarrollado una gran resistencia a GS441524, puedes combinar el tratamiento con GC376. Sin embargo, cuando se producen reca\u00eddas, las probabilidades de que el gato sobreviva suelen ser escasas.<\/p>\n","protected":false},"excerpt":{"rendered":"<p>&nbsp; \u00bfPor qu\u00e9 se produce una reca\u00edda PIF? La PIF est\u00e1 causada por un virus, por lo que la enfermedad puede permanecer latente (inactiva) en el organismo de un gato infectado durante alg\u00fan tiempo despu\u00e9s del tratamiento inicial. Puede producirse una reca\u00edda PIF incluso meses o semanas despu\u00e9s de terminar el tratamiento si el virus [&hellip;]<\/p>\n","protected":false},"author":1,"featured_media":16869,"parent":0,"menu_order":0,"comment_status":"closed","ping_status":"closed","template":"","meta":{"_glsr_average":0,"_glsr_ranking":0,"_glsr_reviews":0,"footnotes":""},"categories":[684],"tags":[],"_links":{"self":[{"href":"https:\/\/fipmed.co\/es\/wp-json\/wp\/v2\/pages\/17160"}],"collection":[{"href":"https:\/\/fipmed.co\/es\/wp-json\/wp\/v2\/pages"}],"about":[{"href":"https:\/\/fipmed.co\/es\/wp-json\/wp\/v2\/types\/page"}],"author":[{"embeddable":true,"href":"https:\/\/fipmed.co\/es\/wp-json\/wp\/v2\/users\/1"}],"replies":[{"embeddable":true,"href":"https:\/\/fipmed.co\/es\/wp-json\/wp\/v2\/comments?post=17160"}],"version-history":[{"count":0,"href":"https:\/\/fipmed.co\/es\/wp-json\/wp\/v2\/pages\/17160\/revisions"}],"wp:featuredmedia":[{"embeddable":true,"href":"https:\/\/fipmed.co\/es\/wp-json\/wp\/v2\/media\/16869"}],"wp:attachment":[{"href":"https:\/\/fipmed.co\/es\/wp-json\/wp\/v2\/media?parent=17160"}],"wp:term":[{"taxonomy":"category","embeddable":true,"href":"https:\/\/fipmed.co\/es\/wp-json\/wp\/v2\/categories?post=17160"},{"taxonomy":"post_tag","embeddable":true,"href":"https:\/\/fipmed.co\/es\/wp-json\/wp\/v2\/tags?post=17160"}],"curies":[{"name":"wp","href":"https:\/\/api.w.org\/{rel}","templated":true}]}}