{"id":17171,"date":"2024-03-25T05:50:49","date_gmt":"2024-03-25T05:50:49","guid":{"rendered":"https:\/\/fipmed.co\/factores-de-riesgo-de-peritonitis-infecciosa-felina\/"},"modified":"2024-05-09T09:45:09","modified_gmt":"2024-05-09T09:45:09","slug":"factores-de-riesgo-pif-de-peritonitis-infecciosa-felina","status":"publish","type":"page","link":"https:\/\/fipmed.co\/es\/factores-de-riesgo-pif-de-peritonitis-infecciosa-felina\/","title":{"rendered":"Peritonitis Infecciosa Felina: Factores de riesgo PIF"},"content":{"rendered":"<p><strong>\u00bfCu\u00e1les son algunos de los factores de riesgo PIF?<\/strong><\/p>\n<p>Algunos gatos son m\u00e1s propensos a contraer PIF que otros, aunque el Coronavirus responsable se encuentra en todas partes. A continuaci\u00f3n se indican algunos de los factores de riesgo que aumentan el riesgo de que un gato contraiga la PIF.<\/p>\n<p>&nbsp;<\/p>\n<p><strong>Edad<\/strong><\/p>\n<p>El 50% de los gatos que desarrollan PIF tienen menos de 2 a\u00f1os, por lo que probablemente se infectaron cuando eran gatitos, cuando su sistema inmunitario era demasiado joven para hacer frente a la infecci\u00f3n por FCoV.<\/p>\n<p>Los gatos m\u00e1s j\u00f3venes y los gatos mayores suelen tener un sistema inmunitario inmaduro o debilitado que puede exponerlos a un mayor riesgo de desarrollar PIF. Los gatitos j\u00f3venes tambi\u00e9n pueden estar expuestos al virus cuando est\u00e1n en criaderos o refugios.<\/p>\n<p>&nbsp;<\/p>\n<p><strong>Raza como factores de riesgo de PIF<\/strong><\/p>\n<p>Ciertas razas, como los gatos de raza pura o los procedentes de criaderos, pueden tener un mayor riesgo de PIF. Los gatos persas y razas afines parecen ser m\u00e1s susceptibles. Hay pruebas que sugieren que los gatos persas son portadores de \u00abalelos predisponentes\u00bb para esta enfermedad, lo que les hace vulnerables cuando se exponen al virus que causa la PIF.<\/p>\n<p>Los gatos procedentes de criaderos o de l\u00edneas de pura raza pueden ser especialmente propensos a desarrollar la PIF. Los abisinios, bengal\u00edes, birmanos, himalayos, ragdolls y rex tienen un riesgo significativamente mayor de padecer la enfermedad en comparaci\u00f3n con otros gatos.<\/p>\n<p>Otras razas de gatos, como los birmanos, los ex\u00f3ticos de pelo corto, los mansos, los persas y los azules rusos, tambi\u00e9n son m\u00e1s susceptibles a la PIF debido a la gen\u00e9tica y a su mayor exposici\u00f3n en los programas de cr\u00eda.<\/p>\n<p>Se cree que ciertos factores gen\u00e9ticos asociados a los gatos persas (y sus razas asociadas) los hacen ligeramente menos capaces que otras especies felinas de controlar el virus que causa la PIF, lo que los hace m\u00e1s propensos a la infecci\u00f3n si entran en contacto con \u00e9l.<\/p>\n<p>&nbsp;<\/p>\n<p><strong>Condiciones de vida hacinadas<\/strong><\/p>\n<p>Los gatos que viven en entornos atestados o estresantes, como hogares con varios gatos o refugios, pueden tener un mayor riesgo de exposici\u00f3n al coronavirus felino, que puede aumentar la probabilidad de desarrollar PIF.<\/p>\n<p>Algunos factores de riesgo de la PIF relacionados con la vida en condiciones de hacinamiento son la proximidad con otros gatos, los recursos compartidos (como platos de comida, cajas de arena y camas) y el debilitamiento del sistema inmunitario debido al estr\u00e9s.<\/p>\n<p>La exposici\u00f3n a otros gatos es un factor importante de transmisi\u00f3n, ya que los gatos infectados eliminan el virus en su saliva o heces. El contacto estrecho entre gatos permite que el virus se propague m\u00e1s f\u00e1cilmente.<\/p>\n<p>En los hogares con varios gatos y en los refugios es importante reducir las posibilidades de transmisi\u00f3n fomentando buenas pr\u00e1cticas de higiene, como desinfectar las superficies con limpiador dom\u00e9stico y lavarse las manos con regularidad entre caricias a distintos felinos.<\/p>\n<p>Tambi\u00e9n es importante fomentar comportamientos saludables entre los gatos, como proporcionarles espacio suficiente para que no se peleen por el territorio. Utiliza medidas de control de plagas, como tratamientos antipulgas si es necesario, y ofrece actividades de enriquecimiento, como juguetes\/comedores\/torres de escalada, etc.<\/p>\n<p>Aseg\u00farate de que los gatos se alimentan por igual, sin necesidad de que se \u00abpeleen\u00bb por la comida, y proporci\u00f3nales lugares de descanso c\u00f3modos.<\/p>\n<p>&nbsp;<\/p>\n<p><strong>Gen\u00e9tica<\/strong><\/p>\n<p>Algunos gatos pueden tener una predisposici\u00f3n gen\u00e9tica que los hace m\u00e1s susceptibles de desarrollar PIF. Esto puede estar relacionado con su sistema inmunitario o su capacidad para controlar el coronavirus felino.<\/p>\n<p>La composici\u00f3n gen\u00e9tica de un gato puede hacerlo m\u00e1s vulnerable a la infecci\u00f3n, ya sea porque es incapaz de reconocer y combatir las part\u00edculas del virus invasor o porque sus membranas celulares son menos resistentes al virus.<\/p>\n<p>Tambi\u00e9n pueden hacer que determinadas c\u00e9lulas de los gatos sean susceptibles a una respuesta inmunitaria que desencadenar\u00e1 una inflamaci\u00f3n que provocar\u00e1 m\u00e1s da\u00f1os en los tejidos. Adem\u00e1s, algunos gatos pueden carecer de la capacidad de controlar la replicaci\u00f3n de la peligrosa cepa del coronavirus felino asociada a la PIF, lo que aumenta su susceptibilidad a desarrollar esta enfermedad.<\/p>\n<p>&nbsp;<\/p>\n<p><strong>Estr\u00e9s<\/strong><\/p>\n<p>El estr\u00e9s afecta negativamente al sistema inmunitario de los gatos, reduciendo su capacidad para combatir las infecciones. Los gatos pueden estresarse cuando experimentan alg\u00fan cambio significativo en su entorno o rutina, como una mudanza o la introducci\u00f3n de una nueva mascota.<\/p>\n<p>Cuando un gato se expone a factores estresantes, su organismo libera hormonas que suprimen la producci\u00f3n y la funci\u00f3n de determinadas c\u00e9lulas inmunitarias. Esto hace que disminuya el rendimiento general del sistema inmunitario del gato, haci\u00e9ndolo m\u00e1s susceptible no s\u00f3lo a la PIF, sino tambi\u00e9n a otras enfermedades o dolencias, como las causadas por par\u00e1sitos y bacterias.<\/p>\n<p>La mayor\u00eda de los gatos que desarrollan la PIF tienen antecedentes de haber estado estresados algunas semanas o meses antes de desarrollar la PIF.<\/p>\n<p>Por ello, proporcionar a tus mascotas actividades de enriquecimiento ambiental y minimizar las posibles fuentes de estr\u00e9s puede ayudar a reducir su vulnerabilidad a esta enfermedad.<\/p>\n<p>&nbsp;<\/p>\n<p><strong>Estado del sistema inmunitario<\/strong><\/p>\n<p>Los gatos con sistemas inmunitarios comprometidos, como los que tienen el virus de la leucemia felina (FeLV) o el virus de la inmunodeficiencia felina (FIV), corren un mayor riesgo de desarrollar PIF.<\/p>\n<p>El FeLV y el FIV son infecciones v\u00edricas que afectan a los gatos, y ambas atacan a su sistema inmunitario. Como resultado, los gatos con un sistema inmunitario debilitado debido a cualquiera de los dos virus suelen tener dificultades para combatir otras enfermedades o dolencias, incluida la PIF.<\/p>\n<p>Los gatos con enfermedades subyacentes como FeLV o FIV pueden ser menos capaces de montar una respuesta eficaz contra la infecci\u00f3n por coronavirus cuando se exponen a ella y es m\u00e1s probable que sucumban a desarrollar la enfermedad.<\/p>\n<p>La mejor forma de que los padres de mascotas minimicen el riesgo de que su gato desarrolle PIF es conociendo su historial sanitario. Las visitas peri\u00f3dicas al veterinario deben incluir revisiones minuciosas de la salud general de tu mascota, incluidas pruebas para detectar estos virus, de modo que puedas detectar precozmente cualquier signo y proporcionar a tu gato los cuidados y el tratamiento adecuados en caso necesario.<\/p>\n","protected":false},"excerpt":{"rendered":"<p>\u00bfCu\u00e1les son algunos de los factores de riesgo PIF? Algunos gatos son m\u00e1s propensos a contraer PIF que otros, aunque el Coronavirus responsable se encuentra en todas partes. A continuaci\u00f3n se indican algunos de los factores de riesgo que aumentan el riesgo de que un gato contraiga la PIF. &nbsp; Edad El 50% de los [&hellip;]<\/p>\n","protected":false},"author":1,"featured_media":16826,"parent":0,"menu_order":0,"comment_status":"closed","ping_status":"closed","template":"","meta":{"_glsr_average":0,"_glsr_ranking":0,"_glsr_reviews":0,"footnotes":""},"categories":[684],"tags":[],"_links":{"self":[{"href":"https:\/\/fipmed.co\/es\/wp-json\/wp\/v2\/pages\/17171"}],"collection":[{"href":"https:\/\/fipmed.co\/es\/wp-json\/wp\/v2\/pages"}],"about":[{"href":"https:\/\/fipmed.co\/es\/wp-json\/wp\/v2\/types\/page"}],"author":[{"embeddable":true,"href":"https:\/\/fipmed.co\/es\/wp-json\/wp\/v2\/users\/1"}],"replies":[{"embeddable":true,"href":"https:\/\/fipmed.co\/es\/wp-json\/wp\/v2\/comments?post=17171"}],"version-history":[{"count":0,"href":"https:\/\/fipmed.co\/es\/wp-json\/wp\/v2\/pages\/17171\/revisions"}],"wp:featuredmedia":[{"embeddable":true,"href":"https:\/\/fipmed.co\/es\/wp-json\/wp\/v2\/media\/16826"}],"wp:attachment":[{"href":"https:\/\/fipmed.co\/es\/wp-json\/wp\/v2\/media?parent=17171"}],"wp:term":[{"taxonomy":"category","embeddable":true,"href":"https:\/\/fipmed.co\/es\/wp-json\/wp\/v2\/categories?post=17171"},{"taxonomy":"post_tag","embeddable":true,"href":"https:\/\/fipmed.co\/es\/wp-json\/wp\/v2\/tags?post=17171"}],"curies":[{"name":"wp","href":"https:\/\/api.w.org\/{rel}","templated":true}]}}