{"id":17208,"date":"2024-03-25T06:20:25","date_gmt":"2024-03-25T06:20:25","guid":{"rendered":"https:\/\/fipmed.co\/debo-iniciar-el-tratamiento-de-gatos-fip-sin-un-diagnostico-conclusivo-confirmado\/"},"modified":"2024-05-08T11:19:54","modified_gmt":"2024-05-08T11:19:54","slug":"debo-iniciar-el-tratamiento-pif-gatos-sin-un-diagnostico-concluyente-confirmado","status":"publish","type":"page","link":"https:\/\/fipmed.co\/es\/debo-iniciar-el-tratamiento-pif-gatos-sin-un-diagnostico-concluyente-confirmado\/","title":{"rendered":"\u00bfDebo iniciar el tratamiento PIF gatos sin un diagn\u00f3stico concluyente confirmado?"},"content":{"rendered":"<p>\u00bfDebo iniciar el tratamiento PIF gatos sin un diagn\u00f3stico concluyente confirmado? La respuesta corta es s\u00ed. Pero siempre debes seguir buscando un diagn\u00f3stico confirmado aunque hayas empezado el tratamiento. Esto se debe a que no queremos perder el tiempo, sino saber cu\u00e1l es la enfermedad real lo antes posible.<\/p>\n<p>La PIF o peritonitis infecciosa felina es una enfermedad incre\u00edblemente dif\u00edcil de diagnosticar. Como no existe una prueba espec\u00edfica para ello, los veterinarios tienen que basarse en m\u00faltiples indicadores para calibrar si un gato responde a un ataque de FCov en el organismo.<\/p>\n<p>Ning\u00fan diagn\u00f3stico de PIF es concluyente al 100%. Esto se debe a que la PIF comparte demasiados s\u00edntomas con otras enfermedades, y 1 indicador no significa que el gato tenga PIF. Cuantos m\u00e1s indicadores haya en los an\u00e1lisis de sangre, pruebas de efusi\u00f3n, pruebas de anticuerpos, etc., m\u00e1s confianza tendr\u00e1n los veterinarios para determinar si se trata de PIF.<\/p>\n<p>Por eso es bueno que el veterinario trate la PIF si est\u00e1 seguro al 50% de que es PIF, y mientras la trata, siga haciendo otras pruebas para descartar otras enfermedades. Esto se debe a que GS441524 no causa efectos secundarios graves.<\/p>\n<h1><\/h1>\n<h1><strong>Retos y limitaciones del diagn\u00f3stico<\/strong><\/h1>\n<p>&nbsp;<\/p>\n<p><strong>Falsos positivos y negativos<\/strong><\/p>\n<p>Las pruebas de PIF pueden dar falsos positivos y falsos negativos. Un falso positivo se produce cuando una prueba indica que un gato tiene el virus, aunque en realidad no lo tenga. Esto puede dar lugar a diagn\u00f3sticos err\u00f3neos o a protocolos de tratamiento inadecuados para gatos que en realidad no est\u00e1n infectados por el virus.<\/p>\n<p>Un falso negativo se produce cuando la prueba indica incorrectamente que no hay pruebas de la presencia del virus en la muestra, lo que tambi\u00e9n puede dar lugar a un retraso o a un tratamiento inadecuado de los gatos que s\u00ed est\u00e1n infectados por PIF.<\/p>\n<p>En algunos casos, los resultados incorrectos pueden deberse a muestras de mala calidad. Por ejemplo, no sirve de nada si el tejido o la sangre utilizados para las pruebas se han manipulado mal durante la recogida y el transporte. Por tanto, es incre\u00edblemente importante tomar y conservar cuidadosamente las muestras en cuanto se hayan tomado de un animal al que se le est\u00e9n haciendo pruebas de PIF.<\/p>\n<p>&nbsp;<\/p>\n<h1><strong>\u00bfY si no puedes diagnosticar? Iniciar el tratamiento\u00a0PIF gatos para diagnosticar.<\/strong><\/h1>\n<p>El m\u00e9todo de \u00abtratar para diagnosticar\u00bb se emplea a veces en medicina veterinaria, incluso en gatos, en circunstancias espec\u00edficas. Este enfoque implica administrar un ensayo terap\u00e9utico de tratamiento para ver si el paciente responde positivamente antes de obtener un diagn\u00f3stico definitivo. Aunque tiene sus limitaciones, puede ser beneficiosa en determinadas situaciones:<\/p>\n<p>&nbsp;<\/p>\n<p><strong>Enfermedades de progresi\u00f3n r\u00e1pida<\/strong><\/p>\n<p>En los casos en que un gato presenta s\u00edntomas graves o que evolucionan r\u00e1pidamente, esperar a realizar pruebas diagn\u00f3sticas exhaustivas para confirmar una enfermedad concreta puede no ser pr\u00e1ctico. Iniciar el tratamiento con prontitud puede ser crucial, sobre todo si retrasarlo puede conducir a un empeoramiento de la enfermedad.<\/p>\n<p>&nbsp;<\/p>\n<p><strong>Recursos o acceso a herramientas de diagn\u00f3stico limitados<\/strong><\/p>\n<p>En algunas situaciones, los centros veterinarios pueden tener limitaciones en cuanto a las herramientas de diagn\u00f3stico disponibles, como pruebas de imagen o de laboratorio especializadas. Iniciar el tratamiento puede ser un enfoque pragm\u00e1tico mientras se esperan los resultados de instalaciones de diagn\u00f3stico m\u00e1s amplias.<\/p>\n<p>&nbsp;<\/p>\n<p><strong>Ambig\u00fcedad diagn\u00f3stica<\/strong><\/p>\n<p>Cuando los s\u00edntomas de un gato son ambiguos y no hay certeza sobre la causa subyacente, puede iniciarse un ensayo terap\u00e9utico para observar la respuesta. Si el gato mejora con el tratamiento, puede proporcionar informaci\u00f3n valiosa sobre la posible causa de los s\u00edntomas.<\/p>\n<p>&nbsp;<\/p>\n<p><strong>Limitaciones del cliente<\/strong><\/p>\n<p>Algunos propietarios de gatos pueden tener limitaciones econ\u00f3micas que les impidan realizar un diagn\u00f3stico exhaustivo. Empezar el tratamiento puede ser una opci\u00f3n m\u00e1s factible en tales situaciones, sobre todo si el tratamiento es relativamente de bajo riesgo y tiene una probabilidad razonable de \u00e9xito.<\/p>\n<p>&nbsp;<\/p>\n<h1><strong>Factores y par\u00e1metros que determinan qu\u00e9 tratar<\/strong><\/h1>\n<p>Cuando un veterinario se enfrenta a un gato que presenta s\u00edntomas vagos o m\u00faltiples enfermedades posibles, emplea un enfoque sistem\u00e1tico para reducir los posibles diagn\u00f3sticos y determinar una l\u00ednea de actuaci\u00f3n adecuada. El proceso de toma de decisiones implica tener en cuenta varios factores y par\u00e1metros como \u00e9stos.<\/p>\n<p>&nbsp;<\/p>\n<p><strong>Edad y raza:<\/strong> Algunas enfermedades son m\u00e1s frecuentes en grupos de edad o razas espec\u00edficas. Conocer la edad y la raza del gato puede ayudar al veterinario a priorizar o descartar determinadas afecciones.<\/p>\n<p>Historial de <strong>vacunaci\u00f3n<\/strong>: El historial de vacunaciones de un gato puede dar pistas sobre la probabilidad de que padezca ciertas enfermedades infecciosas.<\/p>\n<p><strong>Patr\u00f3n y duraci\u00f3n de los s\u00edntomas:<\/strong> Comprender el patr\u00f3n y la duraci\u00f3n de los s\u00edntomas ayuda a clasificar las enfermedades como agudas o cr\u00f3nicas y puede orientar el proceso de diagn\u00f3stico.<\/p>\n<p><strong>Gravedad de los s\u00edntomas:<\/strong> La gravedad de los signos cl\u00ednicos puede dar una idea de la urgencia de la intervenci\u00f3n y del impacto potencial en el bienestar general del gato.<\/p>\n<p><strong>Pruebas diagn\u00f3sticas:<\/strong> Los resultados de las pruebas preliminares de PIF realizadas.<\/p>\n<p><strong>Pruebas iniciales de detecci\u00f3n:<\/strong> Las pruebas b\u00e1sicas de la PIF, como el hemograma completo y la bioqu\u00edmica s\u00e9rica, pueden proporcionar informaci\u00f3n valiosa sobre la salud general del gato y pueden revelar anomal\u00edas indicativas de enfermedades espec\u00edficas.<\/p>\n<p><strong>Pruebas especializadas:<\/strong> En funci\u00f3n de las enfermedades sospechosas, pueden recomendarse pruebas m\u00e1s especializadas, como estudios de imagen (radiograf\u00edas, ecograf\u00edas), pruebas de PCR y t\u00edtulos de anticuerpos.<\/p>\n<p><strong>Seguimiento de la respuesta:<\/strong> Es esencial un seguimiento estrecho de la respuesta del gato al tratamiento. Si hay mejor\u00eda, el veterinario puede continuar el tratamiento o modificarlo en funci\u00f3n de la respuesta observada.<\/p>\n<p><strong>Seguridad del tratamiento:<\/strong> Se tiene en cuenta el perfil de seguridad del tratamiento elegido. Pueden preferirse los tratamientos de bajo riesgo o las intervenciones con una alta probabilidad de beneficio, sobre todo si es dif\u00edcil obtener inmediatamente un diagn\u00f3stico definitivo.<\/p>\n<p><strong>Consideraciones econ\u00f3micas:<\/strong> Las limitaciones econ\u00f3micas del propietario del gato pueden influir en el enfoque diagn\u00f3stico. Los veterinarios y los propietarios pueden decidir en colaboraci\u00f3n un plan de diagn\u00f3stico escalonado basado en prioridades.<\/p>\n<p>&nbsp;<\/p>\n<p>Es importante tener en cuenta que el enfoque de \u00abtratar para diagnosticar\u00bb e iniciar el tratamiento PIF gatos tiene sus inconvenientes. Sin un diagn\u00f3stico confirmado, existe el riesgo de un tratamiento inadecuado o ineficaz.<\/p>\n<p>Adem\u00e1s, puede retrasar la identificaci\u00f3n de afecciones subyacentes que requieran intervenciones espec\u00edficas. Los veterinarios sopesan cuidadosamente los posibles beneficios y riesgos antes de optar por este enfoque, y es esencial un estrecho seguimiento de la respuesta del gato al tratamiento para orientar los esfuerzos posteriores de diagn\u00f3stico.<\/p>\n<p>Es crucial que los veterinarios se comuniquen de forma transparente con los propietarios de mascotas sobre la justificaci\u00f3n de este m\u00e9todo y la necesidad de diagn\u00f3sticos continuos para garantizar la mejor atenci\u00f3n posible al gato.<\/p>\n","protected":false},"excerpt":{"rendered":"<p>\u00bfDebo iniciar el tratamiento PIF gatos sin un diagn\u00f3stico concluyente confirmado? La respuesta corta es s\u00ed. Pero siempre debes seguir buscando un diagn\u00f3stico confirmado aunque hayas empezado el tratamiento. Esto se debe a que no queremos perder el tiempo, sino saber cu\u00e1l es la enfermedad real lo antes posible. La PIF o peritonitis infecciosa felina [&hellip;]<\/p>\n","protected":false},"author":1,"featured_media":16802,"parent":0,"menu_order":0,"comment_status":"closed","ping_status":"closed","template":"","meta":{"_glsr_average":0,"_glsr_ranking":0,"_glsr_reviews":0,"footnotes":""},"categories":[684],"tags":[],"_links":{"self":[{"href":"https:\/\/fipmed.co\/es\/wp-json\/wp\/v2\/pages\/17208"}],"collection":[{"href":"https:\/\/fipmed.co\/es\/wp-json\/wp\/v2\/pages"}],"about":[{"href":"https:\/\/fipmed.co\/es\/wp-json\/wp\/v2\/types\/page"}],"author":[{"embeddable":true,"href":"https:\/\/fipmed.co\/es\/wp-json\/wp\/v2\/users\/1"}],"replies":[{"embeddable":true,"href":"https:\/\/fipmed.co\/es\/wp-json\/wp\/v2\/comments?post=17208"}],"version-history":[{"count":0,"href":"https:\/\/fipmed.co\/es\/wp-json\/wp\/v2\/pages\/17208\/revisions"}],"wp:featuredmedia":[{"embeddable":true,"href":"https:\/\/fipmed.co\/es\/wp-json\/wp\/v2\/media\/16802"}],"wp:attachment":[{"href":"https:\/\/fipmed.co\/es\/wp-json\/wp\/v2\/media?parent=17208"}],"wp:term":[{"taxonomy":"category","embeddable":true,"href":"https:\/\/fipmed.co\/es\/wp-json\/wp\/v2\/categories?post=17208"},{"taxonomy":"post_tag","embeddable":true,"href":"https:\/\/fipmed.co\/es\/wp-json\/wp\/v2\/tags?post=17208"}],"curies":[{"name":"wp","href":"https:\/\/api.w.org\/{rel}","templated":true}]}}