{"id":22112,"date":"2022-11-25T09:19:05","date_gmt":"2022-11-25T09:19:05","guid":{"rendered":"https:\/\/fipmed.co\/politica-de-privacidad\/"},"modified":"2024-07-24T09:30:08","modified_gmt":"2024-07-24T09:30:08","slug":"politica-de-privacidad","status":"publish","type":"page","link":"https:\/\/fipmed.co\/es\/politica-de-privacidad\/","title":{"rendered":"Pol\u00edtica de privacidad"},"content":{"rendered":"\t\t<div data-elementor-type=\"wp-page\" data-elementor-id=\"22112\" class=\"elementor elementor-22112 elementor-3\">\n\t\t\t\t\t\t<section class=\"elementor-section elementor-top-section elementor-element elementor-element-8b2513f elementor-section-boxed elementor-section-height-default elementor-section-height-default\" data-id=\"8b2513f\" data-element_type=\"section\">\n\t\t\t\t\t\t<div class=\"elementor-container elementor-column-gap-default\">\n\t\t\t\t\t<div class=\"elementor-column elementor-col-100 elementor-top-column elementor-element elementor-element-cb4fbe6\" data-id=\"cb4fbe6\" data-element_type=\"column\">\n\t\t\t<div class=\"elementor-widget-wrap elementor-element-populated\">\n\t\t\t\t\t\t<div class=\"elementor-element elementor-element-4603e09 elementor-widget elementor-widget-text-editor\" data-id=\"4603e09\" data-element_type=\"widget\" data-widget_type=\"text-editor.default\">\n\t\t\t\t<div class=\"elementor-widget-container\">\n\t\t\t\t\t\t\t\t\t<p class=\"p1\"><span class=\"s1\">La privacidad de los datos es de gran importancia para FipMed.co y queremos ser abiertos y transparentes con la forma en que procesamos tus datos personales.<br \/>\nNos comprometemos a proteger la privacidad y seguridad de nuestros clientes y visitantes del sitio. <span class=\"Apple-converted-space\">  <\/span>Por lo tanto, tenemos una pol\u00edtica que establece la finalidad para la que se recopilar\u00e1n tus datos personales, as\u00ed como la forma en que se procesar\u00e1n y proteger\u00e1n.<span class=\"Apple-converted-space\">  <\/span>Tambi\u00e9n tendr\u00e1s la oportunidad de controlar el proceso de recogida de datos y gestionar el nivel de comunicaci\u00f3n que deseas con nosotros.<\/span><\/p>\n<p class=\"p1\">\n<p class=\"p1\"><span class=\"s1\">&#8211; Tus datos s\u00f3lo se utilizar\u00e1n para mejorar nuestro servicio y tu experiencia con nosotros<\/span><\/p>\n<p class=\"p1\"><span class=\"s1\">&#8211; La protecci\u00f3n de tus datos contra el acceso no autorizado es nuestra prioridad n\u00famero uno, esto incluye la prevenci\u00f3n del acceso no autorizado, la edici\u00f3n o el intercambio de datos.<\/span><\/p>\n<p class=\"p1\"><span class=\"s1\">&#8211; Nos comprometemos a comunicar toda la informaci\u00f3n necesaria de la forma m\u00e1s clara y concisa posible<\/span><\/p>\n<p class=\"p1\"><span class=\"s1\">&#8211; Tienes la opci\u00f3n de decidir qu\u00e9 y c\u00f3mo recibir noticias nuestras<\/span><\/p>\n<p class=\"p1\"><span class=\"s1\">&#8211; Todos los datos personales, si no son esenciales para nuestros an\u00e1lisis, se eliminar\u00e1n para evitar que se almacene informaci\u00f3n sobrante en nuestro sistema.<\/span><\/p>\n<\/p>\n<h3 class=\"p1\"><span class=\"s1\">Base jur\u00eddica del tratamiento<\/span><\/h3>\n<p class=\"p1\"><span class=\"s1\">Trataremos tus datos personales por los siguientes motivos:<\/span><\/p>\n<p class=\"p1\"><span class=\"s1\">&#8211; La ejecuci\u00f3n de los contratos en los que seas parte<\/span><\/p>\n<p class=\"p1\"><span class=\"s1\">&#8211; Cumplir con nuestras obligaciones legales<\/span><\/p>\n<p class=\"p1\"><span class=\"s1\">&#8211; Marketing y otros intereses leg\u00edtimos perseguidos<\/span><\/p>\n<p class=\"p2\">\n<h3 class=\"p1\"><span class=\"s1\">Intereses leg\u00edtimos<\/span><\/h3>\n<p class=\"p1\"><span class=\"s1\">Entre ellas se incluyen las siguientes:  <\/span><\/p>\n<p class=\"p1\"><span class=\"s1\">&#8211; Recogida de informaci\u00f3n personal para proporcionarte la mejor experiencia posible como cliente<\/span><\/p>\n<p class=\"p1\"><span class=\"s1\">&#8211; Requisitos operativos necesarios para los procesos internos<\/span><\/p>\n<p class=\"p1\"><span class=\"s1\">&#8211; Cumplir tus requisitos en relaci\u00f3n con nuestros servicios y productos<\/span><\/p>\n<p class=\"p1\"><span class=\"s1\">&#8211; Prevenci\u00f3n del fraude<\/span><\/p>\n<p class=\"p1\"><span class=\"s1\">&#8211; Exclusivamente para nuestro propio marketing interno, investigaci\u00f3n y desarrollo de productos<\/span><\/p>\n<p class=\"p2\">\n<h3 class=\"p1\"><span class=\"s1\">  C\u00f3mo recopilamos informaci\u00f3n sobre ti  <\/span><\/h3>\n<p class=\"p1\"><span class=\"s1\">&#8211; A trav\u00e9s de compras en l\u00ednea (cuando realizas un pedido)  <\/span><\/p>\n<p class=\"p1\"><span class=\"s1\">&#8211; Mediante marketing directo (cuando te suscribes a nuestros boletines informativos)<\/span><\/p>\n<p class=\"p1\"><span class=\"s1\">&#8211; Cuando te registras en FipMed.co<\/span><\/p>\n<p class=\"p1\"><span class=\"s1\">&#8211; Mediante comunicaci\u00f3n a trav\u00e9s de nuestro Servicio de Atenci\u00f3n al Cliente<\/span><\/p>\n<p class=\"p1\"><span class=\"s1\">&#8211; Tu informaci\u00f3n tambi\u00e9n puede recopilarse autom\u00e1ticamente durante las visitas a nuestro sitio web, lo que incluye informaci\u00f3n sobre tus dispositivos y navegaci\u00f3n.<br \/>\nEsta informaci\u00f3n se recoge mediante el uso de cookies y tecnolog\u00edas similares.   <\/span><\/p>\n<p class=\"p2\">\n<h3 class=\"p1\"><span class=\"s1\">Por qu\u00e9 utilizamos tu informaci\u00f3n personal:<\/span><\/h3>\n<p class=\"p1\"><span class=\"s1\">&#8211; Procesar y entregar tus compras<\/span><\/p>\n<p class=\"p1\"><span class=\"s1\">&#8211; Recibir pagos y hacer devoluciones<\/span><\/p>\n<p class=\"p1\"><span class=\"s1\">&#8211; Enviarte mensajes de servicio por SMS, correo electr\u00f3nico u otros medios<\/span><\/p>\n<p class=\"p1\"><span class=\"s1\">&#8211; Prestaci\u00f3n de servicios de atenci\u00f3n al cliente y asistencia, gesti\u00f3n de devoluciones, reclamaciones de garant\u00eda<\/span><\/p>\n<p class=\"p1\"><span class=\"s1\">&#8211; Todas las formas de detecci\u00f3n y prevenci\u00f3n del fraude<\/span><\/p>\n<p class=\"p1\"><span class=\"s1\">&#8211; Seguridad y protecci\u00f3n de nuestro sitio web<\/span><\/p>\n<p class=\"p1\"><span class=\"s1\">&#8211; Mostrarte nuestros anuncios mientras navegas por Internet<\/span><\/p>\n<p class=\"p1\"><span class=\"s1\">&#8211; Facilitarte informaci\u00f3n sobre nuestros productos y servicios, promociones, descuentos y noticias relacionadas con tus preferencias y deseos<\/span><\/p>\n<p class=\"p1\"><span class=\"s1\">&#8211; Mejorar nuestro sitio web<\/span><\/p>\n<p class=\"p2\">\n<h3 class=\"p1\"><span class=\"s1\">Qu\u00e9 tipos de datos recogemos<\/span><\/h3>\n<p class=\"p1\"><span class=\"s1\">&#8211; Identidad e informaci\u00f3n de contacto (direcci\u00f3n de correo electr\u00f3nico, nombre, apellidos, direcci\u00f3n, tel\u00e9fono)<\/span><\/p>\n<p class=\"p1\"><span class=\"s1\">&#8211; Informaci\u00f3n financiera y de transacciones (datos de tarjetas de cr\u00e9dito, detalles sobre pagos proporcionados por procesadores de pagos de terceros)<\/span><\/p>\n<p class=\"p1\"><span class=\"s1\">&#8211; Informaci\u00f3n del perfil (nombre, apellidos, direcci\u00f3n de correo electr\u00f3nico, contrase\u00f1a y como informaci\u00f3n adicional no obligatoria del usuario: sexo, zona horaria, fecha de nacimiento)<\/span><\/p>\n<p class=\"p1\"><span class=\"s1\">&#8211; Informaci\u00f3n t\u00e9cnica (direcci\u00f3n del protocolo de Internet (IP), tus datos de acceso, informaci\u00f3n del navegador, zona horaria, idioma, tipos y versiones de los complementos del navegador, sistema operativo y otras tecnolog\u00edas de los dispositivos que utilizas para acceder al sitio web o a la aplicaci\u00f3n m\u00f3vil de FipMed.co)<\/span><\/p>\n<p class=\"p1\"><span class=\"s1\">&#8211; Informaci\u00f3n de marketing y comunicaciones (direcci\u00f3n de correo electr\u00f3nico, nombre, apellidos, sexo, zona horaria, regi\u00f3n, pa\u00eds, fecha de compra, direcci\u00f3n IP, fecha de pedido, producto comprado, fuente de suscripci\u00f3n, idioma, ID de pedido, ID de usuario, fecha de suscripci\u00f3n, fecha del \u00faltimo cambio)<\/span><\/p>\n<p class=\"p2\">\n<h3 class=\"p1\"><span class=\"s1\">Cu\u00e1nto tiempo conservamos tus datos personales<\/span><\/h3>\n<p class=\"p1\"><span class=\"s1\">Conservaremos tu informaci\u00f3n mientras tengas tu cuenta, o mientras sea necesario para poder prestarte servicios, incluida la garant\u00eda del producto de hasta 10 a\u00f1os, o (en el caso de cualquier contacto que puedas tener con nuestro Equipo de Atenci\u00f3n al Cliente) s\u00f3lo durante el tiempo necesario para proporcionar informes relacionados con la asistencia y an\u00e1lisis de tendencias.<\/span><\/p>\n<p class=\"p1\"><span class=\"s1\">Podemos conservar parte de tu informaci\u00f3n, si as\u00ed lo exige la ley, incluso despu\u00e9s de que se haya cerrado tu cuenta y ya no necesitemos prestarte ning\u00fan servicio.<\/span><\/p>\n<p class=\"p1\"><span class=\"s1\">Los datos utilizados para marketing directo se guardar\u00e1n hasta que el usuario se d\u00e9 de baja o permanezca inactivo durante m\u00e1s de un a\u00f1o.<\/span><\/p>\n<p class=\"p2\">\n<p class=\"p1\"><span class=\"s1\">No vendemos ni venderemos ninguno de tus datos personales a terceros, incluidos tu nombre, direcci\u00f3n, direcci\u00f3n de correo electr\u00f3nico o informaci\u00f3n sobre tu tarjeta de cr\u00e9dito.<span class=\"Apple-converted-space\">  <\/span>Queremos ganarnos y mantener tu confianza, y creemos que esto es absolutamente esencial para conseguirlo.<\/span><\/p>\n<p class=\"p1\"><span class=\"s1\">Sin embargo, compartimos tus datos con las siguientes categor\u00edas de empresas como parte esencial para poder prestarte nuestros servicios, tal y como se establece en esta declaraci\u00f3n:<\/span><\/p>\n<p class=\"p1\"><span class=\"s1\">&#8211; Empresas afiliadas y encargados del tratamiento en funci\u00f3n del cumplimiento del contrato de compra o para realizar procesos y procedimientos internos<\/span><\/p>\n<p class=\"p1\"><span class=\"s1\">&#8211; Empresas emisoras de tarjetas de cr\u00e9dito, proveedores de servicios de pago para procesar pagos y bancos, sobre la base de tu pedido, para cumplir un acuerdo de compra<\/span><\/p>\n<p class=\"p1\"><span class=\"s1\">&#8211; Transportistas para entregar tu pedido o servicios  <\/span><\/p>\n<p class=\"p1\"><span class=\"s1\">&#8211; Otros proveedores de servicios y terceros implicados en el tratamiento de datos<\/span><\/p>\n<p class=\"p1\"><span class=\"s1\">&#8211; Terceros, como las fuerzas del orden, otros organismos gubernamentales y partes relacionadas, si la ley nos obliga a ello<\/span><\/p>\n<\/p>\n<p class=\"p1\"><span class=\"s1\">Podemos proporcionar a terceros informaci\u00f3n y an\u00e1lisis agregados pero an\u00f3nimos sobre nuestros clientes y, antes de hacerlo, nos aseguraremos de que no te identifiquen.<\/span><\/p>\n<p class=\"p2\">\n<p class=\"p2\">\n<h3 class=\"p1\"><span class=\"s1\">Cu\u00e1les son tus derechos<\/span><\/h3>\n<p class=\"p1\"><span class=\"s1\">&#8211; Derecho a acceder a la informaci\u00f3n personal que tenemos sobre ti.<span class=\"Apple-converted-space\">  <\/span>Tienes derecho a solicitar informaci\u00f3n sobre los datos personales que tenemos sobre ti en cualquier momento.<br \/>\nCuando te pongas en contacto con nosotros, te facilitaremos tus datos personales por correo electr\u00f3nico. <\/span><\/p>\n<p class=\"p1\"><span class=\"s1\">&#8211; El derecho a la portabilidad.<span class=\"Apple-converted-space\">  <\/span>Tienes derecho a que se te transfiera a ti o a un tercero una copia de tus datos en un formato estructurado, de uso com\u00fan y lectura mec\u00e1nica.<span class=\"Apple-converted-space\">  <\/span>Esto s\u00f3lo incluye los datos personales que nos has enviado.<span class=\"Apple-converted-space\">  <\/span>Tambi\u00e9n tienes derecho a solicitar que transfiramos o portemos elementos de tus datos a ti o a otro proveedor de servicios.<\/span><\/p>\n<p class=\"p1\"><span class=\"s1\">&#8211; El derecho de rectificaci\u00f3n.<span class=\"Apple-converted-space\">  <\/span>Tienes derecho a solicitar la rectificaci\u00f3n de tus datos personales si son incorrectos, incluido el derecho a que se completen los datos personales incompletos.<\/span><\/p>\n<p class=\"p1\"><span class=\"s1\">&#8211; El derecho al borrado.<span class=\"Apple-converted-space\">  <\/span>Tienes derecho a solicitar que eliminemos, dejemos de procesar o recopilemos cualquier dato personal en cualquier momento<\/span><\/p>\n<p class=\"p1\"><span class=\"s1\">&#8211; Derecho a oponerte al tratamiento de datos personales basado en un inter\u00e9s leg\u00edtimo.<span class=\"Apple-converted-space\">  <\/span>A petici\u00f3n tuya, FipMed.co no seguir\u00e1 tratando tus datos personales a menos que demostremos un motivo leg\u00edtimo para hacerlo, que prevalezca sobre tus intereses y derechos, o debido a obligaciones o reclamaciones legales.<\/span><\/p>\n<p class=\"p1\"><span class=\"s1\">&#8211; Derecho a oponerse a la publicidad directa.<span class=\"Apple-converted-space\">  <\/span>Tienes derecho a oponerte al marketing directo, incluido el an\u00e1lisis de perfiles realizado con fines de marketing directo.<\/span><\/p>\n<p class=\"p1\"><span class=\"s1\">En general, como cliente o visitante de nuestro sitio web, tienes derecho a una informaci\u00f3n completa sobre la recogida y el tratamiento de tus datos personales.<span class=\"Apple-converted-space\">  <\/span>Si quieres ejercer tus derechos, necesitas ayuda, tienes una queja o simplemente tienes alguna pregunta, no dudes en ponerte en contacto con nosotros.<\/span><\/p>\n<p class=\"p2\">\n<h3 class=\"p1\"><span class=\"s1\">Acerca de las cookies<\/span><\/h3>\n<p class=\"p1\"><span class=\"s1\">Las cookies son peque\u00f1os archivos de texto enviados desde un sitio web y almacenados en el navegador web de un usuario mientras \u00e9ste navega por un sitio web.<span class=\"Apple-converted-space\">  <\/span>Cuando el usuario navegue por el mismo sitio web en el futuro, los datos almacenados en la cookie pueden ser recuperados por el sitio web para notificarle la actividad previa del usuario, distinguiendo as\u00ed al usuario de otros que utilicen el sitio.<\/span><\/p>\n<p class=\"p2\">\n<p class=\"p1\"><span class=\"s1\">Utilizamos cookies para ayudarte a navegar por nuestro sitio web de forma eficiente y para realizar ciertas funciones, incluido el an\u00e1lisis del tr\u00e1fico del sitio.<br \/>\nLas cookies tambi\u00e9n pueden reconocerte en tu pr\u00f3ximo inicio de sesi\u00f3n y ofrecerte contenidos adaptados a tus preferencias e intereses. <\/span><\/p>\n<p class=\"p1\"><span class=\"s1\">Podemos almacenar cookies en tu dispositivo si son estrictamente necesarias para el funcionamiento de este sitio.<br \/>\nPara todos los dem\u00e1s tipos de cookies, necesitamos tu permiso.<br \/>\nEste sitio utiliza diferentes tipos de cookies.<br \/>\nAlgunas cookies son colocadas por servicios de terceros que aparecen en nuestras p\u00e1ginas.<br \/>\nPuedes cambiar o retirar tu consentimiento en cualquier momento desde el *Administrador de cookies de nuestro sitio web.    <\/span><\/p>\n<p class=\"p2\">\n<p class=\"p1\"><span class=\"s1\">Tipos de cookies que utilizamos:<\/span><\/p>\n<p class=\"p1\"><span class=\"s1\">&#8211; Las cookies necesarias ayudan a que un sitio web sea utilizable al permitir funciones b\u00e1sicas como la navegaci\u00f3n por las p\u00e1ginas y el acceso a \u00e1reas seguras del sitio web.<br \/>\nEl sitio web no puede funcionar correctamente sin estas cookies. <\/span><\/p>\n<p class=\"p1\"><span class=\"s1\">&#8211; Las cookies de preferencias permiten a un sitio web recordar informaci\u00f3n que cambia la forma en que el sitio web se comporta o se ve, como tu idioma preferido o la regi\u00f3n en la que te encuentras.<\/span><\/p>\n<p class=\"p1\"><span class=\"s1\">&#8211; Las cookies estad\u00edsticas ayudan a los propietarios de los sitios web a comprender c\u00f3mo interact\u00faan los visitantes con los sitios web mediante la recopilaci\u00f3n y notificaci\u00f3n de informaci\u00f3n de forma an\u00f3nima.<\/span><\/p>\n<p class=\"p1\"><span class=\"s1\">&#8211; Las cookies de marketing se utilizan para rastrear a los visitantes de los sitios web.<br \/>\nLa intenci\u00f3n es mostrar anuncios que sean relevantes y atractivos para el usuario individual y, por tanto, m\u00e1s valiosos para los editores y los anunciantes de terceros. <\/span><\/p>\n\t\t\t\t\t\t\t\t<\/div>\n\t\t\t\t<\/div>\n\t\t\t\t\t<\/div>\n\t\t<\/div>\n\t\t\t\t\t<\/div>\n\t\t<\/section>\n\t\t\t\t<\/div>\n\t\t","protected":false},"excerpt":{"rendered":"<p>La privacidad de los datos es de gran importancia para FipMed.co y queremos ser abiertos y transparentes con la forma en que procesamos tus datos personales. Nos comprometemos a proteger la privacidad y seguridad de nuestros clientes y visitantes del sitio. Por lo tanto, tenemos una pol\u00edtica que establece la finalidad para la que se [&hellip;]<\/p>\n","protected":false},"author":1,"featured_media":0,"parent":0,"menu_order":0,"comment_status":"closed","ping_status":"open","template":"","meta":{"_glsr_average":0,"_glsr_ranking":0,"_glsr_reviews":0,"footnotes":""},"categories":[],"tags":[],"_links":{"self":[{"href":"https:\/\/fipmed.co\/es\/wp-json\/wp\/v2\/pages\/22112"}],"collection":[{"href":"https:\/\/fipmed.co\/es\/wp-json\/wp\/v2\/pages"}],"about":[{"href":"https:\/\/fipmed.co\/es\/wp-json\/wp\/v2\/types\/page"}],"author":[{"embeddable":true,"href":"https:\/\/fipmed.co\/es\/wp-json\/wp\/v2\/users\/1"}],"replies":[{"embeddable":true,"href":"https:\/\/fipmed.co\/es\/wp-json\/wp\/v2\/comments?post=22112"}],"version-history":[{"count":1,"href":"https:\/\/fipmed.co\/es\/wp-json\/wp\/v2\/pages\/22112\/revisions"}],"predecessor-version":[{"id":22115,"href":"https:\/\/fipmed.co\/es\/wp-json\/wp\/v2\/pages\/22112\/revisions\/22115"}],"wp:attachment":[{"href":"https:\/\/fipmed.co\/es\/wp-json\/wp\/v2\/media?parent=22112"}],"wp:term":[{"taxonomy":"category","embeddable":true,"href":"https:\/\/fipmed.co\/es\/wp-json\/wp\/v2\/categories?post=22112"},{"taxonomy":"post_tag","embeddable":true,"href":"https:\/\/fipmed.co\/es\/wp-json\/wp\/v2\/tags?post=22112"}],"curies":[{"name":"wp","href":"https:\/\/api.w.org\/{rel}","templated":true}]}}