{"id":23020,"date":"2024-05-13T08:24:56","date_gmt":"2024-05-13T08:24:56","guid":{"rendered":"https:\/\/fipmed.co\/inscripcion-en-el-programa-de-socios-sin-animo-de-lucro-de-fipmed\/"},"modified":"2024-05-13T08:24:56","modified_gmt":"2024-05-13T08:24:56","slug":"inscripcion-en-el-programa-de-socios-sin-animo-de-lucro-de-fipmed","status":"publish","type":"page","link":"https:\/\/fipmed.co\/es\/inscripcion-en-el-programa-de-socios-sin-animo-de-lucro-de-fipmed\/","title":{"rendered":"Inscripci\u00f3n en el Programa de Socios sin \u00c1nimo de Lucro de FIPMed"},"content":{"rendered":"<p>Bienvenido al programa de socios sin \u00e1nimo de lucro de FIPMed.<br \/>\nEstamos deseando colaborar contigo para salvar a los gatitos con PIF.<br \/>\n\u00danete a nuestro Programa de Socios Sin \u00c1nimo de Lucro y gana una elevada comisi\u00f3n del 20% de por vida s\u00f3lo por compartir tu cup\u00f3n exclusivo con propietarios de gatos y donantes de tu comunidad.<br \/>\nEstos padres de gatos tambi\u00e9n recibir\u00e1n 10$ de descuento en todos los productos para el tratamiento de la PIF que compren en nuestro sitio web.<br \/>\nGracias por leer y esperamos tenerte como socio.<br \/>\nTras registrarte, podr\u00e1s compartir tu c\u00f3digo inmediatamente.<br \/>\nComp\u00e1rtelos como y donde prefieras.<br \/>\nTambi\u00e9n puedes acceder a tu panel de socio en https:\/\/fipmed.co\/my-account\/.         [couponaffiliates-register template=\u00bb10FORGOOD\u00bb]<\/p>\n","protected":false},"excerpt":{"rendered":"<p>Bienvenido al programa de socios sin \u00e1nimo de lucro de FIPMed. Estamos deseando colaborar contigo para salvar a los gatitos con PIF. \u00danete a nuestro Programa de Socios Sin \u00c1nimo de Lucro y gana una elevada comisi\u00f3n del 20% de por vida s\u00f3lo por compartir tu cup\u00f3n exclusivo con propietarios de gatos y donantes de [&hellip;]<\/p>\n","protected":false},"author":1,"featured_media":0,"parent":0,"menu_order":0,"comment_status":"closed","ping_status":"closed","template":"","meta":{"_glsr_average":0,"_glsr_ranking":0,"_glsr_reviews":0,"footnotes":""},"categories":[],"tags":[],"_links":{"self":[{"href":"https:\/\/fipmed.co\/es\/wp-json\/wp\/v2\/pages\/23020"}],"collection":[{"href":"https:\/\/fipmed.co\/es\/wp-json\/wp\/v2\/pages"}],"about":[{"href":"https:\/\/fipmed.co\/es\/wp-json\/wp\/v2\/types\/page"}],"author":[{"embeddable":true,"href":"https:\/\/fipmed.co\/es\/wp-json\/wp\/v2\/users\/1"}],"replies":[{"embeddable":true,"href":"https:\/\/fipmed.co\/es\/wp-json\/wp\/v2\/comments?post=23020"}],"version-history":[{"count":0,"href":"https:\/\/fipmed.co\/es\/wp-json\/wp\/v2\/pages\/23020\/revisions"}],"wp:attachment":[{"href":"https:\/\/fipmed.co\/es\/wp-json\/wp\/v2\/media?parent=23020"}],"wp:term":[{"taxonomy":"category","embeddable":true,"href":"https:\/\/fipmed.co\/es\/wp-json\/wp\/v2\/categories?post=23020"},{"taxonomy":"post_tag","embeddable":true,"href":"https:\/\/fipmed.co\/es\/wp-json\/wp\/v2\/tags?post=23020"}],"curies":[{"name":"wp","href":"https:\/\/api.w.org\/{rel}","templated":true}]}}