{"id":3824,"date":"2022-11-25T15:15:07","date_gmt":"2022-11-25T15:15:07","guid":{"rendered":"https:\/\/fipmed.co\/fip-warriors-success-stories\/"},"modified":"2023-05-11T02:14:58","modified_gmt":"2023-05-11T02:14:58","slug":"guerreros-de-la-pif-gato-historias-de-exito","status":"publish","type":"page","link":"https:\/\/fipmed.co\/es\/guerreros-de-la-pif-gato-historias-de-exito\/","title":{"rendered":"Guerreros de la PIF Gato &#8211; Historias de \u00e9xito"},"content":{"rendered":"\t\t<div data-elementor-type=\"wp-page\" data-elementor-id=\"3824\" class=\"elementor elementor-3824 elementor-25\">\n\t\t\t\t\t\t<section class=\"elementor-section elementor-top-section elementor-element elementor-element-e3d451c elementor-section-full_width elementor-section-stretched elementor-section-height-default elementor-section-height-default\" data-id=\"e3d451c\" data-element_type=\"section\" data-settings=\"{&quot;stretch_section&quot;:&quot;section-stretched&quot;,&quot;background_background&quot;:&quot;classic&quot;}\">\n\t\t\t\t\t\t<div class=\"elementor-container elementor-column-gap-default\">\n\t\t\t\t\t<div class=\"elementor-column elementor-col-100 elementor-top-column elementor-element elementor-element-a5c9e2c\" data-id=\"a5c9e2c\" data-element_type=\"column\">\n\t\t\t<div class=\"elementor-widget-wrap elementor-element-populated\">\n\t\t\t\t\t\t<div class=\"elementor-element elementor-element-39743ef elementor-widget elementor-widget-heading\" data-id=\"39743ef\" data-element_type=\"widget\" data-widget_type=\"heading.default\">\n\t\t\t\t<div class=\"elementor-widget-container\">\n\t\t\t\t\t<h2 class=\"elementor-heading-title elementor-size-default\">PIF Gato: Testimonios\n<\/h2>\t\t\t\t<\/div>\n\t\t\t\t<\/div>\n\t\t\t\t<div class=\"elementor-element elementor-element-85dd8c0 elementor-widget elementor-widget-text-editor\" data-id=\"85dd8c0\" data-element_type=\"widget\" data-widget_type=\"text-editor.default\">\n\t\t\t\t<div class=\"elementor-widget-container\">\n\t\t\t\t\t\t\t\t\t<p>Lea las historias de \u00e9xito de estos Guerreros de la PIF Gato. Con el tratamiento de FipMed, estos peludos consiguen sobrevivir a la enfermedad felina m\u00e1s desgarradora.<\/p>\t\t\t\t\t\t\t\t<\/div>\n\t\t\t\t<\/div>\n\t\t\t\t<section class=\"elementor-section elementor-inner-section elementor-element elementor-element-f2ab2ed elementor-section-boxed elementor-section-height-default elementor-section-height-default\" data-id=\"f2ab2ed\" data-element_type=\"section\">\n\t\t\t\t\t\t<div class=\"elementor-container elementor-column-gap-default\">\n\t\t\t\t\t<div class=\"elementor-column elementor-col-50 elementor-inner-column elementor-element elementor-element-d1ef3e3\" data-id=\"d1ef3e3\" data-element_type=\"column\" id=\"was\">\n\t\t\t<div class=\"elementor-widget-wrap elementor-element-populated\">\n\t\t\t\t\t\t<div class=\"elementor-element elementor-element-01ba8e4 elementor-widget elementor-widget-image\" data-id=\"01ba8e4\" data-element_type=\"widget\" data-widget_type=\"image.default\">\n\t\t\t\t<div class=\"elementor-widget-container\">\n\t\t\t\t\t\t\t\t\t\t\t\t\t\t\t<img data-opt-id=1688254356  fetchpriority=\"high\" decoding=\"async\" width=\"600\" height=\"600\" src=\"https:\/\/ml9txs9ouv9q.i.optimole.com\/w:auto\/h:auto\/q:mauto\/f:best\/https:\/\/fipmed.co\/wp-content\/uploads\/2022\/11\/FIP-warrior-6.jpg\" class=\"attachment-large size-large wp-image-2001\" alt=\"\" srcset=\"https:\/\/ml9txs9ouv9q.i.optimole.com\/w:600\/h:600\/q:mauto\/f:best\/https:\/\/fipmed.co\/wp-content\/uploads\/2022\/11\/FIP-warrior-6.jpg 600w, https:\/\/ml9txs9ouv9q.i.optimole.com\/w:300\/h:300\/q:mauto\/f:best\/https:\/\/fipmed.co\/wp-content\/uploads\/2022\/11\/FIP-warrior-6.jpg 300w, https:\/\/ml9txs9ouv9q.i.optimole.com\/w:150\/h:150\/q:mauto\/f:best\/https:\/\/fipmed.co\/wp-content\/uploads\/2022\/11\/FIP-warrior-6.jpg 150w, https:\/\/ml9txs9ouv9q.i.optimole.com\/w:100\/h:100\/q:mauto\/f:best\/dpr:2\/https:\/\/fipmed.co\/wp-content\/uploads\/2022\/11\/FIP-warrior-6.jpg 100w\" sizes=\"(max-width: 600px) 100vw, 600px\" \/>\t\t\t\t\t\t\t\t\t\t\t\t\t\t\t<\/div>\n\t\t\t\t<\/div>\n\t\t\t\t<div class=\"elementor-element elementor-element-0d46735 elementor-widget elementor-widget-text-editor\" data-id=\"0d46735\" data-element_type=\"widget\" data-widget_type=\"text-editor.default\">\n\t\t\t\t<div class=\"elementor-widget-container\">\n\t\t\t\t\t\t\t\t\t<p>Martian ten\u00eda solo 2 meses cuando se infect\u00f3 con PIF, por lo que fue bastante alarmante verlo pasar de ser un ni\u00f1o saltar\u00edn, a estar let\u00e1rgico. Era como si estuviera pose\u00eddo por una nube oscura. \u00a1Estoy muy contento de que el tratamiento con FipMed haya funcionado porque ten\u00eda toda una vida por delante!<\/p>\t\t\t\t\t\t\t\t<\/div>\n\t\t\t\t<\/div>\n\t\t\t\t\t<\/div>\n\t\t<\/div>\n\t\t\t\t<div class=\"elementor-column elementor-col-50 elementor-inner-column elementor-element elementor-element-7acde6d\" data-id=\"7acde6d\" data-element_type=\"column\" id=\"very\">\n\t\t\t<div class=\"elementor-widget-wrap elementor-element-populated\">\n\t\t\t\t\t\t<div class=\"elementor-element elementor-element-f5d4ec4 elementor-widget elementor-widget-image\" data-id=\"f5d4ec4\" data-element_type=\"widget\" data-widget_type=\"image.default\">\n\t\t\t\t<div class=\"elementor-widget-container\">\n\t\t\t\t\t\t\t\t\t\t\t\t\t\t\t<img data-opt-id=838099782  data-opt-src=\"https:\/\/ml9txs9ouv9q.i.optimole.com\/w:auto\/h:auto\/q:mauto\/f:best\/https:\/\/fipmed.co\/wp-content\/uploads\/2022\/12\/WhatsApp-Image-2022-12-02-at-21.59.18.jpeg\"  decoding=\"async\" width=\"600\" height=\"600\" src=\"data:image/svg+xml,%3Csvg%20viewBox%3D%220%200%20100%%20100%%22%20width%3D%22100%%22%20height%3D%22100%%22%20xmlns%3D%22http%3A%2F%2Fwww.w3.org%2F2000%2Fsvg%22%3E%3Crect%20width%3D%22100%%22%20height%3D%22100%%22%20fill%3D%22transparent%22%2F%3E%3C%2Fsvg%3E\" class=\"attachment-large size-large wp-image-2666\" alt=\"\" old-srcset=\"https:\/\/ml9txs9ouv9q.i.optimole.com\/w:600\/h:600\/q:mauto\/f:best\/https:\/\/fipmed.co\/wp-content\/uploads\/2022\/12\/WhatsApp-Image-2022-12-02-at-21.59.18.jpeg 600w, https:\/\/ml9txs9ouv9q.i.optimole.com\/w:300\/h:300\/q:mauto\/f:best\/https:\/\/fipmed.co\/wp-content\/uploads\/2022\/12\/WhatsApp-Image-2022-12-02-at-21.59.18.jpeg 300w, https:\/\/ml9txs9ouv9q.i.optimole.com\/w:150\/h:150\/q:mauto\/f:best\/https:\/\/fipmed.co\/wp-content\/uploads\/2022\/12\/WhatsApp-Image-2022-12-02-at-21.59.18.jpeg 150w, https:\/\/ml9txs9ouv9q.i.optimole.com\/w:100\/h:100\/q:mauto\/f:best\/dpr:2\/https:\/\/fipmed.co\/wp-content\/uploads\/2022\/12\/WhatsApp-Image-2022-12-02-at-21.59.18.jpeg 100w\" \/><noscript><img data-opt-id=838099782  decoding=\"async\" width=\"600\" height=\"600\" src=\"https:\/\/ml9txs9ouv9q.i.optimole.com\/w:auto\/h:auto\/q:mauto\/f:best\/https:\/\/fipmed.co\/wp-content\/uploads\/2022\/12\/WhatsApp-Image-2022-12-02-at-21.59.18.jpeg\" class=\"attachment-large size-large wp-image-2666\" alt=\"\" srcset=\"https:\/\/ml9txs9ouv9q.i.optimole.com\/w:600\/h:600\/q:mauto\/f:best\/https:\/\/ml9txs9ouv9q.i.optimole.com\/w:auto\/h:auto\/q:mauto\/f:best\/https:\/\/fipmed.co\/wp-content\/uploads\/2022\/12\/WhatsApp-Image-2022-12-02-at-21.59.18.jpeg 600w, https:\/\/ml9txs9ouv9q.i.optimole.com\/w:300\/h:300\/q:mauto\/f:best\/https:\/\/ml9txs9ouv9q.i.optimole.com\/w:auto\/h:auto\/q:mauto\/f:best\/https:\/\/fipmed.co\/wp-content\/uploads\/2022\/12\/WhatsApp-Image-2022-12-02-at-21.59.18.jpeg 300w, https:\/\/ml9txs9ouv9q.i.optimole.com\/w:150\/h:150\/q:mauto\/f:best\/https:\/\/ml9txs9ouv9q.i.optimole.com\/w:auto\/h:auto\/q:mauto\/f:best\/https:\/\/fipmed.co\/wp-content\/uploads\/2022\/12\/WhatsApp-Image-2022-12-02-at-21.59.18.jpeg 150w, https:\/\/ml9txs9ouv9q.i.optimole.com\/w:100\/h:100\/q:mauto\/f:best\/dpr:2\/https:\/\/ml9txs9ouv9q.i.optimole.com\/w:auto\/h:auto\/q:mauto\/f:best\/https:\/\/fipmed.co\/wp-content\/uploads\/2022\/12\/WhatsApp-Image-2022-12-02-at-21.59.18.jpeg 100w\" sizes=\"(max-width: 600px) 100vw, 600px\" \/></noscript>\t\t\t\t\t\t\t\t\t\t\t\t\t\t\t<\/div>\n\t\t\t\t<\/div>\n\t\t\t\t<div class=\"elementor-element elementor-element-b4be713 elementor-widget elementor-widget-text-editor\" data-id=\"b4be713\" data-element_type=\"widget\" data-widget_type=\"text-editor.default\">\n\t\t\t\t<div class=\"elementor-widget-container\">\n\t\t\t\t\t\t\t\t\t<p>Estoy muy contento con el progreso de MJ. Ahora ha vuelto a su antigua naturaleza activa y juguetona. Hace alg\u00fan tiempo, not\u00e9 que su barriga se agrandaba d\u00eda a d\u00eda. Al principio pens\u00e9 que hab\u00eda subido de peso, pero tambi\u00e9n se volvi\u00f3 gradualmente m\u00e1s d\u00e9bil. Ya no quer\u00eda jugar conmigo y no ten\u00eda apetito. Finalmente, se le diagnostic\u00f3 peritonitis h\u00fameda. Estaba tan desconsolado cuando el veterinario me explic\u00f3 qu\u00e9 es PIF. \u00a1\u00c9l b\u00e1sicamente le dio a mi beb\u00e9 una sentencia de muerte! Le dije al veterinario en ese momento que no importaba lo dif\u00edcil que fuera, salvar\u00eda a mi beb\u00e9. La medicina fue realmente efectiva. El veterinario no pod\u00eda creer lo r\u00e1pido que estaba mejorando. Los aprecio a todos. Espero que puedan seguir haciendo cosas buenas.<\/p>\t\t\t\t\t\t\t\t<\/div>\n\t\t\t\t<\/div>\n\t\t\t\t\t<\/div>\n\t\t<\/div>\n\t\t\t\t\t<\/div>\n\t\t<\/section>\n\t\t\t\t<section class=\"elementor-section elementor-inner-section elementor-element elementor-element-139bf58 elementor-section-boxed elementor-section-height-default elementor-section-height-default\" data-id=\"139bf58\" data-element_type=\"section\">\n\t\t\t\t\t\t<div class=\"elementor-container elementor-column-gap-default\">\n\t\t\t\t\t<div class=\"elementor-column elementor-col-50 elementor-inner-column elementor-element elementor-element-a4af59a\" data-id=\"a4af59a\" data-element_type=\"column\" id=\"badly\">\n\t\t\t<div class=\"elementor-widget-wrap elementor-element-populated\">\n\t\t\t\t\t\t<div class=\"elementor-element elementor-element-1524d74 elementor-widget elementor-widget-image\" data-id=\"1524d74\" data-element_type=\"widget\" id=\"badly\" data-widget_type=\"image.default\">\n\t\t\t\t<div class=\"elementor-widget-container\">\n\t\t\t\t\t\t\t\t\t\t\t\t\t\t\t<img data-opt-id=892877686  data-opt-src=\"https:\/\/ml9txs9ouv9q.i.optimole.com\/w:auto\/h:auto\/q:mauto\/f:best\/https:\/\/fipmed.co\/wp-content\/uploads\/2022\/11\/FIP-Warrior-4-1.jpg\"  decoding=\"async\" width=\"600\" height=\"600\" src=\"data:image/svg+xml,%3Csvg%20viewBox%3D%220%200%20100%%20100%%22%20width%3D%22100%%22%20height%3D%22100%%22%20xmlns%3D%22http%3A%2F%2Fwww.w3.org%2F2000%2Fsvg%22%3E%3Crect%20width%3D%22100%%22%20height%3D%22100%%22%20fill%3D%22transparent%22%2F%3E%3C%2Fsvg%3E\" class=\"attachment-large size-large wp-image-2020\" alt=\"\" old-srcset=\"https:\/\/ml9txs9ouv9q.i.optimole.com\/w:600\/h:600\/q:mauto\/f:best\/https:\/\/fipmed.co\/wp-content\/uploads\/2022\/11\/FIP-Warrior-4-1.jpg 600w, https:\/\/ml9txs9ouv9q.i.optimole.com\/w:300\/h:300\/q:mauto\/f:best\/https:\/\/fipmed.co\/wp-content\/uploads\/2022\/11\/FIP-Warrior-4-1.jpg 300w, https:\/\/ml9txs9ouv9q.i.optimole.com\/w:150\/h:150\/q:mauto\/f:best\/https:\/\/fipmed.co\/wp-content\/uploads\/2022\/11\/FIP-Warrior-4-1.jpg 150w, https:\/\/ml9txs9ouv9q.i.optimole.com\/w:100\/h:100\/q:mauto\/f:best\/dpr:2\/https:\/\/fipmed.co\/wp-content\/uploads\/2022\/11\/FIP-Warrior-4-1.jpg 100w\" \/><noscript><img data-opt-id=892877686  decoding=\"async\" width=\"600\" height=\"600\" src=\"https:\/\/ml9txs9ouv9q.i.optimole.com\/w:auto\/h:auto\/q:mauto\/f:best\/https:\/\/fipmed.co\/wp-content\/uploads\/2022\/11\/FIP-Warrior-4-1.jpg\" class=\"attachment-large size-large wp-image-2020\" alt=\"\" srcset=\"https:\/\/ml9txs9ouv9q.i.optimole.com\/w:600\/h:600\/q:mauto\/f:best\/https:\/\/ml9txs9ouv9q.i.optimole.com\/w:auto\/h:auto\/q:mauto\/f:best\/https:\/\/fipmed.co\/wp-content\/uploads\/2022\/11\/FIP-Warrior-4-1.jpg 600w, https:\/\/ml9txs9ouv9q.i.optimole.com\/w:300\/h:300\/q:mauto\/f:best\/https:\/\/ml9txs9ouv9q.i.optimole.com\/w:auto\/h:auto\/q:mauto\/f:best\/https:\/\/fipmed.co\/wp-content\/uploads\/2022\/11\/FIP-Warrior-4-1.jpg 300w, https:\/\/ml9txs9ouv9q.i.optimole.com\/w:150\/h:150\/q:mauto\/f:best\/https:\/\/ml9txs9ouv9q.i.optimole.com\/w:auto\/h:auto\/q:mauto\/f:best\/https:\/\/fipmed.co\/wp-content\/uploads\/2022\/11\/FIP-Warrior-4-1.jpg 150w, https:\/\/ml9txs9ouv9q.i.optimole.com\/w:100\/h:100\/q:mauto\/f:best\/dpr:2\/https:\/\/ml9txs9ouv9q.i.optimole.com\/w:auto\/h:auto\/q:mauto\/f:best\/https:\/\/fipmed.co\/wp-content\/uploads\/2022\/11\/FIP-Warrior-4-1.jpg 100w\" sizes=\"(max-width: 600px) 100vw, 600px\" \/></noscript>\t\t\t\t\t\t\t\t\t\t\t\t\t\t\t<\/div>\n\t\t\t\t<\/div>\n\t\t\t\t<div class=\"elementor-element elementor-element-09f4b37 elementor-widget elementor-widget-text-editor\" data-id=\"09f4b37\" data-element_type=\"widget\" data-widget_type=\"text-editor.default\">\n\t\t\t\t<div class=\"elementor-widget-container\">\n\t\t\t\t\t\t\t\t\t<p>Observ\u00e9 a Doudou deteriorarse gravemente debido a la PIF seca&#8230; Afortunadamente, nuestro veterinario nos present\u00f3 este FipMed. Nos dijo que no nos di\u00e9ramos por vencidos y estamos contentos de no haberlo hecho. Despu\u00e9s de unos d\u00edas de tratamiento, comenz\u00f3 a comer y luego volvi\u00f3 a parecerse a \u00e9l mismo. Estamos m\u00e1s que agradecidos de que Doudou se haya salvado&#8230;<\/p>\t\t\t\t\t\t\t\t<\/div>\n\t\t\t\t<\/div>\n\t\t\t\t\t<\/div>\n\t\t<\/div>\n\t\t\t\t<div class=\"elementor-column elementor-col-50 elementor-inner-column elementor-element elementor-element-12b36e1\" data-id=\"12b36e1\" data-element_type=\"column\">\n\t\t\t<div class=\"elementor-widget-wrap elementor-element-populated\">\n\t\t\t\t\t\t<div class=\"elementor-element elementor-element-7afbeec elementor-widget elementor-widget-image\" data-id=\"7afbeec\" data-element_type=\"widget\" data-widget_type=\"image.default\">\n\t\t\t\t<div class=\"elementor-widget-container\">\n\t\t\t\t\t\t\t\t\t\t\t\t\t\t\t<img data-opt-id=581899886  data-opt-src=\"https:\/\/ml9txs9ouv9q.i.optimole.com\/w:auto\/h:auto\/q:mauto\/f:best\/https:\/\/fipmed.co\/wp-content\/uploads\/2022\/11\/FIP-Warrior-5.jpg\"  loading=\"lazy\" decoding=\"async\" width=\"600\" height=\"600\" src=\"data:image/svg+xml,%3Csvg%20viewBox%3D%220%200%20100%%20100%%22%20width%3D%22100%%22%20height%3D%22100%%22%20xmlns%3D%22http%3A%2F%2Fwww.w3.org%2F2000%2Fsvg%22%3E%3Crect%20width%3D%22100%%22%20height%3D%22100%%22%20fill%3D%22transparent%22%2F%3E%3C%2Fsvg%3E\" class=\"attachment-large size-large wp-image-1982\" alt=\"\" old-srcset=\"https:\/\/ml9txs9ouv9q.i.optimole.com\/w:600\/h:600\/q:mauto\/f:best\/https:\/\/fipmed.co\/wp-content\/uploads\/2022\/11\/FIP-Warrior-5.jpg 600w, https:\/\/ml9txs9ouv9q.i.optimole.com\/w:300\/h:300\/q:mauto\/f:best\/https:\/\/fipmed.co\/wp-content\/uploads\/2022\/11\/FIP-Warrior-5.jpg 300w, https:\/\/ml9txs9ouv9q.i.optimole.com\/w:150\/h:150\/q:mauto\/f:best\/https:\/\/fipmed.co\/wp-content\/uploads\/2022\/11\/FIP-Warrior-5.jpg 150w, https:\/\/ml9txs9ouv9q.i.optimole.com\/w:100\/h:100\/q:mauto\/f:best\/dpr:2\/https:\/\/fipmed.co\/wp-content\/uploads\/2022\/11\/FIP-Warrior-5.jpg 100w\" \/><noscript><img data-opt-id=581899886  loading=\"lazy\" decoding=\"async\" width=\"600\" height=\"600\" src=\"https:\/\/ml9txs9ouv9q.i.optimole.com\/w:auto\/h:auto\/q:mauto\/f:best\/https:\/\/fipmed.co\/wp-content\/uploads\/2022\/11\/FIP-Warrior-5.jpg\" class=\"attachment-large size-large wp-image-1982\" alt=\"\" srcset=\"https:\/\/ml9txs9ouv9q.i.optimole.com\/w:600\/h:600\/q:mauto\/f:best\/https:\/\/ml9txs9ouv9q.i.optimole.com\/w:auto\/h:auto\/q:mauto\/f:best\/https:\/\/fipmed.co\/wp-content\/uploads\/2022\/11\/FIP-Warrior-5.jpg 600w, https:\/\/ml9txs9ouv9q.i.optimole.com\/w:300\/h:300\/q:mauto\/f:best\/https:\/\/ml9txs9ouv9q.i.optimole.com\/w:auto\/h:auto\/q:mauto\/f:best\/https:\/\/fipmed.co\/wp-content\/uploads\/2022\/11\/FIP-Warrior-5.jpg 300w, https:\/\/ml9txs9ouv9q.i.optimole.com\/w:150\/h:150\/q:mauto\/f:best\/https:\/\/ml9txs9ouv9q.i.optimole.com\/w:auto\/h:auto\/q:mauto\/f:best\/https:\/\/fipmed.co\/wp-content\/uploads\/2022\/11\/FIP-Warrior-5.jpg 150w, https:\/\/ml9txs9ouv9q.i.optimole.com\/w:100\/h:100\/q:mauto\/f:best\/dpr:2\/https:\/\/ml9txs9ouv9q.i.optimole.com\/w:auto\/h:auto\/q:mauto\/f:best\/https:\/\/fipmed.co\/wp-content\/uploads\/2022\/11\/FIP-Warrior-5.jpg 100w\" sizes=\"(max-width: 600px) 100vw, 600px\" \/></noscript>\t\t\t\t\t\t\t\t\t\t\t\t\t\t\t<\/div>\n\t\t\t\t<\/div>\n\t\t\t\t<div class=\"elementor-element elementor-element-78a78a2 elementor-widget elementor-widget-text-editor\" data-id=\"78a78a2\" data-element_type=\"widget\" data-widget_type=\"text-editor.default\">\n\t\t\t\t<div class=\"elementor-widget-container\">\n\t\t\t\t\t\t\t\t\t<p>Hace 2 meses, a Pancake le diagnosticaron PIF (peritonitis infecciosa felina), del tipo h\u00famedo efusivo. \u00a1Me sorprendi\u00f3 la existencia de esta enfermedad que es tan mortal como el parvo! GS-441524 realmente funciona. Esta serie de n\u00fameros me son\u00f3 tan extra\u00f1o cuando la le\u00ed por primera vez, pero ahora les sigo contando a todos sobre este milagro y compartiendo la historia de Pancake. Despu\u00e9s de aproximadamente una semana de comenzar con la inyecci\u00f3n de FipMed, comenz\u00f3 a tener algo de apetito, pero a\u00fan estaba delgada. A la quinta semana de tratamiento, pod\u00eda caminar y correr, aunque cojeaba un poco. Avanz\u00f3 r\u00e1pido hasta la semana 11, \u00a1la enfermedad desapareci\u00f3 por completo! Es simplemente asombroso.<\/p>\t\t\t\t\t\t\t\t<\/div>\n\t\t\t\t<\/div>\n\t\t\t\t\t<\/div>\n\t\t<\/div>\n\t\t\t\t\t<\/div>\n\t\t<\/section>\n\t\t\t\t<section class=\"elementor-section elementor-inner-section elementor-element elementor-element-0173f0e elementor-section-boxed elementor-section-height-default elementor-section-height-default\" data-id=\"0173f0e\" data-element_type=\"section\">\n\t\t\t\t\t\t<div class=\"elementor-container elementor-column-gap-default\">\n\t\t\t\t\t<div class=\"elementor-column elementor-col-50 elementor-inner-column elementor-element elementor-element-4681b59\" data-id=\"4681b59\" data-element_type=\"column\">\n\t\t\t<div class=\"elementor-widget-wrap elementor-element-populated\">\n\t\t\t\t\t\t<div class=\"elementor-element elementor-element-f1bef36 elementor-widget elementor-widget-image\" data-id=\"f1bef36\" data-element_type=\"widget\" data-widget_type=\"image.default\">\n\t\t\t\t<div class=\"elementor-widget-container\">\n\t\t\t\t\t\t\t\t\t\t\t\t\t\t\t<img data-opt-id=337470876  data-opt-src=\"https:\/\/ml9txs9ouv9q.i.optimole.com\/w:auto\/h:auto\/q:mauto\/f:best\/https:\/\/fipmed.co\/wp-content\/uploads\/2022\/11\/FIP-Warrior-1-1.jpg\"  loading=\"lazy\" decoding=\"async\" width=\"600\" height=\"600\" src=\"data:image/svg+xml,%3Csvg%20viewBox%3D%220%200%20100%%20100%%22%20width%3D%22100%%22%20height%3D%22100%%22%20xmlns%3D%22http%3A%2F%2Fwww.w3.org%2F2000%2Fsvg%22%3E%3Crect%20width%3D%22100%%22%20height%3D%22100%%22%20fill%3D%22transparent%22%2F%3E%3C%2Fsvg%3E\" class=\"attachment-large size-large wp-image-1906\" alt=\"\" old-srcset=\"https:\/\/ml9txs9ouv9q.i.optimole.com\/w:600\/h:600\/q:mauto\/f:best\/https:\/\/fipmed.co\/wp-content\/uploads\/2022\/11\/FIP-Warrior-1-1.jpg 600w, https:\/\/ml9txs9ouv9q.i.optimole.com\/w:300\/h:300\/q:mauto\/f:best\/https:\/\/fipmed.co\/wp-content\/uploads\/2022\/11\/FIP-Warrior-1-1.jpg 300w, https:\/\/ml9txs9ouv9q.i.optimole.com\/w:150\/h:150\/q:mauto\/f:best\/https:\/\/fipmed.co\/wp-content\/uploads\/2022\/11\/FIP-Warrior-1-1.jpg 150w, https:\/\/ml9txs9ouv9q.i.optimole.com\/w:100\/h:100\/q:mauto\/f:best\/dpr:2\/https:\/\/fipmed.co\/wp-content\/uploads\/2022\/11\/FIP-Warrior-1-1.jpg 100w\" \/><noscript><img data-opt-id=337470876  loading=\"lazy\" decoding=\"async\" width=\"600\" height=\"600\" src=\"https:\/\/ml9txs9ouv9q.i.optimole.com\/w:auto\/h:auto\/q:mauto\/f:best\/https:\/\/fipmed.co\/wp-content\/uploads\/2022\/11\/FIP-Warrior-1-1.jpg\" class=\"attachment-large size-large wp-image-1906\" alt=\"\" srcset=\"https:\/\/ml9txs9ouv9q.i.optimole.com\/w:600\/h:600\/q:mauto\/f:best\/https:\/\/ml9txs9ouv9q.i.optimole.com\/w:auto\/h:auto\/q:mauto\/f:best\/https:\/\/fipmed.co\/wp-content\/uploads\/2022\/11\/FIP-Warrior-1-1.jpg 600w, https:\/\/ml9txs9ouv9q.i.optimole.com\/w:300\/h:300\/q:mauto\/f:best\/https:\/\/ml9txs9ouv9q.i.optimole.com\/w:auto\/h:auto\/q:mauto\/f:best\/https:\/\/fipmed.co\/wp-content\/uploads\/2022\/11\/FIP-Warrior-1-1.jpg 300w, https:\/\/ml9txs9ouv9q.i.optimole.com\/w:150\/h:150\/q:mauto\/f:best\/https:\/\/ml9txs9ouv9q.i.optimole.com\/w:auto\/h:auto\/q:mauto\/f:best\/https:\/\/fipmed.co\/wp-content\/uploads\/2022\/11\/FIP-Warrior-1-1.jpg 150w, https:\/\/ml9txs9ouv9q.i.optimole.com\/w:100\/h:100\/q:mauto\/f:best\/dpr:2\/https:\/\/ml9txs9ouv9q.i.optimole.com\/w:auto\/h:auto\/q:mauto\/f:best\/https:\/\/fipmed.co\/wp-content\/uploads\/2022\/11\/FIP-Warrior-1-1.jpg 100w\" sizes=\"(max-width: 600px) 100vw, 600px\" \/></noscript>\t\t\t\t\t\t\t\t\t\t\t\t\t\t\t<\/div>\n\t\t\t\t<\/div>\n\t\t\t\t<div class=\"elementor-element elementor-element-ca6fc2f elementor-widget elementor-widget-text-editor\" data-id=\"ca6fc2f\" data-element_type=\"widget\" data-widget_type=\"text-editor.default\">\n\t\t\t\t<div class=\"elementor-widget-container\">\n\t\t\t\t\t\t\t\t\t<p>Nuestra gata Missy no estar\u00eda aqu\u00ed sin este tratamiento. Perdi\u00f3 el apetito y ten\u00eda dificultad para respirar. Su respiraci\u00f3n se volvi\u00f3 s\u00faper r\u00e1pida y le costaba mucho. Era la segunda vez que trat\u00e1bamos con PIF. Hace muchos a\u00f1os hab\u00eda perdido otro gato a causa de ella. Por eso estoy tan feliz de que este medicamento est\u00e9 disponible hoy a trav\u00e9s de FipMed. Gracias a su equipo, no solo logr\u00e9 tener en mis manos el tratamiento, sino que su orientaci\u00f3n y consejos fueron muy \u00fatiles en el camino de la recuperaci\u00f3n. Realmente los apreciamos desde el fondo de nuestros corazones.<\/p>\t\t\t\t\t\t\t\t<\/div>\n\t\t\t\t<\/div>\n\t\t\t\t\t<\/div>\n\t\t<\/div>\n\t\t\t\t<div class=\"elementor-column elementor-col-50 elementor-inner-column elementor-element elementor-element-9a014d4\" data-id=\"9a014d4\" data-element_type=\"column\">\n\t\t\t<div class=\"elementor-widget-wrap elementor-element-populated\">\n\t\t\t\t\t\t<div class=\"elementor-element elementor-element-1c009a9 elementor-widget elementor-widget-image\" data-id=\"1c009a9\" data-element_type=\"widget\" data-widget_type=\"image.default\">\n\t\t\t\t<div class=\"elementor-widget-container\">\n\t\t\t\t\t\t\t\t\t\t\t\t\t\t\t<img data-opt-id=1876613203  data-opt-src=\"https:\/\/ml9txs9ouv9q.i.optimole.com\/w:auto\/h:auto\/q:mauto\/f:best\/https:\/\/fipmed.co\/wp-content\/uploads\/2022\/11\/FIP-Warrior-3.jpg\"  loading=\"lazy\" decoding=\"async\" width=\"600\" height=\"600\" src=\"data:image/svg+xml,%3Csvg%20viewBox%3D%220%200%20100%%20100%%22%20width%3D%22100%%22%20height%3D%22100%%22%20xmlns%3D%22http%3A%2F%2Fwww.w3.org%2F2000%2Fsvg%22%3E%3Crect%20width%3D%22100%%22%20height%3D%22100%%22%20fill%3D%22transparent%22%2F%3E%3C%2Fsvg%3E\" class=\"attachment-large size-large wp-image-1944\" alt=\"\" old-srcset=\"https:\/\/ml9txs9ouv9q.i.optimole.com\/w:600\/h:600\/q:mauto\/f:best\/https:\/\/fipmed.co\/wp-content\/uploads\/2022\/11\/FIP-Warrior-3.jpg 600w, https:\/\/ml9txs9ouv9q.i.optimole.com\/w:300\/h:300\/q:mauto\/f:best\/https:\/\/fipmed.co\/wp-content\/uploads\/2022\/11\/FIP-Warrior-3.jpg 300w, https:\/\/ml9txs9ouv9q.i.optimole.com\/w:150\/h:150\/q:mauto\/f:best\/https:\/\/fipmed.co\/wp-content\/uploads\/2022\/11\/FIP-Warrior-3.jpg 150w, https:\/\/ml9txs9ouv9q.i.optimole.com\/w:100\/h:100\/q:mauto\/f:best\/dpr:2\/https:\/\/fipmed.co\/wp-content\/uploads\/2022\/11\/FIP-Warrior-3.jpg 100w\" \/><noscript><img data-opt-id=1876613203  loading=\"lazy\" decoding=\"async\" width=\"600\" height=\"600\" src=\"https:\/\/ml9txs9ouv9q.i.optimole.com\/w:auto\/h:auto\/q:mauto\/f:best\/https:\/\/fipmed.co\/wp-content\/uploads\/2022\/11\/FIP-Warrior-3.jpg\" class=\"attachment-large size-large wp-image-1944\" alt=\"\" srcset=\"https:\/\/ml9txs9ouv9q.i.optimole.com\/w:600\/h:600\/q:mauto\/f:best\/https:\/\/ml9txs9ouv9q.i.optimole.com\/w:auto\/h:auto\/q:mauto\/f:best\/https:\/\/fipmed.co\/wp-content\/uploads\/2022\/11\/FIP-Warrior-3.jpg 600w, https:\/\/ml9txs9ouv9q.i.optimole.com\/w:300\/h:300\/q:mauto\/f:best\/https:\/\/ml9txs9ouv9q.i.optimole.com\/w:auto\/h:auto\/q:mauto\/f:best\/https:\/\/fipmed.co\/wp-content\/uploads\/2022\/11\/FIP-Warrior-3.jpg 300w, https:\/\/ml9txs9ouv9q.i.optimole.com\/w:150\/h:150\/q:mauto\/f:best\/https:\/\/ml9txs9ouv9q.i.optimole.com\/w:auto\/h:auto\/q:mauto\/f:best\/https:\/\/fipmed.co\/wp-content\/uploads\/2022\/11\/FIP-Warrior-3.jpg 150w, https:\/\/ml9txs9ouv9q.i.optimole.com\/w:100\/h:100\/q:mauto\/f:best\/dpr:2\/https:\/\/ml9txs9ouv9q.i.optimole.com\/w:auto\/h:auto\/q:mauto\/f:best\/https:\/\/fipmed.co\/wp-content\/uploads\/2022\/11\/FIP-Warrior-3.jpg 100w\" sizes=\"(max-width: 600px) 100vw, 600px\" \/></noscript>\t\t\t\t\t\t\t\t\t\t\t\t\t\t\t<\/div>\n\t\t\t\t<\/div>\n\t\t\t\t<div class=\"elementor-element elementor-element-c8c4ac9 elementor-widget elementor-widget-text-editor\" data-id=\"c8c4ac9\" data-element_type=\"widget\" data-widget_type=\"text-editor.default\">\n\t\t\t\t<div class=\"elementor-widget-container\">\n\t\t\t\t\t\t\t\t\t<p>Saqu\u00e9 a Harry del refugio y probablemente ya estaba enfermo en ese momento. Poco despu\u00e9s de que lo trajimos a casa, su condici\u00f3n empeor\u00f3 cada vez m\u00e1s. Realmente no cre\u00edamos que pudiera lograrlo. Aunque es nuevo en nuestra casa, sigue siendo un miembro de la familia. Tuvimos que hacer todo lo posible para salvarlo. El veterinario de nuestro vecindario nos recomend\u00f3 FipMed y s\u00ed, aunque el medicamento es costoso, estamos contentos de que Harry haya salido adelante. Ahora est\u00e1 realmente listo para comenzar su viaje con nosotros \ud83d\ude42<\/p>\t\t\t\t\t\t\t\t<\/div>\n\t\t\t\t<\/div>\n\t\t\t\t\t<\/div>\n\t\t<\/div>\n\t\t\t\t\t<\/div>\n\t\t<\/section>\n\t\t\t\t\t<\/div>\n\t\t<\/div>\n\t\t\t\t\t<\/div>\n\t\t<\/section>\n\t\t\t\t<\/div>\n\t\t","protected":false},"excerpt":{"rendered":"<p>PIF Gato: Testimonios Lea las historias de \u00e9xito de estos Guerreros de la PIF Gato. Con el tratamiento de FipMed, estos peludos consiguen sobrevivir a la enfermedad felina m\u00e1s desgarradora. Martian ten\u00eda solo 2 meses cuando se infect\u00f3 con PIF, por lo que fue bastante alarmante verlo pasar de ser un ni\u00f1o saltar\u00edn, a estar [&hellip;]<\/p>\n","protected":false},"author":1,"featured_media":0,"parent":0,"menu_order":0,"comment_status":"closed","ping_status":"closed","template":"elementor_header_footer","meta":{"_glsr_average":0,"_glsr_ranking":0,"_glsr_reviews":0,"footnotes":""},"categories":[],"tags":[],"_links":{"self":[{"href":"https:\/\/fipmed.co\/es\/wp-json\/wp\/v2\/pages\/3824"}],"collection":[{"href":"https:\/\/fipmed.co\/es\/wp-json\/wp\/v2\/pages"}],"about":[{"href":"https:\/\/fipmed.co\/es\/wp-json\/wp\/v2\/types\/page"}],"author":[{"embeddable":true,"href":"https:\/\/fipmed.co\/es\/wp-json\/wp\/v2\/users\/1"}],"replies":[{"embeddable":true,"href":"https:\/\/fipmed.co\/es\/wp-json\/wp\/v2\/comments?post=3824"}],"version-history":[{"count":0,"href":"https:\/\/fipmed.co\/es\/wp-json\/wp\/v2\/pages\/3824\/revisions"}],"wp:attachment":[{"href":"https:\/\/fipmed.co\/es\/wp-json\/wp\/v2\/media?parent=3824"}],"wp:term":[{"taxonomy":"category","embeddable":true,"href":"https:\/\/fipmed.co\/es\/wp-json\/wp\/v2\/categories?post=3824"},{"taxonomy":"post_tag","embeddable":true,"href":"https:\/\/fipmed.co\/es\/wp-json\/wp\/v2\/tags?post=3824"}],"curies":[{"name":"wp","href":"https:\/\/api.w.org\/{rel}","templated":true}]}}