{"id":3896,"date":"2022-11-25T15:15:32","date_gmt":"2022-11-25T15:15:32","guid":{"rendered":"https:\/\/fipmed.co\/fip-informacion\/"},"modified":"2024-01-24T01:27:06","modified_gmt":"2024-01-24T01:27:06","slug":"fip-informacion","status":"publish","type":"page","link":"https:\/\/fipmed.co\/es\/fip-informacion\/","title":{"rendered":"Informaci\u00f3n sobre el PIF"},"content":{"rendered":"\t\t<div data-elementor-type=\"wp-page\" data-elementor-id=\"3896\" class=\"elementor elementor-3896 elementor-27\">\n\t\t\t\t\t\t<section class=\"elementor-section elementor-top-section elementor-element elementor-element-c6e8339 elementor-section-boxed elementor-section-height-default elementor-section-height-default\" data-id=\"c6e8339\" data-element_type=\"section\" data-settings=\"{&quot;background_background&quot;:&quot;classic&quot;}\">\n\t\t\t\t\t\t<div class=\"elementor-container elementor-column-gap-default\">\n\t\t\t\t\t<div class=\"elementor-column elementor-col-100 elementor-top-column elementor-element elementor-element-20903e9\" data-id=\"20903e9\" data-element_type=\"column\">\n\t\t\t<div class=\"elementor-widget-wrap elementor-element-populated\">\n\t\t\t\t\t\t<div class=\"elementor-element elementor-element-61718f0 elementor-widget elementor-widget-heading\" data-id=\"61718f0\" data-element_type=\"widget\" data-widget_type=\"heading.default\">\n\t\t\t\t<div class=\"elementor-widget-container\">\n\t\t\t\t\t<h2 class=\"elementor-heading-title elementor-size-default\">Saber es poder.\nLea para saber m\u00e1s sobre la FIP. \n<\/h2>\t\t\t\t<\/div>\n\t\t\t\t<\/div>\n\t\t\t\t<div class=\"elementor-element elementor-element-05a63aa elementor-widget elementor-widget-text-editor\" data-id=\"05a63aa\" data-element_type=\"widget\" data-widget_type=\"text-editor.default\">\n\t\t\t\t<div class=\"elementor-widget-container\">\n\t\t\t\t\t\t\t\t\t<p>Esperamos que estos art\u00edculos que hemos escrito le sean \u00fatiles. En ellos contiene alguna Informaci\u00f3n FIP que es bueno saber.<\/p>\n\t\t\t\t\t\t\t\t<\/div>\n\t\t\t\t<\/div>\n\t\t\t\t<div class=\"elementor-element elementor-element-4d9c521 elementor-widget elementor-widget-shortcode\" data-id=\"4d9c521\" data-element_type=\"widget\" data-widget_type=\"shortcode.default\">\n\t\t\t\t<div class=\"elementor-widget-container\">\n\t\t\t\t\t\t\t<div class=\"elementor-shortcode\"><div class=\"pages-grid-container\"><div class=\"pages-grid\"><div class=\"pages-grid-post\"><div class=\"pages-grid-thumb\"><img data-opt-id=594676602  fetchpriority=\"high\" decoding=\"async\" width=\"340\" height=\"240\" src=\"https:\/\/ml9txs9ouv9q.i.optimole.com\/w:340\/h:240\/q:mauto\/rt:fill\/g:ce\/f:best\/https:\/\/fipmed.co\/wp-content\/uploads\/2024\/03\/fip-treatment-monitoring.jpg\" class=\"attachment-post-thumbnail size-post-thumbnail wp-post-image\" alt=\"fip treatment monitoring\" \/><\/div><h2><a href=\"https:\/\/fipmed.co\/es\/seguimiento-del-pif-en-gatos-tratamiento\/\">Seguimiento del PIF en Gatos Tratamiento: \u00bfQu\u00e9 debo esperar ver y qu\u00e9 vigilar durante el Tratamiento PIF?<\/a><\/h2><p>Seguimiento del PIF en Gatos Tratamiento: \u00bfQu\u00e9 debo esperar ver y qu\u00e9 vigilar durante el Tratamie...<\/p><\/div><div class=\"pages-grid-post\"><div class=\"pages-grid-thumb\"><img data-opt-id=1794834948  data-opt-src=\"https:\/\/ml9txs9ouv9q.i.optimole.com\/w:340\/h:240\/q:mauto\/rt:fill\/g:ce\/f:best\/https:\/\/fipmed.co\/wp-content\/uploads\/2024\/03\/fip-tablets.jpg\"  decoding=\"async\" width=\"340\" height=\"240\" src=\"data:image/svg+xml,%3Csvg%20viewBox%3D%220%200%20340%20240%22%20width%3D%22340%22%20height%3D%22240%22%20xmlns%3D%22http%3A%2F%2Fwww.w3.org%2F2000%2Fsvg%22%3E%3Crect%20width%3D%22340%22%20height%3D%22240%22%20fill%3D%22transparent%22%2F%3E%3C%2Fsvg%3E\" class=\"attachment-post-thumbnail size-post-thumbnail wp-post-image\" alt=\"fip tablets\" \/><noscript><img data-opt-id=1794834948  decoding=\"async\" width=\"340\" height=\"240\" src=\"https:\/\/ml9txs9ouv9q.i.optimole.com\/w:340\/h:240\/q:mauto\/rt:fill\/g:ce\/f:best\/https:\/\/fipmed.co\/wp-content\/uploads\/2024\/03\/fip-tablets.jpg\" class=\"attachment-post-thumbnail size-post-thumbnail wp-post-image\" alt=\"fip tablets\" \/></noscript><\/div><h2><a href=\"https:\/\/fipmed.co\/es\/mejor-medicacion-oral-para-la-pif-pif-comprimidos-y-capsulas\/\">Mejor medicaci\u00f3n oral para la PIF &#8211; PIF comprimidos y c\u00e1psulas<\/a><\/h2><p>Aunque en general se considera que las inyecciones son m\u00e1s fiables que la forma oral de GS-441524 p...<\/p><\/div><div class=\"pages-grid-post\"><div class=\"pages-grid-thumb\"><img data-opt-id=1676285181  data-opt-src=\"https:\/\/ml9txs9ouv9q.i.optimole.com\/w:340\/h:240\/q:mauto\/rt:fill\/g:ce\/f:best\/https:\/\/fipmed.co\/wp-content\/uploads\/2023\/11\/is-fip-contagious.jpg\"  decoding=\"async\" width=\"340\" height=\"240\" src=\"data:image/svg+xml,%3Csvg%20viewBox%3D%220%200%20340%20240%22%20width%3D%22340%22%20height%3D%22240%22%20xmlns%3D%22http%3A%2F%2Fwww.w3.org%2F2000%2Fsvg%22%3E%3Crect%20width%3D%22340%22%20height%3D%22240%22%20fill%3D%22transparent%22%2F%3E%3C%2Fsvg%3E\" class=\"attachment-post-thumbnail size-post-thumbnail wp-post-image\" alt=\"\" \/><noscript><img data-opt-id=1676285181  decoding=\"async\" width=\"340\" height=\"240\" src=\"https:\/\/ml9txs9ouv9q.i.optimole.com\/w:340\/h:240\/q:mauto\/rt:fill\/g:ce\/f:best\/https:\/\/fipmed.co\/wp-content\/uploads\/2023\/11\/is-fip-contagious.jpg\" class=\"attachment-post-thumbnail size-post-thumbnail wp-post-image\" alt=\"\" \/></noscript><\/div><h2><a href=\"https:\/\/fipmed.co\/es\/que-es-el-pif-en-gatos-es-contagiosa-la-pif-y-como-se-transmite\/\">\u00bfQue es el PIF en gatos, es contagiosa la PIF y c\u00f3mo se transmite?<\/a><\/h2><p>\u00bfQue es el PIF en gatos, es contagiosa la PIF y c\u00f3mo se transmite? Aunque no es tan contagiosa com...<\/p><\/div><\/div><div class=\"pages-grid\"><div class=\"pages-grid-post\"><div class=\"pages-grid-thumb\"><img data-opt-id=16614490  data-opt-src=\"https:\/\/ml9txs9ouv9q.i.optimole.com\/w:340\/h:240\/q:mauto\/rt:fill\/g:ce\/f:best\/https:\/\/fipmed.co\/wp-content\/uploads\/2023\/11\/how-do-cats-get-fip.jpg\"  loading=\"lazy\" decoding=\"async\" width=\"340\" height=\"240\" src=\"data:image/svg+xml,%3Csvg%20viewBox%3D%220%200%20340%20240%22%20width%3D%22340%22%20height%3D%22240%22%20xmlns%3D%22http%3A%2F%2Fwww.w3.org%2F2000%2Fsvg%22%3E%3Crect%20width%3D%22340%22%20height%3D%22240%22%20fill%3D%22transparent%22%2F%3E%3C%2Fsvg%3E\" class=\"attachment-post-thumbnail size-post-thumbnail wp-post-image\" alt=\"\" \/><noscript><img data-opt-id=16614490  loading=\"lazy\" decoding=\"async\" width=\"340\" height=\"240\" src=\"https:\/\/ml9txs9ouv9q.i.optimole.com\/w:340\/h:240\/q:mauto\/rt:fill\/g:ce\/f:best\/https:\/\/fipmed.co\/wp-content\/uploads\/2023\/11\/how-do-cats-get-fip.jpg\" class=\"attachment-post-thumbnail size-post-thumbnail wp-post-image\" alt=\"\" \/></noscript><\/div><h2><a href=\"https:\/\/fipmed.co\/es\/como-contraen-los-gatos-la-pif-que-causa-la-pif-felina\/\">C\u00f3mo contraen los gatos la PIF: \u00bfQu\u00e9 causa la PIF felina?<\/a><\/h2><p>\u00bfC\u00f3mo contraen los gatos la PIF felina? El coronavirus felino (FCoV) es la principal causa de PIF ...<\/p><\/div><div class=\"pages-grid-post\"><div class=\"pages-grid-thumb\"><img data-opt-id=271799625  data-opt-src=\"https:\/\/ml9txs9ouv9q.i.optimole.com\/w:auto\/h:auto\/q:mauto\/f:best\/https:\/\/fipmed.co\/wp-content\/uploads\/thumbnail-default.jpg\"  decoding=\"async\" alt=\"\" src=\"data:image/svg+xml,%3Csvg%20viewBox%3D%220%200%20100%%20100%%22%20width%3D%22100%%22%20height%3D%22100%%22%20xmlns%3D%22http%3A%2F%2Fwww.w3.org%2F2000%2Fsvg%22%3E%3Crect%20width%3D%22100%%22%20height%3D%22100%%22%20fill%3D%22transparent%22%2F%3E%3C%2Fsvg%3E\" \/><noscript><img data-opt-id=271799625  decoding=\"async\" alt=\"\" src=\"https:\/\/ml9txs9ouv9q.i.optimole.com\/w:auto\/h:auto\/q:mauto\/f:best\/https:\/\/fipmed.co\/wp-content\/uploads\/thumbnail-default.jpg\" \/></noscript><\/div><h2><a href=\"https:\/\/fipmed.co\/es\/gs-441524-gs441524\/\">GS 441524<\/a><\/h2><p>\u00bfQu\u00e9 es GS 441524? GS 441524 es un an\u00e1logo de nucle\u00f3sido innovador que se ha convertido en un pu...<\/p><\/div><div class=\"pages-grid-post\"><div class=\"pages-grid-thumb\"><img data-opt-id=271799625  data-opt-src=\"https:\/\/ml9txs9ouv9q.i.optimole.com\/w:auto\/h:auto\/q:mauto\/f:best\/https:\/\/fipmed.co\/wp-content\/uploads\/thumbnail-default.jpg\"  decoding=\"async\" alt=\"\" src=\"data:image/svg+xml,%3Csvg%20viewBox%3D%220%200%20100%%20100%%22%20width%3D%22100%%22%20height%3D%22100%%22%20xmlns%3D%22http%3A%2F%2Fwww.w3.org%2F2000%2Fsvg%22%3E%3Crect%20width%3D%22100%%22%20height%3D%22100%%22%20fill%3D%22transparent%22%2F%3E%3C%2Fsvg%3E\" \/><noscript><img data-opt-id=271799625  decoding=\"async\" alt=\"\" src=\"https:\/\/ml9txs9ouv9q.i.optimole.com\/w:auto\/h:auto\/q:mauto\/f:best\/https:\/\/fipmed.co\/wp-content\/uploads\/thumbnail-default.jpg\" \/></noscript><\/div><h2><a href=\"https:\/\/fipmed.co\/es\/pif-gatos-que-es-la-pif-en-los-gatos\/\">PIF GATOS: \u00bfQU\u00c9 ES LA PIF EN LOS GATOS?<\/a><\/h2><p>PIF gatos La PIF gatos, o peritonitis infecciosa felina, es una enfermedad viral grave y, a menudo, ...<\/p><\/div><\/div><div class=\"pages-grid\"><div class=\"pages-grid-post\"><div class=\"pages-grid-thumb\"><img data-opt-id=1309440420  data-opt-src=\"https:\/\/ml9txs9ouv9q.i.optimole.com\/w:340\/h:240\/q:mauto\/rt:fill\/g:ce\/f:best\/https:\/\/fipmed.co\/wp-content\/uploads\/2022\/12\/18.jpg\"  loading=\"lazy\" decoding=\"async\" width=\"340\" height=\"240\" src=\"data:image/svg+xml,%3Csvg%20viewBox%3D%220%200%20340%20240%22%20width%3D%22340%22%20height%3D%22240%22%20xmlns%3D%22http%3A%2F%2Fwww.w3.org%2F2000%2Fsvg%22%3E%3Crect%20width%3D%22340%22%20height%3D%22240%22%20fill%3D%22transparent%22%2F%3E%3C%2Fsvg%3E\" class=\"attachment-post-thumbnail size-post-thumbnail wp-post-image\" alt=\"vitamins for cats\" \/><noscript><img data-opt-id=1309440420  loading=\"lazy\" decoding=\"async\" width=\"340\" height=\"240\" src=\"https:\/\/ml9txs9ouv9q.i.optimole.com\/w:340\/h:240\/q:mauto\/rt:fill\/g:ce\/f:best\/https:\/\/fipmed.co\/wp-content\/uploads\/2022\/12\/18.jpg\" class=\"attachment-post-thumbnail size-post-thumbnail wp-post-image\" alt=\"vitamins for cats\" \/></noscript><\/div><h2><a href=\"https:\/\/fipmed.co\/es\/las-vitaminas-b12-para-gatos-con-pif-son-importantes-para-la-recuperacion-2\/\">Las vitaminas B12 para gatos con PIF son importantes para la recuperaci\u00f3n<\/a><\/h2><p>Cuando se cuida de un gato afectado de peritonitis infecciosa felina (PIF), mantener un cuidado adec...<\/p><\/div><div class=\"pages-grid-post\"><div class=\"pages-grid-thumb\"><img data-opt-id=1145295304  data-opt-src=\"https:\/\/ml9txs9ouv9q.i.optimole.com\/w:340\/h:240\/q:mauto\/rt:fill\/g:ce\/f:best\/https:\/\/fipmed.co\/wp-content\/uploads\/2022\/12\/16.jpg\"  loading=\"lazy\" decoding=\"async\" width=\"340\" height=\"240\" src=\"data:image/svg+xml,%3Csvg%20viewBox%3D%220%200%20340%20240%22%20width%3D%22340%22%20height%3D%22240%22%20xmlns%3D%22http%3A%2F%2Fwww.w3.org%2F2000%2Fsvg%22%3E%3Crect%20width%3D%22340%22%20height%3D%22240%22%20fill%3D%22transparent%22%2F%3E%3C%2Fsvg%3E\" class=\"attachment-post-thumbnail size-post-thumbnail wp-post-image\" alt=\"\" \/><noscript><img data-opt-id=1145295304  loading=\"lazy\" decoding=\"async\" width=\"340\" height=\"240\" src=\"https:\/\/ml9txs9ouv9q.i.optimole.com\/w:340\/h:240\/q:mauto\/rt:fill\/g:ce\/f:best\/https:\/\/fipmed.co\/wp-content\/uploads\/2022\/12\/16.jpg\" class=\"attachment-post-thumbnail size-post-thumbnail wp-post-image\" alt=\"\" \/></noscript><\/div><h2><a href=\"https:\/\/fipmed.co\/es\/4-tipos-de-pif-felino\/\">4 tipos de PIF Felino: PIF h\u00famedo, PIF seco, PIF ocular y PIF neurol\u00f3gico<\/a><\/h2><p>La peritonitis infecciosa felina (PIF) es una enfermedad frecuente y mortal para los gatos. No s\u00f3lo...<\/p><\/div><div class=\"pages-grid-post\"><div class=\"pages-grid-thumb\"><img data-opt-id=839967258  data-opt-src=\"https:\/\/ml9txs9ouv9q.i.optimole.com\/w:340\/h:240\/q:mauto\/rt:fill\/g:ce\/f:best\/https:\/\/fipmed.co\/wp-content\/uploads\/2022\/12\/15.jpg\"  loading=\"lazy\" decoding=\"async\" width=\"340\" height=\"240\" src=\"data:image/svg+xml,%3Csvg%20viewBox%3D%220%200%20340%20240%22%20width%3D%22340%22%20height%3D%22240%22%20xmlns%3D%22http%3A%2F%2Fwww.w3.org%2F2000%2Fsvg%22%3E%3Crect%20width%3D%22340%22%20height%3D%22240%22%20fill%3D%22transparent%22%2F%3E%3C%2Fsvg%3E\" class=\"attachment-post-thumbnail size-post-thumbnail wp-post-image\" alt=\"\" \/><noscript><img data-opt-id=839967258  loading=\"lazy\" decoding=\"async\" width=\"340\" height=\"240\" src=\"https:\/\/ml9txs9ouv9q.i.optimole.com\/w:340\/h:240\/q:mauto\/rt:fill\/g:ce\/f:best\/https:\/\/fipmed.co\/wp-content\/uploads\/2022\/12\/15.jpg\" class=\"attachment-post-thumbnail size-post-thumbnail wp-post-image\" alt=\"\" \/></noscript><\/div><h2><a href=\"https:\/\/fipmed.co\/es\/tratamiento-de-la-pif-en-gatos-el-avance-medico-para-la-pif-salva-a-los-gatos\/\">Tratamiento de la PIF en gatos: El avance m\u00e9dico para la PIF salva a los gatos<\/a><\/h2><p>Ya existe un tratamiento contra la PIF en gatos de eficacia probada. Sin embargo, debido a la falta ...<\/p><\/div><\/div><div class=\"pages-grid\"><div class=\"pages-grid-post\"><div class=\"pages-grid-thumb\"><img data-opt-id=988384800  data-opt-src=\"https:\/\/ml9txs9ouv9q.i.optimole.com\/w:340\/h:240\/q:mauto\/rt:fill\/g:ce\/f:best\/https:\/\/fipmed.co\/wp-content\/uploads\/2022\/12\/13.jpg\"  loading=\"lazy\" decoding=\"async\" width=\"340\" height=\"240\" src=\"data:image/svg+xml,%3Csvg%20viewBox%3D%220%200%20340%20240%22%20width%3D%22340%22%20height%3D%22240%22%20xmlns%3D%22http%3A%2F%2Fwww.w3.org%2F2000%2Fsvg%22%3E%3Crect%20width%3D%22340%22%20height%3D%22240%22%20fill%3D%22transparent%22%2F%3E%3C%2Fsvg%3E\" class=\"attachment-post-thumbnail size-post-thumbnail wp-post-image\" alt=\"cat fip\" \/><noscript><img data-opt-id=988384800  loading=\"lazy\" decoding=\"async\" width=\"340\" height=\"240\" src=\"https:\/\/ml9txs9ouv9q.i.optimole.com\/w:340\/h:240\/q:mauto\/rt:fill\/g:ce\/f:best\/https:\/\/fipmed.co\/wp-content\/uploads\/2022\/12\/13.jpg\" class=\"attachment-post-thumbnail size-post-thumbnail wp-post-image\" alt=\"cat fip\" \/></noscript><\/div><h2><a href=\"https:\/\/fipmed.co\/es\/gatos-pif-10-cosas-que-debe-hacer-inmediatamente-si-a-su-felino-le-diagnostican-pif-en-gatos\/\">Gatos PIF: 10 cosas que debe hacer inmediatamente si a su felino le diagnostican PIF en gatos<\/a><\/h2><p>Puede ser desconcertante si acabas de descubrir que tu gato tiene PIF. Si es tu caso, lo entendemos,...<\/p><\/div><div class=\"pages-grid-post\"><div class=\"pages-grid-thumb\"><img data-opt-id=1545105702  data-opt-src=\"https:\/\/ml9txs9ouv9q.i.optimole.com\/w:340\/h:240\/q:mauto\/rt:fill\/g:ce\/f:best\/https:\/\/fipmed.co\/wp-content\/uploads\/2022\/12\/12.jpg\"  loading=\"lazy\" decoding=\"async\" width=\"340\" height=\"240\" src=\"data:image/svg+xml,%3Csvg%20viewBox%3D%220%200%20340%20240%22%20width%3D%22340%22%20height%3D%22240%22%20xmlns%3D%22http%3A%2F%2Fwww.w3.org%2F2000%2Fsvg%22%3E%3Crect%20width%3D%22340%22%20height%3D%22240%22%20fill%3D%22transparent%22%2F%3E%3C%2Fsvg%3E\" class=\"attachment-post-thumbnail size-post-thumbnail wp-post-image\" alt=\"sintomi della fip\" \/><noscript><img data-opt-id=1545105702  loading=\"lazy\" decoding=\"async\" width=\"340\" height=\"240\" src=\"https:\/\/ml9txs9ouv9q.i.optimole.com\/w:340\/h:240\/q:mauto\/rt:fill\/g:ce\/f:best\/https:\/\/fipmed.co\/wp-content\/uploads\/2022\/12\/12.jpg\" class=\"attachment-post-thumbnail size-post-thumbnail wp-post-image\" alt=\"sintomi della fip\" \/></noscript><\/div><h2><a href=\"https:\/\/fipmed.co\/es\/pif-gatos-sintomas-signos-de-gatos-infectados\/\">PIF Gatos S\u00edntomas: Signos de gatos infectados<\/a><\/h2><p>PIF gatos S\u00edntomas El coronavirus felino (FCoV) puede causar una enfermedad potencialmente mortal, ...<\/p><\/div><div class=\"pages-grid-post\"><div class=\"pages-grid-thumb\"><img data-opt-id=1416345956  data-opt-src=\"https:\/\/ml9txs9ouv9q.i.optimole.com\/w:340\/h:240\/q:mauto\/rt:fill\/g:ce\/f:best\/https:\/\/fipmed.co\/wp-content\/uploads\/2022\/12\/11.jpg\"  loading=\"lazy\" decoding=\"async\" width=\"340\" height=\"240\" src=\"data:image/svg+xml,%3Csvg%20viewBox%3D%220%200%20340%20240%22%20width%3D%22340%22%20height%3D%22240%22%20xmlns%3D%22http%3A%2F%2Fwww.w3.org%2F2000%2Fsvg%22%3E%3Crect%20width%3D%22340%22%20height%3D%22240%22%20fill%3D%22transparent%22%2F%3E%3C%2Fsvg%3E\" class=\"attachment-post-thumbnail size-post-thumbnail wp-post-image\" alt=\"\" \/><noscript><img data-opt-id=1416345956  loading=\"lazy\" decoding=\"async\" width=\"340\" height=\"240\" src=\"https:\/\/ml9txs9ouv9q.i.optimole.com\/w:340\/h:240\/q:mauto\/rt:fill\/g:ce\/f:best\/https:\/\/fipmed.co\/wp-content\/uploads\/2022\/12\/11.jpg\" class=\"attachment-post-thumbnail size-post-thumbnail wp-post-image\" alt=\"\" \/></noscript><\/div><h2><a href=\"https:\/\/fipmed.co\/es\/suplementos-nutricionales-para-gatos-con-pif\/\">Suplementos nutricionales para gatos con PIF<\/a><\/h2><p>Se recomienda dar a su gato vitaminas y suplementos para mantener sanos y fuertes el ri\u00f1\u00f3n y el h?...<\/p><\/div><\/div><div class=\"pages-grid\"><div class=\"pages-grid-post\"><div class=\"pages-grid-thumb\"><img data-opt-id=1030769726  data-opt-src=\"https:\/\/ml9txs9ouv9q.i.optimole.com\/w:340\/h:240\/q:mauto\/rt:fill\/g:ce\/f:best\/https:\/\/fipmed.co\/wp-content\/uploads\/2022\/12\/10.jpg\"  loading=\"lazy\" decoding=\"async\" width=\"340\" height=\"240\" src=\"data:image/svg+xml,%3Csvg%20viewBox%3D%220%200%20340%20240%22%20width%3D%22340%22%20height%3D%22240%22%20xmlns%3D%22http%3A%2F%2Fwww.w3.org%2F2000%2Fsvg%22%3E%3Crect%20width%3D%22340%22%20height%3D%22240%22%20fill%3D%22transparent%22%2F%3E%3C%2Fsvg%3E\" class=\"attachment-post-thumbnail size-post-thumbnail wp-post-image\" alt=\"FIP Vaccine\" \/><noscript><img data-opt-id=1030769726  loading=\"lazy\" decoding=\"async\" width=\"340\" height=\"240\" src=\"https:\/\/ml9txs9ouv9q.i.optimole.com\/w:340\/h:240\/q:mauto\/rt:fill\/g:ce\/f:best\/https:\/\/fipmed.co\/wp-content\/uploads\/2022\/12\/10.jpg\" class=\"attachment-post-thumbnail size-post-thumbnail wp-post-image\" alt=\"FIP Vaccine\" \/></noscript><\/div><h2><a href=\"https:\/\/fipmed.co\/es\/vacuna-pif-gatos-y-otras-formas-de-evitar-que-los-gatos-la-contraigan\/\">Vacuna PIF gatos y otras formas de evitar que los gatos la contraigan<\/a><\/h2><p>La peritonitis infecciosa felina (PIF) es un virus incurable y a menudo mortal que afecta a menos de...<\/p><\/div><div class=\"pages-grid-post\"><div class=\"pages-grid-thumb\"><img data-opt-id=27672458  data-opt-src=\"https:\/\/ml9txs9ouv9q.i.optimole.com\/w:340\/h:240\/q:mauto\/rt:fill\/g:ce\/f:best\/https:\/\/fipmed.co\/wp-content\/uploads\/2022\/12\/9.jpg\"  loading=\"lazy\" decoding=\"async\" width=\"340\" height=\"240\" src=\"data:image/svg+xml,%3Csvg%20viewBox%3D%220%200%20340%20240%22%20width%3D%22340%22%20height%3D%22240%22%20xmlns%3D%22http%3A%2F%2Fwww.w3.org%2F2000%2Fsvg%22%3E%3Crect%20width%3D%22340%22%20height%3D%22240%22%20fill%3D%22transparent%22%2F%3E%3C%2Fsvg%3E\" class=\"attachment-post-thumbnail size-post-thumbnail wp-post-image\" alt=\"fip treatments\" \/><noscript><img data-opt-id=27672458  loading=\"lazy\" decoding=\"async\" width=\"340\" height=\"240\" src=\"https:\/\/ml9txs9ouv9q.i.optimole.com\/w:340\/h:240\/q:mauto\/rt:fill\/g:ce\/f:best\/https:\/\/fipmed.co\/wp-content\/uploads\/2022\/12\/9.jpg\" class=\"attachment-post-thumbnail size-post-thumbnail wp-post-image\" alt=\"fip treatments\" \/></noscript><\/div><h2><a href=\"https:\/\/fipmed.co\/es\/pif-gatos-tratamientos-inyecciones-contra-la-pif-y-comprimidos-contra-la-pif\/\">PIF Gatos Tratamientos: Inyecciones contra la PIF y comprimidos contra la PIF<\/a><\/h2><p>Puede tener dos alternativas a la hora de seleccionar la medicaci\u00f3n antiv\u00edrica GS-441524 para los ...<\/p><\/div><div class=\"pages-grid-post\"><div class=\"pages-grid-thumb\"><img data-opt-id=1829205392  data-opt-src=\"https:\/\/ml9txs9ouv9q.i.optimole.com\/w:340\/h:240\/q:mauto\/rt:fill\/g:ce\/f:best\/https:\/\/fipmed.co\/wp-content\/uploads\/2022\/12\/8.jpg\"  loading=\"lazy\" decoding=\"async\" width=\"340\" height=\"240\" src=\"data:image/svg+xml,%3Csvg%20viewBox%3D%220%200%20340%20240%22%20width%3D%22340%22%20height%3D%22240%22%20xmlns%3D%22http%3A%2F%2Fwww.w3.org%2F2000%2Fsvg%22%3E%3Crect%20width%3D%22340%22%20height%3D%22240%22%20fill%3D%22transparent%22%2F%3E%3C%2Fsvg%3E\" class=\"attachment-post-thumbnail size-post-thumbnail wp-post-image\" alt=\"healthy cat weight\" \/><noscript><img data-opt-id=1829205392  loading=\"lazy\" decoding=\"async\" width=\"340\" height=\"240\" src=\"https:\/\/ml9txs9ouv9q.i.optimole.com\/w:340\/h:240\/q:mauto\/rt:fill\/g:ce\/f:best\/https:\/\/fipmed.co\/wp-content\/uploads\/2022\/12\/8.jpg\" class=\"attachment-post-thumbnail size-post-thumbnail wp-post-image\" alt=\"healthy cat weight\" \/></noscript><\/div><h2><a href=\"https:\/\/fipmed.co\/es\/peso-del-gato-saludable-y-otros-signos-para-saber-si-tu-gato-esta-saludable\/\">Peso del gato sano y otros signos de gatos sanos y no sanos<\/a><\/h2><p>Adem\u00e1s de conocer el peso del gato, otros signos que indican si su gato no est\u00e1 sano pueden ayudar...<\/p><\/div><\/div><div class=\"pages-grid\"><div class=\"pages-grid-post\"><div class=\"pages-grid-thumb\"><img data-opt-id=1224736368  data-opt-src=\"https:\/\/ml9txs9ouv9q.i.optimole.com\/w:340\/h:240\/q:mauto\/rt:fill\/g:ce\/f:best\/https:\/\/fipmed.co\/wp-content\/uploads\/2022\/12\/7.jpg\"  loading=\"lazy\" decoding=\"async\" width=\"340\" height=\"240\" src=\"data:image/svg+xml,%3Csvg%20viewBox%3D%220%200%20340%20240%22%20width%3D%22340%22%20height%3D%22240%22%20xmlns%3D%22http%3A%2F%2Fwww.w3.org%2F2000%2Fsvg%22%3E%3Crect%20width%3D%22340%22%20height%3D%22240%22%20fill%3D%22transparent%22%2F%3E%3C%2Fsvg%3E\" class=\"attachment-post-thumbnail size-post-thumbnail wp-post-image\" alt=\"Final Stages of FIP in Cat\" \/><noscript><img data-opt-id=1224736368  loading=\"lazy\" decoding=\"async\" width=\"340\" height=\"240\" src=\"https:\/\/ml9txs9ouv9q.i.optimole.com\/w:340\/h:240\/q:mauto\/rt:fill\/g:ce\/f:best\/https:\/\/fipmed.co\/wp-content\/uploads\/2022\/12\/7.jpg\" class=\"attachment-post-thumbnail size-post-thumbnail wp-post-image\" alt=\"Final Stages of FIP in Cat\" \/></noscript><\/div><h2><a href=\"https:\/\/fipmed.co\/es\/que-ocurre-durante-las-etapas-finales-del-fip-en-gato\/\">Qu\u00e9 ocurre durante las fases finales de la PIF en el gato<\/a><\/h2><p>El diagn\u00f3stico de peritonitis infecciosa felina (PIF) en los gatos suele ser desgarrador para los p...<\/p><\/div><div class=\"pages-grid-post\"><div class=\"pages-grid-thumb\"><img data-opt-id=887609815  data-opt-src=\"https:\/\/ml9txs9ouv9q.i.optimole.com\/w:340\/h:240\/q:mauto\/rt:fill\/g:ce\/f:best\/https:\/\/fipmed.co\/wp-content\/uploads\/2022\/12\/1.jpg\"  loading=\"lazy\" decoding=\"async\" width=\"340\" height=\"240\" src=\"data:image/svg+xml,%3Csvg%20viewBox%3D%220%200%20340%20240%22%20width%3D%22340%22%20height%3D%22240%22%20xmlns%3D%22http%3A%2F%2Fwww.w3.org%2F2000%2Fsvg%22%3E%3Crect%20width%3D%22340%22%20height%3D%22240%22%20fill%3D%22transparent%22%2F%3E%3C%2Fsvg%3E\" class=\"attachment-post-thumbnail size-post-thumbnail wp-post-image\" alt=\"\" \/><noscript><img data-opt-id=887609815  loading=\"lazy\" decoding=\"async\" width=\"340\" height=\"240\" src=\"https:\/\/ml9txs9ouv9q.i.optimole.com\/w:340\/h:240\/q:mauto\/rt:fill\/g:ce\/f:best\/https:\/\/fipmed.co\/wp-content\/uploads\/2022\/12\/1.jpg\" class=\"attachment-post-thumbnail size-post-thumbnail wp-post-image\" alt=\"\" \/></noscript><\/div><h2><a href=\"https:\/\/fipmed.co\/es\/lista-completa-de-todas-las-pruebas-pif-para-diagnosticar-si-su-gato-tiene-peritonitis-infecciosa-felina\/\">Lista completa de todas las pruebas PIF para diagnosticar si su gato tiene peritonitis infecciosa felina<\/a><\/h2><p>\u00bfQu\u00e9 son las pruebas PIF? Las pruebas de PIF son el proceso de diagn\u00f3stico de la peritonitis infe...<\/p><\/div><div class=\"pages-grid-post\"><div class=\"pages-grid-thumb\"><img data-opt-id=1291403922  data-opt-src=\"https:\/\/ml9txs9ouv9q.i.optimole.com\/w:340\/h:240\/q:mauto\/rt:fill\/g:ce\/f:best\/https:\/\/fipmed.co\/wp-content\/uploads\/2022\/12\/2.jpg\"  loading=\"lazy\" decoding=\"async\" width=\"340\" height=\"240\" src=\"data:image/svg+xml,%3Csvg%20viewBox%3D%220%200%20340%20240%22%20width%3D%22340%22%20height%3D%22240%22%20xmlns%3D%22http%3A%2F%2Fwww.w3.org%2F2000%2Fsvg%22%3E%3Crect%20width%3D%22340%22%20height%3D%22240%22%20fill%3D%22transparent%22%2F%3E%3C%2Fsvg%3E\" class=\"attachment-post-thumbnail size-post-thumbnail wp-post-image\" alt=\"\" \/><noscript><img data-opt-id=1291403922  loading=\"lazy\" decoding=\"async\" width=\"340\" height=\"240\" src=\"https:\/\/ml9txs9ouv9q.i.optimole.com\/w:340\/h:240\/q:mauto\/rt:fill\/g:ce\/f:best\/https:\/\/fipmed.co\/wp-content\/uploads\/2022\/12\/2.jpg\" class=\"attachment-post-thumbnail size-post-thumbnail wp-post-image\" alt=\"\" \/></noscript><\/div><h2><a href=\"https:\/\/fipmed.co\/es\/que-hacer-con-el-liquido-abdominal-del-gato-causado-por-la-pif-humeda-o-efusiva\/\">Qu\u00e9 hacer con el l\u00edquido abdominal del gato causado por la PIF h\u00fameda o efusiva<\/a><\/h2><p>La conexi\u00f3n entre la PIF y el l\u00edquido abdominal La PIF hace que el l\u00edquido abdominal del gato se ...<\/p><\/div><\/div><div class=\"pages-grid\"><\/div><\/div><\/div>\n\t\t\t\t\t\t<\/div>\n\t\t\t\t<\/div>\n\t\t\t\t\t<\/div>\n\t\t<\/div>\n\t\t\t\t\t<\/div>\n\t\t<\/section>\n\t\t\t\t<\/div>\n\t\t","protected":false},"excerpt":{"rendered":"<p>Saber es poder. Lea para saber m\u00e1s sobre la FIP. Esperamos que estos art\u00edculos que hemos escrito le sean \u00fatiles. En ellos contiene alguna Informaci\u00f3n FIP que es bueno saber.<\/p>\n","protected":false},"author":1,"featured_media":0,"parent":0,"menu_order":0,"comment_status":"closed","ping_status":"closed","template":"elementor_header_footer","meta":{"_glsr_average":0,"_glsr_ranking":0,"_glsr_reviews":0,"footnotes":""},"categories":[],"tags":[],"_links":{"self":[{"href":"https:\/\/fipmed.co\/es\/wp-json\/wp\/v2\/pages\/3896"}],"collection":[{"href":"https:\/\/fipmed.co\/es\/wp-json\/wp\/v2\/pages"}],"about":[{"href":"https:\/\/fipmed.co\/es\/wp-json\/wp\/v2\/types\/page"}],"author":[{"embeddable":true,"href":"https:\/\/fipmed.co\/es\/wp-json\/wp\/v2\/users\/1"}],"replies":[{"embeddable":true,"href":"https:\/\/fipmed.co\/es\/wp-json\/wp\/v2\/comments?post=3896"}],"version-history":[{"count":0,"href":"https:\/\/fipmed.co\/es\/wp-json\/wp\/v2\/pages\/3896\/revisions"}],"wp:attachment":[{"href":"https:\/\/fipmed.co\/es\/wp-json\/wp\/v2\/media?parent=3896"}],"wp:term":[{"taxonomy":"category","embeddable":true,"href":"https:\/\/fipmed.co\/es\/wp-json\/wp\/v2\/categories?post=3896"},{"taxonomy":"post_tag","embeddable":true,"href":"https:\/\/fipmed.co\/es\/wp-json\/wp\/v2\/tags?post=3896"}],"curies":[{"name":"wp","href":"https:\/\/api.w.org\/{rel}","templated":true}]}}