{"id":4001,"date":"2022-11-25T15:16:05","date_gmt":"2022-11-25T15:16:05","guid":{"rendered":"https:\/\/fipmed.co\/fip-relapse-policy\/"},"modified":"2023-05-11T02:35:49","modified_gmt":"2023-05-11T02:35:49","slug":"politica-de-recaida-de-la-pif","status":"publish","type":"page","link":"https:\/\/fipmed.co\/es\/politica-de-recaida-de-la-pif\/","title":{"rendered":"Pol\u00edtica de reca\u00edda de la PIF"},"content":{"rendered":"\t\t<div data-elementor-type=\"wp-page\" data-elementor-id=\"4001\" class=\"elementor elementor-4001 elementor-32\">\n\t\t\t\t\t\t<section class=\"elementor-section elementor-top-section elementor-element elementor-element-672f648 elementor-section-boxed elementor-section-height-default elementor-section-height-default\" data-id=\"672f648\" data-element_type=\"section\">\n\t\t\t\t\t\t<div class=\"elementor-container elementor-column-gap-default\">\n\t\t\t\t\t<div class=\"elementor-column elementor-col-100 elementor-top-column elementor-element elementor-element-6547255\" data-id=\"6547255\" data-element_type=\"column\">\n\t\t\t<div class=\"elementor-widget-wrap elementor-element-populated\">\n\t\t\t\t\t\t<div class=\"elementor-element elementor-element-e63edf4 elementor-widget elementor-widget-text-editor\" data-id=\"e63edf4\" data-element_type=\"widget\" data-widget_type=\"text-editor.default\">\n\t\t\t\t<div class=\"elementor-widget-container\">\n\t\t\t\t\t\t\t\t\t<p class=\"p1\"><span class=\"s1\">Se produce una reca\u00edda de la PIF en aproximadamente el 3% de los gatos que se han sometido al programa de tratamiento de la PIF de FipMed. Por ello, el Programa de Reembolso por Reca\u00edda de FipMed puede cubrir sus preocupaciones de una reca\u00edda.<\/span><\/p>\n<p class=\"p1\"><span style=\"color: #000080;\"><strong><span class=\"s1\">Para los gatos que hayan completado 84 d\u00edas de tratamiento utilizando \u00fanicamente las inyecciones o c\u00e1psulas orales FipMed FIP, hay un descuento del 50% en el tratamiento de reca\u00edda si se produce una reca\u00edda FIP.<\/span><\/strong><\/span><\/p>\n<p class=\"p1\"><span class=\"s1\">Los requisitos para acceder a este programa son los siguientes<\/span><\/p>\n<p class=\"p1\"><span class=\"s1\">1. La reca\u00edda se produce en los 12 meses siguientes a la finalizaci\u00f3n del tratamiento completo inicial<\/span><\/p>\n<p class=\"p1\"><span class=\"s1\">2. Fecha de inicio y fin del tratamiento de su gato<\/span><\/p>\n<p class=\"p1\"><span class=\"s1\">3.  <span class=\"Apple-converted-space\">  <\/span>Resultados finales de los an\u00e1lisis de sangre al finalizar el programa de tratamiento FipMed<\/span><\/p>\n<p class=\"p1\"><span class=\"s1\">4.  <span class=\"Apple-converted-space\">  <\/span>La cantidad de ampollas y pastillas adquiridas para el tratamiento inicial era suficiente para 84 d\u00edas.<\/span><\/p>\n<p class=\"p1\"><span class=\"s1\" style=\"color: #000080;\"><b>Para los gatos que no hayan completado 84 d\u00edas de tratamiento, pero que hayan utilizado exclusivamente medicamentos FipMed, hay un descuento del 50% en el tratamiento de reca\u00edda si se produce una reca\u00edda de la PIF.<\/b><\/span><\/p>\n<p class=\"p1\"><span class=\"s1\">Muchos gatos se recuperan completamente de las infecciones por PIF en 84 d\u00edas. Apreciamos su decisi\u00f3n y la de su veterinario de interrumpir el programa de tratamiento antes de tiempo en estas circunstancias. Ofrecemos un descuento del 50% en la terapia de reca\u00edda para los gatos que recaigan en los 6 meses siguientes a la salida del programa de tratamiento y que s\u00f3lo hayan utilizado productos FipMed.<\/span><\/p>\n<p class=\"p1\"><span class=\"s1\">Los requisitos para acceder a este programa son los siguientes<\/span><\/p>\n<p class=\"p1\"><span class=\"s1\">1. La reca\u00edda de la PIF se produce en los 6 meses siguientes a la finalizaci\u00f3n del tratamiento completo inicial<\/span><\/p>\n<p class=\"p1\"><span class=\"s1\">2. Fecha de inicio y fin del tratamiento de su gato<\/span><\/p>\n<p class=\"p1\"><span class=\"s1\">3.  <span class=\"Apple-converted-space\">  <\/span>Resultados finales de los an\u00e1lisis de sangre al finalizar el programa de tratamiento FipMed.<\/span><\/p>\n<p class=\"p1\"><span class=\"s1\">4.  <span class=\"Apple-converted-space\">  <\/span>No someterse a cirug\u00edas invasivas como la esterilizaci\u00f3n o la vacunaci\u00f3n en los 84 d\u00edas siguientes al tratamiento con FipMed.  <\/span><\/p>\n<p class=\"p1\"><span class=\"s1\">5.  <span class=\"Apple-converted-space\">  <\/span>La cantidad de ampollas y pastillas adquiridas para el tratamiento inicial era suficiente para 45 d\u00edas.<\/span><\/p>\n<p class=\"p1\"><span class=\"s1\">NOTA: No hacemos concesiones a los gatos que hayan completado nuestro programa de tratamiento sin antes someterse a un an\u00e1lisis de sangre exhaustivo para comprobar si los par\u00e1metros cr\u00edticos han vuelto a su rango normal.<\/span><\/p>\n\t\t\t\t\t\t\t\t<\/div>\n\t\t\t\t<\/div>\n\t\t\t\t\t<\/div>\n\t\t<\/div>\n\t\t\t\t\t<\/div>\n\t\t<\/section>\n\t\t\t\t<\/div>\n\t\t","protected":false},"excerpt":{"rendered":"<p>Se produce una reca\u00edda de la PIF en aproximadamente el 3% de los gatos que se han sometido al programa de tratamiento de la PIF de FipMed. Por ello, el Programa de Reembolso por Reca\u00edda de FipMed puede cubrir sus preocupaciones de una reca\u00edda. Para los gatos que hayan completado 84 d\u00edas de tratamiento utilizando [&hellip;]<\/p>\n","protected":false},"author":1,"featured_media":0,"parent":0,"menu_order":0,"comment_status":"closed","ping_status":"closed","template":"","meta":{"_glsr_average":0,"_glsr_ranking":0,"_glsr_reviews":0,"footnotes":""},"categories":[],"tags":[],"_links":{"self":[{"href":"https:\/\/fipmed.co\/es\/wp-json\/wp\/v2\/pages\/4001"}],"collection":[{"href":"https:\/\/fipmed.co\/es\/wp-json\/wp\/v2\/pages"}],"about":[{"href":"https:\/\/fipmed.co\/es\/wp-json\/wp\/v2\/types\/page"}],"author":[{"embeddable":true,"href":"https:\/\/fipmed.co\/es\/wp-json\/wp\/v2\/users\/1"}],"replies":[{"embeddable":true,"href":"https:\/\/fipmed.co\/es\/wp-json\/wp\/v2\/comments?post=4001"}],"version-history":[{"count":0,"href":"https:\/\/fipmed.co\/es\/wp-json\/wp\/v2\/pages\/4001\/revisions"}],"wp:attachment":[{"href":"https:\/\/fipmed.co\/es\/wp-json\/wp\/v2\/media?parent=4001"}],"wp:term":[{"taxonomy":"category","embeddable":true,"href":"https:\/\/fipmed.co\/es\/wp-json\/wp\/v2\/categories?post=4001"},{"taxonomy":"post_tag","embeddable":true,"href":"https:\/\/fipmed.co\/es\/wp-json\/wp\/v2\/tags?post=4001"}],"curies":[{"name":"wp","href":"https:\/\/api.w.org\/{rel}","templated":true}]}}