{"id":7497,"date":"2023-05-08T07:39:24","date_gmt":"2023-05-08T07:39:24","guid":{"rendered":"https:\/\/fipmed.co\/contacte-con-nosotros\/"},"modified":"2024-02-17T07:08:06","modified_gmt":"2024-02-17T07:08:06","slug":"contacte-con-nosotros","status":"publish","type":"page","link":"https:\/\/fipmed.co\/es\/contacte-con-nosotros\/","title":{"rendered":"Contacte con nosotros"},"content":{"rendered":"\t\t<div data-elementor-type=\"wp-page\" data-elementor-id=\"7497\" class=\"elementor elementor-7497 elementor-7274\">\n\t\t\t\t\t\t<section class=\"elementor-section elementor-top-section elementor-element elementor-element-a0c711f elementor-section-boxed elementor-section-height-default elementor-section-height-default\" data-id=\"a0c711f\" data-element_type=\"section\">\n\t\t\t\t\t\t<div class=\"elementor-container elementor-column-gap-default\">\n\t\t\t\t\t<div class=\"elementor-column elementor-col-100 elementor-top-column elementor-element elementor-element-935b070\" data-id=\"935b070\" data-element_type=\"column\">\n\t\t\t<div class=\"elementor-widget-wrap elementor-element-populated\">\n\t\t\t\t\t\t<div class=\"elementor-element elementor-element-213ae02 elementor-widget elementor-widget-text-editor\" data-id=\"213ae02\" data-element_type=\"widget\" data-widget_type=\"text-editor.default\">\n\t\t\t\t<div class=\"elementor-widget-container\">\n\t\t\t\t\t\t\t\t\t<p class=\"p1\">\n<p class=\"p1\"><span class=\"s1\">Estamos aqu\u00ed para ayudarle. No dude en ponerse en contacto con nosotros. Si tiene alguna pregunta, duda o comentario, no dude en ponerse en contacto con nosotros. Nuestro equipo de atenci\u00f3n al cliente est\u00e1 a su disposici\u00f3n para ayudarle en todo lo que necesite.<\/span><\/p>\n<p class=\"p1\"><strong><span class=\"s1\">C\u00f3mo llegar<\/span><\/strong><\/p>\n<p class=\"p1\"><strong><span class=\"s1\">Correo electr\u00f3nico:<\/span><\/strong><\/p>\n<p class=\"p1\"><span class=\"s1\">No dudes en escribirnos a support@fipmed.co. Nuestro objetivo es responder a todas las consultas en un plazo de 2 horas, incluidos fines de semana y festivos. Si tiene alguna pregunta sobre nuestros productos, un problema con su pedido o necesita ayuda con las devoluciones, nuestro equipo est\u00e1 aqu\u00ed para ofrecerle una respuesta r\u00e1pida y \u00fatil.<\/span><\/p>\n<p class=\"p1\"><strong><span class=\"s1\">Chatbot en directo:<\/span><\/strong><\/p>\n<p class=\"p1\"><span class=\"s1\">Para asistencia en tiempo real, ofrecemos una c\u00f3moda funci\u00f3n de chat en directo en nuestro sitio web. Busca el icono de chat en la esquina inferior derecha de tu pantalla y haz clic para iniciar una conversaci\u00f3n con nuestro chatbot, Clawdia. Si necesita ayuda para navegar por nuestro sitio, tiene preguntas sobre nuestras ofertas o necesita apoyo durante el proceso de compra, ella est\u00e1 aqu\u00ed para ayudarle con prontitud. Estar\u00e1 encantada de responder a sus preguntas, recomendarle productos o ayudarle con cualquier duda que pueda tener.<\/span><\/p>\n<p class=\"p1\"><strong><span class=\"s1\">Medios de comunicaci\u00f3n social:<\/span><\/strong><\/p>\n<p class=\"p1\"><span class=\"s1\">Con\u00e9ctate con nosotros en las redes sociales. Somos activos en Facebook. S\u00edganos para estar al d\u00eda de los \u00faltimos lanzamientos de productos, promociones exclusivas y mucho m\u00e1s. No dude en ponerse en contacto con nosotros a trav\u00e9s de mensajes directos o etiquet\u00e1ndonos en sus publicaciones. Nos encanta escuchar a nuestros clientes y colaborar con nuestra comunidad.<\/span><\/p>\n<p class=\"p1\"><span class=\"s1\">Su satisfacci\u00f3n es nuestra m\u00e1xima prioridad y nos comprometemos a ofrecerle un servicio de atenci\u00f3n al cliente excepcional. Valoramos sus comentarios y agradecemos el tiempo que nos ha dedicado. Nos esforzamos por mejorar continuamente su experiencia, y su opini\u00f3n desempe\u00f1a un papel crucial en ese proceso.<\/span><\/p>\n<p class=\"p1\"><span class=\"s1\">Gracias por elegir FipMed. Esperamos poder ayudarle.<\/span><\/p>\n\t\t\t\t\t\t\t\t<\/div>\n\t\t\t\t<\/div>\n\t\t\t\t\t<\/div>\n\t\t<\/div>\n\t\t\t\t\t<\/div>\n\t\t<\/section>\n\t\t\t\t<\/div>\n\t\t","protected":false},"excerpt":{"rendered":"<p>Estamos aqu\u00ed para ayudarle. No dude en ponerse en contacto con nosotros. Si tiene alguna pregunta, duda o comentario, no dude en ponerse en contacto con nosotros. Nuestro equipo de atenci\u00f3n al cliente est\u00e1 a su disposici\u00f3n para ayudarle en todo lo que necesite. C\u00f3mo llegar Correo electr\u00f3nico: No dudes en escribirnos a support@fipmed.co. Nuestro [&hellip;]<\/p>\n","protected":false},"author":1,"featured_media":0,"parent":0,"menu_order":0,"comment_status":"closed","ping_status":"closed","template":"","meta":{"_glsr_average":0,"_glsr_ranking":0,"_glsr_reviews":0,"footnotes":""},"categories":[],"tags":[],"_links":{"self":[{"href":"https:\/\/fipmed.co\/es\/wp-json\/wp\/v2\/pages\/7497"}],"collection":[{"href":"https:\/\/fipmed.co\/es\/wp-json\/wp\/v2\/pages"}],"about":[{"href":"https:\/\/fipmed.co\/es\/wp-json\/wp\/v2\/types\/page"}],"author":[{"embeddable":true,"href":"https:\/\/fipmed.co\/es\/wp-json\/wp\/v2\/users\/1"}],"replies":[{"embeddable":true,"href":"https:\/\/fipmed.co\/es\/wp-json\/wp\/v2\/comments?post=7497"}],"version-history":[{"count":0,"href":"https:\/\/fipmed.co\/es\/wp-json\/wp\/v2\/pages\/7497\/revisions"}],"wp:attachment":[{"href":"https:\/\/fipmed.co\/es\/wp-json\/wp\/v2\/media?parent=7497"}],"wp:term":[{"taxonomy":"category","embeddable":true,"href":"https:\/\/fipmed.co\/es\/wp-json\/wp\/v2\/categories?post=7497"},{"taxonomy":"post_tag","embeddable":true,"href":"https:\/\/fipmed.co\/es\/wp-json\/wp\/v2\/tags?post=7497"}],"curies":[{"name":"wp","href":"https:\/\/api.w.org\/{rel}","templated":true}]}}