{"id":7500,"date":"2023-05-08T07:21:11","date_gmt":"2023-05-08T07:21:11","guid":{"rendered":"https:\/\/fipmed.co\/shipping-and-delivery\/"},"modified":"2023-05-10T05:16:35","modified_gmt":"2023-05-10T05:16:35","slug":"politica-de-envio-y-entrega","status":"publish","type":"page","link":"https:\/\/fipmed.co\/es\/politica-de-envio-y-entrega\/","title":{"rendered":"Pol\u00edtica de env\u00edo y entrega"},"content":{"rendered":"\t\t<div data-elementor-type=\"wp-page\" data-elementor-id=\"7500\" class=\"elementor elementor-7500 elementor-7260\">\n\t\t\t\t\t\t<section class=\"elementor-section elementor-top-section elementor-element elementor-element-8b2513f elementor-section-boxed elementor-section-height-default elementor-section-height-default\" data-id=\"8b2513f\" data-element_type=\"section\">\n\t\t\t\t\t\t<div class=\"elementor-container elementor-column-gap-default\">\n\t\t\t\t\t<div class=\"elementor-column elementor-col-100 elementor-top-column elementor-element elementor-element-cb4fbe6\" data-id=\"cb4fbe6\" data-element_type=\"column\">\n\t\t\t<div class=\"elementor-widget-wrap elementor-element-populated\">\n\t\t\t\t\t\t<div class=\"elementor-element elementor-element-4603e09 elementor-widget elementor-widget-text-editor\" data-id=\"4603e09\" data-element_type=\"widget\" data-widget_type=\"text-editor.default\">\n\t\t\t\t<div class=\"elementor-widget-container\">\n\t\t\t\t\t\t\t\t\t<p id=\"tw-target-text\" class=\"tw-data-text tw-text-large tw-ta\" dir=\"ltr\" data-placeholder=\"Translation\"><span class=\"Y2IQFc\" lang=\"es\">FipMed es una empresa que atiende a pacientes en todo el mundo y realiza env\u00edos a m\u00e1s de 150 pa\u00edses diferentes. Todos los pedidos se env\u00edan directamente desde nuestros almacenes. <\/span><\/p><p class=\"tw-data-text tw-text-large tw-ta\" dir=\"ltr\" data-placeholder=\"Translation\"><span class=\"Y2IQFc\" lang=\"es\">Gracias por confiar en FipMed para salvar la vida de tu gato. Esta pol\u00edtica de env\u00edo describe informaci\u00f3n importante sobre el env\u00edo de productos desde nuestro sitio de comercio electr\u00f3nico internacional a su ubicaci\u00f3n. Lea esta pol\u00edtica detenidamente para comprender nuestros procesos de env\u00edo, tarifas, tiempos de entrega y cualquier t\u00e9rmino y condici\u00f3n adicional que pueda aplicarse. Si tiene alguna pregunta o necesita m\u00e1s aclaraciones, no dude en ponerse en contacto con nuestro equipo de atenci\u00f3n al cliente. <\/span><\/p><p class=\"tw-data-text tw-text-large tw-ta\" dir=\"ltr\" data-placeholder=\"Translation\"><strong><span class=\"Y2IQFc\" lang=\"es\">Destinos de env\u00edo <\/span><\/strong><\/p><p class=\"tw-data-text tw-text-large tw-ta\" dir=\"ltr\" data-placeholder=\"Translation\"><span class=\"Y2IQFc\" lang=\"es\">Ofrecemos env\u00edos internacionales a la mayor\u00eda de los pa\u00edses del mundo. Sin embargo, tenga en cuenta que puede haber ciertas restricciones y limitaciones impuestas por las autoridades aduaneras locales o los transportistas. Si no podemos realizar la entrega en su ubicaci\u00f3n espec\u00edfica, se lo notificaremos durante el proceso de pedido. <\/span><\/p><p class=\"tw-data-text tw-text-large tw-ta\" dir=\"ltr\" data-placeholder=\"Translation\"><strong><span class=\"Y2IQFc\" lang=\"es\">M\u00e9todos de env\u00edo y transportistas <\/span><\/strong><\/p><p class=\"tw-data-text tw-text-large tw-ta\" dir=\"ltr\" data-placeholder=\"Translation\"><span class=\"Y2IQFc\" lang=\"es\">Para garantizar una entrega confiable y eficiente, nos asociamos con transportistas de renombre. Los m\u00e9todos de env\u00edo disponibles se mostrar\u00e1n durante el proceso de pago seg\u00fan su ubicaci\u00f3n. Las opciones pueden incluir env\u00edo est\u00e1ndar, env\u00edo expr\u00e9s u otros servicios. Tambi\u00e9n se proporcionar\u00e1 el tiempo estimado de entrega y los costos asociados. <\/span><\/p><p class=\"tw-data-text tw-text-large tw-ta\" dir=\"ltr\" data-placeholder=\"Translation\"><strong><span class=\"Y2IQFc\" lang=\"es\">ordenar tiempo de procesos <\/span><\/strong><\/p><p class=\"tw-data-text tw-text-large tw-ta\" dir=\"ltr\" data-placeholder=\"Translation\"><span class=\"Y2IQFc\" lang=\"es\">Una vez recibido su pedido y verificado el pago con \u00e9xito, procesaremos su pedido para su env\u00edo. El tiempo de procesamiento generalmente incluye la verificaci\u00f3n del pedido, los controles de calidad, el embalaje y la entrega al transportista. El pedido se procesar\u00e1 en medio d\u00eda, a menos que se especifique lo contrario para productos espec\u00edficos. <\/span><\/p><p class=\"tw-data-text tw-text-large tw-ta\" dir=\"ltr\" data-placeholder=\"Translation\"><strong><span class=\"Y2IQFc\" lang=\"es\">Tiempo de env\u00edo <\/span><\/strong><\/p><p class=\"tw-data-text tw-text-large tw-ta\" dir=\"ltr\" data-placeholder=\"Translation\"><span class=\"Y2IQFc\" lang=\"es\">El tiempo de env\u00edo se refiere a la duraci\u00f3n que tarda su pedido en llegar a su destino especificado despu\u00e9s de haber sido enviado desde nuestro centro de cumplimiento. <\/span><\/p><p class=\"tw-data-text tw-text-large tw-ta\" dir=\"ltr\" data-placeholder=\"Translation\"><span class=\"Y2IQFc\" lang=\"es\">El tiempo de env\u00edo es de 48 horas, independientemente de la ubicaci\u00f3n. Sin embargo, puede variar seg\u00fan los procedimientos de despacho de aduanas y otros factores fuera de nuestro control. Tenga en cuenta que los tiempos de env\u00edo estimados proporcionados durante el pago son aproximados y no est\u00e1n garantizados.<\/span><\/p><p id=\"tw-target-text\" class=\"tw-data-text tw-text-large tw-ta\" dir=\"ltr\" data-placeholder=\"Translation\"><strong><span class=\"Y2IQFc\" lang=\"es\">Costos de env\u00edo <\/span><\/strong><\/p><p class=\"tw-data-text tw-text-large tw-ta\" dir=\"ltr\" data-placeholder=\"Translation\"><span class=\"Y2IQFc\" lang=\"es\">Los costos de env\u00edo se determinan en funci\u00f3n de varios factores, incluido el pa\u00eds de destino, el m\u00e9todo de env\u00edo elegido, el peso del paquete y las dimensiones. Los gastos de env\u00edo aplicables se calcular\u00e1n y mostrar\u00e1n durante el proceso de pago. Tenga en cuenta que los derechos de aduana, impuestos o tasas de importaci\u00f3n adicionales impuestos por la autoridad aduanera de su pa\u00eds son responsabilidad del destinatario.<\/span><\/p><p id=\"tw-target-text\" class=\"tw-data-text tw-text-large tw-ta\" dir=\"ltr\" data-placeholder=\"Translation\"><strong><span class=\"Y2IQFc\" lang=\"es\">Env\u00edo gratis <\/span><\/strong><\/p><p class=\"tw-data-text tw-text-large tw-ta\" dir=\"ltr\" data-placeholder=\"Translation\"><span class=\"Y2IQFc\" lang=\"es\">Ofrecemos env\u00edo gratis para compras de paquetes. Por favor, busque \u00abEnv\u00edo GRATIS\u00bb en los detalles de los productos relevantes.<\/span><\/p><p id=\"tw-target-text\" class=\"tw-data-text tw-text-large tw-ta\" dir=\"ltr\" data-placeholder=\"Translation\"><strong><span class=\"Y2IQFc\" lang=\"es\">Rastreo de orden <\/span><\/strong><\/p><p class=\"tw-data-text tw-text-large tw-ta\" dir=\"ltr\" data-placeholder=\"Translation\"><span class=\"Y2IQFc\" lang=\"es\">Brindamos servicios de seguimiento de pedidos para la mayor\u00eda de los env\u00edos. Una vez que se haya enviado su pedido, recibir\u00e1 un correo electr\u00f3nico de confirmaci\u00f3n de env\u00edo que contiene un n\u00famero de seguimiento o un enlace directo para rastrear su paquete en l\u00ednea. Puede usar esta informaci\u00f3n de seguimiento para monitorear el progreso de su env\u00edo hasta que llegue a su puerta.<\/span><\/p><p id=\"tw-target-text\" class=\"tw-data-text tw-text-large tw-ta\" dir=\"ltr\" data-placeholder=\"Translation\"><strong><span class=\"Y2IQFc\" lang=\"es\">Derechos de aduana e importaci\u00f3n <\/span><\/strong><\/p><p class=\"tw-data-text tw-text-large tw-ta\" dir=\"ltr\" data-placeholder=\"Translation\"><span class=\"Y2IQFc\" lang=\"es\">Para pedidos internacionales, las autoridades aduaneras del pa\u00eds de destino pueden cobrar derechos de aduana, impuestos y otras tarifas de importaci\u00f3n. Estos cargos, si corresponde, son responsabilidad del destinatario y no est\u00e1n incluidos en el precio de compra ni en las tarifas de env\u00edo. Familiar\u00edcese con las normas aduaneras de su pa\u00eds y p\u00f3ngase en contacto con la oficina de aduanas local para obtener m\u00e1s informaci\u00f3n.<\/span><\/p><p id=\"tw-target-text\" class=\"tw-data-text tw-text-large tw-ta\" dir=\"ltr\" data-placeholder=\"Translation\"><span class=\"Y2IQFc\" lang=\"es\">Entrega y aceptaci\u00f3n de pedidos En el momento de la entrega de su pedido, aseg\u00farese de que haya alguien disponible para recibir el paquete en la direcci\u00f3n de env\u00edo especificada. Si no hay nadie disponible, el transportista puede dejar una notificaci\u00f3n de entrega o intentar volver a realizar la entrega en una fecha posterior. Siga las instrucciones del transportista y comun\u00edquese directamente con \u00e9l si es necesario. Una vez que el paquete ha sido entregado y aceptado en la direcci\u00f3n especificada, finaliza nuestra responsabilidad por el env\u00edo.<\/span><\/p><p id=\"tw-target-text\" class=\"tw-data-text tw-text-large tw-ta\" dir=\"ltr\" data-placeholder=\"Translation\"><strong><span class=\"Y2IQFc\" lang=\"es\">Problemas de env\u00edo y devoluciones <\/span><\/strong><\/p><p class=\"tw-data-text tw-text-large tw-ta\" dir=\"ltr\" data-placeholder=\"Translation\"><span class=\"Y2IQFc\" lang=\"es\">En el raro caso de problemas relacionados con el env\u00edo, como paquetes perdidos, art\u00edculos da\u00f1ados o entregas incorrectas, comun\u00edquese con nuestro equipo de atenci\u00f3n al cliente de inmediato. Trabajaremos diligentemente para resolver el problema y ayudarlo en cualquier devoluci\u00f3n o cambio necesario seg\u00fan nuestra Pol\u00edtica de devoluciones y reembolsos.<\/span><\/p><p id=\"tw-target-text\" class=\"tw-data-text tw-text-large tw-ta\" dir=\"ltr\" data-placeholder=\"Translation\"><strong><span class=\"Y2IQFc\" lang=\"es\">Cambios en la pol\u00edtica de env\u00edo <\/span><\/strong><\/p><p class=\"tw-data-text tw-text-large tw-ta\" dir=\"ltr\" data-placeholder=\"Translation\"><span class=\"Y2IQFc\" lang=\"es\">Nos reservamos el derecho de modificar o actualizar esta Pol\u00edtica de env\u00edo en cualquier momento sin previo aviso. Cualquier cambio entrar\u00e1 en vigencia inmediatamente despu\u00e9s de su publicaci\u00f3n en nuestro sitio web. Es su responsabilidad revisar la Pol\u00edtica de Env\u00edo peri\u00f3dicamente para cualquier actualizaci\u00f3n o modificaci\u00f3n. <\/span><\/p><p class=\"tw-data-text tw-text-large tw-ta\" dir=\"ltr\" data-placeholder=\"Translation\"><span class=\"Y2IQFc\" lang=\"es\">Al realizar un pedido en nuestro sitio de comercio electr\u00f3nico internacional, usted reconoce y acepta nuestra pol\u00edtica de env\u00edo. <\/span><\/p><p class=\"tw-data-text tw-text-large tw-ta\" dir=\"ltr\" data-placeholder=\"Translation\"><span class=\"Y2IQFc\" lang=\"es\">Estos son los pa\u00edses a los que enviamos actualmente:<\/span><\/p><p class=\"p1\"><span class=\"s1\"><b>Asia<\/b><\/span><\/p><p class=\"p1\"><span class=\"s1\">Bangladesh<\/span><\/p><p class=\"p1\"><span class=\"s1\">Bhutan<\/span><\/p><p class=\"p1\"><span class=\"s1\">Brunei<\/span><\/p><p class=\"p1\"><span class=\"s1\">Cambodia<\/span><\/p><p class=\"p1\"><span class=\"s1\">China<\/span><\/p><p class=\"p1\"><span class=\"s1\">Guam<\/span><\/p><p class=\"p1\"><span class=\"s1\">Hong Kong<\/span><\/p><p class=\"p1\"><span class=\"s1\">India<\/span><\/p><p class=\"p1\"><span class=\"s1\">Indonesia<\/span><\/p><p class=\"p1\"><span class=\"s1\">Japan<\/span><\/p><p class=\"p1\"><span class=\"s1\">Macau<\/span><\/p><p class=\"p1\"><span class=\"s1\">Malaysia<\/span><\/p><p class=\"p1\"><span class=\"s1\">Maldives<\/span><\/p><p class=\"p1\"><span class=\"s1\">Mongolia<\/span><\/p><p class=\"p1\"><span class=\"s1\">Nepal<\/span><\/p><p class=\"p1\"><span class=\"s1\">Philippines<\/span><\/p><p class=\"p1\"><span class=\"s1\">Singapore<\/span><\/p><p class=\"p1\"><span class=\"s1\">Korea, Republic of<\/span><\/p><p class=\"p1\"><span class=\"s1\">Sri Lanka<\/span><\/p><p class=\"p1\"><span class=\"s1\">Taiwan<\/span><\/p><p class=\"p1\"><span class=\"s1\">Thailand<\/span><\/p><p class=\"p1\"><span class=\"s1\">Vietnam<\/span><\/p><p class=\"p1\"><span class=\"s1\"><b>Caribbean<\/b><\/span><\/p><p class=\"p1\"><span class=\"s1\">Anguilla<\/span><\/p><p class=\"p1\"><span class=\"s1\">Antigua and Barbuda<\/span><\/p><p class=\"p1\"><span class=\"s1\">Aruba<\/span><\/p><p class=\"p1\"><span class=\"s1\">Bahamas<\/span><\/p><p class=\"p1\"><span class=\"s1\">Barbados<\/span><\/p><p class=\"p1\"><span class=\"s1\">Bermuda<\/span><\/p><p class=\"p1\"><span class=\"s1\">Bonaire<\/span><\/p><p class=\"p1\"><span class=\"s1\">Cayman Islands<\/span><\/p><p class=\"p1\"><span class=\"s1\">Dominica<\/span><\/p><p class=\"p1\"><span class=\"s1\">Dominican Republic<\/span><\/p><p class=\"p1\"><span class=\"s1\">Grenada<\/span><\/p><p class=\"p1\"><span class=\"s1\">Guadeloupe<\/span><\/p><p class=\"p1\"><span class=\"s1\">Haiti<\/span><\/p><p class=\"p1\"><span class=\"s1\">Jamaica<\/span><\/p><p class=\"p1\"><span class=\"s1\">Martinique<\/span><\/p><p class=\"p1\"><span class=\"s1\">Saint Kitts and Nevis<\/span><\/p><p class=\"p1\"><span class=\"s1\">Saint Lucia<\/span><\/p><p class=\"p1\"><span class=\"s1\">Saint Vincent and the Grenadines<\/span><\/p><p class=\"p1\"><span class=\"s1\">Sint Maarten<\/span><\/p><p class=\"p1\"><span class=\"s1\">Trinidad and Tobago<\/span><\/p><p class=\"p1\"><span class=\"s1\">Turks and Caicos Islands<\/span><\/p><p class=\"p1\"><span class=\"s1\"><b>Central America<\/b><\/span><\/p><p class=\"p1\"><span class=\"s1\">Belize<\/span><\/p><p class=\"p1\"><span class=\"s1\">Costa Rica<\/span><\/p><p class=\"p1\"><span class=\"s1\">El Salvador<\/span><\/p><p class=\"p1\"><span class=\"s1\">Guatemala<\/span><\/p><p class=\"p1\"><span class=\"s1\">Honduras<\/span><\/p><p class=\"p1\"><span class=\"s1\">Nicaragua<\/span><\/p><p class=\"p1\"><span class=\"s1\">Panama<\/span><\/p><p class=\"p2\">\u00a0<\/p><p class=\"p1\"><span class=\"s1\"><b>Central Asia<\/b><\/span><\/p><p class=\"p1\"><span class=\"s1\">Kazakhstan<\/span><\/p><p class=\"p1\"><span class=\"s1\">Kyrgyzstan<\/span><\/p><p class=\"p1\"><span class=\"s1\">Mongolia<\/span><\/p><p class=\"p1\"><span class=\"s1\">Tajikistan<\/span><\/p><p class=\"p1\"><span class=\"s1\">Uzbekistan<\/span><\/p><p class=\"p1\"><span class=\"s1\"><b>Europe<\/b><\/span><\/p><p class=\"p1\"><span class=\"s1\">Albania<\/span><\/p><p class=\"p1\"><span class=\"s1\">Andorra<\/span><\/p><p class=\"p1\"><span class=\"s1\">Armenia<\/span><\/p><p class=\"p1\"><span class=\"s1\">Austria<\/span><\/p><p class=\"p1\"><span class=\"s1\">Azerbaijan<\/span><\/p><p class=\"p1\"><span class=\"s1\">Belarus<\/span><\/p><p class=\"p1\"><span class=\"s1\">Belgium<\/span><\/p><p class=\"p1\"><span class=\"s1\">Bosnia and Herzegovina<\/span><\/p><p class=\"p1\"><span class=\"s1\">Bulgaria<\/span><\/p><p class=\"p1\"><span class=\"s1\">Croatia<\/span><\/p><p class=\"p1\"><span class=\"s1\">Czech Republic<\/span><\/p><p class=\"p1\"><span class=\"s1\">Denmark<\/span><\/p><p class=\"p1\"><span class=\"s1\">Estonia<\/span><\/p><p class=\"p1\"><span class=\"s1\">Faroe Islands<\/span><\/p><p class=\"p1\"><span class=\"s1\">Finland<\/span><\/p><p class=\"p1\"><span class=\"s1\">France<\/span><\/p><p class=\"p1\"><span class=\"s1\">Georgia<\/span><\/p><p class=\"p1\"><span class=\"s1\">Germany<\/span><\/p><p class=\"p1\"><span class=\"s1\">Gibraltar<\/span><\/p><p class=\"p1\"><span class=\"s1\">Great Britain<\/span><\/p><p class=\"p1\"><span class=\"s1\">Greece<\/span><\/p><p class=\"p1\"><span class=\"s1\">Greenland<\/span><\/p><p class=\"p1\"><span class=\"s1\">Guernsey, Channel Islands<\/span><\/p><p class=\"p1\"><span class=\"s1\">Hungary<\/span><\/p><p class=\"p1\"><span class=\"s1\">Iceland<\/span><\/p><p class=\"p1\"><span class=\"s1\">Ireland<\/span><\/p><p class=\"p1\"><span class=\"s1\">Isle of Man<\/span><\/p><p class=\"p1\"><span class=\"s1\">Italy<\/span><\/p><p class=\"p1\"><span class=\"s1\">Jersey, Channel Islands<\/span><\/p><p class=\"p1\"><span class=\"s1\">Latvia<\/span><\/p><p class=\"p1\"><span class=\"s1\">Liechtenstein<\/span><\/p><p class=\"p1\"><span class=\"s1\">Lithuania<\/span><\/p><p class=\"p1\"><span class=\"s1\">Luxembourg<\/span><\/p><p class=\"p1\"><span class=\"s1\">Macedonia<\/span><\/p><p class=\"p1\"><span class=\"s1\">Malta<\/span><\/p><p class=\"p1\"><span class=\"s1\">Moldova, Republic of<\/span><\/p><p class=\"p1\"><span class=\"s1\">Monaco<\/span><\/p><p class=\"p1\"><span class=\"s1\">Montenegro<\/span><\/p><p class=\"p1\"><span class=\"s1\">Netherlands<\/span><\/p><p class=\"p1\"><span class=\"s1\">Norway<\/span><\/p><p class=\"p1\"><span class=\"s1\">Poland<\/span><\/p><p class=\"p1\"><span class=\"s1\">Portugal<\/span><\/p><p class=\"p1\"><span class=\"s1\">Romania<\/span><\/p><p class=\"p1\"><span class=\"s1\">Russia<\/span><\/p><p class=\"p1\"><span class=\"s1\">Saint Helena<\/span><\/p><p class=\"p1\"><span class=\"s1\">San Marino<\/span><\/p><p class=\"p1\"><span class=\"s1\">Serbia<\/span><\/p><p class=\"p1\"><span class=\"s1\">Slovakia<\/span><\/p><p class=\"p1\"><span class=\"s1\">Slovenia<\/span><\/p><p class=\"p1\"><span class=\"s1\">Spain<\/span><\/p><p class=\"p1\"><span class=\"s1\">Sweden<\/span><\/p><p class=\"p1\"><span class=\"s1\">Switzerland<\/span><\/p><p class=\"p1\"><span class=\"s1\">Ukraine<\/span><\/p><p class=\"p1\"><span class=\"s1\">Virgin Islands, British<\/span><\/p><p class=\"p2\">\u00a0<\/p><p class=\"p1\"><span class=\"s1\"><b>Middle East<\/b><\/span><\/p><p class=\"p1\"><span class=\"s1\">Bahrain<\/span><\/p><p class=\"p1\"><span class=\"s1\">Cyprus<\/span><\/p><p class=\"p1\"><span class=\"s1\">Egypt<\/span><\/p><p class=\"p1\"><span class=\"s1\">Israel<\/span><\/p><p class=\"p1\"><span class=\"s1\">Jordan<\/span><\/p><p class=\"p1\"><span class=\"s1\">Kuwait<\/span><\/p><p class=\"p1\"><span class=\"s1\">Lebanon<\/span><\/p><p class=\"p1\"><span class=\"s1\">Oman<\/span><\/p><p class=\"p1\"><span class=\"s1\">Pakistan<\/span><\/p><p class=\"p1\"><span class=\"s1\">Qatar<\/span><\/p><p class=\"p1\"><span class=\"s1\">Saudi Arabia<\/span><\/p><p class=\"p1\"><span class=\"s1\">Turkey (T\u00fcrkiye)<\/span><\/p><p class=\"p1\"><span class=\"s1\">United Arab Emirates<\/span><\/p><p class=\"p1\"><span class=\"s1\">Yemen<\/span><\/p><p class=\"p2\">\u00a0<\/p><p class=\"p1\"><span class=\"s1\"><b>North America<\/b><\/span><\/p><p class=\"p1\"><span class=\"s1\">Canada<\/span><\/p><p class=\"p1\"><span class=\"s1\">Mexico<\/span><\/p><p class=\"p1\"><span class=\"s1\">United States<\/span><\/p><p class=\"p2\">\u00a0<\/p><p class=\"p1\"><span class=\"s1\"><b>Northern Africa<\/b><\/span><\/p><p class=\"p1\"><span class=\"s1\">Algeria<\/span><\/p><p class=\"p1\"><span class=\"s1\">Benin<\/span><\/p><p class=\"p1\"><span class=\"s1\">Burkina Faso<\/span><\/p><p class=\"p1\"><span class=\"s1\">Cape Verde<\/span><\/p><p class=\"p1\"><span class=\"s1\">Cote D&#8217;Ivoire<\/span><\/p><p class=\"p1\"><span class=\"s1\">Djibouti<\/span><\/p><p class=\"p1\"><span class=\"s1\">Gambia<\/span><\/p><p class=\"p1\"><span class=\"s1\">Ghana<\/span><\/p><p class=\"p1\"><span class=\"s1\">Guinea, Republic of<\/span><\/p><p class=\"p1\"><span class=\"s1\">Mali<\/span><\/p><p class=\"p1\"><span class=\"s1\">Morocco<\/span><\/p><p class=\"p1\"><span class=\"s1\">Mozambique<\/span><\/p><p class=\"p1\"><span class=\"s1\">Nigeria<\/span><\/p><p class=\"p1\"><span class=\"s1\">Sao Tome And Principe<\/span><\/p><p class=\"p1\"><span class=\"s1\">Senegal<\/span><\/p><p class=\"p1\"><span class=\"s1\">Eswatini (Swaziland)<\/span><\/p><p class=\"p1\"><span class=\"s1\">Togo<\/span><\/p><p class=\"p1\"><span class=\"s1\">Tunisia<\/span><\/p><p class=\"p1\"><span class=\"s1\">Uganda<\/span><\/p><p class=\"p2\">\u00a0<\/p><p class=\"p1\"><span class=\"s1\"><b>Oceania<\/b><\/span><\/p><p class=\"p1\"><span class=\"s1\">Australia<\/span><\/p><p class=\"p1\"><span class=\"s1\">Cook Islands<\/span><\/p><p class=\"p1\"><span class=\"s1\">Fiji<\/span><\/p><p class=\"p1\"><span class=\"s1\">French Polynesia<\/span><\/p><p class=\"p1\"><span class=\"s1\">Kiribati<\/span><\/p><p class=\"p1\"><span class=\"s1\">New Caledonia<\/span><\/p><p class=\"p1\"><span class=\"s1\">New Zealand<\/span><\/p><p class=\"p1\"><span class=\"s1\">Northern Mariana Islands<\/span><\/p><p class=\"p1\"><span class=\"s1\">Papua New Guinea<\/span><\/p><p class=\"p1\"><span class=\"s1\">Samoa<\/span><\/p><p class=\"p1\"><span class=\"s1\">Solomon Islands<\/span><\/p><p class=\"p1\"><span class=\"s1\">Tonga<\/span><\/p><p class=\"p1\"><span class=\"s1\">Vanuatu<\/span><\/p><p class=\"p2\">\u00a0<\/p><p class=\"p1\"><span class=\"s1\"><b>South America<\/b><\/span><\/p><p class=\"p1\"><span class=\"s1\">Argentina<\/span><\/p><p class=\"p1\"><span class=\"s1\">Bolivia<\/span><\/p><p class=\"p1\"><span class=\"s1\">Brazil<\/span><\/p><p class=\"p1\"><span class=\"s1\">Chile<\/span><\/p><p class=\"p1\"><span class=\"s1\">Colombia<\/span><\/p><p class=\"p1\"><span class=\"s1\">Ecuador<\/span><\/p><p class=\"p1\"><span class=\"s1\">Falkland Islands<\/span><\/p><p class=\"p1\"><span class=\"s1\">French Guiana<\/span><\/p><p class=\"p1\"><span class=\"s1\">Guyana<\/span><\/p><p class=\"p1\"><span class=\"s1\">Paraguay<\/span><\/p><p class=\"p1\"><span class=\"s1\">Peru<\/span><\/p><p class=\"p1\"><span class=\"s1\">Suriname<\/span><\/p><p class=\"p1\"><span class=\"s1\">Uruguay<\/span><\/p><p class=\"p1\"><span class=\"s1\">Venezuela<\/span><\/p><p class=\"p2\">\u00a0<\/p><p class=\"p1\"><span class=\"s1\"><b>Southern Africa<\/b><\/span><\/p><p class=\"p1\"><span class=\"s1\">Angola<\/span><\/p><p class=\"p1\"><span class=\"s1\">Botswana<\/span><\/p><p class=\"p1\"><span class=\"s1\">Burundi<\/span><\/p><p class=\"p1\"><span class=\"s1\">Cameroon<\/span><\/p><p class=\"p1\"><span class=\"s1\">Congo<\/span><\/p><p class=\"p1\"><span class=\"s1\">Gabon<\/span><\/p><p class=\"p1\"><span class=\"s1\">Kenya<\/span><\/p><p class=\"p1\"><span class=\"s1\">Madagascar<\/span><\/p><p class=\"p1\"><span class=\"s1\">Malawi<\/span><\/p><p class=\"p1\"><span class=\"s1\">Mauritius<\/span><\/p><p class=\"p1\"><span class=\"s1\">Namibia<\/span><\/p><p class=\"p1\"><span class=\"s1\">Rwanda<\/span><\/p><p class=\"p1\"><span class=\"s1\">Seychelles<\/span><\/p><p class=\"p1\"><span class=\"s1\">South Africa<\/span><\/p><p class=\"p1\"><span class=\"s1\">Tanzania, United Republic of<\/span><\/p><p class=\"p1\"><span class=\"s1\">Zambia<\/span><\/p><p class=\"p1\"><span class=\"s1\">Zimbabwe<\/span><\/p><p class=\"p1\">\u00a0<\/p>\t\t\t\t\t\t\t\t<\/div>\n\t\t\t\t<\/div>\n\t\t\t\t\t<\/div>\n\t\t<\/div>\n\t\t\t\t\t<\/div>\n\t\t<\/section>\n\t\t\t\t<\/div>\n\t\t","protected":false},"excerpt":{"rendered":"<p>FipMed es una empresa que atiende a pacientes en todo el mundo y realiza env\u00edos a m\u00e1s de 150 pa\u00edses diferentes. Todos los pedidos se env\u00edan directamente desde nuestros almacenes. Gracias por confiar en FipMed para salvar la vida de tu gato. Esta pol\u00edtica de env\u00edo describe informaci\u00f3n importante sobre el env\u00edo de productos desde [&hellip;]<\/p>\n","protected":false},"author":1,"featured_media":0,"parent":0,"menu_order":0,"comment_status":"closed","ping_status":"open","template":"","meta":{"_glsr_average":0,"_glsr_ranking":0,"_glsr_reviews":0,"footnotes":""},"categories":[],"tags":[],"_links":{"self":[{"href":"https:\/\/fipmed.co\/es\/wp-json\/wp\/v2\/pages\/7500"}],"collection":[{"href":"https:\/\/fipmed.co\/es\/wp-json\/wp\/v2\/pages"}],"about":[{"href":"https:\/\/fipmed.co\/es\/wp-json\/wp\/v2\/types\/page"}],"author":[{"embeddable":true,"href":"https:\/\/fipmed.co\/es\/wp-json\/wp\/v2\/users\/1"}],"replies":[{"embeddable":true,"href":"https:\/\/fipmed.co\/es\/wp-json\/wp\/v2\/comments?post=7500"}],"version-history":[{"count":0,"href":"https:\/\/fipmed.co\/es\/wp-json\/wp\/v2\/pages\/7500\/revisions"}],"wp:attachment":[{"href":"https:\/\/fipmed.co\/es\/wp-json\/wp\/v2\/media?parent=7500"}],"wp:term":[{"taxonomy":"category","embeddable":true,"href":"https:\/\/fipmed.co\/es\/wp-json\/wp\/v2\/categories?post=7500"},{"taxonomy":"post_tag","embeddable":true,"href":"https:\/\/fipmed.co\/es\/wp-json\/wp\/v2\/tags?post=7500"}],"curies":[{"name":"wp","href":"https:\/\/api.w.org\/{rel}","templated":true}]}}