{"id":12836,"date":"2023-10-27T11:02:21","date_gmt":"2023-10-27T11:02:21","guid":{"rendered":"https:\/\/fipmed.co\/?post_type=product&#038;p=12836"},"modified":"2025-04-22T08:33:12","modified_gmt":"2025-04-22T08:33:12","slug":"12x-fipmed-inyeccion-7ml-frasco-20mg-ml","status":"publish","type":"product","link":"https:\/\/fipmed.co\/es\/producto\/12x-fipmed-inyeccion-7ml-frasco-20mg-ml\/","title":{"rendered":"Nuevo: 12x Fipmed Inyecci\u00f3n 7ml Frasco 20mg\/ml"},"content":{"rendered":"<p class=\"p1\"><span class=\"s1\">FipMed GS-441524 Inyecci\u00f3n es un tratamiento eficaz para la peritonitis infecciosa felina (PIF). <\/span><span class=\"s1\">Cada FipMed Inyecci\u00f3n Frasco 20mg\/ml contiene 7ml.<\/span><\/p>\n<p class=\"p1\"><span class=\"s1\"><strong>Concentraci\u00f3n:<span class=\"Apple-converted-space\"> <\/span><\/strong>20mg\/ml<\/span><\/p>\n<p class=\"p1\"><span class=\"s1\"><strong>Volumen:<\/strong><span class=\"Apple-converted-space\"> <\/span>7ml por vial<\/span><\/p>\n<p class=\"p1\"><span class=\"s1\"><strong>Cantidad:<\/strong><span class=\"Apple-converted-space\"><strong> <\/strong> 12x<\/span> viales<\/span><\/p>\n<p>&nbsp;<\/p>\n<p class=\"p1\"><strong><span class=\"s1\">Dosis recomendada:<\/span><\/strong><\/p>\n<p class=\"p1\"><span class=\"s1\">10 mg\/kg de peso corporal del gato<\/span><\/p>\n<p class=\"p2\"><span class=\"s1\"><span class=\"Apple-converted-space\"> <\/span><\/span><\/p>\n<p class=\"p1\"><span class=\"s1\"><strong>M\u00e9todo de tratamiento:<\/strong> <\/span><\/p>\n<p class=\"p1\"><span class=\"s1\">1 inyecci\u00f3n al d\u00eda, 7 d\u00edas a la semana.<\/span><\/p>\n<p class=\"p1\"><span class=\"s1\">Duraci\u00f3n del tratamiento: m\u00ednimo 4 semanas (recomendado), despu\u00e9s pastillas o continuar con la inyecci\u00f3n hasta las 12 semanas.<\/span><\/p>\n","protected":false},"excerpt":{"rendered":"<p class=\"p1\"><span class=\"s1\">FipMed GS-441524 Inyecci\u00f3n es un tratamiento eficaz para la peritonitis infecciosa felina (PIF). <\/span><span class=\"s1\">Cada FipMed Inyecci\u00f3n Frasco 20mg\/ml contiene 7ml.<\/span><\/p>\n<p class=\"p1\"><span class=\"s1\"><strong>Concentraci\u00f3n:<span class=\"Apple-converted-space\"> <\/span><\/strong>20mg\/ml<\/span><\/p>\n<p class=\"p1\"><span class=\"s1\"><strong>Volumen:<\/strong><span class=\"Apple-converted-space\"> <\/span>7ml por vial<\/span><\/p>\n<p class=\"p1\"><span class=\"s1\"><strong>Cantidad:<\/strong><span class=\"Apple-converted-space\"><strong> <\/strong> 12x<\/span> viales<\/span><\/p>\n<p>&nbsp;<\/p>\n<p class=\"p1\"><strong><span class=\"s1\">Dosis recomendada:<\/span><\/strong><\/p>\n<p class=\"p1\"><span class=\"s1\">10 mg\/kg de peso corporal del gato<\/span><\/p>\n<p>&nbsp;<\/p>\n<p class=\"p1\"><span class=\"s1\"><strong>M\u00e9todo de tratamiento:<\/strong> <\/span><\/p>\n<p class=\"p1\"><span class=\"s1\">1 inyecci\u00f3n al d\u00eda, 7 d\u00edas a la semana.<\/span><\/p>\n<p class=\"p1\"><span class=\"s1\">Duraci\u00f3n del tratamiento: m\u00ednimo 4 semanas (recomendado), despu\u00e9s pastillas o continuar con la inyecci\u00f3n hasta las 12 semanas.<\/span><\/p>\n","protected":false},"featured_media":25269,"template":"","meta":{"_glsr_average":4.9,"_glsr_ranking":4.7444444444444,"_glsr_reviews":80},"product_cat":[382],"product_tag":[],"_links":{"self":[{"href":"https:\/\/fipmed.co\/es\/wp-json\/wp\/v2\/product\/12836"}],"collection":[{"href":"https:\/\/fipmed.co\/es\/wp-json\/wp\/v2\/product"}],"about":[{"href":"https:\/\/fipmed.co\/es\/wp-json\/wp\/v2\/types\/product"}],"wp:featuredmedia":[{"embeddable":true,"href":"https:\/\/fipmed.co\/es\/wp-json\/wp\/v2\/media\/25269"}],"wp:attachment":[{"href":"https:\/\/fipmed.co\/es\/wp-json\/wp\/v2\/media?parent=12836"}],"wp:term":[{"taxonomy":"product_cat","embeddable":true,"href":"https:\/\/fipmed.co\/es\/wp-json\/wp\/v2\/product_cat?post=12836"},{"taxonomy":"product_tag","embeddable":true,"href":"https:\/\/fipmed.co\/es\/wp-json\/wp\/v2\/product_tag?post=12836"}],"curies":[{"name":"wp","href":"https:\/\/api.w.org\/{rel}","templated":true}]}}