{"id":19772,"date":"2023-11-27T06:45:29","date_gmt":"2023-11-27T06:45:29","guid":{"rendered":"https:\/\/fipmed.co\/?post_type=product&#038;p=19772"},"modified":"2024-11-22T11:40:34","modified_gmt":"2024-11-22T11:40:34","slug":"el-mapa-completo-para-conquistar-el-fip-desde-el-diagnostico-a-la-recuperacion-ebook","status":"publish","type":"product","link":"https:\/\/fipmed.co\/es\/producto\/el-mapa-completo-para-conquistar-el-fip-desde-el-diagnostico-a-la-recuperacion-ebook\/","title":{"rendered":"La Hoja de Ruta Completa para Vencer la PIF: Del Diagn\u00f3stico a la Recuperaci\u00f3n EBOOK"},"content":{"rendered":"<p><span class=\"s1\">Una gu\u00eda completa de 154 p\u00e1ginas sobre la PIF, desde el diagn\u00f3stico hasta la recuperaci\u00f3n. Todo lo que necesitas saber sobre la PIF est\u00e1 aqu\u00ed. <\/span><\/p>\n<p>&nbsp;<\/p>\n<p><strong>Tabla de contenidos:<\/strong><\/p>\n<p>&nbsp;<\/p>\n<p><strong>\u00bfQU\u00c9 ES LA FIP?<\/strong><\/p>\n<p>\u00bfC\u00f3mo se desarrolla la PIF?<\/p>\n<p>&nbsp;<\/p>\n<p><strong>LOS CORONAVIRUS FELINOS<\/strong><\/p>\n<p>El virus FCov<\/p>\n<p>FECV<\/p>\n<p>FIPV<\/p>\n<p>&nbsp;<\/p>\n<p><strong>\u00bfC\u00d3MO SE TRANSMITEN LOS VIRUS?<\/strong><\/p>\n<p>Contacto directo<\/p>\n<p>Contacto indirecto<\/p>\n<p>V\u00eda fecal-oral<\/p>\n<p>Gotas respiratorias<\/p>\n<p>Infecci\u00f3n de Gata Pre\u00f1ada<\/p>\n<p>&nbsp;<\/p>\n<p><strong>FIP<\/strong> <strong>RIESGO<\/strong> <strong>FACTORES<\/strong><\/p>\n<p>Edad<\/p>\n<p>Raza<\/p>\n<p>Condiciones de vida hacinadas<\/p>\n<p>Gen\u00e9tica<\/p>\n<p>Estr\u00e9s<\/p>\n<p>Estado del sistema inmunitario<\/p>\n<p>&nbsp;<\/p>\n<p><strong>\u00bfCU\u00c1LES SON LAS PRUEBAS DEL FIP FELINO?<\/strong><\/p>\n<p>An\u00e1lisis de anticuerpos An\u00e1lisis de sangre An\u00e1lisis de sangre Lecturas que indican PIF Prueba de efusi\u00f3n de Rivalta Radiograf\u00edas Ecograf\u00eda Biopsia y citolog\u00eda An\u00e1lisis de heces<\/p>\n<p>&nbsp;<\/p>\n<p><strong>13 ENFERMEDADES QUE PUEDEN CONFUNDIRSE CON FIP<\/strong><\/p>\n<p>Toxoplasmosis<\/p>\n<p>FELV<\/p>\n<p>FIV<\/p>\n<p>FPV<\/p>\n<p>Enfermedad inflamatoria intestinal<\/p>\n<p>C\u00e1ncer<\/p>\n<p>Micoplasmosis hemotr\u00f3fica felina<\/p>\n<p>Linfoma<\/p>\n<p>Problemas cardiacos<\/p>\n<p>H\u00edgado inflamado<\/p>\n<p>Peritonitis bacteriana<\/p>\n<p>Pleuritis bacteriana<\/p>\n<p>Criptococosis<\/p>\n<p>&nbsp;<\/p>\n<p><strong>RETOS Y LIMITACIONES DEL DIAGN\u00d3STICO<\/strong><\/p>\n<p>\u00bfY si no puedes diagnosticar?<\/p>\n<p>10 factores y par\u00e1metros a tratar<\/p>\n<p>&nbsp;<\/p>\n<p><strong>COMORBILIDADES COMUNES<\/strong><\/p>\n<p>\u00bfPor qu\u00e9 la PIF suele ir acompa\u00f1ada de otras enfermedades?<\/p>\n<p>Neumon\u00eda ERC<\/p>\n<p>FELV<\/p>\n<p>C\u00e1ncer<\/p>\n<p>Tener enfermedades autoinmunes y PIF<\/p>\n<p>Tener una infecci\u00f3n bacteriana y PIF<\/p>\n<p>FHV<\/p>\n<p>FIV<\/p>\n<p>PIF durante el embarazo<\/p>\n<p>&nbsp;<\/p>\n<p><strong>TIPOS DE FIP<\/strong><\/p>\n<p>PIF efusiva o h\u00fameda PIF no efusiva o seca<\/p>\n<p>PIF ocular<br \/>\nPIF neurol\u00f3gico<\/p>\n<p>&nbsp;<\/p>\n<p><strong>FASES DE LA IPF<\/strong><\/p>\n<p>Exposici\u00f3n inicial e incubaci\u00f3n Viremia primaria Viremia secundaria FIP cl\u00ednica Da\u00f1o org\u00e1nico<\/p>\n<p>&nbsp;<\/p>\n<p><strong>S\u00cdNTOMAS SEG\u00daN LOS ESTADIOS DE LA FIP<\/strong><\/p>\n<p>Primeros signos de PIF<\/p>\n<p>S\u00edntomas de la PIF avanzada<\/p>\n<p>&nbsp;<\/p>\n<p><strong>S\u00cdNTOMAS SEG\u00daN LOS TIPOS DE FIP<\/strong><\/p>\n<p>Signos cl\u00ednicos de PIF seca no efusiva Signos cl\u00ednicos de PIF h\u00fameda efusiva Signos cl\u00ednicos de PIF ocular Signos cl\u00ednicos de PIF neurol\u00f3gica<\/p>\n<p>&nbsp;<\/p>\n<p><strong>10 COSAS IMPORTANTES QUE DEBES HACER SI DIAGNOSTICAN FIP A TU GATO<\/strong><\/p>\n<p>Prep\u00e1rate y equ\u00edpate con estos elementos Busca asesoramiento veterinario experto Inicia el tratamiento con GS441524 Controla los s\u00edntomas y alivia el dolor Hidrataci\u00f3n y gesti\u00f3n de l\u00edquidos Apoyo nutricional: dieta y suplementos Crea un entorno c\u00f3modo y limpio Aplica medidas higi\u00e9nicas estrictas Aplica protocolos de aislamiento en hogares con varios gatos Vigila el estado de tu gato Limita la exposici\u00f3n a otros gatos<\/p>\n<p>&nbsp;<\/p>\n<p><strong>PROTOCOLO DE TRATAMIENTO FIPMED<\/strong><\/p>\n<p>C\u00f3mo determinar la dosis de tus gatos Consideraci\u00f3n de ajustes Duraci\u00f3n del tratamiento Diferencia entre inyecciones y comprimidos GS-441524 Inyecciones para la PIF Comprimidos para la PIF Oral GS-441524 Tratamiento combinado<\/p>\n<p>&nbsp;<\/p>\n<p><strong>C\u00d3MO ADMINISTRAR GS441524<\/strong><\/p>\n<p>Inyecciones subcut\u00e1neas GS441524 Almacenamiento adecuado de los viales de inyecci\u00f3n Jeringas y agujas Tabla de calibres de agujas Preparaci\u00f3n de la jeringa Gu\u00eda paso a paso sobre la administraci\u00f3n de inyecciones Llagas por inyecci\u00f3n C\u00f3mo administrar comprimidos o p\u00edldoras<\/p>\n<p>&nbsp;<\/p>\n<p><strong>SEGUIMIENTO DEL PROGRESO DEL TRATAMIENTO<\/strong><\/p>\n<p>Tratamiento de la PIF y periodo de observaci\u00f3n \u00bfQu\u00e9 debes vigilar? \u00bfQu\u00e9 pasa si tu gato no mejora? Posibles causas<\/p>\n<p>&nbsp;<\/p>\n<p><strong>QU\u00c9 EVITAR DURANTE EL TRATAMIENTO<\/strong><\/p>\n<p>Inmunosupresores Antibi\u00f3ticos F\u00e1rmacos que pueden afectar al SNC Analg\u00e9sicos Lisina<\/p>\n<p>&nbsp;<\/p>\n<p><strong>COSAS \u00daTILES DURANTE EL TRATAMIENTO<\/strong><\/p>\n<p>Manejo del derrame<\/p>\n<p>Cuidados de apoyo para que el gato est\u00e9 m\u00e1s c\u00f3modo<\/p>\n<p>Abordar las infecciones secundarias<\/p>\n<p>&nbsp;<\/p>\n<p><strong>OTROS MEDICAMENTOS O PROCEDIMIENTOS DURANTE EL TRATAMIENTO FIP<\/strong><\/p>\n<p>Desparasitantes Tratamientos contra pulgas o garrapatas Esterilizaci\u00f3n y castraci\u00f3n Vacunas Reducci\u00f3n de la fiebre<\/p>\n<p>&nbsp;<\/p>\n<p><strong>RELAPSO FIP<\/strong><\/p>\n<p>\u00bfPor qu\u00e9 se produce una reca\u00edda PIF? \u00bfC\u00f3mo prevenir una reca\u00edda? \u00bfC\u00f3mo tratar una reca\u00edda si se produce?<\/p>\n","protected":false},"excerpt":{"rendered":"<p class=\"p1\"><span class=\"s1\">Una gu\u00eda completa de 154 p\u00e1ginas sobre la PIF, desde el diagn\u00f3stico hasta la recuperaci\u00f3n. Todo lo que necesitas saber sobre la PIF est\u00e1 aqu\u00ed. <\/span><\/p>\n","protected":false},"featured_media":19786,"template":"","meta":{"_glsr_average":0,"_glsr_ranking":0,"_glsr_reviews":0},"product_cat":[1133],"product_tag":[1135,1134],"_links":{"self":[{"href":"https:\/\/fipmed.co\/es\/wp-json\/wp\/v2\/product\/19772"}],"collection":[{"href":"https:\/\/fipmed.co\/es\/wp-json\/wp\/v2\/product"}],"about":[{"href":"https:\/\/fipmed.co\/es\/wp-json\/wp\/v2\/types\/product"}],"wp:featuredmedia":[{"embeddable":true,"href":"https:\/\/fipmed.co\/es\/wp-json\/wp\/v2\/media\/19786"}],"wp:attachment":[{"href":"https:\/\/fipmed.co\/es\/wp-json\/wp\/v2\/media?parent=19772"}],"wp:term":[{"taxonomy":"product_cat","embeddable":true,"href":"https:\/\/fipmed.co\/es\/wp-json\/wp\/v2\/product_cat?post=19772"},{"taxonomy":"product_tag","embeddable":true,"href":"https:\/\/fipmed.co\/es\/wp-json\/wp\/v2\/product_tag?post=19772"}],"curies":[{"name":"wp","href":"https:\/\/api.w.org\/{rel}","templated":true}]}}