{"id":20669,"date":"2024-06-05T06:24:17","date_gmt":"2024-06-05T06:24:17","guid":{"rendered":"https:\/\/fipmed.co\/product\/3x-tiras-fipmed-tabletas-x-10-dias-para-5kg-gatos\/"},"modified":"2024-06-05T06:24:17","modified_gmt":"2024-06-05T06:24:17","slug":"3x-tiras-fipmed-tabletas-x-10-dias-para-5kg-gatos","status":"publish","type":"product","link":"https:\/\/fipmed.co\/es\/producto\/3x-tiras-fipmed-tabletas-x-10-dias-para-5kg-gatos\/","title":{"rendered":"3x Tiras FipMed Comprimidos x 10 d\u00edas (para gatos de 5 kg)"},"content":{"rendered":"<p class=\"p1\"><span class=\"s1\">FipMed GS-441524 comprimidos es un tratamiento eficaz de la peritonitis infecciosa felina (PIF).<\/span><\/p>\n<p class=\"p1\"><span class=\"s1\">Cada comprimido de FipMed para gato de 5 kg contiene 75 mg de GS-441524. Est\u00e1 formulado para gatos que no pesen m\u00e1s de 5 kg.<\/span><\/p>\n<p class=\"p1\"><span class=\"s1\">GS-441524 es metab\u00f3licamente estable. Sin embargo, la cantidad absorbida no se metabolizar\u00e1 completamente tras la digesti\u00f3n. La cantidad metabolizada estimada es suficiente tanto para la PIF h\u00fameda como para la seca. Por favor, duplica la dosis para la PIF Ocular y la PIF Neurol\u00f3gica. Toma dos comprimidos en lugar de uno.<\/span><\/p>\n<p>&nbsp;<\/p>\n<p class=\"p1\"><span class=\"s1\">Los comprimidos y la posolog\u00eda de FIPMed est\u00e1n formulados seg\u00fan las recomendaciones del Dr. Niels Pedersen. <\/span><\/p>\n<p>&nbsp;<\/p>\n<p><strong>Dosificaci\u00f3n FIP h\u00famedo \/ seco para comprimidos:<\/strong><\/p>\n<p>Contenido real del comprimido GS441524 15mg\/kg<\/p>\n<p>Tras un 60% de p\u00e9rdida por digesti\u00f3n y metabolizaci\u00f3n*: 6mg\/kg<\/p>\n<p><strong>FIP Ocular \/ Neurol\u00f3gico Dosis para comprimidos:<\/strong><\/p>\n<p>Contenido real del comprimido GS441524 30mg\/kg<\/p>\n<p>Tras un 60% de p\u00e9rdida por digesti\u00f3n y metabolizaci\u00f3n*: 12mg\/kg<\/p>\n<p>&nbsp;<\/p>\n<p>* Tambi\u00e9n se observ\u00f3 que la administraci\u00f3n oral proporcionaba niveles sangu\u00edneos, pero con cierto retraso y s\u00f3lo en torno al 40% de los niveles m\u00e1ximos de las v\u00edas subcut\u00e1nea e intravenosa. GS-441424 se absorbe en el intestino con una eficacia aproximada del 50% como administraci\u00f3n subcut\u00e1nea o intravenosa. Dadas las limitaciones de absorci\u00f3n de la GS-441524 oral, cabr\u00eda esperar que la dosis oral fuera aproximadamente el doble que la de las inyecciones. (Niels Pedersen NC, 2018).<\/p>\n<p><a href=\"https:\/\/www.vetmed.ucdavis.edu\/sites\/g\/files\/dgvnsk4586\/files\/inline-files\/Use%20of%20oral%20GS-441524%20for%20FIP%20treatmemt_0.pdf\" rel=\"nofollow noopener\" target=\"_blank\">https:\/\/www.vetmed.ucdavis.edu\/sites\/g\/files\/dgvnsk4586\/files\/inline-files\/Use%20of%20oral%20GS-441524%20for%20FIP%20treatmemt_0.pdf<\/a><\/p>\n<p>&nbsp;<\/p>\n<p class=\"p1\"><span class=\"s1\">Cada tira contiene 10 comprimidos orales (10 d\u00edas de tratamiento)<\/span><\/p>\n","protected":false},"excerpt":{"rendered":"<p class=\"p1\"><span class=\"s1\">FipMed GS-441524 comprimidos es un tratamiento eficaz de la peritonitis infecciosa felina (PIF).<\/span><\/p>\n<p class=\"p1\"><span class=\"s1\">Cada comprimido de FipMed para gato de 5 kg contiene 75 mg de GS-441524. Est\u00e1 formulado para gatos que no pesen m\u00e1s de 5 kg.<\/span><\/p>\n<p class=\"p1\"><span class=\"s1\">GS-441524 es metab\u00f3licamente estable. Sin embargo, la cantidad absorbida no se metabolizar\u00e1 completamente tras la digesti\u00f3n. La cantidad metabolizada estimada es suficiente tanto para la PIF h\u00fameda como para la seca. Por favor, duplica la dosis para la PIF Ocular y la PIF Neurol\u00f3gica. Toma dos comprimidos en lugar de uno.<\/span><\/p>\n","protected":false},"featured_media":25177,"template":"","meta":{"_glsr_average":0,"_glsr_ranking":0,"_glsr_reviews":0},"product_cat":[392],"product_tag":[],"_links":{"self":[{"href":"https:\/\/fipmed.co\/es\/wp-json\/wp\/v2\/product\/20669"}],"collection":[{"href":"https:\/\/fipmed.co\/es\/wp-json\/wp\/v2\/product"}],"about":[{"href":"https:\/\/fipmed.co\/es\/wp-json\/wp\/v2\/types\/product"}],"wp:featuredmedia":[{"embeddable":true,"href":"https:\/\/fipmed.co\/es\/wp-json\/wp\/v2\/media\/25177"}],"wp:attachment":[{"href":"https:\/\/fipmed.co\/es\/wp-json\/wp\/v2\/media?parent=20669"}],"wp:term":[{"taxonomy":"product_cat","embeddable":true,"href":"https:\/\/fipmed.co\/es\/wp-json\/wp\/v2\/product_cat?post=20669"},{"taxonomy":"product_tag","embeddable":true,"href":"https:\/\/fipmed.co\/es\/wp-json\/wp\/v2\/product_tag?post=20669"}],"curies":[{"name":"wp","href":"https:\/\/api.w.org\/{rel}","templated":true}]}}