{"id":27497,"date":"2024-12-19T13:16:01","date_gmt":"2024-12-19T13:16:01","guid":{"rendered":"https:\/\/fipmed.co\/product\/1x-bottle-fipmed-eidd2801-30x-capsules-for-4kg-cats\/"},"modified":"2025-05-15T12:35:00","modified_gmt":"2025-05-15T12:35:00","slug":"1x-bottle-fipmed-eidd2801-30x-capsules-for-4kg-cats","status":"publish","type":"product","link":"https:\/\/fipmed.co\/es\/producto\/1x-bottle-fipmed-eidd2801-30x-capsules-for-4kg-cats\/","title":{"rendered":"FIPMed EIDD2801 30x C\u00e1psulas (4kg gatos) Alta toxicidad. S\u00f3lo para gatos resistentes al GS441525."},"content":{"rendered":"<p>Ofrecemos c\u00e1psulas FIPMed EIDD2801 para los gatos que han desarrollado resistencia al GS441524 y ya no les funciona. En ese caso, el EIDD2801 puede ser un \u00faltimo recurso. El molnupiravir (EIDD-2801) presenta una toxicidad elevada, por lo que no es adecuado para el uso a largo plazo que requiere el tratamiento de la PIF. Su uso prolongado puede provocar mutaciones del ARN, aumentando el riesgo de c\u00e1ncer. <\/p>\n<p>El molnupiravir s\u00f3lo es apropiado para tratamientos a corto plazo como el COVID-19, en el que un ciclo de 5 d\u00edas no es lo suficientemente largo como para causar efectos mutag\u00e9nicos perjudiciales.<\/p>\n<p><strong>Los gatos con PIF tratados con molnupiravir o EIDD2801 pueden tener m\u00e1s probabilidades de padecer c\u00e1ncer en un plazo de 3 a\u00f1os. No se recomienda tratar la PIF con EIDD2801, sobre todo en gatos j\u00f3venes. <\/strong><\/p>\n<p>S\u00f3lo es una alternativa si tu gato ya no responde al GS441524.<\/p>\n<p>\u00bfPor qu\u00e9 el tratamiento de la PIF debe durar 84 d\u00edas? El virus de la PIF permanece en el organismo del gato hasta 90 d\u00edas. Los antivirales como GS-441524, Molnupiravir y GC376 inhiben la replicaci\u00f3n del virus en lugar de matarlo directamente, por lo que hay que esperar a que el virus muera de forma natural. Actualmente no hay ning\u00fan f\u00e1rmaco en el mercado que mate el virus con \u00e9xito para acortar el tiempo de tratamiento.   <\/p>\n<p><strong>\u00bfC\u00f3mo detectar el EIDD2801 vendido como GS441524?<\/strong><\/p>\n<p><span style=\"font-size: 12pt;\">&#8211; Si el precio es mucho m\u00e1s bajo en comparaci\u00f3n con las normas del sector para GS441524<\/span><\/p>\n<p><span style=\"font-size: 12pt;\">&#8211; Si se vende en forma de c\u00e1psula. Ning\u00fan fabricante produce GS-441524 en forma de c\u00e1psula. Pero todo el tratamiento con EIDD2801 se fabrica en forma de c\u00e1psula.  <\/span><\/p>\n<p><span style=\"font-size: 12pt;\">&#8211; Si la dosis o la duraci\u00f3n del tratamiento difieren de la recomendaci\u00f3n del Dr. Niels Pedersen<\/span><\/p>\n","protected":false},"excerpt":{"rendered":"<p>Ofrecemos c\u00e1psulas FIPMed EIDD2801 para los gatos que han desarrollado resistencia al GS441524 y ya no les funciona. En ese caso, el EIDD2801 puede ser un \u00faltimo recurso. El molnupiravir (EIDD-2801) presenta una toxicidad elevada, por lo que no es adecuado para el uso a largo plazo que requiere el tratamiento de la PIF. Su uso prolongado puede provocar mutaciones del ARN, aumentando el riesgo de c\u00e1ncer. <\/p>\n<p>El molnupiravir s\u00f3lo es apropiado para tratamientos a corto plazo como el COVID-19, en el que un ciclo de 5 d\u00edas no es lo suficientemente largo como para causar efectos mutag\u00e9nicos perjudiciales.<\/p>\n<p>Los gatos con PIF tratados con molnupiravir o EIDD2801 pueden tener m\u00e1s probabilidades de padecer c\u00e1ncer en un plazo de 3 a\u00f1os. No se recomienda tratar la PIF con EIDD2801, sobre todo en gatos j\u00f3venes. <\/p>\n<p>S\u00f3lo es una alternativa si tu gato ya no responde al GS441524.<\/p>\n<p>\u00bfPor qu\u00e9 el tratamiento de la PIF debe durar 84 d\u00edas? El virus de la PIF permanece en el organismo del gato hasta 90 d\u00edas. Los antivirales como GS-441524, Molnupiravir y GC376 inhiben la replicaci\u00f3n del virus en lugar de matarlo directamente, por lo que hay que esperar a que el virus muera de forma natural. Actualmente no hay ning\u00fan f\u00e1rmaco en el mercado que mate el virus con \u00e9xito para acortar el tiempo de tratamiento. &#8211; Modo de empleo: 1 c\u00e1psula al d\u00eda &#8211; Cada c\u00e1psula contiene 60 mg de Molnupiravir (EIDD2801) para gatos de 3 kg &#8211; Cada frasco contiene 30 c\u00e1psulas   <\/p>\n","protected":false},"featured_media":26991,"template":"","meta":{"_glsr_average":0,"_glsr_ranking":0,"_glsr_reviews":0},"product_cat":[1143],"product_tag":[],"_links":{"self":[{"href":"https:\/\/fipmed.co\/es\/wp-json\/wp\/v2\/product\/27497"}],"collection":[{"href":"https:\/\/fipmed.co\/es\/wp-json\/wp\/v2\/product"}],"about":[{"href":"https:\/\/fipmed.co\/es\/wp-json\/wp\/v2\/types\/product"}],"wp:featuredmedia":[{"embeddable":true,"href":"https:\/\/fipmed.co\/es\/wp-json\/wp\/v2\/media\/26991"}],"wp:attachment":[{"href":"https:\/\/fipmed.co\/es\/wp-json\/wp\/v2\/media?parent=27497"}],"wp:term":[{"taxonomy":"product_cat","embeddable":true,"href":"https:\/\/fipmed.co\/es\/wp-json\/wp\/v2\/product_cat?post=27497"},{"taxonomy":"product_tag","embeddable":true,"href":"https:\/\/fipmed.co\/es\/wp-json\/wp\/v2\/product_tag?post=27497"}],"curies":[{"name":"wp","href":"https:\/\/api.w.org\/{rel}","templated":true}]}}